{"id":45220,"date":"2024-10-08T13:24:48","date_gmt":"2024-10-08T10:24:48","guid":{"rendered":"https:\/\/fitnsweet.eu\/?page_id=45220"},"modified":"2026-02-02T16:01:05","modified_gmt":"2026-02-02T14:01:05","slug":"service-provision-conditions-3","status":"publish","type":"page","link":"https:\/\/fitnsweet.eu\/en\/service-provision-conditions-3\/","title":{"rendered":"Pristatymas"},"content":{"rendered":"<div data-elementor-type=\"wp-page\" data-elementor-id=\"45220\" class=\"elementor elementor-45220\" data-elementor-post-type=\"page\">\n\t\t\t\t\t\t<section class=\"elementor-section elementor-top-section elementor-element elementor-element-92ddd61 elementor-section-boxed elementor-section-height-default elementor-section-height-default\" data-id=\"92ddd61\" data-element_type=\"section\" data-e-type=\"section\">\n\t\t\t\t\t\t<div class=\"elementor-container elementor-column-gap-default\">\n\t\t\t\t\t<div class=\"elementor-column elementor-col-100 elementor-top-column elementor-element elementor-element-17772394\" data-id=\"17772394\" data-element_type=\"column\" data-e-type=\"column\">\n\t\t\t<div class=\"elementor-widget-wrap elementor-element-populated\">\n\t\t\t\t\t\t<div class=\"elementor-element elementor-element-678f476e elementor-widget elementor-widget-text-editor\" data-id=\"678f476e\" data-element_type=\"widget\" data-e-type=\"widget\" data-widget_type=\"text-editor.default\">\n\t\t\t\t<div class=\"elementor-widget-container\">\n\t\t\t\t\t\t\t\t\t<h3>Preki\u0173 pristatymas<\/h3><p><span style=\"color: #000000;\"><strong>Koks pristatymo laikas?<\/strong> U\u017esakymas pradedamas vykdyti sekan\u010di\u0105 dien\u0105 po apmok\u0117jimo gavimo. U\u017esakymai Lietuvoje pristatomi per 3- 5 darbo dienas. U\u017esakymai \u012f u\u017esienio \u0161alis siun\u010diami Lietuvos pa\u0161tu ir gali b\u016bti pristatomi per 10 &#8211; 20 darbo dien\u0173 nuo i\u0161siuntimo.\u00a0<\/span><\/p><p><span style=\"color: #000000;\"><strong>Kaip galiu sekti savo siunt\u0105? <\/strong>Kai u\u017esakymai siun\u010diami per Venipak, Omniva ar Lp Express kurjeri\u0173 \u012fmones, ve\u017e\u0117jas Jums atsi\u0173s sms prane\u0161im\u0105 api siuntos informacij\u0105, galim\u0105 pristatymo laik\u0105 ir siuntos kod\u0105. Siun\u010diant prekes kitais b\u016bdais po u\u017esakymo i\u0161siuntimo gausite el. Lai\u0161k\u0105 su savo siuntos kodu.<\/span><\/p><p><span style=\"color: #000000;\">1. Prek\u0117s pristatomos per kurjer\u012f, \u012f Omniva pa\u0161tomat\u0105, \u012f Lp Express pa\u0161tomatus, \u012f Venipak atsi\u0117mimo ta\u0161kus ir pa\u0161tomatus. \u012e u\u017esien\u012f u\u017esakymai siun\u010diami Lietuvos pa\u0161tu.<\/span><\/p><p><span style=\"color: #000000;\">1.1. Prekes pristatysime J\u016bs\u0173 nurodytu adresu kurjeriu arba pa\u0161tu visoje Lietuvoje, arba \u012f J\u016bs\u0173 pasirinkt\u0105 pa\u0161tomat\u0105. Jei pasirinkote pristatym\u0105 J\u016bs\u0173 reikiamu adresu, \u012f namus, prie\u0161 pristatydamas prekes, kurjeris su Jumis susisieks ir patikslins Jums patog\u0173 preki\u0173\/u\u017esakymo pristatymo laik\u0105.\u00a0<\/span><\/p><p><span style=\"color: #000000;\">1.2. Pristatymo mokestis prek\u0117ms: Venipak kurjeriu (i\u0161skyrus Kur\u0161i\u0173 Nerij\u0105) &#8211; 3.99 \u20ac; \u012f Venipak pa\u0161tomatus &#8211; 2.49\u00a0<\/span><span style=\"color: #000000; font-family: var( --e-global-typography-text-font-family ), Sans-serif; font-weight: var( --e-global-typography-text-font-weight ); background-color: var(--ast-global-color-5); font-size: 1rem;\">\u20ac<\/span><span style=\"font-style: inherit; font-weight: inherit; font-family: var( --e-global-typography-text-font-family ), Sans-serif; background-color: var(--ast-global-color-5); color: #000000;\">\u00a0\u00a0\u012f Omniva pa\u0161tomat\u0105 &#8211; 4.00<\/span><span style=\"font-style: inherit; font-weight: inherit; font-family: var( --e-global-typography-text-font-family ), Sans-serif; background-color: var(--ast-global-color-5); color: #000000;\"> \u20ac; \u012f Lp Express pa\u0161tomatus &#8211; 2.49 \u20ac. DPD kurjeriu &#8211; 4.89 <\/span><span style=\"color: #000000; font-family: var( --e-global-typography-text-font-family ), Sans-serif; font-weight: var( --e-global-typography-text-font-weight ); background-color: var(--ast-global-color-5); font-size: 1rem;\">\u20ac<\/span><span style=\"background-color: var(--ast-global-color-5); color: #000000; font-family: var( --e-global-typography-text-font-family ), Sans-serif; font-style: inherit; font-weight: inherit;\">. Pristatymo kaina \u012f kitas Baltijos \u0161alis (Latvija, Estija) derinama atskirai (nuo 5 \u20ac ). Preki\u0173 pristatymas \u012f Did\u017ei\u0105j\u0105 Britanij\u0105 ir kitur fiksuotu tarifu &#8211; 18.00 \u20ac. Norint gauti prekes \u012f kitas u\u017esienio \u0161alis (ne ES), pristatymo mokestis apskai\u010diuojamas pagal Lietuvos pa\u0161to tarifus, pagal esam\u0105 siuntinio svor\u012f.<\/span><\/p><p><span style=\"color: #000000;\">1.3. U\u017esakymas pradedamas vykdyti sekan\u010di\u0105 dien\u0105 po apmok\u0117jimo gavimo. Pristatymas per 3 &#8211; 5 darbo dienas. Savaitgaliais, nedarbo dienomis prek\u0117s n\u0117ra pristatomos. \u0160e\u0161tadieniais siuntos \u012f pa\u0161tomatus sudedamos tik did\u017eiuosiuose miestuose. I\u0161skirtinais atvejais u\u017esakymai pristatomi per 14 &#8211; 19 darbo dien\u0173, apie tai i\u0161 anksto informavus pirk\u0117j\u0105.<\/span><\/p>\t\t\t\t\t\t\t\t<\/div>\n\t\t\t\t<\/div>\n\t\t\t\t\t<\/div>\n\t\t<\/div>\n\t\t\t\t\t<\/div>\n\t\t<\/section>\n\t\t\t\t<\/div>","protected":false},"excerpt":{"rendered":"<p>Preki\u0173 pristatymas Koks pristatymo laikas? U\u017esakymas pradedamas vykdyti sekan\u010di\u0105 dien\u0105 po apmok\u0117jimo gavimo. U\u017esakymai Lietuvoje pristatomi per 3- 5 darbo dienas. U\u017esakymai \u012f u\u017esienio \u0161alis siun\u010diami Lietuvos pa\u0161tu ir gali b\u016bti pristatomi per 10 &#8211; 20 darbo dien\u0173 nuo i\u0161siuntimo.\u00a0 Kaip galiu sekti savo siunt\u0105? Kai u\u017esakymai siun\u010diami per Venipak, Omniva ar Lp Express kurjeri\u0173 [&hellip;]<\/p>","protected":false},"author":2961,"featured_media":0,"parent":0,"menu_order":0,"comment_status":"closed","ping_status":"closed","template":"elementor_header_footer","meta":{"site-sidebar-layout":"default","site-content-layout":"","ast-site-content-layout":"default","site-content-style":"default","site-sidebar-style":"default","ast-global-header-display":"","ast-banner-title-visibility":"","ast-main-header-display":"","ast-hfb-above-header-display":"","ast-hfb-below-header-display":"","ast-hfb-mobile-header-display":"","site-post-title":"","ast-breadcrumbs-content":"","ast-featured-img":"","footer-sml-layout":"","ast-disable-related-posts":"","theme-transparent-header-meta":"","adv-header-id-meta":"","stick-header-meta":"","header-above-stick-meta":"","header-main-stick-meta":"","header-below-stick-meta":"","astra-migrate-meta-layouts":"set","ast-page-background-enabled":"default","ast-page-background-meta":{"desktop":{"background-color":"var(--ast-global-color-4)","background-image":"","background-repeat":"repeat","background-position":"center center","background-size":"auto","background-attachment":"scroll","background-type":"","background-media":"","overlay-type":"","overlay-color":"","overlay-opacity":"","overlay-gradient":""},"tablet":{"background-color":"","background-image":"","background-repeat":"repeat","background-position":"center center","background-size":"auto","background-attachment":"scroll","background-type":"","background-media":"","overlay-type":"","overlay-color":"","overlay-opacity":"","overlay-gradient":""},"mobile":{"background-color":"","background-image":"","background-repeat":"repeat","background-position":"center center","background-size":"auto","background-attachment":"scroll","background-type":"","background-media":"","overlay-type":"","overlay-color":"","overlay-opacity":"","overlay-gradient":""}},"ast-content-background-meta":{"desktop":{"background-color":"var(--ast-global-color-5)","background-image":"","background-repeat":"repeat","background-position":"center center","background-size":"auto","background-attachment":"scroll","background-type":"","background-media":"","overlay-type":"","overlay-color":"","overlay-opacity":"","overlay-gradient":""},"tablet":{"background-color":"var(--ast-global-color-5)","background-image":"","background-repeat":"repeat","background-position":"center center","background-size":"auto","background-attachment":"scroll","background-type":"","background-media":"","overlay-type":"","overlay-color":"","overlay-opacity":"","overlay-gradient":""},"mobile":{"background-color":"var(--ast-global-color-5)","background-image":"","background-repeat":"repeat","background-position":"center center","background-size":"auto","background-attachment":"scroll","background-type":"","background-media":"","overlay-type":"","overlay-color":"","overlay-opacity":"","overlay-gradient":""}},"footnotes":""},"class_list":["post-45220","page","type-page","status-publish","hentry"],"yoast_head":"<!-- This site is optimized with the Yoast SEO plugin v26.9 - https:\/\/yoast.com\/product\/yoast-seo-wordpress\/ -->\n<title>Pristatymas - Fitnsweet.eu<\/title>\n<meta name=\"robots\" content=\"index, follow, max-snippet:-1, max-image-preview:large, max-video-preview:-1\" \/>\n<link rel=\"canonical\" href=\"https:\/\/fitnsweet.eu\/en\/service-provision-conditions-3\/\" \/>\n<meta property=\"og:locale\" content=\"en_US\" \/>\n<meta property=\"og:type\" content=\"article\" \/>\n<meta property=\"og:title\" content=\"Pristatymas - Fitnsweet.eu\" \/>\n<meta property=\"og:description\" content=\"Preki\u0173 pristatymas Koks pristatymo laikas? U\u017esakymas pradedamas vykdyti sekan\u010di\u0105 dien\u0105 po apmok\u0117jimo gavimo. U\u017esakymai Lietuvoje pristatomi per 3- 5 darbo dienas. U\u017esakymai \u012f u\u017esienio \u0161alis siun\u010diami Lietuvos pa\u0161tu ir gali b\u016bti pristatomi per 10 &#8211; 20 darbo dien\u0173 nuo i\u0161siuntimo.\u00a0 Kaip galiu sekti savo siunt\u0105? Kai u\u017esakymai siun\u010diami per Venipak, Omniva ar Lp Express kurjeri\u0173 [&hellip;]\" \/>\n<meta property=\"og:url\" content=\"https:\/\/fitnsweet.eu\/en\/service-provision-conditions-3\/\" \/>\n<meta property=\"og:site_name\" content=\"Fitnsweet.eu\" \/>\n<meta property=\"article:modified_time\" content=\"2026-02-02T14:01:05+00:00\" \/>\n<meta name=\"twitter:card\" content=\"summary_large_image\" \/>\n<meta name=\"twitter:label1\" content=\"Est. reading time\" \/>\n\t<meta name=\"twitter:data1\" content=\"2 minutes\" \/>\n<script type=\"application\/ld+json\" class=\"yoast-schema-graph\">{\"@context\":\"https:\/\/schema.org\",\"@graph\":[{\"@type\":\"WebPage\",\"@id\":\"https:\/\/fitnsweet.eu\/pristatymas\/\",\"url\":\"https:\/\/fitnsweet.eu\/pristatymas\/\",\"name\":\"Pristatymas - Fitnsweet.eu\",\"isPartOf\":{\"@id\":\"https:\/\/fitnsweet.eu\/#website\"},\"datePublished\":\"2024-10-08T10:24:48+00:00\",\"dateModified\":\"2026-02-02T14:01:05+00:00\",\"breadcrumb\":{\"@id\":\"https:\/\/fitnsweet.eu\/pristatymas\/#breadcrumb\"},\"inLanguage\":\"en-US\",\"potentialAction\":[{\"@type\":\"ReadAction\",\"target\":[\"https:\/\/fitnsweet.eu\/pristatymas\/\"]}]},{\"@type\":\"BreadcrumbList\",\"@id\":\"https:\/\/fitnsweet.eu\/pristatymas\/#breadcrumb\",\"itemListElement\":[{\"@type\":\"ListItem\",\"position\":1,\"name\":\"Home\",\"item\":\"https:\/\/fitnsweet.eu\/\"},{\"@type\":\"ListItem\",\"position\":2,\"name\":\"Pristatymas\"}]},{\"@type\":\"WebSite\",\"@id\":\"https:\/\/fitnsweet.eu\/#website\",\"url\":\"https:\/\/fitnsweet.eu\/\",\"name\":\"Fitnsweet.eu\",\"description\":\"Sveika. Saldu. Naudinga.\",\"potentialAction\":[{\"@type\":\"SearchAction\",\"target\":{\"@type\":\"EntryPoint\",\"urlTemplate\":\"https:\/\/fitnsweet.eu\/?s={search_term_string}\"},\"query-input\":{\"@type\":\"PropertyValueSpecification\",\"valueRequired\":true,\"valueName\":\"search_term_string\"}}],\"inLanguage\":\"en-US\"}]}<\/script>\n<!-- \/ Yoast SEO plugin. -->","yoast_head_json":{"title":"Pristatymas - Fitnsweet.eu","robots":{"index":"index","follow":"follow","max-snippet":"max-snippet:-1","max-image-preview":"max-image-preview:large","max-video-preview":"max-video-preview:-1"},"canonical":"https:\/\/fitnsweet.eu\/en\/service-provision-conditions-3\/","og_locale":"en_US","og_type":"article","og_title":"Pristatymas - Fitnsweet.eu","og_description":"Preki\u0173 pristatymas Koks pristatymo laikas? U\u017esakymas pradedamas vykdyti sekan\u010di\u0105 dien\u0105 po apmok\u0117jimo gavimo. U\u017esakymai Lietuvoje pristatomi per 3- 5 darbo dienas. U\u017esakymai \u012f u\u017esienio \u0161alis siun\u010diami Lietuvos pa\u0161tu ir gali b\u016bti pristatomi per 10 &#8211; 20 darbo dien\u0173 nuo i\u0161siuntimo.\u00a0 Kaip galiu sekti savo siunt\u0105? Kai u\u017esakymai siun\u010diami per Venipak, Omniva ar Lp Express kurjeri\u0173 [&hellip;]","og_url":"https:\/\/fitnsweet.eu\/en\/service-provision-conditions-3\/","og_site_name":"Fitnsweet.eu","article_modified_time":"2026-02-02T14:01:05+00:00","twitter_card":"summary_large_image","twitter_misc":{"Est. reading time":"2 minutes"},"schema":{"@context":"https:\/\/schema.org","@graph":[{"@type":"WebPage","@id":"https:\/\/fitnsweet.eu\/pristatymas\/","url":"https:\/\/fitnsweet.eu\/pristatymas\/","name":"Pristatymas - Fitnsweet.eu","isPartOf":{"@id":"https:\/\/fitnsweet.eu\/#website"},"datePublished":"2024-10-08T10:24:48+00:00","dateModified":"2026-02-02T14:01:05+00:00","breadcrumb":{"@id":"https:\/\/fitnsweet.eu\/pristatymas\/#breadcrumb"},"inLanguage":"en-US","potentialAction":[{"@type":"ReadAction","target":["https:\/\/fitnsweet.eu\/pristatymas\/"]}]},{"@type":"BreadcrumbList","@id":"https:\/\/fitnsweet.eu\/pristatymas\/#breadcrumb","itemListElement":[{"@type":"ListItem","position":1,"name":"Home","item":"https:\/\/fitnsweet.eu\/"},{"@type":"ListItem","position":2,"name":"Pristatymas"}]},{"@type":"WebSite","@id":"https:\/\/fitnsweet.eu\/#website","url":"https:\/\/fitnsweet.eu\/","name":"Fitnsweet.eu","description":"Hello. Sweet. Useful.","potentialAction":[{"@type":"SearchAction","target":{"@type":"EntryPoint","urlTemplate":"https:\/\/fitnsweet.eu\/?s={search_term_string}"},"query-input":{"@type":"PropertyValueSpecification","valueRequired":true,"valueName":"search_term_string"}}],"inLanguage":"en-US"}]}},"_links":{"self":[{"href":"https:\/\/fitnsweet.eu\/en\/wp-json\/wp\/v2\/pages\/45220","targetHints":{"allow":["GET"]}}],"collection":[{"href":"https:\/\/fitnsweet.eu\/en\/wp-json\/wp\/v2\/pages"}],"about":[{"href":"https:\/\/fitnsweet.eu\/en\/wp-json\/wp\/v2\/types\/page"}],"author":[{"embeddable":true,"href":"https:\/\/fitnsweet.eu\/en\/wp-json\/wp\/v2\/users\/2961"}],"replies":[{"embeddable":true,"href":"https:\/\/fitnsweet.eu\/en\/wp-json\/wp\/v2\/comments?post=45220"}],"version-history":[{"count":16,"href":"https:\/\/fitnsweet.eu\/en\/wp-json\/wp\/v2\/pages\/45220\/revisions"}],"predecessor-version":[{"id":58870,"href":"https:\/\/fitnsweet.eu\/en\/wp-json\/wp\/v2\/pages\/45220\/revisions\/58870"}],"wp:attachment":[{"href":"https:\/\/fitnsweet.eu\/en\/wp-json\/wp\/v2\/media?parent=45220"}],"curies":[{"name":"wp","href":"https:\/\/api.w.org\/{rel}","templated":true}]}}