{"id":1061,"date":"2017-08-01T00:30:31","date_gmt":"2017-07-31T21:30:31","guid":{"rendered":"http:\/\/fitnsweet.lt\/?post_type=product&#038;p=1061"},"modified":"2026-02-11T10:43:36","modified_gmt":"2026-02-11T08:43:36","slug":"gymqueen-mamma-mia-sauce-without-kcal-2","status":"publish","type":"product","link":"https:\/\/fitnsweet.eu\/en\/product-2\/gymqueen-mamma-mia-sauce-without-kcal-2\/","title":{"rendered":"GymQueen Mamma Mia sauce without kcal"},"content":{"rendered":"<p><span style=\"color: #000000;\">GymQueen Mammia Mia sauces without calories are unique in their composition:<\/span><\/p>\n<p><span style=\"color: #000000;\">0% fat;<\/span><br \/>\n<span style=\"color: #000000;\">0% sugar;<\/span><br \/>\n<span style=\"color: #000000;\">No lactose;<\/span><br \/>\n<span style=\"color: #000000;\">Gluten free;<\/span><br \/>\n<span style=\"color: #000000;\">Without artificial flavors and flavor enhancers (e.g. without glutamate);<\/span><br \/>\n<span style=\"color: #000000;\">Without the artificial sweetener aspartame;<\/span><br \/>\n<span style=\"color: #000000;\">It also contains no animal ingredients, making it perfect for vegans and vegetarians.<\/span><\/p>\n<p><span style=\"color: #000000;\">Mamma Mia is poured into a plastic package, and with the help of a practical dispenser you will be able to dose the sauce accurately, easily and simply. It is also convenient to use on the road, in the office, at the university or in your kitchen.<\/span><\/p>\n<p><em><span style=\"color: #ff00ff;\">Energy value of the sauce:<\/span><\/em><\/p>\n<table border=\"1\" cellspacing=\"1\" cellpadding=\"1\">\n<thead>\n<tr>\n<th scope=\"col\"><\/th>\n<th scope=\"col\">\u00a0100 ml<\/th>\n<th scope=\"col\">\u00a0per serving (15 ml)<\/th>\n<\/tr>\n<\/thead>\n<tbody>\n<tr>\n<td>\u00a0<span style=\"color: #000000;\">Calorific value<\/span><\/td>\n<td><span style=\"color: #000000;\">\u00a027 kJ \/ 6 kcal\u00a0<\/span><\/td>\n<td><span style=\"color: #000000;\">\u00a04 kJ \/ 1 kcal\u00a0<\/span><\/td>\n<\/tr>\n<tr>\n<td><span style=\"color: #000000;\">\u00a0Fats<\/span><\/td>\n<td><span style=\"color: #000000;\">\u00a00 g<\/span><\/td>\n<td><span style=\"color: #000000;\">\u00a00 g<\/span><\/td>\n<\/tr>\n<tr>\n<td><span style=\"color: #000000;\">\u00a0\u2013 Saturated fat\u00a0<\/span><\/td>\n<td><span style=\"color: #000000;\">\u00a00 g<\/span><\/td>\n<td><span style=\"color: #000000;\">\u00a00 g\u00a0<\/span><\/td>\n<\/tr>\n<tr>\n<td><span style=\"color: #000000;\">\u00a0Carbohydrates<\/span><\/td>\n<td><span style=\"color: #000000;\">\u00a01.2 g\u00a0<\/span><\/td>\n<td><span style=\"color: #000000;\">\u00a00.2 g<\/span><\/td>\n<\/tr>\n<tr>\n<td><span style=\"color: #000000;\">\u00a0- sugar<\/span><\/td>\n<td><span style=\"color: #000000;\">\u00a00 g\u00a0<\/span><\/td>\n<td><span style=\"color: #000000;\">\u00a00 g\u00a0<\/span><\/td>\n<\/tr>\n<tr>\n<td><span style=\"color: #000000;\">\u00a0Proteins<\/span><\/td>\n<td><span style=\"color: #000000;\">\u00a00.2 g\u00a0<\/span><\/td>\n<td><span style=\"color: #000000;\">\u00a00 g<\/span><\/td>\n<\/tr>\n<tr>\n<td><span style=\"color: #000000;\">\u00a0Fibrous materials<\/span><\/td>\n<td><span style=\"color: #000000;\">\u00a02.5 g\u00a0<\/span><\/td>\n<td><span style=\"color: #000000;\">\u00a00.4 g<\/span><\/td>\n<\/tr>\n<tr>\n<td><span style=\"color: #000000;\">\u00a0Salt<\/span><\/td>\n<td><span style=\"color: #000000;\">\u00a02.0 g\u00a0<\/span><\/td>\n<td><span style=\"color: #000000;\">\u00a00.3 g<\/span><\/td>\n<\/tr>\n<\/tbody>\n<\/table>\n<p><span style=\"color: #000000;\">\u00a0<\/span><\/p>\n<p><span style=\"color: #000000;\">Ingredients: Water, modified starch, apple cider vinegar, salt, onions, flavoring, color: titanium dioxide; Paprika, garlic, preservatives: potassium sorbate; Thickener: xanthan gum; Acidity: citric acid; Sweetener: sucralose; Cinnamon.<\/span><\/p>\n<p><span style=\"color: #ff00ff;\"><em>American BBQ Mamma Mia. Composition:<\/em><\/span><\/p>\n<p><span style=\"color: #000000;\">Water, vinegar, thickeners (cellulose, xanthan gum, guar gum), salt, citric acid, tomato puree, coloring, preservative (potassium sorbate), sweetener (sucralose), flavoring.<\/span><\/p>\n<p><span style=\"color: #ff00ff;\">Strawberry Mamma Mia ingredients:<\/span><\/p>\n<p><span style=\"color: #000000;\">Water, 28,27% strawberries, modified starch, lemon juice, sweeteners: erythritol, sucralose; natural flavor, acidifier: citric acid; Thickeners: xanthan gum, guar gum; Preservatives: potassium sorbate, sodium benzoate; Paint: true carmine.<\/span><\/p>\n<p>Caesar dressing. Composition:<\/p>\n<p><span style=\"color: #000000;\">Water, modified starch, lemon juice,\u00a0<strong>mustard<\/strong>\u00a0(water,\u00a0<strong>mustard<\/strong>\u00a0, vinegar, spices), salt, garlic, onions, olive oil, thickener: guar gum; Dye: titanium dioxide; Apple cider vinegar, preservative: potassium sorbate; Acid: citric acid; Pepper, natural flavor, hot peppers, saffron, cloves, sweetener: sucralose.<\/span><\/p>\n<p><span style=\"color: #ff00ff;\">Curry ketchup. Composition:<\/span><\/p>\n<p><span style=\"color: #000000;\">Water, tomato paste, modified corn starch, salt, turmeric, vinegar, coloring: caramel; Citrus fibers, coriander, acidity regulator: citric acid; Thickener: xanthan gum; Cumin, fenugreek, preservatives: potassium sorbate; hot peppers,\u00a0<strong>mustard<\/strong>\u00a0, fennel seeds, sweeteners: sucralose; Garlic, allspice.<\/span><\/p>\n<p><span style=\"color: #ff00ff;\">Mayonnaise flavored sauce. Composition:<\/span><\/p>\n<p><span style=\"color: #000000;\">Water, modified starch, salt,\u00a0<strong>mustard<\/strong>\u00a0(water,\u00a0<strong>mustard<\/strong>\u00a0, vinegar, spices), 0.3% rapeseed oil, vinegar, thickener: xanthan, guar gum; 0.21%\u00a0<strong>egg<\/strong>\u00a0yellow, color: titanium dioxide; Acid: citric acid; Preservative: Potassium sorbate; natural flavor, sweetener: sucralose; Pepper, yellow, antioxidants: calcium disodium EDTA; Colorant: lutein.<\/span><\/p>\n<p><span style=\"color: #ff00ff;\">Sweet and sour chili sauce. Composition:<\/span><\/p>\n<p><span style=\"color: #000000;\">Water, Modified Starch, Flavor, 1.03% Chili, Salt, Thickener: Xanthan Gum; Onions, paprika, coriander, garlic, acidity regulator: citric acid; Preservative: Potassium sorbate; Sweetener: sucralose<\/span><\/p>\n<p><span style=\"color: #000000;\"><em><span style=\"color: #ff00ff;\">\u00a0<\/span><\/em><\/span><\/p>\n<p><span style=\"color: #ff00ff;\">RPN<\/span>: <span style=\"color: #000000;\">15 ml of sauce. However, you can use it according to your taste and need.<\/span><\/p>\n<p><span style=\"color: #000000;\"><span style=\"color: #ff00ff;\">Manufacturer:<\/span>\u00a0Germany<\/span><br \/>\n<span style=\"color: #000000;\"><span style=\"color: #ff00ff;\">Distributor in Lithuania<\/span>: Individual activities of J\u016brat\u0117 Bomblauskait\u0117.<\/span><br \/>\n<span style=\"color: #000000;\"><span style=\"color: #ff00ff;\">Date of expiry<\/span>: indicated on the package.<\/span><\/p>","protected":false},"excerpt":{"rendered":"<p><span style=\"color: #000000;\">Your favorite dishes will now acquire an even brighter, extremely delicious taste.\u00a0<\/span><br \/>\n<span style=\"color: #000000;\">American BBQ sauce is perfect for flavoring all summer grilled, meat dishes, mixed salads, and favorite sandwiches.\u00a0<\/span><br \/>\n<span style=\"color: #000000;\">Strawberry Mamma Mia sauce will give a very delicious, sweet taste.<\/span><\/p>\n<p><span style=\"color: #000000;\">In GymQueen Mamma Mia sauces:<\/span><br \/>\n<span style=\"color: #ff00ff;\">No sugar;<\/span><br \/>\n<span style=\"color: #ff00ff;\">No fat;<\/span><br \/>\n<span style=\"color: #ff00ff;\">Just a few calorie servings;<\/span><br \/>\n<em><strong><span style=\"color: #ff00ff;\">Gluten-free, lactose-free;<\/span><\/strong><\/em><br \/>\n<em><strong><span style=\"color: #ff00ff;\">Also suitable for vegetarians.<\/span><\/strong><\/em><\/p>\n<p><span style=\"color: #ff00ff;\"><span style=\"color: #000000;\">GymQueen Mammia Mia sauces without kcal, made in Germany from the highest quality materials, ensure safe consumption.<\/span><\/span><\/p>\n<p><span style=\"color: #000000;\"><em>The net weight of the product is 265 ml.\u00a0<\/em><\/span><\/p>\n<p>&nbsp;<\/p>","protected":false},"featured_media":2381,"comment_status":"open","ping_status":"closed","template":"","meta":{"site-sidebar-layout":"default","site-content-layout":"default","ast-site-content-layout":"default","site-content-style":"default","site-sidebar-style":"default","ast-global-header-display":"","ast-banner-title-visibility":"","ast-main-header-display":"","ast-hfb-above-header-display":"","ast-hfb-below-header-display":"","ast-hfb-mobile-header-display":"","site-post-title":"","ast-breadcrumbs-content":"","ast-featured-img":"","footer-sml-layout":"","ast-disable-related-posts":"","theme-transparent-header-meta":"default","adv-header-id-meta":"","stick-header-meta":"","header-above-stick-meta":"","header-main-stick-meta":"","header-below-stick-meta":"","astra-migrate-meta-layouts":"set","ast-page-background-enabled":"default","ast-page-background-meta":{"desktop":{"background-color":"var(--ast-global-color-4)","background-image":"","background-repeat":"repeat","background-position":"center center","background-size":"auto","background-attachment":"scroll","background-type":"","background-media":"","overlay-type":"","overlay-color":"","overlay-opacity":"","overlay-gradient":""},"tablet":{"background-color":"","background-image":"","background-repeat":"repeat","background-position":"center center","background-size":"auto","background-attachment":"scroll","background-type":"","background-media":"","overlay-type":"","overlay-color":"","overlay-opacity":"","overlay-gradient":""},"mobile":{"background-color":"","background-image":"","background-repeat":"repeat","background-position":"center center","background-size":"auto","background-attachment":"scroll","background-type":"","background-media":"","overlay-type":"","overlay-color":"","overlay-opacity":"","overlay-gradient":""}},"ast-content-background-meta":{"desktop":{"background-color":"var(--ast-global-color-5)","background-image":"","background-repeat":"repeat","background-position":"center center","background-size":"auto","background-attachment":"scroll","background-type":"","background-media":"","overlay-type":"","overlay-color":"","overlay-opacity":"","overlay-gradient":""},"tablet":{"background-color":"var(--ast-global-color-5)","background-image":"","background-repeat":"repeat","background-position":"center center","background-size":"auto","background-attachment":"scroll","background-type":"","background-media":"","overlay-type":"","overlay-color":"","overlay-opacity":"","overlay-gradient":""},"mobile":{"background-color":"var(--ast-global-color-5)","background-image":"","background-repeat":"repeat","background-position":"center center","background-size":"auto","background-attachment":"scroll","background-type":"","background-media":"","overlay-type":"","overlay-color":"","overlay-opacity":"","overlay-gradient":""}}},"product_brand":[],"product_cat":[386,382,378,387,344,365,13,112,114,318,319],"product_tag":[196,133,175,176,118,137,197,136,135,174,130,48],"class_list":{"0":"post-1061","1":"product","2":"type-product","3":"status-publish","4":"has-post-thumbnail","6":"product_cat-ispardavimas-2","7":"product_cat-traskuciai-padazai-uzkandziai","8":"product_cat-uzkandziai","9":"product_cat-visi-produktai","10":"product_cat-be-laktozes","11":"product_cat-ispardavimas","12":"product_cat-httpfitnsweet-ltprodukto-kategorijagymqueen","13":"product_cat-gymqueen-figurai","14":"product_cat-gymqueen-sportui","15":"product_cat-padazai-be-kcal","16":"product_cat-veganiskas-pasirinkimas","17":"product_tag-bbq","18":"product_tag-be-kcal","19":"product_tag-be-glitimo","20":"product_tag-be-laktozes","21":"product_tag-be-pridetinio-cukraus","22":"product_tag-braskinis","23":"product_tag-cezario","24":"product_tag-karamelinis","25":"product_tag-padazas","26":"product_tag-padazas-be-kcal","27":"product_tag-vegan","28":"product_tag-veganiskas","29":"desktop-align-left","30":"tablet-align-left","31":"mobile-align-left","33":"first","34":"instock","35":"taxable","36":"shipping-taxable","37":"purchasable","38":"product-type-variable"},"yoast_head":"<!-- This site is optimized with the Yoast SEO plugin v26.9 - https:\/\/yoast.com\/product\/yoast-seo-wordpress\/ -->\n<title>GymQueen Mamma Mia pada\u017eas be kcal - Fitnsweet.eu<\/title>\n<meta name=\"robots\" content=\"index, follow, max-snippet:-1, max-image-preview:large, max-video-preview:-1\" \/>\n<link rel=\"canonical\" href=\"https:\/\/fitnsweet.eu\/en\/product-2\/gymqueen-mamma-mia-sauce-without-kcal-2\/\" \/>\n<meta property=\"og:locale\" content=\"en_US\" \/>\n<meta property=\"og:type\" content=\"article\" \/>\n<meta property=\"og:title\" content=\"GymQueen Mamma Mia pada\u017eas be kcal - Fitnsweet.eu\" \/>\n<meta property=\"og:description\" content=\"J\u016bs\u0173 m\u0117giami patiekalai dabar \u012fgaus dar ry\u0161ken\u012f, itin gard\u0173 skon\u012f.\u00a0 American BBQ pada\u017eas puikiai tiks gardinti visus vasari\u0161kus ant groteli\u0173 keptus, m\u0117sos patiekalus, \u012fvarias salotas, m\u0117giamus sumu\u0161tinius.\u00a0 Bra\u0161kinis Mamma Mia pada\u017eas suteiks itin gard\u0173, sald\u0173 skon\u012f.  GymQueen Mamma Mia pada\u017euose: N\u0117ra cukraus; N\u0117ra riebal\u0173; Vos kelios kalorijos porcijos; Be glitimo, be laktoz\u0117s; Tinka ir vegetarams.  GymQueen Mammia Mia pada\u017eai be kcal, pagaminti Vokietijoje i\u0161 auk\u0161\u010diausios kokyb\u0117s med\u017eiag\u0173, u\u017etikrina saug\u0173 vartojim\u0105.  Grynasis produkto svoris - 265 ml.\u00a0  &nbsp;\" \/>\n<meta property=\"og:url\" content=\"https:\/\/fitnsweet.eu\/en\/product-2\/gymqueen-mamma-mia-sauce-without-kcal-2\/\" \/>\n<meta property=\"og:site_name\" content=\"Fitnsweet.eu\" \/>\n<meta property=\"article:modified_time\" content=\"2026-02-11T08:43:36+00:00\" \/>\n<meta property=\"og:image\" content=\"https:\/\/fitnsweet.eu\/wp-content\/uploads\/2017\/08\/Crazy-CeasariVH670K6C058W.jpg\" \/>\n\t<meta property=\"og:image:width\" content=\"1000\" \/>\n\t<meta property=\"og:image:height\" content=\"1000\" \/>\n\t<meta property=\"og:image:type\" content=\"image\/jpeg\" \/>\n<meta name=\"twitter:card\" content=\"summary_large_image\" \/>\n<meta name=\"twitter:label1\" content=\"Est. reading time\" \/>\n\t<meta name=\"twitter:data1\" content=\"2 minutes\" \/>\n<script type=\"application\/ld+json\" class=\"yoast-schema-graph\">{\"@context\":\"https:\/\/schema.org\",\"@graph\":[{\"@type\":\"WebPage\",\"@id\":\"https:\/\/fitnsweet.eu\/produktas\/gymqueen-mamma-mia-padazas-be-kcal\/\",\"url\":\"https:\/\/fitnsweet.eu\/produktas\/gymqueen-mamma-mia-padazas-be-kcal\/\",\"name\":\"GymQueen Mamma Mia pada\u017eas be kcal - Fitnsweet.eu\",\"isPartOf\":{\"@id\":\"https:\/\/fitnsweet.eu\/#website\"},\"primaryImageOfPage\":{\"@id\":\"https:\/\/fitnsweet.eu\/produktas\/gymqueen-mamma-mia-padazas-be-kcal\/#primaryimage\"},\"image\":{\"@id\":\"https:\/\/fitnsweet.eu\/produktas\/gymqueen-mamma-mia-padazas-be-kcal\/#primaryimage\"},\"thumbnailUrl\":\"https:\/\/fitnsweet.eu\/wp-content\/uploads\/2017\/08\/Crazy-CeasariVH670K6C058W.jpg\",\"datePublished\":\"2017-07-31T21:30:31+00:00\",\"dateModified\":\"2026-02-11T08:43:36+00:00\",\"breadcrumb\":{\"@id\":\"https:\/\/fitnsweet.eu\/produktas\/gymqueen-mamma-mia-padazas-be-kcal\/#breadcrumb\"},\"inLanguage\":\"en-US\",\"potentialAction\":[{\"@type\":\"ReadAction\",\"target\":[\"https:\/\/fitnsweet.eu\/produktas\/gymqueen-mamma-mia-padazas-be-kcal\/\"]}]},{\"@type\":\"ImageObject\",\"inLanguage\":\"en-US\",\"@id\":\"https:\/\/fitnsweet.eu\/produktas\/gymqueen-mamma-mia-padazas-be-kcal\/#primaryimage\",\"url\":\"https:\/\/fitnsweet.eu\/wp-content\/uploads\/2017\/08\/Crazy-CeasariVH670K6C058W.jpg\",\"contentUrl\":\"https:\/\/fitnsweet.eu\/wp-content\/uploads\/2017\/08\/Crazy-CeasariVH670K6C058W.jpg\",\"width\":1000,\"height\":1000},{\"@type\":\"BreadcrumbList\",\"@id\":\"https:\/\/fitnsweet.eu\/produktas\/gymqueen-mamma-mia-padazas-be-kcal\/#breadcrumb\",\"itemListElement\":[{\"@type\":\"ListItem\",\"position\":1,\"name\":\"Home\",\"item\":\"https:\/\/fitnsweet.eu\/\"},{\"@type\":\"ListItem\",\"position\":2,\"name\":\"Produktai\",\"item\":\"https:\/\/fitnsweet.eu\/parduotuve\/\"},{\"@type\":\"ListItem\",\"position\":3,\"name\":\"GymQueen Mamma Mia pada\u017eas be kcal\"}]},{\"@type\":\"WebSite\",\"@id\":\"https:\/\/fitnsweet.eu\/#website\",\"url\":\"https:\/\/fitnsweet.eu\/\",\"name\":\"Fitnsweet.eu\",\"description\":\"Sveika. Saldu. Naudinga.\",\"potentialAction\":[{\"@type\":\"SearchAction\",\"target\":{\"@type\":\"EntryPoint\",\"urlTemplate\":\"https:\/\/fitnsweet.eu\/?s={search_term_string}\"},\"query-input\":{\"@type\":\"PropertyValueSpecification\",\"valueRequired\":true,\"valueName\":\"search_term_string\"}}],\"inLanguage\":\"en-US\"}]}<\/script>\n<!-- \/ Yoast SEO plugin. -->","yoast_head_json":{"title":"GymQueen Mamma Mia sauce without kcal - Fitnsweet.eu","robots":{"index":"index","follow":"follow","max-snippet":"max-snippet:-1","max-image-preview":"max-image-preview:large","max-video-preview":"max-video-preview:-1"},"canonical":"https:\/\/fitnsweet.eu\/en\/product-2\/gymqueen-mamma-mia-sauce-without-kcal-2\/","og_locale":"en_US","og_type":"article","og_title":"GymQueen Mamma Mia pada\u017eas be kcal - Fitnsweet.eu","og_description":"J\u016bs\u0173 m\u0117giami patiekalai dabar \u012fgaus dar ry\u0161ken\u012f, itin gard\u0173 skon\u012f.\u00a0 American BBQ pada\u017eas puikiai tiks gardinti visus vasari\u0161kus ant groteli\u0173 keptus, m\u0117sos patiekalus, \u012fvarias salotas, m\u0117giamus sumu\u0161tinius.\u00a0 Bra\u0161kinis Mamma Mia pada\u017eas suteiks itin gard\u0173, sald\u0173 skon\u012f.  GymQueen Mamma Mia pada\u017euose: N\u0117ra cukraus; N\u0117ra riebal\u0173; Vos kelios kalorijos porcijos; Be glitimo, be laktoz\u0117s; Tinka ir vegetarams.  GymQueen Mammia Mia pada\u017eai be kcal, pagaminti Vokietijoje i\u0161 auk\u0161\u010diausios kokyb\u0117s med\u017eiag\u0173, u\u017etikrina saug\u0173 vartojim\u0105.  Grynasis produkto svoris - 265 ml.\u00a0  &nbsp;","og_url":"https:\/\/fitnsweet.eu\/en\/product-2\/gymqueen-mamma-mia-sauce-without-kcal-2\/","og_site_name":"Fitnsweet.eu","article_modified_time":"2026-02-11T08:43:36+00:00","og_image":[{"width":1000,"height":1000,"url":"https:\/\/fitnsweet.eu\/wp-content\/uploads\/2017\/08\/Crazy-CeasariVH670K6C058W.jpg","type":"image\/jpeg"}],"twitter_card":"summary_large_image","twitter_misc":{"Est. reading time":"2 minutes"},"schema":{"@context":"https:\/\/schema.org","@graph":[{"@type":"WebPage","@id":"https:\/\/fitnsweet.eu\/produktas\/gymqueen-mamma-mia-padazas-be-kcal\/","url":"https:\/\/fitnsweet.eu\/produktas\/gymqueen-mamma-mia-padazas-be-kcal\/","name":"GymQueen Mamma Mia sauce without kcal - Fitnsweet.eu","isPartOf":{"@id":"https:\/\/fitnsweet.eu\/#website"},"primaryImageOfPage":{"@id":"https:\/\/fitnsweet.eu\/produktas\/gymqueen-mamma-mia-padazas-be-kcal\/#primaryimage"},"image":{"@id":"https:\/\/fitnsweet.eu\/produktas\/gymqueen-mamma-mia-padazas-be-kcal\/#primaryimage"},"thumbnailUrl":"https:\/\/fitnsweet.eu\/wp-content\/uploads\/2017\/08\/Crazy-CeasariVH670K6C058W.jpg","datePublished":"2017-07-31T21:30:31+00:00","dateModified":"2026-02-11T08:43:36+00:00","breadcrumb":{"@id":"https:\/\/fitnsweet.eu\/produktas\/gymqueen-mamma-mia-padazas-be-kcal\/#breadcrumb"},"inLanguage":"en-US","potentialAction":[{"@type":"ReadAction","target":["https:\/\/fitnsweet.eu\/produktas\/gymqueen-mamma-mia-padazas-be-kcal\/"]}]},{"@type":"ImageObject","inLanguage":"en-US","@id":"https:\/\/fitnsweet.eu\/produktas\/gymqueen-mamma-mia-padazas-be-kcal\/#primaryimage","url":"https:\/\/fitnsweet.eu\/wp-content\/uploads\/2017\/08\/Crazy-CeasariVH670K6C058W.jpg","contentUrl":"https:\/\/fitnsweet.eu\/wp-content\/uploads\/2017\/08\/Crazy-CeasariVH670K6C058W.jpg","width":1000,"height":1000},{"@type":"BreadcrumbList","@id":"https:\/\/fitnsweet.eu\/produktas\/gymqueen-mamma-mia-padazas-be-kcal\/#breadcrumb","itemListElement":[{"@type":"ListItem","position":1,"name":"Home","item":"https:\/\/fitnsweet.eu\/"},{"@type":"ListItem","position":2,"name":"Produktai","item":"https:\/\/fitnsweet.eu\/parduotuve\/"},{"@type":"ListItem","position":3,"name":"GymQueen Mamma Mia pada\u017eas be kcal"}]},{"@type":"WebSite","@id":"https:\/\/fitnsweet.eu\/#website","url":"https:\/\/fitnsweet.eu\/","name":"Fitnsweet.eu","description":"Hello. Sweet. Useful.","potentialAction":[{"@type":"SearchAction","target":{"@type":"EntryPoint","urlTemplate":"https:\/\/fitnsweet.eu\/?s={search_term_string}"},"query-input":{"@type":"PropertyValueSpecification","valueRequired":true,"valueName":"search_term_string"}}],"inLanguage":"en-US"}]}},"_links":{"self":[{"href":"https:\/\/fitnsweet.eu\/en\/wp-json\/wp\/v2\/product\/1061","targetHints":{"allow":["GET"]}}],"collection":[{"href":"https:\/\/fitnsweet.eu\/en\/wp-json\/wp\/v2\/product"}],"about":[{"href":"https:\/\/fitnsweet.eu\/en\/wp-json\/wp\/v2\/types\/product"}],"replies":[{"embeddable":true,"href":"https:\/\/fitnsweet.eu\/en\/wp-json\/wp\/v2\/comments?post=1061"}],"version-history":[{"count":5,"href":"https:\/\/fitnsweet.eu\/en\/wp-json\/wp\/v2\/product\/1061\/revisions"}],"predecessor-version":[{"id":38276,"href":"https:\/\/fitnsweet.eu\/en\/wp-json\/wp\/v2\/product\/1061\/revisions\/38276"}],"wp:featuredmedia":[{"embeddable":true,"href":"https:\/\/fitnsweet.eu\/en\/wp-json\/wp\/v2\/media\/2381"}],"wp:attachment":[{"href":"https:\/\/fitnsweet.eu\/en\/wp-json\/wp\/v2\/media?parent=1061"}],"wp:term":[{"taxonomy":"product_brand","embeddable":true,"href":"https:\/\/fitnsweet.eu\/en\/wp-json\/wp\/v2\/product_brand?post=1061"},{"taxonomy":"product_cat","embeddable":true,"href":"https:\/\/fitnsweet.eu\/en\/wp-json\/wp\/v2\/product_cat?post=1061"},{"taxonomy":"product_tag","embeddable":true,"href":"https:\/\/fitnsweet.eu\/en\/wp-json\/wp\/v2\/product_tag?post=1061"}],"curies":[{"name":"wp","href":"https:\/\/api.w.org\/{rel}","templated":true}]}}