{"id":21164,"date":"2020-11-24T16:05:05","date_gmt":"2020-11-24T14:05:05","guid":{"rendered":"https:\/\/fitnsweet.eu\/?post_type=product&#038;p=21164"},"modified":"2025-04-22T17:05:36","modified_gmt":"2025-04-22T14:05:36","slug":"gift-wrapping-2","status":"publish","type":"product","link":"https:\/\/fitnsweet.eu\/en\/product-2\/gift-wrapping-2\/","title":{"rendered":"Gift wrapping"},"content":{"rendered":"","protected":false},"excerpt":{"rendered":"<p><span style=\"color: #000000;\">Are you looking for a gift for your loved one, but you don&#039;t have time for special packaging, or you don&#039;t want to search for a holiday box?<\/span><\/p>\n<p><span style=\"color: #000000;\">We will pack your chosen products in a special brown or white box with a window, tie it with a pink ribbon and you can give an exclusive gift!<\/span><\/p>\n<p><span style=\"color: #000000;\">*discounts do not apply to gift wrapping.\u00a0<\/span><\/p>","protected":false},"featured_media":2695,"comment_status":"open","ping_status":"closed","template":"","meta":{"site-sidebar-layout":"default","site-content-layout":"default","ast-site-content-layout":"default","site-content-style":"default","site-sidebar-style":"default","ast-global-header-display":"","ast-banner-title-visibility":"","ast-main-header-display":"","ast-hfb-above-header-display":"","ast-hfb-below-header-display":"","ast-hfb-mobile-header-display":"","site-post-title":"","ast-breadcrumbs-content":"","ast-featured-img":"","footer-sml-layout":"","ast-disable-related-posts":"","theme-transparent-header-meta":"default","adv-header-id-meta":"","stick-header-meta":"","header-above-stick-meta":"","header-main-stick-meta":"","header-below-stick-meta":"","astra-migrate-meta-layouts":"default","ast-page-background-enabled":"default","ast-page-background-meta":{"desktop":{"background-color":"var(--ast-global-color-4)","background-image":"","background-repeat":"repeat","background-position":"center center","background-size":"auto","background-attachment":"scroll","background-type":"","background-media":"","overlay-type":"","overlay-color":"","overlay-opacity":"","overlay-gradient":""},"tablet":{"background-color":"","background-image":"","background-repeat":"repeat","background-position":"center center","background-size":"auto","background-attachment":"scroll","background-type":"","background-media":"","overlay-type":"","overlay-color":"","overlay-opacity":"","overlay-gradient":""},"mobile":{"background-color":"","background-image":"","background-repeat":"repeat","background-position":"center center","background-size":"auto","background-attachment":"scroll","background-type":"","background-media":"","overlay-type":"","overlay-color":"","overlay-opacity":"","overlay-gradient":""}},"ast-content-background-meta":{"desktop":{"background-color":"var(--ast-global-color-5)","background-image":"","background-repeat":"repeat","background-position":"center center","background-size":"auto","background-attachment":"scroll","background-type":"","background-media":"","overlay-type":"","overlay-color":"","overlay-opacity":"","overlay-gradient":""},"tablet":{"background-color":"var(--ast-global-color-5)","background-image":"","background-repeat":"repeat","background-position":"center center","background-size":"auto","background-attachment":"scroll","background-type":"","background-media":"","overlay-type":"","overlay-color":"","overlay-opacity":"","overlay-gradient":""},"mobile":{"background-color":"var(--ast-global-color-5)","background-image":"","background-repeat":"repeat","background-position":"center center","background-size":"auto","background-attachment":"scroll","background-type":"","background-media":"","overlay-type":"","overlay-color":"","overlay-opacity":"","overlay-gradient":""}}},"product_brand":[],"product_cat":[393,387,365,13,148],"product_tag":[270,271],"class_list":{"0":"post-21164","1":"product","2":"type-product","3":"status-publish","4":"has-post-thumbnail","6":"product_cat-rinkiniai","7":"product_cat-visi-produktai","8":"product_cat-ispardavimas","9":"product_cat-httpfitnsweet-ltprodukto-kategorijagymqueen","10":"product_cat-gymqueen-rinkiniai","11":"product_tag-dovanos-pakavimas","12":"product_tag-pakavimas","13":"desktop-align-left","14":"tablet-align-left","15":"mobile-align-left","17":"first","18":"instock","19":"taxable","20":"shipping-taxable","21":"purchasable","22":"product-type-simple"},"yoast_head":"<!-- This site is optimized with the Yoast SEO plugin v26.9 - https:\/\/yoast.com\/product\/yoast-seo-wordpress\/ -->\n<title>Dovanos pakavimas - Fitnsweet.eu<\/title>\n<meta name=\"robots\" content=\"index, follow, max-snippet:-1, max-image-preview:large, max-video-preview:-1\" \/>\n<link rel=\"canonical\" href=\"https:\/\/fitnsweet.eu\/en\/product-2\/gift-wrapping-2\/\" \/>\n<meta property=\"og:locale\" content=\"en_US\" \/>\n<meta property=\"og:type\" content=\"article\" \/>\n<meta property=\"og:title\" content=\"Dovanos pakavimas - Fitnsweet.eu\" \/>\n<meta property=\"og:description\" content=\"Ie\u0161kote dovanos savo artimam \u017emogui, bet neturite laiko skirti specialiam \u012fpakavimui, arba nenorite papildomai ie\u0161koti \u0161ventin\u0117s d\u0117\u017eut\u0117s?  Mes supakuosime J\u016bs\u0173 pasirinktus produktus \u012f speciali\u0105 rud\u0105 arba balt\u0105 d\u0117\u017eut\u0119 su langeliu, apri\u0161ime ro\u017einiu kaspin\u0117liu ir J\u016bs jau galite \u012fteikti i\u0161skirtin\u0119 dovan\u0105!  *dovan\u0173 pakavimui nuolaidos netaikomos.\u00a0\" \/>\n<meta property=\"og:url\" content=\"https:\/\/fitnsweet.eu\/en\/product-2\/gift-wrapping-2\/\" \/>\n<meta property=\"og:site_name\" content=\"Fitnsweet.eu\" \/>\n<meta property=\"article:modified_time\" content=\"2025-04-22T14:05:36+00:00\" \/>\n<meta property=\"og:image\" content=\"https:\/\/fitnsweet.eu\/wp-content\/uploads\/2018\/11\/gift.png\" \/>\n\t<meta property=\"og:image:width\" content=\"305\" \/>\n\t<meta property=\"og:image:height\" content=\"191\" \/>\n\t<meta property=\"og:image:type\" content=\"image\/png\" \/>\n<meta name=\"twitter:card\" content=\"summary_large_image\" \/>\n<script type=\"application\/ld+json\" class=\"yoast-schema-graph\">{\"@context\":\"https:\/\/schema.org\",\"@graph\":[{\"@type\":\"WebPage\",\"@id\":\"https:\/\/fitnsweet.eu\/produktas\/dovanos-pakavimas\/\",\"url\":\"https:\/\/fitnsweet.eu\/produktas\/dovanos-pakavimas\/\",\"name\":\"Dovanos pakavimas - Fitnsweet.eu\",\"isPartOf\":{\"@id\":\"https:\/\/fitnsweet.eu\/#website\"},\"primaryImageOfPage\":{\"@id\":\"https:\/\/fitnsweet.eu\/produktas\/dovanos-pakavimas\/#primaryimage\"},\"image\":{\"@id\":\"https:\/\/fitnsweet.eu\/produktas\/dovanos-pakavimas\/#primaryimage\"},\"thumbnailUrl\":\"https:\/\/fitnsweet.eu\/wp-content\/uploads\/2018\/11\/gift.png\",\"datePublished\":\"2020-11-24T14:05:05+00:00\",\"dateModified\":\"2025-04-22T14:05:36+00:00\",\"breadcrumb\":{\"@id\":\"https:\/\/fitnsweet.eu\/produktas\/dovanos-pakavimas\/#breadcrumb\"},\"inLanguage\":\"en-US\",\"potentialAction\":[{\"@type\":\"ReadAction\",\"target\":[\"https:\/\/fitnsweet.eu\/produktas\/dovanos-pakavimas\/\"]}]},{\"@type\":\"ImageObject\",\"inLanguage\":\"en-US\",\"@id\":\"https:\/\/fitnsweet.eu\/produktas\/dovanos-pakavimas\/#primaryimage\",\"url\":\"https:\/\/fitnsweet.eu\/wp-content\/uploads\/2018\/11\/gift.png\",\"contentUrl\":\"https:\/\/fitnsweet.eu\/wp-content\/uploads\/2018\/11\/gift.png\",\"width\":305,\"height\":191},{\"@type\":\"BreadcrumbList\",\"@id\":\"https:\/\/fitnsweet.eu\/produktas\/dovanos-pakavimas\/#breadcrumb\",\"itemListElement\":[{\"@type\":\"ListItem\",\"position\":1,\"name\":\"Home\",\"item\":\"https:\/\/fitnsweet.eu\/\"},{\"@type\":\"ListItem\",\"position\":2,\"name\":\"Produktai\",\"item\":\"https:\/\/fitnsweet.eu\/parduotuve\/\"},{\"@type\":\"ListItem\",\"position\":3,\"name\":\"Dovanos pakavimas\"}]},{\"@type\":\"WebSite\",\"@id\":\"https:\/\/fitnsweet.eu\/#website\",\"url\":\"https:\/\/fitnsweet.eu\/\",\"name\":\"Fitnsweet.eu\",\"description\":\"Sveika. Saldu. Naudinga.\",\"potentialAction\":[{\"@type\":\"SearchAction\",\"target\":{\"@type\":\"EntryPoint\",\"urlTemplate\":\"https:\/\/fitnsweet.eu\/?s={search_term_string}\"},\"query-input\":{\"@type\":\"PropertyValueSpecification\",\"valueRequired\":true,\"valueName\":\"search_term_string\"}}],\"inLanguage\":\"en-US\"}]}<\/script>\n<!-- \/ Yoast SEO plugin. -->","yoast_head_json":{"title":"Gift wrapping - Fitnsweet.eu","robots":{"index":"index","follow":"follow","max-snippet":"max-snippet:-1","max-image-preview":"max-image-preview:large","max-video-preview":"max-video-preview:-1"},"canonical":"https:\/\/fitnsweet.eu\/en\/product-2\/gift-wrapping-2\/","og_locale":"en_US","og_type":"article","og_title":"Dovanos pakavimas - Fitnsweet.eu","og_description":"Ie\u0161kote dovanos savo artimam \u017emogui, bet neturite laiko skirti specialiam \u012fpakavimui, arba nenorite papildomai ie\u0161koti \u0161ventin\u0117s d\u0117\u017eut\u0117s?  Mes supakuosime J\u016bs\u0173 pasirinktus produktus \u012f speciali\u0105 rud\u0105 arba balt\u0105 d\u0117\u017eut\u0119 su langeliu, apri\u0161ime ro\u017einiu kaspin\u0117liu ir J\u016bs jau galite \u012fteikti i\u0161skirtin\u0119 dovan\u0105!  *dovan\u0173 pakavimui nuolaidos netaikomos.\u00a0","og_url":"https:\/\/fitnsweet.eu\/en\/product-2\/gift-wrapping-2\/","og_site_name":"Fitnsweet.eu","article_modified_time":"2025-04-22T14:05:36+00:00","og_image":[{"width":305,"height":191,"url":"https:\/\/fitnsweet.eu\/wp-content\/uploads\/2018\/11\/gift.png","type":"image\/png"}],"twitter_card":"summary_large_image","schema":{"@context":"https:\/\/schema.org","@graph":[{"@type":"WebPage","@id":"https:\/\/fitnsweet.eu\/produktas\/dovanos-pakavimas\/","url":"https:\/\/fitnsweet.eu\/produktas\/dovanos-pakavimas\/","name":"Gift wrapping - Fitnsweet.eu","isPartOf":{"@id":"https:\/\/fitnsweet.eu\/#website"},"primaryImageOfPage":{"@id":"https:\/\/fitnsweet.eu\/produktas\/dovanos-pakavimas\/#primaryimage"},"image":{"@id":"https:\/\/fitnsweet.eu\/produktas\/dovanos-pakavimas\/#primaryimage"},"thumbnailUrl":"https:\/\/fitnsweet.eu\/wp-content\/uploads\/2018\/11\/gift.png","datePublished":"2020-11-24T14:05:05+00:00","dateModified":"2025-04-22T14:05:36+00:00","breadcrumb":{"@id":"https:\/\/fitnsweet.eu\/produktas\/dovanos-pakavimas\/#breadcrumb"},"inLanguage":"en-US","potentialAction":[{"@type":"ReadAction","target":["https:\/\/fitnsweet.eu\/produktas\/dovanos-pakavimas\/"]}]},{"@type":"ImageObject","inLanguage":"en-US","@id":"https:\/\/fitnsweet.eu\/produktas\/dovanos-pakavimas\/#primaryimage","url":"https:\/\/fitnsweet.eu\/wp-content\/uploads\/2018\/11\/gift.png","contentUrl":"https:\/\/fitnsweet.eu\/wp-content\/uploads\/2018\/11\/gift.png","width":305,"height":191},{"@type":"BreadcrumbList","@id":"https:\/\/fitnsweet.eu\/produktas\/dovanos-pakavimas\/#breadcrumb","itemListElement":[{"@type":"ListItem","position":1,"name":"Home","item":"https:\/\/fitnsweet.eu\/"},{"@type":"ListItem","position":2,"name":"Produktai","item":"https:\/\/fitnsweet.eu\/parduotuve\/"},{"@type":"ListItem","position":3,"name":"Dovanos pakavimas"}]},{"@type":"WebSite","@id":"https:\/\/fitnsweet.eu\/#website","url":"https:\/\/fitnsweet.eu\/","name":"Fitnsweet.eu","description":"Hello. Sweet. Useful.","potentialAction":[{"@type":"SearchAction","target":{"@type":"EntryPoint","urlTemplate":"https:\/\/fitnsweet.eu\/?s={search_term_string}"},"query-input":{"@type":"PropertyValueSpecification","valueRequired":true,"valueName":"search_term_string"}}],"inLanguage":"en-US"}]}},"_links":{"self":[{"href":"https:\/\/fitnsweet.eu\/en\/wp-json\/wp\/v2\/product\/21164","targetHints":{"allow":["GET"]}}],"collection":[{"href":"https:\/\/fitnsweet.eu\/en\/wp-json\/wp\/v2\/product"}],"about":[{"href":"https:\/\/fitnsweet.eu\/en\/wp-json\/wp\/v2\/types\/product"}],"replies":[{"embeddable":true,"href":"https:\/\/fitnsweet.eu\/en\/wp-json\/wp\/v2\/comments?post=21164"}],"version-history":[{"count":1,"href":"https:\/\/fitnsweet.eu\/en\/wp-json\/wp\/v2\/product\/21164\/revisions"}],"predecessor-version":[{"id":39146,"href":"https:\/\/fitnsweet.eu\/en\/wp-json\/wp\/v2\/product\/21164\/revisions\/39146"}],"wp:featuredmedia":[{"embeddable":true,"href":"https:\/\/fitnsweet.eu\/en\/wp-json\/wp\/v2\/media\/2695"}],"wp:attachment":[{"href":"https:\/\/fitnsweet.eu\/en\/wp-json\/wp\/v2\/media?parent=21164"}],"wp:term":[{"taxonomy":"product_brand","embeddable":true,"href":"https:\/\/fitnsweet.eu\/en\/wp-json\/wp\/v2\/product_brand?post=21164"},{"taxonomy":"product_cat","embeddable":true,"href":"https:\/\/fitnsweet.eu\/en\/wp-json\/wp\/v2\/product_cat?post=21164"},{"taxonomy":"product_tag","embeddable":true,"href":"https:\/\/fitnsweet.eu\/en\/wp-json\/wp\/v2\/product_tag?post=21164"}],"curies":[{"name":"wp","href":"https:\/\/api.w.org\/{rel}","templated":true}]}}