{"id":23496,"date":"2021-03-17T22:11:09","date_gmt":"2021-03-17T20:11:09","guid":{"rendered":"https:\/\/fitnsweet.eu\/?post_type=product&#038;p=23496"},"modified":"2026-01-05T08:57:05","modified_gmt":"2026-01-05T06:57:05","slug":"two-month-slim-queen-slimming-cocktail-set-2","status":"publish","type":"product","link":"https:\/\/fitnsweet.eu\/en\/product-2\/two-month-slim-queen-slimming-cocktail-set-2\/","title":{"rendered":"Two-month Slim Queen slimming cocktail set"},"content":{"rendered":"<p style=\"text-align: left;\"><span style=\"color: #000000;\"><strong>WHAT IS SLIM SLIMMING COCKTAIL?<br \/>\n<\/strong><\/span><br \/>\n<span style=\"color: #000000;\">Substituting a creamy and delicious Slim Queen breakfast, dinner or snack with a smoothie makes your weight management and weight loss easier. By simply replacing one or two meals with the creamy and delicious Slim Queen Shake, you&#039;ll be cutting calories and therefore your weight, while providing your body with important vitamins and nutrients. Losing weight has never tasted so good! And the best thing: one portion contains ONLY 250 kcal and does not contain any added sugar, synthetic flavor enhancers or synthetic preservatives. You can prepare a portion of the cocktail in less than a minute - so nothing will really stop you from achieving your desired goal of losing weight and achieving the body of your dreams.<\/span><\/p>\n<p><span style=\"color: #000000;\"><strong>Who is the SLIM cocktail suitable for?<\/strong><\/span><\/p>\n<p><span style=\"color: #000000;\">&quot;Slim Queen&quot; cocktail is perfect for you if you follow the principles of a healthy diet, lose or want to lose weight, improve your body lines or simply get the protein, vitamins and minerals your body needs by enjoying a very delicious, sweet milkshake.\u00a0<\/span><\/p>\n<p><span style=\"color: #000000;\"><strong>CONSUMPTION<\/strong><\/span><br \/>\n<span style=\"color: #000000;\">For one serving (equivalent to one meal), add 30 g of powder (1 measuring spoon included in the package) to a drinker or blender, mix with 275 ml of cold milk or water and blend for about 20 seconds. Now you can taste it!<\/span><\/p>\n<p><span style=\"color: #000000;\">* If you want to lose weight, you should replace two meals a day (preferably breakfast, one daily snack or dinner) with a Slim Queen shake. If your goal is to maintain your weight, it is enough to replace one meal with one portion of a shake per day. To do this, you should follow the preparation recommendations. It is also recommended to drink enough fluids during the day, preferably water. The cocktail fulfills its intended purpose in accordance with the principles of healthy nutrition, so you should make sure that other food products will also be part of your diet, a healthy diet.<\/span><\/p>\n<p><span style=\"color: #000000;\"><strong>Composition:<\/strong><\/span><br \/>\n<span style=\"color: #000000;\">Whey protein concentrate (contains emulsifier: sunflower lecithin), maltodextrin, calcium caseinate (contains milk, contains emulsifier: sunflower lecithin), emulsifier: soy lecithin, thickener: glucomannan; Flavouring, magnesium carbonate, calcium carbonate, thickener: xanthan; Salt, low-fat cocoa powder, potassium citrate, coloring beta-carotene, L-ascorbic acid, sweetener: sucrose; Ferrous sulfate, zinc gluconate, copper gluconate, manganese sulfate, potassium iodide, sodium selenite, nicotinamide, dl-alpha-tocopheryl acetate, calcium D-pantothenate, pyridoxine hydrochloride, riboflavin, thiamine mononitrate, retinyl acetate, pteroylmonoglutaminesinure, phytomenadione, , manganese gluconate, cholecalciferol , cyanocobalamin.<\/span><\/p>\n<p><span style=\"color: #000000;\"><strong>allergens:<\/strong><\/span><br \/>\n<span style=\"color: #000000;\">Contains soy, dairy products. May contain traces of eggs and gluten.<\/span><\/p>\n<p><span style=\"color: #000000;\"><strong>ENERGY VALUE 100 G \/ 30 G POWDER PORTION %\u00a0<\/strong><\/span><br \/>\n<span style=\"color: #000000;\">1,691.47 kj, 404.00 kcal \/ 507.44 kj 121.20 kcal 6.06 percent.<\/span><\/p>\n<p><span style=\"color: #000000;\">fat 11.00 g\/ 3.30 g 4.71%<\/span><br \/>\n<span style=\"color: #000000;\">of which: saturated fatty acids 1.50 g \/ 0.45 g 2.25%<\/span><br \/>\n<span style=\"color: #000000;\">carbohydrates 37.00 g \/ 11.10 g 4.27 percent<\/span><br \/>\n<span style=\"color: #000000;\">of which sugars 5.30 g \/ 1.59 g 1.77 percent.<\/span><br \/>\n<span style=\"color: #000000;\">fiber materials 3.90 g \/ 1.17 g 3.90%<\/span><br \/>\n<span style=\"color: #000000;\">protein 37.00 g \/ 11.10 g 22.20%<\/span><br \/>\n<span style=\"color: #000000;\">of salts 1.00 g \/ 0.30 g 5.00%<\/span><\/p>","protected":false},"excerpt":{"rendered":"<p><span style=\"color: #000000;\">You often ask how long the package of your favorite Slim cocktail is enough for. And we have created a set for you, which will last you even two months!* <\/span><\/p>\n<p><span style=\"color: #000000;\"><strong>Slim slimming cocktail<\/strong> - this is an innovative new item in our product range, it is a meal replacement, where you can replace one of the meals of the day with a portion of a cocktail. This way you will consume very few calories, you will get up to 22 different vitamins and minerals and proteins. This cocktail is designed for women who want to improve their body shape before summer or who often do not have time to have a snack or breakfast. It will be your perfect companion to reduce your daily calorie intake and thus reduce your body weight.\u00a0<\/span><\/p>\n<p><span style=\"color: #000000;\"><strong>The set includes:<\/strong> Four Slim Queen slimming cocktails of your choice (420 g each, total 1680 g).\u00a0<\/span><br \/>\n<span style=\"color: #000000;\"><br \/>\n*You will have enough shakes for two months if you consume one recommended serving once a day. Average of 14 servings per package.\u00a0<\/span><\/p>\n<p><img fetchpriority=\"high\" decoding=\"async\" class=\"alignnone size-full wp-image-26824\" src=\"https:\/\/fitnsweet.eu\/wp-content\/uploads\/2020\/11\/1_ikonos-03.png\" alt=\"\" width=\"1920\" height=\"567\" \/><\/p>","protected":false},"featured_media":45515,"comment_status":"open","ping_status":"closed","template":"","meta":{"site-sidebar-layout":"default","site-content-layout":"default","ast-site-content-layout":"default","site-content-style":"default","site-sidebar-style":"default","ast-global-header-display":"","ast-banner-title-visibility":"","ast-main-header-display":"","ast-hfb-above-header-display":"","ast-hfb-below-header-display":"","ast-hfb-mobile-header-display":"","site-post-title":"","ast-breadcrumbs-content":"","ast-featured-img":"","footer-sml-layout":"","ast-disable-related-posts":"","theme-transparent-header-meta":"default","adv-header-id-meta":"","stick-header-meta":"","header-above-stick-meta":"","header-main-stick-meta":"","header-below-stick-meta":"","astra-migrate-meta-layouts":"set","ast-page-background-enabled":"default","ast-page-background-meta":{"desktop":{"background-color":"var(--ast-global-color-4)","background-image":"","background-repeat":"repeat","background-position":"center center","background-size":"auto","background-attachment":"scroll","background-type":"","background-media":"","overlay-type":"","overlay-color":"","overlay-opacity":"","overlay-gradient":""},"tablet":{"background-color":"","background-image":"","background-repeat":"repeat","background-position":"center center","background-size":"auto","background-attachment":"scroll","background-type":"","background-media":"","overlay-type":"","overlay-color":"","overlay-opacity":"","overlay-gradient":""},"mobile":{"background-color":"","background-image":"","background-repeat":"repeat","background-position":"center center","background-size":"auto","background-attachment":"scroll","background-type":"","background-media":"","overlay-type":"","overlay-color":"","overlay-opacity":"","overlay-gradient":""}},"ast-content-background-meta":{"desktop":{"background-color":"var(--ast-global-color-5)","background-image":"","background-repeat":"repeat","background-position":"center center","background-size":"auto","background-attachment":"scroll","background-type":"","background-media":"","overlay-type":"","overlay-color":"","overlay-opacity":"","overlay-gradient":""},"tablet":{"background-color":"var(--ast-global-color-5)","background-image":"","background-repeat":"repeat","background-position":"center center","background-size":"auto","background-attachment":"scroll","background-type":"","background-media":"","overlay-type":"","overlay-color":"","overlay-opacity":"","overlay-gradient":""},"mobile":{"background-color":"var(--ast-global-color-5)","background-image":"","background-repeat":"repeat","background-position":"center center","background-size":"auto","background-attachment":"scroll","background-type":"","background-media":"","overlay-type":"","overlay-color":"","overlay-opacity":"","overlay-gradient":""}}},"product_brand":[],"product_cat":[396,393,377,394,387,365,314,313,321,13,112,148],"product_tag":[],"class_list":{"0":"post-23496","1":"product","2":"type-product","3":"status-publish","4":"has-post-thumbnail","6":"product_cat-lieknejimui","7":"product_cat-rinkiniai","8":"product_cat-slim-queen-maisto-pakaitalo-kokteiliai-2","9":"product_cat-sportui","10":"product_cat-visi-produktai","11":"product_cat-ispardavimas","12":"product_cat-slim-queen-maisto-pakaitalo-kokteiliai","13":"product_cat-baltyminiai-kokteiliai","14":"product_cat-energija-efektyvumas","15":"product_cat-httpfitnsweet-ltprodukto-kategorijagymqueen","16":"product_cat-gymqueen-figurai","17":"product_cat-gymqueen-rinkiniai","18":"desktop-align-left","19":"tablet-align-left","20":"mobile-align-left","22":"first","23":"instock","24":"sale","25":"featured","26":"taxable","27":"shipping-taxable","28":"purchasable","29":"product-type-variable"},"yoast_head":"<!-- This site is optimized with the Yoast SEO plugin v26.9 - https:\/\/yoast.com\/product\/yoast-seo-wordpress\/ -->\n<title>Dviej\u0173 m\u0117nesi\u0173 Slim Queen liekn\u0117jimo kokteili\u0173 rinkinys - Fitnsweet.eu<\/title>\n<meta name=\"robots\" content=\"index, follow, max-snippet:-1, max-image-preview:large, max-video-preview:-1\" \/>\n<link rel=\"canonical\" href=\"https:\/\/fitnsweet.eu\/en\/product-2\/two-month-slim-queen-slimming-cocktail-set-2\/\" \/>\n<meta property=\"og:locale\" content=\"en_US\" \/>\n<meta property=\"og:type\" content=\"article\" \/>\n<meta property=\"og:title\" content=\"Dviej\u0173 m\u0117nesi\u0173 Slim Queen liekn\u0117jimo kokteili\u0173 rinkinys - Fitnsweet.eu\" \/>\n<meta property=\"og:description\" content=\"Da\u017enai klausiate, kuriam laikui u\u017etenka J\u016bs\u0173 jau itin pam\u0117gto Slim kokteilio pakuot\u0117s. Ir mes suk\u016br\u0117me rinkin\u012f Jums, kurio Jums u\u017eteks net dviems m\u0117nesiams!*   Slim liekn\u0117jimo kokteilis - tai inovatyvi naujiena m\u016bs\u0173 gamini\u0173 asortimente, tai maisto pakaitalas, kai kokteilio porcija galite keisti vien\u0105 i\u0161 dienos valgym\u0173. Taip suvartosite itin ma\u017eai kalorij\u0173, gausite net iki 22 skirting\u0173 vitamin\u0173 bei mineral\u0173 ir baltym\u0173. \u0160is kokteilis sukurtas moterims, kurios nori padailinti k\u016bno formas prie\u0161 vasar\u0105 ar da\u017enai nesp\u0117ja laiku u\u017ek\u0105sti, ar papusry\u010diauti. Tai bus J\u016bs\u0173 puikus kompanjonas norint suma\u017einti suvartojam\u0173 kalorij\u0173 kiek\u012f dienoje ir taip suma\u017einti k\u016bno svor\u012f.\u00a0  Rinkin\u012f sudaro: Keturi J\u016bs\u0173 pasirinkt\u0173 skoni\u0173 Slim Queen liekn\u0117jimo kokteiliai (po 420 g, viso 1680 g).\u00a0  *Kokteili\u0173 u\u017eteksite dviems m\u0117nesiams vartojant vien\u0105 kart\u0105 per dien\u0105 po vien\u0105 rekomenduojam\u0105 porcij\u0105. Pakuot\u0117je vidutini\u0161kai 14 porcij\u0173.\u00a0\" \/>\n<meta property=\"og:url\" content=\"https:\/\/fitnsweet.eu\/en\/product-2\/two-month-slim-queen-slimming-cocktail-set-2\/\" \/>\n<meta property=\"og:site_name\" content=\"Fitnsweet.eu\" \/>\n<meta property=\"article:modified_time\" content=\"2026-01-05T06:57:05+00:00\" \/>\n<meta property=\"og:image\" content=\"https:\/\/fitnsweet.eu\/wp-content\/uploads\/2021\/03\/dvieju-menesiu-rink_slim-shake_fitnsweet.png\" \/>\n\t<meta property=\"og:image:width\" content=\"1080\" \/>\n\t<meta property=\"og:image:height\" content=\"1080\" \/>\n\t<meta property=\"og:image:type\" content=\"image\/png\" \/>\n<meta name=\"twitter:card\" content=\"summary_large_image\" \/>\n<meta name=\"twitter:label1\" content=\"Est. reading time\" \/>\n\t<meta name=\"twitter:data1\" content=\"3 minutes\" \/>\n<script type=\"application\/ld+json\" class=\"yoast-schema-graph\">{\"@context\":\"https:\/\/schema.org\",\"@graph\":[{\"@type\":\"WebPage\",\"@id\":\"https:\/\/fitnsweet.eu\/produktas\/dvieju-menesiu-slim-queen-lieknejimo-kokteiliu-rinkinys\/\",\"url\":\"https:\/\/fitnsweet.eu\/produktas\/dvieju-menesiu-slim-queen-lieknejimo-kokteiliu-rinkinys\/\",\"name\":\"Dviej\u0173 m\u0117nesi\u0173 Slim Queen liekn\u0117jimo kokteili\u0173 rinkinys - Fitnsweet.eu\",\"isPartOf\":{\"@id\":\"https:\/\/fitnsweet.eu\/#website\"},\"primaryImageOfPage\":{\"@id\":\"https:\/\/fitnsweet.eu\/produktas\/dvieju-menesiu-slim-queen-lieknejimo-kokteiliu-rinkinys\/#primaryimage\"},\"image\":{\"@id\":\"https:\/\/fitnsweet.eu\/produktas\/dvieju-menesiu-slim-queen-lieknejimo-kokteiliu-rinkinys\/#primaryimage\"},\"thumbnailUrl\":\"https:\/\/fitnsweet.eu\/wp-content\/uploads\/2021\/03\/dvieju-menesiu-rink_slim-shake_fitnsweet.png\",\"datePublished\":\"2021-03-17T20:11:09+00:00\",\"dateModified\":\"2026-01-05T06:57:05+00:00\",\"breadcrumb\":{\"@id\":\"https:\/\/fitnsweet.eu\/produktas\/dvieju-menesiu-slim-queen-lieknejimo-kokteiliu-rinkinys\/#breadcrumb\"},\"inLanguage\":\"en-US\",\"potentialAction\":[{\"@type\":\"ReadAction\",\"target\":[\"https:\/\/fitnsweet.eu\/produktas\/dvieju-menesiu-slim-queen-lieknejimo-kokteiliu-rinkinys\/\"]}]},{\"@type\":\"ImageObject\",\"inLanguage\":\"en-US\",\"@id\":\"https:\/\/fitnsweet.eu\/produktas\/dvieju-menesiu-slim-queen-lieknejimo-kokteiliu-rinkinys\/#primaryimage\",\"url\":\"https:\/\/fitnsweet.eu\/wp-content\/uploads\/2021\/03\/dvieju-menesiu-rink_slim-shake_fitnsweet.png\",\"contentUrl\":\"https:\/\/fitnsweet.eu\/wp-content\/uploads\/2021\/03\/dvieju-menesiu-rink_slim-shake_fitnsweet.png\",\"width\":1080,\"height\":1080},{\"@type\":\"BreadcrumbList\",\"@id\":\"https:\/\/fitnsweet.eu\/produktas\/dvieju-menesiu-slim-queen-lieknejimo-kokteiliu-rinkinys\/#breadcrumb\",\"itemListElement\":[{\"@type\":\"ListItem\",\"position\":1,\"name\":\"Home\",\"item\":\"https:\/\/fitnsweet.eu\/\"},{\"@type\":\"ListItem\",\"position\":2,\"name\":\"Produktai\",\"item\":\"https:\/\/fitnsweet.eu\/parduotuve\/\"},{\"@type\":\"ListItem\",\"position\":3,\"name\":\"Dviej\u0173 m\u0117nesi\u0173 Slim Queen liekn\u0117jimo kokteili\u0173 rinkinys\"}]},{\"@type\":\"WebSite\",\"@id\":\"https:\/\/fitnsweet.eu\/#website\",\"url\":\"https:\/\/fitnsweet.eu\/\",\"name\":\"Fitnsweet.eu\",\"description\":\"Sveika. Saldu. Naudinga.\",\"potentialAction\":[{\"@type\":\"SearchAction\",\"target\":{\"@type\":\"EntryPoint\",\"urlTemplate\":\"https:\/\/fitnsweet.eu\/?s={search_term_string}\"},\"query-input\":{\"@type\":\"PropertyValueSpecification\",\"valueRequired\":true,\"valueName\":\"search_term_string\"}}],\"inLanguage\":\"en-US\"}]}<\/script>\n<!-- \/ Yoast SEO plugin. -->","yoast_head_json":{"title":"Two-month Slim Queen slimming cocktail set - Fitnsweet.eu","robots":{"index":"index","follow":"follow","max-snippet":"max-snippet:-1","max-image-preview":"max-image-preview:large","max-video-preview":"max-video-preview:-1"},"canonical":"https:\/\/fitnsweet.eu\/en\/product-2\/two-month-slim-queen-slimming-cocktail-set-2\/","og_locale":"en_US","og_type":"article","og_title":"Dviej\u0173 m\u0117nesi\u0173 Slim Queen liekn\u0117jimo kokteili\u0173 rinkinys - Fitnsweet.eu","og_description":"Da\u017enai klausiate, kuriam laikui u\u017etenka J\u016bs\u0173 jau itin pam\u0117gto Slim kokteilio pakuot\u0117s. Ir mes suk\u016br\u0117me rinkin\u012f Jums, kurio Jums u\u017eteks net dviems m\u0117nesiams!*   Slim liekn\u0117jimo kokteilis - tai inovatyvi naujiena m\u016bs\u0173 gamini\u0173 asortimente, tai maisto pakaitalas, kai kokteilio porcija galite keisti vien\u0105 i\u0161 dienos valgym\u0173. Taip suvartosite itin ma\u017eai kalorij\u0173, gausite net iki 22 skirting\u0173 vitamin\u0173 bei mineral\u0173 ir baltym\u0173. \u0160is kokteilis sukurtas moterims, kurios nori padailinti k\u016bno formas prie\u0161 vasar\u0105 ar da\u017enai nesp\u0117ja laiku u\u017ek\u0105sti, ar papusry\u010diauti. Tai bus J\u016bs\u0173 puikus kompanjonas norint suma\u017einti suvartojam\u0173 kalorij\u0173 kiek\u012f dienoje ir taip suma\u017einti k\u016bno svor\u012f.\u00a0  Rinkin\u012f sudaro: Keturi J\u016bs\u0173 pasirinkt\u0173 skoni\u0173 Slim Queen liekn\u0117jimo kokteiliai (po 420 g, viso 1680 g).\u00a0  *Kokteili\u0173 u\u017eteksite dviems m\u0117nesiams vartojant vien\u0105 kart\u0105 per dien\u0105 po vien\u0105 rekomenduojam\u0105 porcij\u0105. Pakuot\u0117je vidutini\u0161kai 14 porcij\u0173.\u00a0","og_url":"https:\/\/fitnsweet.eu\/en\/product-2\/two-month-slim-queen-slimming-cocktail-set-2\/","og_site_name":"Fitnsweet.eu","article_modified_time":"2026-01-05T06:57:05+00:00","og_image":[{"width":1080,"height":1080,"url":"https:\/\/fitnsweet.eu\/wp-content\/uploads\/2021\/03\/dvieju-menesiu-rink_slim-shake_fitnsweet.png","type":"image\/png"}],"twitter_card":"summary_large_image","twitter_misc":{"Est. reading time":"3 minutes"},"schema":{"@context":"https:\/\/schema.org","@graph":[{"@type":"WebPage","@id":"https:\/\/fitnsweet.eu\/produktas\/dvieju-menesiu-slim-queen-lieknejimo-kokteiliu-rinkinys\/","url":"https:\/\/fitnsweet.eu\/produktas\/dvieju-menesiu-slim-queen-lieknejimo-kokteiliu-rinkinys\/","name":"Two-month Slim Queen slimming cocktail set - Fitnsweet.eu","isPartOf":{"@id":"https:\/\/fitnsweet.eu\/#website"},"primaryImageOfPage":{"@id":"https:\/\/fitnsweet.eu\/produktas\/dvieju-menesiu-slim-queen-lieknejimo-kokteiliu-rinkinys\/#primaryimage"},"image":{"@id":"https:\/\/fitnsweet.eu\/produktas\/dvieju-menesiu-slim-queen-lieknejimo-kokteiliu-rinkinys\/#primaryimage"},"thumbnailUrl":"https:\/\/fitnsweet.eu\/wp-content\/uploads\/2021\/03\/dvieju-menesiu-rink_slim-shake_fitnsweet.png","datePublished":"2021-03-17T20:11:09+00:00","dateModified":"2026-01-05T06:57:05+00:00","breadcrumb":{"@id":"https:\/\/fitnsweet.eu\/produktas\/dvieju-menesiu-slim-queen-lieknejimo-kokteiliu-rinkinys\/#breadcrumb"},"inLanguage":"en-US","potentialAction":[{"@type":"ReadAction","target":["https:\/\/fitnsweet.eu\/produktas\/dvieju-menesiu-slim-queen-lieknejimo-kokteiliu-rinkinys\/"]}]},{"@type":"ImageObject","inLanguage":"en-US","@id":"https:\/\/fitnsweet.eu\/produktas\/dvieju-menesiu-slim-queen-lieknejimo-kokteiliu-rinkinys\/#primaryimage","url":"https:\/\/fitnsweet.eu\/wp-content\/uploads\/2021\/03\/dvieju-menesiu-rink_slim-shake_fitnsweet.png","contentUrl":"https:\/\/fitnsweet.eu\/wp-content\/uploads\/2021\/03\/dvieju-menesiu-rink_slim-shake_fitnsweet.png","width":1080,"height":1080},{"@type":"BreadcrumbList","@id":"https:\/\/fitnsweet.eu\/produktas\/dvieju-menesiu-slim-queen-lieknejimo-kokteiliu-rinkinys\/#breadcrumb","itemListElement":[{"@type":"ListItem","position":1,"name":"Home","item":"https:\/\/fitnsweet.eu\/"},{"@type":"ListItem","position":2,"name":"Produktai","item":"https:\/\/fitnsweet.eu\/parduotuve\/"},{"@type":"ListItem","position":3,"name":"Dviej\u0173 m\u0117nesi\u0173 Slim Queen liekn\u0117jimo kokteili\u0173 rinkinys"}]},{"@type":"WebSite","@id":"https:\/\/fitnsweet.eu\/#website","url":"https:\/\/fitnsweet.eu\/","name":"Fitnsweet.eu","description":"Hello. Sweet. Useful.","potentialAction":[{"@type":"SearchAction","target":{"@type":"EntryPoint","urlTemplate":"https:\/\/fitnsweet.eu\/?s={search_term_string}"},"query-input":{"@type":"PropertyValueSpecification","valueRequired":true,"valueName":"search_term_string"}}],"inLanguage":"en-US"}]}},"_links":{"self":[{"href":"https:\/\/fitnsweet.eu\/en\/wp-json\/wp\/v2\/product\/23496","targetHints":{"allow":["GET"]}}],"collection":[{"href":"https:\/\/fitnsweet.eu\/en\/wp-json\/wp\/v2\/product"}],"about":[{"href":"https:\/\/fitnsweet.eu\/en\/wp-json\/wp\/v2\/types\/product"}],"replies":[{"embeddable":true,"href":"https:\/\/fitnsweet.eu\/en\/wp-json\/wp\/v2\/comments?post=23496"}],"version-history":[{"count":9,"href":"https:\/\/fitnsweet.eu\/en\/wp-json\/wp\/v2\/product\/23496\/revisions"}],"predecessor-version":[{"id":38306,"href":"https:\/\/fitnsweet.eu\/en\/wp-json\/wp\/v2\/product\/23496\/revisions\/38306"}],"wp:featuredmedia":[{"embeddable":true,"href":"https:\/\/fitnsweet.eu\/en\/wp-json\/wp\/v2\/media\/45515"}],"wp:attachment":[{"href":"https:\/\/fitnsweet.eu\/en\/wp-json\/wp\/v2\/media?parent=23496"}],"wp:term":[{"taxonomy":"product_brand","embeddable":true,"href":"https:\/\/fitnsweet.eu\/en\/wp-json\/wp\/v2\/product_brand?post=23496"},{"taxonomy":"product_cat","embeddable":true,"href":"https:\/\/fitnsweet.eu\/en\/wp-json\/wp\/v2\/product_cat?post=23496"},{"taxonomy":"product_tag","embeddable":true,"href":"https:\/\/fitnsweet.eu\/en\/wp-json\/wp\/v2\/product_tag?post=23496"}],"curies":[{"name":"wp","href":"https:\/\/api.w.org\/{rel}","templated":true}]}}