{"id":243,"date":"2016-08-26T19:34:23","date_gmt":"2016-08-26T16:34:23","guid":{"rendered":"http:\/\/fitnsweet.lt\/?post_type=product&#038;p=243"},"modified":"2024-12-06T23:33:28","modified_gmt":"2024-12-06T21:33:28","slug":"queen-protein-mix-for-pancakes-2","status":"publish","type":"product","link":"https:\/\/fitnsweet.eu\/en\/product-2\/queen-protein-mix-for-pancakes-2\/","title":{"rendered":"Queen protein mixture for pancakes"},"content":{"rendered":"<p><span style=\"color: #ff00ff;\">Composition<\/span>:\u00a0<span style=\"color: #000000;\">protein mixture: whey protein isolate and whey protein concentrate, egg powder, wheat flour, sweeteners: sucralose, soy lecithin, flavorings, sodium carbonate, citric acid.<\/span><\/p>\n<p><span style=\"color: #ff00ff;\">Possible allergens:<\/span> <span style=\"color: #000000;\">this product contains traces of egg, milk protein, soy lecithin and lactose.<\/span><\/p>\n<p><span style=\"color: #ff00ff;\">Energy value<\/span>:\u00a0<span style=\"color: #000000;\">100 g: 380 kcal, 60 g of protein, 27 g of carbohydrates (of which 4 g of sugar), 3 g of fat (of which 2 g of saturated fatty acids). (The energy value of individual flavors may vary slightly).\u00a0<\/span><\/p>\n<p><span style=\"color: #ff00ff;\">Portion size<\/span>: <span style=\"color: #000000;\">Mix 50 g of the mixture with 125 ml of water or milk (measuring spoon included in the package).<\/span><\/p>\n<p><span style=\"color: #ff00ff;\">How to use Queen protein pancake mix?\u00a0<\/span><span style=\"color: #000000;\">Simply mix the Queen protein pancake mix with water or milk, shake it in a whisk, shaker and pour the resulting liquid mass into the hot pan. Form pancakes of the desired size. If you are frying in a pan, turn the pancakes over and fry them on both sides. And enjoy healthy food. You can also bake in a waffle iron or other metal special pancake oven. You can also add a little coconut oil to the resulting mass. Eat with your favorite jam, nut butter and other favorite condiments.<\/span><\/p>\n<p><span style=\"color: #ff00ff;\">NEW! Another great tasting Queen Protein Pancake Mix is now available!<\/span> <span style=\"color: #000000;\">Almond, white chocolate and coconut (Rafaelo) flavor mix is now available! It is a wonderful mixture of three flavors, you can enjoy sweet crepes.<\/span><\/p>\n<p><span style=\"color: #000000;\"><strong><span style=\"color: #ff00ff;\">Brand NEW Cheesecake and Kinder Milk Chocolate Crepe Mixes are also NOW ON SALE!<\/span><\/strong><\/span><\/p>\n<p><span style=\"color: #ff00ff;\">Date of expiry<\/span>: <span style=\"color: #000000;\">indicated on the package.<\/span><br \/>\n<span style=\"color: #ff00ff;\">Manufacturer:<\/span> <span style=\"color: #000000;\">Germany.<\/span><\/p>","protected":false},"excerpt":{"rendered":"<p style=\"text-align: justify; padding-left: 40px;\"><span style=\"color: #000000;\">When exercising, following a diet or diet, we often run out of ideas about what to eat for breakfast or what to choose for dinner, so that it is useful and healthy for our body.\u00a0<\/span><\/p>\n<p style=\"text-align: justify;\"><span style=\"color: #000000;\">Queen protein mix is perfect for a delicious, healthy, protein-rich breakfast, dinner or snack between main meals.<\/span><br \/>\n<span style=\"color: #ff00ff;\">This mix has as much as 60g of protein and only 27g of carbohydrates and 3g of fat per serving. You can choose from several of your favorite flavors.<\/span><br \/>\n<span style=\"color: #000000;\">The mixture is quick and easy to prepare and has a great taste. You can flavor the pancakes with your favorite jam, yogurt, nut butter or other seasonings. QUEEN PROTEIN PANCAKE MIX WITHOUT ARTIFICIAL FLAVORS AND ASPARTAME.\u00a0<\/span><\/p>\n<p style=\"text-align: justify;\"><span style=\"color: #000000;\">Queen protein mixture for pancakes, made in Germany from the highest quality materials, ensures safe consumption.\u00a0<\/span><\/p>\n<p style=\"text-align: justify;\"><span style=\"color: #000000;\">The package contains 500 g of dry mixture.\u00a0<\/span><\/p>\n<p><img fetchpriority=\"high\" decoding=\"async\" class=\"alignnone size-full wp-image-26824\" src=\"https:\/\/fitnsweet.eu\/wp-content\/uploads\/2020\/11\/1_ikonos-03.png\" alt=\"\" width=\"16247\" height=\"4800\" \/><\/p>","protected":false},"featured_media":33781,"comment_status":"open","ping_status":"closed","template":"","meta":{"site-sidebar-layout":"default","site-content-layout":"default","ast-site-content-layout":"default","site-content-style":"default","site-sidebar-style":"default","ast-global-header-display":"","ast-banner-title-visibility":"","ast-main-header-display":"","ast-hfb-above-header-display":"","ast-hfb-below-header-display":"","ast-hfb-mobile-header-display":"","site-post-title":"","ast-breadcrumbs-content":"","ast-featured-img":"","footer-sml-layout":"","ast-disable-related-posts":"","theme-transparent-header-meta":"default","adv-header-id-meta":"","stick-header-meta":"","header-above-stick-meta":"","header-main-stick-meta":"","header-below-stick-meta":"","astra-migrate-meta-layouts":"set","ast-page-background-enabled":"default","ast-page-background-meta":{"desktop":{"background-color":"var(--ast-global-color-4)","background-image":"","background-repeat":"repeat","background-position":"center center","background-size":"auto","background-attachment":"scroll","background-type":"","background-media":"","overlay-type":"","overlay-color":"","overlay-opacity":"","overlay-gradient":""},"tablet":{"background-color":"","background-image":"","background-repeat":"repeat","background-position":"center center","background-size":"auto","background-attachment":"scroll","background-type":"","background-media":"","overlay-type":"","overlay-color":"","overlay-opacity":"","overlay-gradient":""},"mobile":{"background-color":"","background-image":"","background-repeat":"repeat","background-position":"center center","background-size":"auto","background-attachment":"scroll","background-type":"","background-media":"","overlay-type":"","overlay-color":"","overlay-opacity":"","overlay-gradient":""}},"ast-content-background-meta":{"desktop":{"background-color":"var(--ast-global-color-5)","background-image":"","background-repeat":"repeat","background-position":"center center","background-size":"auto","background-attachment":"scroll","background-type":"","background-media":"","overlay-type":"","overlay-color":"","overlay-opacity":"","overlay-gradient":""},"tablet":{"background-color":"var(--ast-global-color-5)","background-image":"","background-repeat":"repeat","background-position":"center center","background-size":"auto","background-attachment":"scroll","background-type":"","background-media":"","overlay-type":"","overlay-color":"","overlay-opacity":"","overlay-gradient":""},"mobile":{"background-color":"var(--ast-global-color-5)","background-image":"","background-repeat":"repeat","background-position":"center center","background-size":"auto","background-attachment":"scroll","background-type":"","background-media":"","overlay-type":"","overlay-color":"","overlay-opacity":"","overlay-gradient":""}}},"product_brand":[],"product_cat":[380,378,387,315,13,112,114],"product_tag":[182,146,37,149,181,16,164,20,184,199,183],"class_list":{"0":"post-243","1":"product","2":"type-product","3":"status-publish","4":"has-post-thumbnail","6":"product_cat-sokoladiniai-kremai-uogienes","7":"product_cat-uzkandziai","8":"product_cat-visi-produktai","9":"product_cat-baltyminiai-misiniai-kepimui","10":"product_cat-httpfitnsweet-ltprodukto-kategorijagymqueen","11":"product_cat-gymqueen-figurai","12":"product_cat-gymqueen-sportui","13":"product_tag-baltyminiu-blyneliu-misiniai","14":"product_tag-blynai","15":"product_tag-blyneliai","16":"product_tag-blyneliu-misinys","17":"product_tag-blyneliu-misiniai","18":"product_tag-gymqueen","19":"product_tag-gymqueen-sportui","20":"product_tag-proteinas","21":"product_tag-queen-blyneliai","22":"product_tag-skanus-blyneliai","23":"product_tag-sveiki-blyneliai","24":"desktop-align-left","25":"tablet-align-left","26":"mobile-align-left","28":"first","29":"instock","30":"taxable","31":"shipping-taxable","32":"purchasable","33":"product-type-variable"},"yoast_head":"<!-- This site is optimized with the Yoast SEO plugin v26.9 - https:\/\/yoast.com\/product\/yoast-seo-wordpress\/ -->\n<title>Queen baltyminis mi\u0161inys blyneliams - Fitnsweet.eu<\/title>\n<meta name=\"robots\" content=\"index, follow, max-snippet:-1, max-image-preview:large, max-video-preview:-1\" \/>\n<link rel=\"canonical\" href=\"https:\/\/fitnsweet.eu\/en\/product-2\/queen-protein-mix-for-pancakes-2\/\" \/>\n<meta property=\"og:locale\" content=\"en_US\" \/>\n<meta property=\"og:type\" content=\"article\" \/>\n<meta property=\"og:title\" content=\"Queen baltyminis mi\u0161inys blyneliams - Fitnsweet.eu\" \/>\n<meta property=\"og:description\" content=\"Sportuojant, laikantis mitybos re\u017eimo ar dietos, da\u017enai pritr\u016bkstama id\u0117j\u0173, k\u0105 valgyti pusry\u010diams ar k\u0105 pasirinkti vakarienei, kad tai b\u016bt\u0173 naudinga bei sveika m\u016bs\u0173 k\u016bnui.\u00a0 Queen baltyminis mi\u0161inys puikiai tiks skaniems, sveikiems, baltymais praturtintiems pusry\u010diams, vakarienei ar u\u017ekand\u017eiui tarp pagrindini\u0173 valgym\u0173. \u0160iame mi\u0161inyje net 60 g baltym\u0173 ir tik 27 g angliavandeni\u0173 ir 3 g riebal\u0173 vienoje porcijoje. Galite rinktis i\u0161 keli\u0173 J\u016bs\u0173 m\u0117gstamiausi\u0173 skoni\u0173. Lengvai ir greitai paruo\u0161iamas mi\u0161inys pasi\u017eymi puikiu skoniu. Blynelius galite gardinti J\u016bs\u0173 m\u0117gstama uogiene, jogurtu, rie\u0161ut\u0173 sviestu ar kitais pagardais. QUEEN BALTYMINI\u0172 BLYNELI\u0172 MI\u0160INIAI BE DIRBTINI\u0172 SKONIO STIPRIKLI\u0172 BEI ASPARTAMO.\u00a0 Queen baltyminis mi\u0161inys blyneliams, pagamintas Vokietijoje i\u0161 auk\u0161\u010diausios kokyb\u0117s med\u017eiag\u0173, u\u017etikrina saug\u0173 vartojim\u0105.\u00a0 Pakuot\u0117je - 500 g sauso mi\u0161inio.\u00a0\" \/>\n<meta property=\"og:url\" content=\"https:\/\/fitnsweet.eu\/en\/product-2\/queen-protein-mix-for-pancakes-2\/\" \/>\n<meta property=\"og:site_name\" content=\"Fitnsweet.eu\" \/>\n<meta property=\"article:modified_time\" content=\"2024-12-06T21:33:28+00:00\" \/>\n<meta property=\"og:image\" content=\"https:\/\/fitnsweet.eu\/wp-content\/uploads\/2016\/08\/gq_pancakes_vanille_shadow_fnsku.png\" \/>\n\t<meta property=\"og:image:width\" content=\"1600\" \/>\n\t<meta property=\"og:image:height\" content=\"1600\" \/>\n\t<meta property=\"og:image:type\" content=\"image\/png\" \/>\n<meta name=\"twitter:card\" content=\"summary_large_image\" \/>\n<meta name=\"twitter:label1\" content=\"Est. reading time\" \/>\n\t<meta name=\"twitter:data1\" content=\"2 minutes\" \/>\n<script type=\"application\/ld+json\" class=\"yoast-schema-graph\">{\"@context\":\"https:\/\/schema.org\",\"@graph\":[{\"@type\":\"WebPage\",\"@id\":\"https:\/\/fitnsweet.eu\/produktas\/queen-baltyminis-misinys-blyneliams\/\",\"url\":\"https:\/\/fitnsweet.eu\/produktas\/queen-baltyminis-misinys-blyneliams\/\",\"name\":\"Queen baltyminis mi\u0161inys blyneliams - Fitnsweet.eu\",\"isPartOf\":{\"@id\":\"https:\/\/fitnsweet.eu\/#website\"},\"primaryImageOfPage\":{\"@id\":\"https:\/\/fitnsweet.eu\/produktas\/queen-baltyminis-misinys-blyneliams\/#primaryimage\"},\"image\":{\"@id\":\"https:\/\/fitnsweet.eu\/produktas\/queen-baltyminis-misinys-blyneliams\/#primaryimage\"},\"thumbnailUrl\":\"https:\/\/fitnsweet.eu\/wp-content\/uploads\/2016\/08\/gq_pancakes_vanille_shadow_fnsku.png\",\"datePublished\":\"2016-08-26T16:34:23+00:00\",\"dateModified\":\"2024-12-06T21:33:28+00:00\",\"breadcrumb\":{\"@id\":\"https:\/\/fitnsweet.eu\/produktas\/queen-baltyminis-misinys-blyneliams\/#breadcrumb\"},\"inLanguage\":\"en-US\",\"potentialAction\":[{\"@type\":\"ReadAction\",\"target\":[\"https:\/\/fitnsweet.eu\/produktas\/queen-baltyminis-misinys-blyneliams\/\"]}]},{\"@type\":\"ImageObject\",\"inLanguage\":\"en-US\",\"@id\":\"https:\/\/fitnsweet.eu\/produktas\/queen-baltyminis-misinys-blyneliams\/#primaryimage\",\"url\":\"https:\/\/fitnsweet.eu\/wp-content\/uploads\/2016\/08\/gq_pancakes_vanille_shadow_fnsku.png\",\"contentUrl\":\"https:\/\/fitnsweet.eu\/wp-content\/uploads\/2016\/08\/gq_pancakes_vanille_shadow_fnsku.png\",\"width\":1600,\"height\":1600},{\"@type\":\"BreadcrumbList\",\"@id\":\"https:\/\/fitnsweet.eu\/produktas\/queen-baltyminis-misinys-blyneliams\/#breadcrumb\",\"itemListElement\":[{\"@type\":\"ListItem\",\"position\":1,\"name\":\"Home\",\"item\":\"https:\/\/fitnsweet.eu\/\"},{\"@type\":\"ListItem\",\"position\":2,\"name\":\"Produktai\",\"item\":\"https:\/\/fitnsweet.eu\/parduotuve\/\"},{\"@type\":\"ListItem\",\"position\":3,\"name\":\"Queen baltyminis mi\u0161inys blyneliams\"}]},{\"@type\":\"WebSite\",\"@id\":\"https:\/\/fitnsweet.eu\/#website\",\"url\":\"https:\/\/fitnsweet.eu\/\",\"name\":\"Fitnsweet.eu\",\"description\":\"Sveika. Saldu. Naudinga.\",\"potentialAction\":[{\"@type\":\"SearchAction\",\"target\":{\"@type\":\"EntryPoint\",\"urlTemplate\":\"https:\/\/fitnsweet.eu\/?s={search_term_string}\"},\"query-input\":{\"@type\":\"PropertyValueSpecification\",\"valueRequired\":true,\"valueName\":\"search_term_string\"}}],\"inLanguage\":\"en-US\"}]}<\/script>\n<!-- \/ Yoast SEO plugin. -->","yoast_head_json":{"title":"Queen protein mixture for pancakes - Fitnsweet.eu","robots":{"index":"index","follow":"follow","max-snippet":"max-snippet:-1","max-image-preview":"max-image-preview:large","max-video-preview":"max-video-preview:-1"},"canonical":"https:\/\/fitnsweet.eu\/en\/product-2\/queen-protein-mix-for-pancakes-2\/","og_locale":"en_US","og_type":"article","og_title":"Queen baltyminis mi\u0161inys blyneliams - Fitnsweet.eu","og_description":"Sportuojant, laikantis mitybos re\u017eimo ar dietos, da\u017enai pritr\u016bkstama id\u0117j\u0173, k\u0105 valgyti pusry\u010diams ar k\u0105 pasirinkti vakarienei, kad tai b\u016bt\u0173 naudinga bei sveika m\u016bs\u0173 k\u016bnui.\u00a0 Queen baltyminis mi\u0161inys puikiai tiks skaniems, sveikiems, baltymais praturtintiems pusry\u010diams, vakarienei ar u\u017ekand\u017eiui tarp pagrindini\u0173 valgym\u0173. \u0160iame mi\u0161inyje net 60 g baltym\u0173 ir tik 27 g angliavandeni\u0173 ir 3 g riebal\u0173 vienoje porcijoje. Galite rinktis i\u0161 keli\u0173 J\u016bs\u0173 m\u0117gstamiausi\u0173 skoni\u0173. Lengvai ir greitai paruo\u0161iamas mi\u0161inys pasi\u017eymi puikiu skoniu. Blynelius galite gardinti J\u016bs\u0173 m\u0117gstama uogiene, jogurtu, rie\u0161ut\u0173 sviestu ar kitais pagardais. QUEEN BALTYMINI\u0172 BLYNELI\u0172 MI\u0160INIAI BE DIRBTINI\u0172 SKONIO STIPRIKLI\u0172 BEI ASPARTAMO.\u00a0 Queen baltyminis mi\u0161inys blyneliams, pagamintas Vokietijoje i\u0161 auk\u0161\u010diausios kokyb\u0117s med\u017eiag\u0173, u\u017etikrina saug\u0173 vartojim\u0105.\u00a0 Pakuot\u0117je - 500 g sauso mi\u0161inio.\u00a0","og_url":"https:\/\/fitnsweet.eu\/en\/product-2\/queen-protein-mix-for-pancakes-2\/","og_site_name":"Fitnsweet.eu","article_modified_time":"2024-12-06T21:33:28+00:00","og_image":[{"width":1600,"height":1600,"url":"https:\/\/fitnsweet.eu\/wp-content\/uploads\/2016\/08\/gq_pancakes_vanille_shadow_fnsku.png","type":"image\/png"}],"twitter_card":"summary_large_image","twitter_misc":{"Est. reading time":"2 minutes"},"schema":{"@context":"https:\/\/schema.org","@graph":[{"@type":"WebPage","@id":"https:\/\/fitnsweet.eu\/produktas\/queen-baltyminis-misinys-blyneliams\/","url":"https:\/\/fitnsweet.eu\/produktas\/queen-baltyminis-misinys-blyneliams\/","name":"Queen protein mixture for pancakes - Fitnsweet.eu","isPartOf":{"@id":"https:\/\/fitnsweet.eu\/#website"},"primaryImageOfPage":{"@id":"https:\/\/fitnsweet.eu\/produktas\/queen-baltyminis-misinys-blyneliams\/#primaryimage"},"image":{"@id":"https:\/\/fitnsweet.eu\/produktas\/queen-baltyminis-misinys-blyneliams\/#primaryimage"},"thumbnailUrl":"https:\/\/fitnsweet.eu\/wp-content\/uploads\/2016\/08\/gq_pancakes_vanille_shadow_fnsku.png","datePublished":"2016-08-26T16:34:23+00:00","dateModified":"2024-12-06T21:33:28+00:00","breadcrumb":{"@id":"https:\/\/fitnsweet.eu\/produktas\/queen-baltyminis-misinys-blyneliams\/#breadcrumb"},"inLanguage":"en-US","potentialAction":[{"@type":"ReadAction","target":["https:\/\/fitnsweet.eu\/produktas\/queen-baltyminis-misinys-blyneliams\/"]}]},{"@type":"ImageObject","inLanguage":"en-US","@id":"https:\/\/fitnsweet.eu\/produktas\/queen-baltyminis-misinys-blyneliams\/#primaryimage","url":"https:\/\/fitnsweet.eu\/wp-content\/uploads\/2016\/08\/gq_pancakes_vanille_shadow_fnsku.png","contentUrl":"https:\/\/fitnsweet.eu\/wp-content\/uploads\/2016\/08\/gq_pancakes_vanille_shadow_fnsku.png","width":1600,"height":1600},{"@type":"BreadcrumbList","@id":"https:\/\/fitnsweet.eu\/produktas\/queen-baltyminis-misinys-blyneliams\/#breadcrumb","itemListElement":[{"@type":"ListItem","position":1,"name":"Home","item":"https:\/\/fitnsweet.eu\/"},{"@type":"ListItem","position":2,"name":"Produktai","item":"https:\/\/fitnsweet.eu\/parduotuve\/"},{"@type":"ListItem","position":3,"name":"Queen baltyminis mi\u0161inys blyneliams"}]},{"@type":"WebSite","@id":"https:\/\/fitnsweet.eu\/#website","url":"https:\/\/fitnsweet.eu\/","name":"Fitnsweet.eu","description":"Hello. Sweet. Useful.","potentialAction":[{"@type":"SearchAction","target":{"@type":"EntryPoint","urlTemplate":"https:\/\/fitnsweet.eu\/?s={search_term_string}"},"query-input":{"@type":"PropertyValueSpecification","valueRequired":true,"valueName":"search_term_string"}}],"inLanguage":"en-US"}]}},"_links":{"self":[{"href":"https:\/\/fitnsweet.eu\/en\/wp-json\/wp\/v2\/product\/243","targetHints":{"allow":["GET"]}}],"collection":[{"href":"https:\/\/fitnsweet.eu\/en\/wp-json\/wp\/v2\/product"}],"about":[{"href":"https:\/\/fitnsweet.eu\/en\/wp-json\/wp\/v2\/types\/product"}],"replies":[{"embeddable":true,"href":"https:\/\/fitnsweet.eu\/en\/wp-json\/wp\/v2\/comments?post=243"}],"version-history":[{"count":2,"href":"https:\/\/fitnsweet.eu\/en\/wp-json\/wp\/v2\/product\/243\/revisions"}],"predecessor-version":[{"id":36332,"href":"https:\/\/fitnsweet.eu\/en\/wp-json\/wp\/v2\/product\/243\/revisions\/36332"}],"wp:featuredmedia":[{"embeddable":true,"href":"https:\/\/fitnsweet.eu\/en\/wp-json\/wp\/v2\/media\/33781"}],"wp:attachment":[{"href":"https:\/\/fitnsweet.eu\/en\/wp-json\/wp\/v2\/media?parent=243"}],"wp:term":[{"taxonomy":"product_brand","embeddable":true,"href":"https:\/\/fitnsweet.eu\/en\/wp-json\/wp\/v2\/product_brand?post=243"},{"taxonomy":"product_cat","embeddable":true,"href":"https:\/\/fitnsweet.eu\/en\/wp-json\/wp\/v2\/product_cat?post=243"},{"taxonomy":"product_tag","embeddable":true,"href":"https:\/\/fitnsweet.eu\/en\/wp-json\/wp\/v2\/product_tag?post=243"}],"curies":[{"name":"wp","href":"https:\/\/api.w.org\/{rel}","templated":true}]}}