{"id":24614,"date":"2021-04-27T12:40:44","date_gmt":"2021-04-27T09:40:44","guid":{"rendered":"https:\/\/fitnsweet.eu\/?post_type=product&#038;p=24614"},"modified":"2023-07-04T10:35:13","modified_gmt":"2023-07-04T07:35:13","slug":"the-tastiest-tasty-drops-tasty-drops-coffee-2","status":"publish","type":"product","link":"https:\/\/fitnsweet.eu\/en\/product-2\/the-tastiest-tasty-drops-tasty-drops-coffee-2\/","title":{"rendered":"The most delicious &quot;Tasty drops&quot; flavored drops for coffee"},"content":{"rendered":"<p><span style=\"color: #000000;\"><strong>Composition<\/strong>: water, flavorings, sweetener sucralose.\u00a0<\/span><\/p>\n<p><span style=\"color: #000000;\"><strong>Usage<\/strong>: a bottle contains about 60-70 servings. 5-10 drops in 300 g of food.<\/span><\/p>\n<p><span style=\"color: #000000;\"><strong>Validity<\/strong>: indicated on the package.<\/span><br \/>\n<span style=\"color: #000000;\">Manufacturer: Germany.<\/span><\/p>","protected":false},"excerpt":{"rendered":"<p><span style=\"color: #000000;\">You often ask what flavor drops (sweeteners) to choose so that they are ideal for flavoring coffee.<\/span><\/p>\n<p><span style=\"color: #000000;\">Therefore, we have selected four of the most perfect ones, which will give your coffee a special taste, additional brightness as if you were drinking coffee from a cafe. And at the same time, you won&#039;t need to use sugar, you won&#039;t consume extra calories.<\/span><\/p>\n<p><strong><span style=\"color: #000000;\">Rinkin\u012f sudaro: keturi skirting\u0173 skoni\u0173 la\u0161ai ( 4x30ml) &#8211; tiramisu, rie\u0161ut\u0173 nuga, vanil\u0117s ir karamel\u0117s.<\/span><\/strong><\/p>\n<p><img fetchpriority=\"high\" decoding=\"async\" class=\"alignnone size-full wp-image-26830\" src=\"https:\/\/fitnsweet.eu\/wp-content\/uploads\/2021\/04\/8_ikonos.png\" alt=\"\" width=\"4575\" height=\"1877\" srcset=\"https:\/\/fitnsweet.eu\/wp-content\/uploads\/2021\/04\/8_ikonos.png 1920w, https:\/\/fitnsweet.eu\/wp-content\/uploads\/2021\/04\/8_ikonos-300x123.png 300w, https:\/\/fitnsweet.eu\/wp-content\/uploads\/2021\/04\/8_ikonos-1024x420.png 1024w, https:\/\/fitnsweet.eu\/wp-content\/uploads\/2021\/04\/8_ikonos-768x315.png 768w, https:\/\/fitnsweet.eu\/wp-content\/uploads\/2021\/04\/8_ikonos-1536x630.png 1536w, https:\/\/fitnsweet.eu\/wp-content\/uploads\/2021\/04\/8_ikonos-2048x840.png 2048w, https:\/\/fitnsweet.eu\/wp-content\/uploads\/2021\/04\/8_ikonos-16x7.png 16w, https:\/\/fitnsweet.eu\/wp-content\/uploads\/2021\/04\/8_ikonos-1080x443.png 1080w, https:\/\/fitnsweet.eu\/wp-content\/uploads\/2021\/04\/8_ikonos-1280x525.png 1280w, https:\/\/fitnsweet.eu\/wp-content\/uploads\/2021\/04\/8_ikonos-980x402.png 980w, https:\/\/fitnsweet.eu\/wp-content\/uploads\/2021\/04\/8_ikonos-480x197.png 480w, https:\/\/fitnsweet.eu\/wp-content\/uploads\/2021\/04\/8_ikonos-510x209.png 510w\" sizes=\"(max-width: 4575px) 100vw, 4575px\" \/><\/p>","protected":false},"featured_media":21130,"comment_status":"open","ping_status":"closed","template":"","meta":{"site-sidebar-layout":"default","site-content-layout":"default","ast-site-content-layout":"default","site-content-style":"default","site-sidebar-style":"default","ast-global-header-display":"","ast-banner-title-visibility":"","ast-main-header-display":"","ast-hfb-above-header-display":"","ast-hfb-below-header-display":"","ast-hfb-mobile-header-display":"","site-post-title":"","ast-breadcrumbs-content":"","ast-featured-img":"","footer-sml-layout":"","ast-disable-related-posts":"","theme-transparent-header-meta":"default","adv-header-id-meta":"","stick-header-meta":"","header-above-stick-meta":"","header-main-stick-meta":"","header-below-stick-meta":"","astra-migrate-meta-layouts":"default","ast-page-background-enabled":"default","ast-page-background-meta":{"desktop":{"background-color":"var(--ast-global-color-4)","background-image":"","background-repeat":"repeat","background-position":"center center","background-size":"auto","background-attachment":"scroll","background-type":"","background-media":"","overlay-type":"","overlay-color":"","overlay-opacity":"","overlay-gradient":""},"tablet":{"background-color":"","background-image":"","background-repeat":"repeat","background-position":"center center","background-size":"auto","background-attachment":"scroll","background-type":"","background-media":"","overlay-type":"","overlay-color":"","overlay-opacity":"","overlay-gradient":""},"mobile":{"background-color":"","background-image":"","background-repeat":"repeat","background-position":"center center","background-size":"auto","background-attachment":"scroll","background-type":"","background-media":"","overlay-type":"","overlay-color":"","overlay-opacity":"","overlay-gradient":""}},"ast-content-background-meta":{"desktop":{"background-color":"var(--ast-global-color-5)","background-image":"","background-repeat":"repeat","background-position":"center center","background-size":"auto","background-attachment":"scroll","background-type":"","background-media":"","overlay-type":"","overlay-color":"","overlay-opacity":"","overlay-gradient":""},"tablet":{"background-color":"var(--ast-global-color-5)","background-image":"","background-repeat":"repeat","background-position":"center center","background-size":"auto","background-attachment":"scroll","background-type":"","background-media":"","overlay-type":"","overlay-color":"","overlay-opacity":"","overlay-gradient":""},"mobile":{"background-color":"var(--ast-global-color-5)","background-image":"","background-repeat":"repeat","background-position":"center center","background-size":"auto","background-attachment":"scroll","background-type":"","background-media":"","overlay-type":"","overlay-color":"","overlay-opacity":"","overlay-gradient":""}}},"product_brand":[],"product_cat":[396,393,378,395,387,344,113,112,148,320],"product_tag":[],"class_list":{"0":"post-24614","1":"product","2":"type-product","3":"status-publish","4":"has-post-thumbnail","6":"product_cat-lieknejimui","7":"product_cat-rinkiniai","8":"product_cat-uzkandziai","9":"product_cat-veganiska-be-laktozes","10":"product_cat-visi-produktai","11":"product_cat-be-laktozes","12":"product_cat-gymqueen-baltyminiai-saldesiai","13":"product_cat-gymqueen-figurai","14":"product_cat-gymqueen-rinkiniai","15":"product_cat-skonio-lasai-saldikliai","16":"desktop-align-left","17":"tablet-align-left","18":"mobile-align-left","20":"first","21":"instock","22":"sale","23":"taxable","24":"shipping-taxable","25":"purchasable","26":"product-type-simple"},"yoast_head":"<!-- This site is optimized with the Yoast SEO plugin v26.9 - https:\/\/yoast.com\/product\/yoast-seo-wordpress\/ -->\n<title>Skaniausi &quot;Tasty drops&quot; skonio la\u0161ai kavai - Fitnsweet.eu<\/title>\n<meta name=\"robots\" content=\"index, follow, max-snippet:-1, max-image-preview:large, max-video-preview:-1\" \/>\n<link rel=\"canonical\" href=\"https:\/\/fitnsweet.eu\/en\/product-2\/the-tastiest-tasty-drops-tasty-drops-coffee-2\/\" \/>\n<meta property=\"og:locale\" content=\"en_US\" \/>\n<meta property=\"og:type\" content=\"article\" \/>\n<meta property=\"og:title\" content=\"Skaniausi &quot;Tasty drops&quot; skonio la\u0161ai kavai - Fitnsweet.eu\" \/>\n<meta property=\"og:description\" content=\"Da\u017enai klausiate, kokius gi skonio la\u0161us (saldiklius) pasirinkti, kad jie idealiai tikt\u0173 gardinti kav\u0105.  Tod\u0117l i\u0161rinkome keturis pa\u010dius tobuliausius, kurie J\u016bs\u0173 kavai suteiks ypatingo skonio, papildomo ry\u0161kumo lyg gertum\u0117te kav\u0105 i\u0161 kavin\u0117s. Ir tuo pa\u010diu nereik\u0117s vartoti cukraus, nesuvartosite papildom\u0173 kalorij\u0173.  Rinkin\u012f sudaro: keturi skirting\u0173 skoni\u0173 la\u0161ai ( 4x30ml) - tiramisu, rie\u0161ut\u0173 nuga, vanil\u0117s ir karamel\u0117s.\" \/>\n<meta property=\"og:url\" content=\"https:\/\/fitnsweet.eu\/en\/product-2\/the-tastiest-tasty-drops-tasty-drops-coffee-2\/\" \/>\n<meta property=\"og:site_name\" content=\"Fitnsweet.eu\" \/>\n<meta property=\"article:modified_time\" content=\"2023-07-04T07:35:13+00:00\" \/>\n<meta property=\"og:image\" content=\"https:\/\/fitnsweet.eu\/wp-content\/uploads\/2020\/11\/IMG_20201121_030624.png\" \/>\n\t<meta property=\"og:image:width\" content=\"1920\" \/>\n\t<meta property=\"og:image:height\" content=\"1280\" \/>\n\t<meta property=\"og:image:type\" content=\"image\/png\" \/>\n<meta name=\"twitter:card\" content=\"summary_large_image\" \/>\n<meta name=\"twitter:label1\" content=\"Est. reading time\" \/>\n\t<meta name=\"twitter:data1\" content=\"1 minute\" \/>\n<script type=\"application\/ld+json\" class=\"yoast-schema-graph\">{\"@context\":\"https:\/\/schema.org\",\"@graph\":[{\"@type\":\"WebPage\",\"@id\":\"https:\/\/fitnsweet.eu\/produktas\/skaniausi-tasty-drops-skonio-lasai-kavai\/\",\"url\":\"https:\/\/fitnsweet.eu\/produktas\/skaniausi-tasty-drops-skonio-lasai-kavai\/\",\"name\":\"Skaniausi \\\"Tasty drops\\\" skonio la\u0161ai kavai - Fitnsweet.eu\",\"isPartOf\":{\"@id\":\"https:\/\/fitnsweet.eu\/#website\"},\"primaryImageOfPage\":{\"@id\":\"https:\/\/fitnsweet.eu\/produktas\/skaniausi-tasty-drops-skonio-lasai-kavai\/#primaryimage\"},\"image\":{\"@id\":\"https:\/\/fitnsweet.eu\/produktas\/skaniausi-tasty-drops-skonio-lasai-kavai\/#primaryimage\"},\"thumbnailUrl\":\"https:\/\/fitnsweet.eu\/wp-content\/uploads\/2020\/11\/IMG_20201121_030624.png\",\"datePublished\":\"2021-04-27T09:40:44+00:00\",\"dateModified\":\"2023-07-04T07:35:13+00:00\",\"breadcrumb\":{\"@id\":\"https:\/\/fitnsweet.eu\/produktas\/skaniausi-tasty-drops-skonio-lasai-kavai\/#breadcrumb\"},\"inLanguage\":\"en-US\",\"potentialAction\":[{\"@type\":\"ReadAction\",\"target\":[\"https:\/\/fitnsweet.eu\/produktas\/skaniausi-tasty-drops-skonio-lasai-kavai\/\"]}]},{\"@type\":\"ImageObject\",\"inLanguage\":\"en-US\",\"@id\":\"https:\/\/fitnsweet.eu\/produktas\/skaniausi-tasty-drops-skonio-lasai-kavai\/#primaryimage\",\"url\":\"https:\/\/fitnsweet.eu\/wp-content\/uploads\/2020\/11\/IMG_20201121_030624.png\",\"contentUrl\":\"https:\/\/fitnsweet.eu\/wp-content\/uploads\/2020\/11\/IMG_20201121_030624.png\",\"width\":1920,\"height\":1280},{\"@type\":\"BreadcrumbList\",\"@id\":\"https:\/\/fitnsweet.eu\/produktas\/skaniausi-tasty-drops-skonio-lasai-kavai\/#breadcrumb\",\"itemListElement\":[{\"@type\":\"ListItem\",\"position\":1,\"name\":\"Home\",\"item\":\"https:\/\/fitnsweet.eu\/\"},{\"@type\":\"ListItem\",\"position\":2,\"name\":\"Produktai\",\"item\":\"https:\/\/fitnsweet.eu\/parduotuve\/\"},{\"@type\":\"ListItem\",\"position\":3,\"name\":\"Skaniausi &#8220;Tasty drops&#8221; skonio la\u0161ai kavai\"}]},{\"@type\":\"WebSite\",\"@id\":\"https:\/\/fitnsweet.eu\/#website\",\"url\":\"https:\/\/fitnsweet.eu\/\",\"name\":\"Fitnsweet.eu\",\"description\":\"Sveika. Saldu. Naudinga.\",\"potentialAction\":[{\"@type\":\"SearchAction\",\"target\":{\"@type\":\"EntryPoint\",\"urlTemplate\":\"https:\/\/fitnsweet.eu\/?s={search_term_string}\"},\"query-input\":{\"@type\":\"PropertyValueSpecification\",\"valueRequired\":true,\"valueName\":\"search_term_string\"}}],\"inLanguage\":\"en-US\"}]}<\/script>\n<!-- \/ Yoast SEO plugin. -->","yoast_head_json":{"title":"The most delicious &quot;Tasty drops&quot; coffee drops - Fitnsweet.eu","robots":{"index":"index","follow":"follow","max-snippet":"max-snippet:-1","max-image-preview":"max-image-preview:large","max-video-preview":"max-video-preview:-1"},"canonical":"https:\/\/fitnsweet.eu\/en\/product-2\/the-tastiest-tasty-drops-tasty-drops-coffee-2\/","og_locale":"en_US","og_type":"article","og_title":"Skaniausi \"Tasty drops\" skonio la\u0161ai kavai - Fitnsweet.eu","og_description":"Da\u017enai klausiate, kokius gi skonio la\u0161us (saldiklius) pasirinkti, kad jie idealiai tikt\u0173 gardinti kav\u0105.  Tod\u0117l i\u0161rinkome keturis pa\u010dius tobuliausius, kurie J\u016bs\u0173 kavai suteiks ypatingo skonio, papildomo ry\u0161kumo lyg gertum\u0117te kav\u0105 i\u0161 kavin\u0117s. Ir tuo pa\u010diu nereik\u0117s vartoti cukraus, nesuvartosite papildom\u0173 kalorij\u0173.  Rinkin\u012f sudaro: keturi skirting\u0173 skoni\u0173 la\u0161ai ( 4x30ml) - tiramisu, rie\u0161ut\u0173 nuga, vanil\u0117s ir karamel\u0117s.","og_url":"https:\/\/fitnsweet.eu\/en\/product-2\/the-tastiest-tasty-drops-tasty-drops-coffee-2\/","og_site_name":"Fitnsweet.eu","article_modified_time":"2023-07-04T07:35:13+00:00","og_image":[{"width":1920,"height":1280,"url":"https:\/\/fitnsweet.eu\/wp-content\/uploads\/2020\/11\/IMG_20201121_030624.png","type":"image\/png"}],"twitter_card":"summary_large_image","twitter_misc":{"Est. reading time":"1 minute"},"schema":{"@context":"https:\/\/schema.org","@graph":[{"@type":"WebPage","@id":"https:\/\/fitnsweet.eu\/produktas\/skaniausi-tasty-drops-skonio-lasai-kavai\/","url":"https:\/\/fitnsweet.eu\/produktas\/skaniausi-tasty-drops-skonio-lasai-kavai\/","name":"The most delicious &quot;Tasty drops&quot; coffee drops - Fitnsweet.eu","isPartOf":{"@id":"https:\/\/fitnsweet.eu\/#website"},"primaryImageOfPage":{"@id":"https:\/\/fitnsweet.eu\/produktas\/skaniausi-tasty-drops-skonio-lasai-kavai\/#primaryimage"},"image":{"@id":"https:\/\/fitnsweet.eu\/produktas\/skaniausi-tasty-drops-skonio-lasai-kavai\/#primaryimage"},"thumbnailUrl":"https:\/\/fitnsweet.eu\/wp-content\/uploads\/2020\/11\/IMG_20201121_030624.png","datePublished":"2021-04-27T09:40:44+00:00","dateModified":"2023-07-04T07:35:13+00:00","breadcrumb":{"@id":"https:\/\/fitnsweet.eu\/produktas\/skaniausi-tasty-drops-skonio-lasai-kavai\/#breadcrumb"},"inLanguage":"en-US","potentialAction":[{"@type":"ReadAction","target":["https:\/\/fitnsweet.eu\/produktas\/skaniausi-tasty-drops-skonio-lasai-kavai\/"]}]},{"@type":"ImageObject","inLanguage":"en-US","@id":"https:\/\/fitnsweet.eu\/produktas\/skaniausi-tasty-drops-skonio-lasai-kavai\/#primaryimage","url":"https:\/\/fitnsweet.eu\/wp-content\/uploads\/2020\/11\/IMG_20201121_030624.png","contentUrl":"https:\/\/fitnsweet.eu\/wp-content\/uploads\/2020\/11\/IMG_20201121_030624.png","width":1920,"height":1280},{"@type":"BreadcrumbList","@id":"https:\/\/fitnsweet.eu\/produktas\/skaniausi-tasty-drops-skonio-lasai-kavai\/#breadcrumb","itemListElement":[{"@type":"ListItem","position":1,"name":"Home","item":"https:\/\/fitnsweet.eu\/"},{"@type":"ListItem","position":2,"name":"Produktai","item":"https:\/\/fitnsweet.eu\/parduotuve\/"},{"@type":"ListItem","position":3,"name":"Skaniausi &#8220;Tasty drops&#8221; skonio la\u0161ai kavai"}]},{"@type":"WebSite","@id":"https:\/\/fitnsweet.eu\/#website","url":"https:\/\/fitnsweet.eu\/","name":"Fitnsweet.eu","description":"Hello. Sweet. Useful.","potentialAction":[{"@type":"SearchAction","target":{"@type":"EntryPoint","urlTemplate":"https:\/\/fitnsweet.eu\/?s={search_term_string}"},"query-input":{"@type":"PropertyValueSpecification","valueRequired":true,"valueName":"search_term_string"}}],"inLanguage":"en-US"}]}},"_links":{"self":[{"href":"https:\/\/fitnsweet.eu\/en\/wp-json\/wp\/v2\/product\/24614","targetHints":{"allow":["GET"]}}],"collection":[{"href":"https:\/\/fitnsweet.eu\/en\/wp-json\/wp\/v2\/product"}],"about":[{"href":"https:\/\/fitnsweet.eu\/en\/wp-json\/wp\/v2\/types\/product"}],"replies":[{"embeddable":true,"href":"https:\/\/fitnsweet.eu\/en\/wp-json\/wp\/v2\/comments?post=24614"}],"version-history":[{"count":2,"href":"https:\/\/fitnsweet.eu\/en\/wp-json\/wp\/v2\/product\/24614\/revisions"}],"predecessor-version":[{"id":38268,"href":"https:\/\/fitnsweet.eu\/en\/wp-json\/wp\/v2\/product\/24614\/revisions\/38268"}],"wp:featuredmedia":[{"embeddable":true,"href":"https:\/\/fitnsweet.eu\/en\/wp-json\/wp\/v2\/media\/21130"}],"wp:attachment":[{"href":"https:\/\/fitnsweet.eu\/en\/wp-json\/wp\/v2\/media?parent=24614"}],"wp:term":[{"taxonomy":"product_brand","embeddable":true,"href":"https:\/\/fitnsweet.eu\/en\/wp-json\/wp\/v2\/product_brand?post=24614"},{"taxonomy":"product_cat","embeddable":true,"href":"https:\/\/fitnsweet.eu\/en\/wp-json\/wp\/v2\/product_cat?post=24614"},{"taxonomy":"product_tag","embeddable":true,"href":"https:\/\/fitnsweet.eu\/en\/wp-json\/wp\/v2\/product_tag?post=24614"}],"curies":[{"name":"wp","href":"https:\/\/api.w.org\/{rel}","templated":true}]}}