{"id":27785,"date":"2021-10-05T05:49:27","date_gmt":"2021-10-05T02:49:27","guid":{"rendered":"https:\/\/fitnsweet.eu\/?post_type=product&#038;p=27785"},"modified":"2025-07-21T09:37:20","modified_gmt":"2025-07-21T06:37:20","slug":"premium-mamma-mia-zero-padazas-240ml","status":"publish","type":"product","link":"https:\/\/fitnsweet.eu\/en\/product-2\/premium-mamma-mia-zero-padazas-240ml\/","title":{"rendered":"Premium Mamma Mia Zero sauce (240ml)"},"content":{"rendered":"<p><span style=\"color: #000000;\">\u201ePremium Mamma Mia Zero\u201c pada\u017eai puikiai tinka Jums, jei norite pasim\u0117gauti savo so\u010diais m\u0117gstamais patiekalais su ma\u017eai kaloringu ir ma\u017eai cukraus * turin\u010diu pada\u017eu. Su m\u016bs\u0173 \u201ePremium Mamma Mia Zero\u201c pada\u017eais J\u016bs\u0173 l\u0117k\u0161t\u0117je yra auk\u0161\u010diausios maistin\u0117s vert\u0117s pada\u017eai &#8211; su 100% auk\u0161\u010diausios kokyb\u0117s skoniu!<\/span><\/p>\n<p><span style=\"color: #000000;\">* Sud\u0117tyje yra iki 30% ma\u017eiau kalorij\u0173 ir cukraus, palyginti su \u012fprastais pikanti\u0161kais pada\u017eais. ** Sud\u0117tyje nat\u016braliai ir cukr\u0173.<\/span><\/p>\n<p><span style=\"color: #ff99cc;\">Composition:<\/span> <span style=\"color: #000000;\">Vanduo, 8% medaus, 7% garsty\u010di\u0173 (vanduo,\u00a0<b>garsty\u010di\u0173 s\u0117klos<\/b>\u00a0, actas, druska, prieskoniai), actas, citrinos pluo\u0161tas, modifikuotas krakmolas, obuoli\u0173 sul\u010di\u0173 koncentratas, druska, prieskoniai (yra\u00a0<b>garsty\u010di\u0173<\/b>\u00a0), nat\u016bralus skonis, r\u016bg\u0161tiklis: citrinos r\u016bg\u0161tis;\u00a0Spalva: karotinas;\u00a0Konservantas: natrio benzoatas, kalio sorbatas;\u00a0Stabilizatorius: ksantano derva;\u00a0Saldiklis: sukraloz\u0117.<\/span><\/p>\n<p><span style=\"color: #ff99cc;\">Pagrindin\u0117 med\u017eiaga \/ veiklioji med\u017eiaga:<\/span><span style=\"color: #000000;\">Actas, medus, garsty\u010dios.<\/span><\/p>\n<p><span style=\"color: #ff99cc;\">Allergens:<\/span><span style=\"color: #000000;\">Sud\u0117tyje yra garsty\u010di\u0173.<\/span><\/p>\n<table class=\"table--nutrition-facts\">\n<thead>\n<tr>\n<th><span style=\"color: #000000;\">Energy value<\/span><\/th>\n<th><span style=\"color: #000000;\">\u00a0100G<\/span><\/th>\n<th class=\"text-right\"><span style=\"color: #000000;\">IN THE PORTION<\/span><\/th>\n<th class=\"text-right nutrition-table__per-serving\"><span style=\"color: #000000;\">% RPN * PER PORTION<\/span><\/th>\n<\/tr>\n<\/thead>\n<tbody>\n<tr>\n<td><\/td>\n<td><span style=\"color: #000000;\"><span class=\"db\">251,21 kj<\/span><span class=\"db\">60,00 kcal<\/span><\/span><\/td>\n<td class=\"text-right\"><span style=\"color: #000000;\"><span class=\"db\">37,68 kj<\/span><span class=\"db\">9.00 kcal<\/span><\/span><\/td>\n<td class=\"text-right nutrition-table__per-serving\"><span style=\"color: #000000;\">0,45%<\/span><\/td>\n<\/tr>\n<tr>\n<td><span style=\"color: #000000;\">fat<\/span><\/td>\n<td><span style=\"color: #000000;\">1.00 g<\/span><\/td>\n<td class=\"text-right\"><span style=\"color: #000000;\">0.15 g<\/span><\/td>\n<td class=\"text-right nutrition-table__per-serving\"><span style=\"color: #000000;\">0,21%<\/span><\/td>\n<\/tr>\n<tr class=\"sub-item\">\n<td><span style=\"color: #000000;\">\u00a0of which: saturated fatty acids<\/span><\/td>\n<td><span style=\"color: #000000;\">0.10 g<\/span><\/td>\n<td class=\"text-right\"><span style=\"color: #000000;\">0,02 g<\/span><\/td>\n<td class=\"text-right nutrition-table__per-serving\"><span style=\"color: #000000;\">0,10%<\/span><\/td>\n<\/tr>\n<tr>\n<td><span style=\"color: #000000;\">carbohydrates<\/span><\/td>\n<td><span style=\"color: #000000;\">9,70 g<\/span><\/td>\n<td class=\"text-right\"><span style=\"color: #000000;\">1,46 g<\/span><\/td>\n<td class=\"text-right nutrition-table__per-serving\"><span style=\"color: #000000;\">0,56%<\/span><\/td>\n<\/tr>\n<tr class=\"sub-item\">\n<td><span style=\"color: #000000;\">\u00a0of which sugars<\/span><\/td>\n<td><span style=\"color: #000000;\">6,50 g<\/span><\/td>\n<td class=\"text-right\"><span style=\"color: #000000;\">0,98 g<\/span><\/td>\n<td class=\"text-right nutrition-table__per-serving\"><span style=\"color: #000000;\">1,09%<\/span><\/td>\n<\/tr>\n<tr>\n<td><span style=\"color: #000000;\">proteins<\/span><\/td>\n<td><span style=\"color: #000000;\">1.10 g<\/span><\/td>\n<td class=\"text-right\"><span style=\"color: #000000;\">0,17 g<\/span><\/td>\n<td class=\"text-right nutrition-table__per-serving\"><span style=\"color: #000000;\">0,34%<\/span><\/td>\n<\/tr>\n<tr>\n<td><span style=\"color: #000000;\">of salts<\/span><\/td>\n<td><span style=\"color: #000000;\">1.80 g<\/span><\/td>\n<td class=\"text-right\"><span style=\"color: #000000;\">0.27 g<\/span><\/td>\n<td class=\"text-right nutrition-table__per-serving\"><span style=\"color: #000000;\">4,50%<\/span><\/td>\n<\/tr>\n<\/tbody>\n<\/table>\n<p><span style=\"color: #000000;\"><small class=\"hide-for-small nutrition-table__per-serving\">* Average intake of an adult (8,400 kJ \/ 2,000 kcal).<\/small><\/span><\/p>\n<p><span style=\"color: #000000;\"><span style=\"color: #ff99cc;\"><strong>Recommendation for use: <\/strong><\/span>use as needed.\u00a0<\/span><\/p>\n<p><span style=\"color: #000000;\"><strong><span style=\"color: #ff99cc;\">Storage:<\/span>\u00a0<\/strong>Laikyti v\u0117sioje, sausoje vietoje, apsaugotoje nuo \u0161viesos.\u00a0Atidarius laikyti \u0161aldytuve.<\/span><\/p>\n<p><span style=\"color: #000000;\"><strong><span style=\"color: #ff99cc;\">Description:<\/span>\u00a0<\/strong>Ma\u017eo kaloringumo pada\u017eas su medaus garsty\u010di\u0173 skoniu.<\/span><\/p>\n<p><span style=\"color: #000000;\"><strong><span style=\"color: #ff99cc;\">Neto weight:<\/span>\u00a0<\/strong>240 ml<\/span><\/p>\n<p><span style=\"color: #000000;\"><strong><span style=\"color: #ff99cc;\">Manufacturer:<\/span><\/strong> Germany<\/span><\/p>\n<p><span style=\"color: #000000;\"><strong><span style=\"color: #ff99cc;\">Seller in Lithuania:<\/span><\/strong> J\u016brat\u0117s Boblauskait\u0117s individuali veikla.<\/span><\/p>\n<p>&nbsp;<\/p>","protected":false},"excerpt":{"rendered":"<p><span style=\"color: #000000;\">With ours\u00a0<strong>low sugar<\/strong>\u00a0turin\u010diais\u00a0<strong>ir ma\u017eai kaloringais <\/strong>auk\u0161\u010diausios kokyb\u0117s \u201eMamma Mia Zero\u201c pada\u017eais valgymas <strong>be jokios s\u0105\u017ein\u0117s grau\u017eaties pakyla<\/strong> \u012f nauj\u0105 lyg\u012f! Dar auk\u0161tesn\u0117 Premium kokyb\u0117 ir dar geresn\u0117 sud\u0117tis!<\/span><\/p>\n<p><span style=\"color: #000000;\">Nesvarbu, ar tai b\u016bt\u0173 m\u0117sa, \u017euvis, m\u0117sainiai, salotos &#8211; m\u016bs\u0173 \u201ePremium Zero\u201c pada\u017eai garantuoja <strong>100% nat\u016braliai skan\u0173 malonum\u0105 su auk\u0161\u010diausia maistine verte<\/strong>\u00a0and\u00a0<strong>be prid\u0117tini\u0173 cukr\u0173!<\/strong><\/span><\/p>\n<ul>\n<li><span style=\"color: #000000;\"><strong>Suma\u017eintas kalorij\u0173 ir cukraus kiekis<\/strong><\/span><\/li>\n<li><span style=\"color: #000000;\">Ma\u017eai riebal\u0173<\/span><\/li>\n<li><span style=\"color: #000000;\"><strong>Be prid\u0117tini\u0173 cukr\u0173<\/strong><\/span><\/li>\n<li><span style=\"color: #000000;\">Tik nat\u016bral\u016bs skoniai<\/span><\/li>\n<li><span style=\"color: #000000;\">Tinka prie so\u010di\u0173 patiekal\u0173<\/span><\/li>\n<li><span style=\"color: #000000;\">N\u0117ra sintetini\u0173 skonio stiprikli\u0173.\u00a0<\/span><\/li>\n<\/ul>\n<p><span style=\"color: #000000;\">Grynasis kiekis: 240ml<\/span><\/p>\n<p><span style=\"color: #000000; font-family: 'Hind Madurai', Helvetica, Arial, Lucida, sans-serif; font-size: 15px;\">&#8222;Mamma mia premium\u201d pada\u017eas, pagamintas Vokietijoje i\u0161 auk\u0161\u010diausios kokyb\u0117s med\u017eiag\u0173, u\u017etikrina saug\u0173 vartojim\u0105.\u00a0<\/span><\/p>","protected":false},"featured_media":27786,"comment_status":"open","ping_status":"closed","template":"","meta":{"site-sidebar-layout":"default","site-content-layout":"default","ast-site-content-layout":"default","site-content-style":"default","site-sidebar-style":"default","ast-global-header-display":"","ast-banner-title-visibility":"","ast-main-header-display":"","ast-hfb-above-header-display":"","ast-hfb-below-header-display":"","ast-hfb-mobile-header-display":"","site-post-title":"","ast-breadcrumbs-content":"","ast-featured-img":"","footer-sml-layout":"","ast-disable-related-posts":"","theme-transparent-header-meta":"default","adv-header-id-meta":"","stick-header-meta":"","header-above-stick-meta":"","header-main-stick-meta":"","header-below-stick-meta":"","astra-migrate-meta-layouts":"set","ast-page-background-enabled":"default","ast-page-background-meta":{"desktop":{"background-color":"var(--ast-global-color-4)","background-image":"","background-repeat":"repeat","background-position":"center center","background-size":"auto","background-attachment":"scroll","background-type":"","background-media":"","overlay-type":"","overlay-color":"","overlay-opacity":"","overlay-gradient":""},"tablet":{"background-color":"","background-image":"","background-repeat":"repeat","background-position":"center center","background-size":"auto","background-attachment":"scroll","background-type":"","background-media":"","overlay-type":"","overlay-color":"","overlay-opacity":"","overlay-gradient":""},"mobile":{"background-color":"","background-image":"","background-repeat":"repeat","background-position":"center center","background-size":"auto","background-attachment":"scroll","background-type":"","background-media":"","overlay-type":"","overlay-color":"","overlay-opacity":"","overlay-gradient":""}},"ast-content-background-meta":{"desktop":{"background-color":"var(--ast-global-color-5)","background-image":"","background-repeat":"repeat","background-position":"center center","background-size":"auto","background-attachment":"scroll","background-type":"","background-media":"","overlay-type":"","overlay-color":"","overlay-opacity":"","overlay-gradient":""},"tablet":{"background-color":"var(--ast-global-color-5)","background-image":"","background-repeat":"repeat","background-position":"center center","background-size":"auto","background-attachment":"scroll","background-type":"","background-media":"","overlay-type":"","overlay-color":"","overlay-opacity":"","overlay-gradient":""},"mobile":{"background-color":"var(--ast-global-color-5)","background-image":"","background-repeat":"repeat","background-position":"center center","background-size":"auto","background-attachment":"scroll","background-type":"","background-media":"","overlay-type":"","overlay-color":"","overlay-opacity":"","overlay-gradient":""}}},"product_brand":[],"product_cat":[382,378,387,343,321,13,112,114,318],"product_tag":[133,134,329,135,330],"class_list":{"0":"post-27785","1":"product","2":"type-product","3":"status-publish","4":"has-post-thumbnail","6":"product_cat-traskuciai-padazai-uzkandziai","7":"product_cat-uzkandziai","8":"product_cat-visi-produktai","9":"product_cat-naujienos","10":"product_cat-energija-efektyvumas","11":"product_cat-httpfitnsweet-ltprodukto-kategorijagymqueen","12":"product_cat-gymqueen-figurai","13":"product_cat-gymqueen-sportui","14":"product_cat-padazai-be-kcal","15":"product_tag-be-kcal","16":"product_tag-mamma-mia","17":"product_tag-medaus-garstyciu","18":"product_tag-padazas","19":"product_tag-premium","20":"desktop-align-left","21":"tablet-align-left","22":"mobile-align-left","24":"first","25":"outofstock","26":"featured","27":"taxable","28":"shipping-taxable","29":"purchasable","30":"product-type-simple"},"yoast_head":"<!-- This site is optimized with the Yoast SEO plugin v26.9 - https:\/\/yoast.com\/product\/yoast-seo-wordpress\/ -->\n<title>Premium Mamma Mia Zero pada\u017eas (240ml) - Fitnsweet.eu<\/title>\n<meta name=\"robots\" content=\"index, follow, max-snippet:-1, max-image-preview:large, max-video-preview:-1\" \/>\n<link rel=\"canonical\" href=\"https:\/\/fitnsweet.eu\/en\/product-2\/premium-mamma-mia-zero-padazas-240ml\/\" \/>\n<meta property=\"og:locale\" content=\"en_US\" \/>\n<meta property=\"og:type\" content=\"article\" \/>\n<meta property=\"og:title\" content=\"Premium Mamma Mia Zero pada\u017eas (240ml) - Fitnsweet.eu\" \/>\n<meta property=\"og:description\" content=\"Su m\u016bs\u0173\u00a0ma\u017eai cukraus\u00a0turin\u010diais\u00a0ir ma\u017eai kaloringais auk\u0161\u010diausios kokyb\u0117s \u201eMamma Mia Zero\u201c pada\u017eais valgymas be jokios s\u0105\u017ein\u0117s grau\u017eaties pakyla \u012f nauj\u0105 lyg\u012f! Dar auk\u0161tesn\u0117 Premium kokyb\u0117 ir dar geresn\u0117 sud\u0117tis!  Nesvarbu, ar tai b\u016bt\u0173 m\u0117sa, \u017euvis, m\u0117sainiai, salotos - m\u016bs\u0173 \u201ePremium Zero\u201c pada\u017eai garantuoja 100% nat\u016braliai skan\u0173 malonum\u0105 su auk\u0161\u010diausia maistine verte\u00a0ir\u00a0be prid\u0117tini\u0173 cukr\u0173!   Suma\u017eintas kalorij\u0173 ir cukraus kiekis  Ma\u017eai riebal\u0173  Be prid\u0117tini\u0173 cukr\u0173  Tik nat\u016bral\u016bs skoniai  Tinka prie so\u010di\u0173 patiekal\u0173  N\u0117ra sintetini\u0173 skonio stiprikli\u0173.\u00a0  Grynasis kiekis: 240ml  &quot;Mamma mia premium\u201d pada\u017eas, pagamintas Vokietijoje i\u0161 auk\u0161\u010diausios kokyb\u0117s med\u017eiag\u0173, u\u017etikrina saug\u0173 vartojim\u0105.\u00a0\" \/>\n<meta property=\"og:url\" content=\"https:\/\/fitnsweet.eu\/en\/product-2\/premium-mamma-mia-zero-padazas-240ml\/\" \/>\n<meta property=\"og:site_name\" content=\"Fitnsweet.eu\" \/>\n<meta property=\"article:modified_time\" content=\"2025-07-21T06:37:20+00:00\" \/>\n<meta property=\"og:image\" content=\"https:\/\/fitnsweet.eu\/wp-content\/uploads\/2021\/10\/gq_mammamia_premium_honeymustard_front.png\" \/>\n\t<meta property=\"og:image:width\" content=\"1600\" \/>\n\t<meta property=\"og:image:height\" content=\"1600\" \/>\n\t<meta property=\"og:image:type\" content=\"image\/png\" \/>\n<meta name=\"twitter:card\" content=\"summary_large_image\" \/>\n<meta name=\"twitter:label1\" content=\"Est. reading time\" \/>\n\t<meta name=\"twitter:data1\" content=\"2 minutes\" \/>\n<script type=\"application\/ld+json\" class=\"yoast-schema-graph\">{\"@context\":\"https:\/\/schema.org\",\"@graph\":[{\"@type\":\"WebPage\",\"@id\":\"https:\/\/fitnsweet.eu\/produktas\/premium-mamma-mia-zero-padazas-240ml\/\",\"url\":\"https:\/\/fitnsweet.eu\/produktas\/premium-mamma-mia-zero-padazas-240ml\/\",\"name\":\"Premium Mamma Mia Zero pada\u017eas (240ml) - Fitnsweet.eu\",\"isPartOf\":{\"@id\":\"https:\/\/fitnsweet.eu\/#website\"},\"primaryImageOfPage\":{\"@id\":\"https:\/\/fitnsweet.eu\/produktas\/premium-mamma-mia-zero-padazas-240ml\/#primaryimage\"},\"image\":{\"@id\":\"https:\/\/fitnsweet.eu\/produktas\/premium-mamma-mia-zero-padazas-240ml\/#primaryimage\"},\"thumbnailUrl\":\"https:\/\/fitnsweet.eu\/wp-content\/uploads\/2021\/10\/gq_mammamia_premium_honeymustard_front.png\",\"datePublished\":\"2021-10-05T02:49:27+00:00\",\"dateModified\":\"2025-07-21T06:37:20+00:00\",\"breadcrumb\":{\"@id\":\"https:\/\/fitnsweet.eu\/produktas\/premium-mamma-mia-zero-padazas-240ml\/#breadcrumb\"},\"inLanguage\":\"en-US\",\"potentialAction\":[{\"@type\":\"ReadAction\",\"target\":[\"https:\/\/fitnsweet.eu\/produktas\/premium-mamma-mia-zero-padazas-240ml\/\"]}]},{\"@type\":\"ImageObject\",\"inLanguage\":\"en-US\",\"@id\":\"https:\/\/fitnsweet.eu\/produktas\/premium-mamma-mia-zero-padazas-240ml\/#primaryimage\",\"url\":\"https:\/\/fitnsweet.eu\/wp-content\/uploads\/2021\/10\/gq_mammamia_premium_honeymustard_front.png\",\"contentUrl\":\"https:\/\/fitnsweet.eu\/wp-content\/uploads\/2021\/10\/gq_mammamia_premium_honeymustard_front.png\",\"width\":1600,\"height\":1600},{\"@type\":\"BreadcrumbList\",\"@id\":\"https:\/\/fitnsweet.eu\/produktas\/premium-mamma-mia-zero-padazas-240ml\/#breadcrumb\",\"itemListElement\":[{\"@type\":\"ListItem\",\"position\":1,\"name\":\"Home\",\"item\":\"https:\/\/fitnsweet.eu\/\"},{\"@type\":\"ListItem\",\"position\":2,\"name\":\"Produktai\",\"item\":\"https:\/\/fitnsweet.eu\/parduotuve\/\"},{\"@type\":\"ListItem\",\"position\":3,\"name\":\"Premium Mamma Mia Zero pada\u017eas (240ml)\"}]},{\"@type\":\"WebSite\",\"@id\":\"https:\/\/fitnsweet.eu\/#website\",\"url\":\"https:\/\/fitnsweet.eu\/\",\"name\":\"Fitnsweet.eu\",\"description\":\"Sveika. Saldu. Naudinga.\",\"potentialAction\":[{\"@type\":\"SearchAction\",\"target\":{\"@type\":\"EntryPoint\",\"urlTemplate\":\"https:\/\/fitnsweet.eu\/?s={search_term_string}\"},\"query-input\":{\"@type\":\"PropertyValueSpecification\",\"valueRequired\":true,\"valueName\":\"search_term_string\"}}],\"inLanguage\":\"en-US\"}]}<\/script>\n<!-- \/ Yoast SEO plugin. -->","yoast_head_json":{"title":"Premium Mamma Mia Zero pada\u017eas (240ml) - Fitnsweet.eu","robots":{"index":"index","follow":"follow","max-snippet":"max-snippet:-1","max-image-preview":"max-image-preview:large","max-video-preview":"max-video-preview:-1"},"canonical":"https:\/\/fitnsweet.eu\/en\/product-2\/premium-mamma-mia-zero-padazas-240ml\/","og_locale":"en_US","og_type":"article","og_title":"Premium Mamma Mia Zero pada\u017eas (240ml) - Fitnsweet.eu","og_description":"Su m\u016bs\u0173\u00a0ma\u017eai cukraus\u00a0turin\u010diais\u00a0ir ma\u017eai kaloringais auk\u0161\u010diausios kokyb\u0117s \u201eMamma Mia Zero\u201c pada\u017eais valgymas be jokios s\u0105\u017ein\u0117s grau\u017eaties pakyla \u012f nauj\u0105 lyg\u012f! Dar auk\u0161tesn\u0117 Premium kokyb\u0117 ir dar geresn\u0117 sud\u0117tis!  Nesvarbu, ar tai b\u016bt\u0173 m\u0117sa, \u017euvis, m\u0117sainiai, salotos - m\u016bs\u0173 \u201ePremium Zero\u201c pada\u017eai garantuoja 100% nat\u016braliai skan\u0173 malonum\u0105 su auk\u0161\u010diausia maistine verte\u00a0ir\u00a0be prid\u0117tini\u0173 cukr\u0173!   Suma\u017eintas kalorij\u0173 ir cukraus kiekis  Ma\u017eai riebal\u0173  Be prid\u0117tini\u0173 cukr\u0173  Tik nat\u016bral\u016bs skoniai  Tinka prie so\u010di\u0173 patiekal\u0173  N\u0117ra sintetini\u0173 skonio stiprikli\u0173.\u00a0  Grynasis kiekis: 240ml  \"Mamma mia premium\u201d pada\u017eas, pagamintas Vokietijoje i\u0161 auk\u0161\u010diausios kokyb\u0117s med\u017eiag\u0173, u\u017etikrina saug\u0173 vartojim\u0105.\u00a0","og_url":"https:\/\/fitnsweet.eu\/en\/product-2\/premium-mamma-mia-zero-padazas-240ml\/","og_site_name":"Fitnsweet.eu","article_modified_time":"2025-07-21T06:37:20+00:00","og_image":[{"width":1600,"height":1600,"url":"https:\/\/fitnsweet.eu\/wp-content\/uploads\/2021\/10\/gq_mammamia_premium_honeymustard_front.png","type":"image\/png"}],"twitter_card":"summary_large_image","twitter_misc":{"Est. reading time":"2 minutes"},"schema":{"@context":"https:\/\/schema.org","@graph":[{"@type":"WebPage","@id":"https:\/\/fitnsweet.eu\/produktas\/premium-mamma-mia-zero-padazas-240ml\/","url":"https:\/\/fitnsweet.eu\/produktas\/premium-mamma-mia-zero-padazas-240ml\/","name":"Premium Mamma Mia Zero pada\u017eas (240ml) - Fitnsweet.eu","isPartOf":{"@id":"https:\/\/fitnsweet.eu\/#website"},"primaryImageOfPage":{"@id":"https:\/\/fitnsweet.eu\/produktas\/premium-mamma-mia-zero-padazas-240ml\/#primaryimage"},"image":{"@id":"https:\/\/fitnsweet.eu\/produktas\/premium-mamma-mia-zero-padazas-240ml\/#primaryimage"},"thumbnailUrl":"https:\/\/fitnsweet.eu\/wp-content\/uploads\/2021\/10\/gq_mammamia_premium_honeymustard_front.png","datePublished":"2021-10-05T02:49:27+00:00","dateModified":"2025-07-21T06:37:20+00:00","breadcrumb":{"@id":"https:\/\/fitnsweet.eu\/produktas\/premium-mamma-mia-zero-padazas-240ml\/#breadcrumb"},"inLanguage":"en-US","potentialAction":[{"@type":"ReadAction","target":["https:\/\/fitnsweet.eu\/produktas\/premium-mamma-mia-zero-padazas-240ml\/"]}]},{"@type":"ImageObject","inLanguage":"en-US","@id":"https:\/\/fitnsweet.eu\/produktas\/premium-mamma-mia-zero-padazas-240ml\/#primaryimage","url":"https:\/\/fitnsweet.eu\/wp-content\/uploads\/2021\/10\/gq_mammamia_premium_honeymustard_front.png","contentUrl":"https:\/\/fitnsweet.eu\/wp-content\/uploads\/2021\/10\/gq_mammamia_premium_honeymustard_front.png","width":1600,"height":1600},{"@type":"BreadcrumbList","@id":"https:\/\/fitnsweet.eu\/produktas\/premium-mamma-mia-zero-padazas-240ml\/#breadcrumb","itemListElement":[{"@type":"ListItem","position":1,"name":"Home","item":"https:\/\/fitnsweet.eu\/"},{"@type":"ListItem","position":2,"name":"Produktai","item":"https:\/\/fitnsweet.eu\/parduotuve\/"},{"@type":"ListItem","position":3,"name":"Premium Mamma Mia Zero pada\u017eas (240ml)"}]},{"@type":"WebSite","@id":"https:\/\/fitnsweet.eu\/#website","url":"https:\/\/fitnsweet.eu\/","name":"Fitnsweet.eu","description":"Hello. Sweet. Useful.","potentialAction":[{"@type":"SearchAction","target":{"@type":"EntryPoint","urlTemplate":"https:\/\/fitnsweet.eu\/?s={search_term_string}"},"query-input":{"@type":"PropertyValueSpecification","valueRequired":true,"valueName":"search_term_string"}}],"inLanguage":"en-US"}]}},"_links":{"self":[{"href":"https:\/\/fitnsweet.eu\/en\/wp-json\/wp\/v2\/product\/27785","targetHints":{"allow":["GET"]}}],"collection":[{"href":"https:\/\/fitnsweet.eu\/en\/wp-json\/wp\/v2\/product"}],"about":[{"href":"https:\/\/fitnsweet.eu\/en\/wp-json\/wp\/v2\/types\/product"}],"replies":[{"embeddable":true,"href":"https:\/\/fitnsweet.eu\/en\/wp-json\/wp\/v2\/comments?post=27785"}],"version-history":[{"count":2,"href":"https:\/\/fitnsweet.eu\/en\/wp-json\/wp\/v2\/product\/27785\/revisions"}],"predecessor-version":[{"id":46238,"href":"https:\/\/fitnsweet.eu\/en\/wp-json\/wp\/v2\/product\/27785\/revisions\/46238"}],"wp:featuredmedia":[{"embeddable":true,"href":"https:\/\/fitnsweet.eu\/en\/wp-json\/wp\/v2\/media\/27786"}],"wp:attachment":[{"href":"https:\/\/fitnsweet.eu\/en\/wp-json\/wp\/v2\/media?parent=27785"}],"wp:term":[{"taxonomy":"product_brand","embeddable":true,"href":"https:\/\/fitnsweet.eu\/en\/wp-json\/wp\/v2\/product_brand?post=27785"},{"taxonomy":"product_cat","embeddable":true,"href":"https:\/\/fitnsweet.eu\/en\/wp-json\/wp\/v2\/product_cat?post=27785"},{"taxonomy":"product_tag","embeddable":true,"href":"https:\/\/fitnsweet.eu\/en\/wp-json\/wp\/v2\/product_tag?post=27785"}],"curies":[{"name":"wp","href":"https:\/\/api.w.org\/{rel}","templated":true}]}}