{"id":31486,"date":"2022-06-13T07:29:57","date_gmt":"2022-06-13T04:29:57","guid":{"rendered":"https:\/\/fitnsweet.eu\/?post_type=product&#038;p=31486"},"modified":"2025-12-15T01:36:03","modified_gmt":"2025-12-14T23:36:03","slug":"surios-caramel-mamma-mia-zero-sauce-2","status":"publish","type":"product","link":"https:\/\/fitnsweet.eu\/en\/product-2\/surios-caramel-mamma-mia-zero-sauce-2\/","title":{"rendered":"Salted Caramel MAMMA MIA ZERO Sauce"},"content":{"rendered":"<h4 style=\"padding-left: 40px;\"><span style=\"color: #ff99cc;\">WHAT ARE SWEET MAMMA MIA ZERO SAUCES?<\/span><\/h4>\n<p><span style=\"color: #000000;\">Reduced calorie Mamma Mia Zero sauces are a must in your kitchen! Whether it&#039;s ice cream, cake or other desserts, Mamma Mia Zero sauces take the taste of every dish to a new level. Also, in sauces\u00a0<strong>no added sugar*<\/strong>\u00a0and\u00a0<strong>fat, extremely low in carbohydrates.\u00a0<\/strong><\/span><\/p>\n<h4><span style=\"color: #ff99cc;\">WHO IS SWEET MAMMA MIA ZERO SAUCES FOR?<\/span><\/h4>\n<p><span style=\"color: #000000;\">Mamma Mia Zero sauces are ideal if you want to add extra flavor to your meals without any added calories or sugar, if you want to reduce your calorie intake by avoiding high-calorie sauces.<\/span><\/p>\n<p><span style=\"color: #000000;\"><strong><span style=\"color: #ff99cc;\">Recommendation for use<\/span>: <\/strong>use as needed.<\/span><\/p>\n<p><span style=\"color: #000000;\"><span style=\"color: #ff99cc;\"><strong>Storage:\u00a0<\/strong><\/span>Store in a cool, dry and dark place.<\/span><\/p>\n<p><span style=\"color: #000000;\"><strong><span style=\"color: #ff99cc;\">Title:<\/span>\u00a0<\/strong>Flavored low-calorie dessert sauce. With flavor and sweetener.<\/span><\/p>\n<p><span style=\"color: #000000;\"><strong><span style=\"color: #ff99cc;\">Neto weight:<\/span>\u00a0<\/strong>0.265 l<\/span><\/p>\n<p>Country of origin - Germany.<\/p>\n<p><span style=\"color: #ff99cc;\"><strong>Composition:<\/strong><\/span><span style=\"color: #000000;\">water, isomalt, modified corn starch, natural flavor, acidity regulator: lactic acid; Coloring: caramel, lutein, titanium dioxide; salt, preservatives: potassium sorbate, sodium benzoate; thickeners: cellulose gum, xanthan gum; Flavor, sweetener: sucralose.<\/span><\/p>\n<p><span style=\"color: #000000;\"><span style=\"color: #ff99cc;\"><strong>Features:<\/strong><\/span>With sugar(s), sweetener(s), preservative(s), flavor(s), thickener(s), color(s).<\/span><\/p>\n<table class=\"table--nutrition-facts\">\n<thead>\n<tr>\n<th><\/th>\n<th><span style=\"color: #000000;\">100 ml<\/span><\/th>\n<th class=\"text-right\"><span style=\"color: #000000;\">IN THE PORTION<\/span><\/th>\n<th class=\"text-right nutrition-table__per-serving\"><span style=\"color: #000000;\">% RPN* PER SERVING<\/span><\/th>\n<\/tr>\n<\/thead>\n<tbody>\n<tr>\n<td><span style=\"color: #000000;\">energy value<\/span><\/td>\n<td><span style=\"color: #000000;\"><span class=\"db\">129.79 kj\/<\/span><span class=\"db\">31.00 kcal<\/span><\/span><\/td>\n<td class=\"text-right\"><span style=\"color: #000000;\"><span class=\"db\">19.47 kj\/<\/span><span class=\"db\">4.65 kcal<\/span><\/span><\/td>\n<td class=\"text-right nutrition-table__per-serving\"><span style=\"color: #000000;\">0,23 %<\/span><\/td>\n<\/tr>\n<tr>\n<td><span style=\"color: #000000;\">Fat<\/span><\/td>\n<td><span style=\"color: #000000;\">0.50 g<\/span><\/td>\n<td class=\"text-right\"><span style=\"color: #000000;\">0.08 g<\/span><\/td>\n<td class=\"text-right nutrition-table__per-serving\"><span style=\"color: #000000;\">0,11 %<\/span><\/td>\n<\/tr>\n<tr class=\"sub-item\">\n<td><span style=\"color: #000000;\">\u00a0of which: saturated fatty acids<\/span><\/td>\n<td><span style=\"color: #000000;\">0.10 g<\/span><\/td>\n<td class=\"text-right\"><span style=\"color: #000000;\">0.02 g<\/span><\/td>\n<td class=\"text-right nutrition-table__per-serving\"><span style=\"color: #000000;\">0,10 %<\/span><\/td>\n<\/tr>\n<tr>\n<td><span style=\"color: #000000;\">carbohydrates<\/span><\/td>\n<td><span style=\"color: #000000;\">9.10 g<\/span><\/td>\n<td class=\"text-right\"><span style=\"color: #000000;\">1.37 g<\/span><\/td>\n<td class=\"text-right nutrition-table__per-serving\"><span style=\"color: #000000;\">0,53 %<\/span><\/td>\n<\/tr>\n<tr class=\"sub-item\">\n<td><span style=\"color: #000000;\">\u00a0of which sugars<\/span><\/td>\n<td><span style=\"color: #000000;\">0.50 g<\/span><\/td>\n<td class=\"text-right\"><span style=\"color: #000000;\">0.08 g<\/span><\/td>\n<td class=\"text-right nutrition-table__per-serving\"><span style=\"color: #000000;\">0,09 %<\/span><\/td>\n<\/tr>\n<tr>\n<td><span style=\"color: #000000;\">proteins<\/span><\/td>\n<td><span style=\"color: #000000;\">0.50 g<\/span><\/td>\n<td class=\"text-right\"><span style=\"color: #000000;\">0.08 g<\/span><\/td>\n<td class=\"text-right nutrition-table__per-serving\"><span style=\"color: #000000;\">0,16 %<\/span><\/td>\n<\/tr>\n<tr>\n<td><span style=\"color: #000000;\">Salt<\/span><\/td>\n<td><span style=\"color: #000000;\">0.22 g<\/span><\/td>\n<td class=\"text-right\"><span style=\"color: #000000;\">0.03 g<\/span><\/td>\n<td class=\"text-right nutrition-table__per-serving\"><span style=\"color: #000000;\">0,50 %<\/span><\/td>\n<\/tr>\n<\/tbody>\n<\/table>\n<p><span style=\"color: #000000;\"><small class=\"hide-for-small nutrition-table__per-serving\">* Indicative rate for an average adult (8,400 kJ\/2,000 kcal).<\/small><\/span><\/p>","protected":false},"excerpt":{"rendered":"<p><strong><span style=\"color: #ff00ff;\">NEW IN THE RANGE OF PRODUCTS!<\/span><\/strong><\/p>\n<p><span style=\"color: #000000;\">Would you like to add some extra sweetness to your favorite dishes? Then our new sweet Mamma Mia Zero sauce from GYMQUEEN with an extremely delicious salty caramel taste is perfect for you. With this Salted Caramel Sauce, sweet tooth lovers can enjoy great taste without any added calories or sugar.<\/span><\/p>\n<p><span style=\"color: #000000;\">The sauce goes best with ice cream, fresh fruit, cakes or any other dessert. Grab your favorite Salted Caramel flavor now and never be without a sweet treat again!<\/span><\/p>\n<ul>\n<li><span style=\"color: #000000;\">To sweeten and refine dishes;<\/span><\/li>\n<li><span style=\"color: #000000;\">Reduced calorie content;<\/span><\/li>\n<li><span style=\"color: #000000;\">With out sugar;<\/span><\/li>\n<li><span style=\"color: #000000;\">No fat.<\/span><\/li>\n<\/ul>\n<p><span style=\"color: #000000;\">Net quantity \u2013 265ml.\u00a0<\/span><\/p>\n<p><span style=\"color: #000000; font-family: 'Hind Madurai', Helvetica, Arial, Lucida, sans-serif; font-size: 15px;\">Mamma Mia&#039;s sweet sauce, made in Germany from the highest quality materials, ensures safe consumption.\u00a0<\/span><\/p>","protected":false},"featured_media":31487,"comment_status":"open","ping_status":"closed","template":"","meta":{"site-sidebar-layout":"default","site-content-layout":"default","ast-site-content-layout":"default","site-content-style":"default","site-sidebar-style":"default","ast-global-header-display":"","ast-banner-title-visibility":"","ast-main-header-display":"","ast-hfb-above-header-display":"","ast-hfb-below-header-display":"","ast-hfb-mobile-header-display":"","site-post-title":"","ast-breadcrumbs-content":"","ast-featured-img":"","footer-sml-layout":"","ast-disable-related-posts":"","theme-transparent-header-meta":"default","adv-header-id-meta":"","stick-header-meta":"","header-above-stick-meta":"","header-main-stick-meta":"","header-below-stick-meta":"","astra-migrate-meta-layouts":"set","ast-page-background-enabled":"default","ast-page-background-meta":{"desktop":{"background-color":"var(--ast-global-color-4)","background-image":"","background-repeat":"repeat","background-position":"center center","background-size":"auto","background-attachment":"scroll","background-type":"","background-media":"","overlay-type":"","overlay-color":"","overlay-opacity":"","overlay-gradient":""},"tablet":{"background-color":"","background-image":"","background-repeat":"repeat","background-position":"center center","background-size":"auto","background-attachment":"scroll","background-type":"","background-media":"","overlay-type":"","overlay-color":"","overlay-opacity":"","overlay-gradient":""},"mobile":{"background-color":"","background-image":"","background-repeat":"repeat","background-position":"center center","background-size":"auto","background-attachment":"scroll","background-type":"","background-media":"","overlay-type":"","overlay-color":"","overlay-opacity":"","overlay-gradient":""}},"ast-content-background-meta":{"desktop":{"background-color":"var(--ast-global-color-5)","background-image":"","background-repeat":"repeat","background-position":"center center","background-size":"auto","background-attachment":"scroll","background-type":"","background-media":"","overlay-type":"","overlay-color":"","overlay-opacity":"","overlay-gradient":""},"tablet":{"background-color":"var(--ast-global-color-5)","background-image":"","background-repeat":"repeat","background-position":"center center","background-size":"auto","background-attachment":"scroll","background-type":"","background-media":"","overlay-type":"","overlay-color":"","overlay-opacity":"","overlay-gradient":""},"mobile":{"background-color":"var(--ast-global-color-5)","background-image":"","background-repeat":"repeat","background-position":"center center","background-size":"auto","background-attachment":"scroll","background-type":"","background-media":"","overlay-type":"","overlay-color":"","overlay-opacity":"","overlay-gradient":""}}},"product_brand":[],"product_cat":[386,380,378,387,344,365,113,321,13,112,114,318],"product_tag":[],"class_list":{"0":"post-31486","1":"product","2":"type-product","3":"status-publish","4":"has-post-thumbnail","6":"product_cat-ispardavimas-2","7":"product_cat-sokoladiniai-kremai-uogienes","8":"product_cat-uzkandziai","9":"product_cat-visi-produktai","10":"product_cat-be-laktozes","11":"product_cat-ispardavimas","12":"product_cat-gymqueen-baltyminiai-saldesiai","13":"product_cat-energija-efektyvumas","14":"product_cat-httpfitnsweet-ltprodukto-kategorijagymqueen","15":"product_cat-gymqueen-figurai","16":"product_cat-gymqueen-sportui","17":"product_cat-padazai-be-kcal","18":"desktop-align-left","19":"tablet-align-left","20":"mobile-align-left","22":"first","23":"instock","24":"featured","25":"taxable","26":"shipping-taxable","27":"purchasable","28":"product-type-simple"},"yoast_head":"<!-- This site is optimized with the Yoast SEO plugin v26.9 - https:\/\/yoast.com\/product\/yoast-seo-wordpress\/ -->\n<title>S\u016brios karamel\u0117s MAMMA MIA ZERO pada\u017eas - Fitnsweet.eu<\/title>\n<meta name=\"robots\" content=\"index, follow, max-snippet:-1, max-image-preview:large, max-video-preview:-1\" \/>\n<link rel=\"canonical\" href=\"https:\/\/fitnsweet.eu\/en\/product-2\/surios-caramel-mamma-mia-zero-sauce-2\/\" \/>\n<meta property=\"og:locale\" content=\"en_US\" \/>\n<meta property=\"og:type\" content=\"article\" \/>\n<meta property=\"og:title\" content=\"S\u016brios karamel\u0117s MAMMA MIA ZERO pada\u017eas - Fitnsweet.eu\" \/>\n<meta property=\"og:description\" content=\"NAUJIENA GAMINI\u0172 ASORTIMENTE!  Ar nor\u0117tum\u0117te savo m\u0117gstamiems patiekalams suteikti papildomo saldumo? Tada Jums idealiai tiks m\u016bs\u0173 naujasis saldus Mamma Mia Zero pada\u017eas i\u0161 GYMQUEEN su itin skaniu s\u016brios karamel\u0117s skoniu. Su \u0161iuo s\u016brios karamel\u0117s pada\u017eu sald\u0117si\u0173 m\u0117g\u0117jai gali m\u0117gautis puikiu skoniu be joki\u0173 papildom\u0173 kalorij\u0173 ar cukr\u0173.  Pada\u017eas geriausiai dera su ledais, \u0161vie\u017eiais vaisiais, pyragais ar bet kokiu kitu desertu. Griebkite savo m\u0117gstam\u0105 s\u016brios karamel\u0117s skon\u012f dabar ir daugiau niekada neapsieikite be sald\u017ei\u0173 skan\u0117st\u0173!   Patiekalams saldinti ir rafinuoti;  Suma\u017eintas kalorij\u0173 kiekis;  Be cukraus;  Be riebal\u0173.  Grynasis kiekis - 265ml.\u00a0  Saldus Mamma Mia pada\u017eas, pagamintas Vokietijoje i\u0161 auk\u0161\u010diausios kokyb\u0117s med\u017eiag\u0173, u\u017etikrina saug\u0173 vartojim\u0105.\u00a0\" \/>\n<meta property=\"og:url\" content=\"https:\/\/fitnsweet.eu\/en\/product-2\/surios-caramel-mamma-mia-zero-sauce-2\/\" \/>\n<meta property=\"og:site_name\" content=\"Fitnsweet.eu\" \/>\n<meta property=\"article:modified_time\" content=\"2025-12-14T23:36:03+00:00\" \/>\n<meta property=\"og:image\" content=\"https:\/\/fitnsweet.eu\/wp-content\/uploads\/2022\/06\/gq_karamell_shadow.png\" \/>\n\t<meta property=\"og:image:width\" content=\"1600\" \/>\n\t<meta property=\"og:image:height\" content=\"1600\" \/>\n\t<meta property=\"og:image:type\" content=\"image\/png\" \/>\n<meta name=\"twitter:card\" content=\"summary_large_image\" \/>\n<meta name=\"twitter:label1\" content=\"Est. reading time\" \/>\n\t<meta name=\"twitter:data1\" content=\"2 minutes\" \/>\n<script type=\"application\/ld+json\" class=\"yoast-schema-graph\">{\"@context\":\"https:\/\/schema.org\",\"@graph\":[{\"@type\":\"WebPage\",\"@id\":\"https:\/\/fitnsweet.eu\/produktas\/surios-karameles-mamma-mia-zero-padazas\/\",\"url\":\"https:\/\/fitnsweet.eu\/produktas\/surios-karameles-mamma-mia-zero-padazas\/\",\"name\":\"S\u016brios karamel\u0117s MAMMA MIA ZERO pada\u017eas - Fitnsweet.eu\",\"isPartOf\":{\"@id\":\"https:\/\/fitnsweet.eu\/#website\"},\"primaryImageOfPage\":{\"@id\":\"https:\/\/fitnsweet.eu\/produktas\/surios-karameles-mamma-mia-zero-padazas\/#primaryimage\"},\"image\":{\"@id\":\"https:\/\/fitnsweet.eu\/produktas\/surios-karameles-mamma-mia-zero-padazas\/#primaryimage\"},\"thumbnailUrl\":\"https:\/\/fitnsweet.eu\/wp-content\/uploads\/2022\/06\/gq_karamell_shadow.png\",\"datePublished\":\"2022-06-13T04:29:57+00:00\",\"dateModified\":\"2025-12-14T23:36:03+00:00\",\"breadcrumb\":{\"@id\":\"https:\/\/fitnsweet.eu\/produktas\/surios-karameles-mamma-mia-zero-padazas\/#breadcrumb\"},\"inLanguage\":\"en-US\",\"potentialAction\":[{\"@type\":\"ReadAction\",\"target\":[\"https:\/\/fitnsweet.eu\/produktas\/surios-karameles-mamma-mia-zero-padazas\/\"]}]},{\"@type\":\"ImageObject\",\"inLanguage\":\"en-US\",\"@id\":\"https:\/\/fitnsweet.eu\/produktas\/surios-karameles-mamma-mia-zero-padazas\/#primaryimage\",\"url\":\"https:\/\/fitnsweet.eu\/wp-content\/uploads\/2022\/06\/gq_karamell_shadow.png\",\"contentUrl\":\"https:\/\/fitnsweet.eu\/wp-content\/uploads\/2022\/06\/gq_karamell_shadow.png\",\"width\":1600,\"height\":1600},{\"@type\":\"BreadcrumbList\",\"@id\":\"https:\/\/fitnsweet.eu\/produktas\/surios-karameles-mamma-mia-zero-padazas\/#breadcrumb\",\"itemListElement\":[{\"@type\":\"ListItem\",\"position\":1,\"name\":\"Home\",\"item\":\"https:\/\/fitnsweet.eu\/\"},{\"@type\":\"ListItem\",\"position\":2,\"name\":\"Produktai\",\"item\":\"https:\/\/fitnsweet.eu\/parduotuve\/\"},{\"@type\":\"ListItem\",\"position\":3,\"name\":\"S\u016brios karamel\u0117s MAMMA MIA ZERO pada\u017eas\"}]},{\"@type\":\"WebSite\",\"@id\":\"https:\/\/fitnsweet.eu\/#website\",\"url\":\"https:\/\/fitnsweet.eu\/\",\"name\":\"Fitnsweet.eu\",\"description\":\"Sveika. Saldu. Naudinga.\",\"potentialAction\":[{\"@type\":\"SearchAction\",\"target\":{\"@type\":\"EntryPoint\",\"urlTemplate\":\"https:\/\/fitnsweet.eu\/?s={search_term_string}\"},\"query-input\":{\"@type\":\"PropertyValueSpecification\",\"valueRequired\":true,\"valueName\":\"search_term_string\"}}],\"inLanguage\":\"en-US\"}]}<\/script>\n<!-- \/ Yoast SEO plugin. -->","yoast_head_json":{"title":"Salted caramel MAMMA MIA ZERO sauce - Fitnsweet.eu","robots":{"index":"index","follow":"follow","max-snippet":"max-snippet:-1","max-image-preview":"max-image-preview:large","max-video-preview":"max-video-preview:-1"},"canonical":"https:\/\/fitnsweet.eu\/en\/product-2\/surios-caramel-mamma-mia-zero-sauce-2\/","og_locale":"en_US","og_type":"article","og_title":"S\u016brios karamel\u0117s MAMMA MIA ZERO pada\u017eas - Fitnsweet.eu","og_description":"NAUJIENA GAMINI\u0172 ASORTIMENTE!  Ar nor\u0117tum\u0117te savo m\u0117gstamiems patiekalams suteikti papildomo saldumo? Tada Jums idealiai tiks m\u016bs\u0173 naujasis saldus Mamma Mia Zero pada\u017eas i\u0161 GYMQUEEN su itin skaniu s\u016brios karamel\u0117s skoniu. Su \u0161iuo s\u016brios karamel\u0117s pada\u017eu sald\u0117si\u0173 m\u0117g\u0117jai gali m\u0117gautis puikiu skoniu be joki\u0173 papildom\u0173 kalorij\u0173 ar cukr\u0173.  Pada\u017eas geriausiai dera su ledais, \u0161vie\u017eiais vaisiais, pyragais ar bet kokiu kitu desertu. Griebkite savo m\u0117gstam\u0105 s\u016brios karamel\u0117s skon\u012f dabar ir daugiau niekada neapsieikite be sald\u017ei\u0173 skan\u0117st\u0173!   Patiekalams saldinti ir rafinuoti;  Suma\u017eintas kalorij\u0173 kiekis;  Be cukraus;  Be riebal\u0173.  Grynasis kiekis - 265ml.\u00a0  Saldus Mamma Mia pada\u017eas, pagamintas Vokietijoje i\u0161 auk\u0161\u010diausios kokyb\u0117s med\u017eiag\u0173, u\u017etikrina saug\u0173 vartojim\u0105.\u00a0","og_url":"https:\/\/fitnsweet.eu\/en\/product-2\/surios-caramel-mamma-mia-zero-sauce-2\/","og_site_name":"Fitnsweet.eu","article_modified_time":"2025-12-14T23:36:03+00:00","og_image":[{"width":1600,"height":1600,"url":"https:\/\/fitnsweet.eu\/wp-content\/uploads\/2022\/06\/gq_karamell_shadow.png","type":"image\/png"}],"twitter_card":"summary_large_image","twitter_misc":{"Est. reading time":"2 minutes"},"schema":{"@context":"https:\/\/schema.org","@graph":[{"@type":"WebPage","@id":"https:\/\/fitnsweet.eu\/produktas\/surios-karameles-mamma-mia-zero-padazas\/","url":"https:\/\/fitnsweet.eu\/produktas\/surios-karameles-mamma-mia-zero-padazas\/","name":"Salted caramel MAMMA MIA ZERO sauce - Fitnsweet.eu","isPartOf":{"@id":"https:\/\/fitnsweet.eu\/#website"},"primaryImageOfPage":{"@id":"https:\/\/fitnsweet.eu\/produktas\/surios-karameles-mamma-mia-zero-padazas\/#primaryimage"},"image":{"@id":"https:\/\/fitnsweet.eu\/produktas\/surios-karameles-mamma-mia-zero-padazas\/#primaryimage"},"thumbnailUrl":"https:\/\/fitnsweet.eu\/wp-content\/uploads\/2022\/06\/gq_karamell_shadow.png","datePublished":"2022-06-13T04:29:57+00:00","dateModified":"2025-12-14T23:36:03+00:00","breadcrumb":{"@id":"https:\/\/fitnsweet.eu\/produktas\/surios-karameles-mamma-mia-zero-padazas\/#breadcrumb"},"inLanguage":"en-US","potentialAction":[{"@type":"ReadAction","target":["https:\/\/fitnsweet.eu\/produktas\/surios-karameles-mamma-mia-zero-padazas\/"]}]},{"@type":"ImageObject","inLanguage":"en-US","@id":"https:\/\/fitnsweet.eu\/produktas\/surios-karameles-mamma-mia-zero-padazas\/#primaryimage","url":"https:\/\/fitnsweet.eu\/wp-content\/uploads\/2022\/06\/gq_karamell_shadow.png","contentUrl":"https:\/\/fitnsweet.eu\/wp-content\/uploads\/2022\/06\/gq_karamell_shadow.png","width":1600,"height":1600},{"@type":"BreadcrumbList","@id":"https:\/\/fitnsweet.eu\/produktas\/surios-karameles-mamma-mia-zero-padazas\/#breadcrumb","itemListElement":[{"@type":"ListItem","position":1,"name":"Home","item":"https:\/\/fitnsweet.eu\/"},{"@type":"ListItem","position":2,"name":"Produktai","item":"https:\/\/fitnsweet.eu\/parduotuve\/"},{"@type":"ListItem","position":3,"name":"S\u016brios karamel\u0117s MAMMA MIA ZERO pada\u017eas"}]},{"@type":"WebSite","@id":"https:\/\/fitnsweet.eu\/#website","url":"https:\/\/fitnsweet.eu\/","name":"Fitnsweet.eu","description":"Hello. Sweet. Useful.","potentialAction":[{"@type":"SearchAction","target":{"@type":"EntryPoint","urlTemplate":"https:\/\/fitnsweet.eu\/?s={search_term_string}"},"query-input":{"@type":"PropertyValueSpecification","valueRequired":true,"valueName":"search_term_string"}}],"inLanguage":"en-US"}]}},"_links":{"self":[{"href":"https:\/\/fitnsweet.eu\/en\/wp-json\/wp\/v2\/product\/31486","targetHints":{"allow":["GET"]}}],"collection":[{"href":"https:\/\/fitnsweet.eu\/en\/wp-json\/wp\/v2\/product"}],"about":[{"href":"https:\/\/fitnsweet.eu\/en\/wp-json\/wp\/v2\/types\/product"}],"replies":[{"embeddable":true,"href":"https:\/\/fitnsweet.eu\/en\/wp-json\/wp\/v2\/comments?post=31486"}],"version-history":[{"count":1,"href":"https:\/\/fitnsweet.eu\/en\/wp-json\/wp\/v2\/product\/31486\/revisions"}],"predecessor-version":[{"id":37304,"href":"https:\/\/fitnsweet.eu\/en\/wp-json\/wp\/v2\/product\/31486\/revisions\/37304"}],"wp:featuredmedia":[{"embeddable":true,"href":"https:\/\/fitnsweet.eu\/en\/wp-json\/wp\/v2\/media\/31487"}],"wp:attachment":[{"href":"https:\/\/fitnsweet.eu\/en\/wp-json\/wp\/v2\/media?parent=31486"}],"wp:term":[{"taxonomy":"product_brand","embeddable":true,"href":"https:\/\/fitnsweet.eu\/en\/wp-json\/wp\/v2\/product_brand?post=31486"},{"taxonomy":"product_cat","embeddable":true,"href":"https:\/\/fitnsweet.eu\/en\/wp-json\/wp\/v2\/product_cat?post=31486"},{"taxonomy":"product_tag","embeddable":true,"href":"https:\/\/fitnsweet.eu\/en\/wp-json\/wp\/v2\/product_tag?post=31486"}],"curies":[{"name":"wp","href":"https:\/\/api.w.org\/{rel}","templated":true}]}}