{"id":34840,"date":"2023-02-24T02:58:53","date_gmt":"2023-02-24T00:58:53","guid":{"rendered":"https:\/\/fitnsweet.eu\/?post_type=product&#038;p=34840"},"modified":"2025-12-15T01:35:50","modified_gmt":"2025-12-14T23:35:50","slug":"sokoladinis-bekaloris-mamma-mia-padazas-265ml","status":"publish","type":"product","link":"https:\/\/fitnsweet.eu\/en\/product-2\/sokoladinis-bekaloris-mamma-mia-padazas-265ml\/","title":{"rendered":"\u0160okoladinis bekaloris &#8222;Mamma Mia&#8221; pada\u017eas (265ml)"},"content":{"rendered":"<h4><span style=\"color: #ff99cc;\">KOKIE YRA &#8222;SWEET MAMMA MIA ZERO&#8221; PADA\u017dAI?<\/span><\/h4>\n<p>Suma\u017einto kaloringumo &#8222;Mamma Mia Zero&#8221; pada\u017eai yra b\u016btini j\u016bs\u0173 virtuvei! Nesvarbu, ar tai b\u016bt\u0173 ledai, pyragai ar kiti desertai &#8211; &#8222;Mamma Mia Zero&#8221; pada\u017eai kiekvien\u0105 j\u016bs\u0173 patiekal\u0105 pakelia \u012f nauj\u0105 lyg\u012f. Be to, pada\u017eas yra be <strong>prid\u0117tini\u0173 cukr\u0173*<\/strong>\u00a0and\u00a0<strong>be riebal\u0173<\/strong>.<\/p>\n<h4><span style=\"color: #ff99cc;\">KAM TINKA &#8222;SWEET MAMMA MIA ZERO&#8221; PADA\u017dAI?<\/span><\/h4>\n<p>&#8222;Mamma Mia Zero&#8221; pada\u017eai jums idealiai tinka, jei nenorite i\u0161siversti be jau pam\u0117gt\u0173 sald\u017ei\u0173 pada\u017e\u0173 kurie kupini cukr\u0173 ir neprisideda prie daili\u0173 k\u016bno form\u0173 i\u0161saugojimo ir geros savijautos pagerinimo, jei kaip s\u0105moningos sveikos mitybos dalies ie\u0161kote ma\u017eiau kalorij\u0173 turin\u010di\u0173 pada\u017e\u0173.<\/p>\n<p><small>*Nat\u016braliai yra cukraus<\/small><\/p>\n<dl class=\"block\">\n<dd><strong>Rekomenduojamas suvartojimas:\u00a0<\/strong>Vartokite pagal skon\u012f.<\/dd>\n<dd><strong>Storage: <\/strong>Store in a cool, dry and dark place.<\/dd>\n<dd>Ma\u017eo kaloringumo desertinis pada\u017eas su skoniu. Su skoniu ir saldikliu.<\/p>\n<p><strong>Composition<\/strong>: Vanduo, modifikuotas krakmolas, saldiklis: izomaltas; nat\u016bralus skonis, r\u016bg\u0161tiklis: citrinos r\u016bg\u0161tis, pieno r\u016bg\u0161tis; da\u017eikliai: kalcio karbonatas, karamel\u0117, liuteinas; tir\u0161tiklis: ksantano derva; konservantai: kalio sorbatas, natrio benzoatas; druska, saldiklis: sukraloz\u0117; nat\u016bralus vanil\u0117s skonis.<\/p>\n<p>Savyb\u0117s: Su saldikliu (-iais), konservantu (-ais).<\/p>\n<table class=\"table--nutrition-facts\">\n<thead>\n<tr>\n<th><\/th>\n<th>100 ml<\/th>\n<th class=\"text-right\">PORCIJA<\/th>\n<th class=\"text-right nutrition-table__per-serving\">% RPN* PER SERVING<\/th>\n<\/tr>\n<\/thead>\n<tbody>\n<tr>\n<td>Energija<\/td>\n<td><span class=\"db\">100,48 kJ|<\/span><span class=\"db\">24,00 kcal<\/span><\/td>\n<td class=\"text-right\"><span class=\"db\">15,07 kJ|<\/span><span class=\"db\">3,60 kcal<\/span><\/td>\n<td class=\"text-right nutrition-table__per-serving\">0,18 %<\/td>\n<\/tr>\n<tr>\n<td>Fat<\/td>\n<td>0.00 g<\/td>\n<td class=\"text-right\">0 g<\/td>\n<td class=\"text-right nutrition-table__per-serving\">0%<\/td>\n<\/tr>\n<tr class=\"sub-item\">\n<td>\u00a0of which saturated fatty acids<\/td>\n<td>0.00 g<\/td>\n<td class=\"text-right\">0 g<\/td>\n<td class=\"text-right nutrition-table__per-serving\">0%<\/td>\n<\/tr>\n<tr>\n<td>Carbohydrates<\/td>\n<td>6.40 g<\/td>\n<td class=\"text-right\">0.96 g<\/td>\n<td class=\"text-right nutrition-table__per-serving\">0,37 %<\/td>\n<\/tr>\n<tr class=\"sub-item\">\n<td>\u00a0of which sugars<\/td>\n<td>0.00 g<\/td>\n<td class=\"text-right\">0 g<\/td>\n<td class=\"text-right nutrition-table__per-serving\">0%<\/td>\n<\/tr>\n<tr>\n<td>Protein<\/td>\n<td>0.00 g<\/td>\n<td class=\"text-right\">0 g<\/td>\n<td class=\"text-right nutrition-table__per-serving\">0%<\/td>\n<\/tr>\n<tr>\n<td>Salt<\/td>\n<td>0.18 g<\/td>\n<td class=\"text-right\">0.03 g<\/td>\n<td class=\"text-right nutrition-table__per-serving\">0,50 %<\/td>\n<\/tr>\n<\/tbody>\n<\/table>\n<p><strong>Neto weight<\/strong> &#8211; 265 ml.<br \/>\n<strong>Country of origin<\/strong> &#8211; Vokietija.<\/dd>\n<\/dl>","protected":false},"excerpt":{"rendered":"<p>Norite suteikti savo m\u0117gstamam maistui dar daugiau skonio, saldumo be joki\u0173 papildom\u0173 kalorij\u0173? Tuomet griebkite m\u016bs\u0173 <strong>sald\u0173 &#8222;Mamma Mia Zero&#8221; \u0161okoladin\u012f pada\u017e\u0105 <\/strong>i\u0161 GYMQUEEN, nes \u0161is pada\u017eas saldumyn\u0173 m\u0117g\u0117jams bus tikras i\u0161sigelb\u0117jimas &#8211; tobulas skonis be joki\u0173 papildom\u0173 kalorij\u0173, prid\u0117tini\u0173 cukr\u0173. Be jokios s\u0105\u017ein\u0117s grau\u017eaties galite m\u0117gautis m\u0117gstamu maistu pagardinant j\u012f \u0161okolado skonio pada\u017eu.<\/p>\n<p>\u0160is pada\u017eas idealiai tiks gardinti var\u0161k\u0119, nat\u016bral\u0173\/graikin\u012f jogurt\u0105, kepinius, blynelius, vaisi\u0173 glotnu\u010dius ir tt.<\/p>\n<ul>\n<li>Maisto\u00a0<strong>saldinimui ir rafinavimui<\/strong><\/li>\n<li>Kalorij\u0173 suma\u017einimas<\/li>\n<li>Be cukraus<\/li>\n<li>No fat.<\/li>\n<\/ul>\n<p>Mamma Mia Zero pada\u017eas pagamintas Vokietijoje, i\u0161 auk\u0161\u010diausios kokyb\u0117s med\u017eiag\u0173, u\u017etikrina saug\u0173 vartojim\u0105.<\/p>\n<p>Grynasis kiekis &#8211; 265 ml.<\/p>","protected":false},"featured_media":34841,"comment_status":"open","ping_status":"closed","template":"","meta":{"site-sidebar-layout":"default","site-content-layout":"default","ast-site-content-layout":"default","site-content-style":"default","site-sidebar-style":"default","ast-global-header-display":"","ast-banner-title-visibility":"","ast-main-header-display":"","ast-hfb-above-header-display":"","ast-hfb-below-header-display":"","ast-hfb-mobile-header-display":"","site-post-title":"","ast-breadcrumbs-content":"","ast-featured-img":"","footer-sml-layout":"","ast-disable-related-posts":"","theme-transparent-header-meta":"default","adv-header-id-meta":"","stick-header-meta":"","header-above-stick-meta":"","header-main-stick-meta":"","header-below-stick-meta":"","astra-migrate-meta-layouts":"set","ast-page-background-enabled":"default","ast-page-background-meta":{"desktop":{"background-color":"var(--ast-global-color-4)","background-image":"","background-repeat":"repeat","background-position":"center center","background-size":"auto","background-attachment":"scroll","background-type":"","background-media":"","overlay-type":"","overlay-color":"","overlay-opacity":"","overlay-gradient":""},"tablet":{"background-color":"","background-image":"","background-repeat":"repeat","background-position":"center center","background-size":"auto","background-attachment":"scroll","background-type":"","background-media":"","overlay-type":"","overlay-color":"","overlay-opacity":"","overlay-gradient":""},"mobile":{"background-color":"","background-image":"","background-repeat":"repeat","background-position":"center center","background-size":"auto","background-attachment":"scroll","background-type":"","background-media":"","overlay-type":"","overlay-color":"","overlay-opacity":"","overlay-gradient":""}},"ast-content-background-meta":{"desktop":{"background-color":"var(--ast-global-color-5)","background-image":"","background-repeat":"repeat","background-position":"center center","background-size":"auto","background-attachment":"scroll","background-type":"","background-media":"","overlay-type":"","overlay-color":"","overlay-opacity":"","overlay-gradient":""},"tablet":{"background-color":"var(--ast-global-color-5)","background-image":"","background-repeat":"repeat","background-position":"center center","background-size":"auto","background-attachment":"scroll","background-type":"","background-media":"","overlay-type":"","overlay-color":"","overlay-opacity":"","overlay-gradient":""},"mobile":{"background-color":"var(--ast-global-color-5)","background-image":"","background-repeat":"repeat","background-position":"center center","background-size":"auto","background-attachment":"scroll","background-type":"","background-media":"","overlay-type":"","overlay-color":"","overlay-opacity":"","overlay-gradient":""}}},"product_brand":[],"product_cat":[386,382,395,387,365],"product_tag":[324,397,17,16,135],"class_list":{"0":"post-34840","1":"product","2":"type-product","3":"status-publish","4":"has-post-thumbnail","6":"product_cat-ispardavimas-2","7":"product_cat-traskuciai-padazai-uzkandziai","8":"product_cat-veganiska-be-laktozes","9":"product_cat-visi-produktai","10":"product_cat-ispardavimas","11":"product_tag-be-cukraus","12":"product_tag-be-kaloriju","13":"product_tag-fitnsweet","14":"product_tag-gymqueen","15":"product_tag-padazas","16":"desktop-align-left","17":"tablet-align-left","18":"mobile-align-left","20":"first","21":"instock","22":"taxable","23":"shipping-taxable","24":"purchasable","25":"product-type-simple"},"yoast_head":"<!-- This site is optimized with the Yoast SEO plugin v26.9 - https:\/\/yoast.com\/product\/yoast-seo-wordpress\/ -->\n<title>\u0160okoladinis bekaloris &quot;Mamma Mia&quot; pada\u017eas (265ml) - Fitnsweet.eu<\/title>\n<meta name=\"robots\" content=\"index, follow, max-snippet:-1, max-image-preview:large, max-video-preview:-1\" \/>\n<link rel=\"canonical\" href=\"https:\/\/fitnsweet.eu\/en\/product-2\/sokoladinis-bekaloris-mamma-mia-padazas-265ml\/\" \/>\n<meta property=\"og:locale\" content=\"en_US\" \/>\n<meta property=\"og:type\" content=\"article\" \/>\n<meta property=\"og:title\" content=\"\u0160okoladinis bekaloris &quot;Mamma Mia&quot; pada\u017eas (265ml) - Fitnsweet.eu\" \/>\n<meta property=\"og:description\" content=\"Norite suteikti savo m\u0117gstamam maistui dar daugiau skonio, saldumo be joki\u0173 papildom\u0173 kalorij\u0173? Tuomet griebkite m\u016bs\u0173 sald\u0173 &quot;Mamma Mia Zero&quot; \u0161okoladin\u012f pada\u017e\u0105 i\u0161 GYMQUEEN, nes \u0161is pada\u017eas saldumyn\u0173 m\u0117g\u0117jams bus tikras i\u0161sigelb\u0117jimas - tobulas skonis be joki\u0173 papildom\u0173 kalorij\u0173, prid\u0117tini\u0173 cukr\u0173. Be jokios s\u0105\u017ein\u0117s grau\u017eaties galite m\u0117gautis m\u0117gstamu maistu pagardinant j\u012f \u0161okolado skonio pada\u017eu.  \u0160is pada\u017eas idealiai tiks gardinti var\u0161k\u0119, nat\u016bral\u0173\/graikin\u012f jogurt\u0105, kepinius, blynelius, vaisi\u0173 glotnu\u010dius ir tt.   Maisto\u00a0saldinimui ir rafinavimui  Kalorij\u0173 suma\u017einimas  Be cukraus  Be riebal\u0173.  Mamma Mia Zero pada\u017eas pagamintas Vokietijoje, i\u0161 auk\u0161\u010diausios kokyb\u0117s med\u017eiag\u0173, u\u017etikrina saug\u0173 vartojim\u0105.  Grynasis kiekis - 265 ml.\" \/>\n<meta property=\"og:url\" content=\"https:\/\/fitnsweet.eu\/en\/product-2\/sokoladinis-bekaloris-mamma-mia-padazas-265ml\/\" \/>\n<meta property=\"og:site_name\" content=\"Fitnsweet.eu\" \/>\n<meta property=\"article:modified_time\" content=\"2025-12-14T23:35:50+00:00\" \/>\n<meta property=\"og:image\" content=\"https:\/\/fitnsweet.eu\/wp-content\/uploads\/2023\/02\/gq_schokolade_mood.png\" \/>\n\t<meta property=\"og:image:width\" content=\"1600\" \/>\n\t<meta property=\"og:image:height\" content=\"1600\" \/>\n\t<meta property=\"og:image:type\" content=\"image\/png\" \/>\n<meta name=\"twitter:card\" content=\"summary_large_image\" \/>\n<meta name=\"twitter:label1\" content=\"Est. reading time\" \/>\n\t<meta name=\"twitter:data1\" content=\"2 minutes\" \/>\n<script type=\"application\/ld+json\" class=\"yoast-schema-graph\">{\"@context\":\"https:\/\/schema.org\",\"@graph\":[{\"@type\":\"WebPage\",\"@id\":\"https:\/\/fitnsweet.eu\/produktas\/sokoladinis-bekaloris-mamma-mia-padazas-265ml\/\",\"url\":\"https:\/\/fitnsweet.eu\/produktas\/sokoladinis-bekaloris-mamma-mia-padazas-265ml\/\",\"name\":\"\u0160okoladinis bekaloris \\\"Mamma Mia\\\" pada\u017eas (265ml) - Fitnsweet.eu\",\"isPartOf\":{\"@id\":\"https:\/\/fitnsweet.eu\/#website\"},\"primaryImageOfPage\":{\"@id\":\"https:\/\/fitnsweet.eu\/produktas\/sokoladinis-bekaloris-mamma-mia-padazas-265ml\/#primaryimage\"},\"image\":{\"@id\":\"https:\/\/fitnsweet.eu\/produktas\/sokoladinis-bekaloris-mamma-mia-padazas-265ml\/#primaryimage\"},\"thumbnailUrl\":\"https:\/\/fitnsweet.eu\/wp-content\/uploads\/2023\/02\/gq_schokolade_mood.png\",\"datePublished\":\"2023-02-24T00:58:53+00:00\",\"dateModified\":\"2025-12-14T23:35:50+00:00\",\"breadcrumb\":{\"@id\":\"https:\/\/fitnsweet.eu\/produktas\/sokoladinis-bekaloris-mamma-mia-padazas-265ml\/#breadcrumb\"},\"inLanguage\":\"en-US\",\"potentialAction\":[{\"@type\":\"ReadAction\",\"target\":[\"https:\/\/fitnsweet.eu\/produktas\/sokoladinis-bekaloris-mamma-mia-padazas-265ml\/\"]}]},{\"@type\":\"ImageObject\",\"inLanguage\":\"en-US\",\"@id\":\"https:\/\/fitnsweet.eu\/produktas\/sokoladinis-bekaloris-mamma-mia-padazas-265ml\/#primaryimage\",\"url\":\"https:\/\/fitnsweet.eu\/wp-content\/uploads\/2023\/02\/gq_schokolade_mood.png\",\"contentUrl\":\"https:\/\/fitnsweet.eu\/wp-content\/uploads\/2023\/02\/gq_schokolade_mood.png\",\"width\":1600,\"height\":1600},{\"@type\":\"BreadcrumbList\",\"@id\":\"https:\/\/fitnsweet.eu\/produktas\/sokoladinis-bekaloris-mamma-mia-padazas-265ml\/#breadcrumb\",\"itemListElement\":[{\"@type\":\"ListItem\",\"position\":1,\"name\":\"Home\",\"item\":\"https:\/\/fitnsweet.eu\/\"},{\"@type\":\"ListItem\",\"position\":2,\"name\":\"Produktai\",\"item\":\"https:\/\/fitnsweet.eu\/parduotuve\/\"},{\"@type\":\"ListItem\",\"position\":3,\"name\":\"\u0160okoladinis bekaloris &#8222;Mamma Mia&#8221; pada\u017eas (265ml)\"}]},{\"@type\":\"WebSite\",\"@id\":\"https:\/\/fitnsweet.eu\/#website\",\"url\":\"https:\/\/fitnsweet.eu\/\",\"name\":\"Fitnsweet.eu\",\"description\":\"Sveika. Saldu. Naudinga.\",\"potentialAction\":[{\"@type\":\"SearchAction\",\"target\":{\"@type\":\"EntryPoint\",\"urlTemplate\":\"https:\/\/fitnsweet.eu\/?s={search_term_string}\"},\"query-input\":{\"@type\":\"PropertyValueSpecification\",\"valueRequired\":true,\"valueName\":\"search_term_string\"}}],\"inLanguage\":\"en-US\"}]}<\/script>\n<!-- \/ Yoast SEO plugin. -->","yoast_head_json":{"title":"\u0160okoladinis bekaloris \"Mamma Mia\" pada\u017eas (265ml) - Fitnsweet.eu","robots":{"index":"index","follow":"follow","max-snippet":"max-snippet:-1","max-image-preview":"max-image-preview:large","max-video-preview":"max-video-preview:-1"},"canonical":"https:\/\/fitnsweet.eu\/en\/product-2\/sokoladinis-bekaloris-mamma-mia-padazas-265ml\/","og_locale":"en_US","og_type":"article","og_title":"\u0160okoladinis bekaloris \"Mamma Mia\" pada\u017eas (265ml) - Fitnsweet.eu","og_description":"Norite suteikti savo m\u0117gstamam maistui dar daugiau skonio, saldumo be joki\u0173 papildom\u0173 kalorij\u0173? Tuomet griebkite m\u016bs\u0173 sald\u0173 \"Mamma Mia Zero\" \u0161okoladin\u012f pada\u017e\u0105 i\u0161 GYMQUEEN, nes \u0161is pada\u017eas saldumyn\u0173 m\u0117g\u0117jams bus tikras i\u0161sigelb\u0117jimas - tobulas skonis be joki\u0173 papildom\u0173 kalorij\u0173, prid\u0117tini\u0173 cukr\u0173. Be jokios s\u0105\u017ein\u0117s grau\u017eaties galite m\u0117gautis m\u0117gstamu maistu pagardinant j\u012f \u0161okolado skonio pada\u017eu.  \u0160is pada\u017eas idealiai tiks gardinti var\u0161k\u0119, nat\u016bral\u0173\/graikin\u012f jogurt\u0105, kepinius, blynelius, vaisi\u0173 glotnu\u010dius ir tt.   Maisto\u00a0saldinimui ir rafinavimui  Kalorij\u0173 suma\u017einimas  Be cukraus  Be riebal\u0173.  Mamma Mia Zero pada\u017eas pagamintas Vokietijoje, i\u0161 auk\u0161\u010diausios kokyb\u0117s med\u017eiag\u0173, u\u017etikrina saug\u0173 vartojim\u0105.  Grynasis kiekis - 265 ml.","og_url":"https:\/\/fitnsweet.eu\/en\/product-2\/sokoladinis-bekaloris-mamma-mia-padazas-265ml\/","og_site_name":"Fitnsweet.eu","article_modified_time":"2025-12-14T23:35:50+00:00","og_image":[{"width":1600,"height":1600,"url":"https:\/\/fitnsweet.eu\/wp-content\/uploads\/2023\/02\/gq_schokolade_mood.png","type":"image\/png"}],"twitter_card":"summary_large_image","twitter_misc":{"Est. reading time":"2 minutes"},"schema":{"@context":"https:\/\/schema.org","@graph":[{"@type":"WebPage","@id":"https:\/\/fitnsweet.eu\/produktas\/sokoladinis-bekaloris-mamma-mia-padazas-265ml\/","url":"https:\/\/fitnsweet.eu\/produktas\/sokoladinis-bekaloris-mamma-mia-padazas-265ml\/","name":"\u0160okoladinis bekaloris \"Mamma Mia\" pada\u017eas (265ml) - Fitnsweet.eu","isPartOf":{"@id":"https:\/\/fitnsweet.eu\/#website"},"primaryImageOfPage":{"@id":"https:\/\/fitnsweet.eu\/produktas\/sokoladinis-bekaloris-mamma-mia-padazas-265ml\/#primaryimage"},"image":{"@id":"https:\/\/fitnsweet.eu\/produktas\/sokoladinis-bekaloris-mamma-mia-padazas-265ml\/#primaryimage"},"thumbnailUrl":"https:\/\/fitnsweet.eu\/wp-content\/uploads\/2023\/02\/gq_schokolade_mood.png","datePublished":"2023-02-24T00:58:53+00:00","dateModified":"2025-12-14T23:35:50+00:00","breadcrumb":{"@id":"https:\/\/fitnsweet.eu\/produktas\/sokoladinis-bekaloris-mamma-mia-padazas-265ml\/#breadcrumb"},"inLanguage":"en-US","potentialAction":[{"@type":"ReadAction","target":["https:\/\/fitnsweet.eu\/produktas\/sokoladinis-bekaloris-mamma-mia-padazas-265ml\/"]}]},{"@type":"ImageObject","inLanguage":"en-US","@id":"https:\/\/fitnsweet.eu\/produktas\/sokoladinis-bekaloris-mamma-mia-padazas-265ml\/#primaryimage","url":"https:\/\/fitnsweet.eu\/wp-content\/uploads\/2023\/02\/gq_schokolade_mood.png","contentUrl":"https:\/\/fitnsweet.eu\/wp-content\/uploads\/2023\/02\/gq_schokolade_mood.png","width":1600,"height":1600},{"@type":"BreadcrumbList","@id":"https:\/\/fitnsweet.eu\/produktas\/sokoladinis-bekaloris-mamma-mia-padazas-265ml\/#breadcrumb","itemListElement":[{"@type":"ListItem","position":1,"name":"Home","item":"https:\/\/fitnsweet.eu\/"},{"@type":"ListItem","position":2,"name":"Produktai","item":"https:\/\/fitnsweet.eu\/parduotuve\/"},{"@type":"ListItem","position":3,"name":"\u0160okoladinis bekaloris &#8222;Mamma Mia&#8221; pada\u017eas (265ml)"}]},{"@type":"WebSite","@id":"https:\/\/fitnsweet.eu\/#website","url":"https:\/\/fitnsweet.eu\/","name":"Fitnsweet.eu","description":"Hello. Sweet. Useful.","potentialAction":[{"@type":"SearchAction","target":{"@type":"EntryPoint","urlTemplate":"https:\/\/fitnsweet.eu\/?s={search_term_string}"},"query-input":{"@type":"PropertyValueSpecification","valueRequired":true,"valueName":"search_term_string"}}],"inLanguage":"en-US"}]}},"_links":{"self":[{"href":"https:\/\/fitnsweet.eu\/en\/wp-json\/wp\/v2\/product\/34840","targetHints":{"allow":["GET"]}}],"collection":[{"href":"https:\/\/fitnsweet.eu\/en\/wp-json\/wp\/v2\/product"}],"about":[{"href":"https:\/\/fitnsweet.eu\/en\/wp-json\/wp\/v2\/types\/product"}],"replies":[{"embeddable":true,"href":"https:\/\/fitnsweet.eu\/en\/wp-json\/wp\/v2\/comments?post=34840"}],"version-history":[{"count":2,"href":"https:\/\/fitnsweet.eu\/en\/wp-json\/wp\/v2\/product\/34840\/revisions"}],"predecessor-version":[{"id":38820,"href":"https:\/\/fitnsweet.eu\/en\/wp-json\/wp\/v2\/product\/34840\/revisions\/38820"}],"wp:featuredmedia":[{"embeddable":true,"href":"https:\/\/fitnsweet.eu\/en\/wp-json\/wp\/v2\/media\/34841"}],"wp:attachment":[{"href":"https:\/\/fitnsweet.eu\/en\/wp-json\/wp\/v2\/media?parent=34840"}],"wp:term":[{"taxonomy":"product_brand","embeddable":true,"href":"https:\/\/fitnsweet.eu\/en\/wp-json\/wp\/v2\/product_brand?post=34840"},{"taxonomy":"product_cat","embeddable":true,"href":"https:\/\/fitnsweet.eu\/en\/wp-json\/wp\/v2\/product_cat?post=34840"},{"taxonomy":"product_tag","embeddable":true,"href":"https:\/\/fitnsweet.eu\/en\/wp-json\/wp\/v2\/product_tag?post=34840"}],"curies":[{"name":"wp","href":"https:\/\/api.w.org\/{rel}","templated":true}]}}