{"id":39195,"date":"2023-12-05T08:04:13","date_gmt":"2023-12-05T06:04:13","guid":{"rendered":"https:\/\/fitnsweet.eu\/?post_type=product&#038;p=39195"},"modified":"2026-04-11T02:32:52","modified_gmt":"2026-04-10T23:32:52","slug":"saldus-padazu-rinkinys-mamma-mia-svajone-3x265ml","status":"publish","type":"product","link":"https:\/\/fitnsweet.eu\/en\/product-2\/saldus-padazu-rinkinys-mamma-mia-svajone-3x265ml\/","title":{"rendered":"Sweet sauce set &quot;Mamma Mia&#039;s dream&quot; (3x265ml)"},"content":{"rendered":"<p><strong>KOKIE YRA \u201cSWEET MAMMA MIA ZERO\u201d PADA\u017dAI?<\/strong><\/p>\n<p>Suma\u017einto kaloringumo \u201cMamma Mia Zero\u201d pada\u017eai yra b\u016btini j\u016bs\u0173 virtuvei! Nesvarbu, ar tai b\u016bt\u0173 ledai, pyragai ar kiti desertai \u2013 \u201cMamma Mia Zero\u201d pada\u017eai kiekvien\u0105 j\u016bs\u0173 patiekal\u0105 pakelia \u012f nauj\u0105 lyg\u012f. Be to, pada\u017eas yra be prid\u0117tini\u0173 cukr\u0173* ir be riebal\u0173.<\/p>\n<p><strong>KAM TINKA \u201cSWEET MAMMA MIA ZERO\u201d PADA\u017dAI?<\/strong><\/p>\n<p>\u201cMamma Mia Zero\u201d pada\u017eai jums idealiai tinka, jei nenorite i\u0161siversti be jau pam\u0117gt\u0173 sald\u017ei\u0173 pada\u017e\u0173 kurie kupini cukr\u0173 ir neprisideda prie daili\u0173 k\u016bno form\u0173 i\u0161saugojimo ir geros savijautos pagerinimo, jei kaip s\u0105moningos sveikos mitybos dalies ie\u0161kote ma\u017eiau kalorij\u0173 turin\u010di\u0173 pada\u017e\u0173.<\/p>\n<p>*Nat\u016braliai yra cukraus<\/p>\n<p>&nbsp;<\/p>\n<p>Rekomenduojamas suvartojimas: Vartokite pagal skon\u012f.<br \/>\nLaikymas: Laikyti v\u0117sioje, sausoje ir tamsioje vietoje.<\/p>\n<p>Ma\u017eo kaloringumo desertinis pada\u017eas su skoniu. Su skoniu ir saldikliu.<\/p>\n<p><strong>Composition<\/strong>:<br \/>\nVanduo, modifikuotas krakmolas, saldiklis: izomaltas; Da\u017eikliai: kalcio karbonatas; pienas, r\u016bg\u0161tikliai: citrinos r\u016bg\u0161tis, pieno r\u016bg\u0161tis; kvapioji med\u017eiaga, tir\u0161tiklis: ksantano derva; Konservantai: kalio sorbatas, natrio benzoatas; nat\u016bralus skonis, saldiklis: sukraloz\u0117; Da\u017eikliai: liuteinas; Pipiras.<\/p>\n<p>&nbsp;<\/p>\n<table class=\"table--nutrition-facts\">\n<thead>\n<tr>\n<th>Energy value<\/th>\n<th>Per 100ML<\/th>\n<th class=\"text-right\">Per PORCIJ\u0104<\/th>\n<th class=\"text-right nutrition-table__per-serving\">% RPN* per porcij\u0105<\/th>\n<\/tr>\n<\/thead>\n<tbody>\n<tr>\n<td><\/td>\n<td><span class=\"db\">104,67 kj<\/span><span class=\"db\">25,00 kcal<\/span><\/td>\n<td class=\"text-right\"><span class=\"db\">15,70 kj<\/span><span class=\"db\">3,75 kcal<\/span><\/td>\n<td class=\"text-right nutrition-table__per-serving\">0,19 %<\/td>\n<\/tr>\n<tr>\n<td>Fat<\/td>\n<td>0.00 g<\/td>\n<td class=\"text-right\">0 g<\/td>\n<td class=\"text-right nutrition-table__per-serving\">0%<\/td>\n<\/tr>\n<tr class=\"sub-item\">\n<td>\u00a0of which saturated fatty acids<\/td>\n<td>0.00 g<\/td>\n<td class=\"text-right\">0 g<\/td>\n<td class=\"text-right nutrition-table__per-serving\">0%<\/td>\n<\/tr>\n<tr>\n<td>Carbohydrates<\/td>\n<td>5.80 g<\/td>\n<td class=\"text-right\">0,87 g<\/td>\n<td class=\"text-right nutrition-table__per-serving\">0,33 %<\/td>\n<\/tr>\n<tr class=\"sub-item\">\n<td>\u00a0of which sugars<\/td>\n<td>0.50 g<\/td>\n<td class=\"text-right\">0.08 g<\/td>\n<td class=\"text-right nutrition-table__per-serving\">0,09 %<\/td>\n<\/tr>\n<tr>\n<td>Protein<\/td>\n<td>0.00 g<\/td>\n<td class=\"text-right\">0 g<\/td>\n<td class=\"text-right nutrition-table__per-serving\">0%<\/td>\n<\/tr>\n<tr>\n<td>Salt<\/td>\n<td>0,02 g<\/td>\n<td class=\"text-right\">0.00 g<\/td>\n<td class=\"text-right nutrition-table__per-serving\">0%<\/td>\n<\/tr>\n<\/tbody>\n<\/table>","protected":false},"excerpt":{"rendered":"<p>Mamma Mia sald\u016bs pada\u017eai vos atsirad\u0119 asortimente tapo vienu i\u0161 m\u016bs\u0173 gamini\u0173 bestseleri\u0173. Ir tikrai ne veltui, nes itin puikus j\u0173 skonis nepalieka abejing\u0173.<\/p>\n<p>Da\u017enai gauname Klausim\u0173, kur\u012f pada\u017e\u0105 i\u0161bandyti reik\u0117t\u0173 pirmiausia? I\u0161bandykite visus tris i\u0161kart! Jie idealiai tiks gardintk blynus, ko\u0161es, var\u0161k\u0119, naminius pyragus ar net becukrius ledus.<\/p>\n<p>\u0160ie pada\u017eai saldumyn\u0173 m\u0117g\u0117jams bus tikras i\u0161sigelb\u0117jimas \u2013 tobulas skonis be joki\u0173 papildom\u0173 kalorij\u0173, prid\u0117tini\u0173 cukr\u0173. Be jokios s\u0105\u017ein\u0117s grau\u017eaties galite m\u0117gautis m\u0117gstamu maistu pagardinant j\u012f \u0161okolado skonio pada\u017eu.<\/p>\n<p>Mamma Mia Zero pada\u017eas pagamintas Vokietijoje, i\u0161 auk\u0161\u010diausios kokyb\u0117s med\u017eiag\u0173, u\u017etikrina saug\u0173 vartojim\u0105.<\/p>\n<p><strong>Grynasis kiekis \u2013 3 buteliukai po 265 ml. Vanil\u0117s, \u0161okolado ir s\u016brios karamel\u0117s skonio.<\/strong><\/p>","protected":false},"featured_media":39194,"comment_status":"open","ping_status":"closed","template":"","meta":{"site-sidebar-layout":"default","site-content-layout":"default","ast-site-content-layout":"default","site-content-style":"default","site-sidebar-style":"default","ast-global-header-display":"","ast-banner-title-visibility":"","ast-main-header-display":"","ast-hfb-above-header-display":"","ast-hfb-below-header-display":"","ast-hfb-mobile-header-display":"","site-post-title":"","ast-breadcrumbs-content":"","ast-featured-img":"","footer-sml-layout":"","ast-disable-related-posts":"","theme-transparent-header-meta":"default","adv-header-id-meta":"","stick-header-meta":"","header-above-stick-meta":"","header-main-stick-meta":"","header-below-stick-meta":"","astra-migrate-meta-layouts":"default","ast-page-background-enabled":"default","ast-page-background-meta":{"desktop":{"background-color":"var(--ast-global-color-4)","background-image":"","background-repeat":"repeat","background-position":"center center","background-size":"auto","background-attachment":"scroll","background-type":"","background-media":"","overlay-type":"","overlay-color":"","overlay-opacity":"","overlay-gradient":""},"tablet":{"background-color":"","background-image":"","background-repeat":"repeat","background-position":"center center","background-size":"auto","background-attachment":"scroll","background-type":"","background-media":"","overlay-type":"","overlay-color":"","overlay-opacity":"","overlay-gradient":""},"mobile":{"background-color":"","background-image":"","background-repeat":"repeat","background-position":"center center","background-size":"auto","background-attachment":"scroll","background-type":"","background-media":"","overlay-type":"","overlay-color":"","overlay-opacity":"","overlay-gradient":""}},"ast-content-background-meta":{"desktop":{"background-color":"var(--ast-global-color-5)","background-image":"","background-repeat":"repeat","background-position":"center center","background-size":"auto","background-attachment":"scroll","background-type":"","background-media":"","overlay-type":"","overlay-color":"","overlay-opacity":"","overlay-gradient":""},"tablet":{"background-color":"var(--ast-global-color-5)","background-image":"","background-repeat":"repeat","background-position":"center center","background-size":"auto","background-attachment":"scroll","background-type":"","background-media":"","overlay-type":"","overlay-color":"","overlay-opacity":"","overlay-gradient":""},"mobile":{"background-color":"var(--ast-global-color-5)","background-image":"","background-repeat":"repeat","background-position":"center center","background-size":"auto","background-attachment":"scroll","background-type":"","background-media":"","overlay-type":"","overlay-color":"","overlay-opacity":"","overlay-gradient":""}}},"product_brand":[],"product_cat":[396,393,380,382,378,395,387],"product_tag":[],"class_list":{"0":"post-39195","1":"product","2":"type-product","3":"status-publish","4":"has-post-thumbnail","6":"product_cat-lieknejimui","7":"product_cat-rinkiniai","8":"product_cat-sokoladiniai-kremai-uogienes","9":"product_cat-traskuciai-padazai-uzkandziai","10":"product_cat-uzkandziai","11":"product_cat-veganiska-be-laktozes","12":"product_cat-visi-produktai","13":"desktop-align-left","14":"tablet-align-left","15":"mobile-align-left","17":"first","18":"instock","19":"taxable","20":"shipping-taxable","21":"purchasable","22":"product-type-simple"},"yoast_head":"<!-- This site is optimized with the Yoast SEO plugin v26.9 - https:\/\/yoast.com\/product\/yoast-seo-wordpress\/ -->\n<title>Saldus pada\u017e\u0173 rinkinys &quot;Mamma Mia svajon\u0117&quot; (3x265ml) - Fitnsweet.eu<\/title>\n<meta name=\"robots\" content=\"index, follow, max-snippet:-1, max-image-preview:large, max-video-preview:-1\" \/>\n<link rel=\"canonical\" href=\"https:\/\/fitnsweet.eu\/en\/product-2\/saldus-padazu-rinkinys-mamma-mia-svajone-3x265ml\/\" \/>\n<meta property=\"og:locale\" content=\"en_US\" \/>\n<meta property=\"og:type\" content=\"article\" \/>\n<meta property=\"og:title\" content=\"Saldus pada\u017e\u0173 rinkinys &quot;Mamma Mia svajon\u0117&quot; (3x265ml) - Fitnsweet.eu\" \/>\n<meta property=\"og:description\" content=\"Mamma Mia sald\u016bs pada\u017eai vos atsirad\u0119 asortimente tapo vienu i\u0161 m\u016bs\u0173 gamini\u0173 bestseleri\u0173. Ir tikrai ne veltui, nes itin puikus j\u0173 skonis nepalieka abejing\u0173.  Da\u017enai gauname Klausim\u0173, kur\u012f pada\u017e\u0105 i\u0161bandyti reik\u0117t\u0173 pirmiausia? I\u0161bandykite visus tris i\u0161kart! Jie idealiai tiks gardintk blynus, ko\u0161es, var\u0161k\u0119, naminius pyragus ar net becukrius ledus.  \u0160ie pada\u017eai saldumyn\u0173 m\u0117g\u0117jams bus tikras i\u0161sigelb\u0117jimas \u2013 tobulas skonis be joki\u0173 papildom\u0173 kalorij\u0173, prid\u0117tini\u0173 cukr\u0173. Be jokios s\u0105\u017ein\u0117s grau\u017eaties galite m\u0117gautis m\u0117gstamu maistu pagardinant j\u012f \u0161okolado skonio pada\u017eu.  Mamma Mia Zero pada\u017eas pagamintas Vokietijoje, i\u0161 auk\u0161\u010diausios kokyb\u0117s med\u017eiag\u0173, u\u017etikrina saug\u0173 vartojim\u0105.  Grynasis kiekis \u2013 3 buteliukai po 265 ml. Vanil\u0117s, \u0161okolado ir s\u016brios karamel\u0117s skonio.\" \/>\n<meta property=\"og:url\" content=\"https:\/\/fitnsweet.eu\/en\/product-2\/saldus-padazu-rinkinys-mamma-mia-svajone-3x265ml\/\" \/>\n<meta property=\"og:site_name\" content=\"Fitnsweet.eu\" \/>\n<meta property=\"article:modified_time\" content=\"2026-04-10T23:32:52+00:00\" \/>\n<meta property=\"og:image\" content=\"https:\/\/fitnsweet.eu\/wp-content\/uploads\/2023\/12\/Adobe_Express_20231205_0118090_1.png\" \/>\n\t<meta property=\"og:image:width\" content=\"1080\" \/>\n\t<meta property=\"og:image:height\" content=\"1080\" \/>\n\t<meta property=\"og:image:type\" content=\"image\/png\" \/>\n<meta name=\"twitter:card\" content=\"summary_large_image\" \/>\n<meta name=\"twitter:label1\" content=\"Est. reading time\" \/>\n\t<meta name=\"twitter:data1\" content=\"1 minute\" \/>\n<script type=\"application\/ld+json\" class=\"yoast-schema-graph\">{\"@context\":\"https:\/\/schema.org\",\"@graph\":[{\"@type\":\"WebPage\",\"@id\":\"https:\/\/fitnsweet.eu\/produktas\/saldus-padazu-rinkinys-mamma-mia-svajone-3x265ml\/\",\"url\":\"https:\/\/fitnsweet.eu\/produktas\/saldus-padazu-rinkinys-mamma-mia-svajone-3x265ml\/\",\"name\":\"Saldus pada\u017e\u0173 rinkinys \\\"Mamma Mia svajon\u0117\\\" (3x265ml) - Fitnsweet.eu\",\"isPartOf\":{\"@id\":\"https:\/\/fitnsweet.eu\/#website\"},\"primaryImageOfPage\":{\"@id\":\"https:\/\/fitnsweet.eu\/produktas\/saldus-padazu-rinkinys-mamma-mia-svajone-3x265ml\/#primaryimage\"},\"image\":{\"@id\":\"https:\/\/fitnsweet.eu\/produktas\/saldus-padazu-rinkinys-mamma-mia-svajone-3x265ml\/#primaryimage\"},\"thumbnailUrl\":\"https:\/\/fitnsweet.eu\/wp-content\/uploads\/2023\/12\/Adobe_Express_20231205_0118090_1.png\",\"datePublished\":\"2023-12-05T06:04:13+00:00\",\"dateModified\":\"2026-04-10T23:32:52+00:00\",\"breadcrumb\":{\"@id\":\"https:\/\/fitnsweet.eu\/produktas\/saldus-padazu-rinkinys-mamma-mia-svajone-3x265ml\/#breadcrumb\"},\"inLanguage\":\"en-US\",\"potentialAction\":[{\"@type\":\"ReadAction\",\"target\":[\"https:\/\/fitnsweet.eu\/produktas\/saldus-padazu-rinkinys-mamma-mia-svajone-3x265ml\/\"]}]},{\"@type\":\"ImageObject\",\"inLanguage\":\"en-US\",\"@id\":\"https:\/\/fitnsweet.eu\/produktas\/saldus-padazu-rinkinys-mamma-mia-svajone-3x265ml\/#primaryimage\",\"url\":\"https:\/\/fitnsweet.eu\/wp-content\/uploads\/2023\/12\/Adobe_Express_20231205_0118090_1.png\",\"contentUrl\":\"https:\/\/fitnsweet.eu\/wp-content\/uploads\/2023\/12\/Adobe_Express_20231205_0118090_1.png\",\"width\":1080,\"height\":1080},{\"@type\":\"BreadcrumbList\",\"@id\":\"https:\/\/fitnsweet.eu\/produktas\/saldus-padazu-rinkinys-mamma-mia-svajone-3x265ml\/#breadcrumb\",\"itemListElement\":[{\"@type\":\"ListItem\",\"position\":1,\"name\":\"Home\",\"item\":\"https:\/\/fitnsweet.eu\/\"},{\"@type\":\"ListItem\",\"position\":2,\"name\":\"Produktai\",\"item\":\"https:\/\/fitnsweet.eu\/parduotuve\/\"},{\"@type\":\"ListItem\",\"position\":3,\"name\":\"Saldus pada\u017e\u0173 rinkinys &#8222;Mamma Mia svajon\u0117&#8221; (3x265ml)\"}]},{\"@type\":\"WebSite\",\"@id\":\"https:\/\/fitnsweet.eu\/#website\",\"url\":\"https:\/\/fitnsweet.eu\/\",\"name\":\"Fitnsweet.eu\",\"description\":\"Sveika. Saldu. Naudinga.\",\"potentialAction\":[{\"@type\":\"SearchAction\",\"target\":{\"@type\":\"EntryPoint\",\"urlTemplate\":\"https:\/\/fitnsweet.eu\/?s={search_term_string}\"},\"query-input\":{\"@type\":\"PropertyValueSpecification\",\"valueRequired\":true,\"valueName\":\"search_term_string\"}}],\"inLanguage\":\"en-US\"}]}<\/script>\n<!-- \/ Yoast SEO plugin. -->","yoast_head_json":{"title":"Saldus pada\u017e\u0173 rinkinys \"Mamma Mia svajon\u0117\" (3x265ml) - Fitnsweet.eu","robots":{"index":"index","follow":"follow","max-snippet":"max-snippet:-1","max-image-preview":"max-image-preview:large","max-video-preview":"max-video-preview:-1"},"canonical":"https:\/\/fitnsweet.eu\/en\/product-2\/saldus-padazu-rinkinys-mamma-mia-svajone-3x265ml\/","og_locale":"en_US","og_type":"article","og_title":"Saldus pada\u017e\u0173 rinkinys \"Mamma Mia svajon\u0117\" (3x265ml) - Fitnsweet.eu","og_description":"Mamma Mia sald\u016bs pada\u017eai vos atsirad\u0119 asortimente tapo vienu i\u0161 m\u016bs\u0173 gamini\u0173 bestseleri\u0173. Ir tikrai ne veltui, nes itin puikus j\u0173 skonis nepalieka abejing\u0173.  Da\u017enai gauname Klausim\u0173, kur\u012f pada\u017e\u0105 i\u0161bandyti reik\u0117t\u0173 pirmiausia? I\u0161bandykite visus tris i\u0161kart! Jie idealiai tiks gardintk blynus, ko\u0161es, var\u0161k\u0119, naminius pyragus ar net becukrius ledus.  \u0160ie pada\u017eai saldumyn\u0173 m\u0117g\u0117jams bus tikras i\u0161sigelb\u0117jimas \u2013 tobulas skonis be joki\u0173 papildom\u0173 kalorij\u0173, prid\u0117tini\u0173 cukr\u0173. Be jokios s\u0105\u017ein\u0117s grau\u017eaties galite m\u0117gautis m\u0117gstamu maistu pagardinant j\u012f \u0161okolado skonio pada\u017eu.  Mamma Mia Zero pada\u017eas pagamintas Vokietijoje, i\u0161 auk\u0161\u010diausios kokyb\u0117s med\u017eiag\u0173, u\u017etikrina saug\u0173 vartojim\u0105.  Grynasis kiekis \u2013 3 buteliukai po 265 ml. Vanil\u0117s, \u0161okolado ir s\u016brios karamel\u0117s skonio.","og_url":"https:\/\/fitnsweet.eu\/en\/product-2\/saldus-padazu-rinkinys-mamma-mia-svajone-3x265ml\/","og_site_name":"Fitnsweet.eu","article_modified_time":"2026-04-10T23:32:52+00:00","og_image":[{"width":1080,"height":1080,"url":"https:\/\/fitnsweet.eu\/wp-content\/uploads\/2023\/12\/Adobe_Express_20231205_0118090_1.png","type":"image\/png"}],"twitter_card":"summary_large_image","twitter_misc":{"Est. reading time":"1 minute"},"schema":{"@context":"https:\/\/schema.org","@graph":[{"@type":"WebPage","@id":"https:\/\/fitnsweet.eu\/produktas\/saldus-padazu-rinkinys-mamma-mia-svajone-3x265ml\/","url":"https:\/\/fitnsweet.eu\/produktas\/saldus-padazu-rinkinys-mamma-mia-svajone-3x265ml\/","name":"Saldus pada\u017e\u0173 rinkinys \"Mamma Mia svajon\u0117\" (3x265ml) - Fitnsweet.eu","isPartOf":{"@id":"https:\/\/fitnsweet.eu\/#website"},"primaryImageOfPage":{"@id":"https:\/\/fitnsweet.eu\/produktas\/saldus-padazu-rinkinys-mamma-mia-svajone-3x265ml\/#primaryimage"},"image":{"@id":"https:\/\/fitnsweet.eu\/produktas\/saldus-padazu-rinkinys-mamma-mia-svajone-3x265ml\/#primaryimage"},"thumbnailUrl":"https:\/\/fitnsweet.eu\/wp-content\/uploads\/2023\/12\/Adobe_Express_20231205_0118090_1.png","datePublished":"2023-12-05T06:04:13+00:00","dateModified":"2026-04-10T23:32:52+00:00","breadcrumb":{"@id":"https:\/\/fitnsweet.eu\/produktas\/saldus-padazu-rinkinys-mamma-mia-svajone-3x265ml\/#breadcrumb"},"inLanguage":"en-US","potentialAction":[{"@type":"ReadAction","target":["https:\/\/fitnsweet.eu\/produktas\/saldus-padazu-rinkinys-mamma-mia-svajone-3x265ml\/"]}]},{"@type":"ImageObject","inLanguage":"en-US","@id":"https:\/\/fitnsweet.eu\/produktas\/saldus-padazu-rinkinys-mamma-mia-svajone-3x265ml\/#primaryimage","url":"https:\/\/fitnsweet.eu\/wp-content\/uploads\/2023\/12\/Adobe_Express_20231205_0118090_1.png","contentUrl":"https:\/\/fitnsweet.eu\/wp-content\/uploads\/2023\/12\/Adobe_Express_20231205_0118090_1.png","width":1080,"height":1080},{"@type":"BreadcrumbList","@id":"https:\/\/fitnsweet.eu\/produktas\/saldus-padazu-rinkinys-mamma-mia-svajone-3x265ml\/#breadcrumb","itemListElement":[{"@type":"ListItem","position":1,"name":"Home","item":"https:\/\/fitnsweet.eu\/"},{"@type":"ListItem","position":2,"name":"Produktai","item":"https:\/\/fitnsweet.eu\/parduotuve\/"},{"@type":"ListItem","position":3,"name":"Saldus pada\u017e\u0173 rinkinys &#8222;Mamma Mia svajon\u0117&#8221; (3x265ml)"}]},{"@type":"WebSite","@id":"https:\/\/fitnsweet.eu\/#website","url":"https:\/\/fitnsweet.eu\/","name":"Fitnsweet.eu","description":"Hello. Sweet. Useful.","potentialAction":[{"@type":"SearchAction","target":{"@type":"EntryPoint","urlTemplate":"https:\/\/fitnsweet.eu\/?s={search_term_string}"},"query-input":{"@type":"PropertyValueSpecification","valueRequired":true,"valueName":"search_term_string"}}],"inLanguage":"en-US"}]}},"_links":{"self":[{"href":"https:\/\/fitnsweet.eu\/en\/wp-json\/wp\/v2\/product\/39195","targetHints":{"allow":["GET"]}}],"collection":[{"href":"https:\/\/fitnsweet.eu\/en\/wp-json\/wp\/v2\/product"}],"about":[{"href":"https:\/\/fitnsweet.eu\/en\/wp-json\/wp\/v2\/types\/product"}],"replies":[{"embeddable":true,"href":"https:\/\/fitnsweet.eu\/en\/wp-json\/wp\/v2\/comments?post=39195"}],"version-history":[{"count":1,"href":"https:\/\/fitnsweet.eu\/en\/wp-json\/wp\/v2\/product\/39195\/revisions"}],"predecessor-version":[{"id":39196,"href":"https:\/\/fitnsweet.eu\/en\/wp-json\/wp\/v2\/product\/39195\/revisions\/39196"}],"wp:featuredmedia":[{"embeddable":true,"href":"https:\/\/fitnsweet.eu\/en\/wp-json\/wp\/v2\/media\/39194"}],"wp:attachment":[{"href":"https:\/\/fitnsweet.eu\/en\/wp-json\/wp\/v2\/media?parent=39195"}],"wp:term":[{"taxonomy":"product_brand","embeddable":true,"href":"https:\/\/fitnsweet.eu\/en\/wp-json\/wp\/v2\/product_brand?post=39195"},{"taxonomy":"product_cat","embeddable":true,"href":"https:\/\/fitnsweet.eu\/en\/wp-json\/wp\/v2\/product_cat?post=39195"},{"taxonomy":"product_tag","embeddable":true,"href":"https:\/\/fitnsweet.eu\/en\/wp-json\/wp\/v2\/product_tag?post=39195"}],"curies":[{"name":"wp","href":"https:\/\/api.w.org\/{rel}","templated":true}]}}