{"id":39369,"date":"2023-12-17T10:21:41","date_gmt":"2023-12-17T08:21:41","guid":{"rendered":"https:\/\/fitnsweet.eu\/?post_type=product&#038;p=39369"},"modified":"2025-04-22T17:03:56","modified_gmt":"2025-04-22T14:03:56","slug":"100-euru-vertes-dovanu-kuponas","status":"publish","type":"product","link":"https:\/\/fitnsweet.eu\/en\/product-2\/100-euru-vertes-dovanu-kuponas\/","title":{"rendered":"100 Eur\u0173 vert\u0117s dovan\u0173 kuponas"},"content":{"rendered":"","protected":false},"excerpt":{"rendered":"<p><span style=\"color: #000000;\">Are you looking for a gift for a friend, relative, someone special to you on an important occasion? <strong>You can now purchase a Fitnsweet.eu GIFT COUPON!<\/strong><\/span><\/p>\n<p><strong><span style=\"color: #ff00ff;\">Now the Gift Coupon has a special Christmas design!<\/span><\/strong><\/p>\n<p><span style=\"color: #000000;\">It will be a great gift for any occasion, because someone important to you will be able to choose the right products for themselves. With this coupon, you can buy any goods you like for the specified amount.<\/span><\/p>\n<p><span style=\"color: #000000;\">The gift voucher is delivered in a special envelope.<\/span><\/p>\n<p><span style=\"color: #000000;\">Gift vouchers are not exchangeable or refundable. If the amount of goods purchased for the gift voucher is less, the difference is not refunded. If the amount is higher, the difference can be paid after e-shopping. In the store www.fitnsweet.eu. The coupon is only valid for e-shopping. In the store www.fitnsweet.eu<\/span><\/p>\n<p><span style=\"color: #000000;\">Kuponas galioja 3 m\u0117nesius.<\/span><\/p>","protected":false},"featured_media":2700,"comment_status":"open","ping_status":"closed","template":"","meta":{"site-sidebar-layout":"default","site-content-layout":"default","ast-site-content-layout":"default","site-content-style":"default","site-sidebar-style":"default","ast-global-header-display":"","ast-banner-title-visibility":"","ast-main-header-display":"","ast-hfb-above-header-display":"","ast-hfb-below-header-display":"","ast-hfb-mobile-header-display":"","site-post-title":"","ast-breadcrumbs-content":"","ast-featured-img":"","footer-sml-layout":"","ast-disable-related-posts":"","theme-transparent-header-meta":"default","adv-header-id-meta":"","stick-header-meta":"","header-above-stick-meta":"","header-main-stick-meta":"","header-below-stick-meta":"","astra-migrate-meta-layouts":"default","ast-page-background-enabled":"default","ast-page-background-meta":{"desktop":{"background-color":"var(--ast-global-color-4)","background-image":"","background-repeat":"repeat","background-position":"center center","background-size":"auto","background-attachment":"scroll","background-type":"","background-media":"","overlay-type":"","overlay-color":"","overlay-opacity":"","overlay-gradient":""},"tablet":{"background-color":"","background-image":"","background-repeat":"repeat","background-position":"center center","background-size":"auto","background-attachment":"scroll","background-type":"","background-media":"","overlay-type":"","overlay-color":"","overlay-opacity":"","overlay-gradient":""},"mobile":{"background-color":"","background-image":"","background-repeat":"repeat","background-position":"center center","background-size":"auto","background-attachment":"scroll","background-type":"","background-media":"","overlay-type":"","overlay-color":"","overlay-opacity":"","overlay-gradient":""}},"ast-content-background-meta":{"desktop":{"background-color":"var(--ast-global-color-5)","background-image":"","background-repeat":"repeat","background-position":"center center","background-size":"auto","background-attachment":"scroll","background-type":"","background-media":"","overlay-type":"","overlay-color":"","overlay-opacity":"","overlay-gradient":""},"tablet":{"background-color":"var(--ast-global-color-5)","background-image":"","background-repeat":"repeat","background-position":"center center","background-size":"auto","background-attachment":"scroll","background-type":"","background-media":"","overlay-type":"","overlay-color":"","overlay-opacity":"","overlay-gradient":""},"mobile":{"background-color":"var(--ast-global-color-5)","background-image":"","background-repeat":"repeat","background-position":"center center","background-size":"auto","background-attachment":"scroll","background-type":"","background-media":"","overlay-type":"","overlay-color":"","overlay-opacity":"","overlay-gradient":""}}},"product_brand":[],"product_cat":[393,387,13,148],"product_tag":[188],"class_list":{"0":"post-39369","1":"product","2":"type-product","3":"status-publish","4":"has-post-thumbnail","6":"product_cat-rinkiniai","7":"product_cat-visi-produktai","8":"product_cat-httpfitnsweet-ltprodukto-kategorijagymqueen","9":"product_cat-gymqueen-rinkiniai","10":"product_tag-dovanu-kuponas","11":"desktop-align-left","12":"tablet-align-left","13":"mobile-align-left","15":"first","16":"instock","17":"taxable","18":"shipping-taxable","19":"purchasable","20":"product-type-simple"},"yoast_head":"<!-- This site is optimized with the Yoast SEO plugin v26.9 - https:\/\/yoast.com\/product\/yoast-seo-wordpress\/ -->\n<title>100 Eur\u0173 vert\u0117s dovan\u0173 kuponas - Fitnsweet.eu<\/title>\n<meta name=\"robots\" content=\"index, follow, max-snippet:-1, max-image-preview:large, max-video-preview:-1\" \/>\n<link rel=\"canonical\" href=\"https:\/\/fitnsweet.eu\/en\/product-2\/100-euru-vertes-dovanu-kuponas\/\" \/>\n<meta property=\"og:locale\" content=\"en_US\" \/>\n<meta property=\"og:type\" content=\"article\" \/>\n<meta property=\"og:title\" content=\"100 Eur\u0173 vert\u0117s dovan\u0173 kuponas - Fitnsweet.eu\" \/>\n<meta property=\"og:description\" content=\"Ie\u0161kote dovan\u0173 draugei, artimui, Jums ypatingam \u017emogui svarbia proga? Jau galite \u012fsigyti Fitnsweet.eu DOVAN\u0172 KUPON\u0104!  Dabar Dovan\u0173 kuponas jau ir specialaus Kal\u0117dinio dizaino!  Tai bus puiki dovana bet kokia proga, nes Jums svarbus \u017emogus sau tinkan\u010dius gaminius gal\u0117s i\u0161sirinkti pats. Su \u0161iuo kuponu gal\u0117s \u012fsigyti bet koki\u0173, sau tinkan\u010di\u0173 preki\u0173 u\u017e nurodyt\u0105 sum\u0105.  Dovan\u0173 kuponas pateikiamas specialiame voke.  Dovan\u0173 kuponai \u012f pinigus nekei\u010diami ir negr\u0105\u017einami. Jei u\u017e dovan\u0173 kupon\u0105 \u012fsigijim\u0173 preki\u0173 suma yra ma\u017eesn\u0117, skirtumas negr\u0105\u017einamas. Jeigu suma yra didesn\u0117, skirtum\u0105 galima apmok\u0117ti po apsipirkimo el. Parduotuv\u0117je www.fitnsweet.eu. Kuponas galioja tik apsiperkant el. Parduotuv\u0117je www.fitnsweet.eu  Kuponas galioja 3 m\u0117nesius.\" \/>\n<meta property=\"og:url\" content=\"https:\/\/fitnsweet.eu\/en\/product-2\/100-euru-vertes-dovanu-kuponas\/\" \/>\n<meta property=\"og:site_name\" content=\"Fitnsweet.eu\" \/>\n<meta property=\"article:modified_time\" content=\"2025-04-22T14:03:56+00:00\" \/>\n<meta property=\"og:image\" content=\"https:\/\/fitnsweet.eu\/wp-content\/uploads\/2018\/07\/dovanu-kuponas2.jpg\" \/>\n\t<meta property=\"og:image:width\" content=\"640\" \/>\n\t<meta property=\"og:image:height\" content=\"480\" \/>\n\t<meta property=\"og:image:type\" content=\"image\/jpeg\" \/>\n<meta name=\"twitter:card\" content=\"summary_large_image\" \/>\n<script type=\"application\/ld+json\" class=\"yoast-schema-graph\">{\"@context\":\"https:\/\/schema.org\",\"@graph\":[{\"@type\":\"WebPage\",\"@id\":\"https:\/\/fitnsweet.eu\/produktas\/100-euru-vertes-dovanu-kuponas\/\",\"url\":\"https:\/\/fitnsweet.eu\/produktas\/100-euru-vertes-dovanu-kuponas\/\",\"name\":\"100 Eur\u0173 vert\u0117s dovan\u0173 kuponas - Fitnsweet.eu\",\"isPartOf\":{\"@id\":\"https:\/\/fitnsweet.eu\/#website\"},\"primaryImageOfPage\":{\"@id\":\"https:\/\/fitnsweet.eu\/produktas\/100-euru-vertes-dovanu-kuponas\/#primaryimage\"},\"image\":{\"@id\":\"https:\/\/fitnsweet.eu\/produktas\/100-euru-vertes-dovanu-kuponas\/#primaryimage\"},\"thumbnailUrl\":\"https:\/\/fitnsweet.eu\/wp-content\/uploads\/2018\/07\/dovanu-kuponas2.jpg\",\"datePublished\":\"2023-12-17T08:21:41+00:00\",\"dateModified\":\"2025-04-22T14:03:56+00:00\",\"breadcrumb\":{\"@id\":\"https:\/\/fitnsweet.eu\/produktas\/100-euru-vertes-dovanu-kuponas\/#breadcrumb\"},\"inLanguage\":\"en-US\",\"potentialAction\":[{\"@type\":\"ReadAction\",\"target\":[\"https:\/\/fitnsweet.eu\/produktas\/100-euru-vertes-dovanu-kuponas\/\"]}]},{\"@type\":\"ImageObject\",\"inLanguage\":\"en-US\",\"@id\":\"https:\/\/fitnsweet.eu\/produktas\/100-euru-vertes-dovanu-kuponas\/#primaryimage\",\"url\":\"https:\/\/fitnsweet.eu\/wp-content\/uploads\/2018\/07\/dovanu-kuponas2.jpg\",\"contentUrl\":\"https:\/\/fitnsweet.eu\/wp-content\/uploads\/2018\/07\/dovanu-kuponas2.jpg\",\"width\":640,\"height\":480},{\"@type\":\"BreadcrumbList\",\"@id\":\"https:\/\/fitnsweet.eu\/produktas\/100-euru-vertes-dovanu-kuponas\/#breadcrumb\",\"itemListElement\":[{\"@type\":\"ListItem\",\"position\":1,\"name\":\"Home\",\"item\":\"https:\/\/fitnsweet.eu\/\"},{\"@type\":\"ListItem\",\"position\":2,\"name\":\"Produktai\",\"item\":\"https:\/\/fitnsweet.eu\/parduotuve\/\"},{\"@type\":\"ListItem\",\"position\":3,\"name\":\"100 Eur\u0173 vert\u0117s dovan\u0173 kuponas\"}]},{\"@type\":\"WebSite\",\"@id\":\"https:\/\/fitnsweet.eu\/#website\",\"url\":\"https:\/\/fitnsweet.eu\/\",\"name\":\"Fitnsweet.eu\",\"description\":\"Sveika. Saldu. Naudinga.\",\"potentialAction\":[{\"@type\":\"SearchAction\",\"target\":{\"@type\":\"EntryPoint\",\"urlTemplate\":\"https:\/\/fitnsweet.eu\/?s={search_term_string}\"},\"query-input\":{\"@type\":\"PropertyValueSpecification\",\"valueRequired\":true,\"valueName\":\"search_term_string\"}}],\"inLanguage\":\"en-US\"}]}<\/script>\n<!-- \/ Yoast SEO plugin. -->","yoast_head_json":{"title":"100 Eur\u0173 vert\u0117s dovan\u0173 kuponas - Fitnsweet.eu","robots":{"index":"index","follow":"follow","max-snippet":"max-snippet:-1","max-image-preview":"max-image-preview:large","max-video-preview":"max-video-preview:-1"},"canonical":"https:\/\/fitnsweet.eu\/en\/product-2\/100-euru-vertes-dovanu-kuponas\/","og_locale":"en_US","og_type":"article","og_title":"100 Eur\u0173 vert\u0117s dovan\u0173 kuponas - Fitnsweet.eu","og_description":"Ie\u0161kote dovan\u0173 draugei, artimui, Jums ypatingam \u017emogui svarbia proga? Jau galite \u012fsigyti Fitnsweet.eu DOVAN\u0172 KUPON\u0104!  Dabar Dovan\u0173 kuponas jau ir specialaus Kal\u0117dinio dizaino!  Tai bus puiki dovana bet kokia proga, nes Jums svarbus \u017emogus sau tinkan\u010dius gaminius gal\u0117s i\u0161sirinkti pats. Su \u0161iuo kuponu gal\u0117s \u012fsigyti bet koki\u0173, sau tinkan\u010di\u0173 preki\u0173 u\u017e nurodyt\u0105 sum\u0105.  Dovan\u0173 kuponas pateikiamas specialiame voke.  Dovan\u0173 kuponai \u012f pinigus nekei\u010diami ir negr\u0105\u017einami. Jei u\u017e dovan\u0173 kupon\u0105 \u012fsigijim\u0173 preki\u0173 suma yra ma\u017eesn\u0117, skirtumas negr\u0105\u017einamas. Jeigu suma yra didesn\u0117, skirtum\u0105 galima apmok\u0117ti po apsipirkimo el. Parduotuv\u0117je www.fitnsweet.eu. Kuponas galioja tik apsiperkant el. Parduotuv\u0117je www.fitnsweet.eu  Kuponas galioja 3 m\u0117nesius.","og_url":"https:\/\/fitnsweet.eu\/en\/product-2\/100-euru-vertes-dovanu-kuponas\/","og_site_name":"Fitnsweet.eu","article_modified_time":"2025-04-22T14:03:56+00:00","og_image":[{"width":640,"height":480,"url":"https:\/\/fitnsweet.eu\/wp-content\/uploads\/2018\/07\/dovanu-kuponas2.jpg","type":"image\/jpeg"}],"twitter_card":"summary_large_image","schema":{"@context":"https:\/\/schema.org","@graph":[{"@type":"WebPage","@id":"https:\/\/fitnsweet.eu\/produktas\/100-euru-vertes-dovanu-kuponas\/","url":"https:\/\/fitnsweet.eu\/produktas\/100-euru-vertes-dovanu-kuponas\/","name":"100 Eur\u0173 vert\u0117s dovan\u0173 kuponas - Fitnsweet.eu","isPartOf":{"@id":"https:\/\/fitnsweet.eu\/#website"},"primaryImageOfPage":{"@id":"https:\/\/fitnsweet.eu\/produktas\/100-euru-vertes-dovanu-kuponas\/#primaryimage"},"image":{"@id":"https:\/\/fitnsweet.eu\/produktas\/100-euru-vertes-dovanu-kuponas\/#primaryimage"},"thumbnailUrl":"https:\/\/fitnsweet.eu\/wp-content\/uploads\/2018\/07\/dovanu-kuponas2.jpg","datePublished":"2023-12-17T08:21:41+00:00","dateModified":"2025-04-22T14:03:56+00:00","breadcrumb":{"@id":"https:\/\/fitnsweet.eu\/produktas\/100-euru-vertes-dovanu-kuponas\/#breadcrumb"},"inLanguage":"en-US","potentialAction":[{"@type":"ReadAction","target":["https:\/\/fitnsweet.eu\/produktas\/100-euru-vertes-dovanu-kuponas\/"]}]},{"@type":"ImageObject","inLanguage":"en-US","@id":"https:\/\/fitnsweet.eu\/produktas\/100-euru-vertes-dovanu-kuponas\/#primaryimage","url":"https:\/\/fitnsweet.eu\/wp-content\/uploads\/2018\/07\/dovanu-kuponas2.jpg","contentUrl":"https:\/\/fitnsweet.eu\/wp-content\/uploads\/2018\/07\/dovanu-kuponas2.jpg","width":640,"height":480},{"@type":"BreadcrumbList","@id":"https:\/\/fitnsweet.eu\/produktas\/100-euru-vertes-dovanu-kuponas\/#breadcrumb","itemListElement":[{"@type":"ListItem","position":1,"name":"Home","item":"https:\/\/fitnsweet.eu\/"},{"@type":"ListItem","position":2,"name":"Produktai","item":"https:\/\/fitnsweet.eu\/parduotuve\/"},{"@type":"ListItem","position":3,"name":"100 Eur\u0173 vert\u0117s dovan\u0173 kuponas"}]},{"@type":"WebSite","@id":"https:\/\/fitnsweet.eu\/#website","url":"https:\/\/fitnsweet.eu\/","name":"Fitnsweet.eu","description":"Hello. Sweet. Useful.","potentialAction":[{"@type":"SearchAction","target":{"@type":"EntryPoint","urlTemplate":"https:\/\/fitnsweet.eu\/?s={search_term_string}"},"query-input":{"@type":"PropertyValueSpecification","valueRequired":true,"valueName":"search_term_string"}}],"inLanguage":"en-US"}]}},"_links":{"self":[{"href":"https:\/\/fitnsweet.eu\/en\/wp-json\/wp\/v2\/product\/39369","targetHints":{"allow":["GET"]}}],"collection":[{"href":"https:\/\/fitnsweet.eu\/en\/wp-json\/wp\/v2\/product"}],"about":[{"href":"https:\/\/fitnsweet.eu\/en\/wp-json\/wp\/v2\/types\/product"}],"replies":[{"embeddable":true,"href":"https:\/\/fitnsweet.eu\/en\/wp-json\/wp\/v2\/comments?post=39369"}],"version-history":[{"count":1,"href":"https:\/\/fitnsweet.eu\/en\/wp-json\/wp\/v2\/product\/39369\/revisions"}],"predecessor-version":[{"id":39370,"href":"https:\/\/fitnsweet.eu\/en\/wp-json\/wp\/v2\/product\/39369\/revisions\/39370"}],"wp:featuredmedia":[{"embeddable":true,"href":"https:\/\/fitnsweet.eu\/en\/wp-json\/wp\/v2\/media\/2700"}],"wp:attachment":[{"href":"https:\/\/fitnsweet.eu\/en\/wp-json\/wp\/v2\/media?parent=39369"}],"wp:term":[{"taxonomy":"product_brand","embeddable":true,"href":"https:\/\/fitnsweet.eu\/en\/wp-json\/wp\/v2\/product_brand?post=39369"},{"taxonomy":"product_cat","embeddable":true,"href":"https:\/\/fitnsweet.eu\/en\/wp-json\/wp\/v2\/product_cat?post=39369"},{"taxonomy":"product_tag","embeddable":true,"href":"https:\/\/fitnsweet.eu\/en\/wp-json\/wp\/v2\/product_tag?post=39369"}],"curies":[{"name":"wp","href":"https:\/\/api.w.org\/{rel}","templated":true}]}}