{"id":54402,"date":"2025-04-22T17:46:33","date_gmt":"2025-04-22T14:46:33","guid":{"rendered":"https:\/\/fitnsweet.eu\/?post_type=product&#038;p=54402"},"modified":"2026-04-11T02:32:23","modified_gmt":"2026-04-10T23:32:23","slug":"naturalios-skaidulos-su-probiotikais-kuno-revoliucija-250-g","status":"publish","type":"product","link":"https:\/\/fitnsweet.eu\/en\/product-2\/naturalios-skaidulos-su-probiotikais-kuno-revoliucija-250-g\/","title":{"rendered":"Nat\u016bralios skaidulos su probiotikais &#8222;K\u016bno revoliucija&#8221; (250 g)"},"content":{"rendered":"<div>\n<div class=\"summary__title\">\n<h6 class=\"h4 accordion__title inline-richtext\"><span style=\"color: #000000;\">Usage:<\/span><\/h6>\n<\/div>\n<\/div>\n<div id=\"ProductAccordion-collapsible_tab_WBFeP9-template--19444168786160__main\" class=\"accordion__content rte\">\n<p><span style=\"color: #000000;\">3.5g (1\/2 matavimo \u0161auk\u0161telio) u\u017epilkite 200 ml vandens (\u0161alto arba \u0161ilto), gerai i\u0161mai\u0161ykite. I\u0161gerkite i\u0161 karto, kol sudedamosios dalys nenus\u0117do. Rekomenduojama dienos norma iki 7g. Rekomenduojama iki 2 kart\u0173 per dien\u0105, 10-30 minu\u010di\u0173 prie\u0161 valg\u012f. Skaidul\u0173 kiek\u012f rekomenduojama vartoti atsi\u017evelgiant \u012f individualius poreikius ir organizmo reakcij\u0105. Svarbu \u012fvairi ir subalansuota mityba ir sveikas gyvenimo b\u016bdas. Nevartoti esant rijimo sutrikimams. Nevartoti asmenims, jautriems produkto sudedamosioms dalims. Nevir\u0161yti nustatyto rekomenduojamo kiekio. <\/span><\/p>\n<p><span style=\"color: #000000;\">Laikyti sausoje, v\u0117sioje, tamsioje, vaikams nepasiekiamoje vietoje. Rekomenduojama suvartoti per 3 m\u0117nesius.<\/span><\/p>\n<div>\n<div class=\"summary__title\">\n<h6 class=\"h4 accordion__title inline-richtext\"><span style=\"color: #000000;\">Sudedamosios dalys:<\/span><\/h6>\n<\/div>\n<\/div>\n<div id=\"ProductAccordion-collapsible_tab_CWAEz8-template--19444168786160__main\" class=\"accordion__content rte\">\n<p><span style=\"color: #000000;\">Pla\u010di\u0173j\u0173 akacij\u0173 (Acacia Seyal) sak\u0173 milteliai Fibregum BTM, balk\u0161v\u0173j\u0173 gyslo\u010di\u0173 (Plantago ovata) s\u0117kl\u0173 luobel\u0117s, smulkinti obuoli\u0173 (Malus domestica) vaisiai, smulkinti s\u0117jam\u0173j\u0173 lin\u0173 (Linum usitatissimum) s\u0117menys, kukur\u016bz\u0173 (Zeamays) gr\u016bd\u0173 milteliai Promitor\u00ae, fermentuotas 36 vaisi\u0173 ir dar\u017eovi\u0173 Fibriotics\u00ae (obuoliai, morkos, \u0161ilkmed\u017eio uogos, ananasai, ridik\u0117liai, citrinos, apelsinai, burok\u0117liai, slyvos, d\u017eiovintos slyvos, pasiflorai, arb\u016bzai, er\u0161k\u0117\u010diai, acerolos<\/span><br \/>\n<span style=\"color: #000000;\">(kra\u0161tuotosios malpigijos), smidrai, bananai, m\u0117lyn\u0117s, juodieji serbentai, brokoliai, vy\u0161nios, aronijos, spanguol\u0117s, agrastai, vynuog\u0117s, greipfrutai, gudobel\u0117s, datul\u0117s, li\u010diai, melionai, papajos, persikai, kriau\u0161\u0117s, granatai, aviet\u0117s, bra\u0161k\u0117s, pomidorai) mi\u0161inys su postbiotikais (sviesto r\u016bg\u0161tis, acto r\u016bg\u0161tis, polifenoliai, min. 500 millijonai KSV**\/g paraprobiotik\u0173), pla\u010di\u0173j\u0173 akacij\u0173 sak\u0173 ir fruktoolisacharid\u0173 milteliai FloraciaTM, paprast\u0173j\u0173 tr\u016bka\u017eoli\u0173 (Cichorium intybus) \u0161aknys, tikr\u0173j\u0173 margaini\u0173 (Silybum marianum) s\u0117klos, inulinas, gyvosios bakterijos: Bifidobacterium longum, Bifidobacterium infantis, Bifidobacterium adolescentis, Bifidobacterium breve, Lactobacillus plantarum, sporin\u0117s gerosios bakterijos Bacillus coagulans (Lactospore\u00ae). <\/span><\/p>\n<p><span style=\"color: #000000;\"><strong>Grynasis kiekis: 250 g. Pagaminta Europoje.<\/strong><\/span><\/p>\n<p>&nbsp;<\/p>\n<div>\n<div class=\"summary__title\">\n<h6 class=\"h4 accordion__title inline-richtext\"><span style=\"color: #000000;\">Paruo\u0161imas:<\/span><\/h6>\n<\/div>\n<\/div>\n<div id=\"ProductAccordion-collapsible_tab_ydkKah-template--19444168786160__main\" class=\"accordion__content rte\">\n<p><span style=\"color: #000000;\"><strong>1. \u012ed\u0117kite mi\u0161inio &#8211;\u00a0<\/strong>3.5 g (1\/2 matavimo \u0161auk\u0161telio).<\/span><\/p>\n<p><span style=\"color: #000000;\"><strong>2. U\u017epilkite ir i\u0161mai\u0161yktie &#8211;\u00a0<\/strong>u\u017epilkite 200 ml vandens (\u0161alto arba \u0161ilto) arba m\u0117gstam\u0173 sul\u010di\u0173, gerai i\u0161mai\u0161ykite.<\/span><\/p>\n<p><span style=\"color: #000000;\"><strong>3. Megaukit\u0117s \u017earnyno poky\u010diais &#8211;<\/strong> i\u0161gerkite i\u0161 karto, kol skaidulos nenus\u0117do and stiklin\u0117s dugno.<\/span><\/p>\n<p><span style=\"color: #000000;\">Pa\u017eangus ir inovatyvus produktas, kuris apjungia\u00a0<strong>prebiotikus, probiotikus ir postbiotikus<\/strong>, suteikiant papildom\u0105 naud\u0105, kurios \u012fprastose skaidulose n\u0117ra. \u0160i unikali formul\u0117 ne tik\u00a0<strong>gerina vir\u0161kinim\u0105<\/strong>, bet ir\u00a0<strong>palaiko \u017earnyno mikrofloros balans\u0105<\/strong>,\u00a0<strong>stiprina imunitet\u0105<\/strong>,\u00a0<strong>padeda reguliuoti cukraus kiek\u012f kraujyje<\/strong>\u00a0and\u00a0<strong>suteikia sotumo jausm\u0105<\/strong>, padedant palaikyti sveik\u0105 svor\u012f. D\u0117l unikalios formul\u0117s, kurioje derinami prebiotikai, probiotikai, postbiotikai ir skaidulos, \u201eK\u016bno Revoliucija\u201c ne tik gerina vir\u0161kinim\u0105, bet ir pagreitina med\u017eiag\u0173 apykait\u0105, suteikia sotumo jausm\u0105 bei padeda organizmui efektyviau nat\u016braliai deginti riebalus.<\/span><\/p>\n<p><span style=\"color: #000000;\">Sukurtas gerinti vir\u0161kinim\u0105 ir reguliuoti cukraus kiek\u012f kraujyje, padedant kontroliuoti alkio priepuolius ir potrauk\u012f saldumynams.<\/span><\/p>\n<p><span style=\"color: #000000;\">\u0160ios skaidulos padeda palaikyti s<strong>veik\u0105 \u017earnyn\u0105, ma\u017eina pilvo p\u016btim\u0105<\/strong>\u00a0<strong>ir vir\u0161kinimo sutrikimus.\u00a0<\/strong>Tai leid\u017eia jaustis\u00a0<strong>komforti\u0161kai<\/strong>\u00a0and\u00a0<strong>atsipalaidavus<\/strong>, o kasdienis gyvenimas tampa lengvesnis ir malonesnis.<\/span><\/p>\n<p><span style=\"color: #000000;\">Prad\u0117jus vartoti \u0161ias skaidulas, jausit\u0117s\u00a0<strong>lengvesn\u0117<\/strong>,\u00a0<strong>energingesn\u0117<\/strong>\u00a0and\u00a0<strong>sotesn\u0117<\/strong>. Pager\u0117s\u00a0<strong>vir\u0161kinimas<\/strong>, suma\u017e\u0117s\u00a0<strong>pilvo p\u016btimas<\/strong>, o\u00a0<strong>kontroliuojamas cukraus kiekis kraujyje<\/strong>\u00a0pad\u0117s atsikratyti potraukio saldumynams ir alkio priepuoli\u0173. J\u016bs\u0173 savijauta taps geresn\u0117 kasdien!<\/span><\/p>\n<\/div>\n<p><span style=\"color: #000000;\"><strong>\u00a0<\/strong><\/span><\/p>\n<\/div>\n<p>&nbsp;<\/p>\n<\/div>","protected":false},"excerpt":{"rendered":"<p style=\"text-align: center;\"><strong><span style=\"color: #000000;\">NAUJAS PREK\u0116S \u017dENKLAS M\u016aS\u0172 ELEKTRONIN\u0116JE PARDUOTUV\u0116JE! VISI\u0160KAI NAUJAS ASORTIMENTAS! \u0160IO GAMINIO PRISTATYMAS VOS PER 3-4 D.D.\u00a0<\/span><br \/>\n<span style=\"color: #000000;\">TAI NE TIK \u012ePRASTOS SKAIDULOS &#8211; TAI SKAIDULOS KURIOS NE TIK PRISID\u0116S PRIE J\u016aS\u0172 K\u016aNO FORM\u0172 POKY\u010cI\u0172 TIKSL\u0172, TA\u010cIAU IR MAKSIMALIAI GERINS J\u016aS\u0172 \u017dARNYNO VEIKL\u0104 IR BENDR\u0104 J\u016aS\u0172 SAVIJAUT\u0104!<\/span><br \/>\n<\/strong><\/p>\n<p><span style=\"color: #000000;\"><strong>Mesti svor\u012f dar niekada nebuvo taip paprasta!<\/strong><\/span><br \/>\n<span style=\"color: #000000;\">Dabar tai \u012fmanoma be drasti\u0161k\u0173 diet\u0173 ir alinamo sporto!\u00a0<b>Skaidulos su gerosiomis bakterijomis ir postbiotikais\u00a0<\/b>\u2013 tai nat\u016bralus ir efektyvus b\u016bdas atsikratyti nereikaling\u0173 kilogram\u0173 kartu prisidedant prie geresn\u0117s J\u016bs\u0173 \u017earnyno veiklos.<\/span><\/p>\n<p><span style=\"color: #000000;\">\u0160ios skaidulos \u2013 tai ne eilinis papildas, o\u00a0<strong>moksli\u0161kai pagr\u012fstas b\u016bdas numesti svorio nat\u016braliai!<\/strong> Be grie\u017et\u0173 diet\u0173, be alkio kan\u010di\u0173 \u2013 tiesiog skanus ir nesd\u0117tingas b\u016bdas b\u016bti geriausia savo versija kartu prisidedant prie sklandesn\u0117s ir geresn\u0117s \u017earnyno veiklos, bei nat\u016braliai greitesn\u0117s med\u017eiag\u0173 apykaitos.\u00a0<\/span><\/p>\n<p><span style=\"color: #000000;\">\u201eK\u016bno Revoliucija\u201c skaidulos neutralaus skonio, tod\u0117l jas lengva \u012fmai\u0161yti \u012f \u012fvairius g\u0117rimus ar maist\u0105, be jokio nemalonaus skonio. Jos neprid\u0117s stipraus skonio, tod\u0117l galite jas patogiai vartoti su m\u0117gstamais kokteiliais, jogurtu ar sultimis. Jei norite, galite praturtinti skon\u012f pridedant vaisi\u0173 ar uog\u0173.\u00a0<\/span><\/p>\n<p><span style=\"color: #000000;\">\u0160ios skaidulos pagamintos Europoje, sukurtos Lietuvoje.\u00a0<\/span><br \/>\n<span style=\"color: #000000;\">Grynasis produkto svoris &#8211; 250 g sauso mi\u0161inio. Vienos pakuot\u0117s u\u017eteks vidutini\u0161kai 35 porcijoms.\u00a0<\/span><\/p>","protected":false},"featured_media":54435,"comment_status":"open","ping_status":"closed","template":"","meta":{"site-sidebar-layout":"default","site-content-layout":"","ast-site-content-layout":"default","site-content-style":"default","site-sidebar-style":"default","ast-global-header-display":"","ast-banner-title-visibility":"","ast-main-header-display":"","ast-hfb-above-header-display":"","ast-hfb-below-header-display":"","ast-hfb-mobile-header-display":"","site-post-title":"","ast-breadcrumbs-content":"","ast-featured-img":"","footer-sml-layout":"","ast-disable-related-posts":"","theme-transparent-header-meta":"default","adv-header-id-meta":"","stick-header-meta":"","header-above-stick-meta":"","header-main-stick-meta":"","header-below-stick-meta":"","astra-migrate-meta-layouts":"set","ast-page-background-enabled":"default","ast-page-background-meta":{"desktop":{"background-color":"var(--ast-global-color-4)","background-image":"","background-repeat":"repeat","background-position":"center center","background-size":"auto","background-attachment":"scroll","background-type":"","background-media":"","overlay-type":"","overlay-color":"","overlay-opacity":"","overlay-gradient":""},"tablet":{"background-color":"","background-image":"","background-repeat":"repeat","background-position":"center center","background-size":"auto","background-attachment":"scroll","background-type":"","background-media":"","overlay-type":"","overlay-color":"","overlay-opacity":"","overlay-gradient":""},"mobile":{"background-color":"","background-image":"","background-repeat":"repeat","background-position":"center center","background-size":"auto","background-attachment":"scroll","background-type":"","background-media":"","overlay-type":"","overlay-color":"","overlay-opacity":"","overlay-gradient":""}},"ast-content-background-meta":{"desktop":{"background-color":"var(--ast-global-color-5)","background-image":"","background-repeat":"repeat","background-position":"center center","background-size":"auto","background-attachment":"scroll","background-type":"","background-media":"","overlay-type":"","overlay-color":"","overlay-opacity":"","overlay-gradient":""},"tablet":{"background-color":"var(--ast-global-color-5)","background-image":"","background-repeat":"repeat","background-position":"center center","background-size":"auto","background-attachment":"scroll","background-type":"","background-media":"","overlay-type":"","overlay-color":"","overlay-opacity":"","overlay-gradient":""},"mobile":{"background-color":"var(--ast-global-color-5)","background-image":"","background-repeat":"repeat","background-position":"center center","background-size":"auto","background-attachment":"scroll","background-type":"","background-media":"","overlay-type":"","overlay-color":"","overlay-opacity":"","overlay-gradient":""}}},"product_brand":[],"product_cat":[396,395,387,344,368],"product_tag":[399,405,404],"class_list":{"0":"post-54402","1":"product","2":"type-product","3":"status-publish","4":"has-post-thumbnail","6":"product_cat-lieknejimui","7":"product_cat-veganiska-be-laktozes","8":"product_cat-visi-produktai","9":"product_cat-be-laktozes","10":"product_cat-naujienos-2","11":"product_tag-lieknejimas","12":"product_tag-naturalu","13":"product_tag-skaidulos","14":"desktop-align-left","15":"tablet-align-left","16":"mobile-align-left","18":"first","19":"outofstock","20":"featured","21":"taxable","22":"shipping-taxable","23":"purchasable","24":"product-type-simple"},"yoast_head":"<!-- This site is optimized with the Yoast SEO plugin v26.9 - https:\/\/yoast.com\/product\/yoast-seo-wordpress\/ -->\n<title>Nat\u016bralios skaidulos su probiotikais &quot;K\u016bno revoliucija&quot; (250 g) - Fitnsweet.eu<\/title>\n<meta name=\"robots\" content=\"index, follow, max-snippet:-1, max-image-preview:large, max-video-preview:-1\" \/>\n<link rel=\"canonical\" href=\"https:\/\/fitnsweet.eu\/en\/product-2\/naturalios-skaidulos-su-probiotikais-kuno-revoliucija-250-g\/\" \/>\n<meta property=\"og:locale\" content=\"en_US\" \/>\n<meta property=\"og:type\" content=\"article\" \/>\n<meta property=\"og:title\" content=\"Nat\u016bralios skaidulos su probiotikais &quot;K\u016bno revoliucija&quot; (250 g) - Fitnsweet.eu\" \/>\n<meta property=\"og:description\" content=\"NAUJAS PREK\u0116S \u017dENKLAS M\u016aS\u0172 ELEKTRONIN\u0116JE PARDUOTUV\u0116JE! VISI\u0160KAI NAUJAS ASORTIMENTAS! \u0160IO GAMINIO PRISTATYMAS VOS PER 3-4 D.D.\u00a0 TAI NE TIK \u012ePRASTOS SKAIDULOS - TAI SKAIDULOS KURIOS NE TIK PRISID\u0116S PRIE J\u016aS\u0172 K\u016aNO FORM\u0172 POKY\u010cI\u0172 TIKSL\u0172, TA\u010cIAU IR MAKSIMALIAI GERINS J\u016aS\u0172 \u017dARNYNO VEIKL\u0104 IR BENDR\u0104 J\u016aS\u0172 SAVIJAUT\u0104!  Mesti svor\u012f dar niekada nebuvo taip paprasta! Dabar tai \u012fmanoma be drasti\u0161k\u0173 diet\u0173 ir alinamo sporto!\u00a0Skaidulos su gerosiomis bakterijomis ir postbiotikais\u00a0\u2013 tai nat\u016bralus ir efektyvus b\u016bdas atsikratyti nereikaling\u0173 kilogram\u0173 kartu prisidedant prie geresn\u0117s J\u016bs\u0173 \u017earnyno veiklos.  \u0160ios skaidulos \u2013 tai ne eilinis papildas, o\u00a0moksli\u0161kai pagr\u012fstas b\u016bdas numesti svorio nat\u016braliai! Be grie\u017et\u0173 diet\u0173, be alkio kan\u010di\u0173 \u2013 tiesiog skanus ir nesd\u0117tingas b\u016bdas b\u016bti geriausia savo versija kartu prisidedant prie sklandesn\u0117s ir geresn\u0117s \u017earnyno veiklos, bei nat\u016braliai greitesn\u0117s med\u017eiag\u0173 apykaitos.\u00a0  \u201eK\u016bno Revoliucija\u201c skaidulos neutralaus skonio, tod\u0117l jas lengva \u012fmai\u0161yti \u012f \u012fvairius g\u0117rimus ar maist\u0105, be jokio nemalonaus skonio. Jos neprid\u0117s stipraus skonio, tod\u0117l galite jas patogiai vartoti su m\u0117gstamais kokteiliais, jogurtu ar sultimis. Jei norite, galite praturtinti skon\u012f pridedant vaisi\u0173 ar uog\u0173.\u00a0  \u0160ios skaidulos pagamintos Europoje, sukurtos Lietuvoje.\u00a0 Grynasis produkto svoris - 250 g sauso mi\u0161inio. Vienos pakuot\u0117s u\u017eteks vidutini\u0161kai 35 porcijoms.\u00a0\" \/>\n<meta property=\"og:url\" content=\"https:\/\/fitnsweet.eu\/en\/product-2\/naturalios-skaidulos-su-probiotikais-kuno-revoliucija-250-g\/\" \/>\n<meta property=\"og:site_name\" content=\"Fitnsweet.eu\" \/>\n<meta property=\"article:modified_time\" content=\"2026-04-10T23:32:23+00:00\" \/>\n<meta property=\"og:image\" content=\"https:\/\/fitnsweet.eu\/wp-content\/uploads\/2025\/04\/KR1.png\" \/>\n\t<meta property=\"og:image:width\" content=\"700\" \/>\n\t<meta property=\"og:image:height\" content=\"700\" \/>\n\t<meta property=\"og:image:type\" content=\"image\/png\" \/>\n<meta name=\"twitter:card\" content=\"summary_large_image\" \/>\n<meta name=\"twitter:label1\" content=\"Est. reading time\" \/>\n\t<meta name=\"twitter:data1\" content=\"2 minutes\" \/>\n<script type=\"application\/ld+json\" class=\"yoast-schema-graph\">{\"@context\":\"https:\/\/schema.org\",\"@graph\":[{\"@type\":\"WebPage\",\"@id\":\"https:\/\/fitnsweet.eu\/produktas\/naturalios-skaidulos-su-probiotikais-kuno-revoliucija-250-g\/\",\"url\":\"https:\/\/fitnsweet.eu\/produktas\/naturalios-skaidulos-su-probiotikais-kuno-revoliucija-250-g\/\",\"name\":\"Nat\u016bralios skaidulos su probiotikais \\\"K\u016bno revoliucija\\\" (250 g) - Fitnsweet.eu\",\"isPartOf\":{\"@id\":\"https:\/\/fitnsweet.eu\/#website\"},\"primaryImageOfPage\":{\"@id\":\"https:\/\/fitnsweet.eu\/produktas\/naturalios-skaidulos-su-probiotikais-kuno-revoliucija-250-g\/#primaryimage\"},\"image\":{\"@id\":\"https:\/\/fitnsweet.eu\/produktas\/naturalios-skaidulos-su-probiotikais-kuno-revoliucija-250-g\/#primaryimage\"},\"thumbnailUrl\":\"https:\/\/fitnsweet.eu\/wp-content\/uploads\/2025\/04\/KR1.png\",\"datePublished\":\"2025-04-22T14:46:33+00:00\",\"dateModified\":\"2026-04-10T23:32:23+00:00\",\"breadcrumb\":{\"@id\":\"https:\/\/fitnsweet.eu\/produktas\/naturalios-skaidulos-su-probiotikais-kuno-revoliucija-250-g\/#breadcrumb\"},\"inLanguage\":\"en-US\",\"potentialAction\":[{\"@type\":\"ReadAction\",\"target\":[\"https:\/\/fitnsweet.eu\/produktas\/naturalios-skaidulos-su-probiotikais-kuno-revoliucija-250-g\/\"]}]},{\"@type\":\"ImageObject\",\"inLanguage\":\"en-US\",\"@id\":\"https:\/\/fitnsweet.eu\/produktas\/naturalios-skaidulos-su-probiotikais-kuno-revoliucija-250-g\/#primaryimage\",\"url\":\"https:\/\/fitnsweet.eu\/wp-content\/uploads\/2025\/04\/KR1.png\",\"contentUrl\":\"https:\/\/fitnsweet.eu\/wp-content\/uploads\/2025\/04\/KR1.png\",\"width\":700,\"height\":700},{\"@type\":\"BreadcrumbList\",\"@id\":\"https:\/\/fitnsweet.eu\/produktas\/naturalios-skaidulos-su-probiotikais-kuno-revoliucija-250-g\/#breadcrumb\",\"itemListElement\":[{\"@type\":\"ListItem\",\"position\":1,\"name\":\"Home\",\"item\":\"https:\/\/fitnsweet.eu\/\"},{\"@type\":\"ListItem\",\"position\":2,\"name\":\"Produktai\",\"item\":\"https:\/\/fitnsweet.eu\/parduotuve\/\"},{\"@type\":\"ListItem\",\"position\":3,\"name\":\"Nat\u016bralios skaidulos su probiotikais &#8222;K\u016bno revoliucija&#8221; (250 g)\"}]},{\"@type\":\"WebSite\",\"@id\":\"https:\/\/fitnsweet.eu\/#website\",\"url\":\"https:\/\/fitnsweet.eu\/\",\"name\":\"Fitnsweet.eu\",\"description\":\"Sveika. Saldu. Naudinga.\",\"potentialAction\":[{\"@type\":\"SearchAction\",\"target\":{\"@type\":\"EntryPoint\",\"urlTemplate\":\"https:\/\/fitnsweet.eu\/?s={search_term_string}\"},\"query-input\":{\"@type\":\"PropertyValueSpecification\",\"valueRequired\":true,\"valueName\":\"search_term_string\"}}],\"inLanguage\":\"en-US\"}]}<\/script>\n<!-- \/ Yoast SEO plugin. -->","yoast_head_json":{"title":"Nat\u016bralios skaidulos su probiotikais \"K\u016bno revoliucija\" (250 g) - Fitnsweet.eu","robots":{"index":"index","follow":"follow","max-snippet":"max-snippet:-1","max-image-preview":"max-image-preview:large","max-video-preview":"max-video-preview:-1"},"canonical":"https:\/\/fitnsweet.eu\/en\/product-2\/naturalios-skaidulos-su-probiotikais-kuno-revoliucija-250-g\/","og_locale":"en_US","og_type":"article","og_title":"Nat\u016bralios skaidulos su probiotikais \"K\u016bno revoliucija\" (250 g) - Fitnsweet.eu","og_description":"NAUJAS PREK\u0116S \u017dENKLAS M\u016aS\u0172 ELEKTRONIN\u0116JE PARDUOTUV\u0116JE! VISI\u0160KAI NAUJAS ASORTIMENTAS! \u0160IO GAMINIO PRISTATYMAS VOS PER 3-4 D.D.\u00a0 TAI NE TIK \u012ePRASTOS SKAIDULOS - TAI SKAIDULOS KURIOS NE TIK PRISID\u0116S PRIE J\u016aS\u0172 K\u016aNO FORM\u0172 POKY\u010cI\u0172 TIKSL\u0172, TA\u010cIAU IR MAKSIMALIAI GERINS J\u016aS\u0172 \u017dARNYNO VEIKL\u0104 IR BENDR\u0104 J\u016aS\u0172 SAVIJAUT\u0104!  Mesti svor\u012f dar niekada nebuvo taip paprasta! Dabar tai \u012fmanoma be drasti\u0161k\u0173 diet\u0173 ir alinamo sporto!\u00a0Skaidulos su gerosiomis bakterijomis ir postbiotikais\u00a0\u2013 tai nat\u016bralus ir efektyvus b\u016bdas atsikratyti nereikaling\u0173 kilogram\u0173 kartu prisidedant prie geresn\u0117s J\u016bs\u0173 \u017earnyno veiklos.  \u0160ios skaidulos \u2013 tai ne eilinis papildas, o\u00a0moksli\u0161kai pagr\u012fstas b\u016bdas numesti svorio nat\u016braliai! Be grie\u017et\u0173 diet\u0173, be alkio kan\u010di\u0173 \u2013 tiesiog skanus ir nesd\u0117tingas b\u016bdas b\u016bti geriausia savo versija kartu prisidedant prie sklandesn\u0117s ir geresn\u0117s \u017earnyno veiklos, bei nat\u016braliai greitesn\u0117s med\u017eiag\u0173 apykaitos.\u00a0  \u201eK\u016bno Revoliucija\u201c skaidulos neutralaus skonio, tod\u0117l jas lengva \u012fmai\u0161yti \u012f \u012fvairius g\u0117rimus ar maist\u0105, be jokio nemalonaus skonio. Jos neprid\u0117s stipraus skonio, tod\u0117l galite jas patogiai vartoti su m\u0117gstamais kokteiliais, jogurtu ar sultimis. Jei norite, galite praturtinti skon\u012f pridedant vaisi\u0173 ar uog\u0173.\u00a0  \u0160ios skaidulos pagamintos Europoje, sukurtos Lietuvoje.\u00a0 Grynasis produkto svoris - 250 g sauso mi\u0161inio. Vienos pakuot\u0117s u\u017eteks vidutini\u0161kai 35 porcijoms.\u00a0","og_url":"https:\/\/fitnsweet.eu\/en\/product-2\/naturalios-skaidulos-su-probiotikais-kuno-revoliucija-250-g\/","og_site_name":"Fitnsweet.eu","article_modified_time":"2026-04-10T23:32:23+00:00","og_image":[{"width":700,"height":700,"url":"https:\/\/fitnsweet.eu\/wp-content\/uploads\/2025\/04\/KR1.png","type":"image\/png"}],"twitter_card":"summary_large_image","twitter_misc":{"Est. reading time":"2 minutes"},"schema":{"@context":"https:\/\/schema.org","@graph":[{"@type":"WebPage","@id":"https:\/\/fitnsweet.eu\/produktas\/naturalios-skaidulos-su-probiotikais-kuno-revoliucija-250-g\/","url":"https:\/\/fitnsweet.eu\/produktas\/naturalios-skaidulos-su-probiotikais-kuno-revoliucija-250-g\/","name":"Nat\u016bralios skaidulos su probiotikais \"K\u016bno revoliucija\" (250 g) - Fitnsweet.eu","isPartOf":{"@id":"https:\/\/fitnsweet.eu\/#website"},"primaryImageOfPage":{"@id":"https:\/\/fitnsweet.eu\/produktas\/naturalios-skaidulos-su-probiotikais-kuno-revoliucija-250-g\/#primaryimage"},"image":{"@id":"https:\/\/fitnsweet.eu\/produktas\/naturalios-skaidulos-su-probiotikais-kuno-revoliucija-250-g\/#primaryimage"},"thumbnailUrl":"https:\/\/fitnsweet.eu\/wp-content\/uploads\/2025\/04\/KR1.png","datePublished":"2025-04-22T14:46:33+00:00","dateModified":"2026-04-10T23:32:23+00:00","breadcrumb":{"@id":"https:\/\/fitnsweet.eu\/produktas\/naturalios-skaidulos-su-probiotikais-kuno-revoliucija-250-g\/#breadcrumb"},"inLanguage":"en-US","potentialAction":[{"@type":"ReadAction","target":["https:\/\/fitnsweet.eu\/produktas\/naturalios-skaidulos-su-probiotikais-kuno-revoliucija-250-g\/"]}]},{"@type":"ImageObject","inLanguage":"en-US","@id":"https:\/\/fitnsweet.eu\/produktas\/naturalios-skaidulos-su-probiotikais-kuno-revoliucija-250-g\/#primaryimage","url":"https:\/\/fitnsweet.eu\/wp-content\/uploads\/2025\/04\/KR1.png","contentUrl":"https:\/\/fitnsweet.eu\/wp-content\/uploads\/2025\/04\/KR1.png","width":700,"height":700},{"@type":"BreadcrumbList","@id":"https:\/\/fitnsweet.eu\/produktas\/naturalios-skaidulos-su-probiotikais-kuno-revoliucija-250-g\/#breadcrumb","itemListElement":[{"@type":"ListItem","position":1,"name":"Home","item":"https:\/\/fitnsweet.eu\/"},{"@type":"ListItem","position":2,"name":"Produktai","item":"https:\/\/fitnsweet.eu\/parduotuve\/"},{"@type":"ListItem","position":3,"name":"Nat\u016bralios skaidulos su probiotikais &#8222;K\u016bno revoliucija&#8221; (250 g)"}]},{"@type":"WebSite","@id":"https:\/\/fitnsweet.eu\/#website","url":"https:\/\/fitnsweet.eu\/","name":"Fitnsweet.eu","description":"Hello. Sweet. Useful.","potentialAction":[{"@type":"SearchAction","target":{"@type":"EntryPoint","urlTemplate":"https:\/\/fitnsweet.eu\/?s={search_term_string}"},"query-input":{"@type":"PropertyValueSpecification","valueRequired":true,"valueName":"search_term_string"}}],"inLanguage":"en-US"}]}},"_links":{"self":[{"href":"https:\/\/fitnsweet.eu\/en\/wp-json\/wp\/v2\/product\/54402","targetHints":{"allow":["GET"]}}],"collection":[{"href":"https:\/\/fitnsweet.eu\/en\/wp-json\/wp\/v2\/product"}],"about":[{"href":"https:\/\/fitnsweet.eu\/en\/wp-json\/wp\/v2\/types\/product"}],"replies":[{"embeddable":true,"href":"https:\/\/fitnsweet.eu\/en\/wp-json\/wp\/v2\/comments?post=54402"}],"version-history":[{"count":4,"href":"https:\/\/fitnsweet.eu\/en\/wp-json\/wp\/v2\/product\/54402\/revisions"}],"predecessor-version":[{"id":57269,"href":"https:\/\/fitnsweet.eu\/en\/wp-json\/wp\/v2\/product\/54402\/revisions\/57269"}],"wp:featuredmedia":[{"embeddable":true,"href":"https:\/\/fitnsweet.eu\/en\/wp-json\/wp\/v2\/media\/54435"}],"wp:attachment":[{"href":"https:\/\/fitnsweet.eu\/en\/wp-json\/wp\/v2\/media?parent=54402"}],"wp:term":[{"taxonomy":"product_brand","embeddable":true,"href":"https:\/\/fitnsweet.eu\/en\/wp-json\/wp\/v2\/product_brand?post=54402"},{"taxonomy":"product_cat","embeddable":true,"href":"https:\/\/fitnsweet.eu\/en\/wp-json\/wp\/v2\/product_cat?post=54402"},{"taxonomy":"product_tag","embeddable":true,"href":"https:\/\/fitnsweet.eu\/en\/wp-json\/wp\/v2\/product_tag?post=54402"}],"curies":[{"name":"wp","href":"https:\/\/api.w.org\/{rel}","templated":true}]}}