{"id":54422,"date":"2025-04-22T18:28:58","date_gmt":"2025-04-22T15:28:58","guid":{"rendered":"https:\/\/fitnsweet.eu\/?post_type=product&#038;p=54422"},"modified":"2026-02-28T14:43:57","modified_gmt":"2026-02-28T12:43:57","slug":"funkcine-arbata-geras-miegas-90-g","status":"publish","type":"product","link":"https:\/\/fitnsweet.eu\/en\/product-2\/funkcine-arbata-geras-miegas-90-g\/","title":{"rendered":"Funkcin\u0117 arbata &#8222;GERAS MIEGAS&#8221; (90 g)"},"content":{"rendered":"<div>\n<div class=\"summary__title\">\n<h6 class=\"h4 accordion__title inline-richtext\"><span style=\"color: #000000;\">Usage:<\/span><\/h6>\n<\/div>\n<\/div>\n<div id=\"ProductAccordion-collapsible_tab_rhYd7B-template--18610665849072__main\" class=\"accordion__content rte\">\n<p><span style=\"color: #000000;\">Rekomenduojama vartoti po 1 porcij\u0105, ~20 min prie\u0161 mieg\u0105. Galima vartoti ir \u0161alt\u0105, prid\u0117jus leduk\u0173. Nevir\u0161yti nustatytos rekomenduojamos doz\u0117s.<\/span><\/p>\n<div>\n<div class=\"summary__title\">\n<h6 class=\"h4 accordion__title inline-richtext\"><span style=\"color: #000000;\">Maistin\u0117 vert\u0117 ir sud\u0117tis:<\/span><\/h6>\n<\/div>\n<\/div>\n<div id=\"ProductAccordion-collapsible_tab_gd6NCz-template--18610665849072__main\" class=\"accordion__content rte\">\n<p><span style=\"color: #000000;\">Ramun\u0117li\u0173 \u017eiedai, Melis\u0173 lapai, Pipirm\u0117t\u0117s lapai, \u0160alavij\u0173 lapai, Gudobel\u0117s, Melatoninas 1mg.<\/span><br \/>\n<span style=\"color: #000000;\">Vienoje funkcin\u0117s arbatos porcijoje (3g) yra apie 5,4 kcal.<\/span><\/p>\n<div>\n<div class=\"summary__title\">\n<h6 class=\"h4 accordion__title inline-richtext\"><span style=\"color: #000000;\">Paruo\u0161imas:<\/span><\/h6>\n<\/div>\n<\/div>\n<div id=\"ProductAccordion-collapsible_tab_rf6YYm-template--18610665849072__main\" class=\"accordion__content rte\">\n<p><span style=\"color: #000000;\"><strong>1. \u012ed\u0117kite arbat\u017eoli\u0173 &#8211;\u00a0<\/strong>\u012e puodel\u012f \u012fd\u0117kite 2 pilnus arbatinius \u0161auk\u0161telius (~3g) Hora Funkcin\u0117s Arbatos arbat\u017eoli\u0173.<\/span><\/p>\n<p><span style=\"color: #000000;\"><strong>2. U\u017epilkite ir palaikykite &#8211;\u00a0<\/strong>U\u017epilkite arbat\u017eoles kar\u0161tu (ne verdan\u010diu) vandeniu. Arbat\u0105 plikyti 3-5 minutes.<\/span><\/p>\n<p><span style=\"color: #000000;\"><strong>3. Megaukit\u0117s arbata &#8211;\u00a0<\/strong>I\u0161imkite arbat\u017eoles ir m\u0117gaukit\u0117s skania, \u0161ilta bei sveikat\u0105 gerinan\u010dia arbata.<\/span><\/p>\n<h5 class=\"image-with-text__heading h1 rte\"><span style=\"color: #000000;\">Gerina miego kokyb\u0119<\/span><\/h5>\n<div class=\"image-with-text__text rte body\">\n<p><span style=\"color: #000000;\">Gudobel\u0117s ir melatoninas kartu palaiko nat\u016bral\u0173 miego ritm\u0105 ir gerina miego kokyb\u0119, u\u017etikrinant, kad kiekvienas nakties momentas b\u016bt\u0173 atpalaiduojantis ir atgaivinantis.<\/span><\/p>\n<h5 class=\"image-with-text__heading h1 rte\"><span style=\"color: #000000;\">Padeda grei\u010diau u\u017emigti.<\/span><\/h5>\n<div class=\"image-with-text__text rte body\">\n<p><span style=\"color: #000000;\">Pipirm\u0117\u010di\u0173 lapai, ramun\u0117l\u0117s ir melisos sukuria harmoning\u0105 derin\u012f, kuris ne tik gerina miego kokyb\u0119 ir leid\u017eia atsibusti pails\u0117jus, bet ir padeda grei\u010diau u\u017emigti.<\/span><\/p>\n<h5 class=\"image-with-text__heading h1 rte\"><span style=\"color: #000000;\">Ramina nerv\u0173 sistem\u0105<\/span><\/h5>\n<div class=\"image-with-text__text rte body\">\n<p><span style=\"color: #000000;\">Melatoninas, ramun\u0117li\u0173 \u017eiedai ir melisos lapai kartu su pipirm\u0117\u010di\u0173 lapais veiksmingai ramina nerv\u0173 sistem\u0105, ma\u017eindami \u012ftamp\u0105 ir stres\u0105, bei padeda atsipalaiduoti prie\u0161 mieg\u0105.<\/span><\/p>\n<div>\n<h5 class=\"accordion__title inline-richtext h4\"><span style=\"color: #000000;\">Kiek laiko prie\u0161 mieg\u0105 tur\u0117\u010diau gerti \u0161i\u0105 arbat\u0105?<\/span><\/h5>\n<\/div>\n<div id=\"CollapsibleAccordion-collapsible_row_hndkGC-template--18610665849072__collapsible_content_cbhEa6\" class=\"accordion__content rte\" role=\"region\" aria-labelledby=\"Summary-collapsible_row_hndkGC-template--18610665849072__collapsible_content_cbhEa6\">\n<p><span style=\"color: #000000;\">Rekomenduojame gerti GERAS MIEGAS arbat\u0105 likus apie 20 minu\u010di\u0173 iki miego. Tai pad\u0117s j\u016bs\u0173 k\u016bnui atsipalaiduoti ir pasiruo\u0161ti kokybi\u0161kam poilsiui.<\/span><\/p>\n<div>\n<h5 class=\"accordion__title inline-richtext h4\"><span style=\"color: #000000;\">Ar \u0161i arbata sukelia priklausomyb\u0119?<\/span><\/h5>\n<\/div>\n<div id=\"CollapsibleAccordion-collapsible_row_mzWEfE-template--18610665849072__collapsible_content_cbhEa6\" class=\"accordion__content rte\" role=\"region\" aria-labelledby=\"Summary-collapsible_row_mzWEfE-template--18610665849072__collapsible_content_cbhEa6\">\n<p><span style=\"color: #000000;\">Ne, \u201eGERAS MIEGAS\u201c arbata pagaminta i\u0161 nat\u016brali\u0173 ingredient\u0173 ir nesukelia priklausomyb\u0117s. Ji padeda nat\u016braliai reguliuoti miego cikl\u0105.<\/span><\/p>\n<div>\n<h5 class=\"accordion__title inline-richtext h4\"><span style=\"color: #000000;\">Kaip da\u017enai galima gerti GERAS MIEGAS arbat\u0105?<\/span><\/h5>\n<\/div>\n<div id=\"CollapsibleAccordion-collapsible_row_3wFHGB-template--18610665849072__collapsible_content_cbhEa6\" class=\"accordion__content rte\" role=\"region\" aria-labelledby=\"Summary-collapsible_row_3wFHGB-template--18610665849072__collapsible_content_cbhEa6\">\n<p><span style=\"color: #000000;\">\u0160i\u0105 arbat\u0105 galima gerti kiekvien\u0105 vakar\u0105 prie\u0161 mieg\u0105. Jos nat\u016bral\u016bs ingredientai skatina geresn\u012f mieg\u0105, tod\u0117l ji gali tapti j\u016bs\u0173 kasdienio miego ritualo dalimi.<\/span><\/p>\n<div>\n<h5 class=\"accordion__title inline-richtext h4\"><span style=\"color: #000000;\">Ar GERAS MIEGAS arbata tinka visiems?<\/span><\/h5>\n<\/div>\n<div id=\"CollapsibleAccordion-collapsible_row_pYANUg-template--18610665849072__collapsible_content_cbhEa6\" class=\"accordion__content rte\" role=\"region\" aria-labelledby=\"Summary-collapsible_row_pYANUg-template--18610665849072__collapsible_content_cbhEa6\">\n<p><span style=\"color: #000000;\">Taip, ji tinka daugumai \u017emoni\u0173, ta\u010diau jei esate n\u0117\u0161\u010dia, \u017eindote ar turite sveikatos sutrikim\u0173, prie\u0161 vartodami pasitarkite su gydytoju.<\/span><\/p>\n<\/div>\n<\/div>\n<\/div>\n<\/div>\n<\/div>\n<\/div>\n<\/div>\n<\/div>\n<\/div>\n<\/div>","protected":false},"excerpt":{"rendered":"<p style=\"text-align: center;\"><span style=\"color: #000000;\"><strong>NAUJIENA M\u016aS\u0172 GAMINI\u0172 ASPRTIMENTE! VISI\u0160KAI NAUJO TIPO PRODUKTAS!<br \/>\nFUNKCIN\u0116 \u2013 100% NAT\u016aRALIOS SUD\u0116TIES ARBATA PRISID\u0116SIANTI PRIE GERESN\u0116S MIEGO KOKYB\u0116S, RAMESN\u0116S NERV\u0172 SISTEMOS. &#8222;GERAS MIEGAS&#8221; &#8211; J\u016aS\u0172 KASDIENIS VAKARO RAMYB\u0116S RITUALAS.<br \/>\n<\/strong><\/span><\/p>\n<p><span style=\"color: #000000;\"><strong>Atsakingai ir kruop\u0161\u010diai suderintas \u017eoleli\u0173 mi\u0161inys ramina nerv\u0173 sistem\u0105 ir gerina miego kokyb\u0119.<\/strong> Melatoninas padeda reguliuoti miego cikl\u0105, grei\u010diau u\u017emigti ir ilgiau miegoti be pertrauk\u0173. Ramiai miegokite ir pabuskite pails\u0117j\u0119. <\/span><\/p>\n<p><span style=\"color: #000000;\">GERAS MIEGAS arbata \u2013 puikus ir pasirinkimas norintiems lengviau u\u017emigti ir kokybi\u0161kai i\u0161simiegoti su nat\u016bralios kilm\u0117s pagalba. Melatoninas kartu su raminan\u010diomis \u017eolel\u0117mis, tokiomis kaip melisa ir ramun\u0117l\u0117s, u\u017etikrina gil\u0173 ir nepertraukiam\u0105 mieg\u0105. Atsibuskite energingi ir pasiruo\u0161\u0119 naujai dienai. Ir taip, ryte ant pagalv\u0117s radus \u0161iek tiek seili\u0173, tai tik rei\u0161kia, kad miegas buvo nuostabus!<\/span><\/p>\n<p><span style=\"color: #000000;\">Grynasis kiekis &#8211; 90 g. Vidutini\u0161kai 30 porcij\u0173.\u00a0<\/span><br \/>\n<span style=\"color: #000000;\">Sukurta ir pagaminta Lietuvoje.\u00a0<\/span><\/p>","protected":false},"featured_media":54423,"comment_status":"open","ping_status":"closed","template":"","meta":{"site-sidebar-layout":"default","site-content-layout":"","ast-site-content-layout":"default","site-content-style":"default","site-sidebar-style":"default","ast-global-header-display":"","ast-banner-title-visibility":"","ast-main-header-display":"","ast-hfb-above-header-display":"","ast-hfb-below-header-display":"","ast-hfb-mobile-header-display":"","site-post-title":"","ast-breadcrumbs-content":"","ast-featured-img":"","footer-sml-layout":"","ast-disable-related-posts":"","theme-transparent-header-meta":"default","adv-header-id-meta":"","stick-header-meta":"","header-above-stick-meta":"","header-main-stick-meta":"","header-below-stick-meta":"","astra-migrate-meta-layouts":"set","ast-page-background-enabled":"default","ast-page-background-meta":{"desktop":{"background-color":"var(--ast-global-color-4)","background-image":"","background-repeat":"repeat","background-position":"center center","background-size":"auto","background-attachment":"scroll","background-type":"","background-media":"","overlay-type":"","overlay-color":"","overlay-opacity":"","overlay-gradient":""},"tablet":{"background-color":"","background-image":"","background-repeat":"repeat","background-position":"center center","background-size":"auto","background-attachment":"scroll","background-type":"","background-media":"","overlay-type":"","overlay-color":"","overlay-opacity":"","overlay-gradient":""},"mobile":{"background-color":"","background-image":"","background-repeat":"repeat","background-position":"center center","background-size":"auto","background-attachment":"scroll","background-type":"","background-media":"","overlay-type":"","overlay-color":"","overlay-opacity":"","overlay-gradient":""}},"ast-content-background-meta":{"desktop":{"background-color":"var(--ast-global-color-5)","background-image":"","background-repeat":"repeat","background-position":"center center","background-size":"auto","background-attachment":"scroll","background-type":"","background-media":"","overlay-type":"","overlay-color":"","overlay-opacity":"","overlay-gradient":""},"tablet":{"background-color":"var(--ast-global-color-5)","background-image":"","background-repeat":"repeat","background-position":"center center","background-size":"auto","background-attachment":"scroll","background-type":"","background-media":"","overlay-type":"","overlay-color":"","overlay-opacity":"","overlay-gradient":""},"mobile":{"background-color":"var(--ast-global-color-5)","background-image":"","background-repeat":"repeat","background-position":"center center","background-size":"auto","background-attachment":"scroll","background-type":"","background-media":"","overlay-type":"","overlay-color":"","overlay-opacity":"","overlay-gradient":""}}},"product_brand":[],"product_cat":[395,387,368,322],"product_tag":[],"class_list":{"0":"post-54422","1":"product","2":"type-product","3":"status-publish","4":"has-post-thumbnail","6":"product_cat-veganiska-be-laktozes","7":"product_cat-visi-produktai","8":"product_cat-naujienos-2","9":"product_cat-naujienos-2025","10":"desktop-align-left","11":"tablet-align-left","12":"mobile-align-left","14":"first","15":"outofstock","16":"taxable","17":"shipping-taxable","18":"purchasable","19":"product-type-simple"},"yoast_head":"<!-- This site is optimized with the Yoast SEO plugin v26.9 - https:\/\/yoast.com\/product\/yoast-seo-wordpress\/ -->\n<title>Funkcin\u0117 arbata &quot;GERAS MIEGAS&quot; (90 g) - Fitnsweet.eu<\/title>\n<meta name=\"robots\" content=\"index, follow, max-snippet:-1, max-image-preview:large, max-video-preview:-1\" \/>\n<link rel=\"canonical\" href=\"https:\/\/fitnsweet.eu\/en\/product-2\/funkcine-arbata-geras-miegas-90-g\/\" \/>\n<meta property=\"og:locale\" content=\"en_US\" \/>\n<meta property=\"og:type\" content=\"article\" \/>\n<meta property=\"og:title\" content=\"Funkcin\u0117 arbata &quot;GERAS MIEGAS&quot; (90 g) - Fitnsweet.eu\" \/>\n<meta property=\"og:description\" content=\"NAUJIENA M\u016aS\u0172 GAMINI\u0172 ASPRTIMENTE! VISI\u0160KAI NAUJO TIPO PRODUKTAS! FUNKCIN\u0116 \u2013 100% NAT\u016aRALIOS SUD\u0116TIES ARBATA PRISID\u0116SIANTI PRIE GERESN\u0116S MIEGO KOKYB\u0116S, RAMESN\u0116S NERV\u0172 SISTEMOS. &quot;GERAS MIEGAS&quot; - J\u016aS\u0172 KASDIENIS VAKARO RAMYB\u0116S RITUALAS.  Atsakingai ir kruop\u0161\u010diai suderintas \u017eoleli\u0173 mi\u0161inys ramina nerv\u0173 sistem\u0105 ir gerina miego kokyb\u0119. Melatoninas padeda reguliuoti miego cikl\u0105, grei\u010diau u\u017emigti ir ilgiau miegoti be pertrauk\u0173. Ramiai miegokite ir pabuskite pails\u0117j\u0119.   GERAS MIEGAS arbata \u2013 puikus ir pasirinkimas norintiems lengviau u\u017emigti ir kokybi\u0161kai i\u0161simiegoti su nat\u016bralios kilm\u0117s pagalba. Melatoninas kartu su raminan\u010diomis \u017eolel\u0117mis, tokiomis kaip melisa ir ramun\u0117l\u0117s, u\u017etikrina gil\u0173 ir nepertraukiam\u0105 mieg\u0105. Atsibuskite energingi ir pasiruo\u0161\u0119 naujai dienai. Ir taip, ryte ant pagalv\u0117s radus \u0161iek tiek seili\u0173, tai tik rei\u0161kia, kad miegas buvo nuostabus!  Grynasis kiekis - 90 g. Vidutini\u0161kai 30 porcij\u0173.\u00a0 Sukurta ir pagaminta Lietuvoje.\u00a0\" \/>\n<meta property=\"og:url\" content=\"https:\/\/fitnsweet.eu\/en\/product-2\/funkcine-arbata-geras-miegas-90-g\/\" \/>\n<meta property=\"og:site_name\" content=\"Fitnsweet.eu\" \/>\n<meta property=\"article:modified_time\" content=\"2026-02-28T12:43:57+00:00\" \/>\n<meta property=\"og:image\" content=\"https:\/\/fitnsweet.eu\/wp-content\/uploads\/2025\/04\/GM1-1.png\" \/>\n\t<meta property=\"og:image:width\" content=\"990\" \/>\n\t<meta property=\"og:image:height\" content=\"990\" \/>\n\t<meta property=\"og:image:type\" content=\"image\/png\" \/>\n<meta name=\"twitter:card\" content=\"summary_large_image\" \/>\n<meta name=\"twitter:label1\" content=\"Est. reading time\" \/>\n\t<meta name=\"twitter:data1\" content=\"2 minutes\" \/>\n<script type=\"application\/ld+json\" class=\"yoast-schema-graph\">{\"@context\":\"https:\/\/schema.org\",\"@graph\":[{\"@type\":\"WebPage\",\"@id\":\"https:\/\/fitnsweet.eu\/produktas\/funkcine-arbata-geras-miegas-90-g\/\",\"url\":\"https:\/\/fitnsweet.eu\/produktas\/funkcine-arbata-geras-miegas-90-g\/\",\"name\":\"Funkcin\u0117 arbata \\\"GERAS MIEGAS\\\" (90 g) - Fitnsweet.eu\",\"isPartOf\":{\"@id\":\"https:\/\/fitnsweet.eu\/#website\"},\"primaryImageOfPage\":{\"@id\":\"https:\/\/fitnsweet.eu\/produktas\/funkcine-arbata-geras-miegas-90-g\/#primaryimage\"},\"image\":{\"@id\":\"https:\/\/fitnsweet.eu\/produktas\/funkcine-arbata-geras-miegas-90-g\/#primaryimage\"},\"thumbnailUrl\":\"https:\/\/fitnsweet.eu\/wp-content\/uploads\/2025\/04\/GM1-1.png\",\"datePublished\":\"2025-04-22T15:28:58+00:00\",\"dateModified\":\"2026-02-28T12:43:57+00:00\",\"breadcrumb\":{\"@id\":\"https:\/\/fitnsweet.eu\/produktas\/funkcine-arbata-geras-miegas-90-g\/#breadcrumb\"},\"inLanguage\":\"en-US\",\"potentialAction\":[{\"@type\":\"ReadAction\",\"target\":[\"https:\/\/fitnsweet.eu\/produktas\/funkcine-arbata-geras-miegas-90-g\/\"]}]},{\"@type\":\"ImageObject\",\"inLanguage\":\"en-US\",\"@id\":\"https:\/\/fitnsweet.eu\/produktas\/funkcine-arbata-geras-miegas-90-g\/#primaryimage\",\"url\":\"https:\/\/fitnsweet.eu\/wp-content\/uploads\/2025\/04\/GM1-1.png\",\"contentUrl\":\"https:\/\/fitnsweet.eu\/wp-content\/uploads\/2025\/04\/GM1-1.png\",\"width\":990,\"height\":990},{\"@type\":\"BreadcrumbList\",\"@id\":\"https:\/\/fitnsweet.eu\/produktas\/funkcine-arbata-geras-miegas-90-g\/#breadcrumb\",\"itemListElement\":[{\"@type\":\"ListItem\",\"position\":1,\"name\":\"Home\",\"item\":\"https:\/\/fitnsweet.eu\/\"},{\"@type\":\"ListItem\",\"position\":2,\"name\":\"Produktai\",\"item\":\"https:\/\/fitnsweet.eu\/parduotuve\/\"},{\"@type\":\"ListItem\",\"position\":3,\"name\":\"Funkcin\u0117 arbata &#8222;GERAS MIEGAS&#8221; (90 g)\"}]},{\"@type\":\"WebSite\",\"@id\":\"https:\/\/fitnsweet.eu\/#website\",\"url\":\"https:\/\/fitnsweet.eu\/\",\"name\":\"Fitnsweet.eu\",\"description\":\"Sveika. Saldu. Naudinga.\",\"potentialAction\":[{\"@type\":\"SearchAction\",\"target\":{\"@type\":\"EntryPoint\",\"urlTemplate\":\"https:\/\/fitnsweet.eu\/?s={search_term_string}\"},\"query-input\":{\"@type\":\"PropertyValueSpecification\",\"valueRequired\":true,\"valueName\":\"search_term_string\"}}],\"inLanguage\":\"en-US\"}]}<\/script>\n<!-- \/ Yoast SEO plugin. -->","yoast_head_json":{"title":"Funkcin\u0117 arbata \"GERAS MIEGAS\" (90 g) - Fitnsweet.eu","robots":{"index":"index","follow":"follow","max-snippet":"max-snippet:-1","max-image-preview":"max-image-preview:large","max-video-preview":"max-video-preview:-1"},"canonical":"https:\/\/fitnsweet.eu\/en\/product-2\/funkcine-arbata-geras-miegas-90-g\/","og_locale":"en_US","og_type":"article","og_title":"Funkcin\u0117 arbata \"GERAS MIEGAS\" (90 g) - Fitnsweet.eu","og_description":"NAUJIENA M\u016aS\u0172 GAMINI\u0172 ASPRTIMENTE! VISI\u0160KAI NAUJO TIPO PRODUKTAS! FUNKCIN\u0116 \u2013 100% NAT\u016aRALIOS SUD\u0116TIES ARBATA PRISID\u0116SIANTI PRIE GERESN\u0116S MIEGO KOKYB\u0116S, RAMESN\u0116S NERV\u0172 SISTEMOS. \"GERAS MIEGAS\" - J\u016aS\u0172 KASDIENIS VAKARO RAMYB\u0116S RITUALAS.  Atsakingai ir kruop\u0161\u010diai suderintas \u017eoleli\u0173 mi\u0161inys ramina nerv\u0173 sistem\u0105 ir gerina miego kokyb\u0119. Melatoninas padeda reguliuoti miego cikl\u0105, grei\u010diau u\u017emigti ir ilgiau miegoti be pertrauk\u0173. Ramiai miegokite ir pabuskite pails\u0117j\u0119.   GERAS MIEGAS arbata \u2013 puikus ir pasirinkimas norintiems lengviau u\u017emigti ir kokybi\u0161kai i\u0161simiegoti su nat\u016bralios kilm\u0117s pagalba. Melatoninas kartu su raminan\u010diomis \u017eolel\u0117mis, tokiomis kaip melisa ir ramun\u0117l\u0117s, u\u017etikrina gil\u0173 ir nepertraukiam\u0105 mieg\u0105. Atsibuskite energingi ir pasiruo\u0161\u0119 naujai dienai. Ir taip, ryte ant pagalv\u0117s radus \u0161iek tiek seili\u0173, tai tik rei\u0161kia, kad miegas buvo nuostabus!  Grynasis kiekis - 90 g. Vidutini\u0161kai 30 porcij\u0173.\u00a0 Sukurta ir pagaminta Lietuvoje.\u00a0","og_url":"https:\/\/fitnsweet.eu\/en\/product-2\/funkcine-arbata-geras-miegas-90-g\/","og_site_name":"Fitnsweet.eu","article_modified_time":"2026-02-28T12:43:57+00:00","og_image":[{"width":990,"height":990,"url":"https:\/\/fitnsweet.eu\/wp-content\/uploads\/2025\/04\/GM1-1.png","type":"image\/png"}],"twitter_card":"summary_large_image","twitter_misc":{"Est. reading time":"2 minutes"},"schema":{"@context":"https:\/\/schema.org","@graph":[{"@type":"WebPage","@id":"https:\/\/fitnsweet.eu\/produktas\/funkcine-arbata-geras-miegas-90-g\/","url":"https:\/\/fitnsweet.eu\/produktas\/funkcine-arbata-geras-miegas-90-g\/","name":"Funkcin\u0117 arbata \"GERAS MIEGAS\" (90 g) - Fitnsweet.eu","isPartOf":{"@id":"https:\/\/fitnsweet.eu\/#website"},"primaryImageOfPage":{"@id":"https:\/\/fitnsweet.eu\/produktas\/funkcine-arbata-geras-miegas-90-g\/#primaryimage"},"image":{"@id":"https:\/\/fitnsweet.eu\/produktas\/funkcine-arbata-geras-miegas-90-g\/#primaryimage"},"thumbnailUrl":"https:\/\/fitnsweet.eu\/wp-content\/uploads\/2025\/04\/GM1-1.png","datePublished":"2025-04-22T15:28:58+00:00","dateModified":"2026-02-28T12:43:57+00:00","breadcrumb":{"@id":"https:\/\/fitnsweet.eu\/produktas\/funkcine-arbata-geras-miegas-90-g\/#breadcrumb"},"inLanguage":"en-US","potentialAction":[{"@type":"ReadAction","target":["https:\/\/fitnsweet.eu\/produktas\/funkcine-arbata-geras-miegas-90-g\/"]}]},{"@type":"ImageObject","inLanguage":"en-US","@id":"https:\/\/fitnsweet.eu\/produktas\/funkcine-arbata-geras-miegas-90-g\/#primaryimage","url":"https:\/\/fitnsweet.eu\/wp-content\/uploads\/2025\/04\/GM1-1.png","contentUrl":"https:\/\/fitnsweet.eu\/wp-content\/uploads\/2025\/04\/GM1-1.png","width":990,"height":990},{"@type":"BreadcrumbList","@id":"https:\/\/fitnsweet.eu\/produktas\/funkcine-arbata-geras-miegas-90-g\/#breadcrumb","itemListElement":[{"@type":"ListItem","position":1,"name":"Home","item":"https:\/\/fitnsweet.eu\/"},{"@type":"ListItem","position":2,"name":"Produktai","item":"https:\/\/fitnsweet.eu\/parduotuve\/"},{"@type":"ListItem","position":3,"name":"Funkcin\u0117 arbata &#8222;GERAS MIEGAS&#8221; (90 g)"}]},{"@type":"WebSite","@id":"https:\/\/fitnsweet.eu\/#website","url":"https:\/\/fitnsweet.eu\/","name":"Fitnsweet.eu","description":"Hello. Sweet. Useful.","potentialAction":[{"@type":"SearchAction","target":{"@type":"EntryPoint","urlTemplate":"https:\/\/fitnsweet.eu\/?s={search_term_string}"},"query-input":{"@type":"PropertyValueSpecification","valueRequired":true,"valueName":"search_term_string"}}],"inLanguage":"en-US"}]}},"_links":{"self":[{"href":"https:\/\/fitnsweet.eu\/en\/wp-json\/wp\/v2\/product\/54422","targetHints":{"allow":["GET"]}}],"collection":[{"href":"https:\/\/fitnsweet.eu\/en\/wp-json\/wp\/v2\/product"}],"about":[{"href":"https:\/\/fitnsweet.eu\/en\/wp-json\/wp\/v2\/types\/product"}],"replies":[{"embeddable":true,"href":"https:\/\/fitnsweet.eu\/en\/wp-json\/wp\/v2\/comments?post=54422"}],"version-history":[{"count":1,"href":"https:\/\/fitnsweet.eu\/en\/wp-json\/wp\/v2\/product\/54422\/revisions"}],"predecessor-version":[{"id":54427,"href":"https:\/\/fitnsweet.eu\/en\/wp-json\/wp\/v2\/product\/54422\/revisions\/54427"}],"wp:featuredmedia":[{"embeddable":true,"href":"https:\/\/fitnsweet.eu\/en\/wp-json\/wp\/v2\/media\/54423"}],"wp:attachment":[{"href":"https:\/\/fitnsweet.eu\/en\/wp-json\/wp\/v2\/media?parent=54422"}],"wp:term":[{"taxonomy":"product_brand","embeddable":true,"href":"https:\/\/fitnsweet.eu\/en\/wp-json\/wp\/v2\/product_brand?post=54422"},{"taxonomy":"product_cat","embeddable":true,"href":"https:\/\/fitnsweet.eu\/en\/wp-json\/wp\/v2\/product_cat?post=54422"},{"taxonomy":"product_tag","embeddable":true,"href":"https:\/\/fitnsweet.eu\/en\/wp-json\/wp\/v2\/product_tag?post=54422"}],"curies":[{"name":"wp","href":"https:\/\/api.w.org\/{rel}","templated":true}]}}