{"id":55167,"date":"2025-05-21T13:02:59","date_gmt":"2025-05-21T10:02:59","guid":{"rendered":"https:\/\/fitnsweet.eu\/?post_type=product&#038;p=55167"},"modified":"2026-02-11T10:46:46","modified_gmt":"2026-02-11T08:46:46","slug":"lipolit-forte-n60-maisto-papildas-svorio-kontrolei","status":"publish","type":"product","link":"https:\/\/fitnsweet.eu\/en\/product-2\/lipolit-forte-n60-maisto-papildas-svorio-kontrolei\/","title":{"rendered":"LIPOLIT FORTE N60 maisto papildas svorio kontrolei"},"content":{"rendered":"<div><img decoding=\"async\" src=\"https:\/\/cdn.shopify.com\/s\/files\/1\/0651\/6654\/1037\/files\/Lipolit_sudetis.png?v=1739185974\" alt=\"\" \/><\/div>\n<p><span style=\"color: #000000;\"><em>RMV &#8211; referencin\u0117 maistin\u0117 vert\u0117 \/ &#8211; referencin\u0117 maistin\u0117 vert\u0117 nenustatyta<\/em><\/span><\/p>\n<p><span style=\"color: #000000;\">Sud\u0117tyje esan\u010dio \u017eali\u0173j\u0173 kavos pupeli\u0173 ekstrakto<strong>\u00a0SVETOL\u00ae\u00a0<\/strong>veiksmingumas pagr\u012fstas\u00a0<a class=\"js-no-transition\" style=\"color: #000000;\" href=\"https:\/\/pubmed.ncbi.nlm.nih.gov\/24338784\/\" target=\"_blank\" rel=\"noopener\">klinikin\u0117mis studijomis<\/a>.<\/span><\/p>\n<p><span style=\"color: #000000;\"><strong>Sudedamosios dalys:<\/strong>\u00a0\u017eali\u0173j\u0173 kavos pupeli\u0173 [<em>Coffea robusta L<\/em>.] ekstraktas Svetol\u00ae, kukur\u016bz\u0173 krakmolas, kapsul\u0117s apvalkalas hidroksipropilmetilceliulioz\u0117, arti\u0161ok\u0173 [<em>Cynara cardunculus L<\/em>.] lap\u0173 ekstraktas, ber\u017e\u0173 [<em>Betula alba L<\/em>.] lap\u0173 ekstraktas, aitri\u0173j\u0173 apelsin\u0173 [<em>Citrus Aurantium L<\/em>.] jaun\u0173 vaisi\u0173 ekstraktas, lipnum\u0105 reguliuojanti med\u017eiaga riebal\u0173 r\u016bg\u0161\u010di\u0173 magnio druskos (E 470b), chromo chloridas i\u0161 hidrolizuot\u0173 ry\u017ei\u0173 protein\u0173.<\/span><\/p>\n<p><span style=\"color: #000000;\"><strong>Vartojimas<\/strong>. Gerti 3 kapsules per dien\u0105 su pagrindiniais dienos valgiais. Rekomenduojamas 60 dien\u0173 kursas.<\/span><\/p>\n<p><span style=\"color: #000000;\"><strong>\u012esp\u0117jimas<\/strong>. Nevartoti sergant hipertenzija, n\u0117\u0161\u010dioms moterims ir jaunesniems nei 12 met\u0173 vaikams.<\/span><\/p>\n<p><span style=\"color: #000000;\">Svarbu \u012fvairi ir subalansuota mityba bei sveikas gyvenimo b\u016bdas.<\/span><br \/>\n<span style=\"color: #000000;\">Nevir\u0161yti nustatytos rekomenduojamos doz\u0117s.<\/span><br \/>\n<span style=\"color: #000000;\">Maisto papildas neturi b\u016bti vartojamas kaip maisto pakaitalas.<\/span><br \/>\n<span style=\"color: #000000;\">Laikyti kambario temperat\u016broje, vaikams nepasiekiamoje vietoje.<\/span><\/p>\n<p><span style=\"color: #000000;\"><strong>Manufacturer:\u00a0<\/strong>INTERSA LABS SL., Ispanija.<\/span><\/p>","protected":false},"excerpt":{"rendered":"<p style=\"text-align: center;\"><span style=\"color: #000000;\"><strong>NAUJIENA GAMINI\u0172 ASORTIMENTE DAR GERESNIEMS J\u016aS\u0172 SVORIO KONTROL\u0116S TIKSLAMS PASIEKTI!<\/strong><\/span><\/p>\n<p dir=\"ltr\" style=\"text-align: center;\"><span style=\"color: #000000;\">Norisi ne dar vienos \u201cstebuklingos tablet\u0117s\u201d, o realios pagalbos?<\/span><br \/>\n<span style=\"color: #000000;\">Lipolit Forte N60 \u2013 tai nat\u016brali\u0173 ekstrakt\u0173 derinys, sukurtas pad\u0117ti palaikyti normali\u0105 med\u017eiag\u0173 apykait\u0105 ir svorio kontrol\u0119.<\/span><br \/>\n<span style=\"color: #000000;\">\u017daliosios kavos pupel\u0117s, arti\u0161okai, ber\u017e\u0173 lapai, aitriosios apelsin\u0173 \u017eievel\u0117s ir chromas \u2013 visa tai, kad Tavo k\u016bnas \u0161velniai \u012fsijungt\u0173 \u012f riebal\u0173 deginimo re\u017eim\u0105, reguliuot\u0173 cukraus svyravimus ir palaikyt\u0173 vir\u0161kinim\u0105.<br \/>\nDaugiau lengvumo.<br \/>\nMa\u017eiau s\u0105stingio.<br \/>\nSubtili, bet tiksli pagalba tavo svorio kontrolei \u2013 be kra\u0161tutinum\u0173, be spaudimo.<br \/>\n<\/span><\/p>\n<p dir=\"ltr\" style=\"text-align: center;\"><span style=\"color: #000000;\">Tikslinga. Paprasta. Augalin\u0117.<\/span><\/p>\n<h6 style=\"text-align: center;\"><span style=\"color: #000000;\">60 augalini\u0173 kapsuli\u0173 po 560 mg<\/span><br \/>\n<span style=\"color: #000000;\"><strong>Vienos d\u0117\u017eut\u0117s u\u017etenka 20 dien\u0173!<\/strong><\/span><\/h6>","protected":false},"featured_media":55178,"comment_status":"open","ping_status":"closed","template":"","meta":{"site-sidebar-layout":"default","site-content-layout":"","ast-site-content-layout":"default","site-content-style":"default","site-sidebar-style":"default","ast-global-header-display":"","ast-banner-title-visibility":"","ast-main-header-display":"","ast-hfb-above-header-display":"","ast-hfb-below-header-display":"","ast-hfb-mobile-header-display":"","site-post-title":"","ast-breadcrumbs-content":"","ast-featured-img":"","footer-sml-layout":"","ast-disable-related-posts":"","theme-transparent-header-meta":"default","adv-header-id-meta":"","stick-header-meta":"","header-above-stick-meta":"","header-main-stick-meta":"","header-below-stick-meta":"","astra-migrate-meta-layouts":"set","ast-page-background-enabled":"default","ast-page-background-meta":{"desktop":{"background-color":"var(--ast-global-color-4)","background-image":"","background-repeat":"repeat","background-position":"center center","background-size":"auto","background-attachment":"scroll","background-type":"","background-media":"","overlay-type":"","overlay-color":"","overlay-opacity":"","overlay-gradient":""},"tablet":{"background-color":"","background-image":"","background-repeat":"repeat","background-position":"center center","background-size":"auto","background-attachment":"scroll","background-type":"","background-media":"","overlay-type":"","overlay-color":"","overlay-opacity":"","overlay-gradient":""},"mobile":{"background-color":"","background-image":"","background-repeat":"repeat","background-position":"center center","background-size":"auto","background-attachment":"scroll","background-type":"","background-media":"","overlay-type":"","overlay-color":"","overlay-opacity":"","overlay-gradient":""}},"ast-content-background-meta":{"desktop":{"background-color":"var(--ast-global-color-5)","background-image":"","background-repeat":"repeat","background-position":"center center","background-size":"auto","background-attachment":"scroll","background-type":"","background-media":"","overlay-type":"","overlay-color":"","overlay-opacity":"","overlay-gradient":""},"tablet":{"background-color":"var(--ast-global-color-5)","background-image":"","background-repeat":"repeat","background-position":"center center","background-size":"auto","background-attachment":"scroll","background-type":"","background-media":"","overlay-type":"","overlay-color":"","overlay-opacity":"","overlay-gradient":""},"mobile":{"background-color":"var(--ast-global-color-5)","background-image":"","background-repeat":"repeat","background-position":"center center","background-size":"auto","background-attachment":"scroll","background-type":"","background-media":"","overlay-type":"","overlay-color":"","overlay-opacity":"","overlay-gradient":""}}},"product_brand":[],"product_cat":[396,385,387,383,368],"product_tag":[],"class_list":{"0":"post-55167","1":"product","2":"type-product","3":"status-publish","4":"has-post-thumbnail","6":"product_cat-lieknejimui","7":"product_cat-riebalu-deginimui","8":"product_cat-visi-produktai","9":"product_cat-vitaminai","10":"product_cat-naujienos-2","11":"desktop-align-left","12":"tablet-align-left","13":"mobile-align-left","15":"first","16":"instock","17":"featured","18":"taxable","19":"shipping-taxable","20":"purchasable","21":"product-type-simple"},"yoast_head":"<!-- This site is optimized with the Yoast SEO plugin v26.9 - https:\/\/yoast.com\/product\/yoast-seo-wordpress\/ -->\n<title>LIPOLIT FORTE N60 maisto papildas svorio kontrolei - Fitnsweet.eu<\/title>\n<meta name=\"robots\" content=\"index, follow, max-snippet:-1, max-image-preview:large, max-video-preview:-1\" \/>\n<link rel=\"canonical\" href=\"https:\/\/fitnsweet.eu\/en\/product-2\/lipolit-forte-n60-maisto-papildas-svorio-kontrolei\/\" \/>\n<meta property=\"og:locale\" content=\"en_US\" \/>\n<meta property=\"og:type\" content=\"article\" \/>\n<meta property=\"og:title\" content=\"LIPOLIT FORTE N60 maisto papildas svorio kontrolei - Fitnsweet.eu\" \/>\n<meta property=\"og:description\" content=\"NAUJIENA GAMINI\u0172 ASORTIMENTE DAR GERESNIEMS J\u016aS\u0172 SVORIO KONTROL\u0116S TIKSLAMS PASIEKTI! Norisi ne dar vienos \u201cstebuklingos tablet\u0117s\u201d, o realios pagalbos? Lipolit Forte N60 \u2013 tai nat\u016brali\u0173 ekstrakt\u0173 derinys, sukurtas pad\u0117ti palaikyti normali\u0105 med\u017eiag\u0173 apykait\u0105 ir svorio kontrol\u0119. \u017daliosios kavos pupel\u0117s, arti\u0161okai, ber\u017e\u0173 lapai, aitriosios apelsin\u0173 \u017eievel\u0117s ir chromas \u2013 visa tai, kad Tavo k\u016bnas \u0161velniai \u012fsijungt\u0173 \u012f riebal\u0173 deginimo re\u017eim\u0105, reguliuot\u0173 cukraus svyravimus ir palaikyt\u0173 vir\u0161kinim\u0105. Daugiau lengvumo. Ma\u017eiau s\u0105stingio. Subtili, bet tiksli pagalba tavo svorio kontrolei \u2013 be kra\u0161tutinum\u0173, be spaudimo.  Tikslinga. Paprasta. Augalin\u0117.  60 augalini\u0173 kapsuli\u0173 po 560 mg Vienos d\u0117\u017eut\u0117s u\u017etenka 20 dien\u0173!\" \/>\n<meta property=\"og:url\" content=\"https:\/\/fitnsweet.eu\/en\/product-2\/lipolit-forte-n60-maisto-papildas-svorio-kontrolei\/\" \/>\n<meta property=\"og:site_name\" content=\"Fitnsweet.eu\" \/>\n<meta property=\"article:modified_time\" content=\"2026-02-11T08:46:46+00:00\" \/>\n<meta property=\"og:image\" content=\"https:\/\/fitnsweet.eu\/wp-content\/uploads\/2025\/05\/Lipolit-Forte-DR.png\" \/>\n\t<meta property=\"og:image:width\" content=\"1\" \/>\n\t<meta property=\"og:image:height\" content=\"1\" \/>\n\t<meta property=\"og:image:type\" content=\"image\/png\" \/>\n<meta name=\"twitter:card\" content=\"summary_large_image\" \/>\n<meta name=\"twitter:label1\" content=\"Est. reading time\" \/>\n\t<meta name=\"twitter:data1\" content=\"1 minute\" \/>\n<script type=\"application\/ld+json\" class=\"yoast-schema-graph\">{\"@context\":\"https:\/\/schema.org\",\"@graph\":[{\"@type\":\"WebPage\",\"@id\":\"https:\/\/fitnsweet.eu\/produktas\/lipolit-forte-n60-maisto-papildas-svorio-kontrolei\/\",\"url\":\"https:\/\/fitnsweet.eu\/produktas\/lipolit-forte-n60-maisto-papildas-svorio-kontrolei\/\",\"name\":\"LIPOLIT FORTE N60 maisto papildas svorio kontrolei - Fitnsweet.eu\",\"isPartOf\":{\"@id\":\"https:\/\/fitnsweet.eu\/#website\"},\"primaryImageOfPage\":{\"@id\":\"https:\/\/fitnsweet.eu\/produktas\/lipolit-forte-n60-maisto-papildas-svorio-kontrolei\/#primaryimage\"},\"image\":{\"@id\":\"https:\/\/fitnsweet.eu\/produktas\/lipolit-forte-n60-maisto-papildas-svorio-kontrolei\/#primaryimage\"},\"thumbnailUrl\":\"https:\/\/fitnsweet.eu\/wp-content\/uploads\/2025\/05\/Lipolit-Forte-DR.png\",\"datePublished\":\"2025-05-21T10:02:59+00:00\",\"dateModified\":\"2026-02-11T08:46:46+00:00\",\"breadcrumb\":{\"@id\":\"https:\/\/fitnsweet.eu\/produktas\/lipolit-forte-n60-maisto-papildas-svorio-kontrolei\/#breadcrumb\"},\"inLanguage\":\"en-US\",\"potentialAction\":[{\"@type\":\"ReadAction\",\"target\":[\"https:\/\/fitnsweet.eu\/produktas\/lipolit-forte-n60-maisto-papildas-svorio-kontrolei\/\"]}]},{\"@type\":\"ImageObject\",\"inLanguage\":\"en-US\",\"@id\":\"https:\/\/fitnsweet.eu\/produktas\/lipolit-forte-n60-maisto-papildas-svorio-kontrolei\/#primaryimage\",\"url\":\"https:\/\/fitnsweet.eu\/wp-content\/uploads\/2025\/05\/Lipolit-Forte-DR.png\",\"contentUrl\":\"https:\/\/fitnsweet.eu\/wp-content\/uploads\/2025\/05\/Lipolit-Forte-DR.png\"},{\"@type\":\"BreadcrumbList\",\"@id\":\"https:\/\/fitnsweet.eu\/produktas\/lipolit-forte-n60-maisto-papildas-svorio-kontrolei\/#breadcrumb\",\"itemListElement\":[{\"@type\":\"ListItem\",\"position\":1,\"name\":\"Home\",\"item\":\"https:\/\/fitnsweet.eu\/\"},{\"@type\":\"ListItem\",\"position\":2,\"name\":\"Produktai\",\"item\":\"https:\/\/fitnsweet.eu\/parduotuve\/\"},{\"@type\":\"ListItem\",\"position\":3,\"name\":\"LIPOLIT FORTE N60 maisto papildas svorio kontrolei\"}]},{\"@type\":\"WebSite\",\"@id\":\"https:\/\/fitnsweet.eu\/#website\",\"url\":\"https:\/\/fitnsweet.eu\/\",\"name\":\"Fitnsweet.eu\",\"description\":\"Sveika. Saldu. Naudinga.\",\"potentialAction\":[{\"@type\":\"SearchAction\",\"target\":{\"@type\":\"EntryPoint\",\"urlTemplate\":\"https:\/\/fitnsweet.eu\/?s={search_term_string}\"},\"query-input\":{\"@type\":\"PropertyValueSpecification\",\"valueRequired\":true,\"valueName\":\"search_term_string\"}}],\"inLanguage\":\"en-US\"}]}<\/script>\n<!-- \/ Yoast SEO plugin. -->","yoast_head_json":{"title":"LIPOLIT FORTE N60 maisto papildas svorio kontrolei - Fitnsweet.eu","robots":{"index":"index","follow":"follow","max-snippet":"max-snippet:-1","max-image-preview":"max-image-preview:large","max-video-preview":"max-video-preview:-1"},"canonical":"https:\/\/fitnsweet.eu\/en\/product-2\/lipolit-forte-n60-maisto-papildas-svorio-kontrolei\/","og_locale":"en_US","og_type":"article","og_title":"LIPOLIT FORTE N60 maisto papildas svorio kontrolei - Fitnsweet.eu","og_description":"NAUJIENA GAMINI\u0172 ASORTIMENTE DAR GERESNIEMS J\u016aS\u0172 SVORIO KONTROL\u0116S TIKSLAMS PASIEKTI! Norisi ne dar vienos \u201cstebuklingos tablet\u0117s\u201d, o realios pagalbos? Lipolit Forte N60 \u2013 tai nat\u016brali\u0173 ekstrakt\u0173 derinys, sukurtas pad\u0117ti palaikyti normali\u0105 med\u017eiag\u0173 apykait\u0105 ir svorio kontrol\u0119. \u017daliosios kavos pupel\u0117s, arti\u0161okai, ber\u017e\u0173 lapai, aitriosios apelsin\u0173 \u017eievel\u0117s ir chromas \u2013 visa tai, kad Tavo k\u016bnas \u0161velniai \u012fsijungt\u0173 \u012f riebal\u0173 deginimo re\u017eim\u0105, reguliuot\u0173 cukraus svyravimus ir palaikyt\u0173 vir\u0161kinim\u0105. Daugiau lengvumo. Ma\u017eiau s\u0105stingio. Subtili, bet tiksli pagalba tavo svorio kontrolei \u2013 be kra\u0161tutinum\u0173, be spaudimo.  Tikslinga. Paprasta. Augalin\u0117.  60 augalini\u0173 kapsuli\u0173 po 560 mg Vienos d\u0117\u017eut\u0117s u\u017etenka 20 dien\u0173!","og_url":"https:\/\/fitnsweet.eu\/en\/product-2\/lipolit-forte-n60-maisto-papildas-svorio-kontrolei\/","og_site_name":"Fitnsweet.eu","article_modified_time":"2026-02-11T08:46:46+00:00","og_image":[{"url":"https:\/\/fitnsweet.eu\/wp-content\/uploads\/2025\/05\/Lipolit-Forte-DR.png","width":1,"height":1,"type":"image\/png"}],"twitter_card":"summary_large_image","twitter_misc":{"Est. reading time":"1 minute"},"schema":{"@context":"https:\/\/schema.org","@graph":[{"@type":"WebPage","@id":"https:\/\/fitnsweet.eu\/produktas\/lipolit-forte-n60-maisto-papildas-svorio-kontrolei\/","url":"https:\/\/fitnsweet.eu\/produktas\/lipolit-forte-n60-maisto-papildas-svorio-kontrolei\/","name":"LIPOLIT FORTE N60 maisto papildas svorio kontrolei - Fitnsweet.eu","isPartOf":{"@id":"https:\/\/fitnsweet.eu\/#website"},"primaryImageOfPage":{"@id":"https:\/\/fitnsweet.eu\/produktas\/lipolit-forte-n60-maisto-papildas-svorio-kontrolei\/#primaryimage"},"image":{"@id":"https:\/\/fitnsweet.eu\/produktas\/lipolit-forte-n60-maisto-papildas-svorio-kontrolei\/#primaryimage"},"thumbnailUrl":"https:\/\/fitnsweet.eu\/wp-content\/uploads\/2025\/05\/Lipolit-Forte-DR.png","datePublished":"2025-05-21T10:02:59+00:00","dateModified":"2026-02-11T08:46:46+00:00","breadcrumb":{"@id":"https:\/\/fitnsweet.eu\/produktas\/lipolit-forte-n60-maisto-papildas-svorio-kontrolei\/#breadcrumb"},"inLanguage":"en-US","potentialAction":[{"@type":"ReadAction","target":["https:\/\/fitnsweet.eu\/produktas\/lipolit-forte-n60-maisto-papildas-svorio-kontrolei\/"]}]},{"@type":"ImageObject","inLanguage":"en-US","@id":"https:\/\/fitnsweet.eu\/produktas\/lipolit-forte-n60-maisto-papildas-svorio-kontrolei\/#primaryimage","url":"https:\/\/fitnsweet.eu\/wp-content\/uploads\/2025\/05\/Lipolit-Forte-DR.png","contentUrl":"https:\/\/fitnsweet.eu\/wp-content\/uploads\/2025\/05\/Lipolit-Forte-DR.png"},{"@type":"BreadcrumbList","@id":"https:\/\/fitnsweet.eu\/produktas\/lipolit-forte-n60-maisto-papildas-svorio-kontrolei\/#breadcrumb","itemListElement":[{"@type":"ListItem","position":1,"name":"Home","item":"https:\/\/fitnsweet.eu\/"},{"@type":"ListItem","position":2,"name":"Produktai","item":"https:\/\/fitnsweet.eu\/parduotuve\/"},{"@type":"ListItem","position":3,"name":"LIPOLIT FORTE N60 maisto papildas svorio kontrolei"}]},{"@type":"WebSite","@id":"https:\/\/fitnsweet.eu\/#website","url":"https:\/\/fitnsweet.eu\/","name":"Fitnsweet.eu","description":"Hello. Sweet. Useful.","potentialAction":[{"@type":"SearchAction","target":{"@type":"EntryPoint","urlTemplate":"https:\/\/fitnsweet.eu\/?s={search_term_string}"},"query-input":{"@type":"PropertyValueSpecification","valueRequired":true,"valueName":"search_term_string"}}],"inLanguage":"en-US"}]}},"_links":{"self":[{"href":"https:\/\/fitnsweet.eu\/en\/wp-json\/wp\/v2\/product\/55167","targetHints":{"allow":["GET"]}}],"collection":[{"href":"https:\/\/fitnsweet.eu\/en\/wp-json\/wp\/v2\/product"}],"about":[{"href":"https:\/\/fitnsweet.eu\/en\/wp-json\/wp\/v2\/types\/product"}],"replies":[{"embeddable":true,"href":"https:\/\/fitnsweet.eu\/en\/wp-json\/wp\/v2\/comments?post=55167"}],"version-history":[{"count":3,"href":"https:\/\/fitnsweet.eu\/en\/wp-json\/wp\/v2\/product\/55167\/revisions"}],"predecessor-version":[{"id":55231,"href":"https:\/\/fitnsweet.eu\/en\/wp-json\/wp\/v2\/product\/55167\/revisions\/55231"}],"wp:featuredmedia":[{"embeddable":true,"href":"https:\/\/fitnsweet.eu\/en\/wp-json\/wp\/v2\/media\/55178"}],"wp:attachment":[{"href":"https:\/\/fitnsweet.eu\/en\/wp-json\/wp\/v2\/media?parent=55167"}],"wp:term":[{"taxonomy":"product_brand","embeddable":true,"href":"https:\/\/fitnsweet.eu\/en\/wp-json\/wp\/v2\/product_brand?post=55167"},{"taxonomy":"product_cat","embeddable":true,"href":"https:\/\/fitnsweet.eu\/en\/wp-json\/wp\/v2\/product_cat?post=55167"},{"taxonomy":"product_tag","embeddable":true,"href":"https:\/\/fitnsweet.eu\/en\/wp-json\/wp\/v2\/product_tag?post=55167"}],"curies":[{"name":"wp","href":"https:\/\/api.w.org\/{rel}","templated":true}]}}