{"id":55169,"date":"2025-05-21T12:59:36","date_gmt":"2025-05-21T09:59:36","guid":{"rendered":"https:\/\/fitnsweet.eu\/?post_type=product&#038;p=55169"},"modified":"2025-07-21T09:37:20","modified_gmt":"2025-07-21T06:37:20","slug":"regenelactis-n20-gerosios-bakterijos-5-mlrd-ir-skaidulos","status":"publish","type":"product","link":"https:\/\/fitnsweet.eu\/en\/product-2\/regenelactis-n20-gerosios-bakterijos-5-mlrd-ir-skaidulos\/","title":{"rendered":"REGENELACTIS\u00ae N20 gerosios bakterijos 5 mlrd. ir skaidulos"},"content":{"rendered":"<div><img decoding=\"async\" src=\"https:\/\/cdn.shopify.com\/s\/files\/1\/0651\/6654\/1037\/files\/Regenelactis_sudetis.png?v=1716288497\" alt=\"\" \/><\/div>\n<p>&nbsp;<\/p>\n<p>&nbsp;<\/p>\n<p><span style=\"color: #000000;\"><strong>Sudedamosios dalys:<\/strong>\u00a0fruktooligosacharidai (cikorijos \u0161akn\u0173 inulinas), gyvybingosios bakterijos: Lactococcus lactis R1058, Lactobacillus casei R0215, Lactobacillus helveticus R0052, Bifidobacterium bifidum R0071, u\u017epildas maltodekstrinas.<\/span><\/p>\n<p><span style=\"color: #000000;\">Gali b\u016bti\u00a0<em><strong>soy<\/strong>\u00a0<\/em>ir pieno p\u0117dsak\u0173 i\u0161 auginimo terp\u0117s.<\/span><\/p>\n<p><span style=\"color: #000000;\"><strong>Vartojimas.<\/strong>\u00a0Gerti po 1 paket\u0117l\u012f per dien\u0105. Paket\u0117lio turin\u012f suberkite \u012f nedidel\u012f kiek\u012f kambario temperat\u016bros vandens ir palaukite 20-30 sek., kol i\u0161brinks sud\u0117tyje esan\u010dios skaidulos. Tuomet i\u0161mai\u0161ykite pakuot\u0117je esan\u010diu \u0161auk\u0161teliu ir i\u0161gerkite. Miltelius taip pat galima mai\u0161yti su kambario temperat\u016bros g\u0117rimais ar maistu (jogurtu, kefyru, tyrele). Tinka vartoti n\u0117\u0161tumo ir laktacijos laikotarpiu.<\/span><\/p>\n<p><span style=\"color: #000000;\">Svarbu \u012fvairi ir subalansuota mityba bei sveikas gyvenimo b\u016bdas.<\/span><br \/>\n<span style=\"color: #000000;\">Nevir\u0161yti nustatytos rekomenduojamos doz\u0117s.<\/span><br \/>\n<span style=\"color: #000000;\">Maisto papildas neturi b\u016bti vartojamas kaip maisto pakaitalas.<\/span><\/p>\n<p><span style=\"color: #000000;\">Laikyti kambario temperat\u016broje, vaikams nepasiekiamoje vietoje.<\/span><\/p>\n<p><span style=\"color: #000000;\"><strong>Manufacturer:<\/strong>\u00a0INTERSA LABS SL., Ispanija.<\/span><\/p>","protected":false},"excerpt":{"rendered":"<p style=\"text-align: center;\"><span style=\"color: #000000;\"><strong>NAUJIENA GAMINI\u0172 ASORTIMENTE J\u016aS\u0172 \u017dARNYNO SVEIKATAI BEI IMUNITETUI!<br \/>\n<\/strong><\/span><\/p>\n<p dir=\"ltr\" style=\"text-align: center;\"><span style=\"color: #000000;\">REGENELACTIS\u00ae N20 \u2013 tavo \u017earnyno ir imuniteto palaikymui<\/span><\/p>\n<p dir=\"ltr\" style=\"text-align: center;\"><span style=\"color: #000000;\">Jauskis lengviau i\u0161 vidaus.<\/span><\/p>\n<p dir=\"ltr\" style=\"text-align: center;\"><span style=\"color: #000000;\">\u0160ios ma\u017eos, bet labai veiklios pakuot\u0117s sud\u0117tyje \u2013 net 5 milijardai gyv\u0173 ger\u0173j\u0173 bakterij\u0173 ir nat\u016bralios skaidulos, kurios padeda palaikyti \u017earnyno mikrofloros pusiausvyr\u0105 bei stipresn\u012f imunitet\u0105.<\/span><\/p>\n<p dir=\"ltr\" style=\"text-align: center;\"><span style=\"color: #000000;\">Keturios atid\u017eiai atrinktos lacto ir bifido bakterij\u0173 paderm\u0117s veikia kartu su cikorij\u0173 \u0161akn\u0173 fruktooligosacharidais (skaidulomis), kad:<\/span><\/p>\n<p dir=\"ltr\" style=\"text-align: center;\"><span style=\"color: #000000;\">\u00a0J\u016bs\u0173 \u017earnynas dirbt\u0173 skland\u017eiau,<\/span><\/p>\n<p dir=\"ltr\" style=\"text-align: center;\"><span style=\"color: #000000;\">\u00a0organizmas geriau pasisavint\u0173 maistines med\u017eiagas,<\/span><\/p>\n<p dir=\"ltr\" style=\"text-align: center;\"><span style=\"color: #000000;\">\u00a0imunitetas tur\u0117t\u0173 tvirt\u0105 pagrind\u0105 kasdienai.<\/span><\/p>\n<p dir=\"ltr\" style=\"text-align: center;\"><span style=\"color: #000000;\">J\u016bs\u0173 rytinis ritualas geresnei savijautai \u2013 su malonumu, be sunkumo. Tik gera prad\u017eia i\u0161 vidaus.<\/span><\/p>\n<h6 style=\"text-align: center;\"><span style=\"color: #000000;\">\u00a0<\/span><\/h6>\n<p style=\"text-align: center;\"><span style=\"color: #000000;\">20 paku\u010di\u0173 po 2 g<\/span><br \/>\n<span style=\"color: #000000;\"><strong>Vienos d\u0117\u017eut\u0117s u\u017etenka 20 kart\u0173!<\/strong><\/span><\/p>","protected":false},"featured_media":55176,"comment_status":"open","ping_status":"closed","template":"","meta":{"site-sidebar-layout":"default","site-content-layout":"","ast-site-content-layout":"default","site-content-style":"default","site-sidebar-style":"default","ast-global-header-display":"","ast-banner-title-visibility":"","ast-main-header-display":"","ast-hfb-above-header-display":"","ast-hfb-below-header-display":"","ast-hfb-mobile-header-display":"","site-post-title":"","ast-breadcrumbs-content":"","ast-featured-img":"","footer-sml-layout":"","ast-disable-related-posts":"","theme-transparent-header-meta":"default","adv-header-id-meta":"","stick-header-meta":"","header-above-stick-meta":"","header-main-stick-meta":"","header-below-stick-meta":"","astra-migrate-meta-layouts":"set","ast-page-background-enabled":"default","ast-page-background-meta":{"desktop":{"background-color":"var(--ast-global-color-4)","background-image":"","background-repeat":"repeat","background-position":"center center","background-size":"auto","background-attachment":"scroll","background-type":"","background-media":"","overlay-type":"","overlay-color":"","overlay-opacity":"","overlay-gradient":""},"tablet":{"background-color":"","background-image":"","background-repeat":"repeat","background-position":"center center","background-size":"auto","background-attachment":"scroll","background-type":"","background-media":"","overlay-type":"","overlay-color":"","overlay-opacity":"","overlay-gradient":""},"mobile":{"background-color":"","background-image":"","background-repeat":"repeat","background-position":"center center","background-size":"auto","background-attachment":"scroll","background-type":"","background-media":"","overlay-type":"","overlay-color":"","overlay-opacity":"","overlay-gradient":""}},"ast-content-background-meta":{"desktop":{"background-color":"var(--ast-global-color-5)","background-image":"","background-repeat":"repeat","background-position":"center center","background-size":"auto","background-attachment":"scroll","background-type":"","background-media":"","overlay-type":"","overlay-color":"","overlay-opacity":"","overlay-gradient":""},"tablet":{"background-color":"var(--ast-global-color-5)","background-image":"","background-repeat":"repeat","background-position":"center center","background-size":"auto","background-attachment":"scroll","background-type":"","background-media":"","overlay-type":"","overlay-color":"","overlay-opacity":"","overlay-gradient":""},"mobile":{"background-color":"var(--ast-global-color-5)","background-image":"","background-repeat":"repeat","background-position":"center center","background-size":"auto","background-attachment":"scroll","background-type":"","background-media":"","overlay-type":"","overlay-color":"","overlay-opacity":"","overlay-gradient":""}}},"product_brand":[],"product_cat":[406,387,383,384,368],"product_tag":[],"class_list":{"0":"post-55169","1":"product","2":"type-product","3":"status-publish","4":"has-post-thumbnail","6":"product_cat-imunitetui","7":"product_cat-visi-produktai","8":"product_cat-vitaminai","9":"product_cat-vitaminai-ir-mineralai","10":"product_cat-naujienos-2","11":"desktop-align-left","12":"tablet-align-left","13":"mobile-align-left","15":"first","16":"instock","17":"featured","18":"taxable","19":"shipping-taxable","20":"purchasable","21":"product-type-simple"},"yoast_head":"<!-- This site is optimized with the Yoast SEO plugin v26.9 - https:\/\/yoast.com\/product\/yoast-seo-wordpress\/ -->\n<title>REGENELACTIS\u00ae N20 gerosios bakterijos 5 mlrd. ir skaidulos - Fitnsweet.eu<\/title>\n<meta name=\"robots\" content=\"index, follow, max-snippet:-1, max-image-preview:large, max-video-preview:-1\" \/>\n<link rel=\"canonical\" href=\"https:\/\/fitnsweet.eu\/en\/product-2\/regenelactis-n20-gerosios-bakterijos-5-mlrd-ir-skaidulos\/\" \/>\n<meta property=\"og:locale\" content=\"en_US\" \/>\n<meta property=\"og:type\" content=\"article\" \/>\n<meta property=\"og:title\" content=\"REGENELACTIS\u00ae N20 gerosios bakterijos 5 mlrd. ir skaidulos - Fitnsweet.eu\" \/>\n<meta property=\"og:description\" content=\"NAUJIENA GAMINI\u0172 ASORTIMENTE J\u016aS\u0172 \u017dARNYNO SVEIKATAI BEI IMUNITETUI!  REGENELACTIS\u00ae N20 \u2013 tavo \u017earnyno ir imuniteto palaikymui Jauskis lengviau i\u0161 vidaus. \u0160ios ma\u017eos, bet labai veiklios pakuot\u0117s sud\u0117tyje \u2013 net 5 milijardai gyv\u0173 ger\u0173j\u0173 bakterij\u0173 ir nat\u016bralios skaidulos, kurios padeda palaikyti \u017earnyno mikrofloros pusiausvyr\u0105 bei stipresn\u012f imunitet\u0105. Keturios atid\u017eiai atrinktos lacto ir bifido bakterij\u0173 paderm\u0117s veikia kartu su cikorij\u0173 \u0161akn\u0173 fruktooligosacharidais (skaidulomis), kad: \u00a0J\u016bs\u0173 \u017earnynas dirbt\u0173 skland\u017eiau, \u00a0organizmas geriau pasisavint\u0173 maistines med\u017eiagas, \u00a0imunitetas tur\u0117t\u0173 tvirt\u0105 pagrind\u0105 kasdienai. J\u016bs\u0173 rytinis ritualas geresnei savijautai \u2013 su malonumu, be sunkumo. Tik gera prad\u017eia i\u0161 vidaus.  \u00a0 20 paku\u010di\u0173 po 2 g Vienos d\u0117\u017eut\u0117s u\u017etenka 20 kart\u0173!\" \/>\n<meta property=\"og:url\" content=\"https:\/\/fitnsweet.eu\/en\/product-2\/regenelactis-n20-gerosios-bakterijos-5-mlrd-ir-skaidulos\/\" \/>\n<meta property=\"og:site_name\" content=\"Fitnsweet.eu\" \/>\n<meta property=\"article:modified_time\" content=\"2025-07-21T06:37:20+00:00\" \/>\n<meta property=\"og:image\" content=\"https:\/\/fitnsweet.eu\/wp-content\/uploads\/2025\/05\/Regenalactis.png\" \/>\n\t<meta property=\"og:image:width\" content=\"1414\" \/>\n\t<meta property=\"og:image:height\" content=\"2000\" \/>\n\t<meta property=\"og:image:type\" content=\"image\/png\" \/>\n<meta name=\"twitter:card\" content=\"summary_large_image\" \/>\n<meta name=\"twitter:label1\" content=\"Est. reading time\" \/>\n\t<meta name=\"twitter:data1\" content=\"1 minute\" \/>\n<script type=\"application\/ld+json\" class=\"yoast-schema-graph\">{\"@context\":\"https:\/\/schema.org\",\"@graph\":[{\"@type\":\"WebPage\",\"@id\":\"https:\/\/fitnsweet.eu\/produktas\/regenelactis-n20-gerosios-bakterijos-5-mlrd-ir-skaidulos\/\",\"url\":\"https:\/\/fitnsweet.eu\/produktas\/regenelactis-n20-gerosios-bakterijos-5-mlrd-ir-skaidulos\/\",\"name\":\"REGENELACTIS\u00ae N20 gerosios bakterijos 5 mlrd. ir skaidulos - Fitnsweet.eu\",\"isPartOf\":{\"@id\":\"https:\/\/fitnsweet.eu\/#website\"},\"primaryImageOfPage\":{\"@id\":\"https:\/\/fitnsweet.eu\/produktas\/regenelactis-n20-gerosios-bakterijos-5-mlrd-ir-skaidulos\/#primaryimage\"},\"image\":{\"@id\":\"https:\/\/fitnsweet.eu\/produktas\/regenelactis-n20-gerosios-bakterijos-5-mlrd-ir-skaidulos\/#primaryimage\"},\"thumbnailUrl\":\"https:\/\/fitnsweet.eu\/wp-content\/uploads\/2025\/05\/Regenalactis.png\",\"datePublished\":\"2025-05-21T09:59:36+00:00\",\"dateModified\":\"2025-07-21T06:37:20+00:00\",\"breadcrumb\":{\"@id\":\"https:\/\/fitnsweet.eu\/produktas\/regenelactis-n20-gerosios-bakterijos-5-mlrd-ir-skaidulos\/#breadcrumb\"},\"inLanguage\":\"en-US\",\"potentialAction\":[{\"@type\":\"ReadAction\",\"target\":[\"https:\/\/fitnsweet.eu\/produktas\/regenelactis-n20-gerosios-bakterijos-5-mlrd-ir-skaidulos\/\"]}]},{\"@type\":\"ImageObject\",\"inLanguage\":\"en-US\",\"@id\":\"https:\/\/fitnsweet.eu\/produktas\/regenelactis-n20-gerosios-bakterijos-5-mlrd-ir-skaidulos\/#primaryimage\",\"url\":\"https:\/\/fitnsweet.eu\/wp-content\/uploads\/2025\/05\/Regenalactis.png\",\"contentUrl\":\"https:\/\/fitnsweet.eu\/wp-content\/uploads\/2025\/05\/Regenalactis.png\",\"width\":1414,\"height\":2000},{\"@type\":\"BreadcrumbList\",\"@id\":\"https:\/\/fitnsweet.eu\/produktas\/regenelactis-n20-gerosios-bakterijos-5-mlrd-ir-skaidulos\/#breadcrumb\",\"itemListElement\":[{\"@type\":\"ListItem\",\"position\":1,\"name\":\"Home\",\"item\":\"https:\/\/fitnsweet.eu\/\"},{\"@type\":\"ListItem\",\"position\":2,\"name\":\"Produktai\",\"item\":\"https:\/\/fitnsweet.eu\/parduotuve\/\"},{\"@type\":\"ListItem\",\"position\":3,\"name\":\"REGENELACTIS\u00ae N20 gerosios bakterijos 5 mlrd. ir skaidulos\"}]},{\"@type\":\"WebSite\",\"@id\":\"https:\/\/fitnsweet.eu\/#website\",\"url\":\"https:\/\/fitnsweet.eu\/\",\"name\":\"Fitnsweet.eu\",\"description\":\"Sveika. Saldu. Naudinga.\",\"potentialAction\":[{\"@type\":\"SearchAction\",\"target\":{\"@type\":\"EntryPoint\",\"urlTemplate\":\"https:\/\/fitnsweet.eu\/?s={search_term_string}\"},\"query-input\":{\"@type\":\"PropertyValueSpecification\",\"valueRequired\":true,\"valueName\":\"search_term_string\"}}],\"inLanguage\":\"en-US\"}]}<\/script>\n<!-- \/ Yoast SEO plugin. -->","yoast_head_json":{"title":"REGENELACTIS\u00ae N20 gerosios bakterijos 5 mlrd. ir skaidulos - Fitnsweet.eu","robots":{"index":"index","follow":"follow","max-snippet":"max-snippet:-1","max-image-preview":"max-image-preview:large","max-video-preview":"max-video-preview:-1"},"canonical":"https:\/\/fitnsweet.eu\/en\/product-2\/regenelactis-n20-gerosios-bakterijos-5-mlrd-ir-skaidulos\/","og_locale":"en_US","og_type":"article","og_title":"REGENELACTIS\u00ae N20 gerosios bakterijos 5 mlrd. ir skaidulos - Fitnsweet.eu","og_description":"NAUJIENA GAMINI\u0172 ASORTIMENTE J\u016aS\u0172 \u017dARNYNO SVEIKATAI BEI IMUNITETUI!  REGENELACTIS\u00ae N20 \u2013 tavo \u017earnyno ir imuniteto palaikymui Jauskis lengviau i\u0161 vidaus. \u0160ios ma\u017eos, bet labai veiklios pakuot\u0117s sud\u0117tyje \u2013 net 5 milijardai gyv\u0173 ger\u0173j\u0173 bakterij\u0173 ir nat\u016bralios skaidulos, kurios padeda palaikyti \u017earnyno mikrofloros pusiausvyr\u0105 bei stipresn\u012f imunitet\u0105. Keturios atid\u017eiai atrinktos lacto ir bifido bakterij\u0173 paderm\u0117s veikia kartu su cikorij\u0173 \u0161akn\u0173 fruktooligosacharidais (skaidulomis), kad: \u00a0J\u016bs\u0173 \u017earnynas dirbt\u0173 skland\u017eiau, \u00a0organizmas geriau pasisavint\u0173 maistines med\u017eiagas, \u00a0imunitetas tur\u0117t\u0173 tvirt\u0105 pagrind\u0105 kasdienai. J\u016bs\u0173 rytinis ritualas geresnei savijautai \u2013 su malonumu, be sunkumo. Tik gera prad\u017eia i\u0161 vidaus.  \u00a0 20 paku\u010di\u0173 po 2 g Vienos d\u0117\u017eut\u0117s u\u017etenka 20 kart\u0173!","og_url":"https:\/\/fitnsweet.eu\/en\/product-2\/regenelactis-n20-gerosios-bakterijos-5-mlrd-ir-skaidulos\/","og_site_name":"Fitnsweet.eu","article_modified_time":"2025-07-21T06:37:20+00:00","og_image":[{"width":1414,"height":2000,"url":"https:\/\/fitnsweet.eu\/wp-content\/uploads\/2025\/05\/Regenalactis.png","type":"image\/png"}],"twitter_card":"summary_large_image","twitter_misc":{"Est. reading time":"1 minute"},"schema":{"@context":"https:\/\/schema.org","@graph":[{"@type":"WebPage","@id":"https:\/\/fitnsweet.eu\/produktas\/regenelactis-n20-gerosios-bakterijos-5-mlrd-ir-skaidulos\/","url":"https:\/\/fitnsweet.eu\/produktas\/regenelactis-n20-gerosios-bakterijos-5-mlrd-ir-skaidulos\/","name":"REGENELACTIS\u00ae N20 gerosios bakterijos 5 mlrd. ir skaidulos - Fitnsweet.eu","isPartOf":{"@id":"https:\/\/fitnsweet.eu\/#website"},"primaryImageOfPage":{"@id":"https:\/\/fitnsweet.eu\/produktas\/regenelactis-n20-gerosios-bakterijos-5-mlrd-ir-skaidulos\/#primaryimage"},"image":{"@id":"https:\/\/fitnsweet.eu\/produktas\/regenelactis-n20-gerosios-bakterijos-5-mlrd-ir-skaidulos\/#primaryimage"},"thumbnailUrl":"https:\/\/fitnsweet.eu\/wp-content\/uploads\/2025\/05\/Regenalactis.png","datePublished":"2025-05-21T09:59:36+00:00","dateModified":"2025-07-21T06:37:20+00:00","breadcrumb":{"@id":"https:\/\/fitnsweet.eu\/produktas\/regenelactis-n20-gerosios-bakterijos-5-mlrd-ir-skaidulos\/#breadcrumb"},"inLanguage":"en-US","potentialAction":[{"@type":"ReadAction","target":["https:\/\/fitnsweet.eu\/produktas\/regenelactis-n20-gerosios-bakterijos-5-mlrd-ir-skaidulos\/"]}]},{"@type":"ImageObject","inLanguage":"en-US","@id":"https:\/\/fitnsweet.eu\/produktas\/regenelactis-n20-gerosios-bakterijos-5-mlrd-ir-skaidulos\/#primaryimage","url":"https:\/\/fitnsweet.eu\/wp-content\/uploads\/2025\/05\/Regenalactis.png","contentUrl":"https:\/\/fitnsweet.eu\/wp-content\/uploads\/2025\/05\/Regenalactis.png","width":1414,"height":2000},{"@type":"BreadcrumbList","@id":"https:\/\/fitnsweet.eu\/produktas\/regenelactis-n20-gerosios-bakterijos-5-mlrd-ir-skaidulos\/#breadcrumb","itemListElement":[{"@type":"ListItem","position":1,"name":"Home","item":"https:\/\/fitnsweet.eu\/"},{"@type":"ListItem","position":2,"name":"Produktai","item":"https:\/\/fitnsweet.eu\/parduotuve\/"},{"@type":"ListItem","position":3,"name":"REGENELACTIS\u00ae N20 gerosios bakterijos 5 mlrd. ir skaidulos"}]},{"@type":"WebSite","@id":"https:\/\/fitnsweet.eu\/#website","url":"https:\/\/fitnsweet.eu\/","name":"Fitnsweet.eu","description":"Hello. Sweet. Useful.","potentialAction":[{"@type":"SearchAction","target":{"@type":"EntryPoint","urlTemplate":"https:\/\/fitnsweet.eu\/?s={search_term_string}"},"query-input":{"@type":"PropertyValueSpecification","valueRequired":true,"valueName":"search_term_string"}}],"inLanguage":"en-US"}]}},"_links":{"self":[{"href":"https:\/\/fitnsweet.eu\/en\/wp-json\/wp\/v2\/product\/55169","targetHints":{"allow":["GET"]}}],"collection":[{"href":"https:\/\/fitnsweet.eu\/en\/wp-json\/wp\/v2\/product"}],"about":[{"href":"https:\/\/fitnsweet.eu\/en\/wp-json\/wp\/v2\/types\/product"}],"replies":[{"embeddable":true,"href":"https:\/\/fitnsweet.eu\/en\/wp-json\/wp\/v2\/comments?post=55169"}],"version-history":[{"count":3,"href":"https:\/\/fitnsweet.eu\/en\/wp-json\/wp\/v2\/product\/55169\/revisions"}],"predecessor-version":[{"id":55232,"href":"https:\/\/fitnsweet.eu\/en\/wp-json\/wp\/v2\/product\/55169\/revisions\/55232"}],"wp:featuredmedia":[{"embeddable":true,"href":"https:\/\/fitnsweet.eu\/en\/wp-json\/wp\/v2\/media\/55176"}],"wp:attachment":[{"href":"https:\/\/fitnsweet.eu\/en\/wp-json\/wp\/v2\/media?parent=55169"}],"wp:term":[{"taxonomy":"product_brand","embeddable":true,"href":"https:\/\/fitnsweet.eu\/en\/wp-json\/wp\/v2\/product_brand?post=55169"},{"taxonomy":"product_cat","embeddable":true,"href":"https:\/\/fitnsweet.eu\/en\/wp-json\/wp\/v2\/product_cat?post=55169"},{"taxonomy":"product_tag","embeddable":true,"href":"https:\/\/fitnsweet.eu\/en\/wp-json\/wp\/v2\/product_tag?post=55169"}],"curies":[{"name":"wp","href":"https:\/\/api.w.org\/{rel}","templated":true}]}}