{"id":55600,"date":"2025-06-19T18:51:02","date_gmt":"2025-06-19T15:51:02","guid":{"rendered":"https:\/\/fitnsweet.eu\/?post_type=product&#038;p=55600"},"modified":"2025-10-10T12:28:06","modified_gmt":"2025-10-10T09:28:06","slug":"rinkinys-rupinuosi-zarnyno-sveikata","status":"publish","type":"product","link":"https:\/\/fitnsweet.eu\/en\/product-2\/rinkinys-rupinuosi-zarnyno-sveikata\/","title":{"rendered":"Rinkinys &#8222;R\u016bpinuosi \u017earnyno sveikata&#8221;"},"content":{"rendered":"<h6><span style=\"color: #000000;\"><strong>&#8222;K\u016bno revoliucija&#8221;<\/p>\n<p><\/strong><\/span><\/h6>\n<div>\n<div class=\"summary__title\">\n<h6 class=\"h4 accordion__title inline-richtext\"><span style=\"color: #000000;\">Usage:<\/span><\/h6>\n<\/div>\n<\/div>\n<div id=\"ProductAccordion-collapsible_tab_WBFeP9-template--19444168786160__main\" class=\"accordion__content rte\">\n<p><span style=\"color: #000000;\">3.5g (1\/2 matavimo \u0161auk\u0161telio) u\u017epilkite 200 ml vandens (\u0161alto arba \u0161ilto), gerai i\u0161mai\u0161ykite. I\u0161gerkite i\u0161 karto, kol sudedamosios dalys nenus\u0117do. Rekomenduojama dienos norma iki 7g. Rekomenduojama iki 2 kart\u0173 per dien\u0105, 10-30 minu\u010di\u0173 prie\u0161 valg\u012f. Skaidul\u0173 kiek\u012f rekomenduojama vartoti atsi\u017evelgiant \u012f individualius poreikius ir organizmo reakcij\u0105. Svarbu \u012fvairi ir subalansuota mityba ir sveikas gyvenimo b\u016bdas. Nevartoti esant rijimo sutrikimams. Nevartoti asmenims, jautriems produkto sudedamosioms dalims. Nevir\u0161yti nustatyto rekomenduojamo kiekio.<\/span><\/p>\n<p><span style=\"color: #000000;\">Laikyti sausoje, v\u0117sioje, tamsioje, vaikams nepasiekiamoje vietoje. Rekomenduojama suvartoti per 3 m\u0117nesius.<\/span><\/p>\n<div>\n<div class=\"summary__title\">\n<h6 class=\"h4 accordion__title inline-richtext\"><span style=\"color: #000000;\">Sudedamosios dalys:<\/span><\/h6>\n<\/div>\n<\/div>\n<div id=\"ProductAccordion-collapsible_tab_CWAEz8-template--19444168786160__main\" class=\"accordion__content rte\">\n<p><span style=\"color: #000000;\">Pla\u010di\u0173j\u0173 akacij\u0173 (Acacia Seyal) sak\u0173 milteliai Fibregum BTM, balk\u0161v\u0173j\u0173 gyslo\u010di\u0173 (Plantago ovata) s\u0117kl\u0173 luobel\u0117s, smulkinti obuoli\u0173 (Malus domestica) vaisiai, smulkinti s\u0117jam\u0173j\u0173 lin\u0173 (Linum usitatissimum) s\u0117menys, kukur\u016bz\u0173 (Zeamays) gr\u016bd\u0173 milteliai Promitor\u00ae, fermentuotas 36 vaisi\u0173 ir dar\u017eovi\u0173 Fibriotics\u00ae (obuoliai, morkos, \u0161ilkmed\u017eio uogos, ananasai, ridik\u0117liai, citrinos, apelsinai, burok\u0117liai, slyvos, d\u017eiovintos slyvos, pasiflorai, arb\u016bzai, er\u0161k\u0117\u010diai, acerolos<\/span><br \/>\n<span style=\"color: #000000;\">(kra\u0161tuotosios malpigijos), smidrai, bananai, m\u0117lyn\u0117s, juodieji serbentai, brokoliai, vy\u0161nios, aronijos, spanguol\u0117s, agrastai, vynuog\u0117s, greipfrutai, gudobel\u0117s, datul\u0117s, li\u010diai, melionai, papajos, persikai, kriau\u0161\u0117s, granatai, aviet\u0117s, bra\u0161k\u0117s, pomidorai) mi\u0161inys su postbiotikais (sviesto r\u016bg\u0161tis, acto r\u016bg\u0161tis, polifenoliai, min. 500 millijonai KSV**\/g paraprobiotik\u0173), pla\u010di\u0173j\u0173 akacij\u0173 sak\u0173 ir fruktoolisacharid\u0173 milteliai FloraciaTM, paprast\u0173j\u0173 tr\u016bka\u017eoli\u0173 (Cichorium intybus) \u0161aknys, tikr\u0173j\u0173 margaini\u0173 (Silybum marianum) s\u0117klos, inulinas, gyvosios bakterijos: Bifidobacterium longum, Bifidobacterium infantis, Bifidobacterium adolescentis, Bifidobacterium breve, Lactobacillus plantarum, sporin\u0117s gerosios bakterijos Bacillus coagulans (Lactospore\u00ae).<\/span><\/p>\n<p><span style=\"color: #000000;\"><strong>Grynasis kiekis: 250 g. Pagaminta Europoje.<\/strong><\/span><\/p>\n<p>&nbsp;<\/p>\n<div>\n<div class=\"summary__title\">\n<h6 class=\"h4 accordion__title inline-richtext\"><span style=\"color: #000000;\">Paruo\u0161imas:<\/span><\/h6>\n<\/div>\n<\/div>\n<div id=\"ProductAccordion-collapsible_tab_ydkKah-template--19444168786160__main\" class=\"accordion__content rte\">\n<p><span style=\"color: #000000;\"><strong>1. \u012ed\u0117kite mi\u0161inio \u2013\u00a0<\/strong>3.5 g (1\/2 matavimo \u0161auk\u0161telio).<\/span><\/p>\n<p><span style=\"color: #000000;\"><strong>2. U\u017epilkite ir i\u0161mai\u0161yktie \u2013\u00a0<\/strong>u\u017epilkite 200 ml vandens (\u0161alto arba \u0161ilto) arba m\u0117gstam\u0173 sul\u010di\u0173, gerai i\u0161mai\u0161ykite.<\/span><\/p>\n<p><span style=\"color: #000000;\"><strong>3. Megaukit\u0117s \u017earnyno poky\u010diais \u2013<\/strong>\u00a0i\u0161gerkite i\u0161 karto, kol skaidulos nenus\u0117do and stiklin\u0117s dugno.<\/span><\/p>\n<p><span style=\"color: #000000;\">Pa\u017eangus ir inovatyvus produktas, kuris apjungia\u00a0<strong>prebiotikus, probiotikus ir postbiotikus<\/strong>, suteikiant papildom\u0105 naud\u0105, kurios \u012fprastose skaidulose n\u0117ra. \u0160i unikali formul\u0117 ne tik\u00a0<strong>gerina vir\u0161kinim\u0105<\/strong>, bet ir\u00a0<strong>palaiko \u017earnyno mikrofloros balans\u0105<\/strong>,\u00a0<strong>stiprina imunitet\u0105<\/strong>,\u00a0<strong>padeda reguliuoti cukraus kiek\u012f kraujyje<\/strong>\u00a0and\u00a0<strong>suteikia sotumo jausm\u0105<\/strong>, padedant palaikyti sveik\u0105 svor\u012f. D\u0117l unikalios formul\u0117s, kurioje derinami prebiotikai, probiotikai, postbiotikai ir skaidulos, \u201eK\u016bno Revoliucija\u201c ne tik gerina vir\u0161kinim\u0105, bet ir pagreitina med\u017eiag\u0173 apykait\u0105, suteikia sotumo jausm\u0105 bei padeda organizmui efektyviau nat\u016braliai deginti riebalus.<\/span><\/p>\n<p><span style=\"color: #000000;\">Sukurtas gerinti vir\u0161kinim\u0105 ir reguliuoti cukraus kiek\u012f kraujyje, padedant kontroliuoti alkio priepuolius ir potrauk\u012f saldumynams.<\/span><\/p>\n<p><span style=\"color: #000000;\">\u0160ios skaidulos padeda palaikyti s<strong>veik\u0105 \u017earnyn\u0105, ma\u017eina pilvo p\u016btim\u0105<\/strong>\u00a0<strong>ir vir\u0161kinimo sutrikimus.\u00a0<\/strong>Tai leid\u017eia jaustis\u00a0<strong>komforti\u0161kai<\/strong>\u00a0and\u00a0<strong>atsipalaidavus<\/strong>, o kasdienis gyvenimas tampa lengvesnis ir malonesnis.<\/span><\/p>\n<h6><span style=\"color: #000000;\">Prad\u0117jus vartoti \u0161ias skaidulas, jausit\u0117s\u00a0<strong>lengvesn\u0117<\/strong>,\u00a0<strong>energingesn\u0117<\/strong>\u00a0and\u00a0<strong>sotesn\u0117<\/strong>. Pager\u0117s\u00a0<strong>vir\u0161kinimas<\/strong>, suma\u017e\u0117s\u00a0<strong>pilvo p\u016btimas<\/strong>, o\u00a0<strong>kontroliuojamas cukraus kiekis kraujyje<\/strong>\u00a0pad\u0117s atsikratyti potraukio saldumynams ir alkio priepuoli\u0173. J\u016bs\u0173 savijauta taps geresn\u0117 kasdien!<\/span><\/p>\n<p><strong><span style=\"color: #000000;\">&#8222;Regenelactis&#8221; probiotikai:<\/span><\/p>\n<p><\/strong><\/h6>\n<div><img decoding=\"async\" src=\"https:\/\/cdn.shopify.com\/s\/files\/1\/0651\/6654\/1037\/files\/Regenelactis_sudetis.png?v=1716288497\" alt=\"\" \/><\/div>\n<p>&nbsp;<\/p>\n<p>&nbsp;<\/p>\n<p><span style=\"color: #000000;\"><strong>Sudedamosios dalys:<\/strong>\u00a0fruktooligosacharidai (cikorijos \u0161akn\u0173 inulinas), gyvybingosios bakterijos: Lactococcus lactis R1058, Lactobacillus casei R0215, Lactobacillus helveticus R0052, Bifidobacterium bifidum R0071, u\u017epildas maltodekstrinas.<\/span><\/p>\n<p><span style=\"color: #000000;\">Gali b\u016bti\u00a0<em><strong>soy<\/strong>\u00a0<\/em>ir pieno p\u0117dsak\u0173 i\u0161 auginimo terp\u0117s.<\/span><\/p>\n<p><span style=\"color: #000000;\"><strong>Vartojimas.<\/strong>\u00a0Gerti po 1 paket\u0117l\u012f per dien\u0105. Paket\u0117lio turin\u012f suberkite \u012f nedidel\u012f kiek\u012f kambario temperat\u016bros vandens ir palaukite 20-30 sek., kol i\u0161brinks sud\u0117tyje esan\u010dios skaidulos. Tuomet i\u0161mai\u0161ykite pakuot\u0117je esan\u010diu \u0161auk\u0161teliu ir i\u0161gerkite. Miltelius taip pat galima mai\u0161yti su kambario temperat\u016bros g\u0117rimais ar maistu (jogurtu, kefyru, tyrele). Tinka vartoti n\u0117\u0161tumo ir laktacijos laikotarpiu.<\/span><\/p>\n<p><span style=\"color: #000000;\">Svarbu \u012fvairi ir subalansuota mityba bei sveikas gyvenimo b\u016bdas.<\/span><br \/>\n<span style=\"color: #000000;\">Nevir\u0161yti nustatytos rekomenduojamos doz\u0117s.<\/span><br \/>\n<span style=\"color: #000000;\">Maisto papildas neturi b\u016bti vartojamas kaip maisto pakaitalas.<\/span><\/p>\n<p><span style=\"color: #000000;\">Laikyti kambario temperat\u016broje, vaikams nepasiekiamoje vietoje.<\/span><\/p>\n<p><span style=\"color: #000000;\"><strong>Manufacturer:<\/strong>\u00a0INTERSA LABS SL., Ispanija.<\/span><\/p>\n<h6><strong>\u00a0<\/strong><\/h6>\n<\/div>\n<\/div>\n<\/div>\n<h6><strong>\u00a0<\/strong><\/h6>","protected":false},"excerpt":{"rendered":"<h5 style=\"text-align: center;\" data-start=\"73\" data-end=\"117\"><span style=\"color: #000000;\"><strong data-start=\"80\" data-end=\"115\">R\u016aPINUOSI SAVO \u017dARNYNO SVEIKATA<\/strong><\/span><\/h5>\n<p style=\"text-align: center;\" data-start=\"118\" data-end=\"167\"><span style=\"color: #000000;\">Jauskis lengviau, stipriau ir ramiau i\u0161 vidaus.<\/span><\/p>\n<p style=\"text-align: center;\" data-start=\"169\" data-end=\"317\"><span style=\"color: #000000;\">\u0160is dviej\u0173 gamini\u0173 rinkinys sukurtas toms, kurios nori <strong data-start=\"224\" data-end=\"251\">atkurti \u017earnyno balans\u0105<\/strong>, pagerinti vir\u0161kinim\u0105 ir pasir\u016bpinti bendra savijauta nat\u016braliai:<\/span><\/p>\n<p style=\"text-align: center;\" data-start=\"319\" data-end=\"542\"><span style=\"color: #000000;\">\u00a0<strong data-start=\"322\" data-end=\"349\">REGENELACTIS Probiotikai<\/strong> \u2013 net 5 milijardai ger\u0173j\u0173 bakterij\u0173, atspari\u0173 skrand\u017eio r\u016bg\u0161tims.<\/span><br data-start=\"415\" data-end=\"418\" \/><span style=\"color: #000000;\">\u00a0 \u00a0 \u00a0<strong data-start=\"421\" data-end=\"486\">K\u016aNO REVOLIUCIJA \u2013 skaidulos su prebiotikais ir postbiotikais<\/strong> palaiko ilgesn\u012f sotum\u0105, \u017earnyno veikl\u0105 bei bendr\u0105 imunitet\u0105.<\/span><\/p>\n<p style=\"text-align: center;\" data-start=\"544\" data-end=\"710\"><span style=\"color: #000000;\">\u00a0 \u00a0Tobulas derinys vir\u0161kinimo disbalansui ma\u017einti, pilvo p\u016btimui valdyti ar po net antibiotik\u0173 kurso.<\/span><br data-start=\"638\" data-end=\"641\" \/><span style=\"color: #000000;\"> Tavo kasdienis ritualas \u0161varesniam, ramesniam ir lengvesniam \u017earnynui ir k\u016bnui.\u00a0<\/span><\/p>","protected":false},"featured_media":55601,"comment_status":"open","ping_status":"closed","template":"","meta":{"site-sidebar-layout":"default","site-content-layout":"","ast-site-content-layout":"default","site-content-style":"default","site-sidebar-style":"default","ast-global-header-display":"","ast-banner-title-visibility":"","ast-main-header-display":"","ast-hfb-above-header-display":"","ast-hfb-below-header-display":"","ast-hfb-mobile-header-display":"","site-post-title":"","ast-breadcrumbs-content":"","ast-featured-img":"","footer-sml-layout":"","ast-disable-related-posts":"","theme-transparent-header-meta":"default","adv-header-id-meta":"","stick-header-meta":"","header-above-stick-meta":"","header-main-stick-meta":"","header-below-stick-meta":"","astra-migrate-meta-layouts":"set","ast-page-background-enabled":"default","ast-page-background-meta":{"desktop":{"background-color":"var(--ast-global-color-4)","background-image":"","background-repeat":"repeat","background-position":"center center","background-size":"auto","background-attachment":"scroll","background-type":"","background-media":"","overlay-type":"","overlay-color":"","overlay-opacity":"","overlay-gradient":""},"tablet":{"background-color":"","background-image":"","background-repeat":"repeat","background-position":"center center","background-size":"auto","background-attachment":"scroll","background-type":"","background-media":"","overlay-type":"","overlay-color":"","overlay-opacity":"","overlay-gradient":""},"mobile":{"background-color":"","background-image":"","background-repeat":"repeat","background-position":"center center","background-size":"auto","background-attachment":"scroll","background-type":"","background-media":"","overlay-type":"","overlay-color":"","overlay-opacity":"","overlay-gradient":""}},"ast-content-background-meta":{"desktop":{"background-color":"var(--ast-global-color-5)","background-image":"","background-repeat":"repeat","background-position":"center center","background-size":"auto","background-attachment":"scroll","background-type":"","background-media":"","overlay-type":"","overlay-color":"","overlay-opacity":"","overlay-gradient":""},"tablet":{"background-color":"var(--ast-global-color-5)","background-image":"","background-repeat":"repeat","background-position":"center center","background-size":"auto","background-attachment":"scroll","background-type":"","background-media":"","overlay-type":"","overlay-color":"","overlay-opacity":"","overlay-gradient":""},"mobile":{"background-color":"var(--ast-global-color-5)","background-image":"","background-repeat":"repeat","background-position":"center center","background-size":"auto","background-attachment":"scroll","background-type":"","background-media":"","overlay-type":"","overlay-color":"","overlay-opacity":"","overlay-gradient":""}}},"product_brand":[],"product_cat":[396,387,383,384,368],"product_tag":[],"class_list":{"0":"post-55600","1":"product","2":"type-product","3":"status-publish","4":"has-post-thumbnail","6":"product_cat-lieknejimui","7":"product_cat-visi-produktai","8":"product_cat-vitaminai","9":"product_cat-vitaminai-ir-mineralai","10":"product_cat-naujienos-2","11":"desktop-align-left","12":"tablet-align-left","13":"mobile-align-left","15":"first","16":"instock","17":"taxable","18":"shipping-taxable","19":"purchasable","20":"product-type-simple"},"yoast_head":"<!-- This site is optimized with the Yoast SEO plugin v26.9 - https:\/\/yoast.com\/product\/yoast-seo-wordpress\/ -->\n<title>Rinkinys &quot;R\u016bpinuosi \u017earnyno sveikata&quot; - Fitnsweet.eu<\/title>\n<meta name=\"robots\" content=\"index, follow, max-snippet:-1, max-image-preview:large, max-video-preview:-1\" \/>\n<link rel=\"canonical\" href=\"https:\/\/fitnsweet.eu\/en\/product-2\/rinkinys-rupinuosi-zarnyno-sveikata\/\" \/>\n<meta property=\"og:locale\" content=\"en_US\" \/>\n<meta property=\"og:type\" content=\"article\" \/>\n<meta property=\"og:title\" content=\"Rinkinys &quot;R\u016bpinuosi \u017earnyno sveikata&quot; - Fitnsweet.eu\" \/>\n<meta property=\"og:description\" content=\"R\u016aPINUOSI SAVO \u017dARNYNO SVEIKATA Jauskis lengviau, stipriau ir ramiau i\u0161 vidaus. \u0160is dviej\u0173 gamini\u0173 rinkinys sukurtas toms, kurios nori atkurti \u017earnyno balans\u0105, pagerinti vir\u0161kinim\u0105 ir pasir\u016bpinti bendra savijauta nat\u016braliai: \u00a0REGENELACTIS Probiotikai \u2013 net 5 milijardai ger\u0173j\u0173 bakterij\u0173, atspari\u0173 skrand\u017eio r\u016bg\u0161tims.\u00a0 \u00a0 \u00a0K\u016aNO REVOLIUCIJA \u2013 skaidulos su prebiotikais ir postbiotikais palaiko ilgesn\u012f sotum\u0105, \u017earnyno veikl\u0105 bei bendr\u0105 imunitet\u0105. \u00a0 \u00a0Tobulas derinys vir\u0161kinimo disbalansui ma\u017einti, pilvo p\u016btimui valdyti ar po net antibiotik\u0173 kurso. Tavo kasdienis ritualas \u0161varesniam, ramesniam ir lengvesniam \u017earnynui ir k\u016bnui.\u00a0\" \/>\n<meta property=\"og:url\" content=\"https:\/\/fitnsweet.eu\/en\/product-2\/rinkinys-rupinuosi-zarnyno-sveikata\/\" \/>\n<meta property=\"og:site_name\" content=\"Fitnsweet.eu\" \/>\n<meta property=\"article:modified_time\" content=\"2025-10-10T09:28:06+00:00\" \/>\n<meta property=\"og:image\" content=\"https:\/\/fitnsweet.eu\/wp-content\/uploads\/2025\/06\/My-project-1.jpg\" \/>\n\t<meta property=\"og:image:width\" content=\"1200\" \/>\n\t<meta property=\"og:image:height\" content=\"1200\" \/>\n\t<meta property=\"og:image:type\" content=\"image\/jpeg\" \/>\n<meta name=\"twitter:card\" content=\"summary_large_image\" \/>\n<meta name=\"twitter:label1\" content=\"Est. reading time\" \/>\n\t<meta name=\"twitter:data1\" content=\"3 minutes\" \/>\n<script type=\"application\/ld+json\" class=\"yoast-schema-graph\">{\"@context\":\"https:\/\/schema.org\",\"@graph\":[{\"@type\":\"WebPage\",\"@id\":\"https:\/\/fitnsweet.eu\/produktas\/rinkinys-rupinuosi-zarnyno-sveikata\/\",\"url\":\"https:\/\/fitnsweet.eu\/produktas\/rinkinys-rupinuosi-zarnyno-sveikata\/\",\"name\":\"Rinkinys \\\"R\u016bpinuosi \u017earnyno sveikata\\\" - Fitnsweet.eu\",\"isPartOf\":{\"@id\":\"https:\/\/fitnsweet.eu\/#website\"},\"primaryImageOfPage\":{\"@id\":\"https:\/\/fitnsweet.eu\/produktas\/rinkinys-rupinuosi-zarnyno-sveikata\/#primaryimage\"},\"image\":{\"@id\":\"https:\/\/fitnsweet.eu\/produktas\/rinkinys-rupinuosi-zarnyno-sveikata\/#primaryimage\"},\"thumbnailUrl\":\"https:\/\/fitnsweet.eu\/wp-content\/uploads\/2025\/06\/My-project-1.jpg\",\"datePublished\":\"2025-06-19T15:51:02+00:00\",\"dateModified\":\"2025-10-10T09:28:06+00:00\",\"breadcrumb\":{\"@id\":\"https:\/\/fitnsweet.eu\/produktas\/rinkinys-rupinuosi-zarnyno-sveikata\/#breadcrumb\"},\"inLanguage\":\"en-US\",\"potentialAction\":[{\"@type\":\"ReadAction\",\"target\":[\"https:\/\/fitnsweet.eu\/produktas\/rinkinys-rupinuosi-zarnyno-sveikata\/\"]}]},{\"@type\":\"ImageObject\",\"inLanguage\":\"en-US\",\"@id\":\"https:\/\/fitnsweet.eu\/produktas\/rinkinys-rupinuosi-zarnyno-sveikata\/#primaryimage\",\"url\":\"https:\/\/fitnsweet.eu\/wp-content\/uploads\/2025\/06\/My-project-1.jpg\",\"contentUrl\":\"https:\/\/fitnsweet.eu\/wp-content\/uploads\/2025\/06\/My-project-1.jpg\",\"width\":1200,\"height\":1200},{\"@type\":\"BreadcrumbList\",\"@id\":\"https:\/\/fitnsweet.eu\/produktas\/rinkinys-rupinuosi-zarnyno-sveikata\/#breadcrumb\",\"itemListElement\":[{\"@type\":\"ListItem\",\"position\":1,\"name\":\"Home\",\"item\":\"https:\/\/fitnsweet.eu\/\"},{\"@type\":\"ListItem\",\"position\":2,\"name\":\"Produktai\",\"item\":\"https:\/\/fitnsweet.eu\/parduotuve\/\"},{\"@type\":\"ListItem\",\"position\":3,\"name\":\"Rinkinys &#8222;R\u016bpinuosi \u017earnyno sveikata&#8221;\"}]},{\"@type\":\"WebSite\",\"@id\":\"https:\/\/fitnsweet.eu\/#website\",\"url\":\"https:\/\/fitnsweet.eu\/\",\"name\":\"Fitnsweet.eu\",\"description\":\"Sveika. Saldu. Naudinga.\",\"potentialAction\":[{\"@type\":\"SearchAction\",\"target\":{\"@type\":\"EntryPoint\",\"urlTemplate\":\"https:\/\/fitnsweet.eu\/?s={search_term_string}\"},\"query-input\":{\"@type\":\"PropertyValueSpecification\",\"valueRequired\":true,\"valueName\":\"search_term_string\"}}],\"inLanguage\":\"en-US\"}]}<\/script>\n<!-- \/ Yoast SEO plugin. -->","yoast_head_json":{"title":"Rinkinys \"R\u016bpinuosi \u017earnyno sveikata\" - Fitnsweet.eu","robots":{"index":"index","follow":"follow","max-snippet":"max-snippet:-1","max-image-preview":"max-image-preview:large","max-video-preview":"max-video-preview:-1"},"canonical":"https:\/\/fitnsweet.eu\/en\/product-2\/rinkinys-rupinuosi-zarnyno-sveikata\/","og_locale":"en_US","og_type":"article","og_title":"Rinkinys \"R\u016bpinuosi \u017earnyno sveikata\" - Fitnsweet.eu","og_description":"R\u016aPINUOSI SAVO \u017dARNYNO SVEIKATA Jauskis lengviau, stipriau ir ramiau i\u0161 vidaus. \u0160is dviej\u0173 gamini\u0173 rinkinys sukurtas toms, kurios nori atkurti \u017earnyno balans\u0105, pagerinti vir\u0161kinim\u0105 ir pasir\u016bpinti bendra savijauta nat\u016braliai: \u00a0REGENELACTIS Probiotikai \u2013 net 5 milijardai ger\u0173j\u0173 bakterij\u0173, atspari\u0173 skrand\u017eio r\u016bg\u0161tims.\u00a0 \u00a0 \u00a0K\u016aNO REVOLIUCIJA \u2013 skaidulos su prebiotikais ir postbiotikais palaiko ilgesn\u012f sotum\u0105, \u017earnyno veikl\u0105 bei bendr\u0105 imunitet\u0105. \u00a0 \u00a0Tobulas derinys vir\u0161kinimo disbalansui ma\u017einti, pilvo p\u016btimui valdyti ar po net antibiotik\u0173 kurso. Tavo kasdienis ritualas \u0161varesniam, ramesniam ir lengvesniam \u017earnynui ir k\u016bnui.\u00a0","og_url":"https:\/\/fitnsweet.eu\/en\/product-2\/rinkinys-rupinuosi-zarnyno-sveikata\/","og_site_name":"Fitnsweet.eu","article_modified_time":"2025-10-10T09:28:06+00:00","og_image":[{"width":1200,"height":1200,"url":"https:\/\/fitnsweet.eu\/wp-content\/uploads\/2025\/06\/My-project-1.jpg","type":"image\/jpeg"}],"twitter_card":"summary_large_image","twitter_misc":{"Est. reading time":"3 minutes"},"schema":{"@context":"https:\/\/schema.org","@graph":[{"@type":"WebPage","@id":"https:\/\/fitnsweet.eu\/produktas\/rinkinys-rupinuosi-zarnyno-sveikata\/","url":"https:\/\/fitnsweet.eu\/produktas\/rinkinys-rupinuosi-zarnyno-sveikata\/","name":"Rinkinys \"R\u016bpinuosi \u017earnyno sveikata\" - Fitnsweet.eu","isPartOf":{"@id":"https:\/\/fitnsweet.eu\/#website"},"primaryImageOfPage":{"@id":"https:\/\/fitnsweet.eu\/produktas\/rinkinys-rupinuosi-zarnyno-sveikata\/#primaryimage"},"image":{"@id":"https:\/\/fitnsweet.eu\/produktas\/rinkinys-rupinuosi-zarnyno-sveikata\/#primaryimage"},"thumbnailUrl":"https:\/\/fitnsweet.eu\/wp-content\/uploads\/2025\/06\/My-project-1.jpg","datePublished":"2025-06-19T15:51:02+00:00","dateModified":"2025-10-10T09:28:06+00:00","breadcrumb":{"@id":"https:\/\/fitnsweet.eu\/produktas\/rinkinys-rupinuosi-zarnyno-sveikata\/#breadcrumb"},"inLanguage":"en-US","potentialAction":[{"@type":"ReadAction","target":["https:\/\/fitnsweet.eu\/produktas\/rinkinys-rupinuosi-zarnyno-sveikata\/"]}]},{"@type":"ImageObject","inLanguage":"en-US","@id":"https:\/\/fitnsweet.eu\/produktas\/rinkinys-rupinuosi-zarnyno-sveikata\/#primaryimage","url":"https:\/\/fitnsweet.eu\/wp-content\/uploads\/2025\/06\/My-project-1.jpg","contentUrl":"https:\/\/fitnsweet.eu\/wp-content\/uploads\/2025\/06\/My-project-1.jpg","width":1200,"height":1200},{"@type":"BreadcrumbList","@id":"https:\/\/fitnsweet.eu\/produktas\/rinkinys-rupinuosi-zarnyno-sveikata\/#breadcrumb","itemListElement":[{"@type":"ListItem","position":1,"name":"Home","item":"https:\/\/fitnsweet.eu\/"},{"@type":"ListItem","position":2,"name":"Produktai","item":"https:\/\/fitnsweet.eu\/parduotuve\/"},{"@type":"ListItem","position":3,"name":"Rinkinys &#8222;R\u016bpinuosi \u017earnyno sveikata&#8221;"}]},{"@type":"WebSite","@id":"https:\/\/fitnsweet.eu\/#website","url":"https:\/\/fitnsweet.eu\/","name":"Fitnsweet.eu","description":"Hello. Sweet. Useful.","potentialAction":[{"@type":"SearchAction","target":{"@type":"EntryPoint","urlTemplate":"https:\/\/fitnsweet.eu\/?s={search_term_string}"},"query-input":{"@type":"PropertyValueSpecification","valueRequired":true,"valueName":"search_term_string"}}],"inLanguage":"en-US"}]}},"_links":{"self":[{"href":"https:\/\/fitnsweet.eu\/en\/wp-json\/wp\/v2\/product\/55600","targetHints":{"allow":["GET"]}}],"collection":[{"href":"https:\/\/fitnsweet.eu\/en\/wp-json\/wp\/v2\/product"}],"about":[{"href":"https:\/\/fitnsweet.eu\/en\/wp-json\/wp\/v2\/types\/product"}],"replies":[{"embeddable":true,"href":"https:\/\/fitnsweet.eu\/en\/wp-json\/wp\/v2\/comments?post=55600"}],"version-history":[{"count":1,"href":"https:\/\/fitnsweet.eu\/en\/wp-json\/wp\/v2\/product\/55600\/revisions"}],"predecessor-version":[{"id":55603,"href":"https:\/\/fitnsweet.eu\/en\/wp-json\/wp\/v2\/product\/55600\/revisions\/55603"}],"wp:featuredmedia":[{"embeddable":true,"href":"https:\/\/fitnsweet.eu\/en\/wp-json\/wp\/v2\/media\/55601"}],"wp:attachment":[{"href":"https:\/\/fitnsweet.eu\/en\/wp-json\/wp\/v2\/media?parent=55600"}],"wp:term":[{"taxonomy":"product_brand","embeddable":true,"href":"https:\/\/fitnsweet.eu\/en\/wp-json\/wp\/v2\/product_brand?post=55600"},{"taxonomy":"product_cat","embeddable":true,"href":"https:\/\/fitnsweet.eu\/en\/wp-json\/wp\/v2\/product_cat?post=55600"},{"taxonomy":"product_tag","embeddable":true,"href":"https:\/\/fitnsweet.eu\/en\/wp-json\/wp\/v2\/product_tag?post=55600"}],"curies":[{"name":"wp","href":"https:\/\/api.w.org\/{rel}","templated":true}]}}