{"id":745,"date":"2017-02-13T01:52:16","date_gmt":"2017-02-12T23:52:16","guid":{"rendered":"http:\/\/fitnsweet.lt\/?post_type=product&#038;p=745"},"modified":"2026-01-25T19:00:50","modified_gmt":"2026-01-25T17:00:50","slug":"queenella-protein-cream-250g-2","status":"publish","type":"product","link":"https:\/\/fitnsweet.eu\/en\/product-2\/queenella-protein-cream-250g-2\/","title":{"rendered":"Queenella \u0161okoladinis kremas (330g)"},"content":{"rendered":"<p style=\"padding-left: 40px;\"><span style=\"color: #ff00ff;\">Composition<\/span>: <span style=\"color: #000000;\">Saldiklis: maltitolis; saul\u0117gr\u0105\u017e\u0173 aliejus, kokos\u0173 aliejus, shea aliejus, i\u0161r\u016bg\u0173 baltym\u0173 koncentratas, 13 % lazdyno rie\u0161ut\u0173, nugriebto pieno milteliai, ma\u017eai riebal\u0173 turintis kakavos milteliai, kakavos sviestas, emulsiklis: soj\u0173 lecitinas; nat\u016bralus vanil\u0117s aromatas.<\/span><\/p>\n<p><span style=\"color: #000000;\"><strong>Allergens<\/strong>: Contains dairy products, hazelnuts. May contain traces of other nuts, soy.<\/span><\/p>\n<table class=\"table--nutrition-facts\">\n<thead>\n<tr>\n<th>Energy value<\/th>\n<th>\u00a0100g<\/th>\n<\/tr>\n<\/thead>\n<tbody>\n<tr>\n<td><\/td>\n<td><span class=\"db\">2.131,08 kj\/<\/span><span class=\"db\">509,00 kcal<\/span><\/td>\n<\/tr>\n<tr>\n<td><span style=\"color: #000000;\">Fat<\/span><\/td>\n<td><span style=\"color: #000000;\">38,00 g<\/span><\/td>\n<\/tr>\n<tr class=\"sub-item\">\n<td><span style=\"color: #000000;\">\u00a0of which saturated fatty acids<\/span><\/td>\n<td><span style=\"color: #000000;\">13,00 g<\/span><\/td>\n<\/tr>\n<tr>\n<td><span style=\"color: #000000;\">Carbohydrates<\/span><\/td>\n<td><span style=\"color: #000000;\">36,00 g<\/span><\/td>\n<\/tr>\n<tr class=\"sub-item\">\n<td><span style=\"color: #000000;\">\u00a0of which sugars<\/span><\/td>\n<td><span style=\"color: #000000;\">5.40 g<\/span><\/td>\n<\/tr>\n<tr>\n<td><span style=\"color: #000000;\">Protein<\/span><\/td>\n<td><span style=\"color: #000000;\">20.00 g<\/span><\/td>\n<\/tr>\n<tr>\n<td><span style=\"color: #000000;\">Salt<\/span><\/td>\n<td><span style=\"color: #000000;\">0.19 g<\/span><\/td>\n<\/tr>\n<\/tbody>\n<\/table>\n<p>&nbsp;<\/p>\n<p><span style=\"color: #000000;\">Store in a dry, cool place away from direct sunlight. Best stored at room temperature.<\/span><\/p>\n<p><span style=\"color: #ff00ff;\">Net weight<\/span> &#8211; 330<span style=\"color: #000000;\">\u00a0g (Vidutini\u0161kai 16 porcij\u0173 po 15 g).<\/span><br \/>\n<span style=\"color: #ff00ff;\">Recommended daily rate<\/span>: <span style=\"color: #000000;\">15 g.<\/span><\/p>\n<p><span style=\"color: #ff00ff;\">Manufacturer<\/span>: <span style=\"color: #000000;\">Germany<\/span><br \/>\n<span style=\"color: #ff00ff;\">Distributor in Lithuania<\/span>: <span style=\"color: #000000;\">MB Fitnsweet LT<\/span><br \/>\n<span style=\"color: #ff00ff;\">Date of expiry:<\/span> <span style=\"color: #000000;\">indicated on the package.<\/span><\/p>","protected":false},"excerpt":{"rendered":"<p><span style=\"color: #000000;\">Queenella protein chocolate cream with fiber and no added sugars!\u00a0\u00a0<\/span><\/p>\n<p><span style=\"color: #000000;\"><span style=\"font-family: Verlag, system-ui, -apple-system, BlinkMacSystemFont, 'Segoe UI', Roboto, 'Helvetica Neue', Helvetica, Arial, sans-serif; font-size: 18px; vertical-align: inherit;\">Because\u00a0<\/span><span style=\"font-family: Verlag, system-ui, -apple-system, BlinkMacSystemFont, 'Segoe UI', Roboto, 'Helvetica Neue', Helvetica, Arial, sans-serif; font-size: 18px;\">extremely delicious<\/span><span style=\"font-family: Verlag, system-ui, -apple-system, BlinkMacSystemFont, 'Segoe UI', Roboto, 'Helvetica Neue', Helvetica, Arial, sans-serif; font-size: 18px; vertical-align: inherit;\">\u00a0and\u00a0<\/span><span style=\"font-family: Verlag, system-ui, -apple-system, BlinkMacSystemFont, 'Segoe UI', Roboto, 'Helvetica Neue', Helvetica, Arial, sans-serif; font-size: 18px;\">creamy<\/span><span style=\"font-family: Verlag, system-ui, -apple-system, BlinkMacSystemFont, 'Segoe UI', Roboto, 'Helvetica Neue', Helvetica, Arial, sans-serif; font-size: 18px; vertical-align: inherit;\"> chocolate cream is\u00a0<\/span><span style=\"font-family: Verlag, system-ui, -apple-system, BlinkMacSystemFont, 'Segoe UI', Roboto, 'Helvetica Neue', Helvetica, Arial, sans-serif; font-size: 18px;\">without palm oil and without added sugars, it will <\/span><span style=\"font-family: Verlag, system-ui, -apple-system, BlinkMacSystemFont, 'Segoe UI', Roboto, 'Helvetica Neue', Helvetica, Arial, sans-serif; font-size: 18px; vertical-align: inherit;\">not only the flavor accent is yours\u00a0<\/span>in porridge<span style=\"font-family: Verlag, system-ui, -apple-system, BlinkMacSystemFont, 'Segoe UI', Roboto, 'Helvetica Neue', Helvetica, Arial, sans-serif; font-size: 18px; vertical-align: inherit;\">\u00a0, on our protein bars <\/span>pancakes<span style=\"font-family: Verlag, system-ui, -apple-system, BlinkMacSystemFont, 'Segoe UI', Roboto, 'Helvetica Neue', Helvetica, Arial, sans-serif; font-size: 18px; vertical-align: inherit;\">\u00a0or juicy\u00a0<\/span>banana bread<span style=\"font-family: Verlag, system-ui, -apple-system, BlinkMacSystemFont, 'Segoe UI', Roboto, 'Helvetica Neue', Helvetica, Arial, sans-serif; font-size: 18px; vertical-align: inherit;\"> , bet ir suteiks net iki 20 <\/span><span style=\"font-family: Verlag, system-ui, -apple-system, BlinkMacSystemFont, 'Segoe UI', Roboto, 'Helvetica Neue', Helvetica, Arial, sans-serif; font-size: 18px;\">g of protein!<\/span><\/span><\/p>\n<p><span style=\"color: #000000;\">Contains even more whey protein - protein and composition<\/span>\u00a0<strong><span style=\"color: #ff00ff;\">N\u0116RA PRID\u0116TINIO CUKRAUS IR PALMI\u0172 ALIEJAUS!<\/span><\/strong><\/p>\n<p>&nbsp;<\/p>\n<p><img fetchpriority=\"high\" decoding=\"async\" class=\"alignnone size-full wp-image-26824\" src=\"https:\/\/fitnsweet.eu\/wp-content\/uploads\/2020\/11\/1_ikonos-03.png\" alt=\"\" width=\"16247\" height=\"4800\" \/><\/p>","protected":false},"featured_media":57013,"comment_status":"open","ping_status":"closed","template":"","meta":{"site-sidebar-layout":"default","site-content-layout":"default","ast-site-content-layout":"default","site-content-style":"default","site-sidebar-style":"default","ast-global-header-display":"","ast-banner-title-visibility":"","ast-main-header-display":"","ast-hfb-above-header-display":"","ast-hfb-below-header-display":"","ast-hfb-mobile-header-display":"","site-post-title":"","ast-breadcrumbs-content":"","ast-featured-img":"","footer-sml-layout":"","ast-disable-related-posts":"","theme-transparent-header-meta":"default","adv-header-id-meta":"","stick-header-meta":"","header-above-stick-meta":"","header-main-stick-meta":"","header-below-stick-meta":"","astra-migrate-meta-layouts":"set","ast-page-background-enabled":"default","ast-page-background-meta":{"desktop":{"background-color":"var(--ast-global-color-4)","background-image":"","background-repeat":"repeat","background-position":"center center","background-size":"auto","background-attachment":"scroll","background-type":"","background-media":"","overlay-type":"","overlay-color":"","overlay-opacity":"","overlay-gradient":""},"tablet":{"background-color":"","background-image":"","background-repeat":"repeat","background-position":"center center","background-size":"auto","background-attachment":"scroll","background-type":"","background-media":"","overlay-type":"","overlay-color":"","overlay-opacity":"","overlay-gradient":""},"mobile":{"background-color":"","background-image":"","background-repeat":"repeat","background-position":"center center","background-size":"auto","background-attachment":"scroll","background-type":"","background-media":"","overlay-type":"","overlay-color":"","overlay-opacity":"","overlay-gradient":""}},"ast-content-background-meta":{"desktop":{"background-color":"var(--ast-global-color-5)","background-image":"","background-repeat":"repeat","background-position":"center center","background-size":"auto","background-attachment":"scroll","background-type":"","background-media":"","overlay-type":"","overlay-color":"","overlay-opacity":"","overlay-gradient":""},"tablet":{"background-color":"var(--ast-global-color-5)","background-image":"","background-repeat":"repeat","background-position":"center center","background-size":"auto","background-attachment":"scroll","background-type":"","background-media":"","overlay-type":"","overlay-color":"","overlay-opacity":"","overlay-gradient":""},"mobile":{"background-color":"var(--ast-global-color-5)","background-image":"","background-repeat":"repeat","background-position":"center center","background-size":"auto","background-attachment":"scroll","background-type":"","background-media":"","overlay-type":"","overlay-color":"","overlay-opacity":"","overlay-gradient":""}}},"product_brand":[],"product_cat":[380,378,387,343,113,13,112,312],"product_tag":[15,120,153,16,177,84,140,144,143],"class_list":{"0":"post-745","1":"product","2":"type-product","3":"status-publish","4":"has-post-thumbnail","6":"product_cat-sokoladiniai-kremai-uogienes","7":"product_cat-uzkandziai","8":"product_cat-visi-produktai","9":"product_cat-naujienos","10":"product_cat-gymqueen-baltyminiai-saldesiai","11":"product_cat-httpfitnsweet-ltprodukto-kategorijagymqueen","12":"product_cat-gymqueen-figurai","13":"product_cat-sokoladiniai-kremai","14":"product_tag-baltymai","15":"product_tag-baltyminiai-saldumynai","16":"product_tag-baltyminis-kremas","17":"product_tag-gymqueen","18":"product_tag-juodojo-sokolado-kremas","19":"product_tag-kremas","20":"product_tag-queenella","21":"product_tag-riesutu-sviestas","22":"product_tag-sokoladinis-kremas","23":"desktop-align-left","24":"tablet-align-left","25":"mobile-align-left","27":"first","28":"outofstock","29":"taxable","30":"shipping-taxable","31":"purchasable","32":"product-type-simple"},"yoast_head":"<!-- This site is optimized with the Yoast SEO plugin v26.9 - https:\/\/yoast.com\/product\/yoast-seo-wordpress\/ -->\n<title>Queenella \u0161okoladinis kremas (330g) - Fitnsweet.eu<\/title>\n<meta name=\"robots\" content=\"index, follow, max-snippet:-1, max-image-preview:large, max-video-preview:-1\" \/>\n<link rel=\"canonical\" href=\"https:\/\/fitnsweet.eu\/en\/product-2\/queenella-protein-cream-250g-2\/\" \/>\n<meta property=\"og:locale\" content=\"en_US\" \/>\n<meta property=\"og:type\" content=\"article\" \/>\n<meta property=\"og:title\" content=\"Queenella \u0161okoladinis kremas (330g) - Fitnsweet.eu\" \/>\n<meta property=\"og:description\" content=\"Queenella baltyminis \u0161okoladinis kremas su skaidulomis ir be prid\u0117tini\u0173 cukr\u0173!\u00a0\u00a0  Kadangi\u00a0nepaprastai skanus\u00a0ir\u00a0kreminis \u0161okoladinis kremas yra\u00a0be palmi\u0173 aliejaus ir be prid\u0117tini\u0173 cukr\u0173, tai bus ne tik skonio akcentas J\u016bs\u0173\u00a0ko\u0161\u0117je\u00a0, ant m\u016bs\u0173 baltymini\u0173 blyn\u0173\u00a0ar sultingos\u00a0banan\u0173 duonos , bet ir suteiks net iki 20 g baltym\u0173!  Sud\u0117tyje dar daugiau pieno i\u0161r\u016bg\u0173 baltym\u0173 - proteino ir sud\u0117tyje\u00a0N\u0116RA PRID\u0116TINIO CUKRAUS IR PALMI\u0172 ALIEJAUS!  &nbsp;\" \/>\n<meta property=\"og:url\" content=\"https:\/\/fitnsweet.eu\/en\/product-2\/queenella-protein-cream-250g-2\/\" \/>\n<meta property=\"og:site_name\" content=\"Fitnsweet.eu\" \/>\n<meta property=\"article:modified_time\" content=\"2026-01-25T17:00:50+00:00\" \/>\n<meta property=\"og:image\" content=\"https:\/\/fitnsweet.eu\/wp-content\/uploads\/2017\/02\/1600x1600_gymqueen_nutrition_pdp_belgianchocolate_appetiteappeal_queenella_241025_deckelweiss.jpg\" \/>\n\t<meta property=\"og:image:width\" content=\"1600\" \/>\n\t<meta property=\"og:image:height\" content=\"1600\" \/>\n\t<meta property=\"og:image:type\" content=\"image\/jpeg\" \/>\n<meta name=\"twitter:card\" content=\"summary_large_image\" \/>\n<meta name=\"twitter:label1\" content=\"Est. reading time\" \/>\n\t<meta name=\"twitter:data1\" content=\"1 minute\" \/>\n<script type=\"application\/ld+json\" class=\"yoast-schema-graph\">{\"@context\":\"https:\/\/schema.org\",\"@graph\":[{\"@type\":\"WebPage\",\"@id\":\"https:\/\/fitnsweet.eu\/produktas\/queenella-baltyminis-kremas-250g\/\",\"url\":\"https:\/\/fitnsweet.eu\/produktas\/queenella-baltyminis-kremas-250g\/\",\"name\":\"Queenella \u0161okoladinis kremas (330g) - Fitnsweet.eu\",\"isPartOf\":{\"@id\":\"https:\/\/fitnsweet.eu\/#website\"},\"primaryImageOfPage\":{\"@id\":\"https:\/\/fitnsweet.eu\/produktas\/queenella-baltyminis-kremas-250g\/#primaryimage\"},\"image\":{\"@id\":\"https:\/\/fitnsweet.eu\/produktas\/queenella-baltyminis-kremas-250g\/#primaryimage\"},\"thumbnailUrl\":\"https:\/\/fitnsweet.eu\/wp-content\/uploads\/2017\/02\/1600x1600_gymqueen_nutrition_pdp_belgianchocolate_appetiteappeal_queenella_241025_deckelweiss.jpg\",\"datePublished\":\"2017-02-12T23:52:16+00:00\",\"dateModified\":\"2026-01-25T17:00:50+00:00\",\"breadcrumb\":{\"@id\":\"https:\/\/fitnsweet.eu\/produktas\/queenella-baltyminis-kremas-250g\/#breadcrumb\"},\"inLanguage\":\"en-US\",\"potentialAction\":[{\"@type\":\"ReadAction\",\"target\":[\"https:\/\/fitnsweet.eu\/produktas\/queenella-baltyminis-kremas-250g\/\"]}]},{\"@type\":\"ImageObject\",\"inLanguage\":\"en-US\",\"@id\":\"https:\/\/fitnsweet.eu\/produktas\/queenella-baltyminis-kremas-250g\/#primaryimage\",\"url\":\"https:\/\/fitnsweet.eu\/wp-content\/uploads\/2017\/02\/1600x1600_gymqueen_nutrition_pdp_belgianchocolate_appetiteappeal_queenella_241025_deckelweiss.jpg\",\"contentUrl\":\"https:\/\/fitnsweet.eu\/wp-content\/uploads\/2017\/02\/1600x1600_gymqueen_nutrition_pdp_belgianchocolate_appetiteappeal_queenella_241025_deckelweiss.jpg\",\"width\":1600,\"height\":1600},{\"@type\":\"BreadcrumbList\",\"@id\":\"https:\/\/fitnsweet.eu\/produktas\/queenella-baltyminis-kremas-250g\/#breadcrumb\",\"itemListElement\":[{\"@type\":\"ListItem\",\"position\":1,\"name\":\"Home\",\"item\":\"https:\/\/fitnsweet.eu\/\"},{\"@type\":\"ListItem\",\"position\":2,\"name\":\"Produktai\",\"item\":\"https:\/\/fitnsweet.eu\/parduotuve\/\"},{\"@type\":\"ListItem\",\"position\":3,\"name\":\"Queenella \u0161okoladinis kremas (330g)\"}]},{\"@type\":\"WebSite\",\"@id\":\"https:\/\/fitnsweet.eu\/#website\",\"url\":\"https:\/\/fitnsweet.eu\/\",\"name\":\"Fitnsweet.eu\",\"description\":\"Sveika. Saldu. Naudinga.\",\"potentialAction\":[{\"@type\":\"SearchAction\",\"target\":{\"@type\":\"EntryPoint\",\"urlTemplate\":\"https:\/\/fitnsweet.eu\/?s={search_term_string}\"},\"query-input\":{\"@type\":\"PropertyValueSpecification\",\"valueRequired\":true,\"valueName\":\"search_term_string\"}}],\"inLanguage\":\"en-US\"}]}<\/script>\n<!-- \/ Yoast SEO plugin. -->","yoast_head_json":{"title":"Queenella \u0161okoladinis kremas (330g) - Fitnsweet.eu","robots":{"index":"index","follow":"follow","max-snippet":"max-snippet:-1","max-image-preview":"max-image-preview:large","max-video-preview":"max-video-preview:-1"},"canonical":"https:\/\/fitnsweet.eu\/en\/product-2\/queenella-protein-cream-250g-2\/","og_locale":"en_US","og_type":"article","og_title":"Queenella \u0161okoladinis kremas (330g) - Fitnsweet.eu","og_description":"Queenella baltyminis \u0161okoladinis kremas su skaidulomis ir be prid\u0117tini\u0173 cukr\u0173!\u00a0\u00a0  Kadangi\u00a0nepaprastai skanus\u00a0ir\u00a0kreminis \u0161okoladinis kremas yra\u00a0be palmi\u0173 aliejaus ir be prid\u0117tini\u0173 cukr\u0173, tai bus ne tik skonio akcentas J\u016bs\u0173\u00a0ko\u0161\u0117je\u00a0, ant m\u016bs\u0173 baltymini\u0173 blyn\u0173\u00a0ar sultingos\u00a0banan\u0173 duonos , bet ir suteiks net iki 20 g baltym\u0173!  Sud\u0117tyje dar daugiau pieno i\u0161r\u016bg\u0173 baltym\u0173 - proteino ir sud\u0117tyje\u00a0N\u0116RA PRID\u0116TINIO CUKRAUS IR PALMI\u0172 ALIEJAUS!  &nbsp;","og_url":"https:\/\/fitnsweet.eu\/en\/product-2\/queenella-protein-cream-250g-2\/","og_site_name":"Fitnsweet.eu","article_modified_time":"2026-01-25T17:00:50+00:00","og_image":[{"width":1600,"height":1600,"url":"https:\/\/fitnsweet.eu\/wp-content\/uploads\/2017\/02\/1600x1600_gymqueen_nutrition_pdp_belgianchocolate_appetiteappeal_queenella_241025_deckelweiss.jpg","type":"image\/jpeg"}],"twitter_card":"summary_large_image","twitter_misc":{"Est. reading time":"1 minute"},"schema":{"@context":"https:\/\/schema.org","@graph":[{"@type":"WebPage","@id":"https:\/\/fitnsweet.eu\/produktas\/queenella-baltyminis-kremas-250g\/","url":"https:\/\/fitnsweet.eu\/produktas\/queenella-baltyminis-kremas-250g\/","name":"Queenella \u0161okoladinis kremas (330g) - Fitnsweet.eu","isPartOf":{"@id":"https:\/\/fitnsweet.eu\/#website"},"primaryImageOfPage":{"@id":"https:\/\/fitnsweet.eu\/produktas\/queenella-baltyminis-kremas-250g\/#primaryimage"},"image":{"@id":"https:\/\/fitnsweet.eu\/produktas\/queenella-baltyminis-kremas-250g\/#primaryimage"},"thumbnailUrl":"https:\/\/fitnsweet.eu\/wp-content\/uploads\/2017\/02\/1600x1600_gymqueen_nutrition_pdp_belgianchocolate_appetiteappeal_queenella_241025_deckelweiss.jpg","datePublished":"2017-02-12T23:52:16+00:00","dateModified":"2026-01-25T17:00:50+00:00","breadcrumb":{"@id":"https:\/\/fitnsweet.eu\/produktas\/queenella-baltyminis-kremas-250g\/#breadcrumb"},"inLanguage":"en-US","potentialAction":[{"@type":"ReadAction","target":["https:\/\/fitnsweet.eu\/produktas\/queenella-baltyminis-kremas-250g\/"]}]},{"@type":"ImageObject","inLanguage":"en-US","@id":"https:\/\/fitnsweet.eu\/produktas\/queenella-baltyminis-kremas-250g\/#primaryimage","url":"https:\/\/fitnsweet.eu\/wp-content\/uploads\/2017\/02\/1600x1600_gymqueen_nutrition_pdp_belgianchocolate_appetiteappeal_queenella_241025_deckelweiss.jpg","contentUrl":"https:\/\/fitnsweet.eu\/wp-content\/uploads\/2017\/02\/1600x1600_gymqueen_nutrition_pdp_belgianchocolate_appetiteappeal_queenella_241025_deckelweiss.jpg","width":1600,"height":1600},{"@type":"BreadcrumbList","@id":"https:\/\/fitnsweet.eu\/produktas\/queenella-baltyminis-kremas-250g\/#breadcrumb","itemListElement":[{"@type":"ListItem","position":1,"name":"Home","item":"https:\/\/fitnsweet.eu\/"},{"@type":"ListItem","position":2,"name":"Produktai","item":"https:\/\/fitnsweet.eu\/parduotuve\/"},{"@type":"ListItem","position":3,"name":"Queenella \u0161okoladinis kremas (330g)"}]},{"@type":"WebSite","@id":"https:\/\/fitnsweet.eu\/#website","url":"https:\/\/fitnsweet.eu\/","name":"Fitnsweet.eu","description":"Hello. Sweet. Useful.","potentialAction":[{"@type":"SearchAction","target":{"@type":"EntryPoint","urlTemplate":"https:\/\/fitnsweet.eu\/?s={search_term_string}"},"query-input":{"@type":"PropertyValueSpecification","valueRequired":true,"valueName":"search_term_string"}}],"inLanguage":"en-US"}]}},"_links":{"self":[{"href":"https:\/\/fitnsweet.eu\/en\/wp-json\/wp\/v2\/product\/745","targetHints":{"allow":["GET"]}}],"collection":[{"href":"https:\/\/fitnsweet.eu\/en\/wp-json\/wp\/v2\/product"}],"about":[{"href":"https:\/\/fitnsweet.eu\/en\/wp-json\/wp\/v2\/types\/product"}],"replies":[{"embeddable":true,"href":"https:\/\/fitnsweet.eu\/en\/wp-json\/wp\/v2\/comments?post=745"}],"version-history":[{"count":6,"href":"https:\/\/fitnsweet.eu\/en\/wp-json\/wp\/v2\/product\/745\/revisions"}],"predecessor-version":[{"id":57015,"href":"https:\/\/fitnsweet.eu\/en\/wp-json\/wp\/v2\/product\/745\/revisions\/57015"}],"wp:featuredmedia":[{"embeddable":true,"href":"https:\/\/fitnsweet.eu\/en\/wp-json\/wp\/v2\/media\/57013"}],"wp:attachment":[{"href":"https:\/\/fitnsweet.eu\/en\/wp-json\/wp\/v2\/media?parent=745"}],"wp:term":[{"taxonomy":"product_brand","embeddable":true,"href":"https:\/\/fitnsweet.eu\/en\/wp-json\/wp\/v2\/product_brand?post=745"},{"taxonomy":"product_cat","embeddable":true,"href":"https:\/\/fitnsweet.eu\/en\/wp-json\/wp\/v2\/product_cat?post=745"},{"taxonomy":"product_tag","embeddable":true,"href":"https:\/\/fitnsweet.eu\/en\/wp-json\/wp\/v2\/product_tag?post=745"}],"curies":[{"name":"wp","href":"https:\/\/api.w.org\/{rel}","templated":true}]}}