{"id":9262,"date":"2020-05-08T12:04:32","date_gmt":"2020-05-08T09:04:32","guid":{"rendered":"https:\/\/fitnsweet.lt\/?post_type=product&#038;p=9262"},"modified":"2025-12-15T01:51:54","modified_gmt":"2025-12-14T23:51:54","slug":"better-body-for-summer-twist-set-2","status":"publish","type":"product","link":"https:\/\/fitnsweet.eu\/en\/product-2\/better-body-for-summer-twist-set-2\/","title":{"rendered":"Slimmer body with Slim Queen set"},"content":{"rendered":"<p style=\"text-align: left;\"><span style=\"color: #000000;\"><strong>Usage:<\/strong><\/span><br \/>\n<span style=\"color: #000000;\">For one serving (equivalent to one meal), add 30 g of powder (1 measuring spoon included in the package) to a drinker or blender, mix with 275 ml of cold milk or water and blend for about 20 seconds. Now you can taste it!<\/span><\/p>\n<p><span style=\"color: #000000;\"><strong>*<\/strong> If you want to lose weight, you should replace two meals a day (preferably breakfast, one daily snack or dinner) with a Slim Queen shake. If your goal is to maintain your weight, it is enough to replace one meal with one portion of a shake per day. To do this, you should follow the preparation recommendations. It is also recommended to drink enough fluids during the day, preferably water. The cocktail fulfills its intended purpose in accordance with the principles of healthy nutrition, so you should make sure that other food products will also be part of your diet, a healthy diet.<\/span><\/p>\n<p><span style=\"color: #000000;\"><strong>Composition:<\/strong><\/span><br \/>\n<span style=\"color: #000000;\"> Whey protein concentrate (contains emulsifier: sunflower lecithin), maltodextrin, calcium caseinate (contains milk, contains emulsifier: sunflower lecithin), emulsifier: soy lecithin, thickener: glucomannan; Flavouring, magnesium carbonate, calcium carbonate, thickener: xanthan; Salt, low-fat cocoa powder, potassium citrate, coloring beta-carotene, L-ascorbic acid, sweetener: sucrose; Ferrous sulfate, zinc gluconate, copper gluconate, manganese sulfate, potassium iodide, sodium selenite, nicotinamide, dl-alpha-tocopheryl acetate, calcium D-pantothenate, pyridoxine hydrochloride, riboflavin, thiamine mononitrate, retinyl acetate, pteroylmonoglutaminesinure, phytomenadione, , manganese gluconate, cholecalciferol , cyanocobalamin.<\/span><\/p>\n<p><span style=\"color: #000000;\"><strong>Allergens:<\/strong><\/span><br \/>\n<span style=\"color: #000000;\"> Contains soy, dairy products. May contain traces of eggs and gluten.<\/span><\/p>\n<p><span style=\"color: #000000;\"><strong>Energy Value 100 G \/ 30 G Powder Portion %\u00a0<\/strong><\/span><br \/>\n<span style=\"color: #000000;\">1,691.47 kj, 404.00 kcal \/ 507.44 kj 121.20 kcal 6.06 percent.<\/span><\/p>\n<p><span style=\"color: #000000;\"><em>fat 11.00 g\/ 3.30 g 4.71%<\/em><\/span><br \/>\n<span style=\"color: #000000;\"><em>of which: saturated fatty acids 1.50 g \/ 0.45 g 2.25%<\/em><\/span><br \/>\n<span style=\"color: #000000;\"><em>carbohydrates 37.00 g \/ 11.10 g 4.27 percent<\/em><\/span><br \/>\n<span style=\"color: #000000;\"><em>of which sugars 5.30 g \/ 1.59 g 1.77 percent.<\/em><\/span><br \/>\n<span style=\"color: #000000;\"><em>fiber materials 3.90 g \/ 1.17 g 3.90%<\/em><\/span><br \/>\n<span style=\"color: #000000;\"><em>protein 37.00 g \/ 11.10 g 22.20%<\/em><\/span><br \/>\n<span style=\"color: #000000;\"><em>of salts 1.00 g \/ 0.30 g 5.00%<\/em><\/span><\/p>\n<p>&nbsp;<\/p>","protected":false},"excerpt":{"rendered":"<p style=\"text-align: center;\"><span style=\"color: #000000;\"><strong>\u201eSLIM QUEEN\u201d KOKTEILIS PAKEIT\u0116 PAKUOT\u0118! KLIENT\u0116S TEIGIA, KAD TAI SKANIAUSIAS SVORIO METIMO \u2013 MAISTO PAKAITALO KOKTEILIS RINKOJE!<br \/>\n\u0160IUO METU PRIIMAMI I\u0160ANKSTINIAI KOKTEILI\u0172 U\u017dSAKYMAI, I\u0160SIUNTIMAS PLANUOJAMAS NUO LAPKRI\u010cIO 15-TOS DIENOS<\/strong><\/span><\/p>\n<p>Slim Queen &#8211; tai maistas J\u016bs\u0173 svorio kontrolei bei pagalbininkas palaikant dailias k\u016bno formas. Taip pat tai bus puiki alternatyva nesp\u0117jant u\u017ek\u0105sti ar papusry\u010diauti. Tai tobulas sprendimas kai norite greit pasigaminti sveikus pusry\u010dius ir skub\u0117ti \u012f darbus ar mokslus. Idealus sprendimas kai tiesiog norite papildyti k\u016bn\u0105 naudingomis maistin\u0117mis med\u017eiagomis, vitaminais, mineralais. Slim Queen kokteiliai prisid\u0117s ir prie J\u016bs\u0173 skalndesn\u0117s, geresn\u0117s \u017earnyno veiklos, papildys \u017earnyn\u0105 prebiotikais. Tobulai subalansuoti skoniai ir Premium kokyb\u0117s sud\u0117tis.<\/p>\n<p><span style=\"background-color: transparent; color: #000000; font-family: 'Hind Madurai', Helvetica, Arial, Lucida, sans-serif; font-size: 15px;\">Pusry\u010dius, vakarien\u0119 ar dienos u\u017ekand\u012f pakeisdami &#8222;Slim Queen&#8221;, dabar galite lengvai suma\u017einti savo svor\u012f. I\u0161bandykite ypa\u010d gard\u017eius vanil\u0117s, \u0161okolado, \u0161vie\u017ei\u0173 bra\u0161ki\u0173 skonius ir i\u0161sirinkite savo m\u0117gstamiausi\u0105. Dabar ruo\u0161ti bei dailinti k\u016bn\u0105 vasarai dar lengviau su Queen liekn\u0117jimo kokteiliu! Sud\u0117tyje yra net iki 22 skirting\u0173 vitamin\u0173 ir mineral\u0173!<\/span><\/p>\n<h6><span style=\"color: #000000;\"><span style=\"color: #ff00ff;\"><strong>The set includes:<\/strong><\/span> slimming cocktails of three flavors of your choice, 420 g each, and a drink of your choice, 500 ml each.<\/span><\/h6>\n<p><span style=\"color: #ff00ff;\"><strong><span style=\"margin: 0px; line-height: 115%; font-family: 'Times New Roman', serif; font-size: 12pt;\">This kit comes with FREE courier delivery.<\/span><\/strong><\/span><\/p>\n<p><img fetchpriority=\"high\" decoding=\"async\" class=\"alignnone size-full wp-image-26824\" src=\"https:\/\/fitnsweet.eu\/wp-content\/uploads\/2020\/11\/1_ikonos-03.png\" alt=\"\" width=\"1920\" height=\"567\" \/><\/p>","protected":false},"featured_media":45519,"comment_status":"open","ping_status":"closed","template":"","meta":{"site-sidebar-layout":"default","site-content-layout":"default","ast-site-content-layout":"default","site-content-style":"default","site-sidebar-style":"default","ast-global-header-display":"","ast-banner-title-visibility":"","ast-main-header-display":"","ast-hfb-above-header-display":"","ast-hfb-below-header-display":"","ast-hfb-mobile-header-display":"","site-post-title":"","ast-breadcrumbs-content":"","ast-featured-img":"","footer-sml-layout":"","ast-disable-related-posts":"","theme-transparent-header-meta":"default","adv-header-id-meta":"","stick-header-meta":"","header-above-stick-meta":"","header-main-stick-meta":"","header-below-stick-meta":"","astra-migrate-meta-layouts":"set","ast-page-background-enabled":"default","ast-page-background-meta":{"desktop":{"background-color":"var(--ast-global-color-4)","background-image":"","background-repeat":"repeat","background-position":"center center","background-size":"auto","background-attachment":"scroll","background-type":"","background-media":"","overlay-type":"","overlay-color":"","overlay-opacity":"","overlay-gradient":""},"tablet":{"background-color":"","background-image":"","background-repeat":"repeat","background-position":"center center","background-size":"auto","background-attachment":"scroll","background-type":"","background-media":"","overlay-type":"","overlay-color":"","overlay-opacity":"","overlay-gradient":""},"mobile":{"background-color":"","background-image":"","background-repeat":"repeat","background-position":"center center","background-size":"auto","background-attachment":"scroll","background-type":"","background-media":"","overlay-type":"","overlay-color":"","overlay-opacity":"","overlay-gradient":""}},"ast-content-background-meta":{"desktop":{"background-color":"var(--ast-global-color-5)","background-image":"","background-repeat":"repeat","background-position":"center center","background-size":"auto","background-attachment":"scroll","background-type":"","background-media":"","overlay-type":"","overlay-color":"","overlay-opacity":"","overlay-gradient":""},"tablet":{"background-color":"var(--ast-global-color-5)","background-image":"","background-repeat":"repeat","background-position":"center center","background-size":"auto","background-attachment":"scroll","background-type":"","background-media":"","overlay-type":"","overlay-color":"","overlay-opacity":"","overlay-gradient":""},"mobile":{"background-color":"var(--ast-global-color-5)","background-image":"","background-repeat":"repeat","background-position":"center center","background-size":"auto","background-attachment":"scroll","background-type":"","background-media":"","overlay-type":"","overlay-color":"","overlay-opacity":"","overlay-gradient":""}}},"product_brand":[],"product_cat":[386,396,393,377,387,365,314,313,13,112,148],"product_tag":[301,296,288,77,326],"class_list":{"0":"post-9262","1":"product","2":"type-product","3":"status-publish","4":"has-post-thumbnail","6":"product_cat-ispardavimas-2","7":"product_cat-lieknejimui","8":"product_cat-rinkiniai","9":"product_cat-slim-queen-maisto-pakaitalo-kokteiliai-2","10":"product_cat-visi-produktai","11":"product_cat-ispardavimas","12":"product_cat-slim-queen-maisto-pakaitalo-kokteiliai","13":"product_cat-baltyminiai-kokteiliai","14":"product_cat-httpfitnsweet-ltprodukto-kategorijagymqueen","15":"product_cat-gymqueen-figurai","16":"product_cat-gymqueen-rinkiniai","17":"product_tag-kokteilis","18":"product_tag-lieknejimui","19":"product_tag-queen-slim","20":"product_tag-slim","21":"product_tag-slim-queen","22":"desktop-align-left","23":"tablet-align-left","24":"mobile-align-left","26":"first","27":"instock","28":"sale","29":"taxable","30":"shipping-taxable","31":"purchasable","32":"product-type-variable"},"yoast_head":"<!-- This site is optimized with the Yoast SEO plugin v26.9 - https:\/\/yoast.com\/product\/yoast-seo-wordpress\/ -->\n<title>Lieknesnio k\u016bno su Slim Queen rinkinys - Fitnsweet.eu<\/title>\n<meta name=\"robots\" content=\"index, follow, max-snippet:-1, max-image-preview:large, max-video-preview:-1\" \/>\n<link rel=\"canonical\" href=\"https:\/\/fitnsweet.eu\/en\/product-2\/better-body-for-summer-twist-set-2\/\" \/>\n<meta property=\"og:locale\" content=\"en_US\" \/>\n<meta property=\"og:type\" content=\"article\" \/>\n<meta property=\"og:title\" content=\"Lieknesnio k\u016bno su Slim Queen rinkinys - Fitnsweet.eu\" \/>\n<meta property=\"og:description\" content=\"\u201eSLIM QUEEN\u201d KOKTEILIS PAKEIT\u0116 PAKUOT\u0118! KLIENT\u0116S TEIGIA, KAD TAI SKANIAUSIAS SVORIO METIMO \u2013 MAISTO PAKAITALO KOKTEILIS RINKOJE! \u0160IUO METU PRIIMAMI I\u0160ANKSTINIAI KOKTEILI\u0172 U\u017dSAKYMAI, I\u0160SIUNTIMAS PLANUOJAMAS NUO LAPKRI\u010cIO 15-TOS DIENOS Slim Queen - tai maistas J\u016bs\u0173 svorio kontrolei bei pagalbininkas palaikant dailias k\u016bno formas. Taip pat tai bus puiki alternatyva nesp\u0117jant u\u017ek\u0105sti ar papusry\u010diauti. Tai tobulas sprendimas kai norite greit pasigaminti sveikus pusry\u010dius ir skub\u0117ti \u012f darbus ar mokslus. Idealus sprendimas kai tiesiog norite papildyti k\u016bn\u0105 naudingomis maistin\u0117mis med\u017eiagomis, vitaminais, mineralais. Slim Queen kokteiliai prisid\u0117s ir prie J\u016bs\u0173 skalndesn\u0117s, geresn\u0117s \u017earnyno veiklos, papildys \u017earnyn\u0105 prebiotikais. Tobulai subalansuoti skoniai ir Premium kokyb\u0117s sud\u0117tis.  Pusry\u010dius, vakarien\u0119 ar dienos u\u017ekand\u012f pakeisdami &quot;Slim Queen&quot;, dabar galite lengvai suma\u017einti savo svor\u012f. I\u0161bandykite ypa\u010d gard\u017eius vanil\u0117s, \u0161okolado, \u0161vie\u017ei\u0173 bra\u0161ki\u0173 skonius ir i\u0161sirinkite savo m\u0117gstamiausi\u0105. Dabar ruo\u0161ti bei dailinti k\u016bn\u0105 vasarai dar lengviau su Queen liekn\u0117jimo kokteiliu! Sud\u0117tyje yra net iki 22 skirting\u0173 vitamin\u0173 ir mineral\u0173! Rinkin\u012f sudaro: trij\u0173 J\u016bs\u0173 pasirinkt\u0173 skoni\u0173 liekn\u0117jimo kokteiliai po 420 g ir J\u016bs\u0173 pasirinkta gertuv\u0117 po 500 ml. \u012esigyjant \u0161\u012f rinkin\u012f taikomas NEMOKAMAS pristatymas kurjeriu.\" \/>\n<meta property=\"og:url\" content=\"https:\/\/fitnsweet.eu\/en\/product-2\/better-body-for-summer-twist-set-2\/\" \/>\n<meta property=\"og:site_name\" content=\"Fitnsweet.eu\" \/>\n<meta property=\"article:modified_time\" content=\"2025-12-14T23:51:54+00:00\" \/>\n<meta property=\"og:image\" content=\"https:\/\/fitnsweet.eu\/wp-content\/uploads\/2020\/05\/trys-slim-shake_fitnsweetgertuve.png\" \/>\n\t<meta property=\"og:image:width\" content=\"1080\" \/>\n\t<meta property=\"og:image:height\" content=\"1080\" \/>\n\t<meta property=\"og:image:type\" content=\"image\/png\" \/>\n<meta name=\"twitter:card\" content=\"summary_large_image\" \/>\n<meta name=\"twitter:label1\" content=\"Est. reading time\" \/>\n\t<meta name=\"twitter:data1\" content=\"2 minutes\" \/>\n<script type=\"application\/ld+json\" class=\"yoast-schema-graph\">{\"@context\":\"https:\/\/schema.org\",\"@graph\":[{\"@type\":\"WebPage\",\"@id\":\"https:\/\/fitnsweet.eu\/produktas\/dailesnio-kuno-vasarai-issukio-rinkinys\/\",\"url\":\"https:\/\/fitnsweet.eu\/produktas\/dailesnio-kuno-vasarai-issukio-rinkinys\/\",\"name\":\"Lieknesnio k\u016bno su Slim Queen rinkinys - Fitnsweet.eu\",\"isPartOf\":{\"@id\":\"https:\/\/fitnsweet.eu\/#website\"},\"primaryImageOfPage\":{\"@id\":\"https:\/\/fitnsweet.eu\/produktas\/dailesnio-kuno-vasarai-issukio-rinkinys\/#primaryimage\"},\"image\":{\"@id\":\"https:\/\/fitnsweet.eu\/produktas\/dailesnio-kuno-vasarai-issukio-rinkinys\/#primaryimage\"},\"thumbnailUrl\":\"https:\/\/fitnsweet.eu\/wp-content\/uploads\/2020\/05\/trys-slim-shake_fitnsweetgertuve.png\",\"datePublished\":\"2020-05-08T09:04:32+00:00\",\"dateModified\":\"2025-12-14T23:51:54+00:00\",\"breadcrumb\":{\"@id\":\"https:\/\/fitnsweet.eu\/produktas\/dailesnio-kuno-vasarai-issukio-rinkinys\/#breadcrumb\"},\"inLanguage\":\"en-US\",\"potentialAction\":[{\"@type\":\"ReadAction\",\"target\":[\"https:\/\/fitnsweet.eu\/produktas\/dailesnio-kuno-vasarai-issukio-rinkinys\/\"]}]},{\"@type\":\"ImageObject\",\"inLanguage\":\"en-US\",\"@id\":\"https:\/\/fitnsweet.eu\/produktas\/dailesnio-kuno-vasarai-issukio-rinkinys\/#primaryimage\",\"url\":\"https:\/\/fitnsweet.eu\/wp-content\/uploads\/2020\/05\/trys-slim-shake_fitnsweetgertuve.png\",\"contentUrl\":\"https:\/\/fitnsweet.eu\/wp-content\/uploads\/2020\/05\/trys-slim-shake_fitnsweetgertuve.png\",\"width\":1080,\"height\":1080},{\"@type\":\"BreadcrumbList\",\"@id\":\"https:\/\/fitnsweet.eu\/produktas\/dailesnio-kuno-vasarai-issukio-rinkinys\/#breadcrumb\",\"itemListElement\":[{\"@type\":\"ListItem\",\"position\":1,\"name\":\"Home\",\"item\":\"https:\/\/fitnsweet.eu\/\"},{\"@type\":\"ListItem\",\"position\":2,\"name\":\"Produktai\",\"item\":\"https:\/\/fitnsweet.eu\/parduotuve\/\"},{\"@type\":\"ListItem\",\"position\":3,\"name\":\"Lieknesnio k\u016bno su Slim Queen rinkinys\"}]},{\"@type\":\"WebSite\",\"@id\":\"https:\/\/fitnsweet.eu\/#website\",\"url\":\"https:\/\/fitnsweet.eu\/\",\"name\":\"Fitnsweet.eu\",\"description\":\"Sveika. Saldu. Naudinga.\",\"potentialAction\":[{\"@type\":\"SearchAction\",\"target\":{\"@type\":\"EntryPoint\",\"urlTemplate\":\"https:\/\/fitnsweet.eu\/?s={search_term_string}\"},\"query-input\":{\"@type\":\"PropertyValueSpecification\",\"valueRequired\":true,\"valueName\":\"search_term_string\"}}],\"inLanguage\":\"en-US\"}]}<\/script>\n<!-- \/ Yoast SEO plugin. -->","yoast_head_json":{"title":"Slimmer body kit with Slim Queen - Fitnsweet.eu","robots":{"index":"index","follow":"follow","max-snippet":"max-snippet:-1","max-image-preview":"max-image-preview:large","max-video-preview":"max-video-preview:-1"},"canonical":"https:\/\/fitnsweet.eu\/en\/product-2\/better-body-for-summer-twist-set-2\/","og_locale":"en_US","og_type":"article","og_title":"Lieknesnio k\u016bno su Slim Queen rinkinys - Fitnsweet.eu","og_description":"\u201eSLIM QUEEN\u201d KOKTEILIS PAKEIT\u0116 PAKUOT\u0118! KLIENT\u0116S TEIGIA, KAD TAI SKANIAUSIAS SVORIO METIMO \u2013 MAISTO PAKAITALO KOKTEILIS RINKOJE! \u0160IUO METU PRIIMAMI I\u0160ANKSTINIAI KOKTEILI\u0172 U\u017dSAKYMAI, I\u0160SIUNTIMAS PLANUOJAMAS NUO LAPKRI\u010cIO 15-TOS DIENOS Slim Queen - tai maistas J\u016bs\u0173 svorio kontrolei bei pagalbininkas palaikant dailias k\u016bno formas. Taip pat tai bus puiki alternatyva nesp\u0117jant u\u017ek\u0105sti ar papusry\u010diauti. Tai tobulas sprendimas kai norite greit pasigaminti sveikus pusry\u010dius ir skub\u0117ti \u012f darbus ar mokslus. Idealus sprendimas kai tiesiog norite papildyti k\u016bn\u0105 naudingomis maistin\u0117mis med\u017eiagomis, vitaminais, mineralais. Slim Queen kokteiliai prisid\u0117s ir prie J\u016bs\u0173 skalndesn\u0117s, geresn\u0117s \u017earnyno veiklos, papildys \u017earnyn\u0105 prebiotikais. Tobulai subalansuoti skoniai ir Premium kokyb\u0117s sud\u0117tis.  Pusry\u010dius, vakarien\u0119 ar dienos u\u017ekand\u012f pakeisdami \"Slim Queen\", dabar galite lengvai suma\u017einti savo svor\u012f. I\u0161bandykite ypa\u010d gard\u017eius vanil\u0117s, \u0161okolado, \u0161vie\u017ei\u0173 bra\u0161ki\u0173 skonius ir i\u0161sirinkite savo m\u0117gstamiausi\u0105. Dabar ruo\u0161ti bei dailinti k\u016bn\u0105 vasarai dar lengviau su Queen liekn\u0117jimo kokteiliu! Sud\u0117tyje yra net iki 22 skirting\u0173 vitamin\u0173 ir mineral\u0173! Rinkin\u012f sudaro: trij\u0173 J\u016bs\u0173 pasirinkt\u0173 skoni\u0173 liekn\u0117jimo kokteiliai po 420 g ir J\u016bs\u0173 pasirinkta gertuv\u0117 po 500 ml. \u012esigyjant \u0161\u012f rinkin\u012f taikomas NEMOKAMAS pristatymas kurjeriu.","og_url":"https:\/\/fitnsweet.eu\/en\/product-2\/better-body-for-summer-twist-set-2\/","og_site_name":"Fitnsweet.eu","article_modified_time":"2025-12-14T23:51:54+00:00","og_image":[{"width":1080,"height":1080,"url":"https:\/\/fitnsweet.eu\/wp-content\/uploads\/2020\/05\/trys-slim-shake_fitnsweetgertuve.png","type":"image\/png"}],"twitter_card":"summary_large_image","twitter_misc":{"Est. reading time":"2 minutes"},"schema":{"@context":"https:\/\/schema.org","@graph":[{"@type":"WebPage","@id":"https:\/\/fitnsweet.eu\/produktas\/dailesnio-kuno-vasarai-issukio-rinkinys\/","url":"https:\/\/fitnsweet.eu\/produktas\/dailesnio-kuno-vasarai-issukio-rinkinys\/","name":"Slimmer body kit with Slim Queen - Fitnsweet.eu","isPartOf":{"@id":"https:\/\/fitnsweet.eu\/#website"},"primaryImageOfPage":{"@id":"https:\/\/fitnsweet.eu\/produktas\/dailesnio-kuno-vasarai-issukio-rinkinys\/#primaryimage"},"image":{"@id":"https:\/\/fitnsweet.eu\/produktas\/dailesnio-kuno-vasarai-issukio-rinkinys\/#primaryimage"},"thumbnailUrl":"https:\/\/fitnsweet.eu\/wp-content\/uploads\/2020\/05\/trys-slim-shake_fitnsweetgertuve.png","datePublished":"2020-05-08T09:04:32+00:00","dateModified":"2025-12-14T23:51:54+00:00","breadcrumb":{"@id":"https:\/\/fitnsweet.eu\/produktas\/dailesnio-kuno-vasarai-issukio-rinkinys\/#breadcrumb"},"inLanguage":"en-US","potentialAction":[{"@type":"ReadAction","target":["https:\/\/fitnsweet.eu\/produktas\/dailesnio-kuno-vasarai-issukio-rinkinys\/"]}]},{"@type":"ImageObject","inLanguage":"en-US","@id":"https:\/\/fitnsweet.eu\/produktas\/dailesnio-kuno-vasarai-issukio-rinkinys\/#primaryimage","url":"https:\/\/fitnsweet.eu\/wp-content\/uploads\/2020\/05\/trys-slim-shake_fitnsweetgertuve.png","contentUrl":"https:\/\/fitnsweet.eu\/wp-content\/uploads\/2020\/05\/trys-slim-shake_fitnsweetgertuve.png","width":1080,"height":1080},{"@type":"BreadcrumbList","@id":"https:\/\/fitnsweet.eu\/produktas\/dailesnio-kuno-vasarai-issukio-rinkinys\/#breadcrumb","itemListElement":[{"@type":"ListItem","position":1,"name":"Home","item":"https:\/\/fitnsweet.eu\/"},{"@type":"ListItem","position":2,"name":"Produktai","item":"https:\/\/fitnsweet.eu\/parduotuve\/"},{"@type":"ListItem","position":3,"name":"Lieknesnio k\u016bno su Slim Queen rinkinys"}]},{"@type":"WebSite","@id":"https:\/\/fitnsweet.eu\/#website","url":"https:\/\/fitnsweet.eu\/","name":"Fitnsweet.eu","description":"Hello. Sweet. Useful.","potentialAction":[{"@type":"SearchAction","target":{"@type":"EntryPoint","urlTemplate":"https:\/\/fitnsweet.eu\/?s={search_term_string}"},"query-input":{"@type":"PropertyValueSpecification","valueRequired":true,"valueName":"search_term_string"}}],"inLanguage":"en-US"}]}},"_links":{"self":[{"href":"https:\/\/fitnsweet.eu\/en\/wp-json\/wp\/v2\/product\/9262","targetHints":{"allow":["GET"]}}],"collection":[{"href":"https:\/\/fitnsweet.eu\/en\/wp-json\/wp\/v2\/product"}],"about":[{"href":"https:\/\/fitnsweet.eu\/en\/wp-json\/wp\/v2\/types\/product"}],"replies":[{"embeddable":true,"href":"https:\/\/fitnsweet.eu\/en\/wp-json\/wp\/v2\/comments?post=9262"}],"version-history":[{"count":5,"href":"https:\/\/fitnsweet.eu\/en\/wp-json\/wp\/v2\/product\/9262\/revisions"}],"predecessor-version":[{"id":57965,"href":"https:\/\/fitnsweet.eu\/en\/wp-json\/wp\/v2\/product\/9262\/revisions\/57965"}],"wp:featuredmedia":[{"embeddable":true,"href":"https:\/\/fitnsweet.eu\/en\/wp-json\/wp\/v2\/media\/45519"}],"wp:attachment":[{"href":"https:\/\/fitnsweet.eu\/en\/wp-json\/wp\/v2\/media?parent=9262"}],"wp:term":[{"taxonomy":"product_brand","embeddable":true,"href":"https:\/\/fitnsweet.eu\/en\/wp-json\/wp\/v2\/product_brand?post=9262"},{"taxonomy":"product_cat","embeddable":true,"href":"https:\/\/fitnsweet.eu\/en\/wp-json\/wp\/v2\/product_cat?post=9262"},{"taxonomy":"product_tag","embeddable":true,"href":"https:\/\/fitnsweet.eu\/en\/wp-json\/wp\/v2\/product_tag?post=9262"}],"curies":[{"name":"wp","href":"https:\/\/api.w.org\/{rel}","templated":true}]}}