{"id":30279,"date":"2022-02-10T19:14:55","date_gmt":"2022-02-10T16:14:55","guid":{"rendered":"https:\/\/fitnsweet.eu\/?page_id=30279"},"modified":"2022-08-17T12:30:10","modified_gmt":"2022-08-17T09:30:10","slug":"privaatsuspoliitika-2","status":"publish","type":"page","link":"https:\/\/fitnsweet.eu\/et\/privaatsuspoliitika-2\/","title":{"rendered":"privaatsuspoliitika"},"content":{"rendered":"<div data-elementor-type=\"wp-page\" data-elementor-id=\"30279\" class=\"elementor elementor-30279\" data-elementor-post-type=\"page\">\n\t\t\t\t\t\t<section class=\"elementor-section elementor-top-section elementor-element elementor-element-f67cad6 elementor-section-boxed elementor-section-height-default elementor-section-height-default\" data-id=\"f67cad6\" data-element_type=\"section\" data-e-type=\"section\">\n\t\t\t\t\t\t<div class=\"elementor-container elementor-column-gap-default\">\n\t\t\t\t\t<div class=\"elementor-column elementor-col-100 elementor-top-column elementor-element elementor-element-7ffdd0a\" data-id=\"7ffdd0a\" data-element_type=\"column\" data-e-type=\"column\">\n\t\t\t<div class=\"elementor-widget-wrap elementor-element-populated\">\n\t\t\t\t\t\t<div class=\"elementor-element elementor-element-9943328 elementor-widget elementor-widget-text-editor\" data-id=\"9943328\" data-element_type=\"widget\" data-e-type=\"widget\" data-widget_type=\"text-editor.default\">\n\t\t\t\t<div class=\"elementor-widget-container\">\n\t\t\t\t\t\t\t\t\t<p>Kui k\u00fclastate veebipoodi www.fitnsweet.eu, rakendame k\u00e4esolevat privaatsus- ja k\u00fcpsistepoliitikat (edaspidi &quot;poliitika&quot;).<\/p><p>Kogume oma veebisaidi k\u00fclastajate andmeid koosk\u00f5las Leedu Vabariigi isikuandmete \u00f5iguskaitse seaduse, Leedu Vabariigi elektroonilise side seaduse, Euroopa Liidu isikuandmete kaitse seaduse ja muude asjakohaste \u00f5igusaktidega. ja kontrollivate asutuste juhised nende n\u00f5usolekul.<\/p><h2><b>Andmete kogumine<\/b><\/h2><p>Kasutades k\u00fcpsiseid veebilehel www.fitnsweet.eu teenuste osutamise eesm\u00e4rgil, kogume andmeid k\u00fclastajate tegevuste ja nende sirvimisharjumuste kohta meie veebisaidil.<\/p><p>Kaitseme www.fitnsweet.eu k\u00fclastajate kohta kogutud andmeid vastutustundlikult kaotsimineku, volitamata kasutamise ja muutmise eest.<\/p><p>Teie n\u00f5usolekul v\u00f5tke teiega telefoni v\u00f5i e-posti teel \u00fchendust. meili otseturunduse eesm\u00e4rgil, saadame teile ainult teavet pakkumiste kohta ja kasulikku teavet, mis v\u00f5ib teile huvi pakkuda. Kui saadate uudiskirjaga liitudes vabatahtlikult oma e-kirja, lisame teid oma andmebaasi ning saadame teile mitu korda kuus e-posti teel eripakkumisi, tutvustusi, uudiseid ja muud kasulikku teavet. Samuti, kui teie e-post on meie andmebaasis olemas, kui olete registreeritud kasutaja v\u00f5i sisestasite selle tellimust vormistades, kuid ei vormistanud tellimust, saadame teile \u00fchekordse meeldetuletuse teie j\u00e4etud ostukorvi kohta. K\u00fcpsiste abil v\u00f5ime koguda teavet ka selleks, et esitada reklaame v\u00f5i sisu konkreetses brauseris, luues erinevaid sihtr\u00fchmi.<\/p><p>Saate selle teabe k\u00e4ttesaamist igal ajal muuta, v\u00f5ttes meiega e-posti teel \u00fchendust. email info@fitnsweet.eu<\/p><h2><b>Uudiskirja tellimine<\/b><\/h2><p>Naujienlai\u0161kiams si\u0173sti naudojame \u201eMailerLite\u201c platform\u0105. Sutikdami gauti naujienlai\u0161kius, kartu perduodate ir leid\u017eiate apdoroti savo duomenis pagal \u201eMailerLite\u201c Privatumo politik\u0105. \u201eMailerLite\u201c privatumo politik\u0105 galite rasti \u010dia: https:\/\/www.mailerlite.com\/privacy-policy.<\/p><p>MailerLite uudiskiri saadetakse kasutajatele, kes on uudiskirja saatmisega aktiivselt n\u00f5ustunud. Uudiskirja tellimisest saate loobuda, vajutades iga uudiskirja l\u00f5pus olevale lingile &quot;Loobu uudiskirjast&quot;.<\/p><h2><b>K\u00fcpsiste kasutamine<\/b><\/h2><p>Jums lankantis www.fitnsweet.eu interneto svetain\u0117je, siekiame, kad pateikiama informacija ir svetain\u0117s funkcijos b\u016bt\u0173 pritaikytos tik Jums. Tam reikalingi slapukai (angl. cookies). Tai nedideli informacijos elementai, i\u0161saugomi J\u016bs\u0173 interneto nar\u0161ykl\u0117je. Jie padeda mums atpa\u017einti Jus kaip ankstesn\u012f www.fitnsweet.eu interneto svetain\u0117s lankytoj\u0105, i\u0161saugoti J\u016bs\u0173 lankymosi svetain\u0117je istorij\u0105 ir pagal tai pritaikyti turin\u012f.<\/p><p>K\u00fcpsised aitavad tagada ka veebilehe t\u00f5rgeteta toimimist, v\u00f5imaldavad j\u00e4lgida veebilehe www.fitnsweet.eu k\u00fclastuste kestust ja sagedust ning koguda statistilist teavet veebilehe k\u00fclastajate arvu kohta. Neid andmeid anal\u00fc\u00fcsides saame saiti t\u00e4iustada ja teie jaoks mugavamaks muuta.<\/p><p>K\u00fclastades www.fitnsweet.eu veebipoodi, saate m\u00e4rkida, kas n\u00f5ustute k\u00fcpsiste kasutamisega. Kui te ei n\u00f5ustu k\u00fcpsiste salvestamisega oma arvutisse v\u00f5i muusse seadmesse, v\u00f5ite nende kasutamise n\u00f5usoleku igal ajal tagasi v\u00f5tta, muutes oma valikuid ja kustutades k\u00fcpsised.<\/p><p>Renkant informacij\u0105 taikomos administracin\u0117s, technin\u0117s ir programin\u0117s \u012frangos apsaugos bei kompiuterini\u0173 tinkl\u0173 apsaugos priemon\u0117s, u\u017etikrinan\u010dios pakankam\u0105 duomen\u0173 saugumo lyg\u012f, atitinkant\u012f valdom\u0173 duomen\u0173 pob\u016bd\u012f ir j\u0173 tvarkymo keliam\u0105 rizik\u0105.<\/p><h2><b>Kasutatud k\u00fcpsiste \u00fcksikasjad<\/b><\/h2><p>K\u00fcpsiste kohta lisateabe saamiseks, n\u00e4iteks nende haldamise v\u00f5i kustutamise kohta, k\u00fclastage aadressi http:\/\/www.allaboutcookies.org.<\/p><h2><b>K\u00fcpsiste t\u00fc\u00fcbid<\/b><\/h2><h3>Seansi k\u00fcpsised<\/h3><p>Seansik\u00fcpsised v\u00f5imaldavad teid tuvastada meie veebisaidi \u00fche k\u00fclastuse ajal, nii et k\u00f5ik lehek\u00fclje muudatused v\u00f5i valikud j\u00e4\u00e4vad \u00fchelt lehelt teisele liikudes meelde. Need k\u00fcpsised v\u00f5imaldavad teil kiiresti ja lihtsalt navigeerida oma veebisaidi paljudel lehtedel, nii et te ei pea teavet iga kord, kui k\u00fclastate uut kohta, uuesti t\u00f6\u00f6tlema. Seansik\u00fcpsised on ajutised ja kustutatakse kohe, kui sulgete brauseri v\u00f5i logite veebisaidilt v\u00e4lja.<\/p><h3>Pikaajalised k\u00fcpsised<\/h3><p>P\u00fcsik\u00fcpsised on k\u00fcpsised, mis j\u00e4\u00e4vad teie arvutisse kindlaksm\u00e4\u00e4ratud ajaks p\u00e4rast sirvimisseansi l\u00f5ppu, nii et need v\u00f5ivad salvestada teatud kasutaja valikuid v\u00f5i toiminguid, kui saiti uuesti k\u00fclastate.<\/p><h3>Esimese peo k\u00fcpsised<\/h3><p>Need on k\u00fcpsised, mis on vajalikud veebisaidi www.fitnsweet.eu n\u00f5uetekohaseks toimimiseks.<\/p><h3>Kolmanda osapoole k\u00fcpsised<\/h3><p>Need on k\u00fcpsised, mida meie veebisaidi kaudu kasutavad teised organisatsioonid.<\/p><p>www.fitnsweet.eu kasutab veebisaidi liikluse anal\u00fc\u00fcsimiseks Google Analyticsi k\u00fcpsiseid. Google Analytics kogub anon\u00fc\u00fcmset teavet k\u00fclastajate arvu, asukoha, kust meie saiti kasutati ja milliseid saidi osi k\u00fclastajad sirvisid, kohta. Need k\u00fcpsised on loonud Google Analytics. Lisateavet Google Analyticsi kohta leiate aadressilt http:\/\/www.google.com\/analytics. Lisateavet selle kohta, kuidas keelata veebilehtede j\u00e4lgimine Google Analyticsi k\u00fcpsistega, k\u00fclastage: http:\/\/tools.google.com\/dlpage\/gaoptout<\/p><p>www.fitnsweet.eu svetain\u0117je naudojami Facebook pixel slapukas. \u0160\u012f Slapuk\u0105 i\u0161saugo \u201eFacebook\u201c. Jis leid\u017eia www.fitnsweet.eu \u012fvertinti, optimizuoti ir kurti auditorijas reklamos kampanijoms, kurios naudojamos \u201eFacebook\u201c svetain\u0117je. Vis\u0173 pirma jis leid\u017eia www.fitnsweet.eu matyti, kiek vartotoj\u0173 kei\u010dia \u012frenginius bandydami pasiekti Interneto svetaines ir \u201eFacebook\u201c, siekiant u\u017etikrinti, kad Interneto svetain\u0117s \u201eFacebook\u201c reklam\u0105 matyt\u0173 tie vartotojai, kuriems tokia reklama bus labiausiai aktuali remiantis vartotojo per\u017ei\u016br\u0117tu ir naudotu turiniu. I\u0161samesn\u0117 informacija apie \u201eFacebook Pixel\u201c pateikta tinklaviet\u0117je https:\/\/en-gb.facebook.com\/business\/help\/651294705016616.<\/p><p>\u201eFacebook\u201c naudojam\u0173 slapuk\u0173 ir \u201eFacebook Pixel Re-Marketing\u201c galite atsisakyti J\u016bs\u0173 Facebook paskyros nuostatose.<\/p><p>K\u00fcpsiste kaudu kogutud teavet s\u00e4ilitatakse kuni k\u00fcpsiste aegumiseni ja seda ei kasutata muudel eesm\u00e4rkidel kui k\u00e4esolevas poliitikas m\u00e4\u00e4ratletud.<\/p><p>Meie veebisait sisaldab linke teiste isikute, ettev\u00f5tete v\u00f5i organisatsioonide veebisaitidele. Pange t\u00e4hele, et www.fitnsweet.eu ei vastuta selliste veebisaitide sisu ega nende poolt kasutatavate privaatsuspoliitikate eest. Seega, kui kl\u00f5psate saidil www.fitnsweet.eu teistele veebisaitidele viival lingil, peaksite nende privaatsuspoliitikat eraldi lugema.<\/p><h2><b>Sinu \u00f5igused<\/b><\/h2><h3>Teil on \u00f5igus:<\/h3><div class=\"elementor-element elementor-element-79a8cb8 elementor-widget elementor-widget-text-editor\" data-id=\"79a8cb8\" data-element_type=\"widget\" data-widget_type=\"text-editor.default\"><div class=\"elementor-widget-container\"><div class=\"elementor-text-editor elementor-clearfix\"><ul><li>juurdep\u00e4\u00e4s meie andmetele, mida t\u00f6\u00f6tleme p\u00e4rast k\u00fcpsiste saamist;<\/li><li>n\u00f5uda mittet\u00e4ielike, ebat\u00e4psete andmete parandamist;<\/li><li>esitama meile kirjaliku taotluse anda teile teavet selle kohta, kas teiega seotud andmeid t\u00f6\u00f6deldakse ja kui selliseid andmeid t\u00f6\u00f6deldakse, on teil \u00f5igus tutvuda oma isikuandmetega ja j\u00e4rgmise teabega: t\u00f6\u00f6tlemise eesm\u00e4rgid; asjaomaste isikuandmete kategooriad; andmeid<br \/>saajad v\u00f5i saajate kategooriad, kellele teie isikuandmeid on v\u00f5i avalikustatakse; v\u00f5imaluse korral esitatakse isikuandmed<br \/>s\u00e4ilitusaeg v\u00f5i, kui see ei ole v\u00f5imalik, siis selle t\u00e4htaja m\u00e4\u00e4ramise kriteeriumid;<\/li><li>n\u00f5uda meilt teie isikuandmete kustutamist. Sellest hoolimata ei ole see \u00f5igus absoluutne ja seda saab \u00f5igustada v\u00e4hemalt \u00fchel j\u00e4rgmistest p\u00f5hjustest: isikuandmed ei ole enam vajalikud eesm\u00e4rkidel, milleks neid koguti v\u00f5i muul viisil t\u00f6\u00f6deldi; Olete otsustanud oma n\u00f5usoleku oma isikuandmete t\u00f6\u00f6tlemiseks tagasi v\u00f5tta, kui teie isikuandmeid t\u00f6\u00f6deldakse eranditult n\u00f5usoleku alusel ja teie isikuandmete t\u00f6\u00f6tlemiseks puudub muu alus; Te ei n\u00f5ustu oma isikuandmete t\u00f6\u00f6tlemisega seaduses s\u00e4testatud juhtudel ja andmete t\u00f6\u00f6tlemiseks puuduvad \u00fclekaalukad legitiimsed p\u00f5hjused; Teie isikuandmeid on t\u00f6\u00f6deldud ebaseaduslikult; Teie andmed tuleb kustutada, kui meilt seda n\u00f5utakse;<\/li><li>taotleda oma isikuandmete t\u00f6\u00f6tlemise piiramist \u00fchel j\u00e4rgmistest juhtudel: vaidlustate andmete \u00f5igsuse ajavahemikuks, mille jooksul saame teie isikuandmete \u00f5igsust kontrollida; Teie isikuandmete t\u00f6\u00f6tlemine on ebaseaduslik ja te ei n\u00f5ustu oma andmete kustutamisega ning taotlete selle asemel nende kasutamise piiramist; me ei vaja enam teie andmeid nende t\u00f6\u00f6tlemiseks, kuid teil on vaja neid tuua, teostada v\u00f5i<br \/>\u00f5igusn\u00f5uete kaitsmiseks. Kui teie isikuandmete t\u00f6\u00f6tlemine on piiratud, v\u00f5ime neid andmeid, v\u00e4lja arvatud s\u00e4ilitamine, t\u00f6\u00f6delda ainult teie n\u00f5usolekul v\u00f5i juriidiliste n\u00f5uete kehtestamise, j\u00f5ustamise v\u00f5i kaitsmise ja\/v\u00f5i teie v\u00f5i teise isiku \u00f5iguste kaitsmise eesm\u00e4rgil v\u00f5i avalik huvi;<\/li><li>t\u00fchistada n\u00f5usolek teie isikuandmete t\u00f6\u00f6tlemiseks, kui isikuandmeid t\u00f6\u00f6deldakse eranditult teie n\u00f5usoleku alusel;<\/li><li>n\u00f5uda, et me edastaksime teie poolt t\u00f6\u00f6deldavad isikuandmed teisele vastutavale t\u00f6\u00f6tlejale, kui see on tehniliselt v\u00f5imalik;<\/li><li>esitage meile v\u00f5i Riiklikule Andmekaitse Inspektsioonile kaebus, kui arvate, et teie kui andmesubjekti \u00f5igusi on rikutud ja\/v\u00f5i v\u00f5idakse rikkuda.<\/li><\/ul><\/div><\/div><\/div><div class=\"elementor-element elementor-element-b9a02f9 elementor-widget elementor-widget-text-editor\" data-id=\"b9a02f9\" data-element_type=\"widget\" data-widget_type=\"text-editor.default\"><div class=\"elementor-widget-container\"><div class=\"elementor-text-editor elementor-clearfix\">\u00a0<\/div><\/div><\/div><p>Kui teil on k\u00fcsimusi v\u00f5i soovite oma \u00f5igusi kasutada, v\u00f5tke meiega \u00fchendust sellel saidil loetletud viisidel.<\/p>\t\t\t\t\t\t\t\t<\/div>\n\t\t\t\t<\/div>\n\t\t\t\t\t<\/div>\n\t\t<\/div>\n\t\t\t\t\t<\/div>\n\t\t<\/section>\n\t\t\t\t<\/div>","protected":false},"excerpt":{"rendered":"<p>\u0160i\u0105 Privatumo ir slapuk\u0173 politik\u0105 (toliau \u2013 Politika) taikome tais atvejais, kai lankot\u0117s www.fitnsweet.eu internetin\u0117je parduotuv\u0117je. M\u016bs\u0173 interneto svetain\u0117s lankytoj\u0173 duomenis renkame laikydamiesi Lietuvos Respublikos asmens duomen\u0173 teisin\u0117s apsaugos \u012fstatymo, Lietuvos Respublikos elektronini\u0173 ry\u0161i\u0173 \u012fstatymo, Europos S\u0105jungos asmens duomen\u0173 apsaugos \u012fstatym\u0173, kit\u0173 susijusi\u0173 teis\u0117s akt\u0173 bei kontroliuojan\u010di\u0173 institucij\u0173 nurodym\u0173 su pa\u010di\u0173 lankytoj\u0173 sutikimu. Renkami duomenys [&hellip;]<\/p>","protected":false},"author":1,"featured_media":0,"parent":0,"menu_order":0,"comment_status":"closed","ping_status":"closed","template":"","meta":{"site-sidebar-layout":"default","site-content-layout":"","ast-site-content-layout":"default","site-content-style":"default","site-sidebar-style":"default","ast-global-header-display":"","ast-banner-title-visibility":"","ast-main-header-display":"","ast-hfb-above-header-display":"","ast-hfb-below-header-display":"","ast-hfb-mobile-header-display":"","site-post-title":"","ast-breadcrumbs-content":"","ast-featured-img":"","footer-sml-layout":"","ast-disable-related-posts":"","theme-transparent-header-meta":"","adv-header-id-meta":"","stick-header-meta":"","header-above-stick-meta":"","header-main-stick-meta":"","header-below-stick-meta":"","astra-migrate-meta-layouts":"default","ast-page-background-enabled":"default","ast-page-background-meta":{"desktop":{"background-color":"var(--ast-global-color-4)","background-image":"","background-repeat":"repeat","background-position":"center center","background-size":"auto","background-attachment":"scroll","background-type":"","background-media":"","overlay-type":"","overlay-color":"","overlay-opacity":"","overlay-gradient":""},"tablet":{"background-color":"","background-image":"","background-repeat":"repeat","background-position":"center center","background-size":"auto","background-attachment":"scroll","background-type":"","background-media":"","overlay-type":"","overlay-color":"","overlay-opacity":"","overlay-gradient":""},"mobile":{"background-color":"","background-image":"","background-repeat":"repeat","background-position":"center center","background-size":"auto","background-attachment":"scroll","background-type":"","background-media":"","overlay-type":"","overlay-color":"","overlay-opacity":"","overlay-gradient":""}},"ast-content-background-meta":{"desktop":{"background-color":"var(--ast-global-color-5)","background-image":"","background-repeat":"repeat","background-position":"center center","background-size":"auto","background-attachment":"scroll","background-type":"","background-media":"","overlay-type":"","overlay-color":"","overlay-opacity":"","overlay-gradient":""},"tablet":{"background-color":"var(--ast-global-color-5)","background-image":"","background-repeat":"repeat","background-position":"center center","background-size":"auto","background-attachment":"scroll","background-type":"","background-media":"","overlay-type":"","overlay-color":"","overlay-opacity":"","overlay-gradient":""},"mobile":{"background-color":"var(--ast-global-color-5)","background-image":"","background-repeat":"repeat","background-position":"center center","background-size":"auto","background-attachment":"scroll","background-type":"","background-media":"","overlay-type":"","overlay-color":"","overlay-opacity":"","overlay-gradient":""}},"footnotes":""},"class_list":["post-30279","page","type-page","status-publish","hentry"],"yoast_head":"<!-- This site is optimized with the Yoast SEO plugin v26.9 - https:\/\/yoast.com\/product\/yoast-seo-wordpress\/ -->\n<title>Privatumo politika - Fitnsweet.eu<\/title>\n<meta name=\"robots\" content=\"index, follow, max-snippet:-1, max-image-preview:large, max-video-preview:-1\" \/>\n<link rel=\"canonical\" href=\"https:\/\/fitnsweet.eu\/et\/privaatsuspoliitika-2\/\" \/>\n<meta property=\"og:locale\" content=\"et_EE\" \/>\n<meta property=\"og:type\" content=\"article\" \/>\n<meta property=\"og:title\" content=\"Privatumo politika - Fitnsweet.eu\" \/>\n<meta property=\"og:description\" content=\"\u0160i\u0105 Privatumo ir slapuk\u0173 politik\u0105 (toliau \u2013 Politika) taikome tais atvejais, kai lankot\u0117s www.fitnsweet.eu internetin\u0117je parduotuv\u0117je. M\u016bs\u0173 interneto svetain\u0117s lankytoj\u0173 duomenis renkame laikydamiesi Lietuvos Respublikos asmens duomen\u0173 teisin\u0117s apsaugos \u012fstatymo, Lietuvos Respublikos elektronini\u0173 ry\u0161i\u0173 \u012fstatymo, Europos S\u0105jungos asmens duomen\u0173 apsaugos \u012fstatym\u0173, kit\u0173 susijusi\u0173 teis\u0117s akt\u0173 bei kontroliuojan\u010di\u0173 institucij\u0173 nurodym\u0173 su pa\u010di\u0173 lankytoj\u0173 sutikimu. Renkami duomenys [&hellip;]\" \/>\n<meta property=\"og:url\" content=\"https:\/\/fitnsweet.eu\/et\/privaatsuspoliitika-2\/\" \/>\n<meta property=\"og:site_name\" content=\"Fitnsweet.eu\" \/>\n<meta property=\"article:modified_time\" content=\"2022-08-17T09:30:10+00:00\" \/>\n<meta name=\"twitter:card\" content=\"summary_large_image\" \/>\n<meta name=\"twitter:label1\" content=\"Est. reading time\" \/>\n\t<meta name=\"twitter:data1\" content=\"7 minutit\" \/>\n<script type=\"application\/ld+json\" class=\"yoast-schema-graph\">{\"@context\":\"https:\/\/schema.org\",\"@graph\":[{\"@type\":\"WebPage\",\"@id\":\"https:\/\/fitnsweet.eu\/privatumo-politika\/\",\"url\":\"https:\/\/fitnsweet.eu\/privatumo-politika\/\",\"name\":\"Privatumo politika - Fitnsweet.eu\",\"isPartOf\":{\"@id\":\"https:\/\/fitnsweet.eu\/#website\"},\"datePublished\":\"2022-02-10T16:14:55+00:00\",\"dateModified\":\"2022-08-17T09:30:10+00:00\",\"breadcrumb\":{\"@id\":\"https:\/\/fitnsweet.eu\/privatumo-politika\/#breadcrumb\"},\"inLanguage\":\"et\",\"potentialAction\":[{\"@type\":\"ReadAction\",\"target\":[\"https:\/\/fitnsweet.eu\/privatumo-politika\/\"]}]},{\"@type\":\"BreadcrumbList\",\"@id\":\"https:\/\/fitnsweet.eu\/privatumo-politika\/#breadcrumb\",\"itemListElement\":[{\"@type\":\"ListItem\",\"position\":1,\"name\":\"Home\",\"item\":\"https:\/\/fitnsweet.eu\/\"},{\"@type\":\"ListItem\",\"position\":2,\"name\":\"Privatumo politika\"}]},{\"@type\":\"WebSite\",\"@id\":\"https:\/\/fitnsweet.eu\/#website\",\"url\":\"https:\/\/fitnsweet.eu\/\",\"name\":\"Fitnsweet.eu\",\"description\":\"Sveika. Saldu. Naudinga.\",\"potentialAction\":[{\"@type\":\"SearchAction\",\"target\":{\"@type\":\"EntryPoint\",\"urlTemplate\":\"https:\/\/fitnsweet.eu\/?s={search_term_string}\"},\"query-input\":{\"@type\":\"PropertyValueSpecification\",\"valueRequired\":true,\"valueName\":\"search_term_string\"}}],\"inLanguage\":\"et\"}]}<\/script>\n<!-- \/ Yoast SEO plugin. -->","yoast_head_json":{"title":"Privatumo politika - Fitnsweet.eu","robots":{"index":"index","follow":"follow","max-snippet":"max-snippet:-1","max-image-preview":"max-image-preview:large","max-video-preview":"max-video-preview:-1"},"canonical":"https:\/\/fitnsweet.eu\/et\/privaatsuspoliitika-2\/","og_locale":"et_EE","og_type":"article","og_title":"Privatumo politika - Fitnsweet.eu","og_description":"\u0160i\u0105 Privatumo ir slapuk\u0173 politik\u0105 (toliau \u2013 Politika) taikome tais atvejais, kai lankot\u0117s www.fitnsweet.eu internetin\u0117je parduotuv\u0117je. M\u016bs\u0173 interneto svetain\u0117s lankytoj\u0173 duomenis renkame laikydamiesi Lietuvos Respublikos asmens duomen\u0173 teisin\u0117s apsaugos \u012fstatymo, Lietuvos Respublikos elektronini\u0173 ry\u0161i\u0173 \u012fstatymo, Europos S\u0105jungos asmens duomen\u0173 apsaugos \u012fstatym\u0173, kit\u0173 susijusi\u0173 teis\u0117s akt\u0173 bei kontroliuojan\u010di\u0173 institucij\u0173 nurodym\u0173 su pa\u010di\u0173 lankytoj\u0173 sutikimu. Renkami duomenys [&hellip;]","og_url":"https:\/\/fitnsweet.eu\/et\/privaatsuspoliitika-2\/","og_site_name":"Fitnsweet.eu","article_modified_time":"2022-08-17T09:30:10+00:00","twitter_card":"summary_large_image","twitter_misc":{"Est. reading time":"7 minutit"},"schema":{"@context":"https:\/\/schema.org","@graph":[{"@type":"WebPage","@id":"https:\/\/fitnsweet.eu\/privatumo-politika\/","url":"https:\/\/fitnsweet.eu\/privatumo-politika\/","name":"Privatumo politika - Fitnsweet.eu","isPartOf":{"@id":"https:\/\/fitnsweet.eu\/#website"},"datePublished":"2022-02-10T16:14:55+00:00","dateModified":"2022-08-17T09:30:10+00:00","breadcrumb":{"@id":"https:\/\/fitnsweet.eu\/privatumo-politika\/#breadcrumb"},"inLanguage":"et","potentialAction":[{"@type":"ReadAction","target":["https:\/\/fitnsweet.eu\/privatumo-politika\/"]}]},{"@type":"BreadcrumbList","@id":"https:\/\/fitnsweet.eu\/privatumo-politika\/#breadcrumb","itemListElement":[{"@type":"ListItem","position":1,"name":"Home","item":"https:\/\/fitnsweet.eu\/"},{"@type":"ListItem","position":2,"name":"Privatumo politika"}]},{"@type":"WebSite","@id":"https:\/\/fitnsweet.eu\/#website","url":"https:\/\/fitnsweet.eu\/","name":"Fitnsweet.eu","description":"Tere. Armas. Kasulik.","potentialAction":[{"@type":"SearchAction","target":{"@type":"EntryPoint","urlTemplate":"https:\/\/fitnsweet.eu\/?s={search_term_string}"},"query-input":{"@type":"PropertyValueSpecification","valueRequired":true,"valueName":"search_term_string"}}],"inLanguage":"et"}]}},"_links":{"self":[{"href":"https:\/\/fitnsweet.eu\/et\/wp-json\/wp\/v2\/pages\/30279","targetHints":{"allow":["GET"]}}],"collection":[{"href":"https:\/\/fitnsweet.eu\/et\/wp-json\/wp\/v2\/pages"}],"about":[{"href":"https:\/\/fitnsweet.eu\/et\/wp-json\/wp\/v2\/types\/page"}],"author":[{"embeddable":true,"href":"https:\/\/fitnsweet.eu\/et\/wp-json\/wp\/v2\/users\/1"}],"replies":[{"embeddable":true,"href":"https:\/\/fitnsweet.eu\/et\/wp-json\/wp\/v2\/comments?post=30279"}],"version-history":[{"count":0,"href":"https:\/\/fitnsweet.eu\/et\/wp-json\/wp\/v2\/pages\/30279\/revisions"}],"wp:attachment":[{"href":"https:\/\/fitnsweet.eu\/et\/wp-json\/wp\/v2\/media?parent=30279"}],"curies":[{"name":"wp","href":"https:\/\/api.w.org\/{rel}","templated":true}]}}