{"id":32382,"date":"2022-08-10T14:07:08","date_gmt":"2022-08-10T11:07:08","guid":{"rendered":"https:\/\/fitnsweet.eu\/?page_id=32382"},"modified":"2026-02-16T11:56:10","modified_gmt":"2026-02-16T09:56:10","slug":"d-u-k","status":"publish","type":"page","link":"https:\/\/fitnsweet.eu\/et\/d-u-k\/","title":{"rendered":"KKK"},"content":{"rendered":"<div data-elementor-type=\"wp-page\" data-elementor-id=\"32382\" class=\"elementor elementor-32382\" data-elementor-post-type=\"page\">\n\t\t\t\t\t\t<section class=\"elementor-section elementor-top-section elementor-element elementor-element-bb3b91d elementor-section-boxed elementor-section-height-default elementor-section-height-default\" data-id=\"bb3b91d\" data-element_type=\"section\" data-e-type=\"section\">\n\t\t\t\t\t\t<div class=\"elementor-container elementor-column-gap-default\">\n\t\t\t\t\t<div class=\"elementor-column elementor-col-100 elementor-top-column elementor-element elementor-element-6844f01\" data-id=\"6844f01\" data-element_type=\"column\" data-e-type=\"column\">\n\t\t\t<div class=\"elementor-widget-wrap elementor-element-populated\">\n\t\t\t\t\t\t<div class=\"elementor-element elementor-element-efc25b5 elementor-widget elementor-widget-accordion\" data-id=\"efc25b5\" data-element_type=\"widget\" data-e-type=\"widget\" data-widget_type=\"accordion.default\">\n\t\t\t\t<div class=\"elementor-widget-container\">\n\t\t\t\t\t\t\t<div class=\"elementor-accordion\">\n\t\t\t\t\t\t\t<div class=\"elementor-accordion-item\">\n\t\t\t\t\t<div id=\"elementor-tab-title-2511\" class=\"elementor-tab-title\" data-tab=\"1\" role=\"button\" aria-controls=\"elementor-tab-content-2511\" aria-expanded=\"false\">\n\t\t\t\t\t\t\t\t\t\t\t\t\t<span class=\"elementor-accordion-icon elementor-accordion-icon-right\" aria-hidden=\"true\">\n\t\t\t\t\t\t\t\t\t\t\t\t\t\t\t<span class=\"elementor-accordion-icon-closed\"><i class=\"fas fa-plus\"><\/i><\/span>\n\t\t\t\t\t\t\t\t<span class=\"elementor-accordion-icon-opened\"><i class=\"fas fa-minus\"><\/i><\/span>\n\t\t\t\t\t\t\t\t\t\t\t\t\t\t<\/span>\n\t\t\t\t\t\t\t\t\t\t\t\t<a class=\"elementor-accordion-title\" tabindex=\"0\">Per kiek laiko gausiu savo u\u017esakym\u0105?<\/a>\n\t\t\t\t\t<\/div>\n\t\t\t\t\t<div id=\"elementor-tab-content-2511\" class=\"elementor-tab-content elementor-clearfix\" data-tab=\"1\" role=\"region\" aria-labelledby=\"elementor-tab-title-2511\"><h4><strong>\u0160IUO METU PRISTATYMAS PER 3-5 DARBO DIENAS<\/strong><\/h4><\/div>\n\t\t\t\t<\/div>\n\t\t\t\t\t\t\t<div class=\"elementor-accordion-item\">\n\t\t\t\t\t<div id=\"elementor-tab-title-2512\" class=\"elementor-tab-title\" data-tab=\"2\" role=\"button\" aria-controls=\"elementor-tab-content-2512\" aria-expanded=\"false\">\n\t\t\t\t\t\t\t\t\t\t\t\t\t<span class=\"elementor-accordion-icon elementor-accordion-icon-right\" aria-hidden=\"true\">\n\t\t\t\t\t\t\t\t\t\t\t\t\t\t\t<span class=\"elementor-accordion-icon-closed\"><i class=\"fas fa-plus\"><\/i><\/span>\n\t\t\t\t\t\t\t\t<span class=\"elementor-accordion-icon-opened\"><i class=\"fas fa-minus\"><\/i><\/span>\n\t\t\t\t\t\t\t\t\t\t\t\t\t\t<\/span>\n\t\t\t\t\t\t\t\t\t\t\t\t<a class=\"elementor-accordion-title\" tabindex=\"0\">Ar galima Slim Queen kokteilius vartoti n\u0117\u0161\u010dioms ar \u017eindan\u010dioms moterims?<\/a>\n\t\t\t\t\t<\/div>\n\t\t\t\t\t<div id=\"elementor-tab-content-2512\" class=\"elementor-tab-content elementor-clearfix\" data-tab=\"2\" role=\"region\" aria-labelledby=\"elementor-tab-title-2512\"><p>N\u0117\u0161\u010dios ar \u017eindan\u010dios moterys n\u0117ra ta \u017emoni\u0173 grup\u0117 su kuria b\u016bt\u0173 atliekami kokie moksliniai tyrimai su tokio tipo gaminiais, kuriais remiantis b\u016bt\u0173 galima pateikti atsakym\u0105. Ta\u010diau, m\u016bs\u0173 kokteiliuose n\u0117ra nieko, kas gal\u0117t\u0173 pakenkti tiek n\u0117\u0161tumo metu, tiek \u017eindymo metu. Tik svarbu, kad n\u0117\u0161tumo metu Slim Queen kokteilis neb\u016bt\u0173 naudojamas kaip maisto pakaitalas, nebent kaip skan\u0117stas ar u\u017ekandis. Taip pat \u017eindymo metu geriau b\u016bt\u0173 visgi rinktis Slim Queen Pro kokteil\u012f kuris tinka ir netoleruojant laktoz\u0117s.<\/p><\/div>\n\t\t\t\t<\/div>\n\t\t\t\t\t\t\t<div class=\"elementor-accordion-item\">\n\t\t\t\t\t<div id=\"elementor-tab-title-2513\" class=\"elementor-tab-title\" data-tab=\"3\" role=\"button\" aria-controls=\"elementor-tab-content-2513\" aria-expanded=\"false\">\n\t\t\t\t\t\t\t\t\t\t\t\t\t<span class=\"elementor-accordion-icon elementor-accordion-icon-right\" aria-hidden=\"true\">\n\t\t\t\t\t\t\t\t\t\t\t\t\t\t\t<span class=\"elementor-accordion-icon-closed\"><i class=\"fas fa-plus\"><\/i><\/span>\n\t\t\t\t\t\t\t\t<span class=\"elementor-accordion-icon-opened\"><i class=\"fas fa-minus\"><\/i><\/span>\n\t\t\t\t\t\t\t\t\t\t\t\t\t\t<\/span>\n\t\t\t\t\t\t\t\t\t\t\t\t<a class=\"elementor-accordion-title\" tabindex=\"0\">Ar Slim Queen kokteil\u012f b\u016btina darytis tik su pienu?<\/a>\n\t\t\t\t\t<\/div>\n\t\t\t\t\t<div id=\"elementor-tab-content-2513\" class=\"elementor-tab-content elementor-clearfix\" data-tab=\"3\" role=\"region\" aria-labelledby=\"elementor-tab-title-2513\"><p>Galite darytis ir su vandeniu, ir su augaliniu (migdol\u0173, avi\u017e\u0173, sojos ir kt) pienu, ir su \u012fprastu karv\u0117s pienu, ar net su kefyru. Tik darant su vandeniu nebus toks ry\u0161kus ir stiprus skonis koks gaunasi darant su pienu.<\/p><\/div>\n\t\t\t\t<\/div>\n\t\t\t\t\t\t\t<div class=\"elementor-accordion-item\">\n\t\t\t\t\t<div id=\"elementor-tab-title-2514\" class=\"elementor-tab-title\" data-tab=\"4\" role=\"button\" aria-controls=\"elementor-tab-content-2514\" aria-expanded=\"false\">\n\t\t\t\t\t\t\t\t\t\t\t\t\t<span class=\"elementor-accordion-icon elementor-accordion-icon-right\" aria-hidden=\"true\">\n\t\t\t\t\t\t\t\t\t\t\t\t\t\t\t<span class=\"elementor-accordion-icon-closed\"><i class=\"fas fa-plus\"><\/i><\/span>\n\t\t\t\t\t\t\t\t<span class=\"elementor-accordion-icon-opened\"><i class=\"fas fa-minus\"><\/i><\/span>\n\t\t\t\t\t\t\t\t\t\t\t\t\t\t<\/span>\n\t\t\t\t\t\t\t\t\t\t\t\t<a class=\"elementor-accordion-title\" tabindex=\"0\">Ar galiu atsiskaityti kurjeriui pristatymo metu?<\/a>\n\t\t\t\t\t<\/div>\n\t\t\t\t\t<div id=\"elementor-tab-content-2514\" class=\"elementor-tab-content elementor-clearfix\" data-tab=\"4\" role=\"region\" aria-labelledby=\"elementor-tab-title-2514\"><p>Taip, galimas atsiskaitymas ir siuntos pristatymo metu. \u0160iam atsiskaitymo b\u016bdui taikomas papildomas COD 3,00\u20ac mokestis.<\/p><\/div>\n\t\t\t\t<\/div>\n\t\t\t\t\t\t\t<div class=\"elementor-accordion-item\">\n\t\t\t\t\t<div id=\"elementor-tab-title-2515\" class=\"elementor-tab-title\" data-tab=\"5\" role=\"button\" aria-controls=\"elementor-tab-content-2515\" aria-expanded=\"false\">\n\t\t\t\t\t\t\t\t\t\t\t\t\t<span class=\"elementor-accordion-icon elementor-accordion-icon-right\" aria-hidden=\"true\">\n\t\t\t\t\t\t\t\t\t\t\t\t\t\t\t<span class=\"elementor-accordion-icon-closed\"><i class=\"fas fa-plus\"><\/i><\/span>\n\t\t\t\t\t\t\t\t<span class=\"elementor-accordion-icon-opened\"><i class=\"fas fa-minus\"><\/i><\/span>\n\t\t\t\t\t\t\t\t\t\t\t\t\t\t<\/span>\n\t\t\t\t\t\t\t\t\t\t\t\t<a class=\"elementor-accordion-title\" tabindex=\"0\">Kur galima \u012fsigyti m\u016bs\u0173 gamini\u0173?<\/a>\n\t\t\t\t\t<\/div>\n\t\t\t\t\t<div id=\"elementor-tab-content-2515\" class=\"elementor-tab-content elementor-clearfix\" data-tab=\"5\" role=\"region\" aria-labelledby=\"elementor-tab-title-2515\"><p>Kol kas m\u016bs\u0173 gaminius galima \u012fsigyti tik m\u016bs\u0173 el parduotuv\u0117je <a href=\"https:\/\/fitnsweet.eu\/et\/\" target=\"_blank\" rel=\"noopener\" data-saferedirecturl=\"https:\/\/www.google.com\/url?q=http:\/\/www.fitnsweet.eu&amp;source=gmail&amp;ust=1660210964210000&amp;usg=AOvVaw25v1ueiOfHY-Pf-vMe40Qe\">www.fitnsweet.eu<\/a><\/p><\/div>\n\t\t\t\t<\/div>\n\t\t\t\t\t\t\t<div class=\"elementor-accordion-item\">\n\t\t\t\t\t<div id=\"elementor-tab-title-2516\" class=\"elementor-tab-title\" data-tab=\"6\" role=\"button\" aria-controls=\"elementor-tab-content-2516\" aria-expanded=\"false\">\n\t\t\t\t\t\t\t\t\t\t\t\t\t<span class=\"elementor-accordion-icon elementor-accordion-icon-right\" aria-hidden=\"true\">\n\t\t\t\t\t\t\t\t\t\t\t\t\t\t\t<span class=\"elementor-accordion-icon-closed\"><i class=\"fas fa-plus\"><\/i><\/span>\n\t\t\t\t\t\t\t\t<span class=\"elementor-accordion-icon-opened\"><i class=\"fas fa-minus\"><\/i><\/span>\n\t\t\t\t\t\t\t\t\t\t\t\t\t\t<\/span>\n\t\t\t\t\t\t\t\t\t\t\t\t<a class=\"elementor-accordion-title\" tabindex=\"0\">Ar galiu apsipirkti netapus registruotu lankytoju?<\/a>\n\t\t\t\t\t<\/div>\n\t\t\t\t\t<div id=\"elementor-tab-content-2516\" class=\"elementor-tab-content elementor-clearfix\" data-tab=\"6\" role=\"region\" aria-labelledby=\"elementor-tab-title-2516\"><p>\u017dinoma, galite apsipirkti kaip \u201esve\u010dias\u201d.<\/p><p>Registracija prie\u0161 apsiperkant neb\u016btina.<\/p><\/div>\n\t\t\t\t<\/div>\n\t\t\t\t\t\t\t<div class=\"elementor-accordion-item\">\n\t\t\t\t\t<div id=\"elementor-tab-title-2517\" class=\"elementor-tab-title\" data-tab=\"7\" role=\"button\" aria-controls=\"elementor-tab-content-2517\" aria-expanded=\"false\">\n\t\t\t\t\t\t\t\t\t\t\t\t\t<span class=\"elementor-accordion-icon elementor-accordion-icon-right\" aria-hidden=\"true\">\n\t\t\t\t\t\t\t\t\t\t\t\t\t\t\t<span class=\"elementor-accordion-icon-closed\"><i class=\"fas fa-plus\"><\/i><\/span>\n\t\t\t\t\t\t\t\t<span class=\"elementor-accordion-icon-opened\"><i class=\"fas fa-minus\"><\/i><\/span>\n\t\t\t\t\t\t\t\t\t\t\t\t\t\t<\/span>\n\t\t\t\t\t\t\t\t\t\t\t\t<a class=\"elementor-accordion-title\" tabindex=\"0\">Ar siun\u010diate \u012f u\u017esien\u012f?<\/a>\n\t\t\t\t\t<\/div>\n\t\t\t\t\t<div id=\"elementor-tab-content-2517\" class=\"elementor-tab-content elementor-clearfix\" data-tab=\"7\" role=\"region\" aria-labelledby=\"elementor-tab-title-2517\"><p>Tikrai taip, siun\u010diame visur kur esate J\u016bs. Siuntimas \u012f u\u017esien\u012f apmokestinamas fiksuotu tarifu, kuris nekinta nuo u\u017esakymo dyd\u017eio ar siuntos svorio.<\/p><\/div>\n\t\t\t\t<\/div>\n\t\t\t\t\t\t\t\t<\/div>\n\t\t\t\t\t\t<\/div>\n\t\t\t\t<\/div>\n\t\t\t\t\t<\/div>\n\t\t<\/div>\n\t\t\t\t\t<\/div>\n\t\t<\/section>\n\t\t\t\t<\/div>","protected":false},"excerpt":{"rendered":"<p>Per kiek laiko gausiu savo u\u017esakym\u0105? \u0160IUO METU PRISTATYMAS PER 3-5 DARBO DIENAS Ar galima Slim Queen kokteilius vartoti n\u0117\u0161\u010dioms ar \u017eindan\u010dioms moterims? N\u0117\u0161\u010dios ar \u017eindan\u010dios moterys n\u0117ra ta \u017emoni\u0173 grup\u0117 su kuria b\u016bt\u0173 atliekami kokie moksliniai tyrimai su tokio tipo gaminiais, kuriais remiantis b\u016bt\u0173 galima pateikti atsakym\u0105. Ta\u010diau, m\u016bs\u0173 kokteiliuose n\u0117ra nieko, kas gal\u0117t\u0173 [&hellip;]<\/p>","protected":false},"author":2961,"featured_media":0,"parent":0,"menu_order":0,"comment_status":"closed","ping_status":"closed","template":"elementor_header_footer","meta":{"site-sidebar-layout":"default","site-content-layout":"","ast-site-content-layout":"default","site-content-style":"default","site-sidebar-style":"default","ast-global-header-display":"","ast-banner-title-visibility":"","ast-main-header-display":"","ast-hfb-above-header-display":"","ast-hfb-below-header-display":"","ast-hfb-mobile-header-display":"","site-post-title":"","ast-breadcrumbs-content":"","ast-featured-img":"","footer-sml-layout":"","ast-disable-related-posts":"","theme-transparent-header-meta":"","adv-header-id-meta":"","stick-header-meta":"","header-above-stick-meta":"","header-main-stick-meta":"","header-below-stick-meta":"","astra-migrate-meta-layouts":"default","ast-page-background-enabled":"default","ast-page-background-meta":{"desktop":{"background-color":"var(--ast-global-color-4)","background-image":"","background-repeat":"repeat","background-position":"center center","background-size":"auto","background-attachment":"scroll","background-type":"","background-media":"","overlay-type":"","overlay-color":"","overlay-opacity":"","overlay-gradient":""},"tablet":{"background-color":"","background-image":"","background-repeat":"repeat","background-position":"center center","background-size":"auto","background-attachment":"scroll","background-type":"","background-media":"","overlay-type":"","overlay-color":"","overlay-opacity":"","overlay-gradient":""},"mobile":{"background-color":"","background-image":"","background-repeat":"repeat","background-position":"center center","background-size":"auto","background-attachment":"scroll","background-type":"","background-media":"","overlay-type":"","overlay-color":"","overlay-opacity":"","overlay-gradient":""}},"ast-content-background-meta":{"desktop":{"background-color":"var(--ast-global-color-5)","background-image":"","background-repeat":"repeat","background-position":"center center","background-size":"auto","background-attachment":"scroll","background-type":"","background-media":"","overlay-type":"","overlay-color":"","overlay-opacity":"","overlay-gradient":""},"tablet":{"background-color":"var(--ast-global-color-5)","background-image":"","background-repeat":"repeat","background-position":"center center","background-size":"auto","background-attachment":"scroll","background-type":"","background-media":"","overlay-type":"","overlay-color":"","overlay-opacity":"","overlay-gradient":""},"mobile":{"background-color":"var(--ast-global-color-5)","background-image":"","background-repeat":"repeat","background-position":"center center","background-size":"auto","background-attachment":"scroll","background-type":"","background-media":"","overlay-type":"","overlay-color":"","overlay-opacity":"","overlay-gradient":""}},"footnotes":""},"class_list":["post-32382","page","type-page","status-publish","hentry"],"yoast_head":"<!-- This site is optimized with the Yoast SEO plugin v26.9 - https:\/\/yoast.com\/product\/yoast-seo-wordpress\/ -->\n<title>D.U.K. - Fitnsweet.eu<\/title>\n<meta name=\"robots\" content=\"index, follow, max-snippet:-1, max-image-preview:large, max-video-preview:-1\" \/>\n<link rel=\"canonical\" href=\"https:\/\/fitnsweet.eu\/et\/d-u-k\/\" \/>\n<meta property=\"og:locale\" content=\"et_EE\" \/>\n<meta property=\"og:type\" content=\"article\" \/>\n<meta property=\"og:title\" content=\"D.U.K. - Fitnsweet.eu\" \/>\n<meta property=\"og:description\" content=\"Per kiek laiko gausiu savo u\u017esakym\u0105? \u0160IUO METU PRISTATYMAS PER 3-5 DARBO DIENAS Ar galima Slim Queen kokteilius vartoti n\u0117\u0161\u010dioms ar \u017eindan\u010dioms moterims? N\u0117\u0161\u010dios ar \u017eindan\u010dios moterys n\u0117ra ta \u017emoni\u0173 grup\u0117 su kuria b\u016bt\u0173 atliekami kokie moksliniai tyrimai su tokio tipo gaminiais, kuriais remiantis b\u016bt\u0173 galima pateikti atsakym\u0105. Ta\u010diau, m\u016bs\u0173 kokteiliuose n\u0117ra nieko, kas gal\u0117t\u0173 [&hellip;]\" \/>\n<meta property=\"og:url\" content=\"https:\/\/fitnsweet.eu\/et\/d-u-k\/\" \/>\n<meta property=\"og:site_name\" content=\"Fitnsweet.eu\" \/>\n<meta property=\"article:modified_time\" content=\"2026-02-16T09:56:10+00:00\" \/>\n<meta name=\"twitter:card\" content=\"summary_large_image\" \/>\n<meta name=\"twitter:label1\" content=\"Est. reading time\" \/>\n\t<meta name=\"twitter:data1\" content=\"1 minut\" \/>\n<script type=\"application\/ld+json\" class=\"yoast-schema-graph\">{\"@context\":\"https:\/\/schema.org\",\"@graph\":[{\"@type\":\"WebPage\",\"@id\":\"https:\/\/fitnsweet.eu\/d-u-k\/\",\"url\":\"https:\/\/fitnsweet.eu\/d-u-k\/\",\"name\":\"D.U.K. - Fitnsweet.eu\",\"isPartOf\":{\"@id\":\"https:\/\/fitnsweet.eu\/#website\"},\"datePublished\":\"2022-08-10T11:07:08+00:00\",\"dateModified\":\"2026-02-16T09:56:10+00:00\",\"breadcrumb\":{\"@id\":\"https:\/\/fitnsweet.eu\/d-u-k\/#breadcrumb\"},\"inLanguage\":\"et\",\"potentialAction\":[{\"@type\":\"ReadAction\",\"target\":[\"https:\/\/fitnsweet.eu\/d-u-k\/\"]}]},{\"@type\":\"BreadcrumbList\",\"@id\":\"https:\/\/fitnsweet.eu\/d-u-k\/#breadcrumb\",\"itemListElement\":[{\"@type\":\"ListItem\",\"position\":1,\"name\":\"Home\",\"item\":\"https:\/\/fitnsweet.eu\/\"},{\"@type\":\"ListItem\",\"position\":2,\"name\":\"D.U.K.\"}]},{\"@type\":\"WebSite\",\"@id\":\"https:\/\/fitnsweet.eu\/#website\",\"url\":\"https:\/\/fitnsweet.eu\/\",\"name\":\"Fitnsweet.eu\",\"description\":\"Sveika. Saldu. Naudinga.\",\"potentialAction\":[{\"@type\":\"SearchAction\",\"target\":{\"@type\":\"EntryPoint\",\"urlTemplate\":\"https:\/\/fitnsweet.eu\/?s={search_term_string}\"},\"query-input\":{\"@type\":\"PropertyValueSpecification\",\"valueRequired\":true,\"valueName\":\"search_term_string\"}}],\"inLanguage\":\"et\"}]}<\/script>\n<!-- \/ Yoast SEO plugin. -->","yoast_head_json":{"title":"D.U.K. - Fitnsweet.eu","robots":{"index":"index","follow":"follow","max-snippet":"max-snippet:-1","max-image-preview":"max-image-preview:large","max-video-preview":"max-video-preview:-1"},"canonical":"https:\/\/fitnsweet.eu\/et\/d-u-k\/","og_locale":"et_EE","og_type":"article","og_title":"D.U.K. - Fitnsweet.eu","og_description":"Per kiek laiko gausiu savo u\u017esakym\u0105? \u0160IUO METU PRISTATYMAS PER 3-5 DARBO DIENAS Ar galima Slim Queen kokteilius vartoti n\u0117\u0161\u010dioms ar \u017eindan\u010dioms moterims? N\u0117\u0161\u010dios ar \u017eindan\u010dios moterys n\u0117ra ta \u017emoni\u0173 grup\u0117 su kuria b\u016bt\u0173 atliekami kokie moksliniai tyrimai su tokio tipo gaminiais, kuriais remiantis b\u016bt\u0173 galima pateikti atsakym\u0105. Ta\u010diau, m\u016bs\u0173 kokteiliuose n\u0117ra nieko, kas gal\u0117t\u0173 [&hellip;]","og_url":"https:\/\/fitnsweet.eu\/et\/d-u-k\/","og_site_name":"Fitnsweet.eu","article_modified_time":"2026-02-16T09:56:10+00:00","twitter_card":"summary_large_image","twitter_misc":{"Est. reading time":"1 minut"},"schema":{"@context":"https:\/\/schema.org","@graph":[{"@type":"WebPage","@id":"https:\/\/fitnsweet.eu\/d-u-k\/","url":"https:\/\/fitnsweet.eu\/d-u-k\/","name":"D.U.K. - Fitnsweet.eu","isPartOf":{"@id":"https:\/\/fitnsweet.eu\/#website"},"datePublished":"2022-08-10T11:07:08+00:00","dateModified":"2026-02-16T09:56:10+00:00","breadcrumb":{"@id":"https:\/\/fitnsweet.eu\/d-u-k\/#breadcrumb"},"inLanguage":"et","potentialAction":[{"@type":"ReadAction","target":["https:\/\/fitnsweet.eu\/d-u-k\/"]}]},{"@type":"BreadcrumbList","@id":"https:\/\/fitnsweet.eu\/d-u-k\/#breadcrumb","itemListElement":[{"@type":"ListItem","position":1,"name":"Home","item":"https:\/\/fitnsweet.eu\/"},{"@type":"ListItem","position":2,"name":"D.U.K."}]},{"@type":"WebSite","@id":"https:\/\/fitnsweet.eu\/#website","url":"https:\/\/fitnsweet.eu\/","name":"Fitnsweet.eu","description":"Tere. Armas. Kasulik.","potentialAction":[{"@type":"SearchAction","target":{"@type":"EntryPoint","urlTemplate":"https:\/\/fitnsweet.eu\/?s={search_term_string}"},"query-input":{"@type":"PropertyValueSpecification","valueRequired":true,"valueName":"search_term_string"}}],"inLanguage":"et"}]}},"_links":{"self":[{"href":"https:\/\/fitnsweet.eu\/et\/wp-json\/wp\/v2\/pages\/32382","targetHints":{"allow":["GET"]}}],"collection":[{"href":"https:\/\/fitnsweet.eu\/et\/wp-json\/wp\/v2\/pages"}],"about":[{"href":"https:\/\/fitnsweet.eu\/et\/wp-json\/wp\/v2\/types\/page"}],"author":[{"embeddable":true,"href":"https:\/\/fitnsweet.eu\/et\/wp-json\/wp\/v2\/users\/2961"}],"replies":[{"embeddable":true,"href":"https:\/\/fitnsweet.eu\/et\/wp-json\/wp\/v2\/comments?post=32382"}],"version-history":[{"count":28,"href":"https:\/\/fitnsweet.eu\/et\/wp-json\/wp\/v2\/pages\/32382\/revisions"}],"predecessor-version":[{"id":59477,"href":"https:\/\/fitnsweet.eu\/et\/wp-json\/wp\/v2\/pages\/32382\/revisions\/59477"}],"wp:attachment":[{"href":"https:\/\/fitnsweet.eu\/et\/wp-json\/wp\/v2\/media?parent=32382"}],"curies":[{"name":"wp","href":"https:\/\/api.w.org\/{rel}","templated":true}]}}