{"id":1061,"date":"2017-08-01T00:30:31","date_gmt":"2017-07-31T21:30:31","guid":{"rendered":"http:\/\/fitnsweet.lt\/?post_type=product&#038;p=1061"},"modified":"2026-02-11T10:43:36","modified_gmt":"2026-02-11T08:43:36","slug":"gymqueen-mamma-mia-padazas-be-kcal","status":"publish","type":"product","link":"https:\/\/fitnsweet.eu\/et\/toode-2\/gymqueen-mamma-mia-padazas-be-kcal\/","title":{"rendered":"GymQueen Mamma Mia kaste ilma kcalta"},"content":{"rendered":"<p><span style=\"color: #000000;\">GymQueen Mammia Mia ilma kaloriteta kastmed on oma koostiselt ainulaadsed:<\/span><\/p>\n<p><span style=\"color: #000000;\">0% rasv;<\/span><br \/>\n<span style=\"color: #000000;\">0% suhkur;<\/span><br \/>\n<span style=\"color: #000000;\">Laktoosi pole;<\/span><br \/>\n<span style=\"color: #000000;\">Gluteenivaba;<\/span><br \/>\n<span style=\"color: #000000;\">Ilma kunstlike l\u00f5hna- ja maitsetugevdajateta (nt glutamaadivaba);<\/span><br \/>\n<span style=\"color: #000000;\">Kunstliku magusaine aspartaamivaba;<\/span><br \/>\n<span style=\"color: #000000;\">Samuti pole loomset p\u00e4ritolu koostisosi, mist\u00f5ttu on see suurep\u00e4rane veganitele ja taimetoitlastele.<\/span><\/p>\n<p><span style=\"color: #000000;\">Mamma Mia on pakendatud plastpakenditesse ja praktilise dosaatori abil saate kastet t\u00e4pselt, lihtsalt ja lihtsalt v\u00e4ljastada. Mugav kasutada liikvel olles, kontoris, \u00fclikoolis v\u00f5i k\u00f6\u00f6gis.<\/span><\/p>\n<p><em><span style=\"color: #ff00ff;\">Kastme energeetiline v\u00e4\u00e4rtus:<\/span><\/em><\/p>\n<table border=\"1\" cellspacing=\"1\" cellpadding=\"1\">\n<thead>\n<tr>\n<th scope=\"col\"><\/th>\n<th scope=\"col\">\u00a0100 ml<\/th>\n<th scope=\"col\">\u00a0portsjoni kohta (15 ml)<\/th>\n<\/tr>\n<\/thead>\n<tbody>\n<tr>\n<td>\u00a0<span style=\"color: #000000;\">K\u00fcttev\u00e4\u00e4rtus<\/span><\/td>\n<td><span style=\"color: #000000;\">\u00a027 kJ \/ 6 kcal\u00a0<\/span><\/td>\n<td><span style=\"color: #000000;\">\u00a04 kJ \/ 1 kcal\u00a0<\/span><\/td>\n<\/tr>\n<tr>\n<td><span style=\"color: #000000;\">\u00a0Rasv<\/span><\/td>\n<td><span style=\"color: #000000;\">\u00a00 g<\/span><\/td>\n<td><span style=\"color: #000000;\">\u00a00 g<\/span><\/td>\n<\/tr>\n<tr>\n<td><span style=\"color: #000000;\">\u00a0- k\u00fcllastunud rasv\u00a0<\/span><\/td>\n<td><span style=\"color: #000000;\">\u00a00 g<\/span><\/td>\n<td><span style=\"color: #000000;\">\u00a00 g\u00a0<\/span><\/td>\n<\/tr>\n<tr>\n<td><span style=\"color: #000000;\">\u00a0S\u00fcsivesikud<\/span><\/td>\n<td><span style=\"color: #000000;\">\u00a01,2 g\u00a0<\/span><\/td>\n<td><span style=\"color: #000000;\">\u00a00,2 g<\/span><\/td>\n<\/tr>\n<tr>\n<td><span style=\"color: #000000;\">\u00a0- suhkur<\/span><\/td>\n<td><span style=\"color: #000000;\">\u00a00 g\u00a0<\/span><\/td>\n<td><span style=\"color: #000000;\">\u00a00 g\u00a0<\/span><\/td>\n<\/tr>\n<tr>\n<td><span style=\"color: #000000;\">\u00a0Valgud<\/span><\/td>\n<td><span style=\"color: #000000;\">\u00a00,2 g\u00a0<\/span><\/td>\n<td><span style=\"color: #000000;\">\u00a00 g<\/span><\/td>\n<\/tr>\n<tr>\n<td><span style=\"color: #000000;\">\u00a0Kiudained<\/span><\/td>\n<td><span style=\"color: #000000;\">\u00a02,5 g\u00a0<\/span><\/td>\n<td><span style=\"color: #000000;\">\u00a00,4 g<\/span><\/td>\n<\/tr>\n<tr>\n<td><span style=\"color: #000000;\">\u00a0Soolad<\/span><\/td>\n<td><span style=\"color: #000000;\">\u00a02,0 g\u00a0<\/span><\/td>\n<td><span style=\"color: #000000;\">\u00a00,3 g<\/span><\/td>\n<\/tr>\n<\/tbody>\n<\/table>\n<p><span style=\"color: #000000;\">\u00a0<\/span><\/p>\n<p><span style=\"color: #000000;\">Koostis: Vesi, modifitseeritud t\u00e4rklis, \u00f5unasiidri \u00e4\u00e4dikas, sool, sibul, l\u00f5hna- ja maitseaine, v\u00e4rvus: titaandioksiid; Paprika, k\u00fc\u00fcslauk, s\u00e4ilitusained: kaaliumsorbaat; Paksendaja: ksantaankummi; Happesus: sidrunhape; Magusaine: sukraloos; Kaneel.<\/span><\/p>\n<p><span style=\"color: #ff00ff;\"><em>Ameerika BBQ Mamma Mia. Koostis:<\/em><\/span><\/p>\n<p><span style=\"color: #000000;\">Vesi, \u00e4\u00e4dikas, paksendajad (tselluloos, ksantaankummi, guarkummi), soolad, sidrunhape, tomatip\u00fcree, v\u00e4rvaine, s\u00e4ilitusaine (kaaliumsorbaat), magusaine (sukraloos), l\u00f5hna- ja maitseaine.<\/span><\/p>\n<p><span style=\"color: #ff00ff;\">Maasika Mamma Mia koostis:<\/span><\/p>\n<p><span style=\"color: #000000;\">Vesi, 28 27% maasikad, modifitseeritud t\u00e4rklis, sidrunimahl, magusained: er\u00fctritool, sukraloos; looduslik maitse, hapendaja: sidrunhape; Paksendajad: ksantaankummi, guarkummi; S\u00e4ilitusained: kaaliumsorbaat, naatriumbensoaat; V\u00e4rv: ehtne karmiin.<\/span><\/p>\n<p>Caesari kaste. Koostis:<\/p>\n<p><span style=\"color: #000000;\">Vesi, modifitseeritud t\u00e4rklis, sidrunimahl,\u00a0<strong>sinep<\/strong>\u00a0(vesi,\u00a0<strong>sinep<\/strong>\u00a0, \u00e4\u00e4dikas, v\u00fcrtsid), sool, k\u00fc\u00fcslauk, sibul, oliivi\u00f5li, paksendaja: guarkummi; V\u00e4rvaine: titaandioksiid; \u00f5unasiidri \u00e4\u00e4dikas, s\u00e4ilitusaine: kaaliumsorbaat; Hapetusaine: sidrunhape; Pipar, looduslik maitseaine, terav paprika, munakollane, nelk, magusaine: sukraloos.<\/span><\/p>\n<p><span style=\"color: #ff00ff;\">Karri ket\u0161up. Koostis:<\/span><\/p>\n<p><span style=\"color: #000000;\">Vesi, tomatipasta, modifitseeritud maisit\u00e4rklis, sool, kurkum, \u00e4\u00e4dikas, v\u00e4rvaine: karamell; Tsitrusviljade kiud, koriander, happesuse regulaator: sidrunhape; Paksendaja: ksantaankummi; K\u00f6\u00f6mned, raudrohi, s\u00e4ilitusained: kaaliumsorbaat; Tulised piprad,\u00a0<strong>sinep<\/strong>\u00a0, apteegitilli seemned, magusained: sukraloos; K\u00fc\u00fcslauk, piment.<\/span><\/p>\n<p><span style=\"color: #ff00ff;\">Majoneesimaitseline kaste. Koostis:<\/span><\/p>\n<p><span style=\"color: #000000;\">Vesi, modifitseeritud t\u00e4rklis, sool,\u00a0<strong>sinep<\/strong>\u00a0(vesi,\u00a0<strong>sinep<\/strong>\u00a0, \u00e4\u00e4dikas, v\u00fcrtsid), 0,3% rapsi\u00f5li, \u00e4\u00e4dikas, paksendaja: ksantaan, guarkummi; 0,21%\u00a0<strong>muna<\/strong>\u00a0kollane, v\u00e4rvus: titaandioksiid; Hapetusaine: sidrunhape; S\u00e4ilitusaine: Kaaliumsorbaat; looduslik maitse, magusaine: sukraloos; Pipar, munakollane, antioks\u00fcdandid: kaltsiumdinaatrium EDTA; V\u00e4rvus: luteiin.<\/span><\/p>\n<p><span style=\"color: #ff00ff;\">Magushapu t\u0161illikaste. Koostis:<\/span><\/p>\n<p><span style=\"color: #000000;\">Vesi, modifitseeritud t\u00e4rklis, l\u00f5hna- ja maitseaine, t\u0161illi 103%, sool, paksendaja: ksantaankummi; Sibul, paprika, koriander, k\u00fc\u00fcslauk, happesuse regulaator: sidrunhape; S\u00e4ilitusaine: Kaaliumsorbaat; Magusaine: sukraloos<\/span><\/p>\n<p><span style=\"color: #000000;\"><em><span style=\"color: #ff00ff;\">\u00a0<\/span><\/em><\/span><\/p>\n<p><span style=\"color: #ff00ff;\">RPN<\/span>: <span style=\"color: #000000;\">15 ml kastet. Kuid v\u00f5ite seda kasutada vastavalt oma maitsele ja vajadusele.<\/span><\/p>\n<p><span style=\"color: #000000;\"><span style=\"color: #ff00ff;\">Tootja:<\/span>\u00a0Saksamaa<\/span><br \/>\n<span style=\"color: #000000;\"><span style=\"color: #ff00ff;\">Levitaja Leedus<\/span>: J\u016brat\u0117 Bomblauskait\u0117 individuaalne tegevus.<\/span><br \/>\n<span style=\"color: #000000;\"><span style=\"color: #ff00ff;\">Aegumiskuup\u00e4ev<\/span>: m\u00e4rgitud pakendil.<\/span><\/p>","protected":false},"excerpt":{"rendered":"<p><span style=\"color: #000000;\">Teie lemmiktoidud saavad n\u00fc\u00fcd veelgi erksama, \u00fclimaitsva maitse.\u00a0<\/span><br \/>\n<span style=\"color: #000000;\">Ameerika BBQ-kaste sobib suurep\u00e4raselt kogu suve grillitud, liharoogade, erinevate salatite, lemmikv\u00f5ileibade maitsmiseks.\u00a0<\/span><br \/>\n<span style=\"color: #000000;\">Maasika Mamma Mia kaste annab \u00e4\u00e4rmiselt maitsva, magusa maitse.<\/span><\/p>\n<p><span style=\"color: #000000;\">GymQueen Mamma Mia kastmetes:<\/span><br \/>\n<span style=\"color: #ff00ff;\">Suhkruta;<\/span><br \/>\n<span style=\"color: #ff00ff;\">Rasva pole;<\/span><br \/>\n<span style=\"color: #ff00ff;\">Ainult paar kalorikogust;<\/span><br \/>\n<em><strong><span style=\"color: #ff00ff;\">Gluteenivaba, laktoosivaba;<\/span><\/strong><\/em><br \/>\n<em><strong><span style=\"color: #ff00ff;\">Sobib ka taimetoitlastele.<\/span><\/strong><\/em><\/p>\n<p><span style=\"color: #ff00ff;\"><span style=\"color: #000000;\">Saksamaal k\u00f5rgeima kvaliteediga materjalidest valmistatud GymQueen Mammia Kia kastmeteta kastmed tagavad ohutu kasutamise.<\/span><\/span><\/p>\n<p><span style=\"color: #000000;\"><em>Toote netokaal - 265 ml.\u00a0<\/em><\/span><\/p>\n<p>&nbsp;<\/p>","protected":false},"featured_media":2381,"comment_status":"open","ping_status":"closed","template":"","meta":{"site-sidebar-layout":"default","site-content-layout":"default","ast-site-content-layout":"default","site-content-style":"default","site-sidebar-style":"default","ast-global-header-display":"","ast-banner-title-visibility":"","ast-main-header-display":"","ast-hfb-above-header-display":"","ast-hfb-below-header-display":"","ast-hfb-mobile-header-display":"","site-post-title":"","ast-breadcrumbs-content":"","ast-featured-img":"","footer-sml-layout":"","ast-disable-related-posts":"","theme-transparent-header-meta":"default","adv-header-id-meta":"","stick-header-meta":"","header-above-stick-meta":"","header-main-stick-meta":"","header-below-stick-meta":"","astra-migrate-meta-layouts":"set","ast-page-background-enabled":"default","ast-page-background-meta":{"desktop":{"background-color":"var(--ast-global-color-4)","background-image":"","background-repeat":"repeat","background-position":"center center","background-size":"auto","background-attachment":"scroll","background-type":"","background-media":"","overlay-type":"","overlay-color":"","overlay-opacity":"","overlay-gradient":""},"tablet":{"background-color":"","background-image":"","background-repeat":"repeat","background-position":"center center","background-size":"auto","background-attachment":"scroll","background-type":"","background-media":"","overlay-type":"","overlay-color":"","overlay-opacity":"","overlay-gradient":""},"mobile":{"background-color":"","background-image":"","background-repeat":"repeat","background-position":"center center","background-size":"auto","background-attachment":"scroll","background-type":"","background-media":"","overlay-type":"","overlay-color":"","overlay-opacity":"","overlay-gradient":""}},"ast-content-background-meta":{"desktop":{"background-color":"var(--ast-global-color-5)","background-image":"","background-repeat":"repeat","background-position":"center center","background-size":"auto","background-attachment":"scroll","background-type":"","background-media":"","overlay-type":"","overlay-color":"","overlay-opacity":"","overlay-gradient":""},"tablet":{"background-color":"var(--ast-global-color-5)","background-image":"","background-repeat":"repeat","background-position":"center center","background-size":"auto","background-attachment":"scroll","background-type":"","background-media":"","overlay-type":"","overlay-color":"","overlay-opacity":"","overlay-gradient":""},"mobile":{"background-color":"var(--ast-global-color-5)","background-image":"","background-repeat":"repeat","background-position":"center center","background-size":"auto","background-attachment":"scroll","background-type":"","background-media":"","overlay-type":"","overlay-color":"","overlay-opacity":"","overlay-gradient":""}}},"product_brand":[],"product_cat":[386,382,378,387,344,365,13,112,114,318,319],"product_tag":[196,133,175,176,118,137,197,136,135,174,130,48],"class_list":{"0":"post-1061","1":"product","2":"type-product","3":"status-publish","4":"has-post-thumbnail","6":"product_cat-ispardavimas-2","7":"product_cat-traskuciai-padazai-uzkandziai","8":"product_cat-uzkandziai","9":"product_cat-visi-produktai","10":"product_cat-be-laktozes","11":"product_cat-ispardavimas","12":"product_cat-httpfitnsweet-ltprodukto-kategorijagymqueen","13":"product_cat-gymqueen-figurai","14":"product_cat-gymqueen-sportui","15":"product_cat-padazai-be-kcal","16":"product_cat-veganiskas-pasirinkimas","17":"product_tag-bbq","18":"product_tag-be-kcal","19":"product_tag-be-glitimo","20":"product_tag-be-laktozes","21":"product_tag-be-pridetinio-cukraus","22":"product_tag-braskinis","23":"product_tag-cezario","24":"product_tag-karamelinis","25":"product_tag-padazas","26":"product_tag-padazas-be-kcal","27":"product_tag-vegan","28":"product_tag-veganiskas","29":"desktop-align-left","30":"tablet-align-left","31":"mobile-align-left","33":"first","34":"instock","35":"taxable","36":"shipping-taxable","37":"purchasable","38":"product-type-variable"},"yoast_head":"<!-- This site is optimized with the Yoast SEO plugin v26.9 - https:\/\/yoast.com\/product\/yoast-seo-wordpress\/ -->\n<title>GymQueen Mamma Mia pada\u017eas be kcal - Fitnsweet.eu<\/title>\n<meta name=\"robots\" content=\"index, follow, max-snippet:-1, max-image-preview:large, max-video-preview:-1\" \/>\n<link rel=\"canonical\" href=\"https:\/\/fitnsweet.eu\/et\/toode-2\/gymqueen-mamma-mia-padazas-be-kcal\/\" \/>\n<meta property=\"og:locale\" content=\"et_EE\" \/>\n<meta property=\"og:type\" content=\"article\" \/>\n<meta property=\"og:title\" content=\"GymQueen Mamma Mia pada\u017eas be kcal - Fitnsweet.eu\" \/>\n<meta property=\"og:description\" content=\"J\u016bs\u0173 m\u0117giami patiekalai dabar \u012fgaus dar ry\u0161ken\u012f, itin gard\u0173 skon\u012f.\u00a0 American BBQ pada\u017eas puikiai tiks gardinti visus vasari\u0161kus ant groteli\u0173 keptus, m\u0117sos patiekalus, \u012fvarias salotas, m\u0117giamus sumu\u0161tinius.\u00a0 Bra\u0161kinis Mamma Mia pada\u017eas suteiks itin gard\u0173, sald\u0173 skon\u012f.  GymQueen Mamma Mia pada\u017euose: N\u0117ra cukraus; N\u0117ra riebal\u0173; Vos kelios kalorijos porcijos; Be glitimo, be laktoz\u0117s; Tinka ir vegetarams.  GymQueen Mammia Mia pada\u017eai be kcal, pagaminti Vokietijoje i\u0161 auk\u0161\u010diausios kokyb\u0117s med\u017eiag\u0173, u\u017etikrina saug\u0173 vartojim\u0105.  Grynasis produkto svoris - 265 ml.\u00a0  &nbsp;\" \/>\n<meta property=\"og:url\" content=\"https:\/\/fitnsweet.eu\/et\/toode-2\/gymqueen-mamma-mia-padazas-be-kcal\/\" \/>\n<meta property=\"og:site_name\" content=\"Fitnsweet.eu\" \/>\n<meta property=\"article:modified_time\" content=\"2026-02-11T08:43:36+00:00\" \/>\n<meta property=\"og:image\" content=\"https:\/\/fitnsweet.eu\/wp-content\/uploads\/2017\/08\/Crazy-CeasariVH670K6C058W.jpg\" \/>\n\t<meta property=\"og:image:width\" content=\"1000\" \/>\n\t<meta property=\"og:image:height\" content=\"1000\" \/>\n\t<meta property=\"og:image:type\" content=\"image\/jpeg\" \/>\n<meta name=\"twitter:card\" content=\"summary_large_image\" \/>\n<meta name=\"twitter:label1\" content=\"Est. reading time\" \/>\n\t<meta name=\"twitter:data1\" content=\"2 minutit\" \/>\n<script type=\"application\/ld+json\" class=\"yoast-schema-graph\">{\"@context\":\"https:\/\/schema.org\",\"@graph\":[{\"@type\":\"WebPage\",\"@id\":\"https:\/\/fitnsweet.eu\/produktas\/gymqueen-mamma-mia-padazas-be-kcal\/\",\"url\":\"https:\/\/fitnsweet.eu\/produktas\/gymqueen-mamma-mia-padazas-be-kcal\/\",\"name\":\"GymQueen Mamma Mia pada\u017eas be kcal - Fitnsweet.eu\",\"isPartOf\":{\"@id\":\"https:\/\/fitnsweet.eu\/#website\"},\"primaryImageOfPage\":{\"@id\":\"https:\/\/fitnsweet.eu\/produktas\/gymqueen-mamma-mia-padazas-be-kcal\/#primaryimage\"},\"image\":{\"@id\":\"https:\/\/fitnsweet.eu\/produktas\/gymqueen-mamma-mia-padazas-be-kcal\/#primaryimage\"},\"thumbnailUrl\":\"https:\/\/fitnsweet.eu\/wp-content\/uploads\/2017\/08\/Crazy-CeasariVH670K6C058W.jpg\",\"datePublished\":\"2017-07-31T21:30:31+00:00\",\"dateModified\":\"2026-02-11T08:43:36+00:00\",\"breadcrumb\":{\"@id\":\"https:\/\/fitnsweet.eu\/produktas\/gymqueen-mamma-mia-padazas-be-kcal\/#breadcrumb\"},\"inLanguage\":\"et\",\"potentialAction\":[{\"@type\":\"ReadAction\",\"target\":[\"https:\/\/fitnsweet.eu\/produktas\/gymqueen-mamma-mia-padazas-be-kcal\/\"]}]},{\"@type\":\"ImageObject\",\"inLanguage\":\"et\",\"@id\":\"https:\/\/fitnsweet.eu\/produktas\/gymqueen-mamma-mia-padazas-be-kcal\/#primaryimage\",\"url\":\"https:\/\/fitnsweet.eu\/wp-content\/uploads\/2017\/08\/Crazy-CeasariVH670K6C058W.jpg\",\"contentUrl\":\"https:\/\/fitnsweet.eu\/wp-content\/uploads\/2017\/08\/Crazy-CeasariVH670K6C058W.jpg\",\"width\":1000,\"height\":1000},{\"@type\":\"BreadcrumbList\",\"@id\":\"https:\/\/fitnsweet.eu\/produktas\/gymqueen-mamma-mia-padazas-be-kcal\/#breadcrumb\",\"itemListElement\":[{\"@type\":\"ListItem\",\"position\":1,\"name\":\"Home\",\"item\":\"https:\/\/fitnsweet.eu\/\"},{\"@type\":\"ListItem\",\"position\":2,\"name\":\"Produktai\",\"item\":\"https:\/\/fitnsweet.eu\/parduotuve\/\"},{\"@type\":\"ListItem\",\"position\":3,\"name\":\"GymQueen Mamma Mia pada\u017eas be kcal\"}]},{\"@type\":\"WebSite\",\"@id\":\"https:\/\/fitnsweet.eu\/#website\",\"url\":\"https:\/\/fitnsweet.eu\/\",\"name\":\"Fitnsweet.eu\",\"description\":\"Sveika. Saldu. Naudinga.\",\"potentialAction\":[{\"@type\":\"SearchAction\",\"target\":{\"@type\":\"EntryPoint\",\"urlTemplate\":\"https:\/\/fitnsweet.eu\/?s={search_term_string}\"},\"query-input\":{\"@type\":\"PropertyValueSpecification\",\"valueRequired\":true,\"valueName\":\"search_term_string\"}}],\"inLanguage\":\"et\"}]}<\/script>\n<!-- \/ Yoast SEO plugin. -->","yoast_head_json":{"title":"GymQueen Mamma Mia pada\u017eas be kcal - Fitnsweet.eu","robots":{"index":"index","follow":"follow","max-snippet":"max-snippet:-1","max-image-preview":"max-image-preview:large","max-video-preview":"max-video-preview:-1"},"canonical":"https:\/\/fitnsweet.eu\/et\/toode-2\/gymqueen-mamma-mia-padazas-be-kcal\/","og_locale":"et_EE","og_type":"article","og_title":"GymQueen Mamma Mia pada\u017eas be kcal - Fitnsweet.eu","og_description":"J\u016bs\u0173 m\u0117giami patiekalai dabar \u012fgaus dar ry\u0161ken\u012f, itin gard\u0173 skon\u012f.\u00a0 American BBQ pada\u017eas puikiai tiks gardinti visus vasari\u0161kus ant groteli\u0173 keptus, m\u0117sos patiekalus, \u012fvarias salotas, m\u0117giamus sumu\u0161tinius.\u00a0 Bra\u0161kinis Mamma Mia pada\u017eas suteiks itin gard\u0173, sald\u0173 skon\u012f.  GymQueen Mamma Mia pada\u017euose: N\u0117ra cukraus; N\u0117ra riebal\u0173; Vos kelios kalorijos porcijos; Be glitimo, be laktoz\u0117s; Tinka ir vegetarams.  GymQueen Mammia Mia pada\u017eai be kcal, pagaminti Vokietijoje i\u0161 auk\u0161\u010diausios kokyb\u0117s med\u017eiag\u0173, u\u017etikrina saug\u0173 vartojim\u0105.  Grynasis produkto svoris - 265 ml.\u00a0  &nbsp;","og_url":"https:\/\/fitnsweet.eu\/et\/toode-2\/gymqueen-mamma-mia-padazas-be-kcal\/","og_site_name":"Fitnsweet.eu","article_modified_time":"2026-02-11T08:43:36+00:00","og_image":[{"width":1000,"height":1000,"url":"https:\/\/fitnsweet.eu\/wp-content\/uploads\/2017\/08\/Crazy-CeasariVH670K6C058W.jpg","type":"image\/jpeg"}],"twitter_card":"summary_large_image","twitter_misc":{"Est. reading time":"2 minutit"},"schema":{"@context":"https:\/\/schema.org","@graph":[{"@type":"WebPage","@id":"https:\/\/fitnsweet.eu\/produktas\/gymqueen-mamma-mia-padazas-be-kcal\/","url":"https:\/\/fitnsweet.eu\/produktas\/gymqueen-mamma-mia-padazas-be-kcal\/","name":"GymQueen Mamma Mia pada\u017eas be kcal - Fitnsweet.eu","isPartOf":{"@id":"https:\/\/fitnsweet.eu\/#website"},"primaryImageOfPage":{"@id":"https:\/\/fitnsweet.eu\/produktas\/gymqueen-mamma-mia-padazas-be-kcal\/#primaryimage"},"image":{"@id":"https:\/\/fitnsweet.eu\/produktas\/gymqueen-mamma-mia-padazas-be-kcal\/#primaryimage"},"thumbnailUrl":"https:\/\/fitnsweet.eu\/wp-content\/uploads\/2017\/08\/Crazy-CeasariVH670K6C058W.jpg","datePublished":"2017-07-31T21:30:31+00:00","dateModified":"2026-02-11T08:43:36+00:00","breadcrumb":{"@id":"https:\/\/fitnsweet.eu\/produktas\/gymqueen-mamma-mia-padazas-be-kcal\/#breadcrumb"},"inLanguage":"et","potentialAction":[{"@type":"ReadAction","target":["https:\/\/fitnsweet.eu\/produktas\/gymqueen-mamma-mia-padazas-be-kcal\/"]}]},{"@type":"ImageObject","inLanguage":"et","@id":"https:\/\/fitnsweet.eu\/produktas\/gymqueen-mamma-mia-padazas-be-kcal\/#primaryimage","url":"https:\/\/fitnsweet.eu\/wp-content\/uploads\/2017\/08\/Crazy-CeasariVH670K6C058W.jpg","contentUrl":"https:\/\/fitnsweet.eu\/wp-content\/uploads\/2017\/08\/Crazy-CeasariVH670K6C058W.jpg","width":1000,"height":1000},{"@type":"BreadcrumbList","@id":"https:\/\/fitnsweet.eu\/produktas\/gymqueen-mamma-mia-padazas-be-kcal\/#breadcrumb","itemListElement":[{"@type":"ListItem","position":1,"name":"Home","item":"https:\/\/fitnsweet.eu\/"},{"@type":"ListItem","position":2,"name":"Produktai","item":"https:\/\/fitnsweet.eu\/parduotuve\/"},{"@type":"ListItem","position":3,"name":"GymQueen Mamma Mia pada\u017eas be kcal"}]},{"@type":"WebSite","@id":"https:\/\/fitnsweet.eu\/#website","url":"https:\/\/fitnsweet.eu\/","name":"Fitnsweet.eu","description":"Tere. Armas. Kasulik.","potentialAction":[{"@type":"SearchAction","target":{"@type":"EntryPoint","urlTemplate":"https:\/\/fitnsweet.eu\/?s={search_term_string}"},"query-input":{"@type":"PropertyValueSpecification","valueRequired":true,"valueName":"search_term_string"}}],"inLanguage":"et"}]}},"_links":{"self":[{"href":"https:\/\/fitnsweet.eu\/et\/wp-json\/wp\/v2\/product\/1061","targetHints":{"allow":["GET"]}}],"collection":[{"href":"https:\/\/fitnsweet.eu\/et\/wp-json\/wp\/v2\/product"}],"about":[{"href":"https:\/\/fitnsweet.eu\/et\/wp-json\/wp\/v2\/types\/product"}],"replies":[{"embeddable":true,"href":"https:\/\/fitnsweet.eu\/et\/wp-json\/wp\/v2\/comments?post=1061"}],"version-history":[{"count":5,"href":"https:\/\/fitnsweet.eu\/et\/wp-json\/wp\/v2\/product\/1061\/revisions"}],"predecessor-version":[{"id":38276,"href":"https:\/\/fitnsweet.eu\/et\/wp-json\/wp\/v2\/product\/1061\/revisions\/38276"}],"wp:featuredmedia":[{"embeddable":true,"href":"https:\/\/fitnsweet.eu\/et\/wp-json\/wp\/v2\/media\/2381"}],"wp:attachment":[{"href":"https:\/\/fitnsweet.eu\/et\/wp-json\/wp\/v2\/media?parent=1061"}],"wp:term":[{"taxonomy":"product_brand","embeddable":true,"href":"https:\/\/fitnsweet.eu\/et\/wp-json\/wp\/v2\/product_brand?post=1061"},{"taxonomy":"product_cat","embeddable":true,"href":"https:\/\/fitnsweet.eu\/et\/wp-json\/wp\/v2\/product_cat?post=1061"},{"taxonomy":"product_tag","embeddable":true,"href":"https:\/\/fitnsweet.eu\/et\/wp-json\/wp\/v2\/product_tag?post=1061"}],"curies":[{"name":"wp","href":"https:\/\/api.w.org\/{rel}","templated":true}]}}