{"id":23496,"date":"2021-03-17T22:11:09","date_gmt":"2021-03-17T20:11:09","guid":{"rendered":"https:\/\/fitnsweet.eu\/?post_type=product&#038;p=23496"},"modified":"2026-01-05T08:57:05","modified_gmt":"2026-01-05T06:57:05","slug":"kahekuune-sale-kuninganna-salendav-kokteilikomplekt-2","status":"publish","type":"product","link":"https:\/\/fitnsweet.eu\/et\/toode-2\/kahekuune-sale-kuninganna-salendav-kokteilikomplekt-2\/","title":{"rendered":"Kahekuuline salendavate kokteilide Slim Queen komplekt"},"content":{"rendered":"<p style=\"text-align: left;\"><span style=\"color: #000000;\"><strong>MIS ON SLIMM SALENEV KOKTEIL?<br \/>\n<\/strong><\/span><br \/>\n<span style=\"color: #000000;\">Kreemjas ja eriti maitsev \u00f5hukese kuninganna hommikus\u00f6\u00f6gi, \u00f5htus\u00f6\u00f6gi v\u00f5i suupiste asendamine kokteiliga muudab teie kehakaalu kontrolli alla v\u00f5tmise ja kehakaalu alandamise lihtsamaks. Asendades lihtsalt \u00fche v\u00f5i kaks rooga kreemja ja eriti maitsva Slim Queen Shake&#039;i abil, v\u00e4hendate kalorite hulka ja seega ka kaalu ning varustate samal ajal oma keha oluliste vitamiinide ja toitainetega. Kaalust alla v\u00f5tmine pole kunagi olnud nii maitsev! Ja mis k\u00f5ige parem: \u00fches portsjonis on AINULT 250 kcal ning see ei sisalda lisatud suhkrut, s\u00fcnteetilisi maitsetugevdajaid ja s\u00fcnteetilisi s\u00e4ilitusaineid. Valmistage osa kokteilist v\u00e4hem kui minutiga - nii ei takista miski teid unistuste keha saavutamiseks kaalu langetamisega soovitud eesm\u00e4rgi saavutamist.<\/span><\/p>\n<p><span style=\"color: #000000;\"><strong>Milleks on SLIM-i kokteil?<\/strong><\/span><\/p>\n<p><span style=\"color: #000000;\">Slim Queeni kokteil sobib teile suurep\u00e4raselt, kui j\u00e4rgite tervisliku toitumise p\u00f5him\u00f5tteid, kaalust alla v\u00f5tta v\u00f5i soovite kaalust alla v\u00f5tta, kaunistada kehajooni v\u00f5i lihtsalt tarbida valku, vitamiine ja mineraale, mida teie keha vajab \u00fclimaitsva, magusa piimakokteili maitsmisel.\u00a0<\/span><\/p>\n<p><span style=\"color: #000000;\"><strong>TARBIMINE<\/strong><\/span><br \/>\n<span style=\"color: #000000;\">\u00dche portsjoni jaoks (vastab \u00fchele n\u00f5udele) lisage pudelisse v\u00f5i visplisse 30 g pulbrit (1 m\u00f5\u00f5telusikas pakendis), segage 275 ml k\u00fclma piima v\u00f5i veega ja loksutage umbes 20 sekundit. Saate juba maitsta!<\/span><\/p>\n<p><span style=\"color: #000000;\">* Kui soovite kaalust alla v\u00f5tta, peaksite kaks s\u00f6\u00f6gikorda p\u00e4evas (eelistatavalt hommikus\u00f6\u00f6k, \u00fcks p\u00e4eva suupiste v\u00f5i \u00f5htus\u00f6\u00f6k) asendama Slim Queeni kokteiliga. Kui teie eesm\u00e4rk on s\u00e4ilitada oma kaalu, piisab \u00fche toidukorra kokteili asendamiseks p\u00e4evas \u00fchest toidukorrast. Selleks peaksite j\u00e4rgima ettevalmistamise soovitusi. Samuti soovitatakse p\u00e4eva jooksul juua piisavalt vedelikku, eelistatavalt vett. Kokteil t\u00e4idab oma eesm\u00e4rki vastavalt tervisliku toitumise p\u00f5him\u00f5tetele, seega peaksite veenduma, et ka teised toidud oleksid teie dieedi, tervisliku toitumise osa.<\/span><\/p>\n<p><span style=\"color: #000000;\"><strong>Koostis:<\/strong><\/span><br \/>\n<span style=\"color: #000000;\">Vadakuvalgu kontsentraat (sisaldab emulgaatorit: p\u00e4evalilleletsitiin), maltodekstriin, kaltsiumkaseinaat (sisaldab piima, sisaldab emulgaatorit: p\u00e4evalilletsetsitiin), emulgaator: sojaletsitiin, paksendaja: gl\u00fckomannaan; L\u00f5hnaaine, magneesiumkarbonaat, kaltsiumkarbonaat, paksendaja: ksantaan; Sool, madala rasvasisaldusega kakaopulber, kaaliumtsitraat, beetakaroteen, L-askorbiinhape, magusaine: sahharoos; Raudsulfaat, tsinkgl\u00fckonaat, vaskgl\u00fckonaat, mangaansulfaat, kaaliumjodiid, naatriumseleniit, nikotiinamiid, dl-alfa-tokofer\u00fc\u00fclatsetaat, kaltsium-D-pantotenaat, p\u00fcridoksiinvesinikkloriid, riboflaviin, tiamiinmononitraat, retin\u00fc\u00fclatsetaat, retin\u00fc\u00fclatsetaat, , ts\u00fcanokobalamiin.<\/span><\/p>\n<p><span style=\"color: #000000;\"><strong>allergeenid:<\/strong><\/span><br \/>\n<span style=\"color: #000000;\">Sisaldab soja, piimatooteid. Seal v\u00f5ib olla j\u00e4lgi munadest ja gluteenist.<\/span><\/p>\n<p><span style=\"color: #000000;\"><strong>ENERGIAV\u00c4\u00c4RTUS 100 G \/ 30 G PULBRI PROTSENT %\u00a0<\/strong><\/span><br \/>\n<span style=\"color: #000000;\">1691,47 kj, 404,00 kcal \/ 507,44 kj 121,20 kcal 6,06 protsenti.<\/span><\/p>\n<p><span style=\"color: #000000;\">rasv 11,00 g \/ 3,30 g 471%<\/span><br \/>\n<span style=\"color: #000000;\">sellest: k\u00fcllastunud rasvhapped 1,50 g \/ 0,45 g 2,25%<\/span><br \/>\n<span style=\"color: #000000;\">s\u00fcsivesikud 37,00 g \/ 11,10 g 4,27%<\/span><br \/>\n<span style=\"color: #000000;\">millest suhkrud 5,30 g \/ 1,59 g 1,77%<\/span><br \/>\n<span style=\"color: #000000;\">kiudained 3,90 g \/ 1,17 g 3,90%<\/span><br \/>\n<span style=\"color: #000000;\">valk 37,00 g \/ 11,10 g 2220%<\/span><br \/>\n<span style=\"color: #000000;\">soolad 1,00 g \/ 0,30 g 5,00%<\/span><\/p>","protected":false},"excerpt":{"rendered":"<p><span style=\"color: #000000;\">Sageli k\u00fcsite, kui kaua teie juba lemmik Slim kokteili pakendist piisab. Ja oleme loonud teile komplekti, mis kestab teid isegi kaks kuud! * <\/span><\/p>\n<p><span style=\"color: #000000;\"><strong>\u00d5huke salendav kokteil<\/strong> - see on meie tootevalikus uuenduslik uudsus, see on toidu asendaja, kus saate \u00fche p\u00e4eva s\u00f6\u00f6gikorra kokteiliportsjoniga vahetada. Nii tarbite \u00e4\u00e4rmiselt v\u00e4he kaloreid, saate kuni 22 erinevat vitamiini ning mineraali ja valku. See kokteil on m\u00f5eldud naistele, kes soovivad enne suve oma kehakuju kaunistada v\u00f5i ei suuda sageli \u00f5igel ajal suupisteid ega hommikus\u00f6\u00f6ki teha. See on teie suurep\u00e4rane kaaslane, et v\u00e4hendada oma kalorite tarbimist p\u00e4evas ja v\u00e4hendada seel\u00e4bi oma kehakaalu.\u00a0<\/span><\/p>\n<p><span style=\"color: #000000;\"><strong>Komplekt koosneb:<\/strong> Neli Slim Queen salendavat kokteili teie valikul (t\u00fckk 420 g, kokku 1680 g).\u00a0<\/span><br \/>\n<span style=\"color: #000000;\"><br \/>\n* Kokteile j\u00e4tkub kaks kuud \u00fcks kord p\u00e4evas \u00fches soovitavas portsjonis. Keskmiselt 14 portsjonit pakis.\u00a0<\/span><\/p>\n<p><img fetchpriority=\"high\" decoding=\"async\" class=\"alignnone size-full wp-image-26824\" src=\"https:\/\/fitnsweet.eu\/wp-content\/uploads\/2020\/11\/1_ikonos-03.png\" alt=\"\" width=\"1920\" height=\"567\" \/><\/p>","protected":false},"featured_media":45515,"comment_status":"open","ping_status":"closed","template":"","meta":{"site-sidebar-layout":"default","site-content-layout":"default","ast-site-content-layout":"default","site-content-style":"default","site-sidebar-style":"default","ast-global-header-display":"","ast-banner-title-visibility":"","ast-main-header-display":"","ast-hfb-above-header-display":"","ast-hfb-below-header-display":"","ast-hfb-mobile-header-display":"","site-post-title":"","ast-breadcrumbs-content":"","ast-featured-img":"","footer-sml-layout":"","ast-disable-related-posts":"","theme-transparent-header-meta":"default","adv-header-id-meta":"","stick-header-meta":"","header-above-stick-meta":"","header-main-stick-meta":"","header-below-stick-meta":"","astra-migrate-meta-layouts":"set","ast-page-background-enabled":"default","ast-page-background-meta":{"desktop":{"background-color":"var(--ast-global-color-4)","background-image":"","background-repeat":"repeat","background-position":"center center","background-size":"auto","background-attachment":"scroll","background-type":"","background-media":"","overlay-type":"","overlay-color":"","overlay-opacity":"","overlay-gradient":""},"tablet":{"background-color":"","background-image":"","background-repeat":"repeat","background-position":"center center","background-size":"auto","background-attachment":"scroll","background-type":"","background-media":"","overlay-type":"","overlay-color":"","overlay-opacity":"","overlay-gradient":""},"mobile":{"background-color":"","background-image":"","background-repeat":"repeat","background-position":"center center","background-size":"auto","background-attachment":"scroll","background-type":"","background-media":"","overlay-type":"","overlay-color":"","overlay-opacity":"","overlay-gradient":""}},"ast-content-background-meta":{"desktop":{"background-color":"var(--ast-global-color-5)","background-image":"","background-repeat":"repeat","background-position":"center center","background-size":"auto","background-attachment":"scroll","background-type":"","background-media":"","overlay-type":"","overlay-color":"","overlay-opacity":"","overlay-gradient":""},"tablet":{"background-color":"var(--ast-global-color-5)","background-image":"","background-repeat":"repeat","background-position":"center center","background-size":"auto","background-attachment":"scroll","background-type":"","background-media":"","overlay-type":"","overlay-color":"","overlay-opacity":"","overlay-gradient":""},"mobile":{"background-color":"var(--ast-global-color-5)","background-image":"","background-repeat":"repeat","background-position":"center center","background-size":"auto","background-attachment":"scroll","background-type":"","background-media":"","overlay-type":"","overlay-color":"","overlay-opacity":"","overlay-gradient":""}}},"product_brand":[],"product_cat":[396,393,377,394,387,365,314,313,321,13,112,148],"product_tag":[],"class_list":{"0":"post-23496","1":"product","2":"type-product","3":"status-publish","4":"has-post-thumbnail","6":"product_cat-lieknejimui","7":"product_cat-rinkiniai","8":"product_cat-slim-queen-maisto-pakaitalo-kokteiliai-2","9":"product_cat-sportui","10":"product_cat-visi-produktai","11":"product_cat-ispardavimas","12":"product_cat-slim-queen-maisto-pakaitalo-kokteiliai","13":"product_cat-baltyminiai-kokteiliai","14":"product_cat-energija-efektyvumas","15":"product_cat-httpfitnsweet-ltprodukto-kategorijagymqueen","16":"product_cat-gymqueen-figurai","17":"product_cat-gymqueen-rinkiniai","18":"desktop-align-left","19":"tablet-align-left","20":"mobile-align-left","22":"first","23":"instock","24":"sale","25":"featured","26":"taxable","27":"shipping-taxable","28":"purchasable","29":"product-type-variable"},"yoast_head":"<!-- This site is optimized with the Yoast SEO plugin v26.9 - https:\/\/yoast.com\/product\/yoast-seo-wordpress\/ -->\n<title>Dviej\u0173 m\u0117nesi\u0173 Slim Queen liekn\u0117jimo kokteili\u0173 rinkinys - Fitnsweet.eu<\/title>\n<meta name=\"robots\" content=\"index, follow, max-snippet:-1, max-image-preview:large, max-video-preview:-1\" \/>\n<link rel=\"canonical\" href=\"https:\/\/fitnsweet.eu\/et\/toode-2\/kahekuune-sale-kuninganna-salendav-kokteilikomplekt-2\/\" \/>\n<meta property=\"og:locale\" content=\"et_EE\" \/>\n<meta property=\"og:type\" content=\"article\" \/>\n<meta property=\"og:title\" content=\"Dviej\u0173 m\u0117nesi\u0173 Slim Queen liekn\u0117jimo kokteili\u0173 rinkinys - Fitnsweet.eu\" \/>\n<meta property=\"og:description\" content=\"Da\u017enai klausiate, kuriam laikui u\u017etenka J\u016bs\u0173 jau itin pam\u0117gto Slim kokteilio pakuot\u0117s. Ir mes suk\u016br\u0117me rinkin\u012f Jums, kurio Jums u\u017eteks net dviems m\u0117nesiams!*   Slim liekn\u0117jimo kokteilis - tai inovatyvi naujiena m\u016bs\u0173 gamini\u0173 asortimente, tai maisto pakaitalas, kai kokteilio porcija galite keisti vien\u0105 i\u0161 dienos valgym\u0173. Taip suvartosite itin ma\u017eai kalorij\u0173, gausite net iki 22 skirting\u0173 vitamin\u0173 bei mineral\u0173 ir baltym\u0173. \u0160is kokteilis sukurtas moterims, kurios nori padailinti k\u016bno formas prie\u0161 vasar\u0105 ar da\u017enai nesp\u0117ja laiku u\u017ek\u0105sti, ar papusry\u010diauti. Tai bus J\u016bs\u0173 puikus kompanjonas norint suma\u017einti suvartojam\u0173 kalorij\u0173 kiek\u012f dienoje ir taip suma\u017einti k\u016bno svor\u012f.\u00a0  Rinkin\u012f sudaro: Keturi J\u016bs\u0173 pasirinkt\u0173 skoni\u0173 Slim Queen liekn\u0117jimo kokteiliai (po 420 g, viso 1680 g).\u00a0  *Kokteili\u0173 u\u017eteksite dviems m\u0117nesiams vartojant vien\u0105 kart\u0105 per dien\u0105 po vien\u0105 rekomenduojam\u0105 porcij\u0105. Pakuot\u0117je vidutini\u0161kai 14 porcij\u0173.\u00a0\" \/>\n<meta property=\"og:url\" content=\"https:\/\/fitnsweet.eu\/et\/toode-2\/kahekuune-sale-kuninganna-salendav-kokteilikomplekt-2\/\" \/>\n<meta property=\"og:site_name\" content=\"Fitnsweet.eu\" \/>\n<meta property=\"article:modified_time\" content=\"2026-01-05T06:57:05+00:00\" \/>\n<meta property=\"og:image\" content=\"https:\/\/fitnsweet.eu\/wp-content\/uploads\/2021\/03\/dvieju-menesiu-rink_slim-shake_fitnsweet.png\" \/>\n\t<meta property=\"og:image:width\" content=\"1080\" \/>\n\t<meta property=\"og:image:height\" content=\"1080\" \/>\n\t<meta property=\"og:image:type\" content=\"image\/png\" \/>\n<meta name=\"twitter:card\" content=\"summary_large_image\" \/>\n<meta name=\"twitter:label1\" content=\"Est. reading time\" \/>\n\t<meta name=\"twitter:data1\" content=\"3 minutit\" \/>\n<script type=\"application\/ld+json\" class=\"yoast-schema-graph\">{\"@context\":\"https:\/\/schema.org\",\"@graph\":[{\"@type\":\"WebPage\",\"@id\":\"https:\/\/fitnsweet.eu\/produktas\/dvieju-menesiu-slim-queen-lieknejimo-kokteiliu-rinkinys\/\",\"url\":\"https:\/\/fitnsweet.eu\/produktas\/dvieju-menesiu-slim-queen-lieknejimo-kokteiliu-rinkinys\/\",\"name\":\"Dviej\u0173 m\u0117nesi\u0173 Slim Queen liekn\u0117jimo kokteili\u0173 rinkinys - Fitnsweet.eu\",\"isPartOf\":{\"@id\":\"https:\/\/fitnsweet.eu\/#website\"},\"primaryImageOfPage\":{\"@id\":\"https:\/\/fitnsweet.eu\/produktas\/dvieju-menesiu-slim-queen-lieknejimo-kokteiliu-rinkinys\/#primaryimage\"},\"image\":{\"@id\":\"https:\/\/fitnsweet.eu\/produktas\/dvieju-menesiu-slim-queen-lieknejimo-kokteiliu-rinkinys\/#primaryimage\"},\"thumbnailUrl\":\"https:\/\/fitnsweet.eu\/wp-content\/uploads\/2021\/03\/dvieju-menesiu-rink_slim-shake_fitnsweet.png\",\"datePublished\":\"2021-03-17T20:11:09+00:00\",\"dateModified\":\"2026-01-05T06:57:05+00:00\",\"breadcrumb\":{\"@id\":\"https:\/\/fitnsweet.eu\/produktas\/dvieju-menesiu-slim-queen-lieknejimo-kokteiliu-rinkinys\/#breadcrumb\"},\"inLanguage\":\"et\",\"potentialAction\":[{\"@type\":\"ReadAction\",\"target\":[\"https:\/\/fitnsweet.eu\/produktas\/dvieju-menesiu-slim-queen-lieknejimo-kokteiliu-rinkinys\/\"]}]},{\"@type\":\"ImageObject\",\"inLanguage\":\"et\",\"@id\":\"https:\/\/fitnsweet.eu\/produktas\/dvieju-menesiu-slim-queen-lieknejimo-kokteiliu-rinkinys\/#primaryimage\",\"url\":\"https:\/\/fitnsweet.eu\/wp-content\/uploads\/2021\/03\/dvieju-menesiu-rink_slim-shake_fitnsweet.png\",\"contentUrl\":\"https:\/\/fitnsweet.eu\/wp-content\/uploads\/2021\/03\/dvieju-menesiu-rink_slim-shake_fitnsweet.png\",\"width\":1080,\"height\":1080},{\"@type\":\"BreadcrumbList\",\"@id\":\"https:\/\/fitnsweet.eu\/produktas\/dvieju-menesiu-slim-queen-lieknejimo-kokteiliu-rinkinys\/#breadcrumb\",\"itemListElement\":[{\"@type\":\"ListItem\",\"position\":1,\"name\":\"Home\",\"item\":\"https:\/\/fitnsweet.eu\/\"},{\"@type\":\"ListItem\",\"position\":2,\"name\":\"Produktai\",\"item\":\"https:\/\/fitnsweet.eu\/parduotuve\/\"},{\"@type\":\"ListItem\",\"position\":3,\"name\":\"Dviej\u0173 m\u0117nesi\u0173 Slim Queen liekn\u0117jimo kokteili\u0173 rinkinys\"}]},{\"@type\":\"WebSite\",\"@id\":\"https:\/\/fitnsweet.eu\/#website\",\"url\":\"https:\/\/fitnsweet.eu\/\",\"name\":\"Fitnsweet.eu\",\"description\":\"Sveika. Saldu. Naudinga.\",\"potentialAction\":[{\"@type\":\"SearchAction\",\"target\":{\"@type\":\"EntryPoint\",\"urlTemplate\":\"https:\/\/fitnsweet.eu\/?s={search_term_string}\"},\"query-input\":{\"@type\":\"PropertyValueSpecification\",\"valueRequired\":true,\"valueName\":\"search_term_string\"}}],\"inLanguage\":\"et\"}]}<\/script>\n<!-- \/ Yoast SEO plugin. -->","yoast_head_json":{"title":"Kahekuuline Slim Queen salendav kokteilikomplekt - Fitnsweet.eu","robots":{"index":"index","follow":"follow","max-snippet":"max-snippet:-1","max-image-preview":"max-image-preview:large","max-video-preview":"max-video-preview:-1"},"canonical":"https:\/\/fitnsweet.eu\/et\/toode-2\/kahekuune-sale-kuninganna-salendav-kokteilikomplekt-2\/","og_locale":"et_EE","og_type":"article","og_title":"Dviej\u0173 m\u0117nesi\u0173 Slim Queen liekn\u0117jimo kokteili\u0173 rinkinys - Fitnsweet.eu","og_description":"Da\u017enai klausiate, kuriam laikui u\u017etenka J\u016bs\u0173 jau itin pam\u0117gto Slim kokteilio pakuot\u0117s. Ir mes suk\u016br\u0117me rinkin\u012f Jums, kurio Jums u\u017eteks net dviems m\u0117nesiams!*   Slim liekn\u0117jimo kokteilis - tai inovatyvi naujiena m\u016bs\u0173 gamini\u0173 asortimente, tai maisto pakaitalas, kai kokteilio porcija galite keisti vien\u0105 i\u0161 dienos valgym\u0173. Taip suvartosite itin ma\u017eai kalorij\u0173, gausite net iki 22 skirting\u0173 vitamin\u0173 bei mineral\u0173 ir baltym\u0173. \u0160is kokteilis sukurtas moterims, kurios nori padailinti k\u016bno formas prie\u0161 vasar\u0105 ar da\u017enai nesp\u0117ja laiku u\u017ek\u0105sti, ar papusry\u010diauti. Tai bus J\u016bs\u0173 puikus kompanjonas norint suma\u017einti suvartojam\u0173 kalorij\u0173 kiek\u012f dienoje ir taip suma\u017einti k\u016bno svor\u012f.\u00a0  Rinkin\u012f sudaro: Keturi J\u016bs\u0173 pasirinkt\u0173 skoni\u0173 Slim Queen liekn\u0117jimo kokteiliai (po 420 g, viso 1680 g).\u00a0  *Kokteili\u0173 u\u017eteksite dviems m\u0117nesiams vartojant vien\u0105 kart\u0105 per dien\u0105 po vien\u0105 rekomenduojam\u0105 porcij\u0105. Pakuot\u0117je vidutini\u0161kai 14 porcij\u0173.\u00a0","og_url":"https:\/\/fitnsweet.eu\/et\/toode-2\/kahekuune-sale-kuninganna-salendav-kokteilikomplekt-2\/","og_site_name":"Fitnsweet.eu","article_modified_time":"2026-01-05T06:57:05+00:00","og_image":[{"width":1080,"height":1080,"url":"https:\/\/fitnsweet.eu\/wp-content\/uploads\/2021\/03\/dvieju-menesiu-rink_slim-shake_fitnsweet.png","type":"image\/png"}],"twitter_card":"summary_large_image","twitter_misc":{"Est. reading time":"3 minutit"},"schema":{"@context":"https:\/\/schema.org","@graph":[{"@type":"WebPage","@id":"https:\/\/fitnsweet.eu\/produktas\/dvieju-menesiu-slim-queen-lieknejimo-kokteiliu-rinkinys\/","url":"https:\/\/fitnsweet.eu\/produktas\/dvieju-menesiu-slim-queen-lieknejimo-kokteiliu-rinkinys\/","name":"Kahekuuline Slim Queen salendav kokteilikomplekt - Fitnsweet.eu","isPartOf":{"@id":"https:\/\/fitnsweet.eu\/#website"},"primaryImageOfPage":{"@id":"https:\/\/fitnsweet.eu\/produktas\/dvieju-menesiu-slim-queen-lieknejimo-kokteiliu-rinkinys\/#primaryimage"},"image":{"@id":"https:\/\/fitnsweet.eu\/produktas\/dvieju-menesiu-slim-queen-lieknejimo-kokteiliu-rinkinys\/#primaryimage"},"thumbnailUrl":"https:\/\/fitnsweet.eu\/wp-content\/uploads\/2021\/03\/dvieju-menesiu-rink_slim-shake_fitnsweet.png","datePublished":"2021-03-17T20:11:09+00:00","dateModified":"2026-01-05T06:57:05+00:00","breadcrumb":{"@id":"https:\/\/fitnsweet.eu\/produktas\/dvieju-menesiu-slim-queen-lieknejimo-kokteiliu-rinkinys\/#breadcrumb"},"inLanguage":"et","potentialAction":[{"@type":"ReadAction","target":["https:\/\/fitnsweet.eu\/produktas\/dvieju-menesiu-slim-queen-lieknejimo-kokteiliu-rinkinys\/"]}]},{"@type":"ImageObject","inLanguage":"et","@id":"https:\/\/fitnsweet.eu\/produktas\/dvieju-menesiu-slim-queen-lieknejimo-kokteiliu-rinkinys\/#primaryimage","url":"https:\/\/fitnsweet.eu\/wp-content\/uploads\/2021\/03\/dvieju-menesiu-rink_slim-shake_fitnsweet.png","contentUrl":"https:\/\/fitnsweet.eu\/wp-content\/uploads\/2021\/03\/dvieju-menesiu-rink_slim-shake_fitnsweet.png","width":1080,"height":1080},{"@type":"BreadcrumbList","@id":"https:\/\/fitnsweet.eu\/produktas\/dvieju-menesiu-slim-queen-lieknejimo-kokteiliu-rinkinys\/#breadcrumb","itemListElement":[{"@type":"ListItem","position":1,"name":"Home","item":"https:\/\/fitnsweet.eu\/"},{"@type":"ListItem","position":2,"name":"Produktai","item":"https:\/\/fitnsweet.eu\/parduotuve\/"},{"@type":"ListItem","position":3,"name":"Dviej\u0173 m\u0117nesi\u0173 Slim Queen liekn\u0117jimo kokteili\u0173 rinkinys"}]},{"@type":"WebSite","@id":"https:\/\/fitnsweet.eu\/#website","url":"https:\/\/fitnsweet.eu\/","name":"Fitnsweet.eu","description":"Tere. Armas. Kasulik.","potentialAction":[{"@type":"SearchAction","target":{"@type":"EntryPoint","urlTemplate":"https:\/\/fitnsweet.eu\/?s={search_term_string}"},"query-input":{"@type":"PropertyValueSpecification","valueRequired":true,"valueName":"search_term_string"}}],"inLanguage":"et"}]}},"_links":{"self":[{"href":"https:\/\/fitnsweet.eu\/et\/wp-json\/wp\/v2\/product\/23496","targetHints":{"allow":["GET"]}}],"collection":[{"href":"https:\/\/fitnsweet.eu\/et\/wp-json\/wp\/v2\/product"}],"about":[{"href":"https:\/\/fitnsweet.eu\/et\/wp-json\/wp\/v2\/types\/product"}],"replies":[{"embeddable":true,"href":"https:\/\/fitnsweet.eu\/et\/wp-json\/wp\/v2\/comments?post=23496"}],"version-history":[{"count":9,"href":"https:\/\/fitnsweet.eu\/et\/wp-json\/wp\/v2\/product\/23496\/revisions"}],"predecessor-version":[{"id":38306,"href":"https:\/\/fitnsweet.eu\/et\/wp-json\/wp\/v2\/product\/23496\/revisions\/38306"}],"wp:featuredmedia":[{"embeddable":true,"href":"https:\/\/fitnsweet.eu\/et\/wp-json\/wp\/v2\/media\/45515"}],"wp:attachment":[{"href":"https:\/\/fitnsweet.eu\/et\/wp-json\/wp\/v2\/media?parent=23496"}],"wp:term":[{"taxonomy":"product_brand","embeddable":true,"href":"https:\/\/fitnsweet.eu\/et\/wp-json\/wp\/v2\/product_brand?post=23496"},{"taxonomy":"product_cat","embeddable":true,"href":"https:\/\/fitnsweet.eu\/et\/wp-json\/wp\/v2\/product_cat?post=23496"},{"taxonomy":"product_tag","embeddable":true,"href":"https:\/\/fitnsweet.eu\/et\/wp-json\/wp\/v2\/product_tag?post=23496"}],"curies":[{"name":"wp","href":"https:\/\/api.w.org\/{rel}","templated":true}]}}