{"id":243,"date":"2016-08-26T19:34:23","date_gmt":"2016-08-26T16:34:23","guid":{"rendered":"http:\/\/fitnsweet.lt\/?post_type=product&#038;p=243"},"modified":"2024-12-06T23:33:28","modified_gmt":"2024-12-06T21:33:28","slug":"kuninganna-valgu-segu-pannkookide-jaoks-2","status":"publish","type":"product","link":"https:\/\/fitnsweet.eu\/et\/toode-2\/kuninganna-valgu-segu-pannkookide-jaoks-2\/","title":{"rendered":"Kuninganna valgusegu pannkookide jaoks"},"content":{"rendered":"<p><span style=\"color: #ff00ff;\">Kompositsioon<\/span>:\u00a0<span style=\"color: #000000;\">valgusegu: vadakuvalgu isolaat ja vadakuvalgu kontsentraat, munapulber, nisujahu, magusained: sukraloos, sojaletsitiin, l\u00f5hna- ja maitseained, naatriumkarbonaat, sidrunhape.<\/span><\/p>\n<p><span style=\"color: #ff00ff;\">V\u00f5imalikud allergeenid:<\/span> <span style=\"color: #000000;\">see toode sisaldab mune, piimavalku, sojaletsitiini ja laktoosi.<\/span><\/p>\n<p><span style=\"color: #ff00ff;\">Energeetiline v\u00e4\u00e4rtus<\/span>:\u00a0<span style=\"color: #000000;\">100 g: 380 kcal, 60 g valku, 27 g s\u00fcsivesikuid (millest 4 g suhkruid), 3 g rasva (millest 2 g k\u00fcllastunud rasvhappeid). (\u00dcksikute maitsete energiasisaldus v\u00f5ib veidi erineda).\u00a0<\/span><\/p>\n<p><span style=\"color: #ff00ff;\">Portsjoni suurus<\/span>: <span style=\"color: #000000;\">Segage 50 g segu 125 ml vee v\u00f5i piimaga (m\u00f5\u00f5telusikas on pakendis).<\/span><\/p>\n<p><span style=\"color: #ff00ff;\">Kuidas kasutada Queen proteiini pannkoogisegu?\u00a0<\/span><span style=\"color: #000000;\">Sega lihtsalt Queen-proteiini pannkoogisegu vee v\u00f5i piimaga, raputa visplisse, joogiks ja vala saadud vedel mass kuumale pannile. Vormi soovitud suurusega pannkoogid. Kui k\u00fcpsetate pannil, keerake pannkoogid \u00fcmber ja k\u00fcpsetage m\u00f5lemalt k\u00fcljelt. Ja nautige tervislikku toitu. V\u00f5ite k\u00fcpsetada ka vahvlites v\u00f5i muus metallist spetsiaalses pannkoogi pagari\u00e4ris. Saadud massile v\u00f5ite lisada ka veidi kookos\u00f5li. S\u00f6\u00f6ge oma lemmikmoosi, maap\u00e4hkliv\u00f5i ja muude lemmikmaitseainetega.<\/span><\/p>\n<p><span style=\"color: #ff00ff;\">UUS! Juba saate osta veel \u00fche segu h\u00e4mmastava maitsega Queen proteiinipannkookidest!<\/span> <span style=\"color: #000000;\">Juba m\u00fc\u00fcgil segu mandli, valge \u0161okolaadi ja kookosp\u00e4hkli (Raphael) maitsetest! See on imeline segu kolmest maitsest, saate nautida magusaid pannkooke.<\/span><\/p>\n<p><span style=\"color: #000000;\"><strong><span style=\"color: #ff00ff;\">Samuti JUBA M\u00dc\u00dcGIL ja uhiuued juustukoogid ja piimapulbriga \u0161okolaadimaitselised pannkoogisegud!<\/span><\/strong><\/span><\/p>\n<p><span style=\"color: #ff00ff;\">Aegumiskuup\u00e4ev<\/span>: <span style=\"color: #000000;\">pakendile m\u00e4rgitud.<\/span><br \/>\n<span style=\"color: #ff00ff;\">Tootja:<\/span> <span style=\"color: #000000;\">Saksamaa.<\/span><\/p>","protected":false},"excerpt":{"rendered":"<p style=\"text-align: justify; padding-left: 40px;\"><span style=\"color: #000000;\">Trenni tehes, dieeti v\u00f5i dieeti j\u00e4rgides j\u00e4\u00e4b sageli puudu ideedest, mida s\u00fc\u00fca hommikus\u00f6\u00f6giks v\u00f5i mida valida \u00f5htus\u00f6\u00f6giks, et see oleks meie kehale kasulik ja tervislik.\u00a0<\/span><\/p>\n<p style=\"text-align: justify;\"><span style=\"color: #000000;\">Valgusegu Queen sobib suurep\u00e4raselt maitsvaks, tervislikuks, valgurikkaks hommiku-, \u00f5htus\u00f6\u00f6gi- v\u00f5i suupisteks peamiste s\u00f6\u00f6gikordade vahel.<\/span><br \/>\n<span style=\"color: #ff00ff;\">Selles segus portsjoni kohta kuni 60 g valku ja ainult 27 g s\u00fcsivesikuid ja 3 g rasva. Saate valida mitme lemmikmaitse vahel.<\/span><br \/>\n<span style=\"color: #000000;\">Lihtne ja kiire valmistada, segu on suurep\u00e4rase maitsega. V\u00f5ite pannkooke maitsestada oma lemmikmoosi, jogurti, maap\u00e4hkliv\u00f5i v\u00f5i muude maitseainetega. VALGUPANKUPSIDE SEGAD ILMA KUNSTILISTE L\u00d5HNA- JA MAHUTUSVAHENDITE JA ASPARTAMIGA.\u00a0<\/span><\/p>\n<p style=\"text-align: justify;\"><span style=\"color: #000000;\">Saksamaal valmistatud k\u00f5rgeima kvaliteediga materjalidest pannkookide kuninganna valgusegu tagab ohutu tarbimise.\u00a0<\/span><\/p>\n<p style=\"text-align: justify;\"><span style=\"color: #000000;\">Pakend - 500 g kuivsegu.\u00a0<\/span><\/p>\n<p><img fetchpriority=\"high\" decoding=\"async\" class=\"alignnone size-full wp-image-26824\" src=\"https:\/\/fitnsweet.eu\/wp-content\/uploads\/2020\/11\/1_ikonos-03.png\" alt=\"\" width=\"16247\" height=\"4800\" \/><\/p>","protected":false},"featured_media":33781,"comment_status":"open","ping_status":"closed","template":"","meta":{"site-sidebar-layout":"default","site-content-layout":"default","ast-site-content-layout":"default","site-content-style":"default","site-sidebar-style":"default","ast-global-header-display":"","ast-banner-title-visibility":"","ast-main-header-display":"","ast-hfb-above-header-display":"","ast-hfb-below-header-display":"","ast-hfb-mobile-header-display":"","site-post-title":"","ast-breadcrumbs-content":"","ast-featured-img":"","footer-sml-layout":"","ast-disable-related-posts":"","theme-transparent-header-meta":"default","adv-header-id-meta":"","stick-header-meta":"","header-above-stick-meta":"","header-main-stick-meta":"","header-below-stick-meta":"","astra-migrate-meta-layouts":"set","ast-page-background-enabled":"default","ast-page-background-meta":{"desktop":{"background-color":"var(--ast-global-color-4)","background-image":"","background-repeat":"repeat","background-position":"center center","background-size":"auto","background-attachment":"scroll","background-type":"","background-media":"","overlay-type":"","overlay-color":"","overlay-opacity":"","overlay-gradient":""},"tablet":{"background-color":"","background-image":"","background-repeat":"repeat","background-position":"center center","background-size":"auto","background-attachment":"scroll","background-type":"","background-media":"","overlay-type":"","overlay-color":"","overlay-opacity":"","overlay-gradient":""},"mobile":{"background-color":"","background-image":"","background-repeat":"repeat","background-position":"center center","background-size":"auto","background-attachment":"scroll","background-type":"","background-media":"","overlay-type":"","overlay-color":"","overlay-opacity":"","overlay-gradient":""}},"ast-content-background-meta":{"desktop":{"background-color":"var(--ast-global-color-5)","background-image":"","background-repeat":"repeat","background-position":"center center","background-size":"auto","background-attachment":"scroll","background-type":"","background-media":"","overlay-type":"","overlay-color":"","overlay-opacity":"","overlay-gradient":""},"tablet":{"background-color":"var(--ast-global-color-5)","background-image":"","background-repeat":"repeat","background-position":"center center","background-size":"auto","background-attachment":"scroll","background-type":"","background-media":"","overlay-type":"","overlay-color":"","overlay-opacity":"","overlay-gradient":""},"mobile":{"background-color":"var(--ast-global-color-5)","background-image":"","background-repeat":"repeat","background-position":"center center","background-size":"auto","background-attachment":"scroll","background-type":"","background-media":"","overlay-type":"","overlay-color":"","overlay-opacity":"","overlay-gradient":""}}},"product_brand":[],"product_cat":[380,378,387,315,13,112,114],"product_tag":[182,146,37,149,181,16,164,20,184,199,183],"class_list":{"0":"post-243","1":"product","2":"type-product","3":"status-publish","4":"has-post-thumbnail","6":"product_cat-sokoladiniai-kremai-uogienes","7":"product_cat-uzkandziai","8":"product_cat-visi-produktai","9":"product_cat-baltyminiai-misiniai-kepimui","10":"product_cat-httpfitnsweet-ltprodukto-kategorijagymqueen","11":"product_cat-gymqueen-figurai","12":"product_cat-gymqueen-sportui","13":"product_tag-baltyminiu-blyneliu-misiniai","14":"product_tag-blynai","15":"product_tag-blyneliai","16":"product_tag-blyneliu-misinys","17":"product_tag-blyneliu-misiniai","18":"product_tag-gymqueen","19":"product_tag-gymqueen-sportui","20":"product_tag-proteinas","21":"product_tag-queen-blyneliai","22":"product_tag-skanus-blyneliai","23":"product_tag-sveiki-blyneliai","24":"desktop-align-left","25":"tablet-align-left","26":"mobile-align-left","28":"first","29":"instock","30":"taxable","31":"shipping-taxable","32":"purchasable","33":"product-type-variable"},"yoast_head":"<!-- This site is optimized with the Yoast SEO plugin v26.9 - https:\/\/yoast.com\/product\/yoast-seo-wordpress\/ -->\n<title>Queen baltyminis mi\u0161inys blyneliams - Fitnsweet.eu<\/title>\n<meta name=\"robots\" content=\"index, follow, max-snippet:-1, max-image-preview:large, max-video-preview:-1\" \/>\n<link rel=\"canonical\" href=\"https:\/\/fitnsweet.eu\/et\/toode-2\/kuninganna-valgu-segu-pannkookide-jaoks-2\/\" \/>\n<meta property=\"og:locale\" content=\"et_EE\" \/>\n<meta property=\"og:type\" content=\"article\" \/>\n<meta property=\"og:title\" content=\"Queen baltyminis mi\u0161inys blyneliams - Fitnsweet.eu\" \/>\n<meta property=\"og:description\" content=\"Sportuojant, laikantis mitybos re\u017eimo ar dietos, da\u017enai pritr\u016bkstama id\u0117j\u0173, k\u0105 valgyti pusry\u010diams ar k\u0105 pasirinkti vakarienei, kad tai b\u016bt\u0173 naudinga bei sveika m\u016bs\u0173 k\u016bnui.\u00a0 Queen baltyminis mi\u0161inys puikiai tiks skaniems, sveikiems, baltymais praturtintiems pusry\u010diams, vakarienei ar u\u017ekand\u017eiui tarp pagrindini\u0173 valgym\u0173. \u0160iame mi\u0161inyje net 60 g baltym\u0173 ir tik 27 g angliavandeni\u0173 ir 3 g riebal\u0173 vienoje porcijoje. Galite rinktis i\u0161 keli\u0173 J\u016bs\u0173 m\u0117gstamiausi\u0173 skoni\u0173. Lengvai ir greitai paruo\u0161iamas mi\u0161inys pasi\u017eymi puikiu skoniu. Blynelius galite gardinti J\u016bs\u0173 m\u0117gstama uogiene, jogurtu, rie\u0161ut\u0173 sviestu ar kitais pagardais. QUEEN BALTYMINI\u0172 BLYNELI\u0172 MI\u0160INIAI BE DIRBTINI\u0172 SKONIO STIPRIKLI\u0172 BEI ASPARTAMO.\u00a0 Queen baltyminis mi\u0161inys blyneliams, pagamintas Vokietijoje i\u0161 auk\u0161\u010diausios kokyb\u0117s med\u017eiag\u0173, u\u017etikrina saug\u0173 vartojim\u0105.\u00a0 Pakuot\u0117je - 500 g sauso mi\u0161inio.\u00a0\" \/>\n<meta property=\"og:url\" content=\"https:\/\/fitnsweet.eu\/et\/toode-2\/kuninganna-valgu-segu-pannkookide-jaoks-2\/\" \/>\n<meta property=\"og:site_name\" content=\"Fitnsweet.eu\" \/>\n<meta property=\"article:modified_time\" content=\"2024-12-06T21:33:28+00:00\" \/>\n<meta property=\"og:image\" content=\"https:\/\/fitnsweet.eu\/wp-content\/uploads\/2016\/08\/gq_pancakes_vanille_shadow_fnsku.png\" \/>\n\t<meta property=\"og:image:width\" content=\"1600\" \/>\n\t<meta property=\"og:image:height\" content=\"1600\" \/>\n\t<meta property=\"og:image:type\" content=\"image\/png\" \/>\n<meta name=\"twitter:card\" content=\"summary_large_image\" \/>\n<meta name=\"twitter:label1\" content=\"Est. reading time\" \/>\n\t<meta name=\"twitter:data1\" content=\"2 minutit\" \/>\n<script type=\"application\/ld+json\" class=\"yoast-schema-graph\">{\"@context\":\"https:\/\/schema.org\",\"@graph\":[{\"@type\":\"WebPage\",\"@id\":\"https:\/\/fitnsweet.eu\/produktas\/queen-baltyminis-misinys-blyneliams\/\",\"url\":\"https:\/\/fitnsweet.eu\/produktas\/queen-baltyminis-misinys-blyneliams\/\",\"name\":\"Queen baltyminis mi\u0161inys blyneliams - Fitnsweet.eu\",\"isPartOf\":{\"@id\":\"https:\/\/fitnsweet.eu\/#website\"},\"primaryImageOfPage\":{\"@id\":\"https:\/\/fitnsweet.eu\/produktas\/queen-baltyminis-misinys-blyneliams\/#primaryimage\"},\"image\":{\"@id\":\"https:\/\/fitnsweet.eu\/produktas\/queen-baltyminis-misinys-blyneliams\/#primaryimage\"},\"thumbnailUrl\":\"https:\/\/fitnsweet.eu\/wp-content\/uploads\/2016\/08\/gq_pancakes_vanille_shadow_fnsku.png\",\"datePublished\":\"2016-08-26T16:34:23+00:00\",\"dateModified\":\"2024-12-06T21:33:28+00:00\",\"breadcrumb\":{\"@id\":\"https:\/\/fitnsweet.eu\/produktas\/queen-baltyminis-misinys-blyneliams\/#breadcrumb\"},\"inLanguage\":\"et\",\"potentialAction\":[{\"@type\":\"ReadAction\",\"target\":[\"https:\/\/fitnsweet.eu\/produktas\/queen-baltyminis-misinys-blyneliams\/\"]}]},{\"@type\":\"ImageObject\",\"inLanguage\":\"et\",\"@id\":\"https:\/\/fitnsweet.eu\/produktas\/queen-baltyminis-misinys-blyneliams\/#primaryimage\",\"url\":\"https:\/\/fitnsweet.eu\/wp-content\/uploads\/2016\/08\/gq_pancakes_vanille_shadow_fnsku.png\",\"contentUrl\":\"https:\/\/fitnsweet.eu\/wp-content\/uploads\/2016\/08\/gq_pancakes_vanille_shadow_fnsku.png\",\"width\":1600,\"height\":1600},{\"@type\":\"BreadcrumbList\",\"@id\":\"https:\/\/fitnsweet.eu\/produktas\/queen-baltyminis-misinys-blyneliams\/#breadcrumb\",\"itemListElement\":[{\"@type\":\"ListItem\",\"position\":1,\"name\":\"Home\",\"item\":\"https:\/\/fitnsweet.eu\/\"},{\"@type\":\"ListItem\",\"position\":2,\"name\":\"Produktai\",\"item\":\"https:\/\/fitnsweet.eu\/parduotuve\/\"},{\"@type\":\"ListItem\",\"position\":3,\"name\":\"Queen baltyminis mi\u0161inys blyneliams\"}]},{\"@type\":\"WebSite\",\"@id\":\"https:\/\/fitnsweet.eu\/#website\",\"url\":\"https:\/\/fitnsweet.eu\/\",\"name\":\"Fitnsweet.eu\",\"description\":\"Sveika. Saldu. Naudinga.\",\"potentialAction\":[{\"@type\":\"SearchAction\",\"target\":{\"@type\":\"EntryPoint\",\"urlTemplate\":\"https:\/\/fitnsweet.eu\/?s={search_term_string}\"},\"query-input\":{\"@type\":\"PropertyValueSpecification\",\"valueRequired\":true,\"valueName\":\"search_term_string\"}}],\"inLanguage\":\"et\"}]}<\/script>\n<!-- \/ Yoast SEO plugin. -->","yoast_head_json":{"title":"Kuninganna valgusegu pannkookidele - Fitnsweet.eu","robots":{"index":"index","follow":"follow","max-snippet":"max-snippet:-1","max-image-preview":"max-image-preview:large","max-video-preview":"max-video-preview:-1"},"canonical":"https:\/\/fitnsweet.eu\/et\/toode-2\/kuninganna-valgu-segu-pannkookide-jaoks-2\/","og_locale":"et_EE","og_type":"article","og_title":"Queen baltyminis mi\u0161inys blyneliams - Fitnsweet.eu","og_description":"Sportuojant, laikantis mitybos re\u017eimo ar dietos, da\u017enai pritr\u016bkstama id\u0117j\u0173, k\u0105 valgyti pusry\u010diams ar k\u0105 pasirinkti vakarienei, kad tai b\u016bt\u0173 naudinga bei sveika m\u016bs\u0173 k\u016bnui.\u00a0 Queen baltyminis mi\u0161inys puikiai tiks skaniems, sveikiems, baltymais praturtintiems pusry\u010diams, vakarienei ar u\u017ekand\u017eiui tarp pagrindini\u0173 valgym\u0173. \u0160iame mi\u0161inyje net 60 g baltym\u0173 ir tik 27 g angliavandeni\u0173 ir 3 g riebal\u0173 vienoje porcijoje. Galite rinktis i\u0161 keli\u0173 J\u016bs\u0173 m\u0117gstamiausi\u0173 skoni\u0173. Lengvai ir greitai paruo\u0161iamas mi\u0161inys pasi\u017eymi puikiu skoniu. Blynelius galite gardinti J\u016bs\u0173 m\u0117gstama uogiene, jogurtu, rie\u0161ut\u0173 sviestu ar kitais pagardais. QUEEN BALTYMINI\u0172 BLYNELI\u0172 MI\u0160INIAI BE DIRBTINI\u0172 SKONIO STIPRIKLI\u0172 BEI ASPARTAMO.\u00a0 Queen baltyminis mi\u0161inys blyneliams, pagamintas Vokietijoje i\u0161 auk\u0161\u010diausios kokyb\u0117s med\u017eiag\u0173, u\u017etikrina saug\u0173 vartojim\u0105.\u00a0 Pakuot\u0117je - 500 g sauso mi\u0161inio.\u00a0","og_url":"https:\/\/fitnsweet.eu\/et\/toode-2\/kuninganna-valgu-segu-pannkookide-jaoks-2\/","og_site_name":"Fitnsweet.eu","article_modified_time":"2024-12-06T21:33:28+00:00","og_image":[{"width":1600,"height":1600,"url":"https:\/\/fitnsweet.eu\/wp-content\/uploads\/2016\/08\/gq_pancakes_vanille_shadow_fnsku.png","type":"image\/png"}],"twitter_card":"summary_large_image","twitter_misc":{"Est. reading time":"2 minutit"},"schema":{"@context":"https:\/\/schema.org","@graph":[{"@type":"WebPage","@id":"https:\/\/fitnsweet.eu\/produktas\/queen-baltyminis-misinys-blyneliams\/","url":"https:\/\/fitnsweet.eu\/produktas\/queen-baltyminis-misinys-blyneliams\/","name":"Kuninganna valgusegu pannkookidele - Fitnsweet.eu","isPartOf":{"@id":"https:\/\/fitnsweet.eu\/#website"},"primaryImageOfPage":{"@id":"https:\/\/fitnsweet.eu\/produktas\/queen-baltyminis-misinys-blyneliams\/#primaryimage"},"image":{"@id":"https:\/\/fitnsweet.eu\/produktas\/queen-baltyminis-misinys-blyneliams\/#primaryimage"},"thumbnailUrl":"https:\/\/fitnsweet.eu\/wp-content\/uploads\/2016\/08\/gq_pancakes_vanille_shadow_fnsku.png","datePublished":"2016-08-26T16:34:23+00:00","dateModified":"2024-12-06T21:33:28+00:00","breadcrumb":{"@id":"https:\/\/fitnsweet.eu\/produktas\/queen-baltyminis-misinys-blyneliams\/#breadcrumb"},"inLanguage":"et","potentialAction":[{"@type":"ReadAction","target":["https:\/\/fitnsweet.eu\/produktas\/queen-baltyminis-misinys-blyneliams\/"]}]},{"@type":"ImageObject","inLanguage":"et","@id":"https:\/\/fitnsweet.eu\/produktas\/queen-baltyminis-misinys-blyneliams\/#primaryimage","url":"https:\/\/fitnsweet.eu\/wp-content\/uploads\/2016\/08\/gq_pancakes_vanille_shadow_fnsku.png","contentUrl":"https:\/\/fitnsweet.eu\/wp-content\/uploads\/2016\/08\/gq_pancakes_vanille_shadow_fnsku.png","width":1600,"height":1600},{"@type":"BreadcrumbList","@id":"https:\/\/fitnsweet.eu\/produktas\/queen-baltyminis-misinys-blyneliams\/#breadcrumb","itemListElement":[{"@type":"ListItem","position":1,"name":"Home","item":"https:\/\/fitnsweet.eu\/"},{"@type":"ListItem","position":2,"name":"Produktai","item":"https:\/\/fitnsweet.eu\/parduotuve\/"},{"@type":"ListItem","position":3,"name":"Queen baltyminis mi\u0161inys blyneliams"}]},{"@type":"WebSite","@id":"https:\/\/fitnsweet.eu\/#website","url":"https:\/\/fitnsweet.eu\/","name":"Fitnsweet.eu","description":"Tere. Armas. Kasulik.","potentialAction":[{"@type":"SearchAction","target":{"@type":"EntryPoint","urlTemplate":"https:\/\/fitnsweet.eu\/?s={search_term_string}"},"query-input":{"@type":"PropertyValueSpecification","valueRequired":true,"valueName":"search_term_string"}}],"inLanguage":"et"}]}},"_links":{"self":[{"href":"https:\/\/fitnsweet.eu\/et\/wp-json\/wp\/v2\/product\/243","targetHints":{"allow":["GET"]}}],"collection":[{"href":"https:\/\/fitnsweet.eu\/et\/wp-json\/wp\/v2\/product"}],"about":[{"href":"https:\/\/fitnsweet.eu\/et\/wp-json\/wp\/v2\/types\/product"}],"replies":[{"embeddable":true,"href":"https:\/\/fitnsweet.eu\/et\/wp-json\/wp\/v2\/comments?post=243"}],"version-history":[{"count":2,"href":"https:\/\/fitnsweet.eu\/et\/wp-json\/wp\/v2\/product\/243\/revisions"}],"predecessor-version":[{"id":36332,"href":"https:\/\/fitnsweet.eu\/et\/wp-json\/wp\/v2\/product\/243\/revisions\/36332"}],"wp:featuredmedia":[{"embeddable":true,"href":"https:\/\/fitnsweet.eu\/et\/wp-json\/wp\/v2\/media\/33781"}],"wp:attachment":[{"href":"https:\/\/fitnsweet.eu\/et\/wp-json\/wp\/v2\/media?parent=243"}],"wp:term":[{"taxonomy":"product_brand","embeddable":true,"href":"https:\/\/fitnsweet.eu\/et\/wp-json\/wp\/v2\/product_brand?post=243"},{"taxonomy":"product_cat","embeddable":true,"href":"https:\/\/fitnsweet.eu\/et\/wp-json\/wp\/v2\/product_cat?post=243"},{"taxonomy":"product_tag","embeddable":true,"href":"https:\/\/fitnsweet.eu\/et\/wp-json\/wp\/v2\/product_tag?post=243"}],"curies":[{"name":"wp","href":"https:\/\/api.w.org\/{rel}","templated":true}]}}