{"id":27785,"date":"2021-10-05T05:49:27","date_gmt":"2021-10-05T02:49:27","guid":{"rendered":"https:\/\/fitnsweet.eu\/?post_type=product&#038;p=27785"},"modified":"2025-07-21T09:37:20","modified_gmt":"2025-07-21T06:37:20","slug":"premium-mom-mia-zero-kaste-240ml-2","status":"publish","type":"product","link":"https:\/\/fitnsweet.eu\/et\/toode-2\/premium-mom-mia-zero-kaste-240ml-2\/","title":{"rendered":"Premium Mamma Mia Zero kaste (240 ml)"},"content":{"rendered":"<p><span style=\"color: #000000;\">Premium Mamma Mia Zero kastmed sobivad suurep\u00e4raselt sulle, kui soovid nautida oma toekaid lemmikroogasid madala kalorsusega madala suhkrusisaldusega * kastmega. Meie Premium Mamma Mia Zero kastmetega on teie taldrikul k\u00f5rgeima toitev\u00e4\u00e4rtusega kastmed \u2013 100% k\u00f5rgeima kvaliteediga maitsega!<\/span><\/p>\n<p><span style=\"color: #000000;\">* Sisaldab tavaliste v\u00fcrtsikate kastmetega v\u00f5rreldes kuni 30% v\u00e4hem kaloreid ja suhkrut. ** Sisaldab looduslikult ja suhkruid.<\/span><\/p>\n<p><span style=\"color: #ff99cc;\">Koostis:<\/span> <span style=\"color: #000000;\">Vesi, 8% mesi, 7% sinep (vesi,\u00a0<b>sinepiseemned<\/b>\u00a0, \u00e4\u00e4dikas, sool, v\u00fcrtsid), \u00e4\u00e4dikas, sidrunikiud, modifitseeritud t\u00e4rklis, \u00f5unamahla kontsentraat, sool, v\u00fcrtsid\u00a0<b>sinep<\/b>\u00a0), looduslik maitse, hapendaja: sidrunhape; V\u00e4rvus: karoteen; S\u00e4ilitusaine: naatriumbensoaat, kaaliumsorbaat; Stabilisaator: ksantaankummi; Magusaine: sukraloos.<\/span><\/p>\n<p><span style=\"color: #ff99cc;\">P\u00f5hiaine \/ toimeaine:<\/span><span style=\"color: #000000;\">\u00c4\u00e4dikas, mesi, sinep.<\/span><\/p>\n<p><span style=\"color: #ff99cc;\">Allergeenid:<\/span><span style=\"color: #000000;\">Sisaldab sinepit.<\/span><\/p>\n<table class=\"table--nutrition-facts\">\n<thead>\n<tr>\n<th><span style=\"color: #000000;\">Energeetiline v\u00e4\u00e4rtus<\/span><\/th>\n<th><span style=\"color: #000000;\">\u00a0100 G<\/span><\/th>\n<th class=\"text-right\"><span style=\"color: #000000;\">PORTIONIS<\/span><\/th>\n<th class=\"text-right nutrition-table__per-serving\"><span style=\"color: #000000;\">% RPN * PORTSIOONI KOHTA<\/span><\/th>\n<\/tr>\n<\/thead>\n<tbody>\n<tr>\n<td><\/td>\n<td><span style=\"color: #000000;\"><span class=\"db\">251,21 kj<\/span><span class=\"db\">60,00 kcal<\/span><\/span><\/td>\n<td class=\"text-right\"><span style=\"color: #000000;\"><span class=\"db\">37,68 kj<\/span><span class=\"db\">9,00 kcal<\/span><\/span><\/td>\n<td class=\"text-right nutrition-table__per-serving\"><span style=\"color: #000000;\">0,45%<\/span><\/td>\n<\/tr>\n<tr>\n<td><span style=\"color: #000000;\">paks<\/span><\/td>\n<td><span style=\"color: #000000;\">1,00 g<\/span><\/td>\n<td class=\"text-right\"><span style=\"color: #000000;\">0,15 g<\/span><\/td>\n<td class=\"text-right nutrition-table__per-serving\"><span style=\"color: #000000;\">0,21%<\/span><\/td>\n<\/tr>\n<tr class=\"sub-item\">\n<td><span style=\"color: #000000;\">\u00a0sellest: k\u00fcllastunud rasvhapped<\/span><\/td>\n<td><span style=\"color: #000000;\">0,10 g<\/span><\/td>\n<td class=\"text-right\"><span style=\"color: #000000;\">0,02 g<\/span><\/td>\n<td class=\"text-right nutrition-table__per-serving\"><span style=\"color: #000000;\">0,10%<\/span><\/td>\n<\/tr>\n<tr>\n<td><span style=\"color: #000000;\">s\u00fcsivesikud<\/span><\/td>\n<td><span style=\"color: #000000;\">9,70 g<\/span><\/td>\n<td class=\"text-right\"><span style=\"color: #000000;\">1,46 g<\/span><\/td>\n<td class=\"text-right nutrition-table__per-serving\"><span style=\"color: #000000;\">0,56%<\/span><\/td>\n<\/tr>\n<tr class=\"sub-item\">\n<td><span style=\"color: #000000;\">\u00a0millest suhkrud<\/span><\/td>\n<td><span style=\"color: #000000;\">6,50 g<\/span><\/td>\n<td class=\"text-right\"><span style=\"color: #000000;\">0,98 g<\/span><\/td>\n<td class=\"text-right nutrition-table__per-serving\"><span style=\"color: #000000;\">1,09%<\/span><\/td>\n<\/tr>\n<tr>\n<td><span style=\"color: #000000;\">valk<\/span><\/td>\n<td><span style=\"color: #000000;\">1,10 g<\/span><\/td>\n<td class=\"text-right\"><span style=\"color: #000000;\">0,17 g<\/span><\/td>\n<td class=\"text-right nutrition-table__per-serving\"><span style=\"color: #000000;\">0,34%<\/span><\/td>\n<\/tr>\n<tr>\n<td><span style=\"color: #000000;\">soolad<\/span><\/td>\n<td><span style=\"color: #000000;\">1,80 g<\/span><\/td>\n<td class=\"text-right\"><span style=\"color: #000000;\">0,27 g<\/span><\/td>\n<td class=\"text-right nutrition-table__per-serving\"><span style=\"color: #000000;\">4,50%<\/span><\/td>\n<\/tr>\n<\/tbody>\n<\/table>\n<p><span style=\"color: #000000;\"><small class=\"hide-for-small nutrition-table__per-serving\">* T\u00e4iskasvanu keskmine tarbimine (8400 kJ \/ 2000 kcal).<\/small><\/span><\/p>\n<p><span style=\"color: #000000;\"><span style=\"color: #ff99cc;\"><strong>Kasutussoovitus: <\/strong><\/span>kasutada vastavalt vajadusele.\u00a0<\/span><\/p>\n<p><span style=\"color: #000000;\"><strong><span style=\"color: #ff99cc;\">Ladustamine:<\/span>\u00a0<\/strong>Hoida jahedas, kuivas kohas, valguse eest kaitstult. Avamisel hoida k\u00fclmkapis.<\/span><\/p>\n<p><span style=\"color: #000000;\"><strong><span style=\"color: #ff99cc;\">Kirjeldus:<\/span>\u00a0<\/strong>Madala kalorsusega kaste mee-sinepi maitsega.<\/span><\/p>\n<p><span style=\"color: #000000;\"><strong><span style=\"color: #ff99cc;\">Neto kaal:<\/span>\u00a0<\/strong>240 ml<\/span><\/p>\n<p><span style=\"color: #000000;\"><strong><span style=\"color: #ff99cc;\">Tootja:<\/span><\/strong> Saksamaa<\/span><\/p>\n<p><span style=\"color: #000000;\"><strong><span style=\"color: #ff99cc;\">Leedu m\u00fc\u00fcja:<\/span><\/strong> J\u016brat\u0117 Boblauskait\u0117 individuaalne tegevus.<\/span><\/p>\n<p>&nbsp;<\/p>","protected":false},"excerpt":{"rendered":"<p><span style=\"color: #000000;\">Meiega\u00a0<strong>madal suhkur<\/strong>\u00a0millel\u00a0<strong>ja madala kalorsusega <\/strong>s\u00f6\u00f6mine k\u00f5rgeima kvaliteediga Mamma Mia Zero kastmetega <strong>ilma igasuguse kahetsuseta t\u00f5useb ta \u00fcles<\/strong> uuele tasemele! Veelgi k\u00f5rgem Premium kvaliteet ja veelgi parem koostis!<\/span><\/p>\n<p><span style=\"color: #000000;\">Olgu selleks liha, kala, burgerid, salatid \u2013 meie Premium Zero kastmed garanteerime <strong>100% on k\u00f5rgeima toitev\u00e4\u00e4rtusega loomulikult maitsev maius<\/strong>\u00a0ja\u00a0<strong>ilma lisatud suhkruteta!<\/strong><\/span><\/p>\n<ul>\n<li><span style=\"color: #000000;\"><strong>V\u00e4hendatud kaloreid ja suhkrut<\/strong><\/span><\/li>\n<li><span style=\"color: #000000;\">Madala rasvasisaldusega<\/span><\/li>\n<li><span style=\"color: #000000;\"><strong>Pole lisatud suhkruid<\/strong><\/span><\/li>\n<li><span style=\"color: #000000;\">Ainult looduslikud maitsed<\/span><\/li>\n<li><span style=\"color: #000000;\">Sobib toekatele roogadele<\/span><\/li>\n<li><span style=\"color: #000000;\">S\u00fcnteetilisi maitsetugevdajaid ei ole.\u00a0<\/span><\/li>\n<\/ul>\n<p><span style=\"color: #000000;\">Netokogus: 240 ml<\/span><\/p>\n<p><span style=\"color: #000000; font-family: 'Hind Madurai', Helvetica, Arial, Lucida, sans-serif; font-size: 15px;\">&#8222;Mamma mia premium\u201d pada\u017eas, pagamintas Vokietijoje i\u0161 auk\u0161\u010diausios kokyb\u0117s med\u017eiag\u0173, u\u017etikrina saug\u0173 vartojim\u0105.\u00a0<\/span><\/p>","protected":false},"featured_media":27786,"comment_status":"open","ping_status":"closed","template":"","meta":{"site-sidebar-layout":"default","site-content-layout":"default","ast-site-content-layout":"default","site-content-style":"default","site-sidebar-style":"default","ast-global-header-display":"","ast-banner-title-visibility":"","ast-main-header-display":"","ast-hfb-above-header-display":"","ast-hfb-below-header-display":"","ast-hfb-mobile-header-display":"","site-post-title":"","ast-breadcrumbs-content":"","ast-featured-img":"","footer-sml-layout":"","ast-disable-related-posts":"","theme-transparent-header-meta":"default","adv-header-id-meta":"","stick-header-meta":"","header-above-stick-meta":"","header-main-stick-meta":"","header-below-stick-meta":"","astra-migrate-meta-layouts":"set","ast-page-background-enabled":"default","ast-page-background-meta":{"desktop":{"background-color":"var(--ast-global-color-4)","background-image":"","background-repeat":"repeat","background-position":"center center","background-size":"auto","background-attachment":"scroll","background-type":"","background-media":"","overlay-type":"","overlay-color":"","overlay-opacity":"","overlay-gradient":""},"tablet":{"background-color":"","background-image":"","background-repeat":"repeat","background-position":"center center","background-size":"auto","background-attachment":"scroll","background-type":"","background-media":"","overlay-type":"","overlay-color":"","overlay-opacity":"","overlay-gradient":""},"mobile":{"background-color":"","background-image":"","background-repeat":"repeat","background-position":"center center","background-size":"auto","background-attachment":"scroll","background-type":"","background-media":"","overlay-type":"","overlay-color":"","overlay-opacity":"","overlay-gradient":""}},"ast-content-background-meta":{"desktop":{"background-color":"var(--ast-global-color-5)","background-image":"","background-repeat":"repeat","background-position":"center center","background-size":"auto","background-attachment":"scroll","background-type":"","background-media":"","overlay-type":"","overlay-color":"","overlay-opacity":"","overlay-gradient":""},"tablet":{"background-color":"var(--ast-global-color-5)","background-image":"","background-repeat":"repeat","background-position":"center center","background-size":"auto","background-attachment":"scroll","background-type":"","background-media":"","overlay-type":"","overlay-color":"","overlay-opacity":"","overlay-gradient":""},"mobile":{"background-color":"var(--ast-global-color-5)","background-image":"","background-repeat":"repeat","background-position":"center center","background-size":"auto","background-attachment":"scroll","background-type":"","background-media":"","overlay-type":"","overlay-color":"","overlay-opacity":"","overlay-gradient":""}}},"product_brand":[],"product_cat":[382,378,387,343,321,13,112,114,318],"product_tag":[133,134,329,135,330],"class_list":{"0":"post-27785","1":"product","2":"type-product","3":"status-publish","4":"has-post-thumbnail","6":"product_cat-traskuciai-padazai-uzkandziai","7":"product_cat-uzkandziai","8":"product_cat-visi-produktai","9":"product_cat-naujienos","10":"product_cat-energija-efektyvumas","11":"product_cat-httpfitnsweet-ltprodukto-kategorijagymqueen","12":"product_cat-gymqueen-figurai","13":"product_cat-gymqueen-sportui","14":"product_cat-padazai-be-kcal","15":"product_tag-be-kcal","16":"product_tag-mamma-mia","17":"product_tag-medaus-garstyciu","18":"product_tag-padazas","19":"product_tag-premium","20":"desktop-align-left","21":"tablet-align-left","22":"mobile-align-left","24":"first","25":"outofstock","26":"featured","27":"taxable","28":"shipping-taxable","29":"purchasable","30":"product-type-simple"},"yoast_head":"<!-- This site is optimized with the Yoast SEO plugin v26.9 - https:\/\/yoast.com\/product\/yoast-seo-wordpress\/ -->\n<title>Premium Mamma Mia Zero pada\u017eas (240ml) - Fitnsweet.eu<\/title>\n<meta name=\"robots\" content=\"index, follow, max-snippet:-1, max-image-preview:large, max-video-preview:-1\" \/>\n<link rel=\"canonical\" href=\"https:\/\/fitnsweet.eu\/et\/toode-2\/premium-mom-mia-zero-kaste-240ml-2\/\" \/>\n<meta property=\"og:locale\" content=\"et_EE\" \/>\n<meta property=\"og:type\" content=\"article\" \/>\n<meta property=\"og:title\" content=\"Premium Mamma Mia Zero pada\u017eas (240ml) - Fitnsweet.eu\" \/>\n<meta property=\"og:description\" content=\"Su m\u016bs\u0173\u00a0ma\u017eai cukraus\u00a0turin\u010diais\u00a0ir ma\u017eai kaloringais auk\u0161\u010diausios kokyb\u0117s \u201eMamma Mia Zero\u201c pada\u017eais valgymas be jokios s\u0105\u017ein\u0117s grau\u017eaties pakyla \u012f nauj\u0105 lyg\u012f! Dar auk\u0161tesn\u0117 Premium kokyb\u0117 ir dar geresn\u0117 sud\u0117tis!  Nesvarbu, ar tai b\u016bt\u0173 m\u0117sa, \u017euvis, m\u0117sainiai, salotos - m\u016bs\u0173 \u201ePremium Zero\u201c pada\u017eai garantuoja 100% nat\u016braliai skan\u0173 malonum\u0105 su auk\u0161\u010diausia maistine verte\u00a0ir\u00a0be prid\u0117tini\u0173 cukr\u0173!   Suma\u017eintas kalorij\u0173 ir cukraus kiekis  Ma\u017eai riebal\u0173  Be prid\u0117tini\u0173 cukr\u0173  Tik nat\u016bral\u016bs skoniai  Tinka prie so\u010di\u0173 patiekal\u0173  N\u0117ra sintetini\u0173 skonio stiprikli\u0173.\u00a0  Grynasis kiekis: 240ml  &quot;Mamma mia premium\u201d pada\u017eas, pagamintas Vokietijoje i\u0161 auk\u0161\u010diausios kokyb\u0117s med\u017eiag\u0173, u\u017etikrina saug\u0173 vartojim\u0105.\u00a0\" \/>\n<meta property=\"og:url\" content=\"https:\/\/fitnsweet.eu\/et\/toode-2\/premium-mom-mia-zero-kaste-240ml-2\/\" \/>\n<meta property=\"og:site_name\" content=\"Fitnsweet.eu\" \/>\n<meta property=\"article:modified_time\" content=\"2025-07-21T06:37:20+00:00\" \/>\n<meta property=\"og:image\" content=\"https:\/\/fitnsweet.eu\/wp-content\/uploads\/2021\/10\/gq_mammamia_premium_honeymustard_front.png\" \/>\n\t<meta property=\"og:image:width\" content=\"1600\" \/>\n\t<meta property=\"og:image:height\" content=\"1600\" \/>\n\t<meta property=\"og:image:type\" content=\"image\/png\" \/>\n<meta name=\"twitter:card\" content=\"summary_large_image\" \/>\n<meta name=\"twitter:label1\" content=\"Est. reading time\" \/>\n\t<meta name=\"twitter:data1\" content=\"2 minutit\" \/>\n<script type=\"application\/ld+json\" class=\"yoast-schema-graph\">{\"@context\":\"https:\/\/schema.org\",\"@graph\":[{\"@type\":\"WebPage\",\"@id\":\"https:\/\/fitnsweet.eu\/produktas\/premium-mamma-mia-zero-padazas-240ml\/\",\"url\":\"https:\/\/fitnsweet.eu\/produktas\/premium-mamma-mia-zero-padazas-240ml\/\",\"name\":\"Premium Mamma Mia Zero pada\u017eas (240ml) - Fitnsweet.eu\",\"isPartOf\":{\"@id\":\"https:\/\/fitnsweet.eu\/#website\"},\"primaryImageOfPage\":{\"@id\":\"https:\/\/fitnsweet.eu\/produktas\/premium-mamma-mia-zero-padazas-240ml\/#primaryimage\"},\"image\":{\"@id\":\"https:\/\/fitnsweet.eu\/produktas\/premium-mamma-mia-zero-padazas-240ml\/#primaryimage\"},\"thumbnailUrl\":\"https:\/\/fitnsweet.eu\/wp-content\/uploads\/2021\/10\/gq_mammamia_premium_honeymustard_front.png\",\"datePublished\":\"2021-10-05T02:49:27+00:00\",\"dateModified\":\"2025-07-21T06:37:20+00:00\",\"breadcrumb\":{\"@id\":\"https:\/\/fitnsweet.eu\/produktas\/premium-mamma-mia-zero-padazas-240ml\/#breadcrumb\"},\"inLanguage\":\"et\",\"potentialAction\":[{\"@type\":\"ReadAction\",\"target\":[\"https:\/\/fitnsweet.eu\/produktas\/premium-mamma-mia-zero-padazas-240ml\/\"]}]},{\"@type\":\"ImageObject\",\"inLanguage\":\"et\",\"@id\":\"https:\/\/fitnsweet.eu\/produktas\/premium-mamma-mia-zero-padazas-240ml\/#primaryimage\",\"url\":\"https:\/\/fitnsweet.eu\/wp-content\/uploads\/2021\/10\/gq_mammamia_premium_honeymustard_front.png\",\"contentUrl\":\"https:\/\/fitnsweet.eu\/wp-content\/uploads\/2021\/10\/gq_mammamia_premium_honeymustard_front.png\",\"width\":1600,\"height\":1600},{\"@type\":\"BreadcrumbList\",\"@id\":\"https:\/\/fitnsweet.eu\/produktas\/premium-mamma-mia-zero-padazas-240ml\/#breadcrumb\",\"itemListElement\":[{\"@type\":\"ListItem\",\"position\":1,\"name\":\"Home\",\"item\":\"https:\/\/fitnsweet.eu\/\"},{\"@type\":\"ListItem\",\"position\":2,\"name\":\"Produktai\",\"item\":\"https:\/\/fitnsweet.eu\/parduotuve\/\"},{\"@type\":\"ListItem\",\"position\":3,\"name\":\"Premium Mamma Mia Zero pada\u017eas (240ml)\"}]},{\"@type\":\"WebSite\",\"@id\":\"https:\/\/fitnsweet.eu\/#website\",\"url\":\"https:\/\/fitnsweet.eu\/\",\"name\":\"Fitnsweet.eu\",\"description\":\"Sveika. Saldu. Naudinga.\",\"potentialAction\":[{\"@type\":\"SearchAction\",\"target\":{\"@type\":\"EntryPoint\",\"urlTemplate\":\"https:\/\/fitnsweet.eu\/?s={search_term_string}\"},\"query-input\":{\"@type\":\"PropertyValueSpecification\",\"valueRequired\":true,\"valueName\":\"search_term_string\"}}],\"inLanguage\":\"et\"}]}<\/script>\n<!-- \/ Yoast SEO plugin. -->","yoast_head_json":{"title":"Premium Mamma Mia Zero kaste (240ml) - Fitnsweet.eu","robots":{"index":"index","follow":"follow","max-snippet":"max-snippet:-1","max-image-preview":"max-image-preview:large","max-video-preview":"max-video-preview:-1"},"canonical":"https:\/\/fitnsweet.eu\/et\/toode-2\/premium-mom-mia-zero-kaste-240ml-2\/","og_locale":"et_EE","og_type":"article","og_title":"Premium Mamma Mia Zero pada\u017eas (240ml) - Fitnsweet.eu","og_description":"Su m\u016bs\u0173\u00a0ma\u017eai cukraus\u00a0turin\u010diais\u00a0ir ma\u017eai kaloringais auk\u0161\u010diausios kokyb\u0117s \u201eMamma Mia Zero\u201c pada\u017eais valgymas be jokios s\u0105\u017ein\u0117s grau\u017eaties pakyla \u012f nauj\u0105 lyg\u012f! Dar auk\u0161tesn\u0117 Premium kokyb\u0117 ir dar geresn\u0117 sud\u0117tis!  Nesvarbu, ar tai b\u016bt\u0173 m\u0117sa, \u017euvis, m\u0117sainiai, salotos - m\u016bs\u0173 \u201ePremium Zero\u201c pada\u017eai garantuoja 100% nat\u016braliai skan\u0173 malonum\u0105 su auk\u0161\u010diausia maistine verte\u00a0ir\u00a0be prid\u0117tini\u0173 cukr\u0173!   Suma\u017eintas kalorij\u0173 ir cukraus kiekis  Ma\u017eai riebal\u0173  Be prid\u0117tini\u0173 cukr\u0173  Tik nat\u016bral\u016bs skoniai  Tinka prie so\u010di\u0173 patiekal\u0173  N\u0117ra sintetini\u0173 skonio stiprikli\u0173.\u00a0  Grynasis kiekis: 240ml  \"Mamma mia premium\u201d pada\u017eas, pagamintas Vokietijoje i\u0161 auk\u0161\u010diausios kokyb\u0117s med\u017eiag\u0173, u\u017etikrina saug\u0173 vartojim\u0105.\u00a0","og_url":"https:\/\/fitnsweet.eu\/et\/toode-2\/premium-mom-mia-zero-kaste-240ml-2\/","og_site_name":"Fitnsweet.eu","article_modified_time":"2025-07-21T06:37:20+00:00","og_image":[{"width":1600,"height":1600,"url":"https:\/\/fitnsweet.eu\/wp-content\/uploads\/2021\/10\/gq_mammamia_premium_honeymustard_front.png","type":"image\/png"}],"twitter_card":"summary_large_image","twitter_misc":{"Est. reading time":"2 minutit"},"schema":{"@context":"https:\/\/schema.org","@graph":[{"@type":"WebPage","@id":"https:\/\/fitnsweet.eu\/produktas\/premium-mamma-mia-zero-padazas-240ml\/","url":"https:\/\/fitnsweet.eu\/produktas\/premium-mamma-mia-zero-padazas-240ml\/","name":"Premium Mamma Mia Zero kaste (240ml) - Fitnsweet.eu","isPartOf":{"@id":"https:\/\/fitnsweet.eu\/#website"},"primaryImageOfPage":{"@id":"https:\/\/fitnsweet.eu\/produktas\/premium-mamma-mia-zero-padazas-240ml\/#primaryimage"},"image":{"@id":"https:\/\/fitnsweet.eu\/produktas\/premium-mamma-mia-zero-padazas-240ml\/#primaryimage"},"thumbnailUrl":"https:\/\/fitnsweet.eu\/wp-content\/uploads\/2021\/10\/gq_mammamia_premium_honeymustard_front.png","datePublished":"2021-10-05T02:49:27+00:00","dateModified":"2025-07-21T06:37:20+00:00","breadcrumb":{"@id":"https:\/\/fitnsweet.eu\/produktas\/premium-mamma-mia-zero-padazas-240ml\/#breadcrumb"},"inLanguage":"et","potentialAction":[{"@type":"ReadAction","target":["https:\/\/fitnsweet.eu\/produktas\/premium-mamma-mia-zero-padazas-240ml\/"]}]},{"@type":"ImageObject","inLanguage":"et","@id":"https:\/\/fitnsweet.eu\/produktas\/premium-mamma-mia-zero-padazas-240ml\/#primaryimage","url":"https:\/\/fitnsweet.eu\/wp-content\/uploads\/2021\/10\/gq_mammamia_premium_honeymustard_front.png","contentUrl":"https:\/\/fitnsweet.eu\/wp-content\/uploads\/2021\/10\/gq_mammamia_premium_honeymustard_front.png","width":1600,"height":1600},{"@type":"BreadcrumbList","@id":"https:\/\/fitnsweet.eu\/produktas\/premium-mamma-mia-zero-padazas-240ml\/#breadcrumb","itemListElement":[{"@type":"ListItem","position":1,"name":"Home","item":"https:\/\/fitnsweet.eu\/"},{"@type":"ListItem","position":2,"name":"Produktai","item":"https:\/\/fitnsweet.eu\/parduotuve\/"},{"@type":"ListItem","position":3,"name":"Premium Mamma Mia Zero pada\u017eas (240ml)"}]},{"@type":"WebSite","@id":"https:\/\/fitnsweet.eu\/#website","url":"https:\/\/fitnsweet.eu\/","name":"Fitnsweet.eu","description":"Tere. Armas. Kasulik.","potentialAction":[{"@type":"SearchAction","target":{"@type":"EntryPoint","urlTemplate":"https:\/\/fitnsweet.eu\/?s={search_term_string}"},"query-input":{"@type":"PropertyValueSpecification","valueRequired":true,"valueName":"search_term_string"}}],"inLanguage":"et"}]}},"_links":{"self":[{"href":"https:\/\/fitnsweet.eu\/et\/wp-json\/wp\/v2\/product\/27785","targetHints":{"allow":["GET"]}}],"collection":[{"href":"https:\/\/fitnsweet.eu\/et\/wp-json\/wp\/v2\/product"}],"about":[{"href":"https:\/\/fitnsweet.eu\/et\/wp-json\/wp\/v2\/types\/product"}],"replies":[{"embeddable":true,"href":"https:\/\/fitnsweet.eu\/et\/wp-json\/wp\/v2\/comments?post=27785"}],"version-history":[{"count":2,"href":"https:\/\/fitnsweet.eu\/et\/wp-json\/wp\/v2\/product\/27785\/revisions"}],"predecessor-version":[{"id":46238,"href":"https:\/\/fitnsweet.eu\/et\/wp-json\/wp\/v2\/product\/27785\/revisions\/46238"}],"wp:featuredmedia":[{"embeddable":true,"href":"https:\/\/fitnsweet.eu\/et\/wp-json\/wp\/v2\/media\/27786"}],"wp:attachment":[{"href":"https:\/\/fitnsweet.eu\/et\/wp-json\/wp\/v2\/media?parent=27785"}],"wp:term":[{"taxonomy":"product_brand","embeddable":true,"href":"https:\/\/fitnsweet.eu\/et\/wp-json\/wp\/v2\/product_brand?post=27785"},{"taxonomy":"product_cat","embeddable":true,"href":"https:\/\/fitnsweet.eu\/et\/wp-json\/wp\/v2\/product_cat?post=27785"},{"taxonomy":"product_tag","embeddable":true,"href":"https:\/\/fitnsweet.eu\/et\/wp-json\/wp\/v2\/product_tag?post=27785"}],"curies":[{"name":"wp","href":"https:\/\/api.w.org\/{rel}","templated":true}]}}