{"id":28059,"date":"2021-11-04T21:40:59","date_gmt":"2021-11-04T19:40:59","guid":{"rendered":"https:\/\/fitnsweet.eu\/?post_type=product&#038;p=28059"},"modified":"2023-04-16T12:19:09","modified_gmt":"2023-04-16T09:19:09","slug":"omega-3-su-vitaminais-d3-k2-120-kapsuliu","status":"publish","type":"product","link":"https:\/\/fitnsweet.eu\/et\/toode-2\/omega-3-su-vitaminais-d3-k2-120-kapsuliu\/","title":{"rendered":"Vitamin\u0173 D3 + K2 kompleksas (120 kapsuli\u0173)"},"content":{"rendered":"<p style=\"text-align: left; padding-left: 40px;\"><strong><span style=\"color: #993366;\">KOKIOS YRA \u201eGYMQUEEN\u201c VITAMINO D3 + K2 KAPSUL\u0116S?<\/span><\/strong><\/p>\n<p><span style=\"color: #000000;\">Vitamino D3 + K2 kapsul\u0117s padeda patenkinti kasdienius vitamino D3 ir vitamino K2 poreikius.\u00a0Vitaminas D3, gerai \u017einomas \u201esaul\u0117s vitaminas\u201c, padeda palaikyti\u00a0<strong>normali\u0105 imunin\u0119 sistem\u0105<\/strong>\u00a0ja\u00a0<strong>normaalne lihaste funktsioon<\/strong>\u00a0.\u00a0Be to, vitaminas D3, ypa\u010d kartu su vitaminu K2, yra svarbus\u00a0<strong>normaliai kaul\u0173 funkcijai<\/strong> palaikyti.\u00a0<\/span><\/p>\n<h4><span style=\"color: #993366;\">KAM TINKA VITAMINO D3 + K2 KAPSUL\u0116S?<\/span><\/h4>\n<p><span style=\"color: #000000;\">\u0160ios kapsul\u0117s tinka visiems, kurie nori patenkinti savo kasdienius vitamino D3 ir vitamino K2 poreikius. Unikalus derinys su vitaminu K2 u\u017etikrina optimal\u0173 vitamino D3 panaudojim\u0105 j\u016bs\u0173 organizme . Kadangi vitaminas K2 aktyvina du baltymus, kurie yra atsakingi u\u017e kalcio panaudojim\u0105 kraujyje. Jei \u0161ie baltymai neaktyv\u016bs ir kalcio panaudojimas sutrik\u0119s, vitaminas D3 taip pat negali b\u016bti optimaliai panaudotas. Tod\u0117l vitaminas K2 yra labai svarbus vitamino D3 panaudojime.<\/span><\/p>\n<dl class=\"block\">\n<dd><span style=\"color: #000000;\"><strong><span style=\"color: #ff99cc;\">Rekomenduojama doz\u0117 : <span style=\"color: #000000;\">gerti po vien\u0105 kapsul\u0119 per savait\u0119 valgio metu ir u\u017egeriant vandeniu.<\/span><\/span><\/strong><\/span><\/dd>\n<dd><span style=\"color: #000000;\"><span style=\"color: #ff99cc;\"><strong>Ladustamine: <\/strong><\/span>hoidke toodet jahedas ja kuivas lastele k\u00e4ttesaamatus kohas.<\/span><\/dd>\n<dd><span style=\"color: #000000;\"><strong><span style=\"color: #ff99cc;\">Neto kaal:<\/span> 45,6<\/strong>\u00a0g (120 kapsuli\u0173)<\/span><\/dd>\n<dd><span style=\"color: #000000;\"><strong><span style=\"color: #ff99cc;\">M\u00e4rge:<\/span>\u00a0<\/strong>soovitatud p\u00e4evaraha ei tohiks \u00fcletada. \u00c4rge kasutage toidulisandeid tasakaalustatud ja mitmek\u00fclgse toitumise asendajana. Hoida lastele k\u00e4ttesaamatus kohas.<\/span><\/dd>\n<\/dl>\n<p><span style=\"color: #000000;\"><strong><span style=\"color: #ff99cc;\">Koostis:\u00a0 <\/span><\/strong><span style=\"color: #ff99cc;\"><span style=\"color: #000000;\">U\u017epildas: mikrokristalin\u0117 celiulioz\u0117; \u017delatina, vitaminas D3, vitaminas K2, lipnum\u0105 reguliuojanti med\u017eiaga: magnio stearatas, silicio dioksidas.<\/span><\/span><\/span><\/p>\n<p><span style=\"color: #000000;\"><span style=\"color: #ff99cc;\"><strong>P\u00f5hiaine \/ toimeaine: <\/strong><span style=\"color: #000000;\">Vitaminas D3 (cholekalciferolis), vitaminas K2.\u00a0<\/span><\/span><\/span><\/p>\n<table class=\"table--nutrition-facts\">\n<thead>\n<tr>\n<th>VITAMIINID<\/th>\n<th>100 G KOHTA<\/th>\n<th class=\"text-right\">P\u00c4EVANEENUS (1 KAPSL)<\/th>\n<\/tr>\n<\/thead>\n<tbody>\n<tr>\n<td>Vitaminas D3<\/td>\n<td>36 842,00 mcg<\/td>\n<td class=\"text-right\">\u00a0 \u00a0 \u00a0 \u00a0 \u00a0 \u00a0 \u00a0 \u00a0 141,23 \u00b5g<\/td>\n<\/tr>\n<\/tbody>\n<\/table>\n<p>&nbsp;<\/p>\n<table class=\"table--nutrition-facts\">\n<thead>\n<tr>\n<th style=\"width: 168px;\">LISATEAVE<\/th>\n<th style=\"width: 64px;\">100 G KOHTA<\/th>\n<th class=\"text-right\" style=\"width: 162px;\">P\u00c4EVANEENUS (1 KAPSL)<\/th>\n<\/tr>\n<\/thead>\n<tbody>\n<tr>\n<td class=\"text--left\" style=\"width: 168px;\">Vitaminas K2<\/td>\n<td class=\"text--right\" style=\"width: 64px;\"><\/td>\n<td class=\"text--right\" style=\"width: 162px;\">\u00a0 \u00a0 \u00a0 \u00a0 \u00a0 \u00a0 \u00a0 \u00a0 \u017d200 \u00b5g<\/td>\n<\/tr>\n<\/tbody>\n<\/table>\n<p><small><strong>Maistin\u0117 vert\u0117:<\/strong>\u00a0Informacija susijusi su produktu vitaminu D3 + K2 (120 kapsuli\u0173).<\/small><\/p>\n<p><span style=\"color: #000000;\"><small class=\"hide-for-small\">** Toitainete kontrollv\u00e4\u00e4rtuste (NRV) protsent vastavalt m\u00e4\u00e4rusele (EL) nr 182\/2011. 1169\/2011.<\/small><\/span><\/p>\n<p><span style=\"color: #000000;\"><span style=\"color: #ff99cc;\">Tootja:<\/span> Saksamaa<\/span><\/p>","protected":false},"excerpt":{"rendered":"<p><span style=\"color: #000000;\">Kas nem\u0117gsta \u0161ilt\u0173 saul\u0117s spinduli\u0173 ant savo odos? \u201ePilkaisiais met\u0173 m\u0117nesiais\u201c saul\u0117, deja, pasirodo ne taip da\u017enai, tod\u0117l daugelis \u017emoni\u0173 ken\u010dia nuo vitamino D \u2013 saul\u0117s vitamino \u2013 tr\u016bkumo. Kad ir toliau b\u016bt\u0173 stipri imunin\u0117 sistema* ir normali raumen\u0173 veikla* , patariame \u012fsigyti m\u016bs\u0173 GYMQUEEN vitamino D3+K2 kapsules.<\/span><\/p>\n<p><span style=\"color: #000000;\">\u0160is idealus vitamin\u0173 derinys palaikys j\u016bs\u0173 form\u0105 \u0161altuoju met\u0173 laiku!<\/span><\/p>\n<p><span style=\"color: #000000;\">Stipriai imuninei sistemai , stipriai raumen\u0173 funkcijai ir tvirtiems kaulams *<\/span><br \/>\n<span style=\"color: #000000;\">140 \u00b5g vitamino D3 \u2013 saul\u0117s vitamino<\/span><br \/>\n<span style=\"color: #000000;\">200 \u00b5g vitamino K2 idealus vitamin\u0173 derinys.<\/span><\/p>\n<p><span style=\"color: #000000;\">Vitaminai pagaminti Vokietijoje, i\u0161 auk\u0161\u010diausios kokyb\u0117s med\u017eiag\u0173, u\u017etikrina saug\u0173 vartojim\u0105.\u00a0<\/span><\/p>\n<p><span style=\"color: #000000;\">Grynasis kiekis &#8211; 120 kapsuli\u0173 ( viena kapsul\u0117 per savait\u0119).<\/span><\/p>","protected":false},"featured_media":30904,"comment_status":"open","ping_status":"closed","template":"","meta":{"site-sidebar-layout":"default","site-content-layout":"","ast-site-content-layout":"default","site-content-style":"default","site-sidebar-style":"default","ast-global-header-display":"","ast-banner-title-visibility":"","ast-main-header-display":"","ast-hfb-above-header-display":"","ast-hfb-below-header-display":"","ast-hfb-mobile-header-display":"","site-post-title":"","ast-breadcrumbs-content":"","ast-featured-img":"","footer-sml-layout":"","ast-disable-related-posts":"","theme-transparent-header-meta":"","adv-header-id-meta":"","stick-header-meta":"","header-above-stick-meta":"","header-main-stick-meta":"","header-below-stick-meta":"","astra-migrate-meta-layouts":"default","ast-page-background-enabled":"default","ast-page-background-meta":{"desktop":{"background-color":"var(--ast-global-color-4)","background-image":"","background-repeat":"repeat","background-position":"center center","background-size":"auto","background-attachment":"scroll","background-type":"","background-media":"","overlay-type":"","overlay-color":"","overlay-opacity":"","overlay-gradient":""},"tablet":{"background-color":"","background-image":"","background-repeat":"repeat","background-position":"center center","background-size":"auto","background-attachment":"scroll","background-type":"","background-media":"","overlay-type":"","overlay-color":"","overlay-opacity":"","overlay-gradient":""},"mobile":{"background-color":"","background-image":"","background-repeat":"repeat","background-position":"center center","background-size":"auto","background-attachment":"scroll","background-type":"","background-media":"","overlay-type":"","overlay-color":"","overlay-opacity":"","overlay-gradient":""}},"ast-content-background-meta":{"desktop":{"background-color":"var(--ast-global-color-5)","background-image":"","background-repeat":"repeat","background-position":"center center","background-size":"auto","background-attachment":"scroll","background-type":"","background-media":"","overlay-type":"","overlay-color":"","overlay-opacity":"","overlay-gradient":""},"tablet":{"background-color":"var(--ast-global-color-5)","background-image":"","background-repeat":"repeat","background-position":"center center","background-size":"auto","background-attachment":"scroll","background-type":"","background-media":"","overlay-type":"","overlay-color":"","overlay-opacity":"","overlay-gradient":""},"mobile":{"background-color":"var(--ast-global-color-5)","background-image":"","background-repeat":"repeat","background-position":"center center","background-size":"auto","background-attachment":"scroll","background-type":"","background-media":"","overlay-type":"","overlay-color":"","overlay-opacity":"","overlay-gradient":""}}},"product_brand":[],"product_cat":[387,383,384,365,345,13,319],"product_tag":[17,353,352,255,253],"class_list":{"0":"post-28059","1":"product","2":"type-product","3":"status-publish","4":"has-post-thumbnail","6":"product_cat-visi-produktai","7":"product_cat-vitaminai","8":"product_cat-vitaminai-ir-mineralai","9":"product_cat-ispardavimas","10":"product_cat-vitaminai-kapsulemis","11":"product_cat-httpfitnsweet-ltprodukto-kategorijagymqueen","12":"product_cat-veganiskas-pasirinkimas","13":"product_tag-fitnsweet","14":"product_tag-k2","15":"product_tag-kapsules","16":"product_tag-omega-3","17":"product_tag-vitaminai","18":"desktop-align-left","19":"tablet-align-left","20":"mobile-align-left","22":"first","23":"outofstock","24":"sale","25":"taxable","26":"shipping-taxable","27":"purchasable","28":"product-type-simple"},"yoast_head":"<!-- This site is optimized with the Yoast SEO plugin v26.9 - https:\/\/yoast.com\/product\/yoast-seo-wordpress\/ -->\n<title>Vitamin\u0173 D3 + K2 kompleksas (120 kapsuli\u0173) - Fitnsweet.eu<\/title>\n<meta name=\"robots\" content=\"index, follow, max-snippet:-1, max-image-preview:large, max-video-preview:-1\" \/>\n<link rel=\"canonical\" href=\"https:\/\/fitnsweet.eu\/et\/toode-2\/omega-3-su-vitaminais-d3-k2-120-kapsuliu\/\" \/>\n<meta property=\"og:locale\" content=\"et_EE\" \/>\n<meta property=\"og:type\" content=\"article\" \/>\n<meta property=\"og:title\" content=\"Vitamin\u0173 D3 + K2 kompleksas (120 kapsuli\u0173) - Fitnsweet.eu\" \/>\n<meta property=\"og:description\" content=\"Kas nem\u0117gsta \u0161ilt\u0173 saul\u0117s spinduli\u0173 ant savo odos? \u201ePilkaisiais met\u0173 m\u0117nesiais\u201c saul\u0117, deja, pasirodo ne taip da\u017enai, tod\u0117l daugelis \u017emoni\u0173 ken\u010dia nuo vitamino D \u2013 saul\u0117s vitamino \u2013 tr\u016bkumo. Kad ir toliau b\u016bt\u0173 stipri imunin\u0117 sistema* ir normali raumen\u0173 veikla* , patariame \u012fsigyti m\u016bs\u0173 GYMQUEEN vitamino D3+K2 kapsules.  \u0160is idealus vitamin\u0173 derinys palaikys j\u016bs\u0173 form\u0105 \u0161altuoju met\u0173 laiku!  Stipriai imuninei sistemai , stipriai raumen\u0173 funkcijai ir tvirtiems kaulams * 140 \u00b5g vitamino D3 \u2013 saul\u0117s vitamino 200 \u00b5g vitamino K2 idealus vitamin\u0173 derinys.  Vitaminai pagaminti Vokietijoje, i\u0161 auk\u0161\u010diausios kokyb\u0117s med\u017eiag\u0173, u\u017etikrina saug\u0173 vartojim\u0105.\u00a0  Grynasis kiekis - 120 kapsuli\u0173 ( viena kapsul\u0117 per savait\u0119).\" \/>\n<meta property=\"og:url\" content=\"https:\/\/fitnsweet.eu\/et\/toode-2\/omega-3-su-vitaminais-d3-k2-120-kapsuliu\/\" \/>\n<meta property=\"og:site_name\" content=\"Fitnsweet.eu\" \/>\n<meta property=\"article:modified_time\" content=\"2023-04-16T09:19:09+00:00\" \/>\n<meta property=\"og:image\" content=\"https:\/\/fitnsweet.eu\/wp-content\/uploads\/2021\/11\/gq_vitamind3k2_front-1.png\" \/>\n\t<meta property=\"og:image:width\" content=\"1600\" \/>\n\t<meta property=\"og:image:height\" content=\"1600\" \/>\n\t<meta property=\"og:image:type\" content=\"image\/png\" \/>\n<meta name=\"twitter:card\" content=\"summary_large_image\" \/>\n<meta name=\"twitter:label1\" content=\"Est. reading time\" \/>\n\t<meta name=\"twitter:data1\" content=\"1 minut\" \/>\n<script type=\"application\/ld+json\" class=\"yoast-schema-graph\">{\"@context\":\"https:\/\/schema.org\",\"@graph\":[{\"@type\":\"WebPage\",\"@id\":\"https:\/\/fitnsweet.eu\/produktas\/omega-3-su-vitaminais-d3-k2-120-kapsuliu\/\",\"url\":\"https:\/\/fitnsweet.eu\/produktas\/omega-3-su-vitaminais-d3-k2-120-kapsuliu\/\",\"name\":\"Vitamin\u0173 D3 + K2 kompleksas (120 kapsuli\u0173) - Fitnsweet.eu\",\"isPartOf\":{\"@id\":\"https:\/\/fitnsweet.eu\/#website\"},\"primaryImageOfPage\":{\"@id\":\"https:\/\/fitnsweet.eu\/produktas\/omega-3-su-vitaminais-d3-k2-120-kapsuliu\/#primaryimage\"},\"image\":{\"@id\":\"https:\/\/fitnsweet.eu\/produktas\/omega-3-su-vitaminais-d3-k2-120-kapsuliu\/#primaryimage\"},\"thumbnailUrl\":\"https:\/\/fitnsweet.eu\/wp-content\/uploads\/2021\/11\/gq_vitamind3k2_front-1.png\",\"datePublished\":\"2021-11-04T19:40:59+00:00\",\"dateModified\":\"2023-04-16T09:19:09+00:00\",\"breadcrumb\":{\"@id\":\"https:\/\/fitnsweet.eu\/produktas\/omega-3-su-vitaminais-d3-k2-120-kapsuliu\/#breadcrumb\"},\"inLanguage\":\"et\",\"potentialAction\":[{\"@type\":\"ReadAction\",\"target\":[\"https:\/\/fitnsweet.eu\/produktas\/omega-3-su-vitaminais-d3-k2-120-kapsuliu\/\"]}]},{\"@type\":\"ImageObject\",\"inLanguage\":\"et\",\"@id\":\"https:\/\/fitnsweet.eu\/produktas\/omega-3-su-vitaminais-d3-k2-120-kapsuliu\/#primaryimage\",\"url\":\"https:\/\/fitnsweet.eu\/wp-content\/uploads\/2021\/11\/gq_vitamind3k2_front-1.png\",\"contentUrl\":\"https:\/\/fitnsweet.eu\/wp-content\/uploads\/2021\/11\/gq_vitamind3k2_front-1.png\",\"width\":1600,\"height\":1600},{\"@type\":\"BreadcrumbList\",\"@id\":\"https:\/\/fitnsweet.eu\/produktas\/omega-3-su-vitaminais-d3-k2-120-kapsuliu\/#breadcrumb\",\"itemListElement\":[{\"@type\":\"ListItem\",\"position\":1,\"name\":\"Home\",\"item\":\"https:\/\/fitnsweet.eu\/\"},{\"@type\":\"ListItem\",\"position\":2,\"name\":\"Produktai\",\"item\":\"https:\/\/fitnsweet.eu\/parduotuve\/\"},{\"@type\":\"ListItem\",\"position\":3,\"name\":\"Vitamin\u0173 D3 + K2 kompleksas (120 kapsuli\u0173)\"}]},{\"@type\":\"WebSite\",\"@id\":\"https:\/\/fitnsweet.eu\/#website\",\"url\":\"https:\/\/fitnsweet.eu\/\",\"name\":\"Fitnsweet.eu\",\"description\":\"Sveika. Saldu. Naudinga.\",\"potentialAction\":[{\"@type\":\"SearchAction\",\"target\":{\"@type\":\"EntryPoint\",\"urlTemplate\":\"https:\/\/fitnsweet.eu\/?s={search_term_string}\"},\"query-input\":{\"@type\":\"PropertyValueSpecification\",\"valueRequired\":true,\"valueName\":\"search_term_string\"}}],\"inLanguage\":\"et\"}]}<\/script>\n<!-- \/ Yoast SEO plugin. -->","yoast_head_json":{"title":"Vitamin\u0173 D3 + K2 kompleksas (120 kapsuli\u0173) - Fitnsweet.eu","robots":{"index":"index","follow":"follow","max-snippet":"max-snippet:-1","max-image-preview":"max-image-preview:large","max-video-preview":"max-video-preview:-1"},"canonical":"https:\/\/fitnsweet.eu\/et\/toode-2\/omega-3-su-vitaminais-d3-k2-120-kapsuliu\/","og_locale":"et_EE","og_type":"article","og_title":"Vitamin\u0173 D3 + K2 kompleksas (120 kapsuli\u0173) - Fitnsweet.eu","og_description":"Kas nem\u0117gsta \u0161ilt\u0173 saul\u0117s spinduli\u0173 ant savo odos? \u201ePilkaisiais met\u0173 m\u0117nesiais\u201c saul\u0117, deja, pasirodo ne taip da\u017enai, tod\u0117l daugelis \u017emoni\u0173 ken\u010dia nuo vitamino D \u2013 saul\u0117s vitamino \u2013 tr\u016bkumo. Kad ir toliau b\u016bt\u0173 stipri imunin\u0117 sistema* ir normali raumen\u0173 veikla* , patariame \u012fsigyti m\u016bs\u0173 GYMQUEEN vitamino D3+K2 kapsules.  \u0160is idealus vitamin\u0173 derinys palaikys j\u016bs\u0173 form\u0105 \u0161altuoju met\u0173 laiku!  Stipriai imuninei sistemai , stipriai raumen\u0173 funkcijai ir tvirtiems kaulams * 140 \u00b5g vitamino D3 \u2013 saul\u0117s vitamino 200 \u00b5g vitamino K2 idealus vitamin\u0173 derinys.  Vitaminai pagaminti Vokietijoje, i\u0161 auk\u0161\u010diausios kokyb\u0117s med\u017eiag\u0173, u\u017etikrina saug\u0173 vartojim\u0105.\u00a0  Grynasis kiekis - 120 kapsuli\u0173 ( viena kapsul\u0117 per savait\u0119).","og_url":"https:\/\/fitnsweet.eu\/et\/toode-2\/omega-3-su-vitaminais-d3-k2-120-kapsuliu\/","og_site_name":"Fitnsweet.eu","article_modified_time":"2023-04-16T09:19:09+00:00","og_image":[{"width":1600,"height":1600,"url":"https:\/\/fitnsweet.eu\/wp-content\/uploads\/2021\/11\/gq_vitamind3k2_front-1.png","type":"image\/png"}],"twitter_card":"summary_large_image","twitter_misc":{"Est. reading time":"1 minut"},"schema":{"@context":"https:\/\/schema.org","@graph":[{"@type":"WebPage","@id":"https:\/\/fitnsweet.eu\/produktas\/omega-3-su-vitaminais-d3-k2-120-kapsuliu\/","url":"https:\/\/fitnsweet.eu\/produktas\/omega-3-su-vitaminais-d3-k2-120-kapsuliu\/","name":"Vitamin\u0173 D3 + K2 kompleksas (120 kapsuli\u0173) - Fitnsweet.eu","isPartOf":{"@id":"https:\/\/fitnsweet.eu\/#website"},"primaryImageOfPage":{"@id":"https:\/\/fitnsweet.eu\/produktas\/omega-3-su-vitaminais-d3-k2-120-kapsuliu\/#primaryimage"},"image":{"@id":"https:\/\/fitnsweet.eu\/produktas\/omega-3-su-vitaminais-d3-k2-120-kapsuliu\/#primaryimage"},"thumbnailUrl":"https:\/\/fitnsweet.eu\/wp-content\/uploads\/2021\/11\/gq_vitamind3k2_front-1.png","datePublished":"2021-11-04T19:40:59+00:00","dateModified":"2023-04-16T09:19:09+00:00","breadcrumb":{"@id":"https:\/\/fitnsweet.eu\/produktas\/omega-3-su-vitaminais-d3-k2-120-kapsuliu\/#breadcrumb"},"inLanguage":"et","potentialAction":[{"@type":"ReadAction","target":["https:\/\/fitnsweet.eu\/produktas\/omega-3-su-vitaminais-d3-k2-120-kapsuliu\/"]}]},{"@type":"ImageObject","inLanguage":"et","@id":"https:\/\/fitnsweet.eu\/produktas\/omega-3-su-vitaminais-d3-k2-120-kapsuliu\/#primaryimage","url":"https:\/\/fitnsweet.eu\/wp-content\/uploads\/2021\/11\/gq_vitamind3k2_front-1.png","contentUrl":"https:\/\/fitnsweet.eu\/wp-content\/uploads\/2021\/11\/gq_vitamind3k2_front-1.png","width":1600,"height":1600},{"@type":"BreadcrumbList","@id":"https:\/\/fitnsweet.eu\/produktas\/omega-3-su-vitaminais-d3-k2-120-kapsuliu\/#breadcrumb","itemListElement":[{"@type":"ListItem","position":1,"name":"Home","item":"https:\/\/fitnsweet.eu\/"},{"@type":"ListItem","position":2,"name":"Produktai","item":"https:\/\/fitnsweet.eu\/parduotuve\/"},{"@type":"ListItem","position":3,"name":"Vitamin\u0173 D3 + K2 kompleksas (120 kapsuli\u0173)"}]},{"@type":"WebSite","@id":"https:\/\/fitnsweet.eu\/#website","url":"https:\/\/fitnsweet.eu\/","name":"Fitnsweet.eu","description":"Tere. Armas. Kasulik.","potentialAction":[{"@type":"SearchAction","target":{"@type":"EntryPoint","urlTemplate":"https:\/\/fitnsweet.eu\/?s={search_term_string}"},"query-input":{"@type":"PropertyValueSpecification","valueRequired":true,"valueName":"search_term_string"}}],"inLanguage":"et"}]}},"_links":{"self":[{"href":"https:\/\/fitnsweet.eu\/et\/wp-json\/wp\/v2\/product\/28059","targetHints":{"allow":["GET"]}}],"collection":[{"href":"https:\/\/fitnsweet.eu\/et\/wp-json\/wp\/v2\/product"}],"about":[{"href":"https:\/\/fitnsweet.eu\/et\/wp-json\/wp\/v2\/types\/product"}],"replies":[{"embeddable":true,"href":"https:\/\/fitnsweet.eu\/et\/wp-json\/wp\/v2\/comments?post=28059"}],"version-history":[{"count":1,"href":"https:\/\/fitnsweet.eu\/et\/wp-json\/wp\/v2\/product\/28059\/revisions"}],"predecessor-version":[{"id":35559,"href":"https:\/\/fitnsweet.eu\/et\/wp-json\/wp\/v2\/product\/28059\/revisions\/35559"}],"wp:featuredmedia":[{"embeddable":true,"href":"https:\/\/fitnsweet.eu\/et\/wp-json\/wp\/v2\/media\/30904"}],"wp:attachment":[{"href":"https:\/\/fitnsweet.eu\/et\/wp-json\/wp\/v2\/media?parent=28059"}],"wp:term":[{"taxonomy":"product_brand","embeddable":true,"href":"https:\/\/fitnsweet.eu\/et\/wp-json\/wp\/v2\/product_brand?post=28059"},{"taxonomy":"product_cat","embeddable":true,"href":"https:\/\/fitnsweet.eu\/et\/wp-json\/wp\/v2\/product_cat?post=28059"},{"taxonomy":"product_tag","embeddable":true,"href":"https:\/\/fitnsweet.eu\/et\/wp-json\/wp\/v2\/product_tag?post=28059"}],"curies":[{"name":"wp","href":"https:\/\/api.w.org\/{rel}","templated":true}]}}