{"id":28446,"date":"2021-11-02T04:52:02","date_gmt":"2021-11-02T01:52:02","guid":{"rendered":"https:\/\/fitnsweet.eu\/?post_type=product&#038;p=28446"},"modified":"2023-07-04T10:27:36","modified_gmt":"2023-07-04T07:27:36","slug":"joulumaitse-lasso-maitsev-tilkade-komplekt-2","status":"publish","type":"product","link":"https:\/\/fitnsweet.eu\/et\/toode-2\/joulumaitse-lasso-maitsev-tilkade-komplekt-2\/","title":{"rendered":"Neljast Maitsvast tilgast koosnev komplekt"},"content":{"rendered":"<h4><span style=\"color: #ff00ff;\">MIS ON MAITSETILGAD?<\/span><\/h4>\n<p><span style=\"color: #000000;\">Tasty Drops on tasuta <strong>suhkur, rasv ja kalorid<\/strong>\u00a0aromaatsed tilgad\u00a0<strong>ilma v\u00e4rvaineteta<\/strong> , mida saate mitmel erineval viisil oma igap\u00e4evaellu integreerida. Kas kohupiimas, jogurtis v\u00f5i oma jookides \u2013 kasutades <strong>suurep\u00e4rased maitsed<\/strong>\u00a0saate luua \u00fclima maitseelamuse igal ajal ja igal pool.<\/span><\/p>\n<p><span style=\"color: #000000;\"><strong><span style=\"color: #ff99cc;\">Soovitatav tarbimine:<\/span>\u00a0<\/strong>5-10 tilka 300 g toidus.<\/span><\/p>\n<p><span style=\"color: #000000;\"><strong><span style=\"color: #ff99cc;\">Ladustamine:<\/span>\u00a0<\/strong>Hoida jahedas ja kuivas kohas. Kaitsta otsese p\u00e4ikesevalguse eest.<\/span><\/p>\n<p><span style=\"color: #000000;\"><span style=\"color: #ff99cc;\"><strong>Netomaht: <\/strong><\/span>30ml<\/span><\/p>\n<p><span style=\"color: #000000;\"><strong><span style=\"color: #ff99cc;\">M\u00e4rge:<\/span> tarbima <\/strong>Toidu v\u00f5i joogi jaoks; \u00e4rge kasutage lahjendamata.<\/span><\/p>\n<p style=\"text-align: left;\"><span style=\"color: #000000;\">Koostis: vesi, l\u00f5hna- ja maitseained, magusaine sukraloos.\u00a0<\/span><\/p>\n<p><span style=\"color: #000000;\">Kasutamine: Pudel sisaldab umbes 60\u201370 portsjonit. Kasutage maitsmiseks.\u00a0<\/span><\/p>\n<p><span style=\"color: #000000;\">K\u00f5lblikkusaeg: m\u00e4rgitud pakendil.<\/span><\/p>\n<p><span style=\"color: #000000;\">Tootja: Saksamaa.<\/span><\/p>\n<p>&nbsp;<\/p>","protected":false},"excerpt":{"rendered":"<p><span style=\"color: #000000;\">Keturi\u0173 J\u016bs\u0173 i\u0161sirinkt\u0173 Tasty drops skonio la\u0161\u0173 rinkinys tikrai labai nud\u017eiugins ir nustebins. Galb\u016bt \u017einai draug\u0119 ar artim\u0105 kuriam reikia ma\u017einti suvartojamo cukraus kiek\u012f? Tai m\u016bs\u0173 skonio la\u0161ai &#8211; saldikliai bus tobula dovana paskatinti gyventi sveikiau!<\/span><\/p>\n<p><span style=\"color: #000000;\">Komplekt on teie jaoks juba pakitud ja annetamiseks valmis.\u00a0<\/span><\/p>\n<p><span style=\"color: #000000;\">Komplekt koosneb neljast 30 ml tilgast teie valitud Tasty tilkadest.\u00a0<\/span><\/p>","protected":false},"featured_media":28447,"comment_status":"open","ping_status":"closed","template":"","meta":{"site-sidebar-layout":"default","site-content-layout":"default","ast-site-content-layout":"default","site-content-style":"default","site-sidebar-style":"default","ast-global-header-display":"","ast-banner-title-visibility":"","ast-main-header-display":"","ast-hfb-above-header-display":"","ast-hfb-below-header-display":"","ast-hfb-mobile-header-display":"","site-post-title":"","ast-breadcrumbs-content":"","ast-featured-img":"","footer-sml-layout":"","ast-disable-related-posts":"","theme-transparent-header-meta":"default","adv-header-id-meta":"","stick-header-meta":"","header-above-stick-meta":"","header-main-stick-meta":"","header-below-stick-meta":"","astra-migrate-meta-layouts":"default","ast-page-background-enabled":"default","ast-page-background-meta":{"desktop":{"background-color":"var(--ast-global-color-4)","background-image":"","background-repeat":"repeat","background-position":"center center","background-size":"auto","background-attachment":"scroll","background-type":"","background-media":"","overlay-type":"","overlay-color":"","overlay-opacity":"","overlay-gradient":""},"tablet":{"background-color":"","background-image":"","background-repeat":"repeat","background-position":"center center","background-size":"auto","background-attachment":"scroll","background-type":"","background-media":"","overlay-type":"","overlay-color":"","overlay-opacity":"","overlay-gradient":""},"mobile":{"background-color":"","background-image":"","background-repeat":"repeat","background-position":"center center","background-size":"auto","background-attachment":"scroll","background-type":"","background-media":"","overlay-type":"","overlay-color":"","overlay-opacity":"","overlay-gradient":""}},"ast-content-background-meta":{"desktop":{"background-color":"var(--ast-global-color-5)","background-image":"","background-repeat":"repeat","background-position":"center center","background-size":"auto","background-attachment":"scroll","background-type":"","background-media":"","overlay-type":"","overlay-color":"","overlay-opacity":"","overlay-gradient":""},"tablet":{"background-color":"var(--ast-global-color-5)","background-image":"","background-repeat":"repeat","background-position":"center center","background-size":"auto","background-attachment":"scroll","background-type":"","background-media":"","overlay-type":"","overlay-color":"","overlay-opacity":"","overlay-gradient":""},"mobile":{"background-color":"var(--ast-global-color-5)","background-image":"","background-repeat":"repeat","background-position":"center center","background-size":"auto","background-attachment":"scroll","background-type":"","background-media":"","overlay-type":"","overlay-color":"","overlay-opacity":"","overlay-gradient":""}}},"product_brand":[],"product_cat":[396,393,378,395,387,343,13,112,148,320],"product_tag":[263,17,268,215,225,298],"class_list":{"0":"post-28446","1":"product","2":"type-product","3":"status-publish","4":"has-post-thumbnail","6":"product_cat-lieknejimui","7":"product_cat-rinkiniai","8":"product_cat-uzkandziai","9":"product_cat-veganiska-be-laktozes","10":"product_cat-visi-produktai","11":"product_cat-naujienos","12":"product_cat-httpfitnsweet-ltprodukto-kategorijagymqueen","13":"product_cat-gymqueen-figurai","14":"product_cat-gymqueen-rinkiniai","15":"product_cat-skonio-lasai-saldikliai","16":"product_tag-dovana","17":"product_tag-fitnsweet","18":"product_tag-kaledos","19":"product_tag-rinkinys","20":"product_tag-skonio-lasai","21":"product_tag-tasty-drops","22":"desktop-align-left","23":"tablet-align-left","24":"mobile-align-left","26":"first","27":"instock","28":"sale","29":"taxable","30":"shipping-taxable","31":"purchasable","32":"product-type-variable"},"yoast_head":"<!-- This site is optimized with the Yoast SEO plugin v26.9 - https:\/\/yoast.com\/product\/yoast-seo-wordpress\/ -->\n<title>Keturi\u0173 pakuo\u010di\u0173 skonio la\u0161\u0173 (Tasty drops) rinkinys - Fitnsweet.eu<\/title>\n<meta name=\"robots\" content=\"index, follow, max-snippet:-1, max-image-preview:large, max-video-preview:-1\" \/>\n<link rel=\"canonical\" href=\"https:\/\/fitnsweet.eu\/et\/toode-2\/joulumaitse-lasso-maitsev-tilkade-komplekt-2\/\" \/>\n<meta property=\"og:locale\" content=\"et_EE\" \/>\n<meta property=\"og:type\" content=\"article\" \/>\n<meta property=\"og:title\" content=\"Keturi\u0173 pakuo\u010di\u0173 skonio la\u0161\u0173 (Tasty drops) rinkinys - Fitnsweet.eu\" \/>\n<meta property=\"og:description\" content=\"Keturi\u0173 J\u016bs\u0173 i\u0161sirinkt\u0173 Tasty drops skonio la\u0161\u0173 rinkinys tikrai labai nud\u017eiugins ir nustebins. Galb\u016bt \u017einai draug\u0119 ar artim\u0105 kuriam reikia ma\u017einti suvartojamo cukraus kiek\u012f? Tai m\u016bs\u0173 skonio la\u0161ai - saldikliai bus tobula dovana paskatinti gyventi sveikiau!  Rinkinys jau supakuotas u\u017e Jus ir paruo\u0161tas dovanoti.\u00a0  Rinkin\u012f sudaro - keturi J\u016bs\u0173 pasirinkt\u0173 skoni\u0173 Tasty drops la\u0161ai po 30 ml.\u00a0\" \/>\n<meta property=\"og:url\" content=\"https:\/\/fitnsweet.eu\/et\/toode-2\/joulumaitse-lasso-maitsev-tilkade-komplekt-2\/\" \/>\n<meta property=\"og:site_name\" content=\"Fitnsweet.eu\" \/>\n<meta property=\"article:modified_time\" content=\"2023-07-04T07:27:36+00:00\" \/>\n<meta property=\"og:image\" content=\"https:\/\/fitnsweet.eu\/wp-content\/uploads\/2021\/11\/DSC04591.jpg\" \/>\n\t<meta property=\"og:image:width\" content=\"1600\" \/>\n\t<meta property=\"og:image:height\" content=\"1067\" \/>\n\t<meta property=\"og:image:type\" content=\"image\/jpeg\" \/>\n<meta name=\"twitter:card\" content=\"summary_large_image\" \/>\n<meta name=\"twitter:label1\" content=\"Est. reading time\" \/>\n\t<meta name=\"twitter:data1\" content=\"1 minut\" \/>\n<script type=\"application\/ld+json\" class=\"yoast-schema-graph\">{\"@context\":\"https:\/\/schema.org\",\"@graph\":[{\"@type\":\"WebPage\",\"@id\":\"https:\/\/fitnsweet.eu\/produktas\/kalediniu-skoniu-lasu-tasty-drops-rinkinys\/\",\"url\":\"https:\/\/fitnsweet.eu\/produktas\/kalediniu-skoniu-lasu-tasty-drops-rinkinys\/\",\"name\":\"Keturi\u0173 pakuo\u010di\u0173 skonio la\u0161\u0173 (Tasty drops) rinkinys - Fitnsweet.eu\",\"isPartOf\":{\"@id\":\"https:\/\/fitnsweet.eu\/#website\"},\"primaryImageOfPage\":{\"@id\":\"https:\/\/fitnsweet.eu\/produktas\/kalediniu-skoniu-lasu-tasty-drops-rinkinys\/#primaryimage\"},\"image\":{\"@id\":\"https:\/\/fitnsweet.eu\/produktas\/kalediniu-skoniu-lasu-tasty-drops-rinkinys\/#primaryimage\"},\"thumbnailUrl\":\"https:\/\/fitnsweet.eu\/wp-content\/uploads\/2021\/11\/DSC04591.jpg\",\"datePublished\":\"2021-11-02T01:52:02+00:00\",\"dateModified\":\"2023-07-04T07:27:36+00:00\",\"breadcrumb\":{\"@id\":\"https:\/\/fitnsweet.eu\/produktas\/kalediniu-skoniu-lasu-tasty-drops-rinkinys\/#breadcrumb\"},\"inLanguage\":\"et\",\"potentialAction\":[{\"@type\":\"ReadAction\",\"target\":[\"https:\/\/fitnsweet.eu\/produktas\/kalediniu-skoniu-lasu-tasty-drops-rinkinys\/\"]}]},{\"@type\":\"ImageObject\",\"inLanguage\":\"et\",\"@id\":\"https:\/\/fitnsweet.eu\/produktas\/kalediniu-skoniu-lasu-tasty-drops-rinkinys\/#primaryimage\",\"url\":\"https:\/\/fitnsweet.eu\/wp-content\/uploads\/2021\/11\/DSC04591.jpg\",\"contentUrl\":\"https:\/\/fitnsweet.eu\/wp-content\/uploads\/2021\/11\/DSC04591.jpg\",\"width\":1600,\"height\":1067},{\"@type\":\"BreadcrumbList\",\"@id\":\"https:\/\/fitnsweet.eu\/produktas\/kalediniu-skoniu-lasu-tasty-drops-rinkinys\/#breadcrumb\",\"itemListElement\":[{\"@type\":\"ListItem\",\"position\":1,\"name\":\"Home\",\"item\":\"https:\/\/fitnsweet.eu\/\"},{\"@type\":\"ListItem\",\"position\":2,\"name\":\"Produktai\",\"item\":\"https:\/\/fitnsweet.eu\/parduotuve\/\"},{\"@type\":\"ListItem\",\"position\":3,\"name\":\"Keturi\u0173 pakuo\u010di\u0173 skonio la\u0161\u0173 (Tasty drops) rinkinys\"}]},{\"@type\":\"WebSite\",\"@id\":\"https:\/\/fitnsweet.eu\/#website\",\"url\":\"https:\/\/fitnsweet.eu\/\",\"name\":\"Fitnsweet.eu\",\"description\":\"Sveika. Saldu. Naudinga.\",\"potentialAction\":[{\"@type\":\"SearchAction\",\"target\":{\"@type\":\"EntryPoint\",\"urlTemplate\":\"https:\/\/fitnsweet.eu\/?s={search_term_string}\"},\"query-input\":{\"@type\":\"PropertyValueSpecification\",\"valueRequired\":true,\"valueName\":\"search_term_string\"}}],\"inLanguage\":\"et\"}]}<\/script>\n<!-- \/ Yoast SEO plugin. -->","yoast_head_json":{"title":"Keturi\u0173 pakuo\u010di\u0173 skonio la\u0161\u0173 (Tasty drops) rinkinys - Fitnsweet.eu","robots":{"index":"index","follow":"follow","max-snippet":"max-snippet:-1","max-image-preview":"max-image-preview:large","max-video-preview":"max-video-preview:-1"},"canonical":"https:\/\/fitnsweet.eu\/et\/toode-2\/joulumaitse-lasso-maitsev-tilkade-komplekt-2\/","og_locale":"et_EE","og_type":"article","og_title":"Keturi\u0173 pakuo\u010di\u0173 skonio la\u0161\u0173 (Tasty drops) rinkinys - Fitnsweet.eu","og_description":"Keturi\u0173 J\u016bs\u0173 i\u0161sirinkt\u0173 Tasty drops skonio la\u0161\u0173 rinkinys tikrai labai nud\u017eiugins ir nustebins. Galb\u016bt \u017einai draug\u0119 ar artim\u0105 kuriam reikia ma\u017einti suvartojamo cukraus kiek\u012f? Tai m\u016bs\u0173 skonio la\u0161ai - saldikliai bus tobula dovana paskatinti gyventi sveikiau!  Rinkinys jau supakuotas u\u017e Jus ir paruo\u0161tas dovanoti.\u00a0  Rinkin\u012f sudaro - keturi J\u016bs\u0173 pasirinkt\u0173 skoni\u0173 Tasty drops la\u0161ai po 30 ml.\u00a0","og_url":"https:\/\/fitnsweet.eu\/et\/toode-2\/joulumaitse-lasso-maitsev-tilkade-komplekt-2\/","og_site_name":"Fitnsweet.eu","article_modified_time":"2023-07-04T07:27:36+00:00","og_image":[{"width":1600,"height":1067,"url":"https:\/\/fitnsweet.eu\/wp-content\/uploads\/2021\/11\/DSC04591.jpg","type":"image\/jpeg"}],"twitter_card":"summary_large_image","twitter_misc":{"Est. reading time":"1 minut"},"schema":{"@context":"https:\/\/schema.org","@graph":[{"@type":"WebPage","@id":"https:\/\/fitnsweet.eu\/produktas\/kalediniu-skoniu-lasu-tasty-drops-rinkinys\/","url":"https:\/\/fitnsweet.eu\/produktas\/kalediniu-skoniu-lasu-tasty-drops-rinkinys\/","name":"Keturi\u0173 pakuo\u010di\u0173 skonio la\u0161\u0173 (Tasty drops) rinkinys - Fitnsweet.eu","isPartOf":{"@id":"https:\/\/fitnsweet.eu\/#website"},"primaryImageOfPage":{"@id":"https:\/\/fitnsweet.eu\/produktas\/kalediniu-skoniu-lasu-tasty-drops-rinkinys\/#primaryimage"},"image":{"@id":"https:\/\/fitnsweet.eu\/produktas\/kalediniu-skoniu-lasu-tasty-drops-rinkinys\/#primaryimage"},"thumbnailUrl":"https:\/\/fitnsweet.eu\/wp-content\/uploads\/2021\/11\/DSC04591.jpg","datePublished":"2021-11-02T01:52:02+00:00","dateModified":"2023-07-04T07:27:36+00:00","breadcrumb":{"@id":"https:\/\/fitnsweet.eu\/produktas\/kalediniu-skoniu-lasu-tasty-drops-rinkinys\/#breadcrumb"},"inLanguage":"et","potentialAction":[{"@type":"ReadAction","target":["https:\/\/fitnsweet.eu\/produktas\/kalediniu-skoniu-lasu-tasty-drops-rinkinys\/"]}]},{"@type":"ImageObject","inLanguage":"et","@id":"https:\/\/fitnsweet.eu\/produktas\/kalediniu-skoniu-lasu-tasty-drops-rinkinys\/#primaryimage","url":"https:\/\/fitnsweet.eu\/wp-content\/uploads\/2021\/11\/DSC04591.jpg","contentUrl":"https:\/\/fitnsweet.eu\/wp-content\/uploads\/2021\/11\/DSC04591.jpg","width":1600,"height":1067},{"@type":"BreadcrumbList","@id":"https:\/\/fitnsweet.eu\/produktas\/kalediniu-skoniu-lasu-tasty-drops-rinkinys\/#breadcrumb","itemListElement":[{"@type":"ListItem","position":1,"name":"Home","item":"https:\/\/fitnsweet.eu\/"},{"@type":"ListItem","position":2,"name":"Produktai","item":"https:\/\/fitnsweet.eu\/parduotuve\/"},{"@type":"ListItem","position":3,"name":"Keturi\u0173 pakuo\u010di\u0173 skonio la\u0161\u0173 (Tasty drops) rinkinys"}]},{"@type":"WebSite","@id":"https:\/\/fitnsweet.eu\/#website","url":"https:\/\/fitnsweet.eu\/","name":"Fitnsweet.eu","description":"Tere. Armas. Kasulik.","potentialAction":[{"@type":"SearchAction","target":{"@type":"EntryPoint","urlTemplate":"https:\/\/fitnsweet.eu\/?s={search_term_string}"},"query-input":{"@type":"PropertyValueSpecification","valueRequired":true,"valueName":"search_term_string"}}],"inLanguage":"et"}]}},"_links":{"self":[{"href":"https:\/\/fitnsweet.eu\/et\/wp-json\/wp\/v2\/product\/28446","targetHints":{"allow":["GET"]}}],"collection":[{"href":"https:\/\/fitnsweet.eu\/et\/wp-json\/wp\/v2\/product"}],"about":[{"href":"https:\/\/fitnsweet.eu\/et\/wp-json\/wp\/v2\/types\/product"}],"replies":[{"embeddable":true,"href":"https:\/\/fitnsweet.eu\/et\/wp-json\/wp\/v2\/comments?post=28446"}],"version-history":[{"count":2,"href":"https:\/\/fitnsweet.eu\/et\/wp-json\/wp\/v2\/product\/28446\/revisions"}],"predecessor-version":[{"id":36325,"href":"https:\/\/fitnsweet.eu\/et\/wp-json\/wp\/v2\/product\/28446\/revisions\/36325"}],"wp:featuredmedia":[{"embeddable":true,"href":"https:\/\/fitnsweet.eu\/et\/wp-json\/wp\/v2\/media\/28447"}],"wp:attachment":[{"href":"https:\/\/fitnsweet.eu\/et\/wp-json\/wp\/v2\/media?parent=28446"}],"wp:term":[{"taxonomy":"product_brand","embeddable":true,"href":"https:\/\/fitnsweet.eu\/et\/wp-json\/wp\/v2\/product_brand?post=28446"},{"taxonomy":"product_cat","embeddable":true,"href":"https:\/\/fitnsweet.eu\/et\/wp-json\/wp\/v2\/product_cat?post=28446"},{"taxonomy":"product_tag","embeddable":true,"href":"https:\/\/fitnsweet.eu\/et\/wp-json\/wp\/v2\/product_tag?post=28446"}],"curies":[{"name":"wp","href":"https:\/\/api.w.org\/{rel}","templated":true}]}}