{"id":44442,"date":"2024-09-04T00:30:08","date_gmt":"2024-09-03T21:30:08","guid":{"rendered":"https:\/\/fitnsweet.eu\/?post_type=product&#038;p=44442"},"modified":"2025-12-15T01:31:20","modified_gmt":"2025-12-14T23:31:20","slug":"baltymais-praturtinta-kava-450g","status":"publish","type":"product","link":"https:\/\/fitnsweet.eu\/et\/toode-2\/baltymais-praturtinta-kava-450g\/","title":{"rendered":"Baltymais praturtinta kava (450g)"},"content":{"rendered":"<p><span style=\"color: #000000;\">Kava ryte pa\u0161alina li\u016bdes\u012f ir r\u016bpes\u010dius \u2013 GYMQUEEN, mus \u012fkv\u0117p\u0117 \u0161is posakis ir sugalvojome prid\u0117ti dar ir papildom\u0105 baltym\u0173 porcij\u0105 \u012f kavos puodel\u012f. M\u016bs\u0173 baltymin\u0117s kavos pagrindas yra auk\u0161tos kokyb\u0117s i\u0161r\u016bg\u0173 baltymai ir tirpi kava, tod\u0117l gausite galing\u0105 baltym\u0173 kiek\u012f. Kiekvienoje porcijoje yra \u012fsp\u016bdingi 20 g baltym\u0173 \u2013 visi be prid\u0117tinio cukraus.*<\/span><\/p>\n<p><span style=\"color: #000000;\">Lengvas milteli\u0173 tirpumas leid\u017eia greitai paruo\u0161ti kav\u0105, kurioje gausu baltym\u0173. Tiesiog \u012fmai\u0161ykite miltelius \u012f vanden\u012f arba pien\u0105 ir gal\u0117site m\u0117gautis puikia, kremin\u0117s konsistencijos, itin gard\u017eia, fig\u016brai palankia, daug baltym\u0173 turin\u010dia kava!<\/span><\/p>\n<p>&nbsp;<\/p>\n<p>&nbsp;<\/p>\n<p><span style=\"color: #000000;\"><em>*sud\u0117tyje nat\u016braliai yra cukraus<\/em><\/span><\/p>\n<p><span style=\"color: #000000;\"><strong>Neto kaal:<\/strong> 450g<\/span><br \/>\n<span style=\"color: #000000;\"><strong>P\u00e4ritoluriik<\/strong>: Saksamaa<\/span><br \/>\n<span style=\"color: #000000;\">Pastaba: Padid\u0117j\u0119s kofeino kiekis (21 mg kofeino 100 ml paruo\u0161to vartoti kokteilio). Nerekomenduojama vaikams ir n\u0117\u0161\u010dioms ar kr\u016btimi maitinan\u010dioms moterims.<\/span><\/p>\n<p><span style=\"color: #000000;\"><strong>Koostis:<\/strong><\/span><br \/>\n<span style=\"color: #000000;\">I\u0161r\u016bg\u0173 baltym\u0173 koncentratas, i\u0161r\u016bg\u0173 baltym\u0173 izoliatas, 6,6% tirpi kava, skonis, da\u017eiklis: karamel\u0117; Emulsiklis: soj\u0173 lecitinas; saldiklis: sukraloz\u0117; Tir\u0161tiklis: ksantano derva.<\/span><br \/>\n<span style=\"color: #000000;\">Peamine koostisosa \/ toimeaine:<\/span><br \/>\n<span style=\"color: #000000;\">i\u0161r\u016bg\u0173 baltymai<\/span><\/p>\n<p><span style=\"color: #000000;\"><strong>Allergeenid:<\/strong><\/span><br \/>\n<span style=\"color: #000000;\">Sud\u0117tyje yra pieno produkt\u0173. Gali b\u016bti glitimo ir kiau\u0161inio p\u0117dsak\u0173.<\/span><\/p>\n<table class=\"table--nutrition-facts\">\n<thead>\n<tr>\n<th><span style=\"color: #000000;\">Maistingumo deklaracija<\/span><\/th>\n<th><span style=\"color: #000000;\">\u00a0100g<\/span><\/th>\n<th class=\"text-right\"><span style=\"color: #000000;\">Portsjonina<\/span><\/th>\n<th class=\"text-right nutrition-table__per-serving\"><span style=\"color: #000000;\">% RPN*\u00a0 Porcijoje<\/span><\/th>\n<\/tr>\n<\/thead>\n<tbody>\n<tr>\n<td><span style=\"color: #000000;\">Energeetiline v\u00e4\u00e4rtus<\/span><\/td>\n<td><span style=\"color: #000000;\"><span class=\"db\">1.553,30 kj\/<\/span><span class=\"db\">371,00 kcal<\/span><\/span><\/td>\n<td class=\"text-right\"><span style=\"color: #000000;\"><span class=\"db\">465,99 kj\/<\/span><span class=\"db\">111,30 kcal<\/span><\/span><\/td>\n<td class=\"text-right nutrition-table__per-serving\"><span style=\"color: #000000;\">5,57 %<\/span><\/td>\n<\/tr>\n<tr>\n<td><span style=\"color: #000000;\">Rasv<\/span><\/td>\n<td><span style=\"color: #000000;\">6,40 g<\/span><\/td>\n<td class=\"text-right\"><span style=\"color: #000000;\">1,92 g<\/span><\/td>\n<td class=\"text-right nutrition-table__per-serving\"><span style=\"color: #000000;\">2,74 %<\/span><\/td>\n<\/tr>\n<tr class=\"sub-item\">\n<td><span style=\"color: #000000;\">\u00a0millest k\u00fcllastunud rasvhapped<\/span><\/td>\n<td><span style=\"color: #000000;\">1,90 g<\/span><\/td>\n<td class=\"text-right\"><span style=\"color: #000000;\">0,57 g<\/span><\/td>\n<td class=\"text-right nutrition-table__per-serving\"><span style=\"color: #000000;\">2,85 %<\/span><\/td>\n<\/tr>\n<tr>\n<td><span style=\"color: #000000;\">S\u00fcsivesikud<\/span><\/td>\n<td><span style=\"color: #000000;\">12,00 g<\/span><\/td>\n<td class=\"text-right\"><span style=\"color: #000000;\">3,60 g<\/span><\/td>\n<td class=\"text-right nutrition-table__per-serving\"><span style=\"color: #000000;\">1,38 %<\/span><\/td>\n<\/tr>\n<tr class=\"sub-item\">\n<td><span style=\"color: #000000;\">\u00a0millest suhkrud<\/span><\/td>\n<td><span style=\"color: #000000;\">4,50 g<\/span><\/td>\n<td class=\"text-right\"><span style=\"color: #000000;\">1,35 g<\/span><\/td>\n<td class=\"text-right nutrition-table__per-serving\"><span style=\"color: #000000;\">1,50 %<\/span><\/td>\n<\/tr>\n<tr>\n<td><span style=\"color: #000000;\">Valk<\/span><\/td>\n<td><span style=\"color: #000000;\">66,00 g<\/span><\/td>\n<td class=\"text-right\"><span style=\"color: #000000;\">19,80 g<\/span><\/td>\n<td class=\"text-right nutrition-table__per-serving\"><span style=\"color: #000000;\">39,60 %<\/span><\/td>\n<\/tr>\n<tr>\n<td><span style=\"color: #000000;\">Soolad<\/span><\/td>\n<td><span style=\"color: #000000;\">0,50 g<\/span><\/td>\n<td class=\"text-right\"><span style=\"color: #000000;\">0,15 g<\/span><\/td>\n<td class=\"text-right nutrition-table__per-serving\"><span style=\"color: #000000;\">2,50 %<\/span><\/td>\n<\/tr>\n<\/tbody>\n<\/table>\n<p><span style=\"color: #000000;\"><small class=\"hide-for-small nutrition-table__per-serving\">* Orientacin\u0117 energin\u0117 vert\u0117 suaugusiam \u017emogui (8 400 kJ\/2 000 kcal).<\/small><\/span><\/p>\n<table class=\"table--nutrition-facts\">\n<thead>\n<tr>\n<th><span style=\"color: #000000;\">Kita informacija<\/span><\/th>\n<th><span style=\"color: #000000;\">100g<\/span><\/th>\n<th class=\"text-right\"><span style=\"color: #000000;\">Portsjonina<\/span><\/th>\n<th class=\"text-right nutrition-table__per-serving\"><span style=\"color: #000000;\">% PRN** Porcijoje<\/span><\/th>\n<\/tr>\n<\/thead>\n<tbody>\n<tr>\n<td><span style=\"color: #000000;\">Kofeino<\/span><\/td>\n<td><span style=\"color: #000000;\">230,00 mg<\/span><\/td>\n<td class=\"text-right\"><span style=\"color: #000000;\">69,00 mg<\/span><\/td>\n<\/tr>\n<\/tbody>\n<\/table>\n<p><span style=\"color: #000000;\">** Procentin\u0117s maistin\u0117s vert\u0117s (RPN) pagal Reglament\u0105 (ES) Nr. 1169\/2011.<\/span><br \/>\n<span style=\"color: #000000;\">Maistin\u0117 vert\u0117: Informacija susijusi su ledin\u0117s kavos skoniu.<\/span><\/p>","protected":false},"excerpt":{"rendered":"<p style=\"text-align: center;\"><strong>UUS TOOTEVALIKAS!<\/strong><\/p>\n<p><span style=\"color: #000000;\">Tikram kavos malonumui \u2013 prad\u0117kite dien\u0105 nuo skanios baltymin\u0117s kavos i\u0161 GYMQUEEN. M\u016bs\u0173 unikalus mi\u0161inys sujungia auk\u0161tos kokyb\u0117s i\u0161r\u016bg\u0173 baltymus su aromatine kava ir nat\u016braliu kofeinu, kad suteikt\u0173 jums gaivi\u0105 ryto prad\u017ei\u0105 arba gaivinant\u012f skan\u0117st\u0105 dienos eigoje. Su 20 g baltym\u0173 viename puodelyje apr\u016bpinsite savo organizm\u0105 vertinga, naudinga ir reikalinga maistine med\u017eiaga ir tuo pa\u010diu gal\u0117site m\u0117gautis sodriu kavos skoniu.<\/span><\/p>\n<p><span style=\"color: #000000;\"><strong>Ei sisalda s\u00fcnteetilisi maitsetugevdajaid, v\u00e4rvaineid ega s\u00fcnteetilisi s\u00e4ilitusaineid!<\/strong><\/span><\/p>\n<p><span style=\"color: #000000;\">GymQueen &#8222;Protein coffee&#8221; kokteilis, pagamintas Vokietijoje i\u0161 auk\u0161\u010diausios kokyb\u0117s med\u017eiag\u0173, u\u017etikrina saug\u0173 vartojim\u0105.<\/span><\/p>\n<p><span style=\"color: #000000;\">Grynasis kiekis \u2013 450 g sauso mi\u0161inio.<\/span><\/p>","protected":false},"featured_media":44443,"comment_status":"open","ping_status":"closed","template":"","meta":{"site-sidebar-layout":"default","site-content-layout":"","ast-site-content-layout":"default","site-content-style":"default","site-sidebar-style":"default","ast-global-header-display":"","ast-banner-title-visibility":"","ast-main-header-display":"","ast-hfb-above-header-display":"","ast-hfb-below-header-display":"","ast-hfb-mobile-header-display":"","site-post-title":"","ast-breadcrumbs-content":"","ast-featured-img":"","footer-sml-layout":"","ast-disable-related-posts":"","theme-transparent-header-meta":"default","adv-header-id-meta":"","stick-header-meta":"","header-above-stick-meta":"","header-main-stick-meta":"","header-below-stick-meta":"","astra-migrate-meta-layouts":"set","ast-page-background-enabled":"default","ast-page-background-meta":{"desktop":{"background-color":"var(--ast-global-color-4)","background-image":"","background-repeat":"repeat","background-position":"center center","background-size":"auto","background-attachment":"scroll","background-type":"","background-media":"","overlay-type":"","overlay-color":"","overlay-opacity":"","overlay-gradient":""},"tablet":{"background-color":"","background-image":"","background-repeat":"repeat","background-position":"center center","background-size":"auto","background-attachment":"scroll","background-type":"","background-media":"","overlay-type":"","overlay-color":"","overlay-opacity":"","overlay-gradient":""},"mobile":{"background-color":"","background-image":"","background-repeat":"repeat","background-position":"center center","background-size":"auto","background-attachment":"scroll","background-type":"","background-media":"","overlay-type":"","overlay-color":"","overlay-opacity":"","overlay-gradient":""}},"ast-content-background-meta":{"desktop":{"background-color":"var(--ast-global-color-5)","background-image":"","background-repeat":"repeat","background-position":"center center","background-size":"auto","background-attachment":"scroll","background-type":"","background-media":"","overlay-type":"","overlay-color":"","overlay-opacity":"","overlay-gradient":""},"tablet":{"background-color":"var(--ast-global-color-5)","background-image":"","background-repeat":"repeat","background-position":"center center","background-size":"auto","background-attachment":"scroll","background-type":"","background-media":"","overlay-type":"","overlay-color":"","overlay-opacity":"","overlay-gradient":""},"mobile":{"background-color":"var(--ast-global-color-5)","background-image":"","background-repeat":"repeat","background-position":"center center","background-size":"auto","background-attachment":"scroll","background-type":"","background-media":"","overlay-type":"","overlay-color":"","overlay-opacity":"","overlay-gradient":""}}},"product_brand":[],"product_cat":[391,392,396,387],"product_tag":[],"class_list":{"0":"post-44442","1":"product","2":"type-product","3":"status-publish","4":"has-post-thumbnail","6":"product_cat-baltymu-kokteiliai","7":"product_cat-baltymu-kokteiliai-baltymu-kokteiliai","8":"product_cat-lieknejimui","9":"product_cat-visi-produktai","10":"desktop-align-left","11":"tablet-align-left","12":"mobile-align-left","14":"first","15":"instock","16":"featured","17":"taxable","18":"shipping-taxable","19":"purchasable","20":"product-type-simple"},"yoast_head":"<!-- This site is optimized with the Yoast SEO plugin v26.9 - https:\/\/yoast.com\/product\/yoast-seo-wordpress\/ -->\n<title>Baltymais praturtinta kava (450g) - Fitnsweet.eu<\/title>\n<meta name=\"robots\" content=\"index, follow, max-snippet:-1, max-image-preview:large, max-video-preview:-1\" \/>\n<link rel=\"canonical\" href=\"https:\/\/fitnsweet.eu\/et\/toode-2\/baltymais-praturtinta-kava-450g\/\" \/>\n<meta property=\"og:locale\" content=\"et_EE\" \/>\n<meta property=\"og:type\" content=\"article\" \/>\n<meta property=\"og:title\" content=\"Baltymais praturtinta kava (450g) - Fitnsweet.eu\" \/>\n<meta property=\"og:description\" content=\"NAUJIENA GAMINI\u0172 ASORTIMENTE! Tikram kavos malonumui \u2013 prad\u0117kite dien\u0105 nuo skanios baltymin\u0117s kavos i\u0161 GYMQUEEN. M\u016bs\u0173 unikalus mi\u0161inys sujungia auk\u0161tos kokyb\u0117s i\u0161r\u016bg\u0173 baltymus su aromatine kava ir nat\u016braliu kofeinu, kad suteikt\u0173 jums gaivi\u0105 ryto prad\u017ei\u0105 arba gaivinant\u012f skan\u0117st\u0105 dienos eigoje. Su 20 g baltym\u0173 viename puodelyje apr\u016bpinsite savo organizm\u0105 vertinga, naudinga ir reikalinga maistine med\u017eiaga ir tuo pa\u010diu gal\u0117site m\u0117gautis sodriu kavos skoniu.  Be sintetini\u0173 skonio stiprikli\u0173, da\u017eikli\u0173 ir sintetini\u0173 konservant\u0173!  GymQueen &quot;Protein coffee&quot; kokteilis, pagamintas Vokietijoje i\u0161 auk\u0161\u010diausios kokyb\u0117s med\u017eiag\u0173, u\u017etikrina saug\u0173 vartojim\u0105.  Grynasis kiekis \u2013 450 g sauso mi\u0161inio.\" \/>\n<meta property=\"og:url\" content=\"https:\/\/fitnsweet.eu\/et\/toode-2\/baltymais-praturtinta-kava-450g\/\" \/>\n<meta property=\"og:site_name\" content=\"Fitnsweet.eu\" \/>\n<meta property=\"article:modified_time\" content=\"2025-12-14T23:31:20+00:00\" \/>\n<meta property=\"og:image\" content=\"https:\/\/fitnsweet.eu\/wp-content\/uploads\/2024\/09\/protein-coffee.jpg\" \/>\n\t<meta property=\"og:image:width\" content=\"1600\" \/>\n\t<meta property=\"og:image:height\" content=\"1600\" \/>\n\t<meta property=\"og:image:type\" content=\"image\/jpeg\" \/>\n<meta name=\"twitter:card\" content=\"summary_large_image\" \/>\n<meta name=\"twitter:label1\" content=\"Est. reading time\" \/>\n\t<meta name=\"twitter:data1\" content=\"2 minutit\" \/>\n<script type=\"application\/ld+json\" class=\"yoast-schema-graph\">{\"@context\":\"https:\/\/schema.org\",\"@graph\":[{\"@type\":\"WebPage\",\"@id\":\"https:\/\/fitnsweet.eu\/produktas\/baltymais-praturtinta-kava-450g\/\",\"url\":\"https:\/\/fitnsweet.eu\/produktas\/baltymais-praturtinta-kava-450g\/\",\"name\":\"Baltymais praturtinta kava (450g) - Fitnsweet.eu\",\"isPartOf\":{\"@id\":\"https:\/\/fitnsweet.eu\/#website\"},\"primaryImageOfPage\":{\"@id\":\"https:\/\/fitnsweet.eu\/produktas\/baltymais-praturtinta-kava-450g\/#primaryimage\"},\"image\":{\"@id\":\"https:\/\/fitnsweet.eu\/produktas\/baltymais-praturtinta-kava-450g\/#primaryimage\"},\"thumbnailUrl\":\"https:\/\/fitnsweet.eu\/wp-content\/uploads\/2024\/09\/protein-coffee.jpg\",\"datePublished\":\"2024-09-03T21:30:08+00:00\",\"dateModified\":\"2025-12-14T23:31:20+00:00\",\"breadcrumb\":{\"@id\":\"https:\/\/fitnsweet.eu\/produktas\/baltymais-praturtinta-kava-450g\/#breadcrumb\"},\"inLanguage\":\"et\",\"potentialAction\":[{\"@type\":\"ReadAction\",\"target\":[\"https:\/\/fitnsweet.eu\/produktas\/baltymais-praturtinta-kava-450g\/\"]}]},{\"@type\":\"ImageObject\",\"inLanguage\":\"et\",\"@id\":\"https:\/\/fitnsweet.eu\/produktas\/baltymais-praturtinta-kava-450g\/#primaryimage\",\"url\":\"https:\/\/fitnsweet.eu\/wp-content\/uploads\/2024\/09\/protein-coffee.jpg\",\"contentUrl\":\"https:\/\/fitnsweet.eu\/wp-content\/uploads\/2024\/09\/protein-coffee.jpg\",\"width\":1600,\"height\":1600},{\"@type\":\"BreadcrumbList\",\"@id\":\"https:\/\/fitnsweet.eu\/produktas\/baltymais-praturtinta-kava-450g\/#breadcrumb\",\"itemListElement\":[{\"@type\":\"ListItem\",\"position\":1,\"name\":\"Home\",\"item\":\"https:\/\/fitnsweet.eu\/\"},{\"@type\":\"ListItem\",\"position\":2,\"name\":\"Produktai\",\"item\":\"https:\/\/fitnsweet.eu\/parduotuve\/\"},{\"@type\":\"ListItem\",\"position\":3,\"name\":\"Baltymais praturtinta kava (450g)\"}]},{\"@type\":\"WebSite\",\"@id\":\"https:\/\/fitnsweet.eu\/#website\",\"url\":\"https:\/\/fitnsweet.eu\/\",\"name\":\"Fitnsweet.eu\",\"description\":\"Sveika. Saldu. Naudinga.\",\"potentialAction\":[{\"@type\":\"SearchAction\",\"target\":{\"@type\":\"EntryPoint\",\"urlTemplate\":\"https:\/\/fitnsweet.eu\/?s={search_term_string}\"},\"query-input\":{\"@type\":\"PropertyValueSpecification\",\"valueRequired\":true,\"valueName\":\"search_term_string\"}}],\"inLanguage\":\"et\"}]}<\/script>\n<!-- \/ Yoast SEO plugin. -->","yoast_head_json":{"title":"Baltymais praturtinta kava (450g) - Fitnsweet.eu","robots":{"index":"index","follow":"follow","max-snippet":"max-snippet:-1","max-image-preview":"max-image-preview:large","max-video-preview":"max-video-preview:-1"},"canonical":"https:\/\/fitnsweet.eu\/et\/toode-2\/baltymais-praturtinta-kava-450g\/","og_locale":"et_EE","og_type":"article","og_title":"Baltymais praturtinta kava (450g) - Fitnsweet.eu","og_description":"NAUJIENA GAMINI\u0172 ASORTIMENTE! Tikram kavos malonumui \u2013 prad\u0117kite dien\u0105 nuo skanios baltymin\u0117s kavos i\u0161 GYMQUEEN. M\u016bs\u0173 unikalus mi\u0161inys sujungia auk\u0161tos kokyb\u0117s i\u0161r\u016bg\u0173 baltymus su aromatine kava ir nat\u016braliu kofeinu, kad suteikt\u0173 jums gaivi\u0105 ryto prad\u017ei\u0105 arba gaivinant\u012f skan\u0117st\u0105 dienos eigoje. Su 20 g baltym\u0173 viename puodelyje apr\u016bpinsite savo organizm\u0105 vertinga, naudinga ir reikalinga maistine med\u017eiaga ir tuo pa\u010diu gal\u0117site m\u0117gautis sodriu kavos skoniu.  Be sintetini\u0173 skonio stiprikli\u0173, da\u017eikli\u0173 ir sintetini\u0173 konservant\u0173!  GymQueen \"Protein coffee\" kokteilis, pagamintas Vokietijoje i\u0161 auk\u0161\u010diausios kokyb\u0117s med\u017eiag\u0173, u\u017etikrina saug\u0173 vartojim\u0105.  Grynasis kiekis \u2013 450 g sauso mi\u0161inio.","og_url":"https:\/\/fitnsweet.eu\/et\/toode-2\/baltymais-praturtinta-kava-450g\/","og_site_name":"Fitnsweet.eu","article_modified_time":"2025-12-14T23:31:20+00:00","og_image":[{"width":1600,"height":1600,"url":"https:\/\/fitnsweet.eu\/wp-content\/uploads\/2024\/09\/protein-coffee.jpg","type":"image\/jpeg"}],"twitter_card":"summary_large_image","twitter_misc":{"Est. reading time":"2 minutit"},"schema":{"@context":"https:\/\/schema.org","@graph":[{"@type":"WebPage","@id":"https:\/\/fitnsweet.eu\/produktas\/baltymais-praturtinta-kava-450g\/","url":"https:\/\/fitnsweet.eu\/produktas\/baltymais-praturtinta-kava-450g\/","name":"Baltymais praturtinta kava (450g) - Fitnsweet.eu","isPartOf":{"@id":"https:\/\/fitnsweet.eu\/#website"},"primaryImageOfPage":{"@id":"https:\/\/fitnsweet.eu\/produktas\/baltymais-praturtinta-kava-450g\/#primaryimage"},"image":{"@id":"https:\/\/fitnsweet.eu\/produktas\/baltymais-praturtinta-kava-450g\/#primaryimage"},"thumbnailUrl":"https:\/\/fitnsweet.eu\/wp-content\/uploads\/2024\/09\/protein-coffee.jpg","datePublished":"2024-09-03T21:30:08+00:00","dateModified":"2025-12-14T23:31:20+00:00","breadcrumb":{"@id":"https:\/\/fitnsweet.eu\/produktas\/baltymais-praturtinta-kava-450g\/#breadcrumb"},"inLanguage":"et","potentialAction":[{"@type":"ReadAction","target":["https:\/\/fitnsweet.eu\/produktas\/baltymais-praturtinta-kava-450g\/"]}]},{"@type":"ImageObject","inLanguage":"et","@id":"https:\/\/fitnsweet.eu\/produktas\/baltymais-praturtinta-kava-450g\/#primaryimage","url":"https:\/\/fitnsweet.eu\/wp-content\/uploads\/2024\/09\/protein-coffee.jpg","contentUrl":"https:\/\/fitnsweet.eu\/wp-content\/uploads\/2024\/09\/protein-coffee.jpg","width":1600,"height":1600},{"@type":"BreadcrumbList","@id":"https:\/\/fitnsweet.eu\/produktas\/baltymais-praturtinta-kava-450g\/#breadcrumb","itemListElement":[{"@type":"ListItem","position":1,"name":"Home","item":"https:\/\/fitnsweet.eu\/"},{"@type":"ListItem","position":2,"name":"Produktai","item":"https:\/\/fitnsweet.eu\/parduotuve\/"},{"@type":"ListItem","position":3,"name":"Baltymais praturtinta kava (450g)"}]},{"@type":"WebSite","@id":"https:\/\/fitnsweet.eu\/#website","url":"https:\/\/fitnsweet.eu\/","name":"Fitnsweet.eu","description":"Tere. Armas. Kasulik.","potentialAction":[{"@type":"SearchAction","target":{"@type":"EntryPoint","urlTemplate":"https:\/\/fitnsweet.eu\/?s={search_term_string}"},"query-input":{"@type":"PropertyValueSpecification","valueRequired":true,"valueName":"search_term_string"}}],"inLanguage":"et"}]}},"_links":{"self":[{"href":"https:\/\/fitnsweet.eu\/et\/wp-json\/wp\/v2\/product\/44442","targetHints":{"allow":["GET"]}}],"collection":[{"href":"https:\/\/fitnsweet.eu\/et\/wp-json\/wp\/v2\/product"}],"about":[{"href":"https:\/\/fitnsweet.eu\/et\/wp-json\/wp\/v2\/types\/product"}],"replies":[{"embeddable":true,"href":"https:\/\/fitnsweet.eu\/et\/wp-json\/wp\/v2\/comments?post=44442"}],"version-history":[{"count":3,"href":"https:\/\/fitnsweet.eu\/et\/wp-json\/wp\/v2\/product\/44442\/revisions"}],"predecessor-version":[{"id":44590,"href":"https:\/\/fitnsweet.eu\/et\/wp-json\/wp\/v2\/product\/44442\/revisions\/44590"}],"wp:featuredmedia":[{"embeddable":true,"href":"https:\/\/fitnsweet.eu\/et\/wp-json\/wp\/v2\/media\/44443"}],"wp:attachment":[{"href":"https:\/\/fitnsweet.eu\/et\/wp-json\/wp\/v2\/media?parent=44442"}],"wp:term":[{"taxonomy":"product_brand","embeddable":true,"href":"https:\/\/fitnsweet.eu\/et\/wp-json\/wp\/v2\/product_brand?post=44442"},{"taxonomy":"product_cat","embeddable":true,"href":"https:\/\/fitnsweet.eu\/et\/wp-json\/wp\/v2\/product_cat?post=44442"},{"taxonomy":"product_tag","embeddable":true,"href":"https:\/\/fitnsweet.eu\/et\/wp-json\/wp\/v2\/product_tag?post=44442"}],"curies":[{"name":"wp","href":"https:\/\/api.w.org\/{rel}","templated":true}]}}