{"id":54409,"date":"2025-04-22T17:43:31","date_gmt":"2025-04-22T14:43:31","guid":{"rendered":"https:\/\/fitnsweet.eu\/?post_type=product&#038;p=54409"},"modified":"2025-11-05T13:19:55","modified_gmt":"2025-11-05T11:19:55","slug":"funkcine-arbata-lieknejimui-lengvas-siluetas","status":"publish","type":"product","link":"https:\/\/fitnsweet.eu\/et\/toode-2\/funkcine-arbata-lieknejimui-lengvas-siluetas\/","title":{"rendered":"Funkcin\u0117 arbata liekn\u0117jimui &#8222;LENGVAS SILUETAS&#8221;"},"content":{"rendered":"<div>\n<div class=\"summary__title\">\n<h6 class=\"h4 accordion__title inline-richtext\"><span style=\"color: #000000;\">Tarbimine:<\/span><\/h6>\n<\/div>\n<\/div>\n<div id=\"ProductAccordion-collapsible_tab_WBFeP9-template--18610753437936__main\" class=\"accordion__content rte\">\n<p><span style=\"color: #000000;\">Rekomenduojama vartoti 1 kart\u0105 dienoje. Galima vartoti ir \u0161alt\u0105, prid\u0117jus leduk\u0173. Nevir\u0161yti nustatytos rekomenduojamos doz\u0117s.<\/span><\/p>\n<div>\n<div class=\"summary__title\">\n<h6 class=\"h4 accordion__title inline-richtext\"><span style=\"color: #000000;\">Maistin\u0117 Vert\u0117:<\/span><\/h6>\n<\/div>\n<\/div>\n<div id=\"ProductAccordion-collapsible_tab_CWAEz8-template--18610753437936__main\" class=\"accordion__content rte\">\n<p><span style=\"color: #000000;\">Avie\u010di\u0173 lapai, Ramun\u0117li\u0173 \u017eiedai, Pipirm\u0117t\u0117s lapai, \u017dalioji arbata, Gudobel\u0117s, Guaranos milteliai.<\/span><br \/>\n<span style=\"color: #000000;\">Vienoje funkcin\u0117s arbatos porcijoje (3.25g) yra apie 6,6 kcal.<\/span><\/p>\n<div>\n<div class=\"summary__title\">\n<h6 class=\"h4 accordion__title inline-richtext\"><span style=\"color: #000000;\">Paruo\u0161imas:<\/span><\/h6>\n<\/div>\n<\/div>\n<div id=\"ProductAccordion-collapsible_tab_ydkKah-template--18610753437936__main\" class=\"accordion__content rte\">\n<p><span style=\"color: #000000;\"><strong>1. \u012ed\u0117kite arbat\u017eoli\u0173 &#8211;\u00a0<\/strong>\u012e puodel\u012f \u012fd\u0117kite 2 pilnus arbatinius \u0161auk\u0161telius (~3g) Hora Funkcin\u0117s Arbatos arbat\u017eoli\u0173.<\/span><\/p>\n<p><span style=\"color: #000000;\"><strong>2. U\u017epilkite ir palaikykite &#8211;\u00a0<\/strong>U\u017epilkite arbat\u017eoles kar\u0161tu (ne verdan\u010diu) vandeniu. Arbat\u0105 plikyti 3-5 minutes.<\/span><\/p>\n<p><span style=\"color: #000000;\"><strong>3. Megaukit\u0117s arbata &#8211;<\/strong>I\u0161imkite arbat\u017eoles ir m\u0117gaukit\u0117s skania, \u0161ilta bei sveikat\u0105 gerinan\u010dia arbata.<\/span><\/p>\n<h6 class=\"image-with-text__heading h1 rte\"><span style=\"color: #000000;\">Skatina med\u017eiag\u0173 apykait\u0105<\/span><\/h6>\n<div class=\"image-with-text__text rte body\">\n<p><span style=\"color: #000000;\">Guarana, avie\u010di\u0173 lapai ir \u017ealioji arbata stiprina med\u017eiag\u0173 apykait\u0105 ir padeda efektyviau deginti kalorijas, palaikydami energijos lyg\u012f.<\/span><\/p>\n<h5 class=\"image-with-text__heading h1 rte\"><span style=\"color: #000000;\">Suteikia lengvumo jausm\u0105<\/span><\/h5>\n<div class=\"image-with-text__text rte body\">\n<p><span style=\"color: #000000;\">Guaranos, gudobeli\u0173 ir pipirm\u0117\u010di\u0173 derinys palaiko lengvumo jausm\u0105 ir energij\u0105 vis\u0105 dien\u0105, suteikdamas gyvybingumo ir lengvumo jausma.<\/span><\/p>\n<h5 class=\"image-with-text__heading h1 rte\"><span style=\"color: #000000;\">Ramina nerv\u0173 sistem\u0105<\/span><\/h5>\n<div class=\"image-with-text__text rte body\">\n<p><span style=\"color: #000000;\">Guaranos ekstraktas, kartu su ramun\u0117li\u0173 \u017eiedais ir pipirm\u0117\u010di\u0173 lapais, atpalaiduoja nervus ir ma\u017eina stres\u0105, padedant susikaupti ir atsipalaiduoti.<\/span><\/p>\n<p><span style=\"color: #000000;\">LENGVAS SILUETAS arbata skatina med\u017eiag\u0173 apykait\u0105 ir padeda nat\u016braliai i\u0161valyti organizm\u0105. Jos sud\u0117tyje yra guarana, \u017ealioji arbata, ramun\u0117li\u0173 \u017eiedai, pipirm\u0117t\u0117s ir avie\u010di\u0173 lapai, kurie veikia kaip lengvas energijos \u0161altinis, kartu padedant organizmui efektyviau vir\u0161kinti ir deginti riebalus.<\/span><\/p>\n<div>\n<h3 class=\"accordion__title inline-richtext h4\"><span style=\"color: #000000;\">Ar galima LENGVAS SILUETAS arbat\u0105 gerti \u0161alt\u0105?<\/span><\/h3>\n<\/div>\n<div id=\"CollapsibleAccordion-collapsible_row_mzWEfE-template--18610753437936__collapsible_content_cbhEa6\" class=\"accordion__content rte\" role=\"region\" aria-labelledby=\"Summary-collapsible_row_mzWEfE-template--18610753437936__collapsible_content_cbhEa6\">\n<p><span style=\"color: #000000;\">\u017dinoma! \u201eLENGVAS SILUETAS\u201c arbata puikiai tinka ir \u0161alta. Pasidarykite arbat\u0105 i\u0161 anksto, \u012fsipilkite \u012f gertuv\u0119 ir m\u0117gaukit\u0117s vis\u0105 dien\u0105 \u2013 tai ne tik sveika, bet ir labai gaivu!<\/span><\/p>\n<div>\n<h3 class=\"accordion__title inline-richtext h4\"><span style=\"color: #000000;\">Kada geriausia gerti LENGVAS SILUETAS arbat\u0105?<\/span><\/h3>\n<\/div>\n<div id=\"CollapsibleAccordion-collapsible_row_3wFHGB-template--18610753437936__collapsible_content_cbhEa6\" class=\"accordion__content rte\" role=\"region\" aria-labelledby=\"Summary-collapsible_row_3wFHGB-template--18610753437936__collapsible_content_cbhEa6\">\n<p><span style=\"color: #000000;\">Geriausia \u0161i\u0105 arbat\u0105 gerti ryte ar dienos metu, kai norite paskatinti med\u017eiag\u0173 apykait\u0105 ir pad\u0117ti savo organizmui nat\u016braliai deginti kalorijas.<\/span><\/p>\n<div>\n<h3 class=\"accordion__title inline-richtext h4\"><span style=\"color: #000000;\">Ar LENGVAS SILUETAS arbata padeda detoksikuoti organizm\u0105?<\/span><\/h3>\n<\/div>\n<div id=\"CollapsibleAccordion-collapsible_row_pYANUg-template--18610753437936__collapsible_content_cbhEa6\" class=\"accordion__content rte\" role=\"region\" aria-labelledby=\"Summary-collapsible_row_pYANUg-template--18610753437936__collapsible_content_cbhEa6\">\n<p><span style=\"color: #000000;\">Taip, LENGVAS SILUETAS arbata turi nat\u016bralias detoksikacines savybes. Ji padeda pa\u0161alinti toksinus i\u0161 organizmo, pagerinti vir\u0161kinim\u0105 ir skatinti svorio ma\u017e\u0117jim\u0105. Be to, ji suteikia lengvumo jausm\u0105.<\/span><\/p>\n<\/div>\n<\/div>\n<\/div>\n<\/div>\n<\/div>\n<\/div>\n<\/div>\n<\/div>\n<\/div>","protected":false},"excerpt":{"rendered":"<p style=\"text-align: center;\"><span style=\"color: #000000;\"><strong>NAUJIENA M\u016aS\u0172 GAMINI\u0172 ASPRTIMENTE! VISI\u0160KAI NAUJO TIPO PRODUKTAS! VISI\u0160KAI NAT\u016aRALUS B\u016aDAS PAGREITINTI MED\u017dIAG\u0172 APYKAIT\u0104! \u0160IO GAMINIO PRISTATYMAS VOS PER 3-4 D.D.\u00a0<\/strong><\/span><\/p>\n<p><span style=\"color: #000000;\">Po beveik devyneri\u0173 met\u0173 m\u016bs\u0173 gamini\u0173 asortiment\u0105 papild\u0117 visi\u0161kai &#8211; 100% nat\u016bral\u016bs produktai! Toki\u0173 visi\u0161kai nat\u016brali\u0173 produkt\u0173 klaus\u0117te jau eil\u0119 met\u0173 ir \u0161tai su d\u017eiaugsmu pristatome &#8211; FUNKCIN\u0116 ARBATA LIEKN\u0116JIMUI! Tai visi\u0161kai nat\u016blaus b\u016bdas pagreitinti med\u017eiag\u0173 apykait\u0105 ir nat\u016braliai skatinti riebal\u0173 deginim\u0105, suteikti papildomos energijos dienos eigoje.\u00a0<\/span><\/p>\n<p><span style=\"color: #000000;\"><strong>Kruop\u0161\u010diai atrinkt\u0173 \u017eoleli\u0173 mi\u0161inys palaiko vir\u0161kinim\u0105 ir bendr\u0105 savijaut\u0105, padeda deginti riebalus.<\/strong> Guaranos milteliai suteikia nat\u016bralios energijos ir padidina med\u017eiag\u0173 apykait\u0105 bei metabolizm\u0105, kas taip pat prisideda prie kalorij\u0173 deginimo.<\/span><\/p>\n<p><span style=\"color: #000000;\">Grynasis kiekis &#8211; 90 g. Pakuot\u0117s u\u017eteks vidutini\u0161kai vieno m\u0117nesio laikotarpiui.\u00a0<\/span><br \/>\n<span style=\"color: #000000;\">Produktas sukurtas ir pagamintas Lietuvoje.\u00a0<\/span><\/p>\n<p><span style=\"color: #000000;\">Jei norite jaustis lengvai ir energingai naudojant visi\u0161kai nat\u016bral\u0173 produkt\u0105, \u0161i arbata yra puikus pasirinkimas. Su guarana ir nat\u016braliais \u017eoleli\u0173 ekstraktais &#8222;Lengvas Siluetas&#8221; padeda efektyviai detoksikuoti organizm\u0105 ir skatinti med\u017eiag\u0173 apykait\u0105. \u012esipilkite j\u0105 \u012f gertuv\u0119 ir m\u0117gaukit\u0117s gaiviu skoniu bei nauda kiekvien\u0105 dien\u0105. Tai J\u016bs\u0173 ideali kasdien\u0117 rutina siekiant lengvumo ir energijos!<\/span><\/p>","protected":false},"featured_media":54411,"comment_status":"open","ping_status":"closed","template":"","meta":{"site-sidebar-layout":"default","site-content-layout":"","ast-site-content-layout":"default","site-content-style":"default","site-sidebar-style":"default","ast-global-header-display":"","ast-banner-title-visibility":"","ast-main-header-display":"","ast-hfb-above-header-display":"","ast-hfb-below-header-display":"","ast-hfb-mobile-header-display":"","site-post-title":"","ast-breadcrumbs-content":"","ast-featured-img":"","footer-sml-layout":"","ast-disable-related-posts":"","theme-transparent-header-meta":"default","adv-header-id-meta":"","stick-header-meta":"","header-above-stick-meta":"","header-main-stick-meta":"","header-below-stick-meta":"","astra-migrate-meta-layouts":"set","ast-page-background-enabled":"default","ast-page-background-meta":{"desktop":{"background-color":"var(--ast-global-color-4)","background-image":"","background-repeat":"repeat","background-position":"center center","background-size":"auto","background-attachment":"scroll","background-type":"","background-media":"","overlay-type":"","overlay-color":"","overlay-opacity":"","overlay-gradient":""},"tablet":{"background-color":"","background-image":"","background-repeat":"repeat","background-position":"center center","background-size":"auto","background-attachment":"scroll","background-type":"","background-media":"","overlay-type":"","overlay-color":"","overlay-opacity":"","overlay-gradient":""},"mobile":{"background-color":"","background-image":"","background-repeat":"repeat","background-position":"center center","background-size":"auto","background-attachment":"scroll","background-type":"","background-media":"","overlay-type":"","overlay-color":"","overlay-opacity":"","overlay-gradient":""}},"ast-content-background-meta":{"desktop":{"background-color":"var(--ast-global-color-5)","background-image":"","background-repeat":"repeat","background-position":"center center","background-size":"auto","background-attachment":"scroll","background-type":"","background-media":"","overlay-type":"","overlay-color":"","overlay-opacity":"","overlay-gradient":""},"tablet":{"background-color":"var(--ast-global-color-5)","background-image":"","background-repeat":"repeat","background-position":"center center","background-size":"auto","background-attachment":"scroll","background-type":"","background-media":"","overlay-type":"","overlay-color":"","overlay-opacity":"","overlay-gradient":""},"mobile":{"background-color":"var(--ast-global-color-5)","background-image":"","background-repeat":"repeat","background-position":"center center","background-size":"auto","background-attachment":"scroll","background-type":"","background-media":"","overlay-type":"","overlay-color":"","overlay-opacity":"","overlay-gradient":""}}},"product_brand":[],"product_cat":[396,395,387,368,322],"product_tag":[],"class_list":{"0":"post-54409","1":"product","2":"type-product","3":"status-publish","4":"has-post-thumbnail","6":"product_cat-lieknejimui","7":"product_cat-veganiska-be-laktozes","8":"product_cat-visi-produktai","9":"product_cat-naujienos-2","10":"product_cat-naujienos-2025","11":"desktop-align-left","12":"tablet-align-left","13":"mobile-align-left","15":"first","16":"instock","17":"featured","18":"taxable","19":"shipping-taxable","20":"purchasable","21":"product-type-simple"},"yoast_head":"<!-- This site is optimized with the Yoast SEO plugin v26.9 - https:\/\/yoast.com\/product\/yoast-seo-wordpress\/ -->\n<title>Funkcin\u0117 arbata liekn\u0117jimui &quot;LENGVAS SILUETAS&quot; - Fitnsweet.eu<\/title>\n<meta name=\"robots\" content=\"index, follow, max-snippet:-1, max-image-preview:large, max-video-preview:-1\" \/>\n<link rel=\"canonical\" href=\"https:\/\/fitnsweet.eu\/et\/toode-2\/funkcine-arbata-lieknejimui-lengvas-siluetas\/\" \/>\n<meta property=\"og:locale\" content=\"et_EE\" \/>\n<meta property=\"og:type\" content=\"article\" \/>\n<meta property=\"og:title\" content=\"Funkcin\u0117 arbata liekn\u0117jimui &quot;LENGVAS SILUETAS&quot; - Fitnsweet.eu\" \/>\n<meta property=\"og:description\" content=\"NAUJIENA M\u016aS\u0172 GAMINI\u0172 ASPRTIMENTE! VISI\u0160KAI NAUJO TIPO PRODUKTAS! VISI\u0160KAI NAT\u016aRALUS B\u016aDAS PAGREITINTI MED\u017dIAG\u0172 APYKAIT\u0104! \u0160IO GAMINIO PRISTATYMAS VOS PER 3-4 D.D.\u00a0 Po beveik devyneri\u0173 met\u0173 m\u016bs\u0173 gamini\u0173 asortiment\u0105 papild\u0117 visi\u0161kai - 100% nat\u016bral\u016bs produktai! Toki\u0173 visi\u0161kai nat\u016brali\u0173 produkt\u0173 klaus\u0117te jau eil\u0119 met\u0173 ir \u0161tai su d\u017eiaugsmu pristatome - FUNKCIN\u0116 ARBATA LIEKN\u0116JIMUI! Tai visi\u0161kai nat\u016blaus b\u016bdas pagreitinti med\u017eiag\u0173 apykait\u0105 ir nat\u016braliai skatinti riebal\u0173 deginim\u0105, suteikti papildomos energijos dienos eigoje.\u00a0  Kruop\u0161\u010diai atrinkt\u0173 \u017eoleli\u0173 mi\u0161inys palaiko vir\u0161kinim\u0105 ir bendr\u0105 savijaut\u0105, padeda deginti riebalus. Guaranos milteliai suteikia nat\u016bralios energijos ir padidina med\u017eiag\u0173 apykait\u0105 bei metabolizm\u0105, kas taip pat prisideda prie kalorij\u0173 deginimo.  Grynasis kiekis - 90 g. Pakuot\u0117s u\u017eteks vidutini\u0161kai vieno m\u0117nesio laikotarpiui.\u00a0 Produktas sukurtas ir pagamintas Lietuvoje.\u00a0  Jei norite jaustis lengvai ir energingai naudojant visi\u0161kai nat\u016bral\u0173 produkt\u0105, \u0161i arbata yra puikus pasirinkimas. Su guarana ir nat\u016braliais \u017eoleli\u0173 ekstraktais &quot;Lengvas Siluetas&quot; padeda efektyviai detoksikuoti organizm\u0105 ir skatinti med\u017eiag\u0173 apykait\u0105. \u012esipilkite j\u0105 \u012f gertuv\u0119 ir m\u0117gaukit\u0117s gaiviu skoniu bei nauda kiekvien\u0105 dien\u0105. Tai J\u016bs\u0173 ideali kasdien\u0117 rutina siekiant lengvumo ir energijos!\" \/>\n<meta property=\"og:url\" content=\"https:\/\/fitnsweet.eu\/et\/toode-2\/funkcine-arbata-lieknejimui-lengvas-siluetas\/\" \/>\n<meta property=\"og:site_name\" content=\"Fitnsweet.eu\" \/>\n<meta property=\"article:modified_time\" content=\"2025-11-05T11:19:55+00:00\" \/>\n<meta property=\"og:image\" content=\"https:\/\/fitnsweet.eu\/wp-content\/uploads\/2025\/04\/LK1-1.png\" \/>\n\t<meta property=\"og:image:width\" content=\"990\" \/>\n\t<meta property=\"og:image:height\" content=\"990\" \/>\n\t<meta property=\"og:image:type\" content=\"image\/png\" \/>\n<meta name=\"twitter:card\" content=\"summary_large_image\" \/>\n<meta name=\"twitter:label1\" content=\"Est. reading time\" \/>\n\t<meta name=\"twitter:data1\" content=\"2 minutit\" \/>\n<script type=\"application\/ld+json\" class=\"yoast-schema-graph\">{\"@context\":\"https:\/\/schema.org\",\"@graph\":[{\"@type\":\"WebPage\",\"@id\":\"https:\/\/fitnsweet.eu\/produktas\/funkcine-arbata-lieknejimui-lengvas-siluetas\/\",\"url\":\"https:\/\/fitnsweet.eu\/produktas\/funkcine-arbata-lieknejimui-lengvas-siluetas\/\",\"name\":\"Funkcin\u0117 arbata liekn\u0117jimui \\\"LENGVAS SILUETAS\\\" - Fitnsweet.eu\",\"isPartOf\":{\"@id\":\"https:\/\/fitnsweet.eu\/#website\"},\"primaryImageOfPage\":{\"@id\":\"https:\/\/fitnsweet.eu\/produktas\/funkcine-arbata-lieknejimui-lengvas-siluetas\/#primaryimage\"},\"image\":{\"@id\":\"https:\/\/fitnsweet.eu\/produktas\/funkcine-arbata-lieknejimui-lengvas-siluetas\/#primaryimage\"},\"thumbnailUrl\":\"https:\/\/fitnsweet.eu\/wp-content\/uploads\/2025\/04\/LK1-1.png\",\"datePublished\":\"2025-04-22T14:43:31+00:00\",\"dateModified\":\"2025-11-05T11:19:55+00:00\",\"breadcrumb\":{\"@id\":\"https:\/\/fitnsweet.eu\/produktas\/funkcine-arbata-lieknejimui-lengvas-siluetas\/#breadcrumb\"},\"inLanguage\":\"et\",\"potentialAction\":[{\"@type\":\"ReadAction\",\"target\":[\"https:\/\/fitnsweet.eu\/produktas\/funkcine-arbata-lieknejimui-lengvas-siluetas\/\"]}]},{\"@type\":\"ImageObject\",\"inLanguage\":\"et\",\"@id\":\"https:\/\/fitnsweet.eu\/produktas\/funkcine-arbata-lieknejimui-lengvas-siluetas\/#primaryimage\",\"url\":\"https:\/\/fitnsweet.eu\/wp-content\/uploads\/2025\/04\/LK1-1.png\",\"contentUrl\":\"https:\/\/fitnsweet.eu\/wp-content\/uploads\/2025\/04\/LK1-1.png\",\"width\":990,\"height\":990},{\"@type\":\"BreadcrumbList\",\"@id\":\"https:\/\/fitnsweet.eu\/produktas\/funkcine-arbata-lieknejimui-lengvas-siluetas\/#breadcrumb\",\"itemListElement\":[{\"@type\":\"ListItem\",\"position\":1,\"name\":\"Home\",\"item\":\"https:\/\/fitnsweet.eu\/\"},{\"@type\":\"ListItem\",\"position\":2,\"name\":\"Produktai\",\"item\":\"https:\/\/fitnsweet.eu\/parduotuve\/\"},{\"@type\":\"ListItem\",\"position\":3,\"name\":\"Funkcin\u0117 arbata liekn\u0117jimui &#8222;LENGVAS SILUETAS&#8221;\"}]},{\"@type\":\"WebSite\",\"@id\":\"https:\/\/fitnsweet.eu\/#website\",\"url\":\"https:\/\/fitnsweet.eu\/\",\"name\":\"Fitnsweet.eu\",\"description\":\"Sveika. Saldu. Naudinga.\",\"potentialAction\":[{\"@type\":\"SearchAction\",\"target\":{\"@type\":\"EntryPoint\",\"urlTemplate\":\"https:\/\/fitnsweet.eu\/?s={search_term_string}\"},\"query-input\":{\"@type\":\"PropertyValueSpecification\",\"valueRequired\":true,\"valueName\":\"search_term_string\"}}],\"inLanguage\":\"et\"}]}<\/script>\n<!-- \/ Yoast SEO plugin. -->","yoast_head_json":{"title":"Funkcin\u0117 arbata liekn\u0117jimui \"LENGVAS SILUETAS\" - Fitnsweet.eu","robots":{"index":"index","follow":"follow","max-snippet":"max-snippet:-1","max-image-preview":"max-image-preview:large","max-video-preview":"max-video-preview:-1"},"canonical":"https:\/\/fitnsweet.eu\/et\/toode-2\/funkcine-arbata-lieknejimui-lengvas-siluetas\/","og_locale":"et_EE","og_type":"article","og_title":"Funkcin\u0117 arbata liekn\u0117jimui \"LENGVAS SILUETAS\" - Fitnsweet.eu","og_description":"NAUJIENA M\u016aS\u0172 GAMINI\u0172 ASPRTIMENTE! VISI\u0160KAI NAUJO TIPO PRODUKTAS! VISI\u0160KAI NAT\u016aRALUS B\u016aDAS PAGREITINTI MED\u017dIAG\u0172 APYKAIT\u0104! \u0160IO GAMINIO PRISTATYMAS VOS PER 3-4 D.D.\u00a0 Po beveik devyneri\u0173 met\u0173 m\u016bs\u0173 gamini\u0173 asortiment\u0105 papild\u0117 visi\u0161kai - 100% nat\u016bral\u016bs produktai! Toki\u0173 visi\u0161kai nat\u016brali\u0173 produkt\u0173 klaus\u0117te jau eil\u0119 met\u0173 ir \u0161tai su d\u017eiaugsmu pristatome - FUNKCIN\u0116 ARBATA LIEKN\u0116JIMUI! Tai visi\u0161kai nat\u016blaus b\u016bdas pagreitinti med\u017eiag\u0173 apykait\u0105 ir nat\u016braliai skatinti riebal\u0173 deginim\u0105, suteikti papildomos energijos dienos eigoje.\u00a0  Kruop\u0161\u010diai atrinkt\u0173 \u017eoleli\u0173 mi\u0161inys palaiko vir\u0161kinim\u0105 ir bendr\u0105 savijaut\u0105, padeda deginti riebalus. Guaranos milteliai suteikia nat\u016bralios energijos ir padidina med\u017eiag\u0173 apykait\u0105 bei metabolizm\u0105, kas taip pat prisideda prie kalorij\u0173 deginimo.  Grynasis kiekis - 90 g. Pakuot\u0117s u\u017eteks vidutini\u0161kai vieno m\u0117nesio laikotarpiui.\u00a0 Produktas sukurtas ir pagamintas Lietuvoje.\u00a0  Jei norite jaustis lengvai ir energingai naudojant visi\u0161kai nat\u016bral\u0173 produkt\u0105, \u0161i arbata yra puikus pasirinkimas. Su guarana ir nat\u016braliais \u017eoleli\u0173 ekstraktais \"Lengvas Siluetas\" padeda efektyviai detoksikuoti organizm\u0105 ir skatinti med\u017eiag\u0173 apykait\u0105. \u012esipilkite j\u0105 \u012f gertuv\u0119 ir m\u0117gaukit\u0117s gaiviu skoniu bei nauda kiekvien\u0105 dien\u0105. Tai J\u016bs\u0173 ideali kasdien\u0117 rutina siekiant lengvumo ir energijos!","og_url":"https:\/\/fitnsweet.eu\/et\/toode-2\/funkcine-arbata-lieknejimui-lengvas-siluetas\/","og_site_name":"Fitnsweet.eu","article_modified_time":"2025-11-05T11:19:55+00:00","og_image":[{"width":990,"height":990,"url":"https:\/\/fitnsweet.eu\/wp-content\/uploads\/2025\/04\/LK1-1.png","type":"image\/png"}],"twitter_card":"summary_large_image","twitter_misc":{"Est. reading time":"2 minutit"},"schema":{"@context":"https:\/\/schema.org","@graph":[{"@type":"WebPage","@id":"https:\/\/fitnsweet.eu\/produktas\/funkcine-arbata-lieknejimui-lengvas-siluetas\/","url":"https:\/\/fitnsweet.eu\/produktas\/funkcine-arbata-lieknejimui-lengvas-siluetas\/","name":"Funkcin\u0117 arbata liekn\u0117jimui \"LENGVAS SILUETAS\" - Fitnsweet.eu","isPartOf":{"@id":"https:\/\/fitnsweet.eu\/#website"},"primaryImageOfPage":{"@id":"https:\/\/fitnsweet.eu\/produktas\/funkcine-arbata-lieknejimui-lengvas-siluetas\/#primaryimage"},"image":{"@id":"https:\/\/fitnsweet.eu\/produktas\/funkcine-arbata-lieknejimui-lengvas-siluetas\/#primaryimage"},"thumbnailUrl":"https:\/\/fitnsweet.eu\/wp-content\/uploads\/2025\/04\/LK1-1.png","datePublished":"2025-04-22T14:43:31+00:00","dateModified":"2025-11-05T11:19:55+00:00","breadcrumb":{"@id":"https:\/\/fitnsweet.eu\/produktas\/funkcine-arbata-lieknejimui-lengvas-siluetas\/#breadcrumb"},"inLanguage":"et","potentialAction":[{"@type":"ReadAction","target":["https:\/\/fitnsweet.eu\/produktas\/funkcine-arbata-lieknejimui-lengvas-siluetas\/"]}]},{"@type":"ImageObject","inLanguage":"et","@id":"https:\/\/fitnsweet.eu\/produktas\/funkcine-arbata-lieknejimui-lengvas-siluetas\/#primaryimage","url":"https:\/\/fitnsweet.eu\/wp-content\/uploads\/2025\/04\/LK1-1.png","contentUrl":"https:\/\/fitnsweet.eu\/wp-content\/uploads\/2025\/04\/LK1-1.png","width":990,"height":990},{"@type":"BreadcrumbList","@id":"https:\/\/fitnsweet.eu\/produktas\/funkcine-arbata-lieknejimui-lengvas-siluetas\/#breadcrumb","itemListElement":[{"@type":"ListItem","position":1,"name":"Home","item":"https:\/\/fitnsweet.eu\/"},{"@type":"ListItem","position":2,"name":"Produktai","item":"https:\/\/fitnsweet.eu\/parduotuve\/"},{"@type":"ListItem","position":3,"name":"Funkcin\u0117 arbata liekn\u0117jimui &#8222;LENGVAS SILUETAS&#8221;"}]},{"@type":"WebSite","@id":"https:\/\/fitnsweet.eu\/#website","url":"https:\/\/fitnsweet.eu\/","name":"Fitnsweet.eu","description":"Tere. Armas. Kasulik.","potentialAction":[{"@type":"SearchAction","target":{"@type":"EntryPoint","urlTemplate":"https:\/\/fitnsweet.eu\/?s={search_term_string}"},"query-input":{"@type":"PropertyValueSpecification","valueRequired":true,"valueName":"search_term_string"}}],"inLanguage":"et"}]}},"_links":{"self":[{"href":"https:\/\/fitnsweet.eu\/et\/wp-json\/wp\/v2\/product\/54409","targetHints":{"allow":["GET"]}}],"collection":[{"href":"https:\/\/fitnsweet.eu\/et\/wp-json\/wp\/v2\/product"}],"about":[{"href":"https:\/\/fitnsweet.eu\/et\/wp-json\/wp\/v2\/types\/product"}],"replies":[{"embeddable":true,"href":"https:\/\/fitnsweet.eu\/et\/wp-json\/wp\/v2\/comments?post=54409"}],"version-history":[{"count":2,"href":"https:\/\/fitnsweet.eu\/et\/wp-json\/wp\/v2\/product\/54409\/revisions"}],"predecessor-version":[{"id":57272,"href":"https:\/\/fitnsweet.eu\/et\/wp-json\/wp\/v2\/product\/54409\/revisions\/57272"}],"wp:featuredmedia":[{"embeddable":true,"href":"https:\/\/fitnsweet.eu\/et\/wp-json\/wp\/v2\/media\/54411"}],"wp:attachment":[{"href":"https:\/\/fitnsweet.eu\/et\/wp-json\/wp\/v2\/media?parent=54409"}],"wp:term":[{"taxonomy":"product_brand","embeddable":true,"href":"https:\/\/fitnsweet.eu\/et\/wp-json\/wp\/v2\/product_brand?post=54409"},{"taxonomy":"product_cat","embeddable":true,"href":"https:\/\/fitnsweet.eu\/et\/wp-json\/wp\/v2\/product_cat?post=54409"},{"taxonomy":"product_tag","embeddable":true,"href":"https:\/\/fitnsweet.eu\/et\/wp-json\/wp\/v2\/product_tag?post=54409"}],"curies":[{"name":"wp","href":"https:\/\/api.w.org\/{rel}","templated":true}]}}