{"id":55159,"date":"2025-05-21T13:08:04","date_gmt":"2025-05-21T10:08:04","guid":{"rendered":"https:\/\/fitnsweet.eu\/?post_type=product&#038;p=55159"},"modified":"2025-06-03T20:32:18","modified_gmt":"2025-06-03T17:32:18","slug":"oligo-elite-n30-maisto-papildas-antioksidantu-kompleksas","status":"publish","type":"product","link":"https:\/\/fitnsweet.eu\/et\/toode-2\/oligo-elite-n30-maisto-papildas-antioksidantu-kompleksas\/","title":{"rendered":"OLIGO-ELITE\u00ae N30 maisto papildas antioksidant\u0173 kompleksas"},"content":{"rendered":"<p><span class=\"x1xsqp64 xiy17q3 x1o6pynw x19co3pv xdj266r xcwd3tp xat24cr x39eecv x2b8uid\" data-testid=\"emoji\"><span class=\"xexx8yu xn5pp95 x18d9i69 x2fxd7x x3jgonx x1bhl96m\">\u00a0<\/span><\/span><span style=\"color: #000000;\">Li\u010di\u0173 (<em>Litchi chinensis<\/em>) vaisiai vertinami d\u0117l savo skonio ir maistin\u0117s vert\u0117s \u2013 juose gausu vitamin\u0173 C ir B, mineral\u0173 (kalcio, fosforo, kalio, vario), \u017earnynui reikaling\u0173 maistini\u0173 skaidul\u0173 ir galing\u0173 antioksidant\u0173 (polifenoli\u0173, flavonoid\u0173, fenoli\u0173).<\/span><\/p>\n<p><span style=\"color: #000000;\">\u017daliosios arbatos (<em>Camellia sinensis<\/em>) lap\u0173 ekstraktas padeda kontroliuoti riebal\u0173 apykait\u0105 ir padidinti energijos s\u0105naudas, turi stimuliuojan\u010di\u0173 ir tonizuojan\u010di\u0173 savybi\u0173, kurios prisideda prie organizmo atsparumo esant psichiniam ir fiziniam nuovargiui, padeda apsaugoti smegen\u0173 l\u0105steles nuo oksidacin\u0117s pa\u017eaidos.<\/span><\/p>\n<p><span style=\"color: #000000;\"><strong>OKSIDACINIO STRESO MA\u017dINIMAS\u00a0<\/strong><\/span><br \/>\n<span style=\"color: #000000;\">Aplinkos tar\u0161a, greitas gyvenimo tempas, nuolatinis stresas, ma\u017eas fizinis aktyvumas ar netinkami mitybos \u012fpro\u010diai organizme skatina laisv\u0173j\u0173 radikal\u0173 susidarym\u0105, kuri\u0173 perteklius gali sukelti ne tik gyvybingumo praradim\u0105, bet ir daugyb\u0119 lig\u0173, toki\u0173 kaip ateroskleroz\u0117, v\u0117\u017eys ar demencija. \u017daliosios arbatos ekstrakte esantis fenolis EGCG pasi\u017eymi stipriomis antioksidantin\u0117mis ir prie\u0161v\u0117\u017ein\u0117mis savyb\u0117mis.\u00a0<\/span><\/p>\n<p><span style=\"color: #000000;\"><strong>SVORIO KONTROL\u0116<\/strong><\/span><br \/>\n<span style=\"color: #000000;\">\u0160iuolaikin\u0117s civilizacijos problema &#8211; antsvoris &#8211; gali peraugti \u012f nutukim\u0105 ar metabolin\u012f sindrom\u0105 bei tapti daugelio l\u0117tini\u0173 lig\u0173 prie\u017eastimi. Li\u010di\u0173 vaisiuose esantys polifenoliai padeda kontroliuoti riebal\u0173 apykait\u0105 ir kovoti su pilviniu nutukimu.\u00a0<\/span><\/p>\n<p><span style=\"color: #000000;\"><strong>ODOS JAUNYST\u0116S PALAIKYMAS<\/strong><\/span><br \/>\n<span style=\"color: #000000;\">Nors am\u017e\u0117jimas, \u012fskaitant ir odos sen\u0117jim\u0105, yra nat\u016bralus procesas, j\u012f galima s\u0117kmingai sul\u0117tinti. \u010cia did\u017eiul\u012f vaidmen\u012f atlieka antioksidacini\u0173 savybi\u0173 turin\u010dios med\u017eiagos, puosel\u0117jan\u010dios odos sveikat\u0105 ir gro\u017e\u012f i\u0161 vidaus. \u00a0Li\u010di\u0173 vaisi\u0173 ir \u017ealiosios arbatos lap\u0173 ekstraktuose esantys polifenoliai padeda palaikyti sveik\u0105 ir \u0161vytin\u010di\u0105 od\u0105.<\/span><\/p>\n<p><img decoding=\"async\" src=\"https:\/\/cdn.shopify.com\/s\/files\/1\/0651\/6654\/1037\/files\/Oligo-Elite_sudetis_3ef87e0a-f900-4796-9a8a-e69d607dad39.png?v=1732195957\" alt=\"\" \/><\/p>\n<p><span style=\"color: #000000;\"><strong>Sudedamosios dalys:\u00a0<\/strong>mikrokristalin\u0117 celiulioz\u0117, Oligo-Elite\u00ae ekstraktas i\u0161 li\u010di\u0173 (<em>L<\/em>i<em>tchi chinensis<\/em>) vaisi\u0173 ir \u017ealiosios arbatos (<em>Camellia Sinensis<\/em>) lap\u0173, kapsul\u0117s apvalkalas hidroksipropilmetilceliulioz\u0117.<\/span><\/p>\n<p><span style=\"color: #000000;\"><strong>Vartojimas.\u00a0<\/strong>Suaugusiems gerti po 1 kapsul\u0119 vien\u0105 arba du kartus per dien\u0105, u\u017egeriant vandeniu. Nerekomenduojama vartoti n\u0117\u0161tumo ir laktacijos laikotarpiu bei jaunesniems nei 18 met\u0173 asmenims.\u00a0<\/span><\/p>\n<p><span style=\"color: #000000;\">Svarbu \u012fvairi ir subalansuota mityba bei sveikas gyvenimo b\u016bdas.\u00a0<\/span><br \/>\n<span style=\"color: #000000;\">Nevir\u0161yti nustatytos rekomenduojamos doz\u0117s.\u00a0<\/span><br \/>\n<span style=\"color: #000000;\">Maisto papildas neturi b\u016bti vartojamas kaip maisto pakaitalas.\u00a0<\/span><br \/>\n<span style=\"color: #000000;\">Laikyti kambario temperat\u016broje, vaikams nepasiekiamoje vietoje.<\/span><\/p>\n<p><span style=\"color: #000000;\"><strong>P\u00e4ritoluriik:<\/strong>\u00a0Amino Up, Japonija.<\/span><\/p>","protected":false},"excerpt":{"rendered":"<p style=\"text-align: center;\"><span style=\"color: #000000;\"><strong>UUS TOOTEVALIKAS!<\/strong><\/span><\/p>\n<p dir=\"ltr\" style=\"text-align: center;\"><span style=\"color: #000000;\">Kai nori ne tik atrodyti jaunesn\u0117, bet ir jaustis lengvesn\u0117 viduje.<\/span><\/p>\n<p dir=\"ltr\" style=\"text-align: center;\"><span style=\"color: #000000;\">Tavo k\u016bnas kasdien kovoja su laiku, stresu ir aplinkos tar\u0161a.<\/span><br \/>\n<span style=\"color: #000000;\">OLIGO-ELITE\u00ae padeda jam atsikv\u0117pti.<\/span><\/p>\n<p dir=\"ltr\" style=\"text-align: center;\"><span style=\"color: #000000;\">\u0160is pa\u017eangus antioksidant\u0173 kompleksas su licij\u0173 vaisiais ir \u017eali\u0105ja arbata veikia i\u0161 vidaus \u2013 ma\u017eina oksidacin\u012f stres\u0105, palaiko nat\u016bral\u0173 l\u0105steli\u0173 atsinaujinim\u0105 ir gali sul\u0117tinti sen\u0117jimo \u017eymes, kurios da\u017enai prasideda ne ant odos \u2013 o giliau, viduje.<\/span><\/p>\n<p dir=\"ltr\" style=\"text-align: center;\"><span style=\"color: #000000;\">\u00a085 % licij\u0173 ekstraktas + 15 % \u017ealiosios arbatos,<\/span><\/p>\n<p dir=\"ltr\" style=\"text-align: center;\"><span style=\"color: #000000;\">\u00a0Sukurta Japonijoje,<\/span><\/p>\n<p dir=\"ltr\" style=\"text-align: center;\"><span style=\"color: #000000;\">\u00a0Padeda apsaugoti k\u016bno l\u0105steles nuo aplinkos poveikio,<\/span><\/p>\n<p dir=\"ltr\" style=\"text-align: center;\"><span style=\"color: #000000;\">\u00a0Tinka visoms, kurios nori ilgiau i\u0161laikyti savo energij\u0105, odos gyvybingum\u0105 ir vidin\u012f lengvum\u0105,<\/span><\/p>\n<p dir=\"ltr\" style=\"text-align: center;\"><span style=\"color: #000000;\">Nat\u016bralus pasirinkimas tavo ilgaam\u017ei\u0161kumui ir gro\u017eiui.<\/span><\/p>\n<p style=\"text-align: center;\"><span style=\"color: #000000;\">30 augalini\u0173 kapsuli\u0173 po 331 mg<\/span><br \/>\n<strong><span style=\"color: #000000;\">Vienos d\u0117\u017eut\u0117s u\u017etenka 1 m\u0117nesiui<\/span><br \/>\n<span style=\"color: #000000;\">Kilm\u0117s \u0161alis:\u00a0Amino Up, Japonija.<\/span><br \/>\n<\/strong><\/p>","protected":false},"featured_media":55186,"comment_status":"open","ping_status":"closed","template":"","meta":{"site-sidebar-layout":"default","site-content-layout":"","ast-site-content-layout":"default","site-content-style":"default","site-sidebar-style":"default","ast-global-header-display":"","ast-banner-title-visibility":"","ast-main-header-display":"","ast-hfb-above-header-display":"","ast-hfb-below-header-display":"","ast-hfb-mobile-header-display":"","site-post-title":"","ast-breadcrumbs-content":"","ast-featured-img":"","footer-sml-layout":"","ast-disable-related-posts":"","theme-transparent-header-meta":"default","adv-header-id-meta":"","stick-header-meta":"","header-above-stick-meta":"","header-main-stick-meta":"","header-below-stick-meta":"","astra-migrate-meta-layouts":"set","ast-page-background-enabled":"default","ast-page-background-meta":{"desktop":{"background-color":"var(--ast-global-color-4)","background-image":"","background-repeat":"repeat","background-position":"center center","background-size":"auto","background-attachment":"scroll","background-type":"","background-media":"","overlay-type":"","overlay-color":"","overlay-opacity":"","overlay-gradient":""},"tablet":{"background-color":"","background-image":"","background-repeat":"repeat","background-position":"center center","background-size":"auto","background-attachment":"scroll","background-type":"","background-media":"","overlay-type":"","overlay-color":"","overlay-opacity":"","overlay-gradient":""},"mobile":{"background-color":"","background-image":"","background-repeat":"repeat","background-position":"center center","background-size":"auto","background-attachment":"scroll","background-type":"","background-media":"","overlay-type":"","overlay-color":"","overlay-opacity":"","overlay-gradient":""}},"ast-content-background-meta":{"desktop":{"background-color":"var(--ast-global-color-5)","background-image":"","background-repeat":"repeat","background-position":"center center","background-size":"auto","background-attachment":"scroll","background-type":"","background-media":"","overlay-type":"","overlay-color":"","overlay-opacity":"","overlay-gradient":""},"tablet":{"background-color":"var(--ast-global-color-5)","background-image":"","background-repeat":"repeat","background-position":"center center","background-size":"auto","background-attachment":"scroll","background-type":"","background-media":"","overlay-type":"","overlay-color":"","overlay-opacity":"","overlay-gradient":""},"mobile":{"background-color":"var(--ast-global-color-5)","background-image":"","background-repeat":"repeat","background-position":"center center","background-size":"auto","background-attachment":"scroll","background-type":"","background-media":"","overlay-type":"","overlay-color":"","overlay-opacity":"","overlay-gradient":""}}},"product_brand":[],"product_cat":[396,385,387,383,368],"product_tag":[],"class_list":{"0":"post-55159","1":"product","2":"type-product","3":"status-publish","4":"has-post-thumbnail","6":"product_cat-lieknejimui","7":"product_cat-riebalu-deginimui","8":"product_cat-visi-produktai","9":"product_cat-vitaminai","10":"product_cat-naujienos-2","11":"desktop-align-left","12":"tablet-align-left","13":"mobile-align-left","15":"first","16":"instock","17":"taxable","18":"shipping-taxable","19":"purchasable","20":"product-type-simple"},"yoast_head":"<!-- This site is optimized with the Yoast SEO plugin v26.9 - https:\/\/yoast.com\/product\/yoast-seo-wordpress\/ -->\n<title>OLIGO-ELITE\u00ae N30 maisto papildas antioksidant\u0173 kompleksas - Fitnsweet.eu<\/title>\n<meta name=\"robots\" content=\"index, follow, max-snippet:-1, max-image-preview:large, max-video-preview:-1\" \/>\n<link rel=\"canonical\" href=\"https:\/\/fitnsweet.eu\/et\/toode-2\/oligo-elite-n30-maisto-papildas-antioksidantu-kompleksas\/\" \/>\n<meta property=\"og:locale\" content=\"et_EE\" \/>\n<meta property=\"og:type\" content=\"article\" \/>\n<meta property=\"og:title\" content=\"OLIGO-ELITE\u00ae N30 maisto papildas antioksidant\u0173 kompleksas - Fitnsweet.eu\" \/>\n<meta property=\"og:description\" content=\"NAUJIENA GAMINI\u0172 ASORTIMENTE! Kai nori ne tik atrodyti jaunesn\u0117, bet ir jaustis lengvesn\u0117 viduje. Tavo k\u016bnas kasdien kovoja su laiku, stresu ir aplinkos tar\u0161a. OLIGO-ELITE\u00ae padeda jam atsikv\u0117pti. \u0160is pa\u017eangus antioksidant\u0173 kompleksas su licij\u0173 vaisiais ir \u017eali\u0105ja arbata veikia i\u0161 vidaus \u2013 ma\u017eina oksidacin\u012f stres\u0105, palaiko nat\u016bral\u0173 l\u0105steli\u0173 atsinaujinim\u0105 ir gali sul\u0117tinti sen\u0117jimo \u017eymes, kurios da\u017enai prasideda ne ant odos \u2013 o giliau, viduje. \u00a085 % licij\u0173 ekstraktas + 15 % \u017ealiosios arbatos, \u00a0Sukurta Japonijoje, \u00a0Padeda apsaugoti k\u016bno l\u0105steles nuo aplinkos poveikio, \u00a0Tinka visoms, kurios nori ilgiau i\u0161laikyti savo energij\u0105, odos gyvybingum\u0105 ir vidin\u012f lengvum\u0105, Nat\u016bralus pasirinkimas tavo ilgaam\u017ei\u0161kumui ir gro\u017eiui. 30 augalini\u0173 kapsuli\u0173 po 331 mg Vienos d\u0117\u017eut\u0117s u\u017etenka 1 m\u0117nesiui Kilm\u0117s \u0161alis:\u00a0Amino Up, Japonija.\" \/>\n<meta property=\"og:url\" content=\"https:\/\/fitnsweet.eu\/et\/toode-2\/oligo-elite-n30-maisto-papildas-antioksidantu-kompleksas\/\" \/>\n<meta property=\"og:site_name\" content=\"Fitnsweet.eu\" \/>\n<meta property=\"article:modified_time\" content=\"2025-06-03T17:32:18+00:00\" \/>\n<meta property=\"og:image\" content=\"https:\/\/fitnsweet.eu\/wp-content\/uploads\/2025\/05\/3.png\" \/>\n\t<meta property=\"og:image:width\" content=\"1080\" \/>\n\t<meta property=\"og:image:height\" content=\"1080\" \/>\n\t<meta property=\"og:image:type\" content=\"image\/png\" \/>\n<meta name=\"twitter:card\" content=\"summary_large_image\" \/>\n<meta name=\"twitter:label1\" content=\"Est. reading time\" \/>\n\t<meta name=\"twitter:data1\" content=\"2 minutit\" \/>\n<script type=\"application\/ld+json\" class=\"yoast-schema-graph\">{\"@context\":\"https:\/\/schema.org\",\"@graph\":[{\"@type\":\"WebPage\",\"@id\":\"https:\/\/fitnsweet.eu\/produktas\/oligo-elite-n30-maisto-papildas-antioksidantu-kompleksas\/\",\"url\":\"https:\/\/fitnsweet.eu\/produktas\/oligo-elite-n30-maisto-papildas-antioksidantu-kompleksas\/\",\"name\":\"OLIGO-ELITE\u00ae N30 maisto papildas antioksidant\u0173 kompleksas - Fitnsweet.eu\",\"isPartOf\":{\"@id\":\"https:\/\/fitnsweet.eu\/#website\"},\"primaryImageOfPage\":{\"@id\":\"https:\/\/fitnsweet.eu\/produktas\/oligo-elite-n30-maisto-papildas-antioksidantu-kompleksas\/#primaryimage\"},\"image\":{\"@id\":\"https:\/\/fitnsweet.eu\/produktas\/oligo-elite-n30-maisto-papildas-antioksidantu-kompleksas\/#primaryimage\"},\"thumbnailUrl\":\"https:\/\/fitnsweet.eu\/wp-content\/uploads\/2025\/05\/3.png\",\"datePublished\":\"2025-05-21T10:08:04+00:00\",\"dateModified\":\"2025-06-03T17:32:18+00:00\",\"breadcrumb\":{\"@id\":\"https:\/\/fitnsweet.eu\/produktas\/oligo-elite-n30-maisto-papildas-antioksidantu-kompleksas\/#breadcrumb\"},\"inLanguage\":\"et\",\"potentialAction\":[{\"@type\":\"ReadAction\",\"target\":[\"https:\/\/fitnsweet.eu\/produktas\/oligo-elite-n30-maisto-papildas-antioksidantu-kompleksas\/\"]}]},{\"@type\":\"ImageObject\",\"inLanguage\":\"et\",\"@id\":\"https:\/\/fitnsweet.eu\/produktas\/oligo-elite-n30-maisto-papildas-antioksidantu-kompleksas\/#primaryimage\",\"url\":\"https:\/\/fitnsweet.eu\/wp-content\/uploads\/2025\/05\/3.png\",\"contentUrl\":\"https:\/\/fitnsweet.eu\/wp-content\/uploads\/2025\/05\/3.png\",\"width\":1080,\"height\":1080},{\"@type\":\"BreadcrumbList\",\"@id\":\"https:\/\/fitnsweet.eu\/produktas\/oligo-elite-n30-maisto-papildas-antioksidantu-kompleksas\/#breadcrumb\",\"itemListElement\":[{\"@type\":\"ListItem\",\"position\":1,\"name\":\"Home\",\"item\":\"https:\/\/fitnsweet.eu\/\"},{\"@type\":\"ListItem\",\"position\":2,\"name\":\"Produktai\",\"item\":\"https:\/\/fitnsweet.eu\/parduotuve\/\"},{\"@type\":\"ListItem\",\"position\":3,\"name\":\"OLIGO-ELITE\u00ae N30 maisto papildas antioksidant\u0173 kompleksas\"}]},{\"@type\":\"WebSite\",\"@id\":\"https:\/\/fitnsweet.eu\/#website\",\"url\":\"https:\/\/fitnsweet.eu\/\",\"name\":\"Fitnsweet.eu\",\"description\":\"Sveika. Saldu. Naudinga.\",\"potentialAction\":[{\"@type\":\"SearchAction\",\"target\":{\"@type\":\"EntryPoint\",\"urlTemplate\":\"https:\/\/fitnsweet.eu\/?s={search_term_string}\"},\"query-input\":{\"@type\":\"PropertyValueSpecification\",\"valueRequired\":true,\"valueName\":\"search_term_string\"}}],\"inLanguage\":\"et\"}]}<\/script>\n<!-- \/ Yoast SEO plugin. -->","yoast_head_json":{"title":"OLIGO-ELITE\u00ae N30 maisto papildas antioksidant\u0173 kompleksas - Fitnsweet.eu","robots":{"index":"index","follow":"follow","max-snippet":"max-snippet:-1","max-image-preview":"max-image-preview:large","max-video-preview":"max-video-preview:-1"},"canonical":"https:\/\/fitnsweet.eu\/et\/toode-2\/oligo-elite-n30-maisto-papildas-antioksidantu-kompleksas\/","og_locale":"et_EE","og_type":"article","og_title":"OLIGO-ELITE\u00ae N30 maisto papildas antioksidant\u0173 kompleksas - Fitnsweet.eu","og_description":"NAUJIENA GAMINI\u0172 ASORTIMENTE! Kai nori ne tik atrodyti jaunesn\u0117, bet ir jaustis lengvesn\u0117 viduje. Tavo k\u016bnas kasdien kovoja su laiku, stresu ir aplinkos tar\u0161a. OLIGO-ELITE\u00ae padeda jam atsikv\u0117pti. \u0160is pa\u017eangus antioksidant\u0173 kompleksas su licij\u0173 vaisiais ir \u017eali\u0105ja arbata veikia i\u0161 vidaus \u2013 ma\u017eina oksidacin\u012f stres\u0105, palaiko nat\u016bral\u0173 l\u0105steli\u0173 atsinaujinim\u0105 ir gali sul\u0117tinti sen\u0117jimo \u017eymes, kurios da\u017enai prasideda ne ant odos \u2013 o giliau, viduje. \u00a085 % licij\u0173 ekstraktas + 15 % \u017ealiosios arbatos, \u00a0Sukurta Japonijoje, \u00a0Padeda apsaugoti k\u016bno l\u0105steles nuo aplinkos poveikio, \u00a0Tinka visoms, kurios nori ilgiau i\u0161laikyti savo energij\u0105, odos gyvybingum\u0105 ir vidin\u012f lengvum\u0105, Nat\u016bralus pasirinkimas tavo ilgaam\u017ei\u0161kumui ir gro\u017eiui. 30 augalini\u0173 kapsuli\u0173 po 331 mg Vienos d\u0117\u017eut\u0117s u\u017etenka 1 m\u0117nesiui Kilm\u0117s \u0161alis:\u00a0Amino Up, Japonija.","og_url":"https:\/\/fitnsweet.eu\/et\/toode-2\/oligo-elite-n30-maisto-papildas-antioksidantu-kompleksas\/","og_site_name":"Fitnsweet.eu","article_modified_time":"2025-06-03T17:32:18+00:00","og_image":[{"width":1080,"height":1080,"url":"https:\/\/fitnsweet.eu\/wp-content\/uploads\/2025\/05\/3.png","type":"image\/png"}],"twitter_card":"summary_large_image","twitter_misc":{"Est. reading time":"2 minutit"},"schema":{"@context":"https:\/\/schema.org","@graph":[{"@type":"WebPage","@id":"https:\/\/fitnsweet.eu\/produktas\/oligo-elite-n30-maisto-papildas-antioksidantu-kompleksas\/","url":"https:\/\/fitnsweet.eu\/produktas\/oligo-elite-n30-maisto-papildas-antioksidantu-kompleksas\/","name":"OLIGO-ELITE\u00ae N30 maisto papildas antioksidant\u0173 kompleksas - Fitnsweet.eu","isPartOf":{"@id":"https:\/\/fitnsweet.eu\/#website"},"primaryImageOfPage":{"@id":"https:\/\/fitnsweet.eu\/produktas\/oligo-elite-n30-maisto-papildas-antioksidantu-kompleksas\/#primaryimage"},"image":{"@id":"https:\/\/fitnsweet.eu\/produktas\/oligo-elite-n30-maisto-papildas-antioksidantu-kompleksas\/#primaryimage"},"thumbnailUrl":"https:\/\/fitnsweet.eu\/wp-content\/uploads\/2025\/05\/3.png","datePublished":"2025-05-21T10:08:04+00:00","dateModified":"2025-06-03T17:32:18+00:00","breadcrumb":{"@id":"https:\/\/fitnsweet.eu\/produktas\/oligo-elite-n30-maisto-papildas-antioksidantu-kompleksas\/#breadcrumb"},"inLanguage":"et","potentialAction":[{"@type":"ReadAction","target":["https:\/\/fitnsweet.eu\/produktas\/oligo-elite-n30-maisto-papildas-antioksidantu-kompleksas\/"]}]},{"@type":"ImageObject","inLanguage":"et","@id":"https:\/\/fitnsweet.eu\/produktas\/oligo-elite-n30-maisto-papildas-antioksidantu-kompleksas\/#primaryimage","url":"https:\/\/fitnsweet.eu\/wp-content\/uploads\/2025\/05\/3.png","contentUrl":"https:\/\/fitnsweet.eu\/wp-content\/uploads\/2025\/05\/3.png","width":1080,"height":1080},{"@type":"BreadcrumbList","@id":"https:\/\/fitnsweet.eu\/produktas\/oligo-elite-n30-maisto-papildas-antioksidantu-kompleksas\/#breadcrumb","itemListElement":[{"@type":"ListItem","position":1,"name":"Home","item":"https:\/\/fitnsweet.eu\/"},{"@type":"ListItem","position":2,"name":"Produktai","item":"https:\/\/fitnsweet.eu\/parduotuve\/"},{"@type":"ListItem","position":3,"name":"OLIGO-ELITE\u00ae N30 maisto papildas antioksidant\u0173 kompleksas"}]},{"@type":"WebSite","@id":"https:\/\/fitnsweet.eu\/#website","url":"https:\/\/fitnsweet.eu\/","name":"Fitnsweet.eu","description":"Tere. Armas. Kasulik.","potentialAction":[{"@type":"SearchAction","target":{"@type":"EntryPoint","urlTemplate":"https:\/\/fitnsweet.eu\/?s={search_term_string}"},"query-input":{"@type":"PropertyValueSpecification","valueRequired":true,"valueName":"search_term_string"}}],"inLanguage":"et"}]}},"_links":{"self":[{"href":"https:\/\/fitnsweet.eu\/et\/wp-json\/wp\/v2\/product\/55159","targetHints":{"allow":["GET"]}}],"collection":[{"href":"https:\/\/fitnsweet.eu\/et\/wp-json\/wp\/v2\/product"}],"about":[{"href":"https:\/\/fitnsweet.eu\/et\/wp-json\/wp\/v2\/types\/product"}],"replies":[{"embeddable":true,"href":"https:\/\/fitnsweet.eu\/et\/wp-json\/wp\/v2\/comments?post=55159"}],"version-history":[{"count":3,"href":"https:\/\/fitnsweet.eu\/et\/wp-json\/wp\/v2\/product\/55159\/revisions"}],"predecessor-version":[{"id":55234,"href":"https:\/\/fitnsweet.eu\/et\/wp-json\/wp\/v2\/product\/55159\/revisions\/55234"}],"wp:featuredmedia":[{"embeddable":true,"href":"https:\/\/fitnsweet.eu\/et\/wp-json\/wp\/v2\/media\/55186"}],"wp:attachment":[{"href":"https:\/\/fitnsweet.eu\/et\/wp-json\/wp\/v2\/media?parent=55159"}],"wp:term":[{"taxonomy":"product_brand","embeddable":true,"href":"https:\/\/fitnsweet.eu\/et\/wp-json\/wp\/v2\/product_brand?post=55159"},{"taxonomy":"product_cat","embeddable":true,"href":"https:\/\/fitnsweet.eu\/et\/wp-json\/wp\/v2\/product_cat?post=55159"},{"taxonomy":"product_tag","embeddable":true,"href":"https:\/\/fitnsweet.eu\/et\/wp-json\/wp\/v2\/product_tag?post=55159"}],"curies":[{"name":"wp","href":"https:\/\/api.w.org\/{rel}","templated":true}]}}