{"id":55161,"date":"2025-05-21T13:07:17","date_gmt":"2025-05-21T10:07:17","guid":{"rendered":"https:\/\/fitnsweet.eu\/?post_type=product&#038;p=55161"},"modified":"2025-06-03T20:38:32","modified_gmt":"2025-06-03T17:38:32","slug":"royal-jelly-forte-2000-n20-maisto-papildas-imunitetui","status":"publish","type":"product","link":"https:\/\/fitnsweet.eu\/et\/toode-2\/royal-jelly-forte-2000-n20-maisto-papildas-imunitetui\/","title":{"rendered":"ROYAL JELLY FORTE 2000 N20 maisto papildas imunitetui"},"content":{"rendered":"<p><span style=\"color: #000000;\"><strong>Bi\u010di\u0173 pienelis<\/strong>\u00a0arba\u00a0<strong>karali\u0161koji \u017eel\u0117<\/strong>\u00a0\u2013 tai bi\u010di\u0173 darbininki\u0173 specifini\u0173 liauk\u0173 sekretas, kuriuo maitinamos tik bi\u010di\u0173 motin\u0117l\u0117s. Bi\u010di\u0173 pienelis yra nat\u016brali ir vertinga gamtos dovana, labai koncentruotas biologi\u0161kai aktyvus produktas, turintis ypa\u010d daug organizmui b\u016btin\u0173 ir nauding\u0173 maistini\u0173 med\u017eiag\u0173: aminor\u016bg\u0161\u010di\u0173, baltym\u0173, mikroelement\u0173, antioksidant\u0173 ir vitamin\u0173.<\/span><\/p>\n<p><span style=\"color: #000000;\"><strong>Vitaminas C<\/strong>\u00a0gerina gele\u017eies absorbcij\u0105, padeda palaikyti normali\u0105 energijos apykait\u0105, normali\u0105 nerv\u0173 sistemos veikl\u0105, normali\u0105 imunin\u0117s sistemos veikl\u0105, normal\u0173 kolageno, kuris reikalingas normaliai kremzli\u0173, kaul\u0173, kraujagysli\u0173 ir odos funkcijai susidarym\u0105. Vitaminas C padeda apsaugoti l\u0105steles nuo oksidacin\u0117s pa\u017eaidos ir padeda ma\u017einti pavargimo jausm\u0105 ir nuovarg\u012f.\u00a0<\/span><\/p>\n<p><span style=\"color: #000000;\"><strong>Vitaminas B1\u00a0<\/strong>padeda palaikyti normali\u0105 energijos apykait\u0105, normali\u0105 nerv\u0173 sistemos veikl\u0105, normali\u0105 psichologin\u0119 funkcij\u0105, normali\u0105 \u0161irdies veikl\u0105.<\/span><\/p>\n<p><span style=\"color: #000000;\"><strong>Vitaminas B2\u00a0<\/strong>padeda palaikyti normali\u0105 raudon\u0173j\u0173 kraujo k\u016bneli\u0173 b\u016bkl\u0119, normali\u0105 gele\u017eies ir energijos apykait\u0105, normali\u0105 nerv\u0173 sistemos veikl\u0105, normali\u0105 odos ir gleivini\u0173 b\u016bkl\u0119, padeda i\u0161saugoti normal\u0173 reg\u0117jim\u0105, padeda apsaugoti l\u0105steles nuo oksidacin\u0117s pa\u017eaidos, padeda ma\u017einti pavargimo jausm\u0105 ir nuovarg\u012f.<\/span><\/p>\n<p><span style=\"color: #000000;\"><strong>Vitaminas B3<\/strong>\u00a0padeda palaikyti normali\u0105 energijos apykait\u0105, normali\u0105 nerv\u0173 sistemos veikl\u0105, normali\u0105 psichologin\u0119 funkcij\u0105, normali\u0105 gleivini\u0173 ir odos b\u016bkl\u0119. Niacinas padeda ma\u017einti pavargimo jausm\u0105 ir nuovarg\u012f.<\/span><\/p>\n<p><span style=\"color: #000000;\"><strong>Vitaminas B5<\/strong>\u00a0padeda palaikyti normali\u0105 protin\u0119 veikl\u0105, normali\u0105 energijos apykait\u0105, normali\u0105 steroidini\u0173 hormon\u0173, vitamino D ir kai kuri\u0173 neuromediatori\u0173 sintez\u0119 ir apykait\u0105, padeda ma\u017einti pavargimo jausm\u0105 ir nuovarg\u012f.\u00a0<\/span><\/p>\n<p><span style=\"color: #000000;\"><strong>Vitamiin B6<\/strong>\u00a0padeda palaikyti normali\u0105 nerv\u0173 sistemos veikl\u0105, normali\u0105 psichologin\u0119 funkcij\u0105, normali\u0105 imunin\u0117s sistemos veikl\u0105, normali\u0105 energijos apykait\u0105, normali\u0105 baltym\u0173 ir glikogeno apykait\u0105, normal\u0173 raudon\u0173j\u0173 kraujo k\u016bneli\u0173 susidarym\u0105. Vitaminas B6 padeda ma\u017einti pavargimo jausm\u0105 ir nuovarg\u012f ir padeda reguliuoti hormon\u0173 aktyvum\u0105.<\/span><\/p>\n<p><span style=\"color: #000000;\"><strong>Vitamiin B12\u00a0<\/strong>padeda palaikyti normali\u0105 nerv\u0173 sistemos veikl\u0105, normali\u0105 psichologin\u0119 funkcij\u0105, normali\u0105 imunin\u0117s sistemos veikl\u0105, normali\u0105 energijos apykait\u0105, normal\u0173 raudon\u0173j\u0173 kraujo k\u016bneli\u0173 susidarym\u0105. Vitaminas B12 padeda ma\u017einti pavargimo jausm\u0105 ir nuovarg\u012f.<\/span><\/p>\n<p><span style=\"color: #000000;\"><strong>Manganas\u00a0<\/strong>padeda palaikyti normali\u0105 energijos apykait\u0105, normali\u0105 kaul\u0173 b\u016bkl\u0119, normal\u0173 jungiamojo audinio formavim\u0105si. Manganas padeda apsaugoti l\u0105steles nuo oksidacin\u0117s pa\u017eaidos.<\/span><\/p>\n<p><span style=\"color: #000000;\"><strong>Varis\u00a0<\/strong>padeda palaikyti normal\u0173 gele\u017eies perne\u0161im\u0105 organizme, normali\u0105 energijos apykait\u0105, normali\u0105 jungiamojo audinio b\u016bkl\u0119, normali\u0105 nerv\u0173 sistemos veikl\u0105, normali\u0105 imunin\u0117s sistemos veikl\u0105, padeda apsaugoti l\u0105steles nuo oksidacin\u0117s pa\u017eaidos.<\/span><\/p>\n<div><img decoding=\"async\" src=\"https:\/\/cdn.shopify.com\/s\/files\/1\/0651\/6654\/1037\/files\/Royal_Jelly_Forte_2000.png?v=1739368915\" alt=\"\" \/><\/div>\n<p><span style=\"color: #000000;\"><em>RMV &#8211; referencin\u0117 maistin\u0117 vert\u0117 \/ &#8211; referencin\u0117 maistin\u0117 vert\u0117 nenustatyta<\/em><\/span><\/p>\n<p><span style=\"color: #000000;\"><strong>Sudedamosios dalys:<\/strong>\u00a0liofilizuotas bi\u010di\u0173 pienelis, \u0161vie\u017eias bi\u010di\u0173 pienelis, fruktoz\u0117, inulinas, vitaminas C (L-askorbo r\u016bg\u0161tis), nat\u016brali abrikos\u0173 kvapioji med\u017eiaga, nikotinamidas, mangano gliukonatas, kalcio pantotenatas, vario gliukonatas, cianokobalaminas, piridoksino hidrochloridas, riboflavinas, tiamino hidrochloridas, vanduo.<\/span><\/p>\n<p><span style=\"color: #000000;\"><strong>Vartojimas.<\/strong>\u00a0Gerti po 1 buteliuk\u0105 per dien\u0105. Buteliuko turin\u012f supilti \u012f nedidel\u012f kiek\u012f vandens, i\u0161mai\u0161yti ir i\u0161gerti. Minimalus kursas \u2013 20 buteliuk\u0173. Prie\u0161 vartojim\u0105 suplakti. <strong>Be gliuteno. Be konservant\u0173. Be dirbtini\u0173 da\u017eikli\u0173.<\/strong><\/span><\/p>\n<p><span style=\"color: #000000;\">Svarbu \u012fvairi ir subalansuota mityba bei sveikas gyvenimo b\u016bdas.<\/span><br \/>\n<span style=\"color: #000000;\">Nevir\u0161yti nustatytos rekomenduojamos doz\u0117s.<\/span><br \/>\n<span style=\"color: #000000;\">Maisto papildas neturi b\u016bti vartojamas kaip maisto pakaitalas.<\/span><br \/>\n<span style=\"color: #000000;\">Laikyti kambario temperat\u016broje, vaikams nepasiekiamoje vietoje.<\/span><\/p>\n<p><span style=\"color: #000000;\"><strong>Tootja:\u00a0<\/strong>INTERSA LABS SL., Ispanija.<\/span><\/p>","protected":false},"excerpt":{"rendered":"<p style=\"text-align: center;\"><strong><span style=\"color: #000000;\">UUS TOOTEVALIKAS!\u00a0<\/span><\/strong><\/p>\n<p dir=\"ltr\" style=\"text-align: center;\"><span style=\"color: #000000;\">ROYAL JELLY FORTE 2000 \u2013 stiprybei, kurios tau reikia kasdien.<\/span><\/p>\n<p dir=\"ltr\" style=\"text-align: center;\"><span style=\"color: #000000;\">Kai jautiesi pavargusi ne tik fizi\u0161kai, bet ir vidumi \u2013 k\u016bnui reikia ne tik vitamin\u0173, bet ir gyvos, nat\u016bralios paramos.<\/span><\/p>\n<p dir=\"ltr\" style=\"text-align: center;\"><span style=\"color: #000000;\">ROYAL JELLY FORTE \u2013 tai bi\u010di\u0173 pienelio (karali\u0161kosios \u017eel\u0117s), vitamino C, B grup\u0117s vitamin\u0173, mangano ir vario kompleksas, kuris:<\/span><\/p>\n<p dir=\"ltr\" style=\"text-align: center;\"><span style=\"color: #000000;\">\u00a0stiprina imunin\u0119 sistem\u0105,<\/span><\/p>\n<p dir=\"ltr\" style=\"text-align: center;\"><span style=\"color: #000000;\">\u00a0padeda kovoti su nuovargiu,<\/span><\/p>\n<p dir=\"ltr\" style=\"text-align: center;\"><span style=\"color: #000000;\">\u00a0palaiko \u017earnyno mikrobiotos balans\u0105 (nes \u017earnynas \u2013 tavo emocinis centras!),<\/span><\/p>\n<p dir=\"ltr\" style=\"text-align: center;\"><span style=\"color: #000000;\">\u00a0padeda l\u0105stel\u0117ms apsisaugoti nuo oksidacinio streso.<\/span><\/p>\n<p dir=\"ltr\" style=\"text-align: center;\"><span style=\"color: #000000;\">Bi\u010di\u0173 pienelis \u2013 tai nat\u016bralus, biologi\u0161kai aktyvus mi\u0161inys.<\/span><br \/>\n<span style=\"color: #000000;\">Ir b\u016btent i\u0161 ten \u2013 gyvybingumo, atsparumo, ilgaam\u017ei\u0161kumo simbolis.<\/span><\/p>\n<p dir=\"ltr\" style=\"text-align: center;\"><span style=\"color: #000000;\">Kai gyvenimas ver\u010dia Tave visk\u0105 laikyti \u2013 pasir\u016bpink ir tuo, kas laiko Tave.<\/span><\/p>\n<p dir=\"ltr\" style=\"text-align: center;\"><span style=\"color: #000000;\">ROYAL JELLY FORTE \u2013 tavo vidin\u0117 apsauga. Ir \u0161velni pastiprinimo doz\u0117 viskam, kas laukia.<\/span><\/p>\n<h6 style=\"text-align: center;\"><span style=\"color: #000000;\"><strong>Be gliuteno. Be konservant\u0173. Be dirbtini\u0173 da\u017eikli\u0173.<\/strong><\/span><br \/>\n<span style=\"color: #000000;\">20 buteliuk\u0173 po 15 ml<\/span><br \/>\n<span style=\"color: #000000;\"><strong>Vienos d\u0117\u017eut\u0117s u\u017etenka 20 dien\u0173!<\/strong><\/span><\/h6>","protected":false},"featured_media":55184,"comment_status":"open","ping_status":"closed","template":"","meta":{"site-sidebar-layout":"default","site-content-layout":"","ast-site-content-layout":"default","site-content-style":"default","site-sidebar-style":"default","ast-global-header-display":"","ast-banner-title-visibility":"","ast-main-header-display":"","ast-hfb-above-header-display":"","ast-hfb-below-header-display":"","ast-hfb-mobile-header-display":"","site-post-title":"","ast-breadcrumbs-content":"","ast-featured-img":"","footer-sml-layout":"","ast-disable-related-posts":"","theme-transparent-header-meta":"default","adv-header-id-meta":"","stick-header-meta":"","header-above-stick-meta":"","header-main-stick-meta":"","header-below-stick-meta":"","astra-migrate-meta-layouts":"set","ast-page-background-enabled":"default","ast-page-background-meta":{"desktop":{"background-color":"var(--ast-global-color-4)","background-image":"","background-repeat":"repeat","background-position":"center center","background-size":"auto","background-attachment":"scroll","background-type":"","background-media":"","overlay-type":"","overlay-color":"","overlay-opacity":"","overlay-gradient":""},"tablet":{"background-color":"","background-image":"","background-repeat":"repeat","background-position":"center center","background-size":"auto","background-attachment":"scroll","background-type":"","background-media":"","overlay-type":"","overlay-color":"","overlay-opacity":"","overlay-gradient":""},"mobile":{"background-color":"","background-image":"","background-repeat":"repeat","background-position":"center center","background-size":"auto","background-attachment":"scroll","background-type":"","background-media":"","overlay-type":"","overlay-color":"","overlay-opacity":"","overlay-gradient":""}},"ast-content-background-meta":{"desktop":{"background-color":"var(--ast-global-color-5)","background-image":"","background-repeat":"repeat","background-position":"center center","background-size":"auto","background-attachment":"scroll","background-type":"","background-media":"","overlay-type":"","overlay-color":"","overlay-opacity":"","overlay-gradient":""},"tablet":{"background-color":"var(--ast-global-color-5)","background-image":"","background-repeat":"repeat","background-position":"center center","background-size":"auto","background-attachment":"scroll","background-type":"","background-media":"","overlay-type":"","overlay-color":"","overlay-opacity":"","overlay-gradient":""},"mobile":{"background-color":"var(--ast-global-color-5)","background-image":"","background-repeat":"repeat","background-position":"center center","background-size":"auto","background-attachment":"scroll","background-type":"","background-media":"","overlay-type":"","overlay-color":"","overlay-opacity":"","overlay-gradient":""}}},"product_brand":[],"product_cat":[406,387,383,368],"product_tag":[],"class_list":{"0":"post-55161","1":"product","2":"type-product","3":"status-publish","4":"has-post-thumbnail","6":"product_cat-imunitetui","7":"product_cat-visi-produktai","8":"product_cat-vitaminai","9":"product_cat-naujienos-2","10":"desktop-align-left","11":"tablet-align-left","12":"mobile-align-left","14":"first","15":"instock","16":"taxable","17":"shipping-taxable","18":"purchasable","19":"product-type-simple"},"yoast_head":"<!-- This site is optimized with the Yoast SEO plugin v26.9 - https:\/\/yoast.com\/product\/yoast-seo-wordpress\/ -->\n<title>ROYAL JELLY FORTE 2000 N20 maisto papildas imunitetui - Fitnsweet.eu<\/title>\n<meta name=\"robots\" content=\"index, follow, max-snippet:-1, max-image-preview:large, max-video-preview:-1\" \/>\n<link rel=\"canonical\" href=\"https:\/\/fitnsweet.eu\/et\/toode-2\/royal-jelly-forte-2000-n20-maisto-papildas-imunitetui\/\" \/>\n<meta property=\"og:locale\" content=\"et_EE\" \/>\n<meta property=\"og:type\" content=\"article\" \/>\n<meta property=\"og:title\" content=\"ROYAL JELLY FORTE 2000 N20 maisto papildas imunitetui - Fitnsweet.eu\" \/>\n<meta property=\"og:description\" content=\"NAUJIENA GAMINI\u0172 ASORTIMENTE!\u00a0 ROYAL JELLY FORTE 2000 \u2013 stiprybei, kurios tau reikia kasdien. Kai jautiesi pavargusi ne tik fizi\u0161kai, bet ir vidumi \u2013 k\u016bnui reikia ne tik vitamin\u0173, bet ir gyvos, nat\u016bralios paramos. ROYAL JELLY FORTE \u2013 tai bi\u010di\u0173 pienelio (karali\u0161kosios \u017eel\u0117s), vitamino C, B grup\u0117s vitamin\u0173, mangano ir vario kompleksas, kuris: \u00a0stiprina imunin\u0119 sistem\u0105, \u00a0padeda kovoti su nuovargiu, \u00a0palaiko \u017earnyno mikrobiotos balans\u0105 (nes \u017earnynas \u2013 tavo emocinis centras!), \u00a0padeda l\u0105stel\u0117ms apsisaugoti nuo oksidacinio streso. Bi\u010di\u0173 pienelis \u2013 tai nat\u016bralus, biologi\u0161kai aktyvus mi\u0161inys. Ir b\u016btent i\u0161 ten \u2013 gyvybingumo, atsparumo, ilgaam\u017ei\u0161kumo simbolis. Kai gyvenimas ver\u010dia Tave visk\u0105 laikyti \u2013 pasir\u016bpink ir tuo, kas laiko Tave. ROYAL JELLY FORTE \u2013 tavo vidin\u0117 apsauga. Ir \u0161velni pastiprinimo doz\u0117 viskam, kas laukia.  Be gliuteno. Be konservant\u0173. Be dirbtini\u0173 da\u017eikli\u0173. 20 buteliuk\u0173 po 15 ml Vienos d\u0117\u017eut\u0117s u\u017etenka 20 dien\u0173!\" \/>\n<meta property=\"og:url\" content=\"https:\/\/fitnsweet.eu\/et\/toode-2\/royal-jelly-forte-2000-n20-maisto-papildas-imunitetui\/\" \/>\n<meta property=\"og:site_name\" content=\"Fitnsweet.eu\" \/>\n<meta property=\"article:modified_time\" content=\"2025-06-03T17:38:32+00:00\" \/>\n<meta property=\"og:image\" content=\"https:\/\/fitnsweet.eu\/wp-content\/uploads\/2025\/05\/Jalea-Forte-2000-DR-scaled.png\" \/>\n\t<meta property=\"og:image:width\" content=\"2085\" \/>\n\t<meta property=\"og:image:height\" content=\"2560\" \/>\n\t<meta property=\"og:image:type\" content=\"image\/png\" \/>\n<meta name=\"twitter:card\" content=\"summary_large_image\" \/>\n<meta name=\"twitter:label1\" content=\"Est. reading time\" \/>\n\t<meta name=\"twitter:data1\" content=\"3 minutit\" \/>\n<script type=\"application\/ld+json\" class=\"yoast-schema-graph\">{\"@context\":\"https:\/\/schema.org\",\"@graph\":[{\"@type\":\"WebPage\",\"@id\":\"https:\/\/fitnsweet.eu\/produktas\/royal-jelly-forte-2000-n20-maisto-papildas-imunitetui\/\",\"url\":\"https:\/\/fitnsweet.eu\/produktas\/royal-jelly-forte-2000-n20-maisto-papildas-imunitetui\/\",\"name\":\"ROYAL JELLY FORTE 2000 N20 maisto papildas imunitetui - Fitnsweet.eu\",\"isPartOf\":{\"@id\":\"https:\/\/fitnsweet.eu\/#website\"},\"primaryImageOfPage\":{\"@id\":\"https:\/\/fitnsweet.eu\/produktas\/royal-jelly-forte-2000-n20-maisto-papildas-imunitetui\/#primaryimage\"},\"image\":{\"@id\":\"https:\/\/fitnsweet.eu\/produktas\/royal-jelly-forte-2000-n20-maisto-papildas-imunitetui\/#primaryimage\"},\"thumbnailUrl\":\"https:\/\/fitnsweet.eu\/wp-content\/uploads\/2025\/05\/Jalea-Forte-2000-DR-scaled.png\",\"datePublished\":\"2025-05-21T10:07:17+00:00\",\"dateModified\":\"2025-06-03T17:38:32+00:00\",\"breadcrumb\":{\"@id\":\"https:\/\/fitnsweet.eu\/produktas\/royal-jelly-forte-2000-n20-maisto-papildas-imunitetui\/#breadcrumb\"},\"inLanguage\":\"et\",\"potentialAction\":[{\"@type\":\"ReadAction\",\"target\":[\"https:\/\/fitnsweet.eu\/produktas\/royal-jelly-forte-2000-n20-maisto-papildas-imunitetui\/\"]}]},{\"@type\":\"ImageObject\",\"inLanguage\":\"et\",\"@id\":\"https:\/\/fitnsweet.eu\/produktas\/royal-jelly-forte-2000-n20-maisto-papildas-imunitetui\/#primaryimage\",\"url\":\"https:\/\/fitnsweet.eu\/wp-content\/uploads\/2025\/05\/Jalea-Forte-2000-DR-scaled.png\",\"contentUrl\":\"https:\/\/fitnsweet.eu\/wp-content\/uploads\/2025\/05\/Jalea-Forte-2000-DR-scaled.png\",\"width\":2085,\"height\":2560},{\"@type\":\"BreadcrumbList\",\"@id\":\"https:\/\/fitnsweet.eu\/produktas\/royal-jelly-forte-2000-n20-maisto-papildas-imunitetui\/#breadcrumb\",\"itemListElement\":[{\"@type\":\"ListItem\",\"position\":1,\"name\":\"Home\",\"item\":\"https:\/\/fitnsweet.eu\/\"},{\"@type\":\"ListItem\",\"position\":2,\"name\":\"Produktai\",\"item\":\"https:\/\/fitnsweet.eu\/parduotuve\/\"},{\"@type\":\"ListItem\",\"position\":3,\"name\":\"ROYAL JELLY FORTE 2000 N20 maisto papildas imunitetui\"}]},{\"@type\":\"WebSite\",\"@id\":\"https:\/\/fitnsweet.eu\/#website\",\"url\":\"https:\/\/fitnsweet.eu\/\",\"name\":\"Fitnsweet.eu\",\"description\":\"Sveika. Saldu. Naudinga.\",\"potentialAction\":[{\"@type\":\"SearchAction\",\"target\":{\"@type\":\"EntryPoint\",\"urlTemplate\":\"https:\/\/fitnsweet.eu\/?s={search_term_string}\"},\"query-input\":{\"@type\":\"PropertyValueSpecification\",\"valueRequired\":true,\"valueName\":\"search_term_string\"}}],\"inLanguage\":\"et\"}]}<\/script>\n<!-- \/ Yoast SEO plugin. -->","yoast_head_json":{"title":"ROYAL JELLY FORTE 2000 N20 maisto papildas imunitetui - Fitnsweet.eu","robots":{"index":"index","follow":"follow","max-snippet":"max-snippet:-1","max-image-preview":"max-image-preview:large","max-video-preview":"max-video-preview:-1"},"canonical":"https:\/\/fitnsweet.eu\/et\/toode-2\/royal-jelly-forte-2000-n20-maisto-papildas-imunitetui\/","og_locale":"et_EE","og_type":"article","og_title":"ROYAL JELLY FORTE 2000 N20 maisto papildas imunitetui - Fitnsweet.eu","og_description":"NAUJIENA GAMINI\u0172 ASORTIMENTE!\u00a0 ROYAL JELLY FORTE 2000 \u2013 stiprybei, kurios tau reikia kasdien. Kai jautiesi pavargusi ne tik fizi\u0161kai, bet ir vidumi \u2013 k\u016bnui reikia ne tik vitamin\u0173, bet ir gyvos, nat\u016bralios paramos. ROYAL JELLY FORTE \u2013 tai bi\u010di\u0173 pienelio (karali\u0161kosios \u017eel\u0117s), vitamino C, B grup\u0117s vitamin\u0173, mangano ir vario kompleksas, kuris: \u00a0stiprina imunin\u0119 sistem\u0105, \u00a0padeda kovoti su nuovargiu, \u00a0palaiko \u017earnyno mikrobiotos balans\u0105 (nes \u017earnynas \u2013 tavo emocinis centras!), \u00a0padeda l\u0105stel\u0117ms apsisaugoti nuo oksidacinio streso. Bi\u010di\u0173 pienelis \u2013 tai nat\u016bralus, biologi\u0161kai aktyvus mi\u0161inys. Ir b\u016btent i\u0161 ten \u2013 gyvybingumo, atsparumo, ilgaam\u017ei\u0161kumo simbolis. Kai gyvenimas ver\u010dia Tave visk\u0105 laikyti \u2013 pasir\u016bpink ir tuo, kas laiko Tave. ROYAL JELLY FORTE \u2013 tavo vidin\u0117 apsauga. Ir \u0161velni pastiprinimo doz\u0117 viskam, kas laukia.  Be gliuteno. Be konservant\u0173. Be dirbtini\u0173 da\u017eikli\u0173. 20 buteliuk\u0173 po 15 ml Vienos d\u0117\u017eut\u0117s u\u017etenka 20 dien\u0173!","og_url":"https:\/\/fitnsweet.eu\/et\/toode-2\/royal-jelly-forte-2000-n20-maisto-papildas-imunitetui\/","og_site_name":"Fitnsweet.eu","article_modified_time":"2025-06-03T17:38:32+00:00","og_image":[{"width":2085,"height":2560,"url":"https:\/\/fitnsweet.eu\/wp-content\/uploads\/2025\/05\/Jalea-Forte-2000-DR-scaled.png","type":"image\/png"}],"twitter_card":"summary_large_image","twitter_misc":{"Est. reading time":"3 minutit"},"schema":{"@context":"https:\/\/schema.org","@graph":[{"@type":"WebPage","@id":"https:\/\/fitnsweet.eu\/produktas\/royal-jelly-forte-2000-n20-maisto-papildas-imunitetui\/","url":"https:\/\/fitnsweet.eu\/produktas\/royal-jelly-forte-2000-n20-maisto-papildas-imunitetui\/","name":"ROYAL JELLY FORTE 2000 N20 maisto papildas imunitetui - Fitnsweet.eu","isPartOf":{"@id":"https:\/\/fitnsweet.eu\/#website"},"primaryImageOfPage":{"@id":"https:\/\/fitnsweet.eu\/produktas\/royal-jelly-forte-2000-n20-maisto-papildas-imunitetui\/#primaryimage"},"image":{"@id":"https:\/\/fitnsweet.eu\/produktas\/royal-jelly-forte-2000-n20-maisto-papildas-imunitetui\/#primaryimage"},"thumbnailUrl":"https:\/\/fitnsweet.eu\/wp-content\/uploads\/2025\/05\/Jalea-Forte-2000-DR-scaled.png","datePublished":"2025-05-21T10:07:17+00:00","dateModified":"2025-06-03T17:38:32+00:00","breadcrumb":{"@id":"https:\/\/fitnsweet.eu\/produktas\/royal-jelly-forte-2000-n20-maisto-papildas-imunitetui\/#breadcrumb"},"inLanguage":"et","potentialAction":[{"@type":"ReadAction","target":["https:\/\/fitnsweet.eu\/produktas\/royal-jelly-forte-2000-n20-maisto-papildas-imunitetui\/"]}]},{"@type":"ImageObject","inLanguage":"et","@id":"https:\/\/fitnsweet.eu\/produktas\/royal-jelly-forte-2000-n20-maisto-papildas-imunitetui\/#primaryimage","url":"https:\/\/fitnsweet.eu\/wp-content\/uploads\/2025\/05\/Jalea-Forte-2000-DR-scaled.png","contentUrl":"https:\/\/fitnsweet.eu\/wp-content\/uploads\/2025\/05\/Jalea-Forte-2000-DR-scaled.png","width":2085,"height":2560},{"@type":"BreadcrumbList","@id":"https:\/\/fitnsweet.eu\/produktas\/royal-jelly-forte-2000-n20-maisto-papildas-imunitetui\/#breadcrumb","itemListElement":[{"@type":"ListItem","position":1,"name":"Home","item":"https:\/\/fitnsweet.eu\/"},{"@type":"ListItem","position":2,"name":"Produktai","item":"https:\/\/fitnsweet.eu\/parduotuve\/"},{"@type":"ListItem","position":3,"name":"ROYAL JELLY FORTE 2000 N20 maisto papildas imunitetui"}]},{"@type":"WebSite","@id":"https:\/\/fitnsweet.eu\/#website","url":"https:\/\/fitnsweet.eu\/","name":"Fitnsweet.eu","description":"Tere. Armas. Kasulik.","potentialAction":[{"@type":"SearchAction","target":{"@type":"EntryPoint","urlTemplate":"https:\/\/fitnsweet.eu\/?s={search_term_string}"},"query-input":{"@type":"PropertyValueSpecification","valueRequired":true,"valueName":"search_term_string"}}],"inLanguage":"et"}]}},"_links":{"self":[{"href":"https:\/\/fitnsweet.eu\/et\/wp-json\/wp\/v2\/product\/55161","targetHints":{"allow":["GET"]}}],"collection":[{"href":"https:\/\/fitnsweet.eu\/et\/wp-json\/wp\/v2\/product"}],"about":[{"href":"https:\/\/fitnsweet.eu\/et\/wp-json\/wp\/v2\/types\/product"}],"replies":[{"embeddable":true,"href":"https:\/\/fitnsweet.eu\/et\/wp-json\/wp\/v2\/comments?post=55161"}],"version-history":[{"count":4,"href":"https:\/\/fitnsweet.eu\/et\/wp-json\/wp\/v2\/product\/55161\/revisions"}],"predecessor-version":[{"id":55237,"href":"https:\/\/fitnsweet.eu\/et\/wp-json\/wp\/v2\/product\/55161\/revisions\/55237"}],"wp:featuredmedia":[{"embeddable":true,"href":"https:\/\/fitnsweet.eu\/et\/wp-json\/wp\/v2\/media\/55184"}],"wp:attachment":[{"href":"https:\/\/fitnsweet.eu\/et\/wp-json\/wp\/v2\/media?parent=55161"}],"wp:term":[{"taxonomy":"product_brand","embeddable":true,"href":"https:\/\/fitnsweet.eu\/et\/wp-json\/wp\/v2\/product_brand?post=55161"},{"taxonomy":"product_cat","embeddable":true,"href":"https:\/\/fitnsweet.eu\/et\/wp-json\/wp\/v2\/product_cat?post=55161"},{"taxonomy":"product_tag","embeddable":true,"href":"https:\/\/fitnsweet.eu\/et\/wp-json\/wp\/v2\/product_tag?post=55161"}],"curies":[{"name":"wp","href":"https:\/\/api.w.org\/{rel}","templated":true}]}}