{"id":55165,"date":"2025-05-21T13:04:25","date_gmt":"2025-05-21T10:04:25","guid":{"rendered":"https:\/\/fitnsweet.eu\/?post_type=product&#038;p=55165"},"modified":"2025-06-03T20:34:10","modified_gmt":"2025-06-03T17:34:10","slug":"carduscaps-n60-maisto-papildas-cholesterolio-mazinimui-kepenims-detoksui","status":"publish","type":"product","link":"https:\/\/fitnsweet.eu\/et\/toode-2\/carduscaps-n60-maisto-papildas-cholesterolio-mazinimui-kepenims-detoksui\/","title":{"rendered":"CARDUSCAPS\u00ae N60 maisto papildas cholesterolio ma\u017einimui, kepenims, detoksui"},"content":{"rendered":"<div><img decoding=\"async\" src=\"https:\/\/cdn.shopify.com\/s\/files\/1\/0651\/6654\/1037\/files\/Cardus_Caps_sudetis.png?v=1716288567\" alt=\"\" \/><\/div>\n<div><\/div>\n<p><span style=\"color: #000000;\"><strong>*<\/strong>Vienoje kapsul\u0117je yra 200 mg auk\u0161to biologinio \u012fsisavinimo mikrokapsuliuoto kurkumino ekstrakto\u00a0<em>Cavacurmin\u00ae<\/em>, kas atitinka 1200 mg kurkumino, i\u0161gaunamo i\u0161 da\u017ein\u0117s ciber\u017eol\u0117s \u0161akn\u0173 ekstrakto.<\/span><\/p>\n<p><span style=\"color: #000000;\">Mikrokapsuliuoto kurkumino biologinis \u012fsisavinimas yra iki 40 kart\u0173 didesnis nei gryno kurkumino arba \u012fprast\u0173 kurkumino preparat\u0173.<\/span><\/p>\n<p><span style=\"color: #000000;\"><strong>Sudedamosios dalys:\u00a0<\/strong>u\u017epildas dikalcio fosfatas, da\u017ein\u0117s ciber\u017eol\u0117s [<em>Curcuma longa L<\/em>.] \u0161akn\u0173 ekstraktas, auk\u0161to biologinio \u012fsisavinimo mikrokapsuliuoto kurkumino ekstraktas\u00a0<em>Cavacurmin\u00ae<\/em>, tikr\u0173j\u0173 margaini\u0173 [Silybum marianum (L.) Gaertn.] s\u0117kl\u0173 standartizuotas sausasis ekstraktas (24-26:1), atitinkantis 99,75 mg silimarino, apskai\u010diuoto pagal silibinin\u0105, kapsul\u0117s apvalkalas hidroksipropilmetilceliulioz\u0117, juod\u0173j\u0173 pipir\u0173 [Piper nigrum Carlos L.] ekstraktas, lipnum\u0105 reguliuojanti med\u017eiaga riebal\u0173 r\u016bg\u0161\u010di\u0173 magnio druskos (E 470b), lipnum\u0105 reguliuojanti med\u017eiaga silicio dioksidas (E-551).<\/span><\/p>\n<p><span style=\"color: #000000;\"><strong>Vartojimas.<\/strong>\u00a0Gerti po 1 kapsul\u0119 per dien\u0105 pirmoje dienos pus\u0117je su maistu. Minimali vartojimo trukm\u0117 &#8211; 1 m\u0117nuo, maksimali &#8211; 6 m\u0117nesiai, po kurios reik\u0117t\u0173 daryti 1 m\u0117nesio pertrauk\u0105.<\/span><\/p>\n<p><span style=\"color: #000000;\"><strong>\u012esp\u0117jimas.<\/strong>\u00a0Nerekomenduojama vartoti n\u0117\u0161tumo ir laktacijos laikotarpiu, vartojant antikoaguliantus, sergant tul\u017eies akmenlige, turint alergij\u0105\u00a0<em>Zingiberaceae<\/em>\u00a0\u0161eimos augalams (ciber\u017eol\u0117), esant specifiniam padid\u0117jusiam jautrumui papildo sudedamosioms dalims.<\/span><\/p>\n<p><span style=\"color: #000000;\">Svarbu \u012fvairi ir subalansuota mityba bei sveikas gyvenimo b\u016bdas.\u00a0<\/span><br \/>\n<span style=\"color: #000000;\">Nevir\u0161yti nustatytos rekomenduojamos doz\u0117s.<\/span><br \/>\n<span style=\"color: #000000;\">Maisto papildas neturi b\u016bti vartojamas kaip maisto pakaitalas.<\/span><br \/>\n<span style=\"color: #000000;\">Laikyti kambario temperat\u016broje, vaikams nepasiekiamoje vietoje.<\/span><br \/>\n<span style=\"color: #000000;\">Saugoti nuo dr\u0117gm\u0117s, kar\u0161\u010dio ir tiesiogini\u0173 saul\u0117s spinduli\u0173.<\/span><\/p>\n<p><span style=\"color: #000000;\"><strong>Tootja:\u00a0<\/strong>INTERSA LABS SL., Ispanija.<\/span><\/p>","protected":false},"excerpt":{"rendered":"<p style=\"text-align: center;\"><span style=\"color: #000000;\"><strong>UUS TOOTEVALIKAS!<\/strong><\/span><\/p>\n<p dir=\"ltr\" style=\"text-align: center;\"><span style=\"color: #000000;\">CARDUSCAPS\u00ae \u2013 tavo pagalba kepenims, vir\u0161kinimui ir nat\u016braliai detoksikacijai.<\/span><\/p>\n<p dir=\"ltr\" style=\"text-align: center;\"><span style=\"color: #000000;\">K\u016bnas \u2013 ne ma\u0161ina. Jis kaupia tai, k\u0105 i\u0161gyvenai, valgai, jauti.<\/span><br \/>\n<span style=\"color: #000000;\">O kepenys \u2013 tavo tylusis filtras.<\/span><\/p>\n<p dir=\"ltr\" style=\"text-align: center;\"><span style=\"color: #000000;\">CARDUSCAPS\u00ae \u2013 tai nat\u016brali trij\u0173 augal\u0173 sinergija:<\/span><br \/>\n<span style=\"color: #000000;\">da\u017ein\u0117 ciber\u017eol\u0117, tikrasis margainis ir juodieji pipirai, kurie padeda:<\/span><\/p>\n<p dir=\"ltr\" style=\"text-align: center;\"><span style=\"color: #000000;\">\u00a0palaikyti normali\u0105 kepen\u0173 veikl\u0105,<\/span><br \/>\n<span style=\"color: #000000;\">\u00a0ma\u017einti cholesterolio pertekli\u0173 kraujyje,<\/span><br \/>\n<span style=\"color: #000000;\">\u00a0skatinti vir\u0161kinim\u0105, suma\u017einti pilvo sunkum\u0105,<\/span><br \/>\n<span style=\"color: #000000;\">\u00a0saugoti organizm\u0105 nuo oksidacin\u0117s pa\u017eaidos,<\/span><br \/>\n<span style=\"color: #000000;\">\u00a0palaikyti nat\u016brali\u0105 detoksikacijos eig\u0105.<\/p>\n<p><\/span><span style=\"color: #000000;\">Kai jauti, kad k\u016bnas sulaik\u0117 per daug \u2013 pad\u0117k jam paleisti tai, ko nereikia.<\/span><br \/>\n<span style=\"color: #000000;\">Tinka ie\u0161kan\u010dioms \u0161velnaus, augalinio detokso be bado re\u017eim\u0173 ar chemijos.<\/span><\/p>\n<p style=\"text-align: center;\"><strong><span style=\"color: #000000;\">60 augalini\u0173 kapsuli\u0173 po 720 mg<\/span><br \/>\n<span style=\"color: #000000;\">Vienos d\u0117\u017eut\u0117s u\u017etenka 2 m\u0117nesiams!<\/span><br \/>\n<\/strong><\/p>","protected":false},"featured_media":55180,"comment_status":"open","ping_status":"closed","template":"","meta":{"site-sidebar-layout":"default","site-content-layout":"","ast-site-content-layout":"default","site-content-style":"default","site-sidebar-style":"default","ast-global-header-display":"","ast-banner-title-visibility":"","ast-main-header-display":"","ast-hfb-above-header-display":"","ast-hfb-below-header-display":"","ast-hfb-mobile-header-display":"","site-post-title":"","ast-breadcrumbs-content":"","ast-featured-img":"","footer-sml-layout":"","ast-disable-related-posts":"","theme-transparent-header-meta":"default","adv-header-id-meta":"","stick-header-meta":"","header-above-stick-meta":"","header-main-stick-meta":"","header-below-stick-meta":"","astra-migrate-meta-layouts":"set","ast-page-background-enabled":"default","ast-page-background-meta":{"desktop":{"background-color":"var(--ast-global-color-4)","background-image":"","background-repeat":"repeat","background-position":"center center","background-size":"auto","background-attachment":"scroll","background-type":"","background-media":"","overlay-type":"","overlay-color":"","overlay-opacity":"","overlay-gradient":""},"tablet":{"background-color":"","background-image":"","background-repeat":"repeat","background-position":"center center","background-size":"auto","background-attachment":"scroll","background-type":"","background-media":"","overlay-type":"","overlay-color":"","overlay-opacity":"","overlay-gradient":""},"mobile":{"background-color":"","background-image":"","background-repeat":"repeat","background-position":"center center","background-size":"auto","background-attachment":"scroll","background-type":"","background-media":"","overlay-type":"","overlay-color":"","overlay-opacity":"","overlay-gradient":""}},"ast-content-background-meta":{"desktop":{"background-color":"var(--ast-global-color-5)","background-image":"","background-repeat":"repeat","background-position":"center center","background-size":"auto","background-attachment":"scroll","background-type":"","background-media":"","overlay-type":"","overlay-color":"","overlay-opacity":"","overlay-gradient":""},"tablet":{"background-color":"var(--ast-global-color-5)","background-image":"","background-repeat":"repeat","background-position":"center center","background-size":"auto","background-attachment":"scroll","background-type":"","background-media":"","overlay-type":"","overlay-color":"","overlay-opacity":"","overlay-gradient":""},"mobile":{"background-color":"var(--ast-global-color-5)","background-image":"","background-repeat":"repeat","background-position":"center center","background-size":"auto","background-attachment":"scroll","background-type":"","background-media":"","overlay-type":"","overlay-color":"","overlay-opacity":"","overlay-gradient":""}}},"product_brand":[],"product_cat":[407,385,387,383,368],"product_tag":[],"class_list":{"0":"post-55165","1":"product","2":"type-product","3":"status-publish","4":"has-post-thumbnail","6":"product_cat-energijai-ir-detoksikacijai","7":"product_cat-riebalu-deginimui","8":"product_cat-visi-produktai","9":"product_cat-vitaminai","10":"product_cat-naujienos-2","11":"desktop-align-left","12":"tablet-align-left","13":"mobile-align-left","15":"first","16":"instock","17":"taxable","18":"shipping-taxable","19":"purchasable","20":"product-type-simple"},"yoast_head":"<!-- This site is optimized with the Yoast SEO plugin v26.9 - https:\/\/yoast.com\/product\/yoast-seo-wordpress\/ -->\n<title>CARDUSCAPS\u00ae N60 maisto papildas cholesterolio ma\u017einimui, kepenims, detoksui - Fitnsweet.eu<\/title>\n<meta name=\"robots\" content=\"index, follow, max-snippet:-1, max-image-preview:large, max-video-preview:-1\" \/>\n<link rel=\"canonical\" href=\"https:\/\/fitnsweet.eu\/et\/toode-2\/carduscaps-n60-maisto-papildas-cholesterolio-mazinimui-kepenims-detoksui\/\" \/>\n<meta property=\"og:locale\" content=\"et_EE\" \/>\n<meta property=\"og:type\" content=\"article\" \/>\n<meta property=\"og:title\" content=\"CARDUSCAPS\u00ae N60 maisto papildas cholesterolio ma\u017einimui, kepenims, detoksui - Fitnsweet.eu\" \/>\n<meta property=\"og:description\" content=\"NAUJIENA GAMINI\u0172 ASORTIMENTE! CARDUSCAPS\u00ae \u2013 tavo pagalba kepenims, vir\u0161kinimui ir nat\u016braliai detoksikacijai. K\u016bnas \u2013 ne ma\u0161ina. Jis kaupia tai, k\u0105 i\u0161gyvenai, valgai, jauti. O kepenys \u2013 tavo tylusis filtras. CARDUSCAPS\u00ae \u2013 tai nat\u016brali trij\u0173 augal\u0173 sinergija: da\u017ein\u0117 ciber\u017eol\u0117, tikrasis margainis ir juodieji pipirai, kurie padeda: \u00a0palaikyti normali\u0105 kepen\u0173 veikl\u0105, \u00a0ma\u017einti cholesterolio pertekli\u0173 kraujyje, \u00a0skatinti vir\u0161kinim\u0105, suma\u017einti pilvo sunkum\u0105, \u00a0saugoti organizm\u0105 nuo oksidacin\u0117s pa\u017eaidos, \u00a0palaikyti nat\u016brali\u0105 detoksikacijos eig\u0105.  Kai jauti, kad k\u016bnas sulaik\u0117 per daug \u2013 pad\u0117k jam paleisti tai, ko nereikia. Tinka ie\u0161kan\u010dioms \u0161velnaus, augalinio detokso be bado re\u017eim\u0173 ar chemijos. 60 augalini\u0173 kapsuli\u0173 po 720 mg Vienos d\u0117\u017eut\u0117s u\u017etenka 2 m\u0117nesiams!\" \/>\n<meta property=\"og:url\" content=\"https:\/\/fitnsweet.eu\/et\/toode-2\/carduscaps-n60-maisto-papildas-cholesterolio-mazinimui-kepenims-detoksui\/\" \/>\n<meta property=\"og:site_name\" content=\"Fitnsweet.eu\" \/>\n<meta property=\"article:modified_time\" content=\"2025-06-03T17:34:10+00:00\" \/>\n<meta property=\"og:image\" content=\"https:\/\/fitnsweet.eu\/wp-content\/uploads\/2025\/05\/CardusCaps.png\" \/>\n\t<meta property=\"og:image:width\" content=\"1414\" \/>\n\t<meta property=\"og:image:height\" content=\"2000\" \/>\n\t<meta property=\"og:image:type\" content=\"image\/png\" \/>\n<meta name=\"twitter:card\" content=\"summary_large_image\" \/>\n<meta name=\"twitter:label1\" content=\"Est. reading time\" \/>\n\t<meta name=\"twitter:data1\" content=\"2 minutit\" \/>\n<script type=\"application\/ld+json\" class=\"yoast-schema-graph\">{\"@context\":\"https:\/\/schema.org\",\"@graph\":[{\"@type\":\"WebPage\",\"@id\":\"https:\/\/fitnsweet.eu\/produktas\/carduscaps-n60-maisto-papildas-cholesterolio-mazinimui-kepenims-detoksui\/\",\"url\":\"https:\/\/fitnsweet.eu\/produktas\/carduscaps-n60-maisto-papildas-cholesterolio-mazinimui-kepenims-detoksui\/\",\"name\":\"CARDUSCAPS\u00ae N60 maisto papildas cholesterolio ma\u017einimui, kepenims, detoksui - Fitnsweet.eu\",\"isPartOf\":{\"@id\":\"https:\/\/fitnsweet.eu\/#website\"},\"primaryImageOfPage\":{\"@id\":\"https:\/\/fitnsweet.eu\/produktas\/carduscaps-n60-maisto-papildas-cholesterolio-mazinimui-kepenims-detoksui\/#primaryimage\"},\"image\":{\"@id\":\"https:\/\/fitnsweet.eu\/produktas\/carduscaps-n60-maisto-papildas-cholesterolio-mazinimui-kepenims-detoksui\/#primaryimage\"},\"thumbnailUrl\":\"https:\/\/fitnsweet.eu\/wp-content\/uploads\/2025\/05\/CardusCaps.png\",\"datePublished\":\"2025-05-21T10:04:25+00:00\",\"dateModified\":\"2025-06-03T17:34:10+00:00\",\"breadcrumb\":{\"@id\":\"https:\/\/fitnsweet.eu\/produktas\/carduscaps-n60-maisto-papildas-cholesterolio-mazinimui-kepenims-detoksui\/#breadcrumb\"},\"inLanguage\":\"et\",\"potentialAction\":[{\"@type\":\"ReadAction\",\"target\":[\"https:\/\/fitnsweet.eu\/produktas\/carduscaps-n60-maisto-papildas-cholesterolio-mazinimui-kepenims-detoksui\/\"]}]},{\"@type\":\"ImageObject\",\"inLanguage\":\"et\",\"@id\":\"https:\/\/fitnsweet.eu\/produktas\/carduscaps-n60-maisto-papildas-cholesterolio-mazinimui-kepenims-detoksui\/#primaryimage\",\"url\":\"https:\/\/fitnsweet.eu\/wp-content\/uploads\/2025\/05\/CardusCaps.png\",\"contentUrl\":\"https:\/\/fitnsweet.eu\/wp-content\/uploads\/2025\/05\/CardusCaps.png\",\"width\":1414,\"height\":2000},{\"@type\":\"BreadcrumbList\",\"@id\":\"https:\/\/fitnsweet.eu\/produktas\/carduscaps-n60-maisto-papildas-cholesterolio-mazinimui-kepenims-detoksui\/#breadcrumb\",\"itemListElement\":[{\"@type\":\"ListItem\",\"position\":1,\"name\":\"Home\",\"item\":\"https:\/\/fitnsweet.eu\/\"},{\"@type\":\"ListItem\",\"position\":2,\"name\":\"Produktai\",\"item\":\"https:\/\/fitnsweet.eu\/parduotuve\/\"},{\"@type\":\"ListItem\",\"position\":3,\"name\":\"CARDUSCAPS\u00ae N60 maisto papildas cholesterolio ma\u017einimui, kepenims, detoksui\"}]},{\"@type\":\"WebSite\",\"@id\":\"https:\/\/fitnsweet.eu\/#website\",\"url\":\"https:\/\/fitnsweet.eu\/\",\"name\":\"Fitnsweet.eu\",\"description\":\"Sveika. Saldu. Naudinga.\",\"potentialAction\":[{\"@type\":\"SearchAction\",\"target\":{\"@type\":\"EntryPoint\",\"urlTemplate\":\"https:\/\/fitnsweet.eu\/?s={search_term_string}\"},\"query-input\":{\"@type\":\"PropertyValueSpecification\",\"valueRequired\":true,\"valueName\":\"search_term_string\"}}],\"inLanguage\":\"et\"}]}<\/script>\n<!-- \/ Yoast SEO plugin. -->","yoast_head_json":{"title":"CARDUSCAPS\u00ae N60 maisto papildas cholesterolio ma\u017einimui, kepenims, detoksui - Fitnsweet.eu","robots":{"index":"index","follow":"follow","max-snippet":"max-snippet:-1","max-image-preview":"max-image-preview:large","max-video-preview":"max-video-preview:-1"},"canonical":"https:\/\/fitnsweet.eu\/et\/toode-2\/carduscaps-n60-maisto-papildas-cholesterolio-mazinimui-kepenims-detoksui\/","og_locale":"et_EE","og_type":"article","og_title":"CARDUSCAPS\u00ae N60 maisto papildas cholesterolio ma\u017einimui, kepenims, detoksui - Fitnsweet.eu","og_description":"NAUJIENA GAMINI\u0172 ASORTIMENTE! CARDUSCAPS\u00ae \u2013 tavo pagalba kepenims, vir\u0161kinimui ir nat\u016braliai detoksikacijai. K\u016bnas \u2013 ne ma\u0161ina. Jis kaupia tai, k\u0105 i\u0161gyvenai, valgai, jauti. O kepenys \u2013 tavo tylusis filtras. CARDUSCAPS\u00ae \u2013 tai nat\u016brali trij\u0173 augal\u0173 sinergija: da\u017ein\u0117 ciber\u017eol\u0117, tikrasis margainis ir juodieji pipirai, kurie padeda: \u00a0palaikyti normali\u0105 kepen\u0173 veikl\u0105, \u00a0ma\u017einti cholesterolio pertekli\u0173 kraujyje, \u00a0skatinti vir\u0161kinim\u0105, suma\u017einti pilvo sunkum\u0105, \u00a0saugoti organizm\u0105 nuo oksidacin\u0117s pa\u017eaidos, \u00a0palaikyti nat\u016brali\u0105 detoksikacijos eig\u0105.  Kai jauti, kad k\u016bnas sulaik\u0117 per daug \u2013 pad\u0117k jam paleisti tai, ko nereikia. Tinka ie\u0161kan\u010dioms \u0161velnaus, augalinio detokso be bado re\u017eim\u0173 ar chemijos. 60 augalini\u0173 kapsuli\u0173 po 720 mg Vienos d\u0117\u017eut\u0117s u\u017etenka 2 m\u0117nesiams!","og_url":"https:\/\/fitnsweet.eu\/et\/toode-2\/carduscaps-n60-maisto-papildas-cholesterolio-mazinimui-kepenims-detoksui\/","og_site_name":"Fitnsweet.eu","article_modified_time":"2025-06-03T17:34:10+00:00","og_image":[{"width":1414,"height":2000,"url":"https:\/\/fitnsweet.eu\/wp-content\/uploads\/2025\/05\/CardusCaps.png","type":"image\/png"}],"twitter_card":"summary_large_image","twitter_misc":{"Est. reading time":"2 minutit"},"schema":{"@context":"https:\/\/schema.org","@graph":[{"@type":"WebPage","@id":"https:\/\/fitnsweet.eu\/produktas\/carduscaps-n60-maisto-papildas-cholesterolio-mazinimui-kepenims-detoksui\/","url":"https:\/\/fitnsweet.eu\/produktas\/carduscaps-n60-maisto-papildas-cholesterolio-mazinimui-kepenims-detoksui\/","name":"CARDUSCAPS\u00ae N60 maisto papildas cholesterolio ma\u017einimui, kepenims, detoksui - Fitnsweet.eu","isPartOf":{"@id":"https:\/\/fitnsweet.eu\/#website"},"primaryImageOfPage":{"@id":"https:\/\/fitnsweet.eu\/produktas\/carduscaps-n60-maisto-papildas-cholesterolio-mazinimui-kepenims-detoksui\/#primaryimage"},"image":{"@id":"https:\/\/fitnsweet.eu\/produktas\/carduscaps-n60-maisto-papildas-cholesterolio-mazinimui-kepenims-detoksui\/#primaryimage"},"thumbnailUrl":"https:\/\/fitnsweet.eu\/wp-content\/uploads\/2025\/05\/CardusCaps.png","datePublished":"2025-05-21T10:04:25+00:00","dateModified":"2025-06-03T17:34:10+00:00","breadcrumb":{"@id":"https:\/\/fitnsweet.eu\/produktas\/carduscaps-n60-maisto-papildas-cholesterolio-mazinimui-kepenims-detoksui\/#breadcrumb"},"inLanguage":"et","potentialAction":[{"@type":"ReadAction","target":["https:\/\/fitnsweet.eu\/produktas\/carduscaps-n60-maisto-papildas-cholesterolio-mazinimui-kepenims-detoksui\/"]}]},{"@type":"ImageObject","inLanguage":"et","@id":"https:\/\/fitnsweet.eu\/produktas\/carduscaps-n60-maisto-papildas-cholesterolio-mazinimui-kepenims-detoksui\/#primaryimage","url":"https:\/\/fitnsweet.eu\/wp-content\/uploads\/2025\/05\/CardusCaps.png","contentUrl":"https:\/\/fitnsweet.eu\/wp-content\/uploads\/2025\/05\/CardusCaps.png","width":1414,"height":2000},{"@type":"BreadcrumbList","@id":"https:\/\/fitnsweet.eu\/produktas\/carduscaps-n60-maisto-papildas-cholesterolio-mazinimui-kepenims-detoksui\/#breadcrumb","itemListElement":[{"@type":"ListItem","position":1,"name":"Home","item":"https:\/\/fitnsweet.eu\/"},{"@type":"ListItem","position":2,"name":"Produktai","item":"https:\/\/fitnsweet.eu\/parduotuve\/"},{"@type":"ListItem","position":3,"name":"CARDUSCAPS\u00ae N60 maisto papildas cholesterolio ma\u017einimui, kepenims, detoksui"}]},{"@type":"WebSite","@id":"https:\/\/fitnsweet.eu\/#website","url":"https:\/\/fitnsweet.eu\/","name":"Fitnsweet.eu","description":"Tere. Armas. Kasulik.","potentialAction":[{"@type":"SearchAction","target":{"@type":"EntryPoint","urlTemplate":"https:\/\/fitnsweet.eu\/?s={search_term_string}"},"query-input":{"@type":"PropertyValueSpecification","valueRequired":true,"valueName":"search_term_string"}}],"inLanguage":"et"}]}},"_links":{"self":[{"href":"https:\/\/fitnsweet.eu\/et\/wp-json\/wp\/v2\/product\/55165","targetHints":{"allow":["GET"]}}],"collection":[{"href":"https:\/\/fitnsweet.eu\/et\/wp-json\/wp\/v2\/product"}],"about":[{"href":"https:\/\/fitnsweet.eu\/et\/wp-json\/wp\/v2\/types\/product"}],"replies":[{"embeddable":true,"href":"https:\/\/fitnsweet.eu\/et\/wp-json\/wp\/v2\/comments?post=55165"}],"version-history":[{"count":3,"href":"https:\/\/fitnsweet.eu\/et\/wp-json\/wp\/v2\/product\/55165\/revisions"}],"predecessor-version":[{"id":55235,"href":"https:\/\/fitnsweet.eu\/et\/wp-json\/wp\/v2\/product\/55165\/revisions\/55235"}],"wp:featuredmedia":[{"embeddable":true,"href":"https:\/\/fitnsweet.eu\/et\/wp-json\/wp\/v2\/media\/55180"}],"wp:attachment":[{"href":"https:\/\/fitnsweet.eu\/et\/wp-json\/wp\/v2\/media?parent=55165"}],"wp:term":[{"taxonomy":"product_brand","embeddable":true,"href":"https:\/\/fitnsweet.eu\/et\/wp-json\/wp\/v2\/product_brand?post=55165"},{"taxonomy":"product_cat","embeddable":true,"href":"https:\/\/fitnsweet.eu\/et\/wp-json\/wp\/v2\/product_cat?post=55165"},{"taxonomy":"product_tag","embeddable":true,"href":"https:\/\/fitnsweet.eu\/et\/wp-json\/wp\/v2\/product_tag?post=55165"}],"curies":[{"name":"wp","href":"https:\/\/api.w.org\/{rel}","templated":true}]}}