{"id":55171,"date":"2025-05-21T12:58:35","date_gmt":"2025-05-21T09:58:35","guid":{"rendered":"https:\/\/fitnsweet.eu\/?post_type=product&#038;p=55171"},"modified":"2025-12-02T13:16:43","modified_gmt":"2025-12-02T11:16:43","slug":"ferronemis-su-coq10-n20-gelezies-papildas-su-vitaminais","status":"publish","type":"product","link":"https:\/\/fitnsweet.eu\/et\/toode-2\/ferronemis-su-coq10-n20-gelezies-papildas-su-vitaminais\/","title":{"rendered":"FERRONEMI&#8217;S su CoQ10 N20 gele\u017eies papildas su vitaminais"},"content":{"rendered":"<div><img decoding=\"async\" src=\"https:\/\/cdn.shopify.com\/s\/files\/1\/0651\/6654\/1037\/files\/Gelezis_ampulese_Ferronemis_su_CoQ10.svg?v=1720590969\" alt=\"\" \/><\/div>\n<p>&nbsp;<\/p>\n<p><span style=\"color: #000000;\"><em>RMV &#8211; referencin\u0117 maistin\u0117 vert\u0117 \/\u00a0<\/em><em>&#8211; referencin\u0117 maistin\u0117 vert\u0117 nenustatyta<\/em><\/span><\/p>\n<p><span style=\"color: #000000;\"><strong>Sudedamosios dalys:\u00a0<\/strong>vanduo, paprastojo er\u0161k\u0117\u010dio [<em>Rosa canina L<\/em>.] sultys, koncentruotos tikrojo vynmed\u017eio [<em>Vitis vinifera L<\/em>.] vaisi\u0173 sultys, agav\u0173 [<em>Agave Tequilana<\/em>] sirupas, koncentruot\u0173 m\u0117lyni\u0173 [<em>Vaccinium myrtillus L<\/em>.] sultys, gele\u017eies (II) gliukonatas, L-askorbo r\u016bg\u0161tis (vitaminas C), nat\u016brali raudon\u0173j\u0173 uog\u0173 kvapioji med\u017eiaga, nat\u016brali mandarin\u0173 kvapioji med\u017eiaga, piridoksino hidrochloridas, kofermentas Q<sub>10\u00a0<\/sub>, pteroilmonoglutamo r\u016bg\u0161tis, cianokobalaminas.<\/span><\/p>\n<p><span style=\"color: #000000;\"><strong>Vartojimas.\u00a0\u00a0<\/strong>Suaugusiems ir vaikams nuo 3 met\u0173 gerti po 1-2 buteliukus per dien\u0105, prie\u0161 pusry\u010dius. Prie\u0161 vartojim\u0105 suplakti. Buteliuko turin\u012f supilti \u012f stiklin\u0119 vandens, i\u0161mai\u0161yti ir i\u0161gerti. Minimalus kursas \u2013 20 buteliuk\u0173.\u00a0<\/span><\/p>\n<p><span style=\"color: #000000;\">Gele\u017eis ampul\u0117se tinka vartoti n\u0117\u0161tumo ir laktacijos laikotarpiu.\u00a0<\/span><\/p>\n<p><span style=\"color: #000000;\">Menstruacij\u0173 laikotarpiu rekomenduojama gerti po 1 buteliuk\u0105 per dien\u0105 20 dien\u0173 i\u0161 eil\u0117s nuo pirmosios m\u0117nesini\u0173 dienos. Esant poreikiui, papild\u0105 galima vartoti be pertraukos.<\/span><\/p>\n<p><span style=\"color: #000000;\"><strong>Gele\u017eis ampul\u0117se neturi metalo poskonio ir nesukelia viduri\u0173 u\u017ekiet\u0117jimo.<\/strong><\/span><\/p>\n<p><span style=\"color: #000000;\">Svarbu \u012fvairi ir subalansuota mityba bei sveikas gyvenimo b\u016bdas.<\/span><br \/>\n<span style=\"color: #000000;\">Nevir\u0161yti nustatytos rekomenduojamos doz\u0117s.<\/span><br \/>\n<span style=\"color: #000000;\">Maisto papildas neturi b\u016bti vartojamas kaip maisto pakaitalas.<\/span><br \/>\n<span style=\"color: #000000;\">Laikyti kambario temperat\u016broje, vaikams nepasiekiamoje vietoje.<\/span><\/p>\n<p><span style=\"color: #000000;\"><strong>Tootja:\u00a0<\/strong>INTERSA LABS SL., Ispanija.<\/span><\/p>","protected":false},"excerpt":{"rendered":"<p style=\"text-align: center;\"><strong>NAUJIENA GAMINI\u0172 ASORTIMENTE J\u016aS\u0172 ENERGIJAI, IMUNITETUI, NUOVARGIUI MA\u017dINTI! AUK\u0160\u010cIAUSIA KOKYB\u0116 IR PUIKI SUD\u0116TIS!<br \/>\n<\/strong><\/p>\n<h6 style=\"text-align: center;\"><span style=\"color: #000000;\">Gele\u017eis + Vitaminai + Kofermentas Q<sub>10<\/sub><\/span><\/h6>\n<p>&nbsp;<\/p>\n<p style=\"text-align: center;\"><span style=\"color: #000000;\">Gele\u017eis\u00a0padeda palaikyti normal\u0173 raudon\u0173j\u0173 kraujo k\u016bneli\u0173 ir hemoglobino susidarym\u0105, normal\u0173 deguonies perne\u0161im\u0105 organizme, normali\u0105 energijos apykait\u0105, normali\u0105 imunin\u0117s sistemos veikl\u0105, normali\u0105 pa\u017einimo funkcij\u0105. Gele\u017eis padeda ma\u017einti pavargimo jausm\u0105 ir nuovarg\u012f ir atlieka tam tikr\u0105 funkcij\u0105 l\u0105steli\u0173 dalijimosi procese.<\/span><\/p>\n<p><span style=\"color: #000000;\">Vitaminas C\u00a0gerina gele\u017eies absorbcij\u0105, padeda palaikyti normali\u0105 energijos apykait\u0105, normali\u0105 nerv\u0173 sistemos veikl\u0105, normali\u0105 imunin\u0117s sistemos veikl\u0105, padeda apsaugoti l\u0105steles nuo oksidacin\u0117s pa\u017eaidos ir padeda ma\u017einti pavargimo jausm\u0105 ir nuovarg\u012f.<\/span><\/p>\n<p style=\"text-align: center;\"><span style=\"color: #000000;\">Vitaminas B<sub>6<\/sub>\u00a0padeda palaikyti normal\u0173 raudon\u0173j\u0173 kraujo k\u016bneli\u0173 susidarym\u0105, normali\u0105 nerv\u0173 sistemos veikl\u0105, normali\u0105 psichologin\u0119 funkcij\u0105, normali\u0105 imunin\u0117s sistemos veikl\u0105, normali\u0105 energijos apykait\u0105, normali\u0105 baltym\u0173 ir glikogeno apykait\u0105. Vitaminas B6 padeda ma\u017einti pavargimo jausm\u0105 ir nuovarg\u012f ir padeda reguliuoti hormon\u0173 aktyvum\u0105.<\/span><\/p>\n<p><span style=\"color: #000000;\">Vitaminas B<sub>12<\/sub>\u00a0padeda palaikyti normal\u0173 raudon\u0173j\u0173 kraujo k\u016bneli\u0173 susidarym\u0105, normali\u0105 nerv\u0173 sistemos veikl\u0105, normali\u0105 psichologin\u0119 funkcij\u0105, normali\u0105 imunin\u0117s sistemos veikl\u0105, normali\u0105 energijos apykait\u0105. Vitaminas B[padeda ma\u017einti pavargimo jausm\u0105 ir nuovarg\u012f.<\/span><\/p>\n<p><span style=\"color: #000000;\">Folio r\u016bg\u0161tis\u00a0padeda palaikyti normali\u0105 psichologin\u0119 funkcij\u0105, normali\u0105 imunin\u0117s sistemos veikl\u0105, padeda ma\u017einti pavargimo jausm\u0105 ir nuovarg\u012f, atlieka tam tikr\u0105 funkcij\u0105 l\u0105steli\u0173 dalijimosi procese.<sub><br \/>\n<\/sub><\/span><\/p>\n<p style=\"text-align: center;\"><span style=\"color: #000000;\">20 buteliuk\u0173 po 10 ml<\/span><br \/>\n<span style=\"color: #000000;\">Vienos d\u0117\u017eut\u0117s u\u017etenka 20 dien\u0173!<\/span><\/p>","protected":false},"featured_media":55174,"comment_status":"open","ping_status":"closed","template":"","meta":{"site-sidebar-layout":"default","site-content-layout":"","ast-site-content-layout":"default","site-content-style":"default","site-sidebar-style":"default","ast-global-header-display":"","ast-banner-title-visibility":"","ast-main-header-display":"","ast-hfb-above-header-display":"","ast-hfb-below-header-display":"","ast-hfb-mobile-header-display":"","site-post-title":"","ast-breadcrumbs-content":"","ast-featured-img":"","footer-sml-layout":"","ast-disable-related-posts":"","theme-transparent-header-meta":"default","adv-header-id-meta":"","stick-header-meta":"","header-above-stick-meta":"","header-main-stick-meta":"","header-below-stick-meta":"","astra-migrate-meta-layouts":"set","ast-page-background-enabled":"default","ast-page-background-meta":{"desktop":{"background-color":"var(--ast-global-color-4)","background-image":"","background-repeat":"repeat","background-position":"center center","background-size":"auto","background-attachment":"scroll","background-type":"","background-media":"","overlay-type":"","overlay-color":"","overlay-opacity":"","overlay-gradient":""},"tablet":{"background-color":"","background-image":"","background-repeat":"repeat","background-position":"center center","background-size":"auto","background-attachment":"scroll","background-type":"","background-media":"","overlay-type":"","overlay-color":"","overlay-opacity":"","overlay-gradient":""},"mobile":{"background-color":"","background-image":"","background-repeat":"repeat","background-position":"center center","background-size":"auto","background-attachment":"scroll","background-type":"","background-media":"","overlay-type":"","overlay-color":"","overlay-opacity":"","overlay-gradient":""}},"ast-content-background-meta":{"desktop":{"background-color":"var(--ast-global-color-5)","background-image":"","background-repeat":"repeat","background-position":"center center","background-size":"auto","background-attachment":"scroll","background-type":"","background-media":"","overlay-type":"","overlay-color":"","overlay-opacity":"","overlay-gradient":""},"tablet":{"background-color":"var(--ast-global-color-5)","background-image":"","background-repeat":"repeat","background-position":"center center","background-size":"auto","background-attachment":"scroll","background-type":"","background-media":"","overlay-type":"","overlay-color":"","overlay-opacity":"","overlay-gradient":""},"mobile":{"background-color":"var(--ast-global-color-5)","background-image":"","background-repeat":"repeat","background-position":"center center","background-size":"auto","background-attachment":"scroll","background-type":"","background-media":"","overlay-type":"","overlay-color":"","overlay-opacity":"","overlay-gradient":""}}},"product_brand":[],"product_cat":[407,387,383,368],"product_tag":[],"class_list":{"0":"post-55171","1":"product","2":"type-product","3":"status-publish","4":"has-post-thumbnail","6":"product_cat-energijai-ir-detoksikacijai","7":"product_cat-visi-produktai","8":"product_cat-vitaminai","9":"product_cat-naujienos-2","10":"desktop-align-left","11":"tablet-align-left","12":"mobile-align-left","14":"first","15":"outofstock","16":"taxable","17":"shipping-taxable","18":"purchasable","19":"product-type-simple"},"yoast_head":"<!-- This site is optimized with the Yoast SEO plugin v26.9 - https:\/\/yoast.com\/product\/yoast-seo-wordpress\/ -->\n<title>FERRONEMI&#039;S su CoQ10 N20 gele\u017eies papildas su vitaminais - Fitnsweet.eu<\/title>\n<meta name=\"robots\" content=\"index, follow, max-snippet:-1, max-image-preview:large, max-video-preview:-1\" \/>\n<link rel=\"canonical\" href=\"https:\/\/fitnsweet.eu\/et\/toode-2\/ferronemis-su-coq10-n20-gelezies-papildas-su-vitaminais\/\" \/>\n<meta property=\"og:locale\" content=\"et_EE\" \/>\n<meta property=\"og:type\" content=\"article\" \/>\n<meta property=\"og:title\" content=\"FERRONEMI&#039;S su CoQ10 N20 gele\u017eies papildas su vitaminais - Fitnsweet.eu\" \/>\n<meta property=\"og:description\" content=\"NAUJIENA GAMINI\u0172 ASORTIMENTE J\u016aS\u0172 ENERGIJAI, IMUNITETUI, NUOVARGIUI MA\u017dINTI! AUK\u0160\u010cIAUSIA KOKYB\u0116 IR PUIKI SUD\u0116TIS!   Gele\u017eis + Vitaminai + Kofermentas Q10 &nbsp; Gele\u017eis\u00a0padeda palaikyti normal\u0173 raudon\u0173j\u0173 kraujo k\u016bneli\u0173 ir hemoglobino susidarym\u0105, normal\u0173 deguonies perne\u0161im\u0105 organizme, normali\u0105 energijos apykait\u0105, normali\u0105 imunin\u0117s sistemos veikl\u0105, normali\u0105 pa\u017einimo funkcij\u0105. Gele\u017eis padeda ma\u017einti pavargimo jausm\u0105 ir nuovarg\u012f ir atlieka tam tikr\u0105 funkcij\u0105 l\u0105steli\u0173 dalijimosi procese. Vitaminas C\u00a0gerina gele\u017eies absorbcij\u0105, padeda palaikyti normali\u0105 energijos apykait\u0105, normali\u0105 nerv\u0173 sistemos veikl\u0105, normali\u0105 imunin\u0117s sistemos veikl\u0105, padeda apsaugoti l\u0105steles nuo oksidacin\u0117s pa\u017eaidos ir padeda ma\u017einti pavargimo jausm\u0105 ir nuovarg\u012f. Vitaminas B6\u00a0padeda palaikyti normal\u0173 raudon\u0173j\u0173 kraujo k\u016bneli\u0173 susidarym\u0105, normali\u0105 nerv\u0173 sistemos veikl\u0105, normali\u0105 psichologin\u0119 funkcij\u0105, normali\u0105 imunin\u0117s sistemos veikl\u0105, normali\u0105 energijos apykait\u0105, normali\u0105 baltym\u0173 ir glikogeno apykait\u0105. Vitaminas B6 padeda ma\u017einti pavargimo jausm\u0105 ir nuovarg\u012f ir padeda reguliuoti hormon\u0173 aktyvum\u0105. Vitaminas B12\u00a0padeda palaikyti normal\u0173 raudon\u0173j\u0173 kraujo k\u016bneli\u0173 susidarym\u0105, normali\u0105 nerv\u0173 sistemos veikl\u0105, normali\u0105 psichologin\u0119 funkcij\u0105, normali\u0105 imunin\u0117s sistemos veikl\u0105, normali\u0105 energijos apykait\u0105. Vitaminas B[padeda ma\u017einti pavargimo jausm\u0105 ir nuovarg\u012f.  Folio r\u016bg\u0161tis\u00a0padeda palaikyti normali\u0105 psichologin\u0119 funkcij\u0105, normali\u0105 imunin\u0117s sistemos veikl\u0105, padeda ma\u017einti pavargimo jausm\u0105 ir nuovarg\u012f, atlieka tam tikr\u0105 funkcij\u0105 l\u0105steli\u0173 dalijimosi procese.  20 buteliuk\u0173 po 10 ml Vienos d\u0117\u017eut\u0117s u\u017etenka 20 dien\u0173!\" \/>\n<meta property=\"og:url\" content=\"https:\/\/fitnsweet.eu\/et\/toode-2\/ferronemis-su-coq10-n20-gelezies-papildas-su-vitaminais\/\" \/>\n<meta property=\"og:site_name\" content=\"Fitnsweet.eu\" \/>\n<meta property=\"article:modified_time\" content=\"2025-12-02T11:16:43+00:00\" \/>\n<meta property=\"og:image\" content=\"https:\/\/fitnsweet.eu\/wp-content\/uploads\/2025\/05\/Ferronemis-DR-1.png\" \/>\n\t<meta property=\"og:image:width\" content=\"1\" \/>\n\t<meta property=\"og:image:height\" content=\"1\" \/>\n\t<meta property=\"og:image:type\" content=\"image\/png\" \/>\n<meta name=\"twitter:card\" content=\"summary_large_image\" \/>\n<meta name=\"twitter:label1\" content=\"Est. reading time\" \/>\n\t<meta name=\"twitter:data1\" content=\"2 minutit\" \/>\n<script type=\"application\/ld+json\" class=\"yoast-schema-graph\">{\"@context\":\"https:\/\/schema.org\",\"@graph\":[{\"@type\":\"WebPage\",\"@id\":\"https:\/\/fitnsweet.eu\/produktas\/ferronemis-su-coq10-n20-gelezies-papildas-su-vitaminais\/\",\"url\":\"https:\/\/fitnsweet.eu\/produktas\/ferronemis-su-coq10-n20-gelezies-papildas-su-vitaminais\/\",\"name\":\"FERRONEMI'S su CoQ10 N20 gele\u017eies papildas su vitaminais - Fitnsweet.eu\",\"isPartOf\":{\"@id\":\"https:\/\/fitnsweet.eu\/#website\"},\"primaryImageOfPage\":{\"@id\":\"https:\/\/fitnsweet.eu\/produktas\/ferronemis-su-coq10-n20-gelezies-papildas-su-vitaminais\/#primaryimage\"},\"image\":{\"@id\":\"https:\/\/fitnsweet.eu\/produktas\/ferronemis-su-coq10-n20-gelezies-papildas-su-vitaminais\/#primaryimage\"},\"thumbnailUrl\":\"https:\/\/fitnsweet.eu\/wp-content\/uploads\/2025\/05\/Ferronemis-DR-1.png\",\"datePublished\":\"2025-05-21T09:58:35+00:00\",\"dateModified\":\"2025-12-02T11:16:43+00:00\",\"breadcrumb\":{\"@id\":\"https:\/\/fitnsweet.eu\/produktas\/ferronemis-su-coq10-n20-gelezies-papildas-su-vitaminais\/#breadcrumb\"},\"inLanguage\":\"et\",\"potentialAction\":[{\"@type\":\"ReadAction\",\"target\":[\"https:\/\/fitnsweet.eu\/produktas\/ferronemis-su-coq10-n20-gelezies-papildas-su-vitaminais\/\"]}]},{\"@type\":\"ImageObject\",\"inLanguage\":\"et\",\"@id\":\"https:\/\/fitnsweet.eu\/produktas\/ferronemis-su-coq10-n20-gelezies-papildas-su-vitaminais\/#primaryimage\",\"url\":\"https:\/\/fitnsweet.eu\/wp-content\/uploads\/2025\/05\/Ferronemis-DR-1.png\",\"contentUrl\":\"https:\/\/fitnsweet.eu\/wp-content\/uploads\/2025\/05\/Ferronemis-DR-1.png\"},{\"@type\":\"BreadcrumbList\",\"@id\":\"https:\/\/fitnsweet.eu\/produktas\/ferronemis-su-coq10-n20-gelezies-papildas-su-vitaminais\/#breadcrumb\",\"itemListElement\":[{\"@type\":\"ListItem\",\"position\":1,\"name\":\"Home\",\"item\":\"https:\/\/fitnsweet.eu\/\"},{\"@type\":\"ListItem\",\"position\":2,\"name\":\"Produktai\",\"item\":\"https:\/\/fitnsweet.eu\/parduotuve\/\"},{\"@type\":\"ListItem\",\"position\":3,\"name\":\"FERRONEMI&#8217;S su CoQ10 N20 gele\u017eies papildas su vitaminais\"}]},{\"@type\":\"WebSite\",\"@id\":\"https:\/\/fitnsweet.eu\/#website\",\"url\":\"https:\/\/fitnsweet.eu\/\",\"name\":\"Fitnsweet.eu\",\"description\":\"Sveika. Saldu. Naudinga.\",\"potentialAction\":[{\"@type\":\"SearchAction\",\"target\":{\"@type\":\"EntryPoint\",\"urlTemplate\":\"https:\/\/fitnsweet.eu\/?s={search_term_string}\"},\"query-input\":{\"@type\":\"PropertyValueSpecification\",\"valueRequired\":true,\"valueName\":\"search_term_string\"}}],\"inLanguage\":\"et\"}]}<\/script>\n<!-- \/ Yoast SEO plugin. -->","yoast_head_json":{"title":"FERRONEMI'S su CoQ10 N20 gele\u017eies papildas su vitaminais - Fitnsweet.eu","robots":{"index":"index","follow":"follow","max-snippet":"max-snippet:-1","max-image-preview":"max-image-preview:large","max-video-preview":"max-video-preview:-1"},"canonical":"https:\/\/fitnsweet.eu\/et\/toode-2\/ferronemis-su-coq10-n20-gelezies-papildas-su-vitaminais\/","og_locale":"et_EE","og_type":"article","og_title":"FERRONEMI'S su CoQ10 N20 gele\u017eies papildas su vitaminais - Fitnsweet.eu","og_description":"NAUJIENA GAMINI\u0172 ASORTIMENTE J\u016aS\u0172 ENERGIJAI, IMUNITETUI, NUOVARGIUI MA\u017dINTI! AUK\u0160\u010cIAUSIA KOKYB\u0116 IR PUIKI SUD\u0116TIS!   Gele\u017eis + Vitaminai + Kofermentas Q10 &nbsp; Gele\u017eis\u00a0padeda palaikyti normal\u0173 raudon\u0173j\u0173 kraujo k\u016bneli\u0173 ir hemoglobino susidarym\u0105, normal\u0173 deguonies perne\u0161im\u0105 organizme, normali\u0105 energijos apykait\u0105, normali\u0105 imunin\u0117s sistemos veikl\u0105, normali\u0105 pa\u017einimo funkcij\u0105. Gele\u017eis padeda ma\u017einti pavargimo jausm\u0105 ir nuovarg\u012f ir atlieka tam tikr\u0105 funkcij\u0105 l\u0105steli\u0173 dalijimosi procese. Vitaminas C\u00a0gerina gele\u017eies absorbcij\u0105, padeda palaikyti normali\u0105 energijos apykait\u0105, normali\u0105 nerv\u0173 sistemos veikl\u0105, normali\u0105 imunin\u0117s sistemos veikl\u0105, padeda apsaugoti l\u0105steles nuo oksidacin\u0117s pa\u017eaidos ir padeda ma\u017einti pavargimo jausm\u0105 ir nuovarg\u012f. Vitaminas B6\u00a0padeda palaikyti normal\u0173 raudon\u0173j\u0173 kraujo k\u016bneli\u0173 susidarym\u0105, normali\u0105 nerv\u0173 sistemos veikl\u0105, normali\u0105 psichologin\u0119 funkcij\u0105, normali\u0105 imunin\u0117s sistemos veikl\u0105, normali\u0105 energijos apykait\u0105, normali\u0105 baltym\u0173 ir glikogeno apykait\u0105. Vitaminas B6 padeda ma\u017einti pavargimo jausm\u0105 ir nuovarg\u012f ir padeda reguliuoti hormon\u0173 aktyvum\u0105. Vitaminas B12\u00a0padeda palaikyti normal\u0173 raudon\u0173j\u0173 kraujo k\u016bneli\u0173 susidarym\u0105, normali\u0105 nerv\u0173 sistemos veikl\u0105, normali\u0105 psichologin\u0119 funkcij\u0105, normali\u0105 imunin\u0117s sistemos veikl\u0105, normali\u0105 energijos apykait\u0105. Vitaminas B[padeda ma\u017einti pavargimo jausm\u0105 ir nuovarg\u012f.  Folio r\u016bg\u0161tis\u00a0padeda palaikyti normali\u0105 psichologin\u0119 funkcij\u0105, normali\u0105 imunin\u0117s sistemos veikl\u0105, padeda ma\u017einti pavargimo jausm\u0105 ir nuovarg\u012f, atlieka tam tikr\u0105 funkcij\u0105 l\u0105steli\u0173 dalijimosi procese.  20 buteliuk\u0173 po 10 ml Vienos d\u0117\u017eut\u0117s u\u017etenka 20 dien\u0173!","og_url":"https:\/\/fitnsweet.eu\/et\/toode-2\/ferronemis-su-coq10-n20-gelezies-papildas-su-vitaminais\/","og_site_name":"Fitnsweet.eu","article_modified_time":"2025-12-02T11:16:43+00:00","og_image":[{"url":"https:\/\/fitnsweet.eu\/wp-content\/uploads\/2025\/05\/Ferronemis-DR-1.png","width":1,"height":1,"type":"image\/png"}],"twitter_card":"summary_large_image","twitter_misc":{"Est. reading time":"2 minutit"},"schema":{"@context":"https:\/\/schema.org","@graph":[{"@type":"WebPage","@id":"https:\/\/fitnsweet.eu\/produktas\/ferronemis-su-coq10-n20-gelezies-papildas-su-vitaminais\/","url":"https:\/\/fitnsweet.eu\/produktas\/ferronemis-su-coq10-n20-gelezies-papildas-su-vitaminais\/","name":"FERRONEMI'S su CoQ10 N20 gele\u017eies papildas su vitaminais - Fitnsweet.eu","isPartOf":{"@id":"https:\/\/fitnsweet.eu\/#website"},"primaryImageOfPage":{"@id":"https:\/\/fitnsweet.eu\/produktas\/ferronemis-su-coq10-n20-gelezies-papildas-su-vitaminais\/#primaryimage"},"image":{"@id":"https:\/\/fitnsweet.eu\/produktas\/ferronemis-su-coq10-n20-gelezies-papildas-su-vitaminais\/#primaryimage"},"thumbnailUrl":"https:\/\/fitnsweet.eu\/wp-content\/uploads\/2025\/05\/Ferronemis-DR-1.png","datePublished":"2025-05-21T09:58:35+00:00","dateModified":"2025-12-02T11:16:43+00:00","breadcrumb":{"@id":"https:\/\/fitnsweet.eu\/produktas\/ferronemis-su-coq10-n20-gelezies-papildas-su-vitaminais\/#breadcrumb"},"inLanguage":"et","potentialAction":[{"@type":"ReadAction","target":["https:\/\/fitnsweet.eu\/produktas\/ferronemis-su-coq10-n20-gelezies-papildas-su-vitaminais\/"]}]},{"@type":"ImageObject","inLanguage":"et","@id":"https:\/\/fitnsweet.eu\/produktas\/ferronemis-su-coq10-n20-gelezies-papildas-su-vitaminais\/#primaryimage","url":"https:\/\/fitnsweet.eu\/wp-content\/uploads\/2025\/05\/Ferronemis-DR-1.png","contentUrl":"https:\/\/fitnsweet.eu\/wp-content\/uploads\/2025\/05\/Ferronemis-DR-1.png"},{"@type":"BreadcrumbList","@id":"https:\/\/fitnsweet.eu\/produktas\/ferronemis-su-coq10-n20-gelezies-papildas-su-vitaminais\/#breadcrumb","itemListElement":[{"@type":"ListItem","position":1,"name":"Home","item":"https:\/\/fitnsweet.eu\/"},{"@type":"ListItem","position":2,"name":"Produktai","item":"https:\/\/fitnsweet.eu\/parduotuve\/"},{"@type":"ListItem","position":3,"name":"FERRONEMI&#8217;S su CoQ10 N20 gele\u017eies papildas su vitaminais"}]},{"@type":"WebSite","@id":"https:\/\/fitnsweet.eu\/#website","url":"https:\/\/fitnsweet.eu\/","name":"Fitnsweet.eu","description":"Tere. Armas. Kasulik.","potentialAction":[{"@type":"SearchAction","target":{"@type":"EntryPoint","urlTemplate":"https:\/\/fitnsweet.eu\/?s={search_term_string}"},"query-input":{"@type":"PropertyValueSpecification","valueRequired":true,"valueName":"search_term_string"}}],"inLanguage":"et"}]}},"_links":{"self":[{"href":"https:\/\/fitnsweet.eu\/et\/wp-json\/wp\/v2\/product\/55171","targetHints":{"allow":["GET"]}}],"collection":[{"href":"https:\/\/fitnsweet.eu\/et\/wp-json\/wp\/v2\/product"}],"about":[{"href":"https:\/\/fitnsweet.eu\/et\/wp-json\/wp\/v2\/types\/product"}],"replies":[{"embeddable":true,"href":"https:\/\/fitnsweet.eu\/et\/wp-json\/wp\/v2\/comments?post=55171"}],"version-history":[{"count":2,"href":"https:\/\/fitnsweet.eu\/et\/wp-json\/wp\/v2\/product\/55171\/revisions"}],"predecessor-version":[{"id":55175,"href":"https:\/\/fitnsweet.eu\/et\/wp-json\/wp\/v2\/product\/55171\/revisions\/55175"}],"wp:featuredmedia":[{"embeddable":true,"href":"https:\/\/fitnsweet.eu\/et\/wp-json\/wp\/v2\/media\/55174"}],"wp:attachment":[{"href":"https:\/\/fitnsweet.eu\/et\/wp-json\/wp\/v2\/media?parent=55171"}],"wp:term":[{"taxonomy":"product_brand","embeddable":true,"href":"https:\/\/fitnsweet.eu\/et\/wp-json\/wp\/v2\/product_brand?post=55171"},{"taxonomy":"product_cat","embeddable":true,"href":"https:\/\/fitnsweet.eu\/et\/wp-json\/wp\/v2\/product_cat?post=55171"},{"taxonomy":"product_tag","embeddable":true,"href":"https:\/\/fitnsweet.eu\/et\/wp-json\/wp\/v2\/product_tag?post=55171"}],"curies":[{"name":"wp","href":"https:\/\/api.w.org\/{rel}","templated":true}]}}