{"id":9262,"date":"2020-05-08T12:04:32","date_gmt":"2020-05-08T09:04:32","guid":{"rendered":"https:\/\/fitnsweet.lt\/?post_type=product&#038;p=9262"},"modified":"2025-12-15T01:51:54","modified_gmt":"2025-12-14T23:51:54","slug":"ilusam-keha-suvi-issukio-komplekt-2","status":"publish","type":"product","link":"https:\/\/fitnsweet.eu\/et\/toode-2\/ilusam-keha-suvi-issukio-komplekt-2\/","title":{"rendered":"\u00d5hem korpus koos Slim Queeni komplektiga"},"content":{"rendered":"<p style=\"text-align: left;\"><span style=\"color: #000000;\"><strong>Tarbimine:<\/strong><\/span><br \/>\n<span style=\"color: #000000;\">\u00dche portsjoni jaoks (vastab \u00fchele n\u00f5udele) lisage pudelisse v\u00f5i visplisse 30 g pulbrit (1 m\u00f5\u00f5telusikas pakendis), segage 275 ml k\u00fclma piima v\u00f5i veega ja loksutage umbes 20 sekundit. Saate juba maitsta!<\/span><\/p>\n<p><span style=\"color: #000000;\"><strong>*<\/strong> Kui soovite kaalust alla v\u00f5tta, peaksite kaks s\u00f6\u00f6gikorda p\u00e4evas (eelistatavalt hommikus\u00f6\u00f6k, \u00fcks suupiste p\u00e4evas v\u00f5i \u00f5htus\u00f6\u00f6k) asendama Slim Queeni kokteiliga. Kui teie eesm\u00e4rk on oma kaalu s\u00e4ilitada, piisab \u00fche toidukorra kokteili asendamiseks p\u00e4evas \u00fchest toidukorrast. Selleks peaksite j\u00e4rgima ettevalmistamise soovitusi. Samuti soovitatakse p\u00e4eva jooksul juua piisavalt vedelikku, eelistatavalt vett. Kokteil t\u00e4idab oma eesm\u00e4rki vastavalt tervisliku toitumise p\u00f5him\u00f5tetele, seega peaksite veenduma, et ka teised toidud oleksid teie dieedi, tervisliku toitumise osa.<\/span><\/p>\n<p><span style=\"color: #000000;\"><strong>Koostis:<\/strong><\/span><br \/>\n<span style=\"color: #000000;\"> Vadakuvalgu kontsentraat (sisaldab emulgaatorit: p\u00e4evalilleletsitiin), maltodekstriin, kaltsiumkaseinaat (sisaldab piima, sisaldab emulgaatorit: p\u00e4evalilletsetsitiin), emulgaator: sojaletsitiin, paksendaja: gl\u00fckomannaan; L\u00f5hnaaine, magneesiumkarbonaat, kaltsiumkarbonaat, paksendaja: ksantaan; Sool, madala rasvasisaldusega kakaopulber, kaaliumtsitraat, beetakaroteen, L-askorbiinhape, magusaine: sahharoos; Raudsulfaat, tsinkgl\u00fckonaat, vaskgl\u00fckonaat, mangaansulfaat, kaaliumjodiid, naatriumseleniit, nikotiinamiid, dl-alfa-tokofer\u00fc\u00fclatsetaat, kaltsium-D-pantotenaat, p\u00fcridoksiinvesinikkloriid, riboflaviin, tiamiinmononitraat, retin\u00fc\u00fclatsetaat, retin\u00fc\u00fclatsetaat, , ts\u00fcanokobalamiin.<\/span><\/p>\n<p><span style=\"color: #000000;\"><strong>Allergeenid:<\/strong><\/span><br \/>\n<span style=\"color: #000000;\"> Sisaldab soja, piimatooteid. Seal v\u00f5ib olla j\u00e4lgi munadest ja gluteenist.<\/span><\/p>\n<p><span style=\"color: #000000;\"><strong>Energiav\u00e4\u00e4rtus 100 G \/ 30 G pulber % serveerimiseks\u00a0<\/strong><\/span><br \/>\n<span style=\"color: #000000;\">1691,47 kj, 404,00 kcal \/ 507,44 kj 121,20 kcal 6,06 protsenti.<\/span><\/p>\n<p><span style=\"color: #000000;\"><em>rasv 11,00 g \/ 3,30 g 471%<\/em><\/span><br \/>\n<span style=\"color: #000000;\"><em>sellest: k\u00fcllastunud rasvhapped 1,50 g \/ 0,45 g 2,25%<\/em><\/span><br \/>\n<span style=\"color: #000000;\"><em>s\u00fcsivesikud 37,00 g \/ 11,10 g 4,27%<\/em><\/span><br \/>\n<span style=\"color: #000000;\"><em>millest suhkrud 5,30 g \/ 1,59 g 1,77%<\/em><\/span><br \/>\n<span style=\"color: #000000;\"><em>kiudained 3,90 g \/ 1,17 g 3,90%<\/em><\/span><br \/>\n<span style=\"color: #000000;\"><em>valk 37,00 g \/ 11,10 g 2220%<\/em><\/span><br \/>\n<span style=\"color: #000000;\"><em>soolad 1,00 g \/ 0,30 g 5,00%<\/em><\/span><\/p>\n<p>&nbsp;<\/p>","protected":false},"excerpt":{"rendered":"<p style=\"text-align: center;\"><span style=\"color: #000000;\"><strong>\u201eSLIM QUEEN\u201d KOKTEILIS PAKEIT\u0116 PAKUOT\u0118! KLIENT\u0116S TEIGIA, KAD TAI SKANIAUSIAS SVORIO METIMO \u2013 MAISTO PAKAITALO KOKTEILIS RINKOJE!<br \/>\n\u0160IUO METU PRIIMAMI I\u0160ANKSTINIAI KOKTEILI\u0172 U\u017dSAKYMAI, I\u0160SIUNTIMAS PLANUOJAMAS NUO LAPKRI\u010cIO 15-TOS DIENOS<\/strong><\/span><\/p>\n<p>Slim Queen &#8211; tai maistas J\u016bs\u0173 svorio kontrolei bei pagalbininkas palaikant dailias k\u016bno formas. Taip pat tai bus puiki alternatyva nesp\u0117jant u\u017ek\u0105sti ar papusry\u010diauti. Tai tobulas sprendimas kai norite greit pasigaminti sveikus pusry\u010dius ir skub\u0117ti \u012f darbus ar mokslus. Idealus sprendimas kai tiesiog norite papildyti k\u016bn\u0105 naudingomis maistin\u0117mis med\u017eiagomis, vitaminais, mineralais. Slim Queen kokteiliai prisid\u0117s ir prie J\u016bs\u0173 skalndesn\u0117s, geresn\u0117s \u017earnyno veiklos, papildys \u017earnyn\u0105 prebiotikais. Tobulai subalansuoti skoniai ir Premium kokyb\u0117s sud\u0117tis.<\/p>\n<p><span style=\"background-color: transparent; color: #000000; font-family: 'Hind Madurai', Helvetica, Arial, Lucida, sans-serif; font-size: 15px;\">Pusry\u010dius, vakarien\u0119 ar dienos u\u017ekand\u012f pakeisdami &#8222;Slim Queen&#8221;, dabar galite lengvai suma\u017einti savo svor\u012f. I\u0161bandykite ypa\u010d gard\u017eius vanil\u0117s, \u0161okolado, \u0161vie\u017ei\u0173 bra\u0161ki\u0173 skonius ir i\u0161sirinkite savo m\u0117gstamiausi\u0105. Dabar ruo\u0161ti bei dailinti k\u016bn\u0105 vasarai dar lengviau su Queen liekn\u0117jimo kokteiliu! Sud\u0117tyje yra net iki 22 skirting\u0173 vitamin\u0173 ir mineral\u0173!<\/span><\/p>\n<h6><span style=\"color: #000000;\"><span style=\"color: #ff00ff;\"><strong>Komplekt koosneb:<\/strong><\/span> salendavad kokteilid kolmest teie valitud maitsest 420 g ja teie valitud jook 500 ml.<\/span><\/h6>\n<p><span style=\"color: #ff00ff;\"><strong><span style=\"margin: 0px; line-height: 115%; font-family: 'Times New Roman', serif; font-size: 12pt;\">Selle komplekti ostuga kaasneb TASUTA kulleriga kohaletoimetamine.<\/span><\/strong><\/span><\/p>\n<p><img fetchpriority=\"high\" decoding=\"async\" class=\"alignnone size-full wp-image-26824\" src=\"https:\/\/fitnsweet.eu\/wp-content\/uploads\/2020\/11\/1_ikonos-03.png\" alt=\"\" width=\"1920\" height=\"567\" \/><\/p>","protected":false},"featured_media":45519,"comment_status":"open","ping_status":"closed","template":"","meta":{"site-sidebar-layout":"default","site-content-layout":"default","ast-site-content-layout":"default","site-content-style":"default","site-sidebar-style":"default","ast-global-header-display":"","ast-banner-title-visibility":"","ast-main-header-display":"","ast-hfb-above-header-display":"","ast-hfb-below-header-display":"","ast-hfb-mobile-header-display":"","site-post-title":"","ast-breadcrumbs-content":"","ast-featured-img":"","footer-sml-layout":"","ast-disable-related-posts":"","theme-transparent-header-meta":"default","adv-header-id-meta":"","stick-header-meta":"","header-above-stick-meta":"","header-main-stick-meta":"","header-below-stick-meta":"","astra-migrate-meta-layouts":"set","ast-page-background-enabled":"default","ast-page-background-meta":{"desktop":{"background-color":"var(--ast-global-color-4)","background-image":"","background-repeat":"repeat","background-position":"center center","background-size":"auto","background-attachment":"scroll","background-type":"","background-media":"","overlay-type":"","overlay-color":"","overlay-opacity":"","overlay-gradient":""},"tablet":{"background-color":"","background-image":"","background-repeat":"repeat","background-position":"center center","background-size":"auto","background-attachment":"scroll","background-type":"","background-media":"","overlay-type":"","overlay-color":"","overlay-opacity":"","overlay-gradient":""},"mobile":{"background-color":"","background-image":"","background-repeat":"repeat","background-position":"center center","background-size":"auto","background-attachment":"scroll","background-type":"","background-media":"","overlay-type":"","overlay-color":"","overlay-opacity":"","overlay-gradient":""}},"ast-content-background-meta":{"desktop":{"background-color":"var(--ast-global-color-5)","background-image":"","background-repeat":"repeat","background-position":"center center","background-size":"auto","background-attachment":"scroll","background-type":"","background-media":"","overlay-type":"","overlay-color":"","overlay-opacity":"","overlay-gradient":""},"tablet":{"background-color":"var(--ast-global-color-5)","background-image":"","background-repeat":"repeat","background-position":"center center","background-size":"auto","background-attachment":"scroll","background-type":"","background-media":"","overlay-type":"","overlay-color":"","overlay-opacity":"","overlay-gradient":""},"mobile":{"background-color":"var(--ast-global-color-5)","background-image":"","background-repeat":"repeat","background-position":"center center","background-size":"auto","background-attachment":"scroll","background-type":"","background-media":"","overlay-type":"","overlay-color":"","overlay-opacity":"","overlay-gradient":""}}},"product_brand":[],"product_cat":[386,396,393,377,387,365,314,313,13,112,148],"product_tag":[301,296,288,77,326],"class_list":{"0":"post-9262","1":"product","2":"type-product","3":"status-publish","4":"has-post-thumbnail","6":"product_cat-ispardavimas-2","7":"product_cat-lieknejimui","8":"product_cat-rinkiniai","9":"product_cat-slim-queen-maisto-pakaitalo-kokteiliai-2","10":"product_cat-visi-produktai","11":"product_cat-ispardavimas","12":"product_cat-slim-queen-maisto-pakaitalo-kokteiliai","13":"product_cat-baltyminiai-kokteiliai","14":"product_cat-httpfitnsweet-ltprodukto-kategorijagymqueen","15":"product_cat-gymqueen-figurai","16":"product_cat-gymqueen-rinkiniai","17":"product_tag-kokteilis","18":"product_tag-lieknejimui","19":"product_tag-queen-slim","20":"product_tag-slim","21":"product_tag-slim-queen","22":"desktop-align-left","23":"tablet-align-left","24":"mobile-align-left","26":"first","27":"instock","28":"sale","29":"taxable","30":"shipping-taxable","31":"purchasable","32":"product-type-variable"},"yoast_head":"<!-- This site is optimized with the Yoast SEO plugin v26.9 - https:\/\/yoast.com\/product\/yoast-seo-wordpress\/ -->\n<title>Lieknesnio k\u016bno su Slim Queen rinkinys - Fitnsweet.eu<\/title>\n<meta name=\"robots\" content=\"index, follow, max-snippet:-1, max-image-preview:large, max-video-preview:-1\" \/>\n<link rel=\"canonical\" href=\"https:\/\/fitnsweet.eu\/et\/toode-2\/ilusam-keha-suvi-issukio-komplekt-2\/\" \/>\n<meta property=\"og:locale\" content=\"et_EE\" \/>\n<meta property=\"og:type\" content=\"article\" \/>\n<meta property=\"og:title\" content=\"Lieknesnio k\u016bno su Slim Queen rinkinys - Fitnsweet.eu\" \/>\n<meta property=\"og:description\" content=\"\u201eSLIM QUEEN\u201d KOKTEILIS PAKEIT\u0116 PAKUOT\u0118! KLIENT\u0116S TEIGIA, KAD TAI SKANIAUSIAS SVORIO METIMO \u2013 MAISTO PAKAITALO KOKTEILIS RINKOJE! \u0160IUO METU PRIIMAMI I\u0160ANKSTINIAI KOKTEILI\u0172 U\u017dSAKYMAI, I\u0160SIUNTIMAS PLANUOJAMAS NUO LAPKRI\u010cIO 15-TOS DIENOS Slim Queen - tai maistas J\u016bs\u0173 svorio kontrolei bei pagalbininkas palaikant dailias k\u016bno formas. Taip pat tai bus puiki alternatyva nesp\u0117jant u\u017ek\u0105sti ar papusry\u010diauti. Tai tobulas sprendimas kai norite greit pasigaminti sveikus pusry\u010dius ir skub\u0117ti \u012f darbus ar mokslus. Idealus sprendimas kai tiesiog norite papildyti k\u016bn\u0105 naudingomis maistin\u0117mis med\u017eiagomis, vitaminais, mineralais. Slim Queen kokteiliai prisid\u0117s ir prie J\u016bs\u0173 skalndesn\u0117s, geresn\u0117s \u017earnyno veiklos, papildys \u017earnyn\u0105 prebiotikais. Tobulai subalansuoti skoniai ir Premium kokyb\u0117s sud\u0117tis.  Pusry\u010dius, vakarien\u0119 ar dienos u\u017ekand\u012f pakeisdami &quot;Slim Queen&quot;, dabar galite lengvai suma\u017einti savo svor\u012f. I\u0161bandykite ypa\u010d gard\u017eius vanil\u0117s, \u0161okolado, \u0161vie\u017ei\u0173 bra\u0161ki\u0173 skonius ir i\u0161sirinkite savo m\u0117gstamiausi\u0105. Dabar ruo\u0161ti bei dailinti k\u016bn\u0105 vasarai dar lengviau su Queen liekn\u0117jimo kokteiliu! Sud\u0117tyje yra net iki 22 skirting\u0173 vitamin\u0173 ir mineral\u0173! Rinkin\u012f sudaro: trij\u0173 J\u016bs\u0173 pasirinkt\u0173 skoni\u0173 liekn\u0117jimo kokteiliai po 420 g ir J\u016bs\u0173 pasirinkta gertuv\u0117 po 500 ml. \u012esigyjant \u0161\u012f rinkin\u012f taikomas NEMOKAMAS pristatymas kurjeriu.\" \/>\n<meta property=\"og:url\" content=\"https:\/\/fitnsweet.eu\/et\/toode-2\/ilusam-keha-suvi-issukio-komplekt-2\/\" \/>\n<meta property=\"og:site_name\" content=\"Fitnsweet.eu\" \/>\n<meta property=\"article:modified_time\" content=\"2025-12-14T23:51:54+00:00\" \/>\n<meta property=\"og:image\" content=\"https:\/\/fitnsweet.eu\/wp-content\/uploads\/2020\/05\/trys-slim-shake_fitnsweetgertuve.png\" \/>\n\t<meta property=\"og:image:width\" content=\"1080\" \/>\n\t<meta property=\"og:image:height\" content=\"1080\" \/>\n\t<meta property=\"og:image:type\" content=\"image\/png\" \/>\n<meta name=\"twitter:card\" content=\"summary_large_image\" \/>\n<meta name=\"twitter:label1\" content=\"Est. reading time\" \/>\n\t<meta name=\"twitter:data1\" content=\"2 minutit\" \/>\n<script type=\"application\/ld+json\" class=\"yoast-schema-graph\">{\"@context\":\"https:\/\/schema.org\",\"@graph\":[{\"@type\":\"WebPage\",\"@id\":\"https:\/\/fitnsweet.eu\/produktas\/dailesnio-kuno-vasarai-issukio-rinkinys\/\",\"url\":\"https:\/\/fitnsweet.eu\/produktas\/dailesnio-kuno-vasarai-issukio-rinkinys\/\",\"name\":\"Lieknesnio k\u016bno su Slim Queen rinkinys - Fitnsweet.eu\",\"isPartOf\":{\"@id\":\"https:\/\/fitnsweet.eu\/#website\"},\"primaryImageOfPage\":{\"@id\":\"https:\/\/fitnsweet.eu\/produktas\/dailesnio-kuno-vasarai-issukio-rinkinys\/#primaryimage\"},\"image\":{\"@id\":\"https:\/\/fitnsweet.eu\/produktas\/dailesnio-kuno-vasarai-issukio-rinkinys\/#primaryimage\"},\"thumbnailUrl\":\"https:\/\/fitnsweet.eu\/wp-content\/uploads\/2020\/05\/trys-slim-shake_fitnsweetgertuve.png\",\"datePublished\":\"2020-05-08T09:04:32+00:00\",\"dateModified\":\"2025-12-14T23:51:54+00:00\",\"breadcrumb\":{\"@id\":\"https:\/\/fitnsweet.eu\/produktas\/dailesnio-kuno-vasarai-issukio-rinkinys\/#breadcrumb\"},\"inLanguage\":\"et\",\"potentialAction\":[{\"@type\":\"ReadAction\",\"target\":[\"https:\/\/fitnsweet.eu\/produktas\/dailesnio-kuno-vasarai-issukio-rinkinys\/\"]}]},{\"@type\":\"ImageObject\",\"inLanguage\":\"et\",\"@id\":\"https:\/\/fitnsweet.eu\/produktas\/dailesnio-kuno-vasarai-issukio-rinkinys\/#primaryimage\",\"url\":\"https:\/\/fitnsweet.eu\/wp-content\/uploads\/2020\/05\/trys-slim-shake_fitnsweetgertuve.png\",\"contentUrl\":\"https:\/\/fitnsweet.eu\/wp-content\/uploads\/2020\/05\/trys-slim-shake_fitnsweetgertuve.png\",\"width\":1080,\"height\":1080},{\"@type\":\"BreadcrumbList\",\"@id\":\"https:\/\/fitnsweet.eu\/produktas\/dailesnio-kuno-vasarai-issukio-rinkinys\/#breadcrumb\",\"itemListElement\":[{\"@type\":\"ListItem\",\"position\":1,\"name\":\"Home\",\"item\":\"https:\/\/fitnsweet.eu\/\"},{\"@type\":\"ListItem\",\"position\":2,\"name\":\"Produktai\",\"item\":\"https:\/\/fitnsweet.eu\/parduotuve\/\"},{\"@type\":\"ListItem\",\"position\":3,\"name\":\"Lieknesnio k\u016bno su Slim Queen rinkinys\"}]},{\"@type\":\"WebSite\",\"@id\":\"https:\/\/fitnsweet.eu\/#website\",\"url\":\"https:\/\/fitnsweet.eu\/\",\"name\":\"Fitnsweet.eu\",\"description\":\"Sveika. Saldu. Naudinga.\",\"potentialAction\":[{\"@type\":\"SearchAction\",\"target\":{\"@type\":\"EntryPoint\",\"urlTemplate\":\"https:\/\/fitnsweet.eu\/?s={search_term_string}\"},\"query-input\":{\"@type\":\"PropertyValueSpecification\",\"valueRequired\":true,\"valueName\":\"search_term_string\"}}],\"inLanguage\":\"et\"}]}<\/script>\n<!-- \/ Yoast SEO plugin. -->","yoast_head_json":{"title":"Saledam kehakomplekt koos Slim Queeniga - Fitnsweet.eu","robots":{"index":"index","follow":"follow","max-snippet":"max-snippet:-1","max-image-preview":"max-image-preview:large","max-video-preview":"max-video-preview:-1"},"canonical":"https:\/\/fitnsweet.eu\/et\/toode-2\/ilusam-keha-suvi-issukio-komplekt-2\/","og_locale":"et_EE","og_type":"article","og_title":"Lieknesnio k\u016bno su Slim Queen rinkinys - Fitnsweet.eu","og_description":"\u201eSLIM QUEEN\u201d KOKTEILIS PAKEIT\u0116 PAKUOT\u0118! KLIENT\u0116S TEIGIA, KAD TAI SKANIAUSIAS SVORIO METIMO \u2013 MAISTO PAKAITALO KOKTEILIS RINKOJE! \u0160IUO METU PRIIMAMI I\u0160ANKSTINIAI KOKTEILI\u0172 U\u017dSAKYMAI, I\u0160SIUNTIMAS PLANUOJAMAS NUO LAPKRI\u010cIO 15-TOS DIENOS Slim Queen - tai maistas J\u016bs\u0173 svorio kontrolei bei pagalbininkas palaikant dailias k\u016bno formas. Taip pat tai bus puiki alternatyva nesp\u0117jant u\u017ek\u0105sti ar papusry\u010diauti. Tai tobulas sprendimas kai norite greit pasigaminti sveikus pusry\u010dius ir skub\u0117ti \u012f darbus ar mokslus. Idealus sprendimas kai tiesiog norite papildyti k\u016bn\u0105 naudingomis maistin\u0117mis med\u017eiagomis, vitaminais, mineralais. Slim Queen kokteiliai prisid\u0117s ir prie J\u016bs\u0173 skalndesn\u0117s, geresn\u0117s \u017earnyno veiklos, papildys \u017earnyn\u0105 prebiotikais. Tobulai subalansuoti skoniai ir Premium kokyb\u0117s sud\u0117tis.  Pusry\u010dius, vakarien\u0119 ar dienos u\u017ekand\u012f pakeisdami \"Slim Queen\", dabar galite lengvai suma\u017einti savo svor\u012f. I\u0161bandykite ypa\u010d gard\u017eius vanil\u0117s, \u0161okolado, \u0161vie\u017ei\u0173 bra\u0161ki\u0173 skonius ir i\u0161sirinkite savo m\u0117gstamiausi\u0105. Dabar ruo\u0161ti bei dailinti k\u016bn\u0105 vasarai dar lengviau su Queen liekn\u0117jimo kokteiliu! Sud\u0117tyje yra net iki 22 skirting\u0173 vitamin\u0173 ir mineral\u0173! Rinkin\u012f sudaro: trij\u0173 J\u016bs\u0173 pasirinkt\u0173 skoni\u0173 liekn\u0117jimo kokteiliai po 420 g ir J\u016bs\u0173 pasirinkta gertuv\u0117 po 500 ml. \u012esigyjant \u0161\u012f rinkin\u012f taikomas NEMOKAMAS pristatymas kurjeriu.","og_url":"https:\/\/fitnsweet.eu\/et\/toode-2\/ilusam-keha-suvi-issukio-komplekt-2\/","og_site_name":"Fitnsweet.eu","article_modified_time":"2025-12-14T23:51:54+00:00","og_image":[{"width":1080,"height":1080,"url":"https:\/\/fitnsweet.eu\/wp-content\/uploads\/2020\/05\/trys-slim-shake_fitnsweetgertuve.png","type":"image\/png"}],"twitter_card":"summary_large_image","twitter_misc":{"Est. reading time":"2 minutit"},"schema":{"@context":"https:\/\/schema.org","@graph":[{"@type":"WebPage","@id":"https:\/\/fitnsweet.eu\/produktas\/dailesnio-kuno-vasarai-issukio-rinkinys\/","url":"https:\/\/fitnsweet.eu\/produktas\/dailesnio-kuno-vasarai-issukio-rinkinys\/","name":"Saledam kehakomplekt koos Slim Queeniga - Fitnsweet.eu","isPartOf":{"@id":"https:\/\/fitnsweet.eu\/#website"},"primaryImageOfPage":{"@id":"https:\/\/fitnsweet.eu\/produktas\/dailesnio-kuno-vasarai-issukio-rinkinys\/#primaryimage"},"image":{"@id":"https:\/\/fitnsweet.eu\/produktas\/dailesnio-kuno-vasarai-issukio-rinkinys\/#primaryimage"},"thumbnailUrl":"https:\/\/fitnsweet.eu\/wp-content\/uploads\/2020\/05\/trys-slim-shake_fitnsweetgertuve.png","datePublished":"2020-05-08T09:04:32+00:00","dateModified":"2025-12-14T23:51:54+00:00","breadcrumb":{"@id":"https:\/\/fitnsweet.eu\/produktas\/dailesnio-kuno-vasarai-issukio-rinkinys\/#breadcrumb"},"inLanguage":"et","potentialAction":[{"@type":"ReadAction","target":["https:\/\/fitnsweet.eu\/produktas\/dailesnio-kuno-vasarai-issukio-rinkinys\/"]}]},{"@type":"ImageObject","inLanguage":"et","@id":"https:\/\/fitnsweet.eu\/produktas\/dailesnio-kuno-vasarai-issukio-rinkinys\/#primaryimage","url":"https:\/\/fitnsweet.eu\/wp-content\/uploads\/2020\/05\/trys-slim-shake_fitnsweetgertuve.png","contentUrl":"https:\/\/fitnsweet.eu\/wp-content\/uploads\/2020\/05\/trys-slim-shake_fitnsweetgertuve.png","width":1080,"height":1080},{"@type":"BreadcrumbList","@id":"https:\/\/fitnsweet.eu\/produktas\/dailesnio-kuno-vasarai-issukio-rinkinys\/#breadcrumb","itemListElement":[{"@type":"ListItem","position":1,"name":"Home","item":"https:\/\/fitnsweet.eu\/"},{"@type":"ListItem","position":2,"name":"Produktai","item":"https:\/\/fitnsweet.eu\/parduotuve\/"},{"@type":"ListItem","position":3,"name":"Lieknesnio k\u016bno su Slim Queen rinkinys"}]},{"@type":"WebSite","@id":"https:\/\/fitnsweet.eu\/#website","url":"https:\/\/fitnsweet.eu\/","name":"Fitnsweet.eu","description":"Tere. Armas. Kasulik.","potentialAction":[{"@type":"SearchAction","target":{"@type":"EntryPoint","urlTemplate":"https:\/\/fitnsweet.eu\/?s={search_term_string}"},"query-input":{"@type":"PropertyValueSpecification","valueRequired":true,"valueName":"search_term_string"}}],"inLanguage":"et"}]}},"_links":{"self":[{"href":"https:\/\/fitnsweet.eu\/et\/wp-json\/wp\/v2\/product\/9262","targetHints":{"allow":["GET"]}}],"collection":[{"href":"https:\/\/fitnsweet.eu\/et\/wp-json\/wp\/v2\/product"}],"about":[{"href":"https:\/\/fitnsweet.eu\/et\/wp-json\/wp\/v2\/types\/product"}],"replies":[{"embeddable":true,"href":"https:\/\/fitnsweet.eu\/et\/wp-json\/wp\/v2\/comments?post=9262"}],"version-history":[{"count":5,"href":"https:\/\/fitnsweet.eu\/et\/wp-json\/wp\/v2\/product\/9262\/revisions"}],"predecessor-version":[{"id":57965,"href":"https:\/\/fitnsweet.eu\/et\/wp-json\/wp\/v2\/product\/9262\/revisions\/57965"}],"wp:featuredmedia":[{"embeddable":true,"href":"https:\/\/fitnsweet.eu\/et\/wp-json\/wp\/v2\/media\/45519"}],"wp:attachment":[{"href":"https:\/\/fitnsweet.eu\/et\/wp-json\/wp\/v2\/media?parent=9262"}],"wp:term":[{"taxonomy":"product_brand","embeddable":true,"href":"https:\/\/fitnsweet.eu\/et\/wp-json\/wp\/v2\/product_brand?post=9262"},{"taxonomy":"product_cat","embeddable":true,"href":"https:\/\/fitnsweet.eu\/et\/wp-json\/wp\/v2\/product_cat?post=9262"},{"taxonomy":"product_tag","embeddable":true,"href":"https:\/\/fitnsweet.eu\/et\/wp-json\/wp\/v2\/product_tag?post=9262"}],"curies":[{"name":"wp","href":"https:\/\/api.w.org\/{rel}","templated":true}]}}