{"id":9267,"date":"2020-05-08T12:19:09","date_gmt":"2020-05-08T09:19:09","guid":{"rendered":"https:\/\/fitnsweet.lt\/?post_type=product&#038;p=9267"},"modified":"2025-12-15T01:50:24","modified_gmt":"2025-12-14T23:50:24","slug":"peenem-keha-suvi-issukio-rinkinys-2","status":"publish","type":"product","link":"https:\/\/fitnsweet.eu\/et\/toode-2\/peenem-keha-suvi-issukio-rinkinys-2\/","title":{"rendered":"Slim Queen kokteili salendav komplekt"},"content":{"rendered":"<p><span style=\"color: #000000;\"><strong>Tarbimine:<\/strong><\/span><br \/>\n<span style=\"color: #000000;\">\u00dche portsjoni jaoks (vastab \u00fchele n\u00f5udele) lisage pudelisse v\u00f5i visplisse 30 g pulbrit (1 m\u00f5\u00f5telusikas pakendis), segage 275 ml k\u00fclma piima v\u00f5i veega ja loksutage umbes 20 sekundit. Saate juba maitsta!<\/span><\/p>\n<p><span style=\"color: #000000;\"><strong>*<\/strong> Kui soovite kaalust alla v\u00f5tta, peaksite kaks s\u00f6\u00f6gikorda p\u00e4evas (eelistatavalt hommikus\u00f6\u00f6k, \u00fcks suupiste p\u00e4evas v\u00f5i \u00f5htus\u00f6\u00f6k) asendama Slim Queeni kokteiliga. Kui teie eesm\u00e4rk on oma kaalu s\u00e4ilitada, piisab \u00fche toidukorra kokteili asendamiseks p\u00e4evas \u00fchest toidukorrast. Selleks peaksite j\u00e4rgima ettevalmistamise soovitusi. Samuti soovitatakse p\u00e4eva jooksul juua piisavalt vedelikku, eelistatavalt vett. Kokteil t\u00e4idab oma eesm\u00e4rki vastavalt tervisliku toitumise p\u00f5him\u00f5tetele, seega peaksite veenduma, et ka teised toidud oleksid teie dieedi, tervisliku toitumise osa.<\/span><\/p>\n<p><span style=\"color: #000000;\"><strong>Koostis:<\/strong><\/span><br \/>\n<span style=\"color: #000000;\">Vadakuvalgu kontsentraat (sisaldab emulgaatorit: p\u00e4evalilleletsitiin), maltodekstriin, kaltsiumkaseinaat (sisaldab piima, sisaldab emulgaatorit: p\u00e4evalilletsetsitiin), emulgaator: sojaletsitiin, paksendaja: gl\u00fckomannaan; L\u00f5hnaaine, magneesiumkarbonaat, kaltsiumkarbonaat, paksendaja: ksantaan; Sool, madala rasvasisaldusega kakaopulber, kaaliumtsitraat, beetakaroteen, L-askorbiinhape, magusaine: sahharoos; Raudsulfaat, tsinkgl\u00fckonaat, vaskgl\u00fckonaat, mangaansulfaat, kaaliumjodiid, naatriumseleniit, nikotiinamiid, dl-alfa-tokofer\u00fc\u00fclatsetaat, kaltsium-D-pantotenaat, p\u00fcridoksiinvesinikkloriid, riboflaviin, tiamiinmononitraat, retin\u00fc\u00fclatsetaat, retin\u00fc\u00fclatsetaat, , ts\u00fcanokobalamiin.<\/span><\/p>\n<p><span style=\"color: #000000;\"><strong>Allergeenid:<\/strong><\/span><br \/>\n<span style=\"color: #000000;\">Sisaldab soja, piimatooteid. Seal v\u00f5ib olla j\u00e4lgi munadest ja gluteenist.<\/span><\/p>\n<p><span style=\"color: #000000;\"><strong>Energiav\u00e4\u00e4rtus 100 G \/ 30 G pulber % serveerimiseks\u00a0<\/strong><\/span><br \/>\n<span style=\"color: #000000;\">1691,47 kj, 404,00 kcal \/ 507,44 kj 121,20 kcal 6,06 protsenti.<\/span><\/p>\n<p><span style=\"color: #000000;\"><em>rasv 11,00 g \/ 3,30 g 471%<\/em><\/span><br \/>\n<span style=\"color: #000000;\"><em>sellest: k\u00fcllastunud rasvhapped 1,50 g \/ 0,45 g 2,25%<\/em><\/span><br \/>\n<span style=\"color: #000000;\"><em>s\u00fcsivesikud 37,00 g \/ 11,10 g 4,27%<\/em><\/span><br \/>\n<span style=\"color: #000000;\"><em>millest suhkrud 5,30 g \/ 1,59 g 1,77%<\/em><\/span><br \/>\n<span style=\"color: #000000;\"><em>kiudained 3,90 g \/ 1,17 g 3,90%<\/em><\/span><br \/>\n<span style=\"color: #000000;\"><em>valk 37,00 g \/ 11,10 g 2220%<\/em><\/span><br \/>\n<span style=\"color: #000000;\"><em>soolad 1,00 g \/ 0,30 g 5,00%<\/em><\/span><\/p>","protected":false},"excerpt":{"rendered":"<p style=\"text-align: center;\"><span style=\"color: #000000;\"><strong>\u201eSLIM QUEEN\u201d KOKTEILIS PAKEIT\u0116 PAKUOT\u0118! KLIENT\u0116S TEIGIA, KAD TAI SKANIAUSIAS SVORIO METIMO \u2013 MAISTO PAKAITALO KOKTEILIS RINKOJE!<br \/>\n\u0160IUO METU PRIIMAMI I\u0160ANKSTINIAI KOKTEILI\u0172 U\u017dSAKYMAI, I\u0160SIUNTIMAS PLANUOJAMAS NUO LAPKRI\u010cIO 15-TOS DIENOS<\/strong><\/span><\/p>\n<p>\u017dongliruodami darbu, \u0161eima ir socialiniu gyvenimu, galite tur\u0117ti ma\u017eai laiko tinkamai pavalgyti. \u0160tai kur atsiranda Slim Queen maisto pakaitalo kokteiliai!<br \/>\nTai, \u00a0tobulai subalansuoti skoniai ir Premium kokyb\u0117s sud\u0117tis.<\/p>\n<p>Patogus ir taupantis laik\u0105: atsisveikinkite su stresu ruo\u0161iantis valg\u012f ar nesp\u0117jimu papusry\u010diauti! Naudodami Slim Queen maisto pakaitalo kokteilius, per kelias minutes gal\u0117site m\u0117gautis maistingu kokteiliu suteikian\u010diu sotum\u0105 iki 4 valand\u0173, puikiai tinkan\u010diu j\u016bs\u0173 u\u017eimtam gyvenimo b\u016bdui.<\/p>\n<p>Slim Queen &#8211; tai maistas J\u016bs\u0173 svorio kontrolei bei alternatyva kai nesp\u0117jate u\u017ek\u0105sti ar pavalgyti ryte. Tai tobulas sprendimas kai norite greit pasigaminti sveikus pusry\u010dius ir skub\u0117ti \u012f darbus ar mokslus. Idealus sprendimas kai tiesiog norite papildyti k\u016bn\u0105 naudingomis maistin\u0117mis med\u017eiagomis, vitaminais, mineralais. Slim Queen kokteiliai prisid\u0117s ir prie J\u016bs\u0173 skalndesn\u0117s, geresn\u0117s \u017earnyno veiklos, papildys \u017earnyn\u0105 prebiotikais.<\/p>\n<p><span style=\"color: #000000;\">Asendades hommikus\u00f6\u00f6giks, \u00f5htus\u00f6\u00f6giks v\u00f5i suupisteks \u00f5hukese kuninganna, saate n\u00fc\u00fcd oma kaalu h\u00f5lpsalt v\u00e4hendada. Proovige vanilli, \u0161okolaadi, v\u00e4rskete maasikate eriti maitsvaid maitseid ja valige oma lemmik. N\u00fc\u00fcd on salendava kokteiliga Queen veelgi lihtsam oma keha suveks ette valmistada ja kaunistada! Sisaldab kuni 22 erinevat vitamiini ja mineraali!<\/span><\/p>\n<p><span style=\"color: #000000;\"><span style=\"color: #ff00ff;\"><strong>Komplekt koosneb:<\/strong> <\/span>dviej\u0173 skoni\u0173 liekn\u0117jimo kokteiliai \u201cSlim Queen\u201d po 420 g ir balta &#8211; skaidri 600ml talpos gertuv\u0117.\u00a0<\/span><\/p>\n<p><span style=\"color: #000000;\">Komplekti kuuluvate toodete netokaal on 840 g.<\/span><\/p>\n<p>&nbsp;<\/p>\n<p><img fetchpriority=\"high\" decoding=\"async\" class=\"alignnone wp-image-26824\" src=\"https:\/\/fitnsweet.eu\/wp-content\/uploads\/2020\/11\/1_ikonos-03.png\" alt=\"\" width=\"539\" height=\"159\" \/><\/p>","protected":false},"featured_media":45518,"comment_status":"open","ping_status":"closed","template":"","meta":{"site-sidebar-layout":"default","site-content-layout":"default","ast-site-content-layout":"default","site-content-style":"default","site-sidebar-style":"default","ast-global-header-display":"","ast-banner-title-visibility":"","ast-main-header-display":"","ast-hfb-above-header-display":"","ast-hfb-below-header-display":"","ast-hfb-mobile-header-display":"","site-post-title":"","ast-breadcrumbs-content":"","ast-featured-img":"","footer-sml-layout":"","ast-disable-related-posts":"","theme-transparent-header-meta":"default","adv-header-id-meta":"","stick-header-meta":"","header-above-stick-meta":"","header-main-stick-meta":"","header-below-stick-meta":"","astra-migrate-meta-layouts":"set","ast-page-background-enabled":"default","ast-page-background-meta":{"desktop":{"background-color":"var(--ast-global-color-4)","background-image":"","background-repeat":"repeat","background-position":"center center","background-size":"auto","background-attachment":"scroll","background-type":"","background-media":"","overlay-type":"","overlay-color":"","overlay-opacity":"","overlay-gradient":""},"tablet":{"background-color":"","background-image":"","background-repeat":"repeat","background-position":"center center","background-size":"auto","background-attachment":"scroll","background-type":"","background-media":"","overlay-type":"","overlay-color":"","overlay-opacity":"","overlay-gradient":""},"mobile":{"background-color":"","background-image":"","background-repeat":"repeat","background-position":"center center","background-size":"auto","background-attachment":"scroll","background-type":"","background-media":"","overlay-type":"","overlay-color":"","overlay-opacity":"","overlay-gradient":""}},"ast-content-background-meta":{"desktop":{"background-color":"var(--ast-global-color-5)","background-image":"","background-repeat":"repeat","background-position":"center center","background-size":"auto","background-attachment":"scroll","background-type":"","background-media":"","overlay-type":"","overlay-color":"","overlay-opacity":"","overlay-gradient":""},"tablet":{"background-color":"var(--ast-global-color-5)","background-image":"","background-repeat":"repeat","background-position":"center center","background-size":"auto","background-attachment":"scroll","background-type":"","background-media":"","overlay-type":"","overlay-color":"","overlay-opacity":"","overlay-gradient":""},"mobile":{"background-color":"var(--ast-global-color-5)","background-image":"","background-repeat":"repeat","background-position":"center center","background-size":"auto","background-attachment":"scroll","background-type":"","background-media":"","overlay-type":"","overlay-color":"","overlay-opacity":"","overlay-gradient":""}}},"product_brand":[],"product_cat":[396,393,377,387,314,313,13,112,148],"product_tag":[296,77,327,326],"class_list":{"0":"post-9267","1":"product","2":"type-product","3":"status-publish","4":"has-post-thumbnail","6":"product_cat-lieknejimui","7":"product_cat-rinkiniai","8":"product_cat-slim-queen-maisto-pakaitalo-kokteiliai-2","9":"product_cat-visi-produktai","10":"product_cat-slim-queen-maisto-pakaitalo-kokteiliai","11":"product_cat-baltyminiai-kokteiliai","12":"product_cat-httpfitnsweet-ltprodukto-kategorijagymqueen","13":"product_cat-gymqueen-figurai","14":"product_cat-gymqueen-rinkiniai","15":"product_tag-lieknejimui","16":"product_tag-slim","17":"product_tag-slim-kokteilis","18":"product_tag-slim-queen","19":"desktop-align-left","20":"tablet-align-left","21":"mobile-align-left","23":"first","24":"instock","25":"sale","26":"taxable","27":"shipping-taxable","28":"purchasable","29":"product-type-variable"},"yoast_head":"<!-- This site is optimized with the Yoast SEO plugin v26.9 - https:\/\/yoast.com\/product\/yoast-seo-wordpress\/ -->\n<title>Slim Queen kokteili\u0173 liekn\u0117jimo rinkinys - Fitnsweet.eu<\/title>\n<meta name=\"robots\" content=\"index, follow, max-snippet:-1, max-image-preview:large, max-video-preview:-1\" \/>\n<link rel=\"canonical\" href=\"https:\/\/fitnsweet.eu\/et\/toode-2\/peenem-keha-suvi-issukio-rinkinys-2\/\" \/>\n<meta property=\"og:locale\" content=\"et_EE\" \/>\n<meta property=\"og:type\" content=\"article\" \/>\n<meta property=\"og:title\" content=\"Slim Queen kokteili\u0173 liekn\u0117jimo rinkinys - Fitnsweet.eu\" \/>\n<meta property=\"og:description\" content=\"\u201eSLIM QUEEN\u201d KOKTEILIS PAKEIT\u0116 PAKUOT\u0118! KLIENT\u0116S TEIGIA, KAD TAI SKANIAUSIAS SVORIO METIMO \u2013 MAISTO PAKAITALO KOKTEILIS RINKOJE! \u0160IUO METU PRIIMAMI I\u0160ANKSTINIAI KOKTEILI\u0172 U\u017dSAKYMAI, I\u0160SIUNTIMAS PLANUOJAMAS NUO LAPKRI\u010cIO 15-TOS DIENOS \u017dongliruodami darbu, \u0161eima ir socialiniu gyvenimu, galite tur\u0117ti ma\u017eai laiko tinkamai pavalgyti. \u0160tai kur atsiranda Slim Queen maisto pakaitalo kokteiliai! Tai, \u00a0tobulai subalansuoti skoniai ir Premium kokyb\u0117s sud\u0117tis.  Patogus ir taupantis laik\u0105: atsisveikinkite su stresu ruo\u0161iantis valg\u012f ar nesp\u0117jimu papusry\u010diauti! Naudodami Slim Queen maisto pakaitalo kokteilius, per kelias minutes gal\u0117site m\u0117gautis maistingu kokteiliu suteikian\u010diu sotum\u0105 iki 4 valand\u0173, puikiai tinkan\u010diu j\u016bs\u0173 u\u017eimtam gyvenimo b\u016bdui.  Slim Queen - tai maistas J\u016bs\u0173 svorio kontrolei bei alternatyva kai nesp\u0117jate u\u017ek\u0105sti ar pavalgyti ryte. Tai tobulas sprendimas kai norite greit pasigaminti sveikus pusry\u010dius ir skub\u0117ti \u012f darbus ar mokslus. Idealus sprendimas kai tiesiog norite papildyti k\u016bn\u0105 naudingomis maistin\u0117mis med\u017eiagomis, vitaminais, mineralais. Slim Queen kokteiliai prisid\u0117s ir prie J\u016bs\u0173 skalndesn\u0117s, geresn\u0117s \u017earnyno veiklos, papildys \u017earnyn\u0105 prebiotikais.  Pusry\u010dius, vakarien\u0119 ar dienos u\u017ekand\u012f pakeisdami \u201cSlim Queen\u201d, dabar galite lengvai suma\u017einti savo svor\u012f. I\u0161bandykite ypa\u010d gard\u017eius vanil\u0117s, \u0161okolado, \u0161vie\u017ei\u0173 bra\u0161ki\u0173 skonius ir i\u0161sirinkite savo m\u0117gstamiausi\u0105. Dabar ruo\u0161ti bei dailinti k\u016bn\u0105 vasarai dar lengviau su Queen liekn\u0117jimo kokteiliu! Sud\u0117tyje yra net iki 22 skirting\u0173 vitamin\u0173 ir mineral\u0173!  Rinkin\u012f sudaro: dviej\u0173 skoni\u0173 liekn\u0117jimo kokteiliai \u201cSlim Queen\u201d po 420 g ir balta - skaidri 600ml talpos gertuv\u0117.\u00a0  Grynasis rinkinyje esan\u010di\u0173 gamini\u0173 svoris - 840 g.  &nbsp;\" \/>\n<meta property=\"og:url\" content=\"https:\/\/fitnsweet.eu\/et\/toode-2\/peenem-keha-suvi-issukio-rinkinys-2\/\" \/>\n<meta property=\"og:site_name\" content=\"Fitnsweet.eu\" \/>\n<meta property=\"article:modified_time\" content=\"2025-12-14T23:50:24+00:00\" \/>\n<meta property=\"og:image\" content=\"https:\/\/fitnsweet.eu\/wp-content\/uploads\/2020\/05\/dvieju-slimgertuve-dovan_fitnsweet.png\" \/>\n\t<meta property=\"og:image:width\" content=\"1080\" \/>\n\t<meta property=\"og:image:height\" content=\"1080\" \/>\n\t<meta property=\"og:image:type\" content=\"image\/png\" \/>\n<meta name=\"twitter:card\" content=\"summary_large_image\" \/>\n<meta name=\"twitter:label1\" content=\"Est. reading time\" \/>\n\t<meta name=\"twitter:data1\" content=\"2 minutit\" \/>\n<script type=\"application\/ld+json\" class=\"yoast-schema-graph\">{\"@context\":\"https:\/\/schema.org\",\"@graph\":[{\"@type\":\"WebPage\",\"@id\":\"https:\/\/fitnsweet.eu\/produktas\/dailesnio-kuno-vasarai-issukio-rinkinys-2\/\",\"url\":\"https:\/\/fitnsweet.eu\/produktas\/dailesnio-kuno-vasarai-issukio-rinkinys-2\/\",\"name\":\"Slim Queen kokteili\u0173 liekn\u0117jimo rinkinys - Fitnsweet.eu\",\"isPartOf\":{\"@id\":\"https:\/\/fitnsweet.eu\/#website\"},\"primaryImageOfPage\":{\"@id\":\"https:\/\/fitnsweet.eu\/produktas\/dailesnio-kuno-vasarai-issukio-rinkinys-2\/#primaryimage\"},\"image\":{\"@id\":\"https:\/\/fitnsweet.eu\/produktas\/dailesnio-kuno-vasarai-issukio-rinkinys-2\/#primaryimage\"},\"thumbnailUrl\":\"https:\/\/fitnsweet.eu\/wp-content\/uploads\/2020\/05\/dvieju-slimgertuve-dovan_fitnsweet.png\",\"datePublished\":\"2020-05-08T09:19:09+00:00\",\"dateModified\":\"2025-12-14T23:50:24+00:00\",\"breadcrumb\":{\"@id\":\"https:\/\/fitnsweet.eu\/produktas\/dailesnio-kuno-vasarai-issukio-rinkinys-2\/#breadcrumb\"},\"inLanguage\":\"et\",\"potentialAction\":[{\"@type\":\"ReadAction\",\"target\":[\"https:\/\/fitnsweet.eu\/produktas\/dailesnio-kuno-vasarai-issukio-rinkinys-2\/\"]}]},{\"@type\":\"ImageObject\",\"inLanguage\":\"et\",\"@id\":\"https:\/\/fitnsweet.eu\/produktas\/dailesnio-kuno-vasarai-issukio-rinkinys-2\/#primaryimage\",\"url\":\"https:\/\/fitnsweet.eu\/wp-content\/uploads\/2020\/05\/dvieju-slimgertuve-dovan_fitnsweet.png\",\"contentUrl\":\"https:\/\/fitnsweet.eu\/wp-content\/uploads\/2020\/05\/dvieju-slimgertuve-dovan_fitnsweet.png\",\"width\":1080,\"height\":1080},{\"@type\":\"BreadcrumbList\",\"@id\":\"https:\/\/fitnsweet.eu\/produktas\/dailesnio-kuno-vasarai-issukio-rinkinys-2\/#breadcrumb\",\"itemListElement\":[{\"@type\":\"ListItem\",\"position\":1,\"name\":\"Home\",\"item\":\"https:\/\/fitnsweet.eu\/\"},{\"@type\":\"ListItem\",\"position\":2,\"name\":\"Produktai\",\"item\":\"https:\/\/fitnsweet.eu\/parduotuve\/\"},{\"@type\":\"ListItem\",\"position\":3,\"name\":\"Slim Queen kokteili\u0173 liekn\u0117jimo rinkinys\"}]},{\"@type\":\"WebSite\",\"@id\":\"https:\/\/fitnsweet.eu\/#website\",\"url\":\"https:\/\/fitnsweet.eu\/\",\"name\":\"Fitnsweet.eu\",\"description\":\"Sveika. Saldu. Naudinga.\",\"potentialAction\":[{\"@type\":\"SearchAction\",\"target\":{\"@type\":\"EntryPoint\",\"urlTemplate\":\"https:\/\/fitnsweet.eu\/?s={search_term_string}\"},\"query-input\":{\"@type\":\"PropertyValueSpecification\",\"valueRequired\":true,\"valueName\":\"search_term_string\"}}],\"inLanguage\":\"et\"}]}<\/script>\n<!-- \/ Yoast SEO plugin. -->","yoast_head_json":{"title":"Slim Queen kokteili salendav komplekt - Fitnsweet.eu","robots":{"index":"index","follow":"follow","max-snippet":"max-snippet:-1","max-image-preview":"max-image-preview:large","max-video-preview":"max-video-preview:-1"},"canonical":"https:\/\/fitnsweet.eu\/et\/toode-2\/peenem-keha-suvi-issukio-rinkinys-2\/","og_locale":"et_EE","og_type":"article","og_title":"Slim Queen kokteili\u0173 liekn\u0117jimo rinkinys - Fitnsweet.eu","og_description":"\u201eSLIM QUEEN\u201d KOKTEILIS PAKEIT\u0116 PAKUOT\u0118! KLIENT\u0116S TEIGIA, KAD TAI SKANIAUSIAS SVORIO METIMO \u2013 MAISTO PAKAITALO KOKTEILIS RINKOJE! \u0160IUO METU PRIIMAMI I\u0160ANKSTINIAI KOKTEILI\u0172 U\u017dSAKYMAI, I\u0160SIUNTIMAS PLANUOJAMAS NUO LAPKRI\u010cIO 15-TOS DIENOS \u017dongliruodami darbu, \u0161eima ir socialiniu gyvenimu, galite tur\u0117ti ma\u017eai laiko tinkamai pavalgyti. \u0160tai kur atsiranda Slim Queen maisto pakaitalo kokteiliai! Tai, \u00a0tobulai subalansuoti skoniai ir Premium kokyb\u0117s sud\u0117tis.  Patogus ir taupantis laik\u0105: atsisveikinkite su stresu ruo\u0161iantis valg\u012f ar nesp\u0117jimu papusry\u010diauti! Naudodami Slim Queen maisto pakaitalo kokteilius, per kelias minutes gal\u0117site m\u0117gautis maistingu kokteiliu suteikian\u010diu sotum\u0105 iki 4 valand\u0173, puikiai tinkan\u010diu j\u016bs\u0173 u\u017eimtam gyvenimo b\u016bdui.  Slim Queen - tai maistas J\u016bs\u0173 svorio kontrolei bei alternatyva kai nesp\u0117jate u\u017ek\u0105sti ar pavalgyti ryte. Tai tobulas sprendimas kai norite greit pasigaminti sveikus pusry\u010dius ir skub\u0117ti \u012f darbus ar mokslus. Idealus sprendimas kai tiesiog norite papildyti k\u016bn\u0105 naudingomis maistin\u0117mis med\u017eiagomis, vitaminais, mineralais. Slim Queen kokteiliai prisid\u0117s ir prie J\u016bs\u0173 skalndesn\u0117s, geresn\u0117s \u017earnyno veiklos, papildys \u017earnyn\u0105 prebiotikais.  Pusry\u010dius, vakarien\u0119 ar dienos u\u017ekand\u012f pakeisdami \u201cSlim Queen\u201d, dabar galite lengvai suma\u017einti savo svor\u012f. I\u0161bandykite ypa\u010d gard\u017eius vanil\u0117s, \u0161okolado, \u0161vie\u017ei\u0173 bra\u0161ki\u0173 skonius ir i\u0161sirinkite savo m\u0117gstamiausi\u0105. Dabar ruo\u0161ti bei dailinti k\u016bn\u0105 vasarai dar lengviau su Queen liekn\u0117jimo kokteiliu! Sud\u0117tyje yra net iki 22 skirting\u0173 vitamin\u0173 ir mineral\u0173!  Rinkin\u012f sudaro: dviej\u0173 skoni\u0173 liekn\u0117jimo kokteiliai \u201cSlim Queen\u201d po 420 g ir balta - skaidri 600ml talpos gertuv\u0117.\u00a0  Grynasis rinkinyje esan\u010di\u0173 gamini\u0173 svoris - 840 g.  &nbsp;","og_url":"https:\/\/fitnsweet.eu\/et\/toode-2\/peenem-keha-suvi-issukio-rinkinys-2\/","og_site_name":"Fitnsweet.eu","article_modified_time":"2025-12-14T23:50:24+00:00","og_image":[{"width":1080,"height":1080,"url":"https:\/\/fitnsweet.eu\/wp-content\/uploads\/2020\/05\/dvieju-slimgertuve-dovan_fitnsweet.png","type":"image\/png"}],"twitter_card":"summary_large_image","twitter_misc":{"Est. reading time":"2 minutit"},"schema":{"@context":"https:\/\/schema.org","@graph":[{"@type":"WebPage","@id":"https:\/\/fitnsweet.eu\/produktas\/dailesnio-kuno-vasarai-issukio-rinkinys-2\/","url":"https:\/\/fitnsweet.eu\/produktas\/dailesnio-kuno-vasarai-issukio-rinkinys-2\/","name":"Slim Queen kokteili salendav komplekt - Fitnsweet.eu","isPartOf":{"@id":"https:\/\/fitnsweet.eu\/#website"},"primaryImageOfPage":{"@id":"https:\/\/fitnsweet.eu\/produktas\/dailesnio-kuno-vasarai-issukio-rinkinys-2\/#primaryimage"},"image":{"@id":"https:\/\/fitnsweet.eu\/produktas\/dailesnio-kuno-vasarai-issukio-rinkinys-2\/#primaryimage"},"thumbnailUrl":"https:\/\/fitnsweet.eu\/wp-content\/uploads\/2020\/05\/dvieju-slimgertuve-dovan_fitnsweet.png","datePublished":"2020-05-08T09:19:09+00:00","dateModified":"2025-12-14T23:50:24+00:00","breadcrumb":{"@id":"https:\/\/fitnsweet.eu\/produktas\/dailesnio-kuno-vasarai-issukio-rinkinys-2\/#breadcrumb"},"inLanguage":"et","potentialAction":[{"@type":"ReadAction","target":["https:\/\/fitnsweet.eu\/produktas\/dailesnio-kuno-vasarai-issukio-rinkinys-2\/"]}]},{"@type":"ImageObject","inLanguage":"et","@id":"https:\/\/fitnsweet.eu\/produktas\/dailesnio-kuno-vasarai-issukio-rinkinys-2\/#primaryimage","url":"https:\/\/fitnsweet.eu\/wp-content\/uploads\/2020\/05\/dvieju-slimgertuve-dovan_fitnsweet.png","contentUrl":"https:\/\/fitnsweet.eu\/wp-content\/uploads\/2020\/05\/dvieju-slimgertuve-dovan_fitnsweet.png","width":1080,"height":1080},{"@type":"BreadcrumbList","@id":"https:\/\/fitnsweet.eu\/produktas\/dailesnio-kuno-vasarai-issukio-rinkinys-2\/#breadcrumb","itemListElement":[{"@type":"ListItem","position":1,"name":"Home","item":"https:\/\/fitnsweet.eu\/"},{"@type":"ListItem","position":2,"name":"Produktai","item":"https:\/\/fitnsweet.eu\/parduotuve\/"},{"@type":"ListItem","position":3,"name":"Slim Queen kokteili\u0173 liekn\u0117jimo rinkinys"}]},{"@type":"WebSite","@id":"https:\/\/fitnsweet.eu\/#website","url":"https:\/\/fitnsweet.eu\/","name":"Fitnsweet.eu","description":"Tere. Armas. Kasulik.","potentialAction":[{"@type":"SearchAction","target":{"@type":"EntryPoint","urlTemplate":"https:\/\/fitnsweet.eu\/?s={search_term_string}"},"query-input":{"@type":"PropertyValueSpecification","valueRequired":true,"valueName":"search_term_string"}}],"inLanguage":"et"}]}},"_links":{"self":[{"href":"https:\/\/fitnsweet.eu\/et\/wp-json\/wp\/v2\/product\/9267","targetHints":{"allow":["GET"]}}],"collection":[{"href":"https:\/\/fitnsweet.eu\/et\/wp-json\/wp\/v2\/product"}],"about":[{"href":"https:\/\/fitnsweet.eu\/et\/wp-json\/wp\/v2\/types\/product"}],"replies":[{"embeddable":true,"href":"https:\/\/fitnsweet.eu\/et\/wp-json\/wp\/v2\/comments?post=9267"}],"version-history":[{"count":5,"href":"https:\/\/fitnsweet.eu\/et\/wp-json\/wp\/v2\/product\/9267\/revisions"}],"predecessor-version":[{"id":57964,"href":"https:\/\/fitnsweet.eu\/et\/wp-json\/wp\/v2\/product\/9267\/revisions\/57964"}],"wp:featuredmedia":[{"embeddable":true,"href":"https:\/\/fitnsweet.eu\/et\/wp-json\/wp\/v2\/media\/45518"}],"wp:attachment":[{"href":"https:\/\/fitnsweet.eu\/et\/wp-json\/wp\/v2\/media?parent=9267"}],"wp:term":[{"taxonomy":"product_brand","embeddable":true,"href":"https:\/\/fitnsweet.eu\/et\/wp-json\/wp\/v2\/product_brand?post=9267"},{"taxonomy":"product_cat","embeddable":true,"href":"https:\/\/fitnsweet.eu\/et\/wp-json\/wp\/v2\/product_cat?post=9267"},{"taxonomy":"product_tag","embeddable":true,"href":"https:\/\/fitnsweet.eu\/et\/wp-json\/wp\/v2\/product_tag?post=9267"}],"curies":[{"name":"wp","href":"https:\/\/api.w.org\/{rel}","templated":true}]}}