{"id":30279,"date":"2022-02-10T19:14:55","date_gmt":"2022-02-10T16:14:55","guid":{"rendered":"https:\/\/fitnsweet.eu\/?page_id=30279"},"modified":"2022-08-17T12:30:10","modified_gmt":"2022-08-17T09:30:10","slug":"privatuma-politika-2","status":"publish","type":"page","link":"https:\/\/fitnsweet.eu\/lv\/privatuma-politika-2\/","title":{"rendered":"Priv\u0101tuma politika"},"content":{"rendered":"<div data-elementor-type=\"wp-page\" data-elementor-id=\"30279\" class=\"elementor elementor-30279\" data-elementor-post-type=\"page\">\n\t\t\t\t\t\t<section class=\"elementor-section elementor-top-section elementor-element elementor-element-f67cad6 elementor-section-boxed elementor-section-height-default elementor-section-height-default\" data-id=\"f67cad6\" data-element_type=\"section\" data-e-type=\"section\">\n\t\t\t\t\t\t<div class=\"elementor-container elementor-column-gap-default\">\n\t\t\t\t\t<div class=\"elementor-column elementor-col-100 elementor-top-column elementor-element elementor-element-7ffdd0a\" data-id=\"7ffdd0a\" data-element_type=\"column\" data-e-type=\"column\">\n\t\t\t<div class=\"elementor-widget-wrap elementor-element-populated\">\n\t\t\t\t\t\t<div class=\"elementor-element elementor-element-9943328 elementor-widget elementor-widget-text-editor\" data-id=\"9943328\" data-element_type=\"widget\" data-e-type=\"widget\" data-widget_type=\"text-editor.default\">\n\t\t\t\t<div class=\"elementor-widget-container\">\n\t\t\t\t\t\t\t\t\t<p>M\u0113s piem\u0113rojam \u0161o Priv\u0101tuma un s\u012bkdat\u0146u politiku (&quot;Politika&quot;), kad j\u016bs apmekl\u0113jat www.fitnsweet.eu tie\u0161saistes veikalu.<\/p><p>M\u0113s apkopojam m\u016bsu vietnes apmekl\u0113t\u0101ju datus saska\u0146\u0101 ar Lietuvas Republikas likumu par personas datu tiesisko aizsardz\u012bbu, Lietuvas Republikas Elektronisko sakaru likumu, Eiropas Savien\u012bbas Fizisko personu datu aizsardz\u012bbas likumu, citiem atbilsto\u0161iem ties\u012bbu aktiem. un kontrol\u0113jo\u0161o iest\u0101\u017eu nor\u0101d\u012bjumus ar to piekri\u0161anu.<\/p><h2><b>Datu v\u0101k\u0161ana<\/b><\/h2><p>Izmantojot s\u012bkfailus vietn\u0113 www.fitnsweet.eu pakalpojumu snieg\u0161anas nol\u016bkos, m\u0113s iev\u0101cam datus par apmekl\u0113t\u0101ju darb\u012bb\u0101m un vi\u0146u p\u0101rl\u016bko\u0161anas paradumiem m\u016bsu vietn\u0113.<\/p><p>M\u0113s atbild\u012bgi aizsarg\u0101jam datus, kas sav\u0101kti par www.fitnsweet.eu apmekl\u0113t\u0101jiem, no nozaud\u0113\u0161anas, neat\u013cautas izmanto\u0161anas un izmai\u0146\u0101m.<\/p><p>Ar j\u016bsu piekri\u0161anu sazinieties ar jums pa t\u0101lruni vai e-pastu. e-pastu tie\u0161\u0101 m\u0101rketinga nol\u016bkos, m\u0113s nos\u016bt\u012bsim tikai inform\u0101ciju par pied\u0101v\u0101jumiem un noder\u012bgu inform\u0101ciju, kas var\u0113tu j\u016bs interes\u0113t. Ja br\u012bvpr\u0101t\u012bgi nos\u016bt\u012bsit savu e-pastu, abon\u0113jot jaunumu bi\u013cetenu, m\u0113s pievienosim j\u016bs m\u016bsu datu b\u0101zei un vair\u0101kas reizes m\u0113nes\u012b pa e-pastu nos\u016bt\u012bsim \u012bpa\u0161us pied\u0101v\u0101jumus, akcijas, jaunumus un citu inform\u0101ciju, ko uzskat\u0101m par jums noder\u012bgu. T\u0101pat, ja j\u016bsu e-pasts ir m\u016bsu datub\u0101z\u0113, ja esat re\u0123istr\u0113ts lietot\u0101js vai ievad\u012bj\u0101t to, veicot pas\u016bt\u012bjumu, bet nepabeidz\u0101t pas\u016bt\u012bjumu, m\u0113s nos\u016bt\u012bsim jums vienreiz\u0113ju atg\u0101din\u0101jumu par j\u016bsu atst\u0101to grozu. Izmantojot s\u012bkfailus, m\u0113s varam ar\u012b v\u0101kt inform\u0101ciju, lai r\u0101d\u012btu rekl\u0101mas vai saturu konkr\u0113tai p\u0101rl\u016bkprogrammai, veidojot da\u017e\u0101das auditorijas.<\/p><p>J\u016bs jebkur\u0101 laik\u0101 varat piel\u0101got \u0161\u012bs inform\u0101cijas sa\u0146em\u0161anu, sazinoties ar mums pa e-pastu. e-pasts info@fitnsweet.eu<\/p><h2><b>Bi\u013cetena abon\u0113\u0161ana<\/b><\/h2><p>M\u0113s izmantojam MailerLite platformu, lai nos\u016bt\u012btu bi\u013cetenus. Piekr\u012btot sa\u0146emt jaunumus, j\u016bs piekr\u012btat nodot un at\u013caut savu datu apstr\u0101di saska\u0146\u0101 ar MailerLite Priv\u0101tuma politiku. MailerLite priv\u0101tuma politiku var atrast \u0161eit: https:\/\/www.mailerlite.com\/privacy-policy.<\/p><p>MailerLite bi\u013cetens tiek nos\u016bt\u012bts lietot\u0101jiem, kuri ir akt\u012bvi piekritu\u0161i bi\u013cetena nos\u016bt\u012b\u0161anai. J\u016bs varat atteikties no jaunumu izdevuma, katra bi\u013cetena beig\u0101s noklik\u0161\u0137inot uz saites &quot;Atteikties no bi\u013cetena&quot;.<\/p><h2><b>S\u012bkdat\u0146u izmanto\u0161ana<\/b><\/h2><p>Kad j\u016bs apmekl\u0113jat vietni www.fitnsweet.eu, m\u016bsu m\u0113r\u0137is ir nodro\u0161in\u0101t, lai sniegt\u0101 inform\u0101cija un vietnes funkcijas tiktu piel\u0101gotas tikai jums. \u0160im nol\u016bkam ir nepiecie\u0161ami s\u012bkfaili. T\u0101s ir nelielas inform\u0101cijas da\u013cas, kas tiek glab\u0101tas j\u016bsu t\u012bmek\u013ca p\u0101rl\u016bkprogramm\u0101. Tie pal\u012bdz mums atpaz\u012bt j\u016bs k\u0101 iepriek\u0161\u0113jo www.fitnsweet.eu vietnes apmekl\u0113t\u0101ju, saglab\u0101t j\u016bsu vietnes apmekl\u0113juma v\u0113sturi un atbilsto\u0161i piel\u0101got saturu.<\/p><p>S\u012bkdatnes ar\u012b pal\u012bdz nodro\u0161in\u0101t netrauc\u0113tu vietnes darb\u012bbu, \u013cauj uzraudz\u012bt vietnes www.fitnsweet.eu apmekl\u0113jumu ilgumu un bie\u017eumu un apkopot statistisko inform\u0101ciju par vietnes apmekl\u0113t\u0101ju skaitu. Analiz\u0113jot \u0161os datus, m\u0113s varam uzlabot vietni un padar\u012bt to jums \u0113rt\u0101ku.<\/p><p>Apmekl\u0113jot www.fitnsweet.eu interneta veikalu, varat nor\u0101d\u012bt, vai piekr\u012btat s\u012bkdat\u0146u izmanto\u0161anai. Ja nepiekr\u012btat s\u012bkdat\u0146u glab\u0101\u0161anai sav\u0101 dator\u0101 vai cit\u0101 ier\u012bc\u0113, varat jebkur\u0101 laik\u0101 atsaukt savu piekri\u0161anu to lieto\u0161anai, mainot savas opcijas un dz\u0113\u0161ot s\u012bkfailus.<\/p><p>Apkopojot inform\u0101ciju, tiek piem\u0113roti administrat\u012bvie, tehniskie un programmat\u016bras aizsardz\u012bbas pas\u0101kumi un datort\u012bklu aizsardz\u012bbas pas\u0101kumi, nodro\u0161inot pietiekamu datu dro\u0161\u012bbas l\u012bmeni, kas atbilst p\u0101rvald\u012bto datu b\u016bt\u012bbai un to apstr\u0101des rad\u012btajiem riskiem.<\/p><h2><b>S\u012bk\u0101ka inform\u0101cija par izmantotaj\u0101m s\u012bkdatn\u0113m<\/b><\/h2><p>Lai uzzin\u0101tu vair\u0101k par s\u012bkfailiem, piem\u0113ram, k\u0101 tos p\u0101rvald\u012bt vai dz\u0113st, varat apmekl\u0113t vietni http:\/\/www.allaboutcookies.org.<\/p><h2><b>S\u012bkdat\u0146u veidi<\/b><\/h2><h3>Sesijas s\u012bkfaili<\/h3><p>Sesijas s\u012bkfaili \u013cauj identific\u0113t j\u016bs viena m\u016bsu vietnes apmekl\u0113juma laik\u0101, lai visas lapas izmai\u0146as vai opcijas tiktu atcer\u0113tas, p\u0101rvietojoties no vienas lapas uz otru. \u0160\u012bs s\u012bkdatnes \u013cauj \u0101tri un viegli p\u0101rvietoties pa daudzaj\u0101m j\u016bsu vietnes lap\u0101m, lai jums neb\u016btu atk\u0101rtoti j\u0101apstr\u0101d\u0101 inform\u0101cija katru reizi, kad apmekl\u0113jat jaunu vietu. Sesijas s\u012bkfaili ir \u012bslaic\u012bgi un tiek dz\u0113sti, tikl\u012bdz aizverat p\u0101rl\u016bkprogrammu vai atsak\u0101ties no vietnes.<\/p><h3>Ilgtermi\u0146a cepumi<\/h3><p>Past\u0101v\u012bg\u0101s s\u012bkdatnes ir s\u012bkdatnes, kas paliek j\u016bsu dator\u0101 noteiktu laiku p\u0113c p\u0101rl\u016bko\u0161anas sesijas beig\u0101m, t\u0101p\u0113c t\u0101s var ierakst\u012bt noteiktas lietot\u0101ja opcijas vai darb\u012bbas, kad vietni apmekl\u0113jat atk\u0101rtoti.<\/p><h3>Pirm\u0101s puses cepumi<\/h3><p>Tie ir s\u012bkfaili, kas nepiecie\u0161ami, lai vietne www.fitnsweet.eu darbotos pareizi.<\/p><h3>Tre\u0161\u0101s puses s\u012bkfaili<\/h3><p>\u0160\u012bs ir s\u012bkdatnes, kuras m\u016bsu t\u012bmek\u013ca vietn\u0113 izmanto citas organiz\u0101cijas.<\/p><p>www.fitnsweet.eu izmanto Google Analytics s\u012bkfailus, lai analiz\u0113tu vietnes trafiku. Google Analytics apkopo anon\u012bmu inform\u0101ciju par apmekl\u0113t\u0101ju skaitu, vietu, no kuras tika izmantota m\u016bsu vietne, un k\u0101das vietnes da\u013cas p\u0101rl\u016bkoja apmekl\u0113t\u0101ji. \u0160\u012bs s\u012bkdatnes izveido Google Analytics. Uzziniet vair\u0101k par Google Analytics vietn\u0113 http:\/\/www.google.com\/analytics. Lai uzzin\u0101tu, k\u0101 atsp\u0113jot t\u012bmek\u013ca lapu izseko\u0161anu, izmantojot Google Analytics s\u012bkfailus, varat apmekl\u0113t: http:\/\/tools.google.com\/dlpage\/gaoptout<\/p><p>Vietne www.fitnsweet.eu izmanto Facebook pikse\u013cu s\u012bkfailu. \u0160o s\u012bkfailu ir saglab\u0101jis Facebook. Tas \u013cauj www.fitnsweet.eu izm\u0113r\u012bt, optimiz\u0113t un izveidot auditorijas rekl\u0101mas kampa\u0146\u0101m, kuras tiek izmantotas Facebook vietn\u0113. Jo \u012bpa\u0161i tas \u013cauj www.fitnsweet.eu redz\u0113t, cik lietot\u0101ju maina ier\u012bces, m\u0113\u0123inot piek\u013c\u016bt vietn\u0113m un Facebook, lai nodro\u0161in\u0101tu, ka vietnes Facebook rekl\u0101mu redz tie lietot\u0101ji, kuriem \u0161\u0101da rekl\u0101ma \u0161\u0137it\u012bs visatbilsto\u0161\u0101k\u0101, pamatojoties uz saturu. skat\u012bts un lietots lietot\u0101js. Pla\u0161\u0101ka inform\u0101cija par Facebook Pixel ir pieejama vietn\u0113 https:\/\/en-gb.facebook.com\/business\/help\/651294705016616.<\/p><p>J\u016bs varat atteikties no Facebook un Facebook Pixel Re-Marketing izmantotaj\u0101m s\u012bkdatn\u0113m sava Facebook konta iestat\u012bjumos.<\/p><p>Jebkura ar s\u012bkfailu pal\u012bdz\u012bbu sav\u0101kt\u0101 inform\u0101cija tiek glab\u0101ta l\u012bdz s\u012bkdat\u0146u der\u012bguma termi\u0146a beig\u0101m un netiek izmantota citiem m\u0113r\u0137iem, k\u0101 vien \u0161aj\u0101 politik\u0101 nor\u0101d\u012btajiem m\u0113r\u0137iem.<\/p><p>M\u016bsu t\u012bmek\u013ca vietn\u0113 ir saites uz citu personu, uz\u0146\u0113mumu vai organiz\u0101ciju t\u012bmek\u013ca vietn\u0113m. L\u016bdzu, \u0146emiet v\u0113r\u0101, ka www.fitnsweet.eu nav atbild\u012bgs par \u0161\u0101du viet\u0146u saturu vai to izmantotaj\u0101m priv\u0101tuma politik\u0101m. T\u0101tad, ja noklik\u0161\u0137in\u0101t uz saites no www.fitnsweet.eu uz cit\u0101m vietn\u0113m, jums vajadz\u0113tu atsevi\u0161\u0137i izlas\u012bt to priv\u0101tuma politiku.<\/p><h2><b>J\u016bsu ties\u012bbas<\/b><\/h2><h3>Jums ir ties\u012bbas:<\/h3><div class=\"elementor-element elementor-element-79a8cb8 elementor-widget elementor-widget-text-editor\" data-id=\"79a8cb8\" data-element_type=\"widget\" data-widget_type=\"text-editor.default\"><div class=\"elementor-widget-container\"><div class=\"elementor-text-editor elementor-clearfix\"><ul><li>piek\u013cuvi m\u016bsu datiem, kurus apstr\u0101d\u0101jam p\u0113c s\u012bkdat\u0146u sa\u0146em\u0161anas;<\/li><li>piepras\u012bt nepiln\u012bgu, neprec\u012bzu datu labo\u0161anu;<\/li><li>iesniegt mums rakstisku piepras\u012bjumu sniegt jums inform\u0101ciju par to, vai ar jums saist\u012btie dati tiek apstr\u0101d\u0101ti, un, ja \u0161\u0101di dati tiek apstr\u0101d\u0101ti, jums ir ties\u012bbas piek\u013c\u016bt saviem personas datiem un \u0161\u0101dai inform\u0101cijai: apstr\u0101des m\u0113r\u0137i; attiec\u012bg\u0101s personas datu kategorijas; datus<br \/>sa\u0146\u0113m\u0113ji vai sa\u0146\u0113m\u0113ju kategorijas, kuriem j\u016bsu personas dati ir izpausti vai tiks izpausti; ja iesp\u0113jams, tiek sniegti personas dati<br \/>glab\u0101\u0161anas laiks vai, ja tas nav iesp\u0113jams, krit\u0113riji \u0161\u0101 termi\u0146a noteik\u0161anai;<\/li><li>piepras\u012bt, lai m\u0113s dz\u0113stu j\u016bsu personas datus. Tom\u0113r \u0161\u012bs ties\u012bbas nav absol\u016btas un var tikt pamatotas vismaz ar vienu no \u0161\u0101diem iemesliem: personas dati vairs nav nepiecie\u0161ami tiem nol\u016bkiem, k\u0101diem tie tika v\u0101kti vai cit\u0101di apstr\u0101d\u0101ti; J\u016bs esat nol\u0113mis atsaukt savu piekri\u0161anu J\u016bsu personas datu apstr\u0101dei, ja J\u016bsu personas dati tiek apstr\u0101d\u0101ti tikai uz piekri\u0161anas pamata un J\u016bsu personas datu apstr\u0101dei nav cita pamata; J\u016bs nepiekr\u012btat savu personas datu apstr\u0101dei likum\u0101 noteiktajos gad\u012bjumos un datu apstr\u0101dei nav prim\u0101ru le\u0123it\u012bmu iemeslu; J\u016bsu personas dati ir apstr\u0101d\u0101ti nelikum\u012bgi; J\u016bsu dati ir j\u0101dz\u0113\u0161, kad mums tas ir j\u0101dara;<\/li><li>piepras\u012bt ierobe\u017eot J\u016bsu personas datu apstr\u0101di k\u0101d\u0101 no \u0161\u0101diem gad\u012bjumiem: J\u016bs apstr\u012bdat datu pareiz\u012bbu uz laiku, kur\u0101 m\u0113s varam p\u0101rbaud\u012bt J\u016bsu personas datu pareiz\u012bbu; J\u016bsu personas datu apstr\u0101de ir nelikum\u012bga, un j\u016bs nepiekr\u012btat savu datu dz\u0113\u0161anai un t\u0101 viet\u0101 piepras\u0101t ierobe\u017eot to izmanto\u0161anu; mums vairs nav nepiecie\u0161ami j\u016bsu dati, lai tos apstr\u0101d\u0101tu, bet jums tie ir nepiecie\u0161ami, lai tos atnestu, izpild\u012btu vai<br \/>lai aizst\u0101v\u0113tu juridiskas pras\u012bbas. Ja j\u016bsu personas datu apstr\u0101de ir ierobe\u017eota, m\u0113s varam apstr\u0101d\u0101t \u0161os datus, iz\u0146emot uzglab\u0101\u0161anu, tikai ar j\u016bsu piekri\u0161anu vai ar m\u0113r\u0137i izvirz\u012bt, izpild\u012bt vai aizst\u0101v\u0113t juridiskas pras\u012bbas un\/vai aizsarg\u0101t j\u016bsu vai citas personas ties\u012bbas, vai sabiedr\u012bbas intereses;<\/li><li>atsaukt piekri\u0161anu J\u016bsu personas datu apstr\u0101dei, ja personas dati tiek apstr\u0101d\u0101ti tikai uz J\u016bsu piekri\u0161anas pamata;<\/li><li>piepras\u012bt, lai m\u0113s p\u0101rs\u016bt\u012btu j\u016bsu apstr\u0101d\u0101tos personas datus citam datu p\u0101rzinim, ja tas ir tehniski iesp\u0113jams;<\/li><li>iesniegt s\u016bdz\u012bbu mums vai Datu aizsardz\u012bbas valsts inspekcijai, ja uzskat\u0101t, ka ir un\/vai var tikt p\u0101rk\u0101ptas J\u016bsu k\u0101 datu subjekta ties\u012bbas.<\/li><\/ul><\/div><\/div><\/div><div class=\"elementor-element elementor-element-b9a02f9 elementor-widget elementor-widget-text-editor\" data-id=\"b9a02f9\" data-element_type=\"widget\" data-widget_type=\"text-editor.default\"><div class=\"elementor-widget-container\"><div class=\"elementor-text-editor elementor-clearfix\">\u00a0<\/div><\/div><\/div><p>Ja jums ir k\u0101di jaut\u0101jumi vai v\u0113laties izmantot savas ties\u012bbas, l\u016bdzu, sazinieties ar mums \u0161aj\u0101 vietn\u0113 nor\u0101d\u012btajos veidos.<\/p>\t\t\t\t\t\t\t\t<\/div>\n\t\t\t\t<\/div>\n\t\t\t\t\t<\/div>\n\t\t<\/div>\n\t\t\t\t\t<\/div>\n\t\t<\/section>\n\t\t\t\t<\/div>","protected":false},"excerpt":{"rendered":"<p>\u0160i\u0105 Privatumo ir slapuk\u0173 politik\u0105 (toliau \u2013 Politika) taikome tais atvejais, kai lankot\u0117s www.fitnsweet.eu internetin\u0117je parduotuv\u0117je. M\u016bs\u0173 interneto svetain\u0117s lankytoj\u0173 duomenis renkame laikydamiesi Lietuvos Respublikos asmens duomen\u0173 teisin\u0117s apsaugos \u012fstatymo, Lietuvos Respublikos elektronini\u0173 ry\u0161i\u0173 \u012fstatymo, Europos S\u0105jungos asmens duomen\u0173 apsaugos \u012fstatym\u0173, kit\u0173 susijusi\u0173 teis\u0117s akt\u0173 bei kontroliuojan\u010di\u0173 institucij\u0173 nurodym\u0173 su pa\u010di\u0173 lankytoj\u0173 sutikimu. Renkami duomenys [&hellip;]<\/p>","protected":false},"author":1,"featured_media":0,"parent":0,"menu_order":0,"comment_status":"closed","ping_status":"closed","template":"","meta":{"site-sidebar-layout":"default","site-content-layout":"","ast-site-content-layout":"default","site-content-style":"default","site-sidebar-style":"default","ast-global-header-display":"","ast-banner-title-visibility":"","ast-main-header-display":"","ast-hfb-above-header-display":"","ast-hfb-below-header-display":"","ast-hfb-mobile-header-display":"","site-post-title":"","ast-breadcrumbs-content":"","ast-featured-img":"","footer-sml-layout":"","ast-disable-related-posts":"","theme-transparent-header-meta":"","adv-header-id-meta":"","stick-header-meta":"","header-above-stick-meta":"","header-main-stick-meta":"","header-below-stick-meta":"","astra-migrate-meta-layouts":"default","ast-page-background-enabled":"default","ast-page-background-meta":{"desktop":{"background-color":"var(--ast-global-color-4)","background-image":"","background-repeat":"repeat","background-position":"center center","background-size":"auto","background-attachment":"scroll","background-type":"","background-media":"","overlay-type":"","overlay-color":"","overlay-opacity":"","overlay-gradient":""},"tablet":{"background-color":"","background-image":"","background-repeat":"repeat","background-position":"center center","background-size":"auto","background-attachment":"scroll","background-type":"","background-media":"","overlay-type":"","overlay-color":"","overlay-opacity":"","overlay-gradient":""},"mobile":{"background-color":"","background-image":"","background-repeat":"repeat","background-position":"center center","background-size":"auto","background-attachment":"scroll","background-type":"","background-media":"","overlay-type":"","overlay-color":"","overlay-opacity":"","overlay-gradient":""}},"ast-content-background-meta":{"desktop":{"background-color":"var(--ast-global-color-5)","background-image":"","background-repeat":"repeat","background-position":"center center","background-size":"auto","background-attachment":"scroll","background-type":"","background-media":"","overlay-type":"","overlay-color":"","overlay-opacity":"","overlay-gradient":""},"tablet":{"background-color":"var(--ast-global-color-5)","background-image":"","background-repeat":"repeat","background-position":"center center","background-size":"auto","background-attachment":"scroll","background-type":"","background-media":"","overlay-type":"","overlay-color":"","overlay-opacity":"","overlay-gradient":""},"mobile":{"background-color":"var(--ast-global-color-5)","background-image":"","background-repeat":"repeat","background-position":"center center","background-size":"auto","background-attachment":"scroll","background-type":"","background-media":"","overlay-type":"","overlay-color":"","overlay-opacity":"","overlay-gradient":""}},"footnotes":""},"class_list":["post-30279","page","type-page","status-publish","hentry"],"yoast_head":"<!-- This site is optimized with the Yoast SEO plugin v26.9 - https:\/\/yoast.com\/product\/yoast-seo-wordpress\/ -->\n<title>Privatumo politika - Fitnsweet.eu<\/title>\n<meta name=\"robots\" content=\"index, follow, max-snippet:-1, max-image-preview:large, max-video-preview:-1\" \/>\n<link rel=\"canonical\" href=\"https:\/\/fitnsweet.eu\/lv\/privatuma-politika-2\/\" \/>\n<meta property=\"og:locale\" content=\"lv_LV\" \/>\n<meta property=\"og:type\" content=\"article\" \/>\n<meta property=\"og:title\" content=\"Privatumo politika - Fitnsweet.eu\" \/>\n<meta property=\"og:description\" content=\"\u0160i\u0105 Privatumo ir slapuk\u0173 politik\u0105 (toliau \u2013 Politika) taikome tais atvejais, kai lankot\u0117s www.fitnsweet.eu internetin\u0117je parduotuv\u0117je. M\u016bs\u0173 interneto svetain\u0117s lankytoj\u0173 duomenis renkame laikydamiesi Lietuvos Respublikos asmens duomen\u0173 teisin\u0117s apsaugos \u012fstatymo, Lietuvos Respublikos elektronini\u0173 ry\u0161i\u0173 \u012fstatymo, Europos S\u0105jungos asmens duomen\u0173 apsaugos \u012fstatym\u0173, kit\u0173 susijusi\u0173 teis\u0117s akt\u0173 bei kontroliuojan\u010di\u0173 institucij\u0173 nurodym\u0173 su pa\u010di\u0173 lankytoj\u0173 sutikimu. Renkami duomenys [&hellip;]\" \/>\n<meta property=\"og:url\" content=\"https:\/\/fitnsweet.eu\/lv\/privatuma-politika-2\/\" \/>\n<meta property=\"og:site_name\" content=\"Fitnsweet.eu\" \/>\n<meta property=\"article:modified_time\" content=\"2022-08-17T09:30:10+00:00\" \/>\n<meta name=\"twitter:card\" content=\"summary_large_image\" \/>\n<meta name=\"twitter:label1\" content=\"Est. reading time\" \/>\n\t<meta name=\"twitter:data1\" content=\"7 min\u016btes\" \/>\n<script type=\"application\/ld+json\" class=\"yoast-schema-graph\">{\"@context\":\"https:\/\/schema.org\",\"@graph\":[{\"@type\":\"WebPage\",\"@id\":\"https:\/\/fitnsweet.eu\/privatumo-politika\/\",\"url\":\"https:\/\/fitnsweet.eu\/privatumo-politika\/\",\"name\":\"Privatumo politika - Fitnsweet.eu\",\"isPartOf\":{\"@id\":\"https:\/\/fitnsweet.eu\/#website\"},\"datePublished\":\"2022-02-10T16:14:55+00:00\",\"dateModified\":\"2022-08-17T09:30:10+00:00\",\"breadcrumb\":{\"@id\":\"https:\/\/fitnsweet.eu\/privatumo-politika\/#breadcrumb\"},\"inLanguage\":\"lv-LV\",\"potentialAction\":[{\"@type\":\"ReadAction\",\"target\":[\"https:\/\/fitnsweet.eu\/privatumo-politika\/\"]}]},{\"@type\":\"BreadcrumbList\",\"@id\":\"https:\/\/fitnsweet.eu\/privatumo-politika\/#breadcrumb\",\"itemListElement\":[{\"@type\":\"ListItem\",\"position\":1,\"name\":\"Home\",\"item\":\"https:\/\/fitnsweet.eu\/\"},{\"@type\":\"ListItem\",\"position\":2,\"name\":\"Privatumo politika\"}]},{\"@type\":\"WebSite\",\"@id\":\"https:\/\/fitnsweet.eu\/#website\",\"url\":\"https:\/\/fitnsweet.eu\/\",\"name\":\"Fitnsweet.eu\",\"description\":\"Sveika. Saldu. Naudinga.\",\"potentialAction\":[{\"@type\":\"SearchAction\",\"target\":{\"@type\":\"EntryPoint\",\"urlTemplate\":\"https:\/\/fitnsweet.eu\/?s={search_term_string}\"},\"query-input\":{\"@type\":\"PropertyValueSpecification\",\"valueRequired\":true,\"valueName\":\"search_term_string\"}}],\"inLanguage\":\"lv-LV\"}]}<\/script>\n<!-- \/ Yoast SEO plugin. -->","yoast_head_json":{"title":"Priv\u0101tuma politika - Fitnsweet.eu","robots":{"index":"index","follow":"follow","max-snippet":"max-snippet:-1","max-image-preview":"max-image-preview:large","max-video-preview":"max-video-preview:-1"},"canonical":"https:\/\/fitnsweet.eu\/lv\/privatuma-politika-2\/","og_locale":"lv_LV","og_type":"article","og_title":"Privatumo politika - Fitnsweet.eu","og_description":"\u0160i\u0105 Privatumo ir slapuk\u0173 politik\u0105 (toliau \u2013 Politika) taikome tais atvejais, kai lankot\u0117s www.fitnsweet.eu internetin\u0117je parduotuv\u0117je. M\u016bs\u0173 interneto svetain\u0117s lankytoj\u0173 duomenis renkame laikydamiesi Lietuvos Respublikos asmens duomen\u0173 teisin\u0117s apsaugos \u012fstatymo, Lietuvos Respublikos elektronini\u0173 ry\u0161i\u0173 \u012fstatymo, Europos S\u0105jungos asmens duomen\u0173 apsaugos \u012fstatym\u0173, kit\u0173 susijusi\u0173 teis\u0117s akt\u0173 bei kontroliuojan\u010di\u0173 institucij\u0173 nurodym\u0173 su pa\u010di\u0173 lankytoj\u0173 sutikimu. Renkami duomenys [&hellip;]","og_url":"https:\/\/fitnsweet.eu\/lv\/privatuma-politika-2\/","og_site_name":"Fitnsweet.eu","article_modified_time":"2022-08-17T09:30:10+00:00","twitter_card":"summary_large_image","twitter_misc":{"Est. reading time":"7 min\u016btes"},"schema":{"@context":"https:\/\/schema.org","@graph":[{"@type":"WebPage","@id":"https:\/\/fitnsweet.eu\/privatumo-politika\/","url":"https:\/\/fitnsweet.eu\/privatumo-politika\/","name":"Priv\u0101tuma politika - Fitnsweet.eu","isPartOf":{"@id":"https:\/\/fitnsweet.eu\/#website"},"datePublished":"2022-02-10T16:14:55+00:00","dateModified":"2022-08-17T09:30:10+00:00","breadcrumb":{"@id":"https:\/\/fitnsweet.eu\/privatumo-politika\/#breadcrumb"},"inLanguage":"lv-LV","potentialAction":[{"@type":"ReadAction","target":["https:\/\/fitnsweet.eu\/privatumo-politika\/"]}]},{"@type":"BreadcrumbList","@id":"https:\/\/fitnsweet.eu\/privatumo-politika\/#breadcrumb","itemListElement":[{"@type":"ListItem","position":1,"name":"Home","item":"https:\/\/fitnsweet.eu\/"},{"@type":"ListItem","position":2,"name":"Privatumo politika"}]},{"@type":"WebSite","@id":"https:\/\/fitnsweet.eu\/#website","url":"https:\/\/fitnsweet.eu\/","name":"Fitnsweet.eu","description":"Sveiki. Salds. Noder\u012bgi.","potentialAction":[{"@type":"SearchAction","target":{"@type":"EntryPoint","urlTemplate":"https:\/\/fitnsweet.eu\/?s={search_term_string}"},"query-input":{"@type":"PropertyValueSpecification","valueRequired":true,"valueName":"search_term_string"}}],"inLanguage":"lv-LV"}]}},"_links":{"self":[{"href":"https:\/\/fitnsweet.eu\/lv\/wp-json\/wp\/v2\/pages\/30279","targetHints":{"allow":["GET"]}}],"collection":[{"href":"https:\/\/fitnsweet.eu\/lv\/wp-json\/wp\/v2\/pages"}],"about":[{"href":"https:\/\/fitnsweet.eu\/lv\/wp-json\/wp\/v2\/types\/page"}],"author":[{"embeddable":true,"href":"https:\/\/fitnsweet.eu\/lv\/wp-json\/wp\/v2\/users\/1"}],"replies":[{"embeddable":true,"href":"https:\/\/fitnsweet.eu\/lv\/wp-json\/wp\/v2\/comments?post=30279"}],"version-history":[{"count":0,"href":"https:\/\/fitnsweet.eu\/lv\/wp-json\/wp\/v2\/pages\/30279\/revisions"}],"wp:attachment":[{"href":"https:\/\/fitnsweet.eu\/lv\/wp-json\/wp\/v2\/media?parent=30279"}],"curies":[{"name":"wp","href":"https:\/\/api.w.org\/{rel}","templated":true}]}}