{"id":324,"date":"2016-08-30T12:39:47","date_gmt":"2016-08-30T10:39:47","guid":{"rendered":"http:\/\/fitnsweet.lt\/?page_id=324"},"modified":"2026-02-11T10:36:47","modified_gmt":"2026-02-11T08:36:47","slug":"par-mums-3","status":"publish","type":"page","link":"https:\/\/fitnsweet.eu\/lv\/par-mums-3\/","title":{"rendered":"Par mums"},"content":{"rendered":"<div data-elementor-type=\"wp-page\" data-elementor-id=\"324\" class=\"elementor elementor-324\" data-elementor-post-type=\"page\">\n\t\t\t\t\t\t<section class=\"elementor-section elementor-top-section elementor-element elementor-element-638eedef elementor-section-boxed elementor-section-height-default elementor-section-height-default\" data-id=\"638eedef\" data-element_type=\"section\" data-e-type=\"section\">\n\t\t\t\t\t\t<div class=\"elementor-container elementor-column-gap-default\">\n\t\t\t\t\t<div class=\"elementor-column elementor-col-100 elementor-top-column elementor-element elementor-element-fa803f8\" data-id=\"fa803f8\" data-element_type=\"column\" data-e-type=\"column\">\n\t\t\t<div class=\"elementor-widget-wrap\">\n\t\t\t\t\t\t\t<\/div>\n\t\t<\/div>\n\t\t\t\t\t<\/div>\n\t\t<\/section>\n\t\t\t\t<section class=\"elementor-section elementor-top-section elementor-element elementor-element-f86dc9b elementor-section-boxed elementor-section-height-default elementor-section-height-default\" data-id=\"f86dc9b\" data-element_type=\"section\" data-e-type=\"section\">\n\t\t\t\t\t\t<div class=\"elementor-container elementor-column-gap-default\">\n\t\t\t\t\t<div class=\"elementor-column elementor-col-100 elementor-top-column elementor-element elementor-element-430cc2c\" data-id=\"430cc2c\" data-element_type=\"column\" data-e-type=\"column\">\n\t\t\t<div class=\"elementor-widget-wrap elementor-element-populated\">\n\t\t\t\t\t\t<div class=\"elementor-element elementor-element-888a466 elementor-widget elementor-widget-text-editor\" data-id=\"888a466\" data-element_type=\"widget\" data-e-type=\"widget\" data-widget_type=\"text-editor.default\">\n\t\t\t\t<div class=\"elementor-widget-container\">\n\t\t\t\t\t\t\t\t\t<p>Pie mums j\u016bs atrad\u012bsiet Eirop\u0101 labi paz\u012bstamu un vado\u0161o pre\u010du z\u012bmolu sportam un vesel\u012bgam uzturam\u00a0<strong>GymQueen\u00a0<\/strong>produktiem. Esam ofici\u0101lais GymQueen z\u012bmola produktu p\u0101rdev\u0113js Baltijas valst\u012bs kop\u0161 2016. gada.<br \/>Uz\u0146\u0113mum\u0101 GymQueen svar\u012bga ir produktu augst\u0101k\u0101 kvalit\u0101te un lab\u0101k\u0101 gar\u0161a, kas satur p\u0113c iesp\u0113jas vair\u0101k \u012bpa\u0161i atlas\u012btu, dab\u012bgu komponentu.<\/p><p>M\u016bsu produktus raksturo vesel\u012bg\u0101kais, lab\u0101kais, kvalitat\u012bv\u0101kais sast\u0101vs. Produkti nesatur m\u0101ksl\u012bgo saldin\u0101t\u0101ju aspart\u0101mu, m\u0101ksl\u012bgos gar\u0161as pastiprin\u0101t\u0101jus, tiek izmantotas tikai Premium kvalit\u0101tes sast\u0101vda\u013cas. Saldumos ir dab\u012bgs graudu saldin\u0101t\u0101js maltitols, kas piem\u0113rots pat diab\u0113ta slimniekiem, kokosriekstu e\u013c\u013ca, bez pievienotiem cukuriem.<\/p><p>Saldus<span class=\"text_exposed_show\">\u00a0\u0113diens var b\u016bt noder\u012bgs sportam un piem\u0113rots j\u016bsu di\u0113tai, di\u0113tai. Interesanti?<br \/>M\u0113s esam \u0161eit, lai pied\u0101v\u0101tu jums tikai visaugst\u0101k\u0101s kvalit\u0101tes preces, p\u0101rtiku sportam un vesel\u012bgu uzturu.<\/span><\/p><p>T\u0101 k\u0101 GYMQUEEN produkti nav di\u0113ta, GYMQUEEN ir dz\u012bvesveids, kuru varat viegli un prasm\u012bgi integr\u0113t sav\u0101 ikdien\u0101. Neatkar\u012bgi no t\u0101, vai tie ir \u0113dienrei\u017eu aizst\u0101j\u0113ji, bezcukura produkti ar zemu og\u013chidr\u0101tu saturu, treni\u0146u pal\u012bgl\u012bdzek\u013ci vai uztura bag\u0101tin\u0101t\u0101ji, kas nodro\u0161ina visus svar\u012bgos vitam\u012bnus un uzturvielas, mums ir piem\u0113roti produkti katram m\u0113r\u0137im, lai pal\u012bdz\u0113tu jums justies labi un veidot savu \u0137erme\u0146a t\u0113lu. gribu.<\/p><p>Mes nedirbame d\u0117l vieno pardavimo. Ir nedirbame d\u0117l greit\u0173 pa\u017ead\u0173. Mes dirbame u\u017e ribos, kur moters savijauta svarbesn\u0117 u\u017e momentin\u012f rezultat\u0105. M\u016bs\u0173 darbas \u2013 ne fini\u0161o linija. M\u016bs\u0173 darbas \u2013 kelias, kuriame moteris nebaud\u017eia sav\u0119s, neperdega ir neb\u0117ga nuo sav\u0119s.\u00a0<br \/>Mes tikime ilgalaike energija, ne trumpu spurto efektu. Mes kuriame ne \u201esprendim\u0105 savaitei\u201c, o palaikym\u0105 moteriai, kuri gyvena real\u0173 gyvenim\u0105 su darbu, vaikais, emocijomis ir nuovargiu.<br \/>Jei ie\u0161kai stabilaus jausmo, kuriame gali gyventi ilgai, mes \u010dia.\u00a0<br \/>Be fini\u0161o linijos. D\u0117l moters, kuri nori jaustis gerai ne tik \u0161iandien, bet ir rytoj.\u00a0<\/p><p dir=\"ltr\" style=\"text-align: center;\"><em><span style=\"color: #000000;\">Taip pat norime i\u0161eiti su atvira \u017einute, reaguojant \u012f aplink\u0105.<\/span><\/em><br \/><em><span style=\"color: #000000;\">FITNSWEET niekada nebuvo, n\u0117ra ir nebus apie koki\u0105 apgaul\u0119. Tai verslas, sukurtas i\u0161 nuo\u0161irdumo ir tik\u0117jimo produktu, o ne i\u0161 skai\u010diavim\u0173 kaip i\u0161vengti atsakomyb\u0117s.<\/span><\/em><\/p><p dir=\"ltr\" style=\"text-align: center;\"><em><span style=\"color: #000000;\">Kai i\u0161tinka sunkumai gamini\u0173 tiekimo grandin\u0117je, tai nerei\u0161kia, kad staiga dingt\u0173 vertyb\u0117s. Prie\u0161ingai, nes tada jos tik dar labiau i\u0161ry\u0161k\u0117ja. Ir nors i\u0161 \u0161alies kai kam gali pasirodyti kitaip, jokie m\u016bs\u0173 veiksmai niekada nebuvo ty\u010diniai ar skirti tam, kad kas nors likt\u0173 nusivyl\u0119s.<\/span><\/em><\/p><p dir=\"ltr\" style=\"text-align: center;\"><em><span style=\"color: #000000;\">Kai buvo v\u0117lavim\u0173 \u2013 atsipra\u0161\u0117me. Jei reik\u0117jo gr\u0105\u017einti \u2013 gr\u0105\u017einome, patys at\u0161auk\u0117me be galo reik\u0161ming\u0105 kiek\u012f u\u017esakym\u0173, kad tik spr\u0119stume visk\u0105 kuo s\u0105\u017einingiau. Jei reik\u0117jo i\u0161b\u016bti po \u0161imto \u017einu\u010di\u0173 per dien\u0105 \u2013 i\u0161buvome, visada reagavome ir atsak\u0117me, sprend\u0117me. Bet n\u0117 karto nebuvo dienos, kad s\u0105moningai nor\u0117tume k\u0105 nors apgauti.<\/span><\/em><\/p><p dir=\"ltr\" style=\"text-align: center;\"><em><span style=\"color: #000000;\">Tai verslas, kuris nebuvo pastatytas ant iliuzij\u0173. Jis pastatytas ant tikr\u0173 \u017emoni\u0173, tikr\u0173 pastang\u0173 ir tikr\u0173 vertybi\u0173.\u00a0<\/span><\/em><\/p><p dir=\"ltr\" style=\"text-align: center;\"><em><span style=\"color: #000000;\">Ir mes tikime, kad tiesa, kad ir kokia tyli, vis tiek i\u0161lieka galingiausia.<\/span><\/em><\/p><p dir=\"ltr\" style=\"text-align: center;\"><em><span style=\"color: #000000;\">A\u010di\u016b, kad esate.<\/span><\/em><br \/><em><span style=\"color: #000000;\">A\u010di\u016b, kad matote giliau.<\/span><\/em><br \/><em><span style=\"color: #000000;\">A\u010di\u016b, kad palaikote.<\/span><\/em><\/p><p><em><span style=\"color: #000000;\">J\u016brat\u0117, Fitnsweet, \u012fk\u016br\u0117ja<\/span><\/em><\/p><p>\u00a0<\/p><p>Vai jums ir jaut\u0101jumi, ieteikumi? Vai v\u0113laties sadarboties? Sazinies ar mums:<br \/><strong>E-pasts<\/strong>:\u00a0info@fitnsweet.eu<br \/><strong>T\u0101lrunis:<\/strong>\u00a0+370 611 81208<\/p><h4>\u00a0<\/h4><h4>\u00a0<\/h4><h4>Paldies, ka esat kop\u0101 ar Fitnsweet.eu!<\/h4>\t\t\t\t\t\t\t\t<\/div>\n\t\t\t\t<\/div>\n\t\t\t\t\t<\/div>\n\t\t<\/div>\n\t\t\t\t\t<\/div>\n\t\t<\/section>\n\t\t\t\t<\/div>","protected":false},"excerpt":{"rendered":"<p>Pas mus rasite Europoje gerai \u017einomo ir pirmaujan\u010dio\u00a0preki\u0173 sportui ir sveikai mitybai \u017eenklo\u00a0GymQueen\u00a0produktus. Esame oficialus GymQueen prek\u0117s \u017eenklo produkt\u0173 pardav\u0117jas Baltijos \u0161alyse nuo 2016 met\u0173.GymQueen svarbiausia auk\u0161\u010diausia gamini\u0173 kokyb\u0117 ir geriausias skonis, kuri\u0173 sud\u0117tyje kuo daugiau specialiai atrinkt\u0173, nat\u016brali\u0173 komponent\u0173. M\u016bs\u0173 gaminiai pasi\u017eymi kuo sveikesne, geresne, auk\u0161\u010diausios kokyb\u0117s sud\u0117timi. Gamini\u0173 sud\u0117tyje n\u0117ra dirbtinio saldiklio aspartamo, [&hellip;]<\/p>","protected":false},"author":1,"featured_media":0,"parent":0,"menu_order":0,"comment_status":"closed","ping_status":"closed","template":"","meta":{"site-sidebar-layout":"default","site-content-layout":"","ast-site-content-layout":"default","site-content-style":"default","site-sidebar-style":"default","ast-global-header-display":"","ast-banner-title-visibility":"","ast-main-header-display":"","ast-hfb-above-header-display":"","ast-hfb-below-header-display":"","ast-hfb-mobile-header-display":"","site-post-title":"","ast-breadcrumbs-content":"","ast-featured-img":"","footer-sml-layout":"","ast-disable-related-posts":"","theme-transparent-header-meta":"","adv-header-id-meta":"","stick-header-meta":"","header-above-stick-meta":"","header-main-stick-meta":"","header-below-stick-meta":"","astra-migrate-meta-layouts":"default","ast-page-background-enabled":"default","ast-page-background-meta":{"desktop":{"background-color":"var(--ast-global-color-4)","background-image":"","background-repeat":"repeat","background-position":"center center","background-size":"auto","background-attachment":"scroll","background-type":"","background-media":"","overlay-type":"","overlay-color":"","overlay-opacity":"","overlay-gradient":""},"tablet":{"background-color":"","background-image":"","background-repeat":"repeat","background-position":"center center","background-size":"auto","background-attachment":"scroll","background-type":"","background-media":"","overlay-type":"","overlay-color":"","overlay-opacity":"","overlay-gradient":""},"mobile":{"background-color":"","background-image":"","background-repeat":"repeat","background-position":"center center","background-size":"auto","background-attachment":"scroll","background-type":"","background-media":"","overlay-type":"","overlay-color":"","overlay-opacity":"","overlay-gradient":""}},"ast-content-background-meta":{"desktop":{"background-color":"var(--ast-global-color-5)","background-image":"","background-repeat":"repeat","background-position":"center center","background-size":"auto","background-attachment":"scroll","background-type":"","background-media":"","overlay-type":"","overlay-color":"","overlay-opacity":"","overlay-gradient":""},"tablet":{"background-color":"var(--ast-global-color-5)","background-image":"","background-repeat":"repeat","background-position":"center center","background-size":"auto","background-attachment":"scroll","background-type":"","background-media":"","overlay-type":"","overlay-color":"","overlay-opacity":"","overlay-gradient":""},"mobile":{"background-color":"var(--ast-global-color-5)","background-image":"","background-repeat":"repeat","background-position":"center center","background-size":"auto","background-attachment":"scroll","background-type":"","background-media":"","overlay-type":"","overlay-color":"","overlay-opacity":"","overlay-gradient":""}},"footnotes":""},"class_list":["post-324","page","type-page","status-publish","hentry"],"yoast_head":"<!-- This site is optimized with the Yoast SEO plugin v26.9 - https:\/\/yoast.com\/product\/yoast-seo-wordpress\/ -->\n<title>Apie mus - Fitnsweet.eu<\/title>\n<meta name=\"robots\" content=\"index, follow, max-snippet:-1, max-image-preview:large, max-video-preview:-1\" \/>\n<link rel=\"canonical\" href=\"https:\/\/fitnsweet.eu\/lv\/par-mums-3\/\" \/>\n<meta property=\"og:locale\" content=\"lv_LV\" \/>\n<meta property=\"og:type\" content=\"article\" \/>\n<meta property=\"og:title\" content=\"Apie mus - Fitnsweet.eu\" \/>\n<meta property=\"og:description\" content=\"Pas mus rasite Europoje gerai \u017einomo ir pirmaujan\u010dio\u00a0preki\u0173 sportui ir sveikai mitybai \u017eenklo\u00a0GymQueen\u00a0produktus. Esame oficialus GymQueen prek\u0117s \u017eenklo produkt\u0173 pardav\u0117jas Baltijos \u0161alyse nuo 2016 met\u0173.GymQueen svarbiausia auk\u0161\u010diausia gamini\u0173 kokyb\u0117 ir geriausias skonis, kuri\u0173 sud\u0117tyje kuo daugiau specialiai atrinkt\u0173, nat\u016brali\u0173 komponent\u0173. M\u016bs\u0173 gaminiai pasi\u017eymi kuo sveikesne, geresne, auk\u0161\u010diausios kokyb\u0117s sud\u0117timi. Gamini\u0173 sud\u0117tyje n\u0117ra dirbtinio saldiklio aspartamo, [&hellip;]\" \/>\n<meta property=\"og:url\" content=\"https:\/\/fitnsweet.eu\/lv\/par-mums-3\/\" \/>\n<meta property=\"og:site_name\" content=\"Fitnsweet.eu\" \/>\n<meta property=\"article:modified_time\" content=\"2026-02-11T08:36:47+00:00\" \/>\n<meta name=\"twitter:card\" content=\"summary_large_image\" \/>\n<meta name=\"twitter:label1\" content=\"Est. reading time\" \/>\n\t<meta name=\"twitter:data1\" content=\"2 min\u016btes\" \/>\n<script type=\"application\/ld+json\" class=\"yoast-schema-graph\">{\"@context\":\"https:\/\/schema.org\",\"@graph\":[{\"@type\":\"WebPage\",\"@id\":\"https:\/\/fitnsweet.eu\/apie-mus-3\/\",\"url\":\"https:\/\/fitnsweet.eu\/apie-mus-3\/\",\"name\":\"Apie mus - Fitnsweet.eu\",\"isPartOf\":{\"@id\":\"https:\/\/fitnsweet.eu\/#website\"},\"datePublished\":\"2016-08-30T10:39:47+00:00\",\"dateModified\":\"2026-02-11T08:36:47+00:00\",\"breadcrumb\":{\"@id\":\"https:\/\/fitnsweet.eu\/apie-mus-3\/#breadcrumb\"},\"inLanguage\":\"lv-LV\",\"potentialAction\":[{\"@type\":\"ReadAction\",\"target\":[\"https:\/\/fitnsweet.eu\/apie-mus-3\/\"]}]},{\"@type\":\"BreadcrumbList\",\"@id\":\"https:\/\/fitnsweet.eu\/apie-mus-3\/#breadcrumb\",\"itemListElement\":[{\"@type\":\"ListItem\",\"position\":1,\"name\":\"Home\",\"item\":\"https:\/\/fitnsweet.eu\/\"},{\"@type\":\"ListItem\",\"position\":2,\"name\":\"Apie mus\"}]},{\"@type\":\"WebSite\",\"@id\":\"https:\/\/fitnsweet.eu\/#website\",\"url\":\"https:\/\/fitnsweet.eu\/\",\"name\":\"Fitnsweet.eu\",\"description\":\"Sveika. Saldu. Naudinga.\",\"potentialAction\":[{\"@type\":\"SearchAction\",\"target\":{\"@type\":\"EntryPoint\",\"urlTemplate\":\"https:\/\/fitnsweet.eu\/?s={search_term_string}\"},\"query-input\":{\"@type\":\"PropertyValueSpecification\",\"valueRequired\":true,\"valueName\":\"search_term_string\"}}],\"inLanguage\":\"lv-LV\"}]}<\/script>\n<!-- \/ Yoast SEO plugin. -->","yoast_head_json":{"title":"Par mums - Fitnsweet.eu","robots":{"index":"index","follow":"follow","max-snippet":"max-snippet:-1","max-image-preview":"max-image-preview:large","max-video-preview":"max-video-preview:-1"},"canonical":"https:\/\/fitnsweet.eu\/lv\/par-mums-3\/","og_locale":"lv_LV","og_type":"article","og_title":"Apie mus - Fitnsweet.eu","og_description":"Pas mus rasite Europoje gerai \u017einomo ir pirmaujan\u010dio\u00a0preki\u0173 sportui ir sveikai mitybai \u017eenklo\u00a0GymQueen\u00a0produktus. Esame oficialus GymQueen prek\u0117s \u017eenklo produkt\u0173 pardav\u0117jas Baltijos \u0161alyse nuo 2016 met\u0173.GymQueen svarbiausia auk\u0161\u010diausia gamini\u0173 kokyb\u0117 ir geriausias skonis, kuri\u0173 sud\u0117tyje kuo daugiau specialiai atrinkt\u0173, nat\u016brali\u0173 komponent\u0173. M\u016bs\u0173 gaminiai pasi\u017eymi kuo sveikesne, geresne, auk\u0161\u010diausios kokyb\u0117s sud\u0117timi. Gamini\u0173 sud\u0117tyje n\u0117ra dirbtinio saldiklio aspartamo, [&hellip;]","og_url":"https:\/\/fitnsweet.eu\/lv\/par-mums-3\/","og_site_name":"Fitnsweet.eu","article_modified_time":"2026-02-11T08:36:47+00:00","twitter_card":"summary_large_image","twitter_misc":{"Est. reading time":"2 min\u016btes"},"schema":{"@context":"https:\/\/schema.org","@graph":[{"@type":"WebPage","@id":"https:\/\/fitnsweet.eu\/apie-mus-3\/","url":"https:\/\/fitnsweet.eu\/apie-mus-3\/","name":"Par mums - Fitnsweet.eu","isPartOf":{"@id":"https:\/\/fitnsweet.eu\/#website"},"datePublished":"2016-08-30T10:39:47+00:00","dateModified":"2026-02-11T08:36:47+00:00","breadcrumb":{"@id":"https:\/\/fitnsweet.eu\/apie-mus-3\/#breadcrumb"},"inLanguage":"lv-LV","potentialAction":[{"@type":"ReadAction","target":["https:\/\/fitnsweet.eu\/apie-mus-3\/"]}]},{"@type":"BreadcrumbList","@id":"https:\/\/fitnsweet.eu\/apie-mus-3\/#breadcrumb","itemListElement":[{"@type":"ListItem","position":1,"name":"Home","item":"https:\/\/fitnsweet.eu\/"},{"@type":"ListItem","position":2,"name":"Apie mus"}]},{"@type":"WebSite","@id":"https:\/\/fitnsweet.eu\/#website","url":"https:\/\/fitnsweet.eu\/","name":"Fitnsweet.eu","description":"Sveiki. Salds. Noder\u012bgi.","potentialAction":[{"@type":"SearchAction","target":{"@type":"EntryPoint","urlTemplate":"https:\/\/fitnsweet.eu\/?s={search_term_string}"},"query-input":{"@type":"PropertyValueSpecification","valueRequired":true,"valueName":"search_term_string"}}],"inLanguage":"lv-LV"}]}},"_links":{"self":[{"href":"https:\/\/fitnsweet.eu\/lv\/wp-json\/wp\/v2\/pages\/324","targetHints":{"allow":["GET"]}}],"collection":[{"href":"https:\/\/fitnsweet.eu\/lv\/wp-json\/wp\/v2\/pages"}],"about":[{"href":"https:\/\/fitnsweet.eu\/lv\/wp-json\/wp\/v2\/types\/page"}],"author":[{"embeddable":true,"href":"https:\/\/fitnsweet.eu\/lv\/wp-json\/wp\/v2\/users\/1"}],"replies":[{"embeddable":true,"href":"https:\/\/fitnsweet.eu\/lv\/wp-json\/wp\/v2\/comments?post=324"}],"version-history":[{"count":9,"href":"https:\/\/fitnsweet.eu\/lv\/wp-json\/wp\/v2\/pages\/324\/revisions"}],"predecessor-version":[{"id":59278,"href":"https:\/\/fitnsweet.eu\/lv\/wp-json\/wp\/v2\/pages\/324\/revisions\/59278"}],"wp:attachment":[{"href":"https:\/\/fitnsweet.eu\/lv\/wp-json\/wp\/v2\/media?parent=324"}],"curies":[{"name":"wp","href":"https:\/\/api.w.org\/{rel}","templated":true}]}}