{"id":1061,"date":"2017-08-01T00:30:31","date_gmt":"2017-07-31T21:30:31","guid":{"rendered":"http:\/\/fitnsweet.lt\/?post_type=product&#038;p=1061"},"modified":"2026-02-11T10:43:36","modified_gmt":"2026-02-11T08:43:36","slug":"gymqueen-mamma-mia-padazas-be-kcal","status":"publish","type":"product","link":"https:\/\/fitnsweet.eu\/lv\/produkts-2\/gymqueen-mamma-mia-padazas-be-kcal\/","title":{"rendered":"GymQueen Mamma Mia m\u0113rce bez kcal"},"content":{"rendered":"<p><span style=\"color: #000000;\">GymQueen Mammia Mia m\u0113rces bez kalorij\u0101m ir unik\u0101las p\u0113c sast\u0101va:<\/span><\/p>\n<p><span style=\"color: #000000;\">0% tauki;<\/span><br \/>\n<span style=\"color: #000000;\">0% cukurs;<\/span><br \/>\n<span style=\"color: #000000;\">Bez laktozes;<\/span><br \/>\n<span style=\"color: #000000;\">Nesatur glut\u0113nu;<\/span><br \/>\n<span style=\"color: #000000;\">Nesatur m\u0101ksl\u012bgus aromatiz\u0113t\u0101jus un gar\u0161as pastiprin\u0101t\u0101jus (piem\u0113ram, bez glutam\u0101ta);<\/span><br \/>\n<span style=\"color: #000000;\">Bez m\u0101ksl\u012bg\u0101 saldin\u0101t\u0101ja aspart\u0101ma;<\/span><br \/>\n<span style=\"color: #000000;\">Nav ar\u012b dz\u012bvnieku izcelsmes sast\u0101vda\u013cu, t\u0101p\u0113c tas ir lieliski piem\u0113rots veg\u0101niem un ve\u0123et\u0101rie\u0161iem.<\/span><\/p>\n<p><span style=\"color: #000000;\">Mamma Mia ir iepakota plastmasas iepakojum\u0101, un ar praktiska dozatora pal\u012bdz\u012bbu j\u016bs varat prec\u012bzi, viegli un vienk\u0101r\u0161i izdal\u012bt m\u0113rci. \u0112rti lietojams, atrodoties ce\u013c\u0101, biroj\u0101, universit\u0101t\u0113 vai virtuv\u0113.<\/span><\/p>\n<p><em><span style=\"color: #ff00ff;\">M\u0113rces ener\u0123\u0113tisk\u0101 v\u0113rt\u012bba:<\/span><\/em><\/p>\n<table border=\"1\" cellspacing=\"1\" cellpadding=\"1\">\n<thead>\n<tr>\n<th scope=\"col\"><\/th>\n<th scope=\"col\">\u00a0100 ml<\/th>\n<th scope=\"col\">\u00a0uz porciju (15 ml)<\/th>\n<\/tr>\n<\/thead>\n<tbody>\n<tr>\n<td>\u00a0<span style=\"color: #000000;\">Kalorit\u0101te<\/span><\/td>\n<td><span style=\"color: #000000;\">\u00a027 kJ \/ 6 kcal\u00a0<\/span><\/td>\n<td><span style=\"color: #000000;\">\u00a04 kJ \/ 1 kcal\u00a0<\/span><\/td>\n<\/tr>\n<tr>\n<td><span style=\"color: #000000;\">\u00a0Tauki<\/span><\/td>\n<td><span style=\"color: #000000;\">\u00a00 g<\/span><\/td>\n<td><span style=\"color: #000000;\">\u00a00 g<\/span><\/td>\n<\/tr>\n<tr>\n<td><span style=\"color: #000000;\">\u00a0- Pies\u0101tin\u0101tie tauki\u00a0<\/span><\/td>\n<td><span style=\"color: #000000;\">\u00a00 g<\/span><\/td>\n<td><span style=\"color: #000000;\">\u00a00 g\u00a0<\/span><\/td>\n<\/tr>\n<tr>\n<td><span style=\"color: #000000;\">\u00a0Og\u013chidr\u0101ti<\/span><\/td>\n<td><span style=\"color: #000000;\">\u00a01,2 g\u00a0<\/span><\/td>\n<td><span style=\"color: #000000;\">\u00a00,2 g<\/span><\/td>\n<\/tr>\n<tr>\n<td><span style=\"color: #000000;\">\u00a0- cukurs<\/span><\/td>\n<td><span style=\"color: #000000;\">\u00a00 g\u00a0<\/span><\/td>\n<td><span style=\"color: #000000;\">\u00a00 g\u00a0<\/span><\/td>\n<\/tr>\n<tr>\n<td><span style=\"color: #000000;\">\u00a0Olbaltumvielas<\/span><\/td>\n<td><span style=\"color: #000000;\">\u00a00,2 g\u00a0<\/span><\/td>\n<td><span style=\"color: #000000;\">\u00a00 g<\/span><\/td>\n<\/tr>\n<tr>\n<td><span style=\"color: #000000;\">\u00a0\u0160\u0137iedru materi\u0101li<\/span><\/td>\n<td><span style=\"color: #000000;\">\u00a02,5 g\u00a0<\/span><\/td>\n<td><span style=\"color: #000000;\">\u00a00,4 g<\/span><\/td>\n<\/tr>\n<tr>\n<td><span style=\"color: #000000;\">\u00a0S\u0101\u013ci<\/span><\/td>\n<td><span style=\"color: #000000;\">\u00a02,0 g\u00a0<\/span><\/td>\n<td><span style=\"color: #000000;\">\u00a00,3 g<\/span><\/td>\n<\/tr>\n<\/tbody>\n<\/table>\n<p><span style=\"color: #000000;\">\u00a0<\/span><\/p>\n<p><span style=\"color: #000000;\">Sast\u0101vda\u013cas: \u016adens, modific\u0113ta ciete, \u0101bolu sidra eti\u0137is, s\u0101ls, s\u012bpoli, aromatiz\u0113t\u0101js, kr\u0101sviela: tit\u0101na dioks\u012bds; Pipari, \u0137iploki, konservanti: k\u0101lija sorb\u0101ts; Biezin\u0101t\u0101js: ksant\u0101na sve\u0137i; Sk\u0101bums: citronsk\u0101be; Saldin\u0101t\u0101js: sukraloze; Kan\u0113lis.<\/span><\/p>\n<p><span style=\"color: #ff00ff;\"><em>Amerik\u0101\u0146u BBQ Mamma Mia. Sast\u0101vs:<\/em><\/span><\/p>\n<p><span style=\"color: #000000;\">\u016adens, eti\u0137is, biezin\u0101t\u0101ji (celuloze, ksant\u0101na sve\u0137i, gu\u0101ra sve\u0137i), s\u0101\u013ci, citronsk\u0101be, tom\u0101tu biezenis, kr\u0101sviela, konservants (k\u0101lija sorb\u0101ts), saldin\u0101t\u0101js (sukraloze), aromatiz\u0113t\u0101js.<\/span><\/p>\n<p><span style=\"color: #ff00ff;\">Zeme\u0146u Mamma Mia sast\u0101vs:<\/span><\/p>\n<p><span style=\"color: #000000;\">\u016adens, 28 27% zemenes, modific\u0113ta ciete, citronu sula, saldin\u0101t\u0101ji: eritritols, sukraloze; dab\u012bga gar\u0161a, sk\u0101bin\u0101t\u0101js: citronsk\u0101be; Biezin\u0101t\u0101ji: ksant\u0101na sve\u0137i, gu\u0101ra sve\u0137i; Konservanti: k\u0101lija sorb\u0101ts, n\u0101trija benzo\u0101ts; Kr\u0101sa: \u012bsts karm\u012bns.<\/span><\/p>\n<p>C\u0113zara m\u0113rce. Sast\u0101vs:<\/p>\n<p><span style=\"color: #000000;\">\u016adens, modific\u0113ta ciete, citronu sula,\u00a0<strong>sinepes<\/strong>\u00a0(\u016bdens,\u00a0<strong>sinepes<\/strong>\u00a0, eti\u0137is, gar\u0161vielas), s\u0101ls, \u0137iploki, s\u012bpoli, ol\u012bve\u013c\u013ca, biezin\u0101t\u0101js: gu\u0101ra sve\u0137i; Kr\u0101sviela: tit\u0101na dioks\u012bds; \u0100bolu sidra eti\u0137is, konservants: k\u0101lija sorb\u0101ts; Sk\u0101bin\u0101t\u0101js: citronsk\u0101be; Pipari, dab\u012bgs arom\u0101ts, asie pipari, dzeltenumi, krustnagli\u0146as, saldin\u0101t\u0101js: sukraloze.<\/span><\/p>\n<p><span style=\"color: #ff00ff;\">Karija ke\u010dups. Sast\u0101vs:<\/span><\/p>\n<p><span style=\"color: #000000;\">\u016adens, tom\u0101tu pasta, modific\u0113ta kukur\u016bzas ciete, s\u0101ls, kurkuma, eti\u0137is, kr\u0101svielas: karamele; Citrusaug\u013cu \u0161\u0137iedra, koriandrs, sk\u0101buma regul\u0113t\u0101js: citronsk\u0101be; Biezin\u0101t\u0101js: ksant\u0101na sve\u0137i; \u0136imenes, m\u0101t\u012btes, konservanti: k\u0101lija sorb\u0101ts; Karstie pipari,\u00a0<strong>sinepes<\/strong>\u00a0, fenhe\u013ca s\u0113klas, saldin\u0101t\u0101ji: sukraloze; \u0136iploki, smar\u017e\u012bgie pipari.<\/span><\/p>\n<p><span style=\"color: #ff00ff;\">M\u0113rce ar majon\u0113zes gar\u0161u. Sast\u0101vs:<\/span><\/p>\n<p><span style=\"color: #000000;\">\u016adens, modific\u0113ta ciete, s\u0101ls,\u00a0<strong>sinepes<\/strong>\u00a0(\u016bdens,\u00a0<strong>sinepes<\/strong>\u00a0, eti\u0137is, gar\u0161vielas), 0,3% rap\u0161u e\u013c\u013ca, eti\u0137is, biezin\u0101t\u0101js: ksant\u0101ns, gu\u0101ra sve\u0137i; 0.21%\u00a0<strong>olu<\/strong>\u00a0dzeltens, kr\u0101sa: tit\u0101na dioks\u012bds; Sk\u0101bin\u0101t\u0101js: citronsk\u0101be; Konservants: K\u0101lija sorb\u0101ts; dab\u012bga gar\u0161a, saldin\u0101t\u0101js: sukraloze; Pipari, dzeltenums, antioksidanti: kalcija din\u0101trija EDTA; Kr\u0101sa: lute\u012bns.<\/span><\/p>\n<p><span style=\"color: #ff00ff;\">Saldsk\u0101b\u0101 \u010dili m\u0113rce. Sast\u0101vs:<\/span><\/p>\n<p><span style=\"color: #000000;\">\u016adens, modific\u0113ta ciete, aromatiz\u0113t\u0101js, \u010dili 1,03%, s\u0101ls, biezin\u0101t\u0101js: ksant\u0101na sve\u0137i; S\u012bpoli, paprika, koriandrs, \u0137iploki, sk\u0101buma regul\u0113t\u0101js: citronsk\u0101be; Konservants: K\u0101lija sorb\u0101ts; Saldin\u0101t\u0101js: sukraloze<\/span><\/p>\n<p><span style=\"color: #000000;\"><em><span style=\"color: #ff00ff;\">\u00a0<\/span><\/em><\/span><\/p>\n<p><span style=\"color: #ff00ff;\">RPN<\/span>: <span style=\"color: #000000;\">15 ml m\u0113rces. Tom\u0113r j\u016bs varat to izmantot atbilsto\u0161i savai gaumei un vajadz\u012bb\u0101m.<\/span><\/p>\n<p><span style=\"color: #000000;\"><span style=\"color: #ff00ff;\">Ra\u017eot\u0101js:<\/span>\u00a0V\u0101cija<\/span><br \/>\n<span style=\"color: #000000;\"><span style=\"color: #ff00ff;\">Izplat\u012bt\u0101js Lietuv\u0101<\/span>: J\u016brates Bomblauskaites individu\u0101l\u0101 darb\u012bba.<\/span><br \/>\n<span style=\"color: #000000;\"><span style=\"color: #ff00ff;\">Der\u012bguma termi\u0146\u0161<\/span>: nor\u0101d\u012bts uz iepakojuma.<\/span><\/p>","protected":false},"excerpt":{"rendered":"<p><span style=\"color: #000000;\">J\u016bsu iecien\u012bt\u0101kie \u0113dieni tagad ieg\u016bs v\u0113l spilgt\u0101ku, \u0101rk\u0101rt\u012bgi gardu gar\u0161u.\u00a0<\/span><br \/>\n<span style=\"color: #000000;\">Amerik\u0101\u0146u BBQ m\u0113rce ir lieliski piem\u0113rota visu vasaru gril\u0113tu, ga\u013cas \u0113dienu, da\u017e\u0101du sal\u0101tu, iecien\u012btu sviestmai\u017eu aromatiz\u0113\u0161anai.\u00a0<\/span><br \/>\n<span style=\"color: #000000;\">Zeme\u0146u Mamma Mia m\u0113rce pie\u0161\u0137irs \u0101rk\u0101rt\u012bgi gardu, saldu gar\u0161u.<\/span><\/p>\n<p><span style=\"color: #000000;\">GymQueen Mamma Mia m\u0113rc\u0113s:<\/span><br \/>\n<span style=\"color: #ff00ff;\">Bez cukura;<\/span><br \/>\n<span style=\"color: #ff00ff;\">Nav tauku;<\/span><br \/>\n<span style=\"color: #ff00ff;\">Tikai da\u017eas kaloriju porcijas;<\/span><br \/>\n<em><strong><span style=\"color: #ff00ff;\">Nesatur lipekli, nesatur laktozi;<\/span><\/strong><\/em><br \/>\n<em><strong><span style=\"color: #ff00ff;\">Piem\u0113rots ar\u012b ve\u0123et\u0101rie\u0161iem.<\/span><\/strong><\/em><\/p>\n<p><span style=\"color: #ff00ff;\"><span style=\"color: #000000;\">GymQueen Mammia Kia m\u0113rces bez kcal, kas ra\u017eotas V\u0101cij\u0101 no augst\u0101k\u0101s kvalit\u0101tes materi\u0101liem, nodro\u0161ina dro\u0161u lieto\u0161anu.<\/span><\/span><\/p>\n<p><span style=\"color: #000000;\"><em>Produkta svars - 265 ml.\u00a0<\/em><\/span><\/p>\n<p>&nbsp;<\/p>","protected":false},"featured_media":2381,"comment_status":"open","ping_status":"closed","template":"","meta":{"site-sidebar-layout":"default","site-content-layout":"default","ast-site-content-layout":"default","site-content-style":"default","site-sidebar-style":"default","ast-global-header-display":"","ast-banner-title-visibility":"","ast-main-header-display":"","ast-hfb-above-header-display":"","ast-hfb-below-header-display":"","ast-hfb-mobile-header-display":"","site-post-title":"","ast-breadcrumbs-content":"","ast-featured-img":"","footer-sml-layout":"","ast-disable-related-posts":"","theme-transparent-header-meta":"default","adv-header-id-meta":"","stick-header-meta":"","header-above-stick-meta":"","header-main-stick-meta":"","header-below-stick-meta":"","astra-migrate-meta-layouts":"set","ast-page-background-enabled":"default","ast-page-background-meta":{"desktop":{"background-color":"var(--ast-global-color-4)","background-image":"","background-repeat":"repeat","background-position":"center center","background-size":"auto","background-attachment":"scroll","background-type":"","background-media":"","overlay-type":"","overlay-color":"","overlay-opacity":"","overlay-gradient":""},"tablet":{"background-color":"","background-image":"","background-repeat":"repeat","background-position":"center center","background-size":"auto","background-attachment":"scroll","background-type":"","background-media":"","overlay-type":"","overlay-color":"","overlay-opacity":"","overlay-gradient":""},"mobile":{"background-color":"","background-image":"","background-repeat":"repeat","background-position":"center center","background-size":"auto","background-attachment":"scroll","background-type":"","background-media":"","overlay-type":"","overlay-color":"","overlay-opacity":"","overlay-gradient":""}},"ast-content-background-meta":{"desktop":{"background-color":"var(--ast-global-color-5)","background-image":"","background-repeat":"repeat","background-position":"center center","background-size":"auto","background-attachment":"scroll","background-type":"","background-media":"","overlay-type":"","overlay-color":"","overlay-opacity":"","overlay-gradient":""},"tablet":{"background-color":"var(--ast-global-color-5)","background-image":"","background-repeat":"repeat","background-position":"center center","background-size":"auto","background-attachment":"scroll","background-type":"","background-media":"","overlay-type":"","overlay-color":"","overlay-opacity":"","overlay-gradient":""},"mobile":{"background-color":"var(--ast-global-color-5)","background-image":"","background-repeat":"repeat","background-position":"center center","background-size":"auto","background-attachment":"scroll","background-type":"","background-media":"","overlay-type":"","overlay-color":"","overlay-opacity":"","overlay-gradient":""}}},"product_brand":[],"product_cat":[386,382,378,387,344,365,13,112,114,318,319],"product_tag":[196,133,175,176,118,137,197,136,135,174,130,48],"class_list":{"0":"post-1061","1":"product","2":"type-product","3":"status-publish","4":"has-post-thumbnail","6":"product_cat-ispardavimas-2","7":"product_cat-traskuciai-padazai-uzkandziai","8":"product_cat-uzkandziai","9":"product_cat-visi-produktai","10":"product_cat-be-laktozes","11":"product_cat-ispardavimas","12":"product_cat-httpfitnsweet-ltprodukto-kategorijagymqueen","13":"product_cat-gymqueen-figurai","14":"product_cat-gymqueen-sportui","15":"product_cat-padazai-be-kcal","16":"product_cat-veganiskas-pasirinkimas","17":"product_tag-bbq","18":"product_tag-be-kcal","19":"product_tag-be-glitimo","20":"product_tag-be-laktozes","21":"product_tag-be-pridetinio-cukraus","22":"product_tag-braskinis","23":"product_tag-cezario","24":"product_tag-karamelinis","25":"product_tag-padazas","26":"product_tag-padazas-be-kcal","27":"product_tag-vegan","28":"product_tag-veganiskas","29":"desktop-align-left","30":"tablet-align-left","31":"mobile-align-left","33":"first","34":"instock","35":"taxable","36":"shipping-taxable","37":"purchasable","38":"product-type-variable"},"yoast_head":"<!-- This site is optimized with the Yoast SEO plugin v26.9 - https:\/\/yoast.com\/product\/yoast-seo-wordpress\/ -->\n<title>GymQueen Mamma Mia pada\u017eas be kcal - Fitnsweet.eu<\/title>\n<meta name=\"robots\" content=\"index, follow, max-snippet:-1, max-image-preview:large, max-video-preview:-1\" \/>\n<link rel=\"canonical\" href=\"https:\/\/fitnsweet.eu\/lv\/produkts-2\/gymqueen-mamma-mia-padazas-be-kcal\/\" \/>\n<meta property=\"og:locale\" content=\"lv_LV\" \/>\n<meta property=\"og:type\" content=\"article\" \/>\n<meta property=\"og:title\" content=\"GymQueen Mamma Mia pada\u017eas be kcal - Fitnsweet.eu\" \/>\n<meta property=\"og:description\" content=\"J\u016bs\u0173 m\u0117giami patiekalai dabar \u012fgaus dar ry\u0161ken\u012f, itin gard\u0173 skon\u012f.\u00a0 American BBQ pada\u017eas puikiai tiks gardinti visus vasari\u0161kus ant groteli\u0173 keptus, m\u0117sos patiekalus, \u012fvarias salotas, m\u0117giamus sumu\u0161tinius.\u00a0 Bra\u0161kinis Mamma Mia pada\u017eas suteiks itin gard\u0173, sald\u0173 skon\u012f.  GymQueen Mamma Mia pada\u017euose: N\u0117ra cukraus; N\u0117ra riebal\u0173; Vos kelios kalorijos porcijos; Be glitimo, be laktoz\u0117s; Tinka ir vegetarams.  GymQueen Mammia Mia pada\u017eai be kcal, pagaminti Vokietijoje i\u0161 auk\u0161\u010diausios kokyb\u0117s med\u017eiag\u0173, u\u017etikrina saug\u0173 vartojim\u0105.  Grynasis produkto svoris - 265 ml.\u00a0  &nbsp;\" \/>\n<meta property=\"og:url\" content=\"https:\/\/fitnsweet.eu\/lv\/produkts-2\/gymqueen-mamma-mia-padazas-be-kcal\/\" \/>\n<meta property=\"og:site_name\" content=\"Fitnsweet.eu\" \/>\n<meta property=\"article:modified_time\" content=\"2026-02-11T08:43:36+00:00\" \/>\n<meta property=\"og:image\" content=\"https:\/\/fitnsweet.eu\/wp-content\/uploads\/2017\/08\/Crazy-CeasariVH670K6C058W.jpg\" \/>\n\t<meta property=\"og:image:width\" content=\"1000\" \/>\n\t<meta property=\"og:image:height\" content=\"1000\" \/>\n\t<meta property=\"og:image:type\" content=\"image\/jpeg\" \/>\n<meta name=\"twitter:card\" content=\"summary_large_image\" \/>\n<meta name=\"twitter:label1\" content=\"Est. reading time\" \/>\n\t<meta name=\"twitter:data1\" content=\"2 min\u016btes\" \/>\n<script type=\"application\/ld+json\" class=\"yoast-schema-graph\">{\"@context\":\"https:\/\/schema.org\",\"@graph\":[{\"@type\":\"WebPage\",\"@id\":\"https:\/\/fitnsweet.eu\/produktas\/gymqueen-mamma-mia-padazas-be-kcal\/\",\"url\":\"https:\/\/fitnsweet.eu\/produktas\/gymqueen-mamma-mia-padazas-be-kcal\/\",\"name\":\"GymQueen Mamma Mia pada\u017eas be kcal - Fitnsweet.eu\",\"isPartOf\":{\"@id\":\"https:\/\/fitnsweet.eu\/#website\"},\"primaryImageOfPage\":{\"@id\":\"https:\/\/fitnsweet.eu\/produktas\/gymqueen-mamma-mia-padazas-be-kcal\/#primaryimage\"},\"image\":{\"@id\":\"https:\/\/fitnsweet.eu\/produktas\/gymqueen-mamma-mia-padazas-be-kcal\/#primaryimage\"},\"thumbnailUrl\":\"https:\/\/fitnsweet.eu\/wp-content\/uploads\/2017\/08\/Crazy-CeasariVH670K6C058W.jpg\",\"datePublished\":\"2017-07-31T21:30:31+00:00\",\"dateModified\":\"2026-02-11T08:43:36+00:00\",\"breadcrumb\":{\"@id\":\"https:\/\/fitnsweet.eu\/produktas\/gymqueen-mamma-mia-padazas-be-kcal\/#breadcrumb\"},\"inLanguage\":\"lv-LV\",\"potentialAction\":[{\"@type\":\"ReadAction\",\"target\":[\"https:\/\/fitnsweet.eu\/produktas\/gymqueen-mamma-mia-padazas-be-kcal\/\"]}]},{\"@type\":\"ImageObject\",\"inLanguage\":\"lv-LV\",\"@id\":\"https:\/\/fitnsweet.eu\/produktas\/gymqueen-mamma-mia-padazas-be-kcal\/#primaryimage\",\"url\":\"https:\/\/fitnsweet.eu\/wp-content\/uploads\/2017\/08\/Crazy-CeasariVH670K6C058W.jpg\",\"contentUrl\":\"https:\/\/fitnsweet.eu\/wp-content\/uploads\/2017\/08\/Crazy-CeasariVH670K6C058W.jpg\",\"width\":1000,\"height\":1000},{\"@type\":\"BreadcrumbList\",\"@id\":\"https:\/\/fitnsweet.eu\/produktas\/gymqueen-mamma-mia-padazas-be-kcal\/#breadcrumb\",\"itemListElement\":[{\"@type\":\"ListItem\",\"position\":1,\"name\":\"Home\",\"item\":\"https:\/\/fitnsweet.eu\/\"},{\"@type\":\"ListItem\",\"position\":2,\"name\":\"Produktai\",\"item\":\"https:\/\/fitnsweet.eu\/parduotuve\/\"},{\"@type\":\"ListItem\",\"position\":3,\"name\":\"GymQueen Mamma Mia pada\u017eas be kcal\"}]},{\"@type\":\"WebSite\",\"@id\":\"https:\/\/fitnsweet.eu\/#website\",\"url\":\"https:\/\/fitnsweet.eu\/\",\"name\":\"Fitnsweet.eu\",\"description\":\"Sveika. Saldu. Naudinga.\",\"potentialAction\":[{\"@type\":\"SearchAction\",\"target\":{\"@type\":\"EntryPoint\",\"urlTemplate\":\"https:\/\/fitnsweet.eu\/?s={search_term_string}\"},\"query-input\":{\"@type\":\"PropertyValueSpecification\",\"valueRequired\":true,\"valueName\":\"search_term_string\"}}],\"inLanguage\":\"lv-LV\"}]}<\/script>\n<!-- \/ Yoast SEO plugin. -->","yoast_head_json":{"title":"GymQueen Mamma Mia pada\u017eas be kcal - Fitnsweet.eu","robots":{"index":"index","follow":"follow","max-snippet":"max-snippet:-1","max-image-preview":"max-image-preview:large","max-video-preview":"max-video-preview:-1"},"canonical":"https:\/\/fitnsweet.eu\/lv\/produkts-2\/gymqueen-mamma-mia-padazas-be-kcal\/","og_locale":"lv_LV","og_type":"article","og_title":"GymQueen Mamma Mia pada\u017eas be kcal - Fitnsweet.eu","og_description":"J\u016bs\u0173 m\u0117giami patiekalai dabar \u012fgaus dar ry\u0161ken\u012f, itin gard\u0173 skon\u012f.\u00a0 American BBQ pada\u017eas puikiai tiks gardinti visus vasari\u0161kus ant groteli\u0173 keptus, m\u0117sos patiekalus, \u012fvarias salotas, m\u0117giamus sumu\u0161tinius.\u00a0 Bra\u0161kinis Mamma Mia pada\u017eas suteiks itin gard\u0173, sald\u0173 skon\u012f.  GymQueen Mamma Mia pada\u017euose: N\u0117ra cukraus; N\u0117ra riebal\u0173; Vos kelios kalorijos porcijos; Be glitimo, be laktoz\u0117s; Tinka ir vegetarams.  GymQueen Mammia Mia pada\u017eai be kcal, pagaminti Vokietijoje i\u0161 auk\u0161\u010diausios kokyb\u0117s med\u017eiag\u0173, u\u017etikrina saug\u0173 vartojim\u0105.  Grynasis produkto svoris - 265 ml.\u00a0  &nbsp;","og_url":"https:\/\/fitnsweet.eu\/lv\/produkts-2\/gymqueen-mamma-mia-padazas-be-kcal\/","og_site_name":"Fitnsweet.eu","article_modified_time":"2026-02-11T08:43:36+00:00","og_image":[{"width":1000,"height":1000,"url":"https:\/\/fitnsweet.eu\/wp-content\/uploads\/2017\/08\/Crazy-CeasariVH670K6C058W.jpg","type":"image\/jpeg"}],"twitter_card":"summary_large_image","twitter_misc":{"Est. reading time":"2 min\u016btes"},"schema":{"@context":"https:\/\/schema.org","@graph":[{"@type":"WebPage","@id":"https:\/\/fitnsweet.eu\/produktas\/gymqueen-mamma-mia-padazas-be-kcal\/","url":"https:\/\/fitnsweet.eu\/produktas\/gymqueen-mamma-mia-padazas-be-kcal\/","name":"GymQueen Mamma Mia pada\u017eas be kcal - Fitnsweet.eu","isPartOf":{"@id":"https:\/\/fitnsweet.eu\/#website"},"primaryImageOfPage":{"@id":"https:\/\/fitnsweet.eu\/produktas\/gymqueen-mamma-mia-padazas-be-kcal\/#primaryimage"},"image":{"@id":"https:\/\/fitnsweet.eu\/produktas\/gymqueen-mamma-mia-padazas-be-kcal\/#primaryimage"},"thumbnailUrl":"https:\/\/fitnsweet.eu\/wp-content\/uploads\/2017\/08\/Crazy-CeasariVH670K6C058W.jpg","datePublished":"2017-07-31T21:30:31+00:00","dateModified":"2026-02-11T08:43:36+00:00","breadcrumb":{"@id":"https:\/\/fitnsweet.eu\/produktas\/gymqueen-mamma-mia-padazas-be-kcal\/#breadcrumb"},"inLanguage":"lv-LV","potentialAction":[{"@type":"ReadAction","target":["https:\/\/fitnsweet.eu\/produktas\/gymqueen-mamma-mia-padazas-be-kcal\/"]}]},{"@type":"ImageObject","inLanguage":"lv-LV","@id":"https:\/\/fitnsweet.eu\/produktas\/gymqueen-mamma-mia-padazas-be-kcal\/#primaryimage","url":"https:\/\/fitnsweet.eu\/wp-content\/uploads\/2017\/08\/Crazy-CeasariVH670K6C058W.jpg","contentUrl":"https:\/\/fitnsweet.eu\/wp-content\/uploads\/2017\/08\/Crazy-CeasariVH670K6C058W.jpg","width":1000,"height":1000},{"@type":"BreadcrumbList","@id":"https:\/\/fitnsweet.eu\/produktas\/gymqueen-mamma-mia-padazas-be-kcal\/#breadcrumb","itemListElement":[{"@type":"ListItem","position":1,"name":"Home","item":"https:\/\/fitnsweet.eu\/"},{"@type":"ListItem","position":2,"name":"Produktai","item":"https:\/\/fitnsweet.eu\/parduotuve\/"},{"@type":"ListItem","position":3,"name":"GymQueen Mamma Mia pada\u017eas be kcal"}]},{"@type":"WebSite","@id":"https:\/\/fitnsweet.eu\/#website","url":"https:\/\/fitnsweet.eu\/","name":"Fitnsweet.eu","description":"Sveiki. Salds. Noder\u012bgi.","potentialAction":[{"@type":"SearchAction","target":{"@type":"EntryPoint","urlTemplate":"https:\/\/fitnsweet.eu\/?s={search_term_string}"},"query-input":{"@type":"PropertyValueSpecification","valueRequired":true,"valueName":"search_term_string"}}],"inLanguage":"lv-LV"}]}},"_links":{"self":[{"href":"https:\/\/fitnsweet.eu\/lv\/wp-json\/wp\/v2\/product\/1061","targetHints":{"allow":["GET"]}}],"collection":[{"href":"https:\/\/fitnsweet.eu\/lv\/wp-json\/wp\/v2\/product"}],"about":[{"href":"https:\/\/fitnsweet.eu\/lv\/wp-json\/wp\/v2\/types\/product"}],"replies":[{"embeddable":true,"href":"https:\/\/fitnsweet.eu\/lv\/wp-json\/wp\/v2\/comments?post=1061"}],"version-history":[{"count":5,"href":"https:\/\/fitnsweet.eu\/lv\/wp-json\/wp\/v2\/product\/1061\/revisions"}],"predecessor-version":[{"id":38276,"href":"https:\/\/fitnsweet.eu\/lv\/wp-json\/wp\/v2\/product\/1061\/revisions\/38276"}],"wp:featuredmedia":[{"embeddable":true,"href":"https:\/\/fitnsweet.eu\/lv\/wp-json\/wp\/v2\/media\/2381"}],"wp:attachment":[{"href":"https:\/\/fitnsweet.eu\/lv\/wp-json\/wp\/v2\/media?parent=1061"}],"wp:term":[{"taxonomy":"product_brand","embeddable":true,"href":"https:\/\/fitnsweet.eu\/lv\/wp-json\/wp\/v2\/product_brand?post=1061"},{"taxonomy":"product_cat","embeddable":true,"href":"https:\/\/fitnsweet.eu\/lv\/wp-json\/wp\/v2\/product_cat?post=1061"},{"taxonomy":"product_tag","embeddable":true,"href":"https:\/\/fitnsweet.eu\/lv\/wp-json\/wp\/v2\/product_tag?post=1061"}],"curies":[{"name":"wp","href":"https:\/\/api.w.org\/{rel}","templated":true}]}}