{"id":1944,"date":"2018-04-25T15:11:25","date_gmt":"2018-04-25T12:11:25","guid":{"rendered":"http:\/\/fitnsweet.lt\/?post_type=product&#038;p=1944"},"modified":"2026-02-11T10:41:27","modified_gmt":"2026-02-11T08:41:27","slug":"karaliene-duets-sokolades-krejums-250-g-2","status":"publish","type":"product","link":"https:\/\/fitnsweet.eu\/lv\/produkts-2\/karaliene-duets-sokolades-krejums-250-g-2\/","title":{"rendered":"Queenella DUO \u0161okol\u0101des kr\u0113ms (250 g)"},"content":{"rendered":"<p style=\"padding-left: 80px;\"><span style=\"color: #000000;\">Queenella DUO kr\u0113ms - stikla iepakojum\u0101.\u00a0<\/span><\/p>\n<p><span style=\"color: #ff00ff;\"><strong>Sast\u0101vs: <span style=\"color: #000000;\">Rap\u0161u e\u013c\u013ca, saldin\u0101t\u0101ji: malt\u012bts, izomalts, eritritols, sukraloze; 22% s\u016bkalu prote\u012bns, 6.5% lazdu rieksti, s\u0101ls tauki, pildviela: polidekstroze; 3.3% zema tauku satura kakao pulveris, kukur\u016bzas \u0161\u0137iedra, cigori\u0146u sak\u0146u \u0161\u0137iedra, emulgators: lecit\u012bni; 0.3% kakao sviests, 0.3% pilnpiena pulveris, burbona vani\u013cas ekstrakts.<\/span><\/strong><\/span><\/p>\n<p><span style=\"color: #ff00ff;\"><strong>Aler\u0123\u0113ni<\/strong>:<\/span> <span style=\"color: #000000;\">var satur\u0113t sojas, riekstu p\u0113das. Satur laktozi un lipekli.<\/span><\/p>\n<p><span style=\"color: #ff00ff;\"><strong>Ener\u0123\u0113tisk\u0101 v\u0113rt\u012bba (100 g<\/strong>)<\/span>:\u00a0<span style=\"color: #000000;\">512 kcal, 38 g tauku, no tiem 6,2 g pies\u0101tin\u0101to tauksk\u0101bju, 26,7 g og\u013chidr\u0101tu, no tiem 3,3 g cukuru un 23,4 g poliolu, 21,5 g olbaltumvielu, 0,17 g s\u0101\u013cu.<\/span><\/p>\n<p><strong><span style=\"color: #ff00ff;\">Neto svars<\/span><\/strong>\u00a0<span style=\"color: #000000;\">- 250 g (vid\u0113ji 16 porcijas pa 15 g katr\u0101).<\/span><br \/>\n<span style=\"color: #000000;\">Uzglab\u0101t saus\u0101, v\u0113s\u0101 viet\u0101, prom no tie\u0161iem saules stariem. Vislab\u0101k to tur\u0113t istabas temperat\u016br\u0101.<\/span><\/p>\n<p><span style=\"color: #000000;\">Ieteicam\u0101 dienas nauda: 15 g.<\/span><\/p>\n<p><strong><span style=\"color: #ff00ff;\">Ra\u017eot\u0101js<\/span><\/strong>:\u00a0<span style=\"color: #000000;\">V\u0101cija<\/span><br \/>\n<strong><span style=\"color: #ff00ff;\">Der\u012bguma termi\u0146\u0161:<\/span><\/strong>\u00a0<span style=\"color: #000000;\">nor\u0101d\u012bts uz iepakojuma.<\/span><\/p>\n<p>&nbsp;<\/p>","protected":false},"excerpt":{"rendered":"<p><span style=\"color: #000000;\">Pavisam jauna, \u0101rk\u0101rt\u012bgi garda recepte klasiskai baltai \u0161okol\u0101dei, lazdu riekstiem un pasakainam \u0161okol\u0101des kr\u0113mam.<\/span><\/p>\n<p>Nesatur pievienotus cukurus un p\u0101rsniedz 20%. dab\u012bgais prote\u012bns! <span style=\"color: #000000;\">\u0160\u012f \u0161okoladin\u012f Queenella krem\u0105 pam\u0117gsite i\u0161kart. Tai idealus sprendimas norint pagardinti savo patiekalus sveika &#8222;nutella&#8221; kremo alternatyva. Tinka ir laikantis sveikos mitybos princip\u0173.\u00a0<\/span><br \/>\n<em><span style=\"color: #000000;\">\u012apa\u0161i piem\u0113rots maziem b\u0113rniem, jo nav pievienoti cukuri.<\/span><\/em><\/p>\n<p><img fetchpriority=\"high\" decoding=\"async\" class=\"alignnone size-full wp-image-26824\" src=\"https:\/\/fitnsweet.eu\/wp-content\/uploads\/2020\/11\/1_ikonos-03.png\" alt=\"\" width=\"16247\" height=\"4800\" \/><\/p>\n<p><span style=\"color: #ff00ff;\"><span style=\"color: #000000;\">\u0160okol\u0101des kr\u0113ms Queenella DUO, kas ra\u017eots V\u0101cij\u0101 no augst\u0101k\u0101s kvalit\u0101tes materi\u0101liem, nodro\u0161ina dro\u0161u lieto\u0161anu.\u00a0<\/span><\/span><\/p>","protected":false},"featured_media":27628,"comment_status":"open","ping_status":"closed","template":"","meta":{"site-sidebar-layout":"default","site-content-layout":"default","ast-site-content-layout":"default","site-content-style":"default","site-sidebar-style":"default","ast-global-header-display":"","ast-banner-title-visibility":"","ast-main-header-display":"","ast-hfb-above-header-display":"","ast-hfb-below-header-display":"","ast-hfb-mobile-header-display":"","site-post-title":"","ast-breadcrumbs-content":"","ast-featured-img":"","footer-sml-layout":"","ast-disable-related-posts":"","theme-transparent-header-meta":"default","adv-header-id-meta":"","stick-header-meta":"","header-above-stick-meta":"","header-main-stick-meta":"","header-below-stick-meta":"","astra-migrate-meta-layouts":"default","ast-page-background-enabled":"default","ast-page-background-meta":{"desktop":{"background-color":"var(--ast-global-color-4)","background-image":"","background-repeat":"repeat","background-position":"center center","background-size":"auto","background-attachment":"scroll","background-type":"","background-media":"","overlay-type":"","overlay-color":"","overlay-opacity":"","overlay-gradient":""},"tablet":{"background-color":"","background-image":"","background-repeat":"repeat","background-position":"center center","background-size":"auto","background-attachment":"scroll","background-type":"","background-media":"","overlay-type":"","overlay-color":"","overlay-opacity":"","overlay-gradient":""},"mobile":{"background-color":"","background-image":"","background-repeat":"repeat","background-position":"center center","background-size":"auto","background-attachment":"scroll","background-type":"","background-media":"","overlay-type":"","overlay-color":"","overlay-opacity":"","overlay-gradient":""}},"ast-content-background-meta":{"desktop":{"background-color":"var(--ast-global-color-5)","background-image":"","background-repeat":"repeat","background-position":"center center","background-size":"auto","background-attachment":"scroll","background-type":"","background-media":"","overlay-type":"","overlay-color":"","overlay-opacity":"","overlay-gradient":""},"tablet":{"background-color":"var(--ast-global-color-5)","background-image":"","background-repeat":"repeat","background-position":"center center","background-size":"auto","background-attachment":"scroll","background-type":"","background-media":"","overlay-type":"","overlay-color":"","overlay-opacity":"","overlay-gradient":""},"mobile":{"background-color":"var(--ast-global-color-5)","background-image":"","background-repeat":"repeat","background-position":"center center","background-size":"auto","background-attachment":"scroll","background-type":"","background-media":"","overlay-type":"","overlay-color":"","overlay-opacity":"","overlay-gradient":""}}},"product_brand":[],"product_cat":[380,378,387,113,13,112,312],"product_tag":[153,208,209,210,84,207,173,143],"class_list":{"0":"post-1944","1":"product","2":"type-product","3":"status-publish","4":"has-post-thumbnail","6":"product_cat-sokoladiniai-kremai-uogienes","7":"product_cat-uzkandziai","8":"product_cat-visi-produktai","9":"product_cat-gymqueen-baltyminiai-saldesiai","10":"product_cat-httpfitnsweet-ltprodukto-kategorijagymqueen","11":"product_cat-gymqueen-figurai","12":"product_cat-sokoladiniai-kremai","13":"product_tag-baltyminis-kremas","14":"product_tag-be-pridetiniu-cukru","15":"product_tag-duo-sokoladinis-kremas","16":"product_tag-gymqueen-baltyminis-kremas","17":"product_tag-kremas","18":"product_tag-proteininis-sokoladinis-kremas","19":"product_tag-saldumynai-be-pridetiniu-cukru","20":"product_tag-sokoladinis-kremas","21":"desktop-align-left","22":"tablet-align-left","23":"mobile-align-left","25":"first","26":"instock","27":"sale","28":"taxable","29":"shipping-taxable","30":"purchasable","31":"product-type-simple"},"yoast_head":"<!-- This site is optimized with the Yoast SEO plugin v26.9 - https:\/\/yoast.com\/product\/yoast-seo-wordpress\/ -->\n<title>Queenella DUO \u0161okoladinis kremas (250 g) - Fitnsweet.eu<\/title>\n<meta name=\"robots\" content=\"index, follow, max-snippet:-1, max-image-preview:large, max-video-preview:-1\" \/>\n<link rel=\"canonical\" href=\"https:\/\/fitnsweet.eu\/lv\/produkts-2\/karaliene-duets-sokolades-krejums-250-g-2\/\" \/>\n<meta property=\"og:locale\" content=\"lv_LV\" \/>\n<meta property=\"og:type\" content=\"article\" \/>\n<meta property=\"og:title\" content=\"Queenella DUO \u0161okoladinis kremas (250 g) - Fitnsweet.eu\" \/>\n<meta property=\"og:description\" content=\"Visi\u0161kai naujas, itin gardus klasikinio baltojo \u0161okolado, lazdyn\u0173 rie\u0161ut\u0173 ir pasaki\u0161ko skonio \u0161okoladinio kremo receptas.  Sud\u0117tyje n\u0117ra prid\u0117tini\u0173 cukr\u0173 ir daugiau nei 20 proc. nat\u016bralaus baltymo! \u0160\u012f \u0161okoladin\u012f Queenella krem\u0105 pam\u0117gsite i\u0161kart. Tai idealus sprendimas norint pagardinti savo patiekalus sveika &quot;nutella&quot; kremo alternatyva. Tinka ir laikantis sveikos mitybos princip\u0173.\u00a0 Ypa\u010d tinka ma\u017eiems vaikams d\u0117l sud\u0117tyje nesan\u010di\u0173 prid\u0117tini\u0173 cukr\u0173.    Queenella DUO \u0161okoladinis kremas, pagamintas Vokietijoje i\u0161 auk\u0161\u010diausios kokyb\u0117s med\u017eiag\u0173, u\u017etikrina saug\u0173 vartojim\u0105.\u00a0\" \/>\n<meta property=\"og:url\" content=\"https:\/\/fitnsweet.eu\/lv\/produkts-2\/karaliene-duets-sokolades-krejums-250-g-2\/\" \/>\n<meta property=\"og:site_name\" content=\"Fitnsweet.eu\" \/>\n<meta property=\"article:modified_time\" content=\"2026-02-11T08:41:27+00:00\" \/>\n<meta property=\"og:image\" content=\"https:\/\/fitnsweet.eu\/wp-content\/uploads\/2018\/04\/gq_queenella_swirlyduo_shadow.png\" \/>\n\t<meta property=\"og:image:width\" content=\"1600\" \/>\n\t<meta property=\"og:image:height\" content=\"1600\" \/>\n\t<meta property=\"og:image:type\" content=\"image\/png\" \/>\n<meta name=\"twitter:card\" content=\"summary_large_image\" \/>\n<meta name=\"twitter:label1\" content=\"Est. reading time\" \/>\n\t<meta name=\"twitter:data1\" content=\"1 min\u016bte\" \/>\n<script type=\"application\/ld+json\" class=\"yoast-schema-graph\">{\"@context\":\"https:\/\/schema.org\",\"@graph\":[{\"@type\":\"WebPage\",\"@id\":\"https:\/\/fitnsweet.eu\/produktas\/queenella-duo-sokoladinis-kremas-250-g\/\",\"url\":\"https:\/\/fitnsweet.eu\/produktas\/queenella-duo-sokoladinis-kremas-250-g\/\",\"name\":\"Queenella DUO \u0161okoladinis kremas (250 g) - Fitnsweet.eu\",\"isPartOf\":{\"@id\":\"https:\/\/fitnsweet.eu\/#website\"},\"primaryImageOfPage\":{\"@id\":\"https:\/\/fitnsweet.eu\/produktas\/queenella-duo-sokoladinis-kremas-250-g\/#primaryimage\"},\"image\":{\"@id\":\"https:\/\/fitnsweet.eu\/produktas\/queenella-duo-sokoladinis-kremas-250-g\/#primaryimage\"},\"thumbnailUrl\":\"https:\/\/fitnsweet.eu\/wp-content\/uploads\/2018\/04\/gq_queenella_swirlyduo_shadow.png\",\"datePublished\":\"2018-04-25T12:11:25+00:00\",\"dateModified\":\"2026-02-11T08:41:27+00:00\",\"breadcrumb\":{\"@id\":\"https:\/\/fitnsweet.eu\/produktas\/queenella-duo-sokoladinis-kremas-250-g\/#breadcrumb\"},\"inLanguage\":\"lv-LV\",\"potentialAction\":[{\"@type\":\"ReadAction\",\"target\":[\"https:\/\/fitnsweet.eu\/produktas\/queenella-duo-sokoladinis-kremas-250-g\/\"]}]},{\"@type\":\"ImageObject\",\"inLanguage\":\"lv-LV\",\"@id\":\"https:\/\/fitnsweet.eu\/produktas\/queenella-duo-sokoladinis-kremas-250-g\/#primaryimage\",\"url\":\"https:\/\/fitnsweet.eu\/wp-content\/uploads\/2018\/04\/gq_queenella_swirlyduo_shadow.png\",\"contentUrl\":\"https:\/\/fitnsweet.eu\/wp-content\/uploads\/2018\/04\/gq_queenella_swirlyduo_shadow.png\",\"width\":1600,\"height\":1600},{\"@type\":\"BreadcrumbList\",\"@id\":\"https:\/\/fitnsweet.eu\/produktas\/queenella-duo-sokoladinis-kremas-250-g\/#breadcrumb\",\"itemListElement\":[{\"@type\":\"ListItem\",\"position\":1,\"name\":\"Home\",\"item\":\"https:\/\/fitnsweet.eu\/\"},{\"@type\":\"ListItem\",\"position\":2,\"name\":\"Produktai\",\"item\":\"https:\/\/fitnsweet.eu\/parduotuve\/\"},{\"@type\":\"ListItem\",\"position\":3,\"name\":\"Queenella DUO \u0161okoladinis kremas (250 g)\"}]},{\"@type\":\"WebSite\",\"@id\":\"https:\/\/fitnsweet.eu\/#website\",\"url\":\"https:\/\/fitnsweet.eu\/\",\"name\":\"Fitnsweet.eu\",\"description\":\"Sveika. Saldu. Naudinga.\",\"potentialAction\":[{\"@type\":\"SearchAction\",\"target\":{\"@type\":\"EntryPoint\",\"urlTemplate\":\"https:\/\/fitnsweet.eu\/?s={search_term_string}\"},\"query-input\":{\"@type\":\"PropertyValueSpecification\",\"valueRequired\":true,\"valueName\":\"search_term_string\"}}],\"inLanguage\":\"lv-LV\"}]}<\/script>\n<!-- \/ Yoast SEO plugin. -->","yoast_head_json":{"title":"Queenella DUO \u0161okol\u0101des kr\u0113ms (250 g) - Fitnsweet.eu","robots":{"index":"index","follow":"follow","max-snippet":"max-snippet:-1","max-image-preview":"max-image-preview:large","max-video-preview":"max-video-preview:-1"},"canonical":"https:\/\/fitnsweet.eu\/lv\/produkts-2\/karaliene-duets-sokolades-krejums-250-g-2\/","og_locale":"lv_LV","og_type":"article","og_title":"Queenella DUO \u0161okoladinis kremas (250 g) - Fitnsweet.eu","og_description":"Visi\u0161kai naujas, itin gardus klasikinio baltojo \u0161okolado, lazdyn\u0173 rie\u0161ut\u0173 ir pasaki\u0161ko skonio \u0161okoladinio kremo receptas.  Sud\u0117tyje n\u0117ra prid\u0117tini\u0173 cukr\u0173 ir daugiau nei 20 proc. nat\u016bralaus baltymo! \u0160\u012f \u0161okoladin\u012f Queenella krem\u0105 pam\u0117gsite i\u0161kart. Tai idealus sprendimas norint pagardinti savo patiekalus sveika \"nutella\" kremo alternatyva. Tinka ir laikantis sveikos mitybos princip\u0173.\u00a0 Ypa\u010d tinka ma\u017eiems vaikams d\u0117l sud\u0117tyje nesan\u010di\u0173 prid\u0117tini\u0173 cukr\u0173.    Queenella DUO \u0161okoladinis kremas, pagamintas Vokietijoje i\u0161 auk\u0161\u010diausios kokyb\u0117s med\u017eiag\u0173, u\u017etikrina saug\u0173 vartojim\u0105.\u00a0","og_url":"https:\/\/fitnsweet.eu\/lv\/produkts-2\/karaliene-duets-sokolades-krejums-250-g-2\/","og_site_name":"Fitnsweet.eu","article_modified_time":"2026-02-11T08:41:27+00:00","og_image":[{"width":1600,"height":1600,"url":"https:\/\/fitnsweet.eu\/wp-content\/uploads\/2018\/04\/gq_queenella_swirlyduo_shadow.png","type":"image\/png"}],"twitter_card":"summary_large_image","twitter_misc":{"Est. reading time":"1 min\u016bte"},"schema":{"@context":"https:\/\/schema.org","@graph":[{"@type":"WebPage","@id":"https:\/\/fitnsweet.eu\/produktas\/queenella-duo-sokoladinis-kremas-250-g\/","url":"https:\/\/fitnsweet.eu\/produktas\/queenella-duo-sokoladinis-kremas-250-g\/","name":"Queenella DUO \u0161okol\u0101des kr\u0113ms (250 g) - Fitnsweet.eu","isPartOf":{"@id":"https:\/\/fitnsweet.eu\/#website"},"primaryImageOfPage":{"@id":"https:\/\/fitnsweet.eu\/produktas\/queenella-duo-sokoladinis-kremas-250-g\/#primaryimage"},"image":{"@id":"https:\/\/fitnsweet.eu\/produktas\/queenella-duo-sokoladinis-kremas-250-g\/#primaryimage"},"thumbnailUrl":"https:\/\/fitnsweet.eu\/wp-content\/uploads\/2018\/04\/gq_queenella_swirlyduo_shadow.png","datePublished":"2018-04-25T12:11:25+00:00","dateModified":"2026-02-11T08:41:27+00:00","breadcrumb":{"@id":"https:\/\/fitnsweet.eu\/produktas\/queenella-duo-sokoladinis-kremas-250-g\/#breadcrumb"},"inLanguage":"lv-LV","potentialAction":[{"@type":"ReadAction","target":["https:\/\/fitnsweet.eu\/produktas\/queenella-duo-sokoladinis-kremas-250-g\/"]}]},{"@type":"ImageObject","inLanguage":"lv-LV","@id":"https:\/\/fitnsweet.eu\/produktas\/queenella-duo-sokoladinis-kremas-250-g\/#primaryimage","url":"https:\/\/fitnsweet.eu\/wp-content\/uploads\/2018\/04\/gq_queenella_swirlyduo_shadow.png","contentUrl":"https:\/\/fitnsweet.eu\/wp-content\/uploads\/2018\/04\/gq_queenella_swirlyduo_shadow.png","width":1600,"height":1600},{"@type":"BreadcrumbList","@id":"https:\/\/fitnsweet.eu\/produktas\/queenella-duo-sokoladinis-kremas-250-g\/#breadcrumb","itemListElement":[{"@type":"ListItem","position":1,"name":"Home","item":"https:\/\/fitnsweet.eu\/"},{"@type":"ListItem","position":2,"name":"Produktai","item":"https:\/\/fitnsweet.eu\/parduotuve\/"},{"@type":"ListItem","position":3,"name":"Queenella DUO \u0161okoladinis kremas (250 g)"}]},{"@type":"WebSite","@id":"https:\/\/fitnsweet.eu\/#website","url":"https:\/\/fitnsweet.eu\/","name":"Fitnsweet.eu","description":"Sveiki. Salds. Noder\u012bgi.","potentialAction":[{"@type":"SearchAction","target":{"@type":"EntryPoint","urlTemplate":"https:\/\/fitnsweet.eu\/?s={search_term_string}"},"query-input":{"@type":"PropertyValueSpecification","valueRequired":true,"valueName":"search_term_string"}}],"inLanguage":"lv-LV"}]}},"_links":{"self":[{"href":"https:\/\/fitnsweet.eu\/lv\/wp-json\/wp\/v2\/product\/1944","targetHints":{"allow":["GET"]}}],"collection":[{"href":"https:\/\/fitnsweet.eu\/lv\/wp-json\/wp\/v2\/product"}],"about":[{"href":"https:\/\/fitnsweet.eu\/lv\/wp-json\/wp\/v2\/types\/product"}],"replies":[{"embeddable":true,"href":"https:\/\/fitnsweet.eu\/lv\/wp-json\/wp\/v2\/comments?post=1944"}],"version-history":[{"count":4,"href":"https:\/\/fitnsweet.eu\/lv\/wp-json\/wp\/v2\/product\/1944\/revisions"}],"predecessor-version":[{"id":37354,"href":"https:\/\/fitnsweet.eu\/lv\/wp-json\/wp\/v2\/product\/1944\/revisions\/37354"}],"wp:featuredmedia":[{"embeddable":true,"href":"https:\/\/fitnsweet.eu\/lv\/wp-json\/wp\/v2\/media\/27628"}],"wp:attachment":[{"href":"https:\/\/fitnsweet.eu\/lv\/wp-json\/wp\/v2\/media?parent=1944"}],"wp:term":[{"taxonomy":"product_brand","embeddable":true,"href":"https:\/\/fitnsweet.eu\/lv\/wp-json\/wp\/v2\/product_brand?post=1944"},{"taxonomy":"product_cat","embeddable":true,"href":"https:\/\/fitnsweet.eu\/lv\/wp-json\/wp\/v2\/product_cat?post=1944"},{"taxonomy":"product_tag","embeddable":true,"href":"https:\/\/fitnsweet.eu\/lv\/wp-json\/wp\/v2\/product_tag?post=1944"}],"curies":[{"name":"wp","href":"https:\/\/api.w.org\/{rel}","templated":true}]}}