{"id":23496,"date":"2021-03-17T22:11:09","date_gmt":"2021-03-17T20:11:09","guid":{"rendered":"https:\/\/fitnsweet.eu\/?post_type=product&#038;p=23496"},"modified":"2026-01-05T08:57:05","modified_gmt":"2026-01-05T06:57:05","slug":"divu-menesu-slim-queen-notievesanas-kokteilu-komplekts-2","status":"publish","type":"product","link":"https:\/\/fitnsweet.eu\/lv\/produkts-2\/divu-menesu-slim-queen-notievesanas-kokteilu-komplekts-2\/","title":{"rendered":"Divu m\u0113ne\u0161u Slim Queen nov\u0101j\u0113\u0161anas koktei\u013cu komplekts"},"content":{"rendered":"<p style=\"text-align: left;\"><span style=\"color: #000000;\"><strong>KAS IR SLIM SLIMMING KOKTEILIS?<br \/>\n<\/strong><\/span><br \/>\n<span style=\"color: #000000;\">Kr\u0113mveida un \u012bpa\u0161i gar\u0161\u012bga Slim Queen brokastu, vakari\u0146u vai uzkodu aizst\u0101\u0161ana ar kokteili \u013cauj jums viegl\u0101k kontrol\u0113t savu svaru un zaud\u0113t svaru. Vienk\u0101r\u0161i aizst\u0101jot vienu vai divus \u0113dienus ar kr\u0113m\u012bgu un \u012bpa\u0161i gardu Slim Queen Shake, j\u016bs samazin\u0101siet kaloriju skaitu, l\u012bdz ar to ar\u012b savu svaru, un taj\u0101 pa\u0161\u0101 laik\u0101 nodro\u0161in\u0101siet \u0137ermenim svar\u012bgus vitam\u012bnus un bar\u012bbas vielas. Zaud\u0113t svaru v\u0113l nekad nav bijis tik gar\u0161\u012bgi! Un pats lab\u0101kais: vien\u0101 porcij\u0101 ir TIKAI 250 kcal, un taj\u0101 nav pievienots cukurs, sint\u0113tiskie gar\u0161as pastiprin\u0101t\u0101ji un sint\u0113tiskie konservanti. Sagatavojiet da\u013cu koktei\u013ca maz\u0101k nek\u0101 min\u016btes laik\u0101 - t\u0101p\u0113c nekas patie\u0161\u0101m netrauc\u0113s sasniegt v\u0113lamo m\u0113r\u0137i, zaud\u0113jot svaru, lai sasniegtu sap\u0146u \u0137ermeni.<\/span><\/p>\n<p><span style=\"color: #000000;\"><strong>Kam paredz\u0113ts SLIM kokteilis?<\/strong><\/span><\/p>\n<p><span style=\"color: #000000;\">Slim Queen kokteilis ir lieliski piem\u0113rots jums, ja iev\u0113rojat vesel\u012bga uztura principus, metat vai v\u0113laties zaud\u0113t svaru, izdai\u013cot \u0137erme\u0146a l\u012bnijas vai vienk\u0101r\u0161i pat\u0113r\u0113jat visgard\u0101k\u0101s olbaltumvielas, vitam\u012bnus un miner\u0101lvielas, kas nepiecie\u0161amas j\u016bsu \u0137ermenim, vienlaikus nobaudot \u0101rk\u0101rt\u012bgi gardu, saldu piena kokteili.\u00a0<\/span><\/p>\n<p><span style=\"color: #000000;\"><strong>PAT\u0112RI\u0145\u0160<\/strong><\/span><br \/>\n<span style=\"color: #000000;\">Vienai porcijai (ekvivalents vienam \u0113dienam) pudel\u0113 vai noslauc\u012bt 30 g pulvera (1 m\u0113rkarote iepakojum\u0101), sajaukt ar 275 ml auksta piena vai \u016bdens un sakult apm\u0113ram 20 sekundes. J\u016bs jau varat nobaud\u012bt!<\/span><\/p>\n<p><span style=\"color: #000000;\">* Ja v\u0113laties zaud\u0113t svaru, divas \u0113dienreizes dien\u0101 (v\u0113lams brokastis, viena dienas uzkoda vai vakari\u0146as) vajadz\u0113tu aizst\u0101t ar Slim Queen kokteili. Ja j\u016bsu m\u0113r\u0137is ir saglab\u0101t svaru, pietiek ar vienu \u0113dienu, lai aizst\u0101tu vienu koktei\u013ca porciju dien\u0101. Lai to izdar\u012btu, jums j\u0101iev\u0113ro sagatavo\u0161anas ieteikumi. Dienas laik\u0101 ieteicams dzert ar\u012b pietiekami daudz \u0161\u0137idruma, v\u0113lams \u016bdeni. Kokteilis kalpo paredz\u0113tajam m\u0113r\u0137im saska\u0146\u0101 ar vesel\u012bga uztura principiem, t\u0101p\u0113c jums j\u0101p\u0101rliecin\u0101s, ka ar\u012b citi \u0113dieni b\u016bs da\u013ca no j\u016bsu uztura, vesel\u012bga uztura.<\/span><\/p>\n<p><span style=\"color: #000000;\"><strong>Sast\u0101vs:<\/strong><\/span><br \/>\n<span style=\"color: #000000;\">S\u016bkalu olbaltumvielu koncentr\u0101ts (satur emulgatoru: saulespu\u0137u lecit\u012bnu), maltodekstr\u012bnu, kalcija kazein\u0101tu (satur pienu, satur emulgatoru: saulespu\u0137u lecit\u012bnu), emulgatoru: sojas lecit\u012bnu, biezin\u0101t\u0101ju: glikomann\u0101nu; Smar\u017eas, magnija karbon\u0101ts, kalcija karbon\u0101ts, biezin\u0101t\u0101js: ksant\u0101ns; S\u0101ls, kakao pulveris ar zemu tauku saturu, k\u0101lija citr\u0101ts, kr\u0101sviela beta-karot\u012bns, L-askorb\u012bnsk\u0101be, saldin\u0101t\u0101js: saharoze; Dzelzs sulf\u0101ts, cinka glikon\u0101ts, vara glikon\u0101ts, mang\u0101na sulf\u0101ts, k\u0101lija jod\u012bds, n\u0101trija selen\u012bts, nikotinam\u012bds, dl-alfa-tokoferilacet\u0101ts, kalcija D-pantoten\u0101ts, piridoks\u012bna hidrohlor\u012bds, riboflav\u012bns, tiam\u012bna mononitr\u0101ts, retinilacet\u0101ts, retinilacet\u0101ts, , cianokobalam\u012bns.<\/span><\/p>\n<p><span style=\"color: #000000;\"><strong>alerg\u0113ni:<\/strong><\/span><br \/>\n<span style=\"color: #000000;\">Satur soju, piena produktus. Var b\u016bt olu un lipek\u013ca p\u0113das.<\/span><\/p>\n<p><span style=\"color: #000000;\"><strong>ENER\u0122\u0112TISK\u0100S V\u0112RT\u012aBAS DAUDZUMS 100 G \/ 30 G PULVERA %\u00a0<\/strong><\/span><br \/>\n<span style=\"color: #000000;\">1691,47 kj, 404,00 kcal \/ 507,44 kj 121,20 kcal 6,06 procenti.<\/span><\/p>\n<p><span style=\"color: #000000;\">tauki 11,00 g \/ 3,30 g 471%<\/span><br \/>\n<span style=\"color: #000000;\">no tiem: pies\u0101tin\u0101t\u0101s tauksk\u0101bes 1,50 g \/ 0,45 g 2,25%<\/span><br \/>\n<span style=\"color: #000000;\">og\u013chidr\u0101ti 37,00 g \/ 11,10 g 4,27%<\/span><br \/>\n<span style=\"color: #000000;\">no tiem cukuri 5,30 g \/ 1,59 g 1,77%.<\/span><br \/>\n<span style=\"color: #000000;\">\u0161\u0137iedru materi\u0101li 3,90 g \/ 1,17 g 3,90%<\/span><br \/>\n<span style=\"color: #000000;\">olbaltumvielas 37,00 g \/ 11,10 g 2220%<\/span><br \/>\n<span style=\"color: #000000;\">s\u0101\u013ci 1,00 g \/ 0,30 g 5,00%<\/span><\/p>","protected":false},"excerpt":{"rendered":"<p><span style=\"color: #000000;\">J\u016bs bie\u017ei jaut\u0101jat, cik ilgi pietiek ar jau t\u0101 iecien\u012bt\u0101 Slim koktei\u013ca iepakojumu. M\u0113s esam izveidoju\u0161i jums komplektu, kas kalpos jums pat divus m\u0113ne\u0161us! * <\/span><\/p>\n<p><span style=\"color: #000000;\"><strong>Slaids nov\u0101j\u0113\u0161anas kokteilis<\/strong> - tas ir novatorisks jaunums m\u016bsu produktu kl\u0101st\u0101, tas ir p\u0101rtikas aizst\u0101j\u0113js, kur\u0101 j\u016bs varat main\u012bt k\u0101du no dienas \u0113dienreiz\u0113m ar koktei\u013cu porciju. T\u0101d\u0101 veid\u0101 j\u016bs pat\u0113r\u0113siet \u0101rk\u0101rt\u012bgi maz kaloriju, j\u016bs sa\u0146emsiet l\u012bdz pat 22 da\u017e\u0101diem vitam\u012bniem un miner\u0101lviel\u0101m un olbaltumviel\u0101m. \u0160is kokteilis ir paredz\u0113ts sieviet\u0113m, kuras v\u0113las izrot\u0101t \u0137erme\u0146a formas pirms vasaras vai bie\u017ei nesp\u0113j savlaic\u012bgi ietur\u0113t uzkodas vai brokastis. Tas b\u016bs j\u016bsu lieliskais pavadonis, lai samazin\u0101tu kaloriju daudzumu dien\u0101 un t\u0101d\u0113j\u0101di samazin\u0101tu \u0137erme\u0146a svaru.\u00a0<\/span><\/p>\n<p><span style=\"color: #000000;\"><strong>Komplektu veido:<\/strong> \u010cetri Slim Queen nov\u0101j\u0113\u0161anas koktei\u013ci p\u0113c izv\u0113les (katrs 420 g, kop\u0101 1680 g).\u00a0<\/span><br \/>\n<span style=\"color: #000000;\"><br \/>\n* Koktei\u013ci ilgs divus m\u0113ne\u0161us vienu reizi dien\u0101 vien\u0101 ieteiktaj\u0101 porcij\u0101. Vid\u0113ji 14 porcijas vien\u0101 iepakojum\u0101.\u00a0<\/span><\/p>\n<p><img fetchpriority=\"high\" decoding=\"async\" class=\"alignnone size-full wp-image-26824\" src=\"https:\/\/fitnsweet.eu\/wp-content\/uploads\/2020\/11\/1_ikonos-03.png\" alt=\"\" width=\"1920\" height=\"567\" \/><\/p>","protected":false},"featured_media":45515,"comment_status":"open","ping_status":"closed","template":"","meta":{"site-sidebar-layout":"default","site-content-layout":"default","ast-site-content-layout":"default","site-content-style":"default","site-sidebar-style":"default","ast-global-header-display":"","ast-banner-title-visibility":"","ast-main-header-display":"","ast-hfb-above-header-display":"","ast-hfb-below-header-display":"","ast-hfb-mobile-header-display":"","site-post-title":"","ast-breadcrumbs-content":"","ast-featured-img":"","footer-sml-layout":"","ast-disable-related-posts":"","theme-transparent-header-meta":"default","adv-header-id-meta":"","stick-header-meta":"","header-above-stick-meta":"","header-main-stick-meta":"","header-below-stick-meta":"","astra-migrate-meta-layouts":"set","ast-page-background-enabled":"default","ast-page-background-meta":{"desktop":{"background-color":"var(--ast-global-color-4)","background-image":"","background-repeat":"repeat","background-position":"center center","background-size":"auto","background-attachment":"scroll","background-type":"","background-media":"","overlay-type":"","overlay-color":"","overlay-opacity":"","overlay-gradient":""},"tablet":{"background-color":"","background-image":"","background-repeat":"repeat","background-position":"center center","background-size":"auto","background-attachment":"scroll","background-type":"","background-media":"","overlay-type":"","overlay-color":"","overlay-opacity":"","overlay-gradient":""},"mobile":{"background-color":"","background-image":"","background-repeat":"repeat","background-position":"center center","background-size":"auto","background-attachment":"scroll","background-type":"","background-media":"","overlay-type":"","overlay-color":"","overlay-opacity":"","overlay-gradient":""}},"ast-content-background-meta":{"desktop":{"background-color":"var(--ast-global-color-5)","background-image":"","background-repeat":"repeat","background-position":"center center","background-size":"auto","background-attachment":"scroll","background-type":"","background-media":"","overlay-type":"","overlay-color":"","overlay-opacity":"","overlay-gradient":""},"tablet":{"background-color":"var(--ast-global-color-5)","background-image":"","background-repeat":"repeat","background-position":"center center","background-size":"auto","background-attachment":"scroll","background-type":"","background-media":"","overlay-type":"","overlay-color":"","overlay-opacity":"","overlay-gradient":""},"mobile":{"background-color":"var(--ast-global-color-5)","background-image":"","background-repeat":"repeat","background-position":"center center","background-size":"auto","background-attachment":"scroll","background-type":"","background-media":"","overlay-type":"","overlay-color":"","overlay-opacity":"","overlay-gradient":""}}},"product_brand":[],"product_cat":[396,393,377,394,387,365,314,313,321,13,112,148],"product_tag":[],"class_list":{"0":"post-23496","1":"product","2":"type-product","3":"status-publish","4":"has-post-thumbnail","6":"product_cat-lieknejimui","7":"product_cat-rinkiniai","8":"product_cat-slim-queen-maisto-pakaitalo-kokteiliai-2","9":"product_cat-sportui","10":"product_cat-visi-produktai","11":"product_cat-ispardavimas","12":"product_cat-slim-queen-maisto-pakaitalo-kokteiliai","13":"product_cat-baltyminiai-kokteiliai","14":"product_cat-energija-efektyvumas","15":"product_cat-httpfitnsweet-ltprodukto-kategorijagymqueen","16":"product_cat-gymqueen-figurai","17":"product_cat-gymqueen-rinkiniai","18":"desktop-align-left","19":"tablet-align-left","20":"mobile-align-left","22":"first","23":"instock","24":"sale","25":"featured","26":"taxable","27":"shipping-taxable","28":"purchasable","29":"product-type-variable"},"yoast_head":"<!-- This site is optimized with the Yoast SEO plugin v26.9 - https:\/\/yoast.com\/product\/yoast-seo-wordpress\/ -->\n<title>Dviej\u0173 m\u0117nesi\u0173 Slim Queen liekn\u0117jimo kokteili\u0173 rinkinys - Fitnsweet.eu<\/title>\n<meta name=\"robots\" content=\"index, follow, max-snippet:-1, max-image-preview:large, max-video-preview:-1\" \/>\n<link rel=\"canonical\" href=\"https:\/\/fitnsweet.eu\/lv\/produkts-2\/divu-menesu-slim-queen-notievesanas-kokteilu-komplekts-2\/\" \/>\n<meta property=\"og:locale\" content=\"lv_LV\" \/>\n<meta property=\"og:type\" content=\"article\" \/>\n<meta property=\"og:title\" content=\"Dviej\u0173 m\u0117nesi\u0173 Slim Queen liekn\u0117jimo kokteili\u0173 rinkinys - Fitnsweet.eu\" \/>\n<meta property=\"og:description\" content=\"Da\u017enai klausiate, kuriam laikui u\u017etenka J\u016bs\u0173 jau itin pam\u0117gto Slim kokteilio pakuot\u0117s. Ir mes suk\u016br\u0117me rinkin\u012f Jums, kurio Jums u\u017eteks net dviems m\u0117nesiams!*   Slim liekn\u0117jimo kokteilis - tai inovatyvi naujiena m\u016bs\u0173 gamini\u0173 asortimente, tai maisto pakaitalas, kai kokteilio porcija galite keisti vien\u0105 i\u0161 dienos valgym\u0173. Taip suvartosite itin ma\u017eai kalorij\u0173, gausite net iki 22 skirting\u0173 vitamin\u0173 bei mineral\u0173 ir baltym\u0173. \u0160is kokteilis sukurtas moterims, kurios nori padailinti k\u016bno formas prie\u0161 vasar\u0105 ar da\u017enai nesp\u0117ja laiku u\u017ek\u0105sti, ar papusry\u010diauti. Tai bus J\u016bs\u0173 puikus kompanjonas norint suma\u017einti suvartojam\u0173 kalorij\u0173 kiek\u012f dienoje ir taip suma\u017einti k\u016bno svor\u012f.\u00a0  Rinkin\u012f sudaro: Keturi J\u016bs\u0173 pasirinkt\u0173 skoni\u0173 Slim Queen liekn\u0117jimo kokteiliai (po 420 g, viso 1680 g).\u00a0  *Kokteili\u0173 u\u017eteksite dviems m\u0117nesiams vartojant vien\u0105 kart\u0105 per dien\u0105 po vien\u0105 rekomenduojam\u0105 porcij\u0105. Pakuot\u0117je vidutini\u0161kai 14 porcij\u0173.\u00a0\" \/>\n<meta property=\"og:url\" content=\"https:\/\/fitnsweet.eu\/lv\/produkts-2\/divu-menesu-slim-queen-notievesanas-kokteilu-komplekts-2\/\" \/>\n<meta property=\"og:site_name\" content=\"Fitnsweet.eu\" \/>\n<meta property=\"article:modified_time\" content=\"2026-01-05T06:57:05+00:00\" \/>\n<meta property=\"og:image\" content=\"https:\/\/fitnsweet.eu\/wp-content\/uploads\/2021\/03\/dvieju-menesiu-rink_slim-shake_fitnsweet.png\" \/>\n\t<meta property=\"og:image:width\" content=\"1080\" \/>\n\t<meta property=\"og:image:height\" content=\"1080\" \/>\n\t<meta property=\"og:image:type\" content=\"image\/png\" \/>\n<meta name=\"twitter:card\" content=\"summary_large_image\" \/>\n<meta name=\"twitter:label1\" content=\"Est. reading time\" \/>\n\t<meta name=\"twitter:data1\" content=\"3 min\u016btes\" \/>\n<script type=\"application\/ld+json\" class=\"yoast-schema-graph\">{\"@context\":\"https:\/\/schema.org\",\"@graph\":[{\"@type\":\"WebPage\",\"@id\":\"https:\/\/fitnsweet.eu\/produktas\/dvieju-menesiu-slim-queen-lieknejimo-kokteiliu-rinkinys\/\",\"url\":\"https:\/\/fitnsweet.eu\/produktas\/dvieju-menesiu-slim-queen-lieknejimo-kokteiliu-rinkinys\/\",\"name\":\"Dviej\u0173 m\u0117nesi\u0173 Slim Queen liekn\u0117jimo kokteili\u0173 rinkinys - Fitnsweet.eu\",\"isPartOf\":{\"@id\":\"https:\/\/fitnsweet.eu\/#website\"},\"primaryImageOfPage\":{\"@id\":\"https:\/\/fitnsweet.eu\/produktas\/dvieju-menesiu-slim-queen-lieknejimo-kokteiliu-rinkinys\/#primaryimage\"},\"image\":{\"@id\":\"https:\/\/fitnsweet.eu\/produktas\/dvieju-menesiu-slim-queen-lieknejimo-kokteiliu-rinkinys\/#primaryimage\"},\"thumbnailUrl\":\"https:\/\/fitnsweet.eu\/wp-content\/uploads\/2021\/03\/dvieju-menesiu-rink_slim-shake_fitnsweet.png\",\"datePublished\":\"2021-03-17T20:11:09+00:00\",\"dateModified\":\"2026-01-05T06:57:05+00:00\",\"breadcrumb\":{\"@id\":\"https:\/\/fitnsweet.eu\/produktas\/dvieju-menesiu-slim-queen-lieknejimo-kokteiliu-rinkinys\/#breadcrumb\"},\"inLanguage\":\"lv-LV\",\"potentialAction\":[{\"@type\":\"ReadAction\",\"target\":[\"https:\/\/fitnsweet.eu\/produktas\/dvieju-menesiu-slim-queen-lieknejimo-kokteiliu-rinkinys\/\"]}]},{\"@type\":\"ImageObject\",\"inLanguage\":\"lv-LV\",\"@id\":\"https:\/\/fitnsweet.eu\/produktas\/dvieju-menesiu-slim-queen-lieknejimo-kokteiliu-rinkinys\/#primaryimage\",\"url\":\"https:\/\/fitnsweet.eu\/wp-content\/uploads\/2021\/03\/dvieju-menesiu-rink_slim-shake_fitnsweet.png\",\"contentUrl\":\"https:\/\/fitnsweet.eu\/wp-content\/uploads\/2021\/03\/dvieju-menesiu-rink_slim-shake_fitnsweet.png\",\"width\":1080,\"height\":1080},{\"@type\":\"BreadcrumbList\",\"@id\":\"https:\/\/fitnsweet.eu\/produktas\/dvieju-menesiu-slim-queen-lieknejimo-kokteiliu-rinkinys\/#breadcrumb\",\"itemListElement\":[{\"@type\":\"ListItem\",\"position\":1,\"name\":\"Home\",\"item\":\"https:\/\/fitnsweet.eu\/\"},{\"@type\":\"ListItem\",\"position\":2,\"name\":\"Produktai\",\"item\":\"https:\/\/fitnsweet.eu\/parduotuve\/\"},{\"@type\":\"ListItem\",\"position\":3,\"name\":\"Dviej\u0173 m\u0117nesi\u0173 Slim Queen liekn\u0117jimo kokteili\u0173 rinkinys\"}]},{\"@type\":\"WebSite\",\"@id\":\"https:\/\/fitnsweet.eu\/#website\",\"url\":\"https:\/\/fitnsweet.eu\/\",\"name\":\"Fitnsweet.eu\",\"description\":\"Sveika. Saldu. Naudinga.\",\"potentialAction\":[{\"@type\":\"SearchAction\",\"target\":{\"@type\":\"EntryPoint\",\"urlTemplate\":\"https:\/\/fitnsweet.eu\/?s={search_term_string}\"},\"query-input\":{\"@type\":\"PropertyValueSpecification\",\"valueRequired\":true,\"valueName\":\"search_term_string\"}}],\"inLanguage\":\"lv-LV\"}]}<\/script>\n<!-- \/ Yoast SEO plugin. -->","yoast_head_json":{"title":"Divu m\u0113ne\u0161u Slim Queen notiev\u0113\u0161anas koktei\u013cu komplekts - Fitnsweet.eu","robots":{"index":"index","follow":"follow","max-snippet":"max-snippet:-1","max-image-preview":"max-image-preview:large","max-video-preview":"max-video-preview:-1"},"canonical":"https:\/\/fitnsweet.eu\/lv\/produkts-2\/divu-menesu-slim-queen-notievesanas-kokteilu-komplekts-2\/","og_locale":"lv_LV","og_type":"article","og_title":"Dviej\u0173 m\u0117nesi\u0173 Slim Queen liekn\u0117jimo kokteili\u0173 rinkinys - Fitnsweet.eu","og_description":"Da\u017enai klausiate, kuriam laikui u\u017etenka J\u016bs\u0173 jau itin pam\u0117gto Slim kokteilio pakuot\u0117s. Ir mes suk\u016br\u0117me rinkin\u012f Jums, kurio Jums u\u017eteks net dviems m\u0117nesiams!*   Slim liekn\u0117jimo kokteilis - tai inovatyvi naujiena m\u016bs\u0173 gamini\u0173 asortimente, tai maisto pakaitalas, kai kokteilio porcija galite keisti vien\u0105 i\u0161 dienos valgym\u0173. Taip suvartosite itin ma\u017eai kalorij\u0173, gausite net iki 22 skirting\u0173 vitamin\u0173 bei mineral\u0173 ir baltym\u0173. \u0160is kokteilis sukurtas moterims, kurios nori padailinti k\u016bno formas prie\u0161 vasar\u0105 ar da\u017enai nesp\u0117ja laiku u\u017ek\u0105sti, ar papusry\u010diauti. Tai bus J\u016bs\u0173 puikus kompanjonas norint suma\u017einti suvartojam\u0173 kalorij\u0173 kiek\u012f dienoje ir taip suma\u017einti k\u016bno svor\u012f.\u00a0  Rinkin\u012f sudaro: Keturi J\u016bs\u0173 pasirinkt\u0173 skoni\u0173 Slim Queen liekn\u0117jimo kokteiliai (po 420 g, viso 1680 g).\u00a0  *Kokteili\u0173 u\u017eteksite dviems m\u0117nesiams vartojant vien\u0105 kart\u0105 per dien\u0105 po vien\u0105 rekomenduojam\u0105 porcij\u0105. Pakuot\u0117je vidutini\u0161kai 14 porcij\u0173.\u00a0","og_url":"https:\/\/fitnsweet.eu\/lv\/produkts-2\/divu-menesu-slim-queen-notievesanas-kokteilu-komplekts-2\/","og_site_name":"Fitnsweet.eu","article_modified_time":"2026-01-05T06:57:05+00:00","og_image":[{"width":1080,"height":1080,"url":"https:\/\/fitnsweet.eu\/wp-content\/uploads\/2021\/03\/dvieju-menesiu-rink_slim-shake_fitnsweet.png","type":"image\/png"}],"twitter_card":"summary_large_image","twitter_misc":{"Est. reading time":"3 min\u016btes"},"schema":{"@context":"https:\/\/schema.org","@graph":[{"@type":"WebPage","@id":"https:\/\/fitnsweet.eu\/produktas\/dvieju-menesiu-slim-queen-lieknejimo-kokteiliu-rinkinys\/","url":"https:\/\/fitnsweet.eu\/produktas\/dvieju-menesiu-slim-queen-lieknejimo-kokteiliu-rinkinys\/","name":"Divu m\u0113ne\u0161u Slim Queen notiev\u0113\u0161anas koktei\u013cu komplekts - Fitnsweet.eu","isPartOf":{"@id":"https:\/\/fitnsweet.eu\/#website"},"primaryImageOfPage":{"@id":"https:\/\/fitnsweet.eu\/produktas\/dvieju-menesiu-slim-queen-lieknejimo-kokteiliu-rinkinys\/#primaryimage"},"image":{"@id":"https:\/\/fitnsweet.eu\/produktas\/dvieju-menesiu-slim-queen-lieknejimo-kokteiliu-rinkinys\/#primaryimage"},"thumbnailUrl":"https:\/\/fitnsweet.eu\/wp-content\/uploads\/2021\/03\/dvieju-menesiu-rink_slim-shake_fitnsweet.png","datePublished":"2021-03-17T20:11:09+00:00","dateModified":"2026-01-05T06:57:05+00:00","breadcrumb":{"@id":"https:\/\/fitnsweet.eu\/produktas\/dvieju-menesiu-slim-queen-lieknejimo-kokteiliu-rinkinys\/#breadcrumb"},"inLanguage":"lv-LV","potentialAction":[{"@type":"ReadAction","target":["https:\/\/fitnsweet.eu\/produktas\/dvieju-menesiu-slim-queen-lieknejimo-kokteiliu-rinkinys\/"]}]},{"@type":"ImageObject","inLanguage":"lv-LV","@id":"https:\/\/fitnsweet.eu\/produktas\/dvieju-menesiu-slim-queen-lieknejimo-kokteiliu-rinkinys\/#primaryimage","url":"https:\/\/fitnsweet.eu\/wp-content\/uploads\/2021\/03\/dvieju-menesiu-rink_slim-shake_fitnsweet.png","contentUrl":"https:\/\/fitnsweet.eu\/wp-content\/uploads\/2021\/03\/dvieju-menesiu-rink_slim-shake_fitnsweet.png","width":1080,"height":1080},{"@type":"BreadcrumbList","@id":"https:\/\/fitnsweet.eu\/produktas\/dvieju-menesiu-slim-queen-lieknejimo-kokteiliu-rinkinys\/#breadcrumb","itemListElement":[{"@type":"ListItem","position":1,"name":"Home","item":"https:\/\/fitnsweet.eu\/"},{"@type":"ListItem","position":2,"name":"Produktai","item":"https:\/\/fitnsweet.eu\/parduotuve\/"},{"@type":"ListItem","position":3,"name":"Dviej\u0173 m\u0117nesi\u0173 Slim Queen liekn\u0117jimo kokteili\u0173 rinkinys"}]},{"@type":"WebSite","@id":"https:\/\/fitnsweet.eu\/#website","url":"https:\/\/fitnsweet.eu\/","name":"Fitnsweet.eu","description":"Sveiki. Salds. Noder\u012bgi.","potentialAction":[{"@type":"SearchAction","target":{"@type":"EntryPoint","urlTemplate":"https:\/\/fitnsweet.eu\/?s={search_term_string}"},"query-input":{"@type":"PropertyValueSpecification","valueRequired":true,"valueName":"search_term_string"}}],"inLanguage":"lv-LV"}]}},"_links":{"self":[{"href":"https:\/\/fitnsweet.eu\/lv\/wp-json\/wp\/v2\/product\/23496","targetHints":{"allow":["GET"]}}],"collection":[{"href":"https:\/\/fitnsweet.eu\/lv\/wp-json\/wp\/v2\/product"}],"about":[{"href":"https:\/\/fitnsweet.eu\/lv\/wp-json\/wp\/v2\/types\/product"}],"replies":[{"embeddable":true,"href":"https:\/\/fitnsweet.eu\/lv\/wp-json\/wp\/v2\/comments?post=23496"}],"version-history":[{"count":9,"href":"https:\/\/fitnsweet.eu\/lv\/wp-json\/wp\/v2\/product\/23496\/revisions"}],"predecessor-version":[{"id":38306,"href":"https:\/\/fitnsweet.eu\/lv\/wp-json\/wp\/v2\/product\/23496\/revisions\/38306"}],"wp:featuredmedia":[{"embeddable":true,"href":"https:\/\/fitnsweet.eu\/lv\/wp-json\/wp\/v2\/media\/45515"}],"wp:attachment":[{"href":"https:\/\/fitnsweet.eu\/lv\/wp-json\/wp\/v2\/media?parent=23496"}],"wp:term":[{"taxonomy":"product_brand","embeddable":true,"href":"https:\/\/fitnsweet.eu\/lv\/wp-json\/wp\/v2\/product_brand?post=23496"},{"taxonomy":"product_cat","embeddable":true,"href":"https:\/\/fitnsweet.eu\/lv\/wp-json\/wp\/v2\/product_cat?post=23496"},{"taxonomy":"product_tag","embeddable":true,"href":"https:\/\/fitnsweet.eu\/lv\/wp-json\/wp\/v2\/product_tag?post=23496"}],"curies":[{"name":"wp","href":"https:\/\/api.w.org\/{rel}","templated":true}]}}