{"id":243,"date":"2016-08-26T19:34:23","date_gmt":"2016-08-26T16:34:23","guid":{"rendered":"http:\/\/fitnsweet.lt\/?post_type=product&#038;p=243"},"modified":"2024-12-06T23:33:28","modified_gmt":"2024-12-06T21:33:28","slug":"karalienes-olbaltumvielu-maisijums-pankukam-2","status":"publish","type":"product","link":"https:\/\/fitnsweet.eu\/lv\/produkts-2\/karalienes-olbaltumvielu-maisijums-pankukam-2\/","title":{"rendered":"Queen prote\u012bnu mais\u012bjums pank\u016bk\u0101m"},"content":{"rendered":"<p><span style=\"color: #ff00ff;\">Sast\u0101vs<\/span>:\u00a0<span style=\"color: #000000;\">olbaltumvielu mais\u012bjums: s\u016bkalu olbaltumvielu izol\u0101ts un s\u016bkalu olbaltumvielu koncentr\u0101ts, olu pulveris, kvie\u0161u milti, saldin\u0101t\u0101ji: sukraloze, sojas lecit\u012bns, aromatiz\u0113t\u0101ji, n\u0101trija karbon\u0101ts, citronsk\u0101be.<\/span><\/p>\n<p><span style=\"color: #ff00ff;\">Iesp\u0113jamie alerg\u0113ni:<\/span> <span style=\"color: #000000;\">\u0160is produkts satur olu, piena olbaltumvielu, sojas lecit\u012bna un laktozes p\u0113das.<\/span><\/p>\n<p><span style=\"color: #ff00ff;\">Ener\u0123\u0113tisk\u0101 v\u0113rt\u012bba<\/span>:\u00a0<span style=\"color: #000000;\">100 g: 380 kcal, 60 g olbaltumvielu, 27 g og\u013chidr\u0101tu (no tiem 4 g cukuru), 3 g tauku (no tiem 2 g pies\u0101tin\u0101to tauksk\u0101bju). (Atsevi\u0161\u0137u gar\u0161u ener\u0123\u0113tisk\u0101 v\u0113rt\u012bba var nedaudz at\u0161\u0137irties).\u00a0<\/span><\/p>\n<p><span style=\"color: #ff00ff;\">Porcijas lielums<\/span>: <span style=\"color: #000000;\">50 g mais\u012bjuma sajauc ar 125 ml \u016bdens vai piena (m\u0113rkarote ir iek\u013cauta iepakojum\u0101).<\/span><\/p>\n<p><span style=\"color: #ff00ff;\">K\u0101 lietot Queen prote\u012bna pank\u016bku mais\u012bjumu?\u00a0<\/span><span style=\"color: #000000;\">Vienk\u0101r\u0161i sajauciet Queen prote\u012bna pank\u016bku mais\u012bjumu ar \u016bdeni vai pienu, sakratiet putot\u0101ju, dz\u0113r\u0101ju un ieg\u016bto \u0161\u0137idruma masu ielejiet karst\u0101 pann\u0101. Veido v\u0113lam\u0101 izm\u0113ra pank\u016bkas. Ja cepat pann\u0101, apgrieziet pank\u016bkas otr\u0101di un cepiet no ab\u0101m pus\u0113m. Baudiet vesel\u012bgu p\u0101rtiku. J\u016bs varat ar\u012b cept vafel\u0113 vai cit\u0101 met\u0101la \u012bpa\u0161\u0101 pank\u016bku ceptuv\u0113. Ieg\u016btajai masai varat pievienot ar\u012b nedaudz kokosriekstu e\u013c\u013cas. \u0112diet kop\u0101 ar iecien\u012bto iev\u0101r\u012bjumu, zemesriekstu sviestu un citiem iecien\u012bt\u0101kajiem gar\u0161viel\u0101m.<\/span><\/p>\n<p><span style=\"color: #ff00ff;\">JAUNUMS! J\u016bs jau varat ieg\u0101d\u0101ties v\u0113l vienu mais\u012bjumu ar p\u0101rsteidzo\u0161\u0101m Queen olbaltumvielu pank\u016bk\u0101m!<\/span> <span style=\"color: #000000;\">Jau p\u0101rdots mande\u013cu, balt\u0101s \u0161okol\u0101des un kokosriekstu (Rafael) gar\u0161u mais\u012bjums! Tas ir br\u012bni\u0161\u0137\u012bgs tr\u012bs gar\u0161u mais\u012bjums, un j\u016bs varat baud\u012bt sald\u0101s pank\u016bkas.<\/span><\/p>\n<p><span style=\"color: #000000;\"><strong><span style=\"color: #ff00ff;\">Ar\u012b JAU P\u0100RDO\u0160AN\u0100 un pavisam jauni siera k\u016bku un piena miltu \u0161okol\u0101des arom\u0101tu pank\u016bku mais\u012bjumi!<\/span><\/strong><\/span><\/p>\n<p><span style=\"color: #ff00ff;\">Der\u012bguma termi\u0146\u0161<\/span>: <span style=\"color: #000000;\">nor\u0101d\u012bts uz iepakojuma.<\/span><br \/>\n<span style=\"color: #ff00ff;\">Ra\u017eot\u0101js:<\/span> <span style=\"color: #000000;\">V\u0101cija.<\/span><\/p>","protected":false},"excerpt":{"rendered":"<p style=\"text-align: justify; padding-left: 40px;\"><span style=\"color: #000000;\">Sportojot, iev\u0113rojot di\u0113tu vai di\u0113tu, bie\u017ei tr\u016bkst ideju par to, ko \u0113st brokast\u012bs vai ko izv\u0113l\u0113ties vakari\u0146\u0101m, lai tas b\u016btu noder\u012bgs un vesel\u012bgs m\u016bsu \u0137ermenim.\u00a0<\/span><\/p>\n<p style=\"text-align: justify;\"><span style=\"color: #000000;\">Olbaltumvielu mais\u012bjums Queen ir lieliski piem\u0113rots gard\u0101m, vesel\u012bg\u0101m, ar olbaltumviel\u0101m bag\u0101tin\u0101t\u0101m brokast\u012bm, vakari\u0146\u0101m vai uzkod\u0101m starp galvenaj\u0101m \u0113dienreiz\u0113m.<\/span><br \/>\n<span style=\"color: #ff00ff;\">\u0160aj\u0101 mais\u012bjum\u0101 vien\u0101 porcij\u0101 pat 60 g olbaltumvielu un tikai 27 g og\u013chidr\u0101tu un 3 g tauku. J\u016bs varat izv\u0113l\u0113ties no vair\u0101k\u0101m iecien\u012bt\u0101kaj\u0101m gar\u0161\u0101m.<\/span><br \/>\n<span style=\"color: #000000;\">Viegli un \u0101tri pagatavojams, mais\u012bjumam ir lieliska gar\u0161a. Pank\u016bkas varat gar\u0161ot ar iecien\u012bto iev\u0101r\u012bjumu, jogurtu, zemesriekstu sviestu vai citiem gar\u0161viel\u0101m. KARALIENAS olbaltumvielu pank\u016bku mais\u012bjumi bez m\u0101ksl\u012bg\u0101m gar\u0161\u0101m un aspart\u0101ma.\u00a0<\/span><\/p>\n<p style=\"text-align: justify;\"><span style=\"color: #000000;\">Queen olbaltumvielu mais\u012bjums pank\u016bk\u0101m, kas ra\u017eots V\u0101cij\u0101 no augst\u0101k\u0101s kvalit\u0101tes materi\u0101liem, nodro\u0161ina dro\u0161u pat\u0113ri\u0146u.\u00a0<\/span><\/p>\n<p style=\"text-align: justify;\"><span style=\"color: #000000;\">Iepakojums - 500 g saus\u0101 mais\u012bjuma.\u00a0<\/span><\/p>\n<p><img fetchpriority=\"high\" decoding=\"async\" class=\"alignnone size-full wp-image-26824\" src=\"https:\/\/fitnsweet.eu\/wp-content\/uploads\/2020\/11\/1_ikonos-03.png\" alt=\"\" width=\"16247\" height=\"4800\" \/><\/p>","protected":false},"featured_media":33781,"comment_status":"open","ping_status":"closed","template":"","meta":{"site-sidebar-layout":"default","site-content-layout":"default","ast-site-content-layout":"default","site-content-style":"default","site-sidebar-style":"default","ast-global-header-display":"","ast-banner-title-visibility":"","ast-main-header-display":"","ast-hfb-above-header-display":"","ast-hfb-below-header-display":"","ast-hfb-mobile-header-display":"","site-post-title":"","ast-breadcrumbs-content":"","ast-featured-img":"","footer-sml-layout":"","ast-disable-related-posts":"","theme-transparent-header-meta":"default","adv-header-id-meta":"","stick-header-meta":"","header-above-stick-meta":"","header-main-stick-meta":"","header-below-stick-meta":"","astra-migrate-meta-layouts":"set","ast-page-background-enabled":"default","ast-page-background-meta":{"desktop":{"background-color":"var(--ast-global-color-4)","background-image":"","background-repeat":"repeat","background-position":"center center","background-size":"auto","background-attachment":"scroll","background-type":"","background-media":"","overlay-type":"","overlay-color":"","overlay-opacity":"","overlay-gradient":""},"tablet":{"background-color":"","background-image":"","background-repeat":"repeat","background-position":"center center","background-size":"auto","background-attachment":"scroll","background-type":"","background-media":"","overlay-type":"","overlay-color":"","overlay-opacity":"","overlay-gradient":""},"mobile":{"background-color":"","background-image":"","background-repeat":"repeat","background-position":"center center","background-size":"auto","background-attachment":"scroll","background-type":"","background-media":"","overlay-type":"","overlay-color":"","overlay-opacity":"","overlay-gradient":""}},"ast-content-background-meta":{"desktop":{"background-color":"var(--ast-global-color-5)","background-image":"","background-repeat":"repeat","background-position":"center center","background-size":"auto","background-attachment":"scroll","background-type":"","background-media":"","overlay-type":"","overlay-color":"","overlay-opacity":"","overlay-gradient":""},"tablet":{"background-color":"var(--ast-global-color-5)","background-image":"","background-repeat":"repeat","background-position":"center center","background-size":"auto","background-attachment":"scroll","background-type":"","background-media":"","overlay-type":"","overlay-color":"","overlay-opacity":"","overlay-gradient":""},"mobile":{"background-color":"var(--ast-global-color-5)","background-image":"","background-repeat":"repeat","background-position":"center center","background-size":"auto","background-attachment":"scroll","background-type":"","background-media":"","overlay-type":"","overlay-color":"","overlay-opacity":"","overlay-gradient":""}}},"product_brand":[],"product_cat":[380,378,387,315,13,112,114],"product_tag":[182,146,37,149,181,16,164,20,184,199,183],"class_list":{"0":"post-243","1":"product","2":"type-product","3":"status-publish","4":"has-post-thumbnail","6":"product_cat-sokoladiniai-kremai-uogienes","7":"product_cat-uzkandziai","8":"product_cat-visi-produktai","9":"product_cat-baltyminiai-misiniai-kepimui","10":"product_cat-httpfitnsweet-ltprodukto-kategorijagymqueen","11":"product_cat-gymqueen-figurai","12":"product_cat-gymqueen-sportui","13":"product_tag-baltyminiu-blyneliu-misiniai","14":"product_tag-blynai","15":"product_tag-blyneliai","16":"product_tag-blyneliu-misinys","17":"product_tag-blyneliu-misiniai","18":"product_tag-gymqueen","19":"product_tag-gymqueen-sportui","20":"product_tag-proteinas","21":"product_tag-queen-blyneliai","22":"product_tag-skanus-blyneliai","23":"product_tag-sveiki-blyneliai","24":"desktop-align-left","25":"tablet-align-left","26":"mobile-align-left","28":"first","29":"instock","30":"taxable","31":"shipping-taxable","32":"purchasable","33":"product-type-variable"},"yoast_head":"<!-- This site is optimized with the Yoast SEO plugin v26.9 - https:\/\/yoast.com\/product\/yoast-seo-wordpress\/ -->\n<title>Queen baltyminis mi\u0161inys blyneliams - Fitnsweet.eu<\/title>\n<meta name=\"robots\" content=\"index, follow, max-snippet:-1, max-image-preview:large, max-video-preview:-1\" \/>\n<link rel=\"canonical\" href=\"https:\/\/fitnsweet.eu\/lv\/produkts-2\/karalienes-olbaltumvielu-maisijums-pankukam-2\/\" \/>\n<meta property=\"og:locale\" content=\"lv_LV\" \/>\n<meta property=\"og:type\" content=\"article\" \/>\n<meta property=\"og:title\" content=\"Queen baltyminis mi\u0161inys blyneliams - Fitnsweet.eu\" \/>\n<meta property=\"og:description\" content=\"Sportuojant, laikantis mitybos re\u017eimo ar dietos, da\u017enai pritr\u016bkstama id\u0117j\u0173, k\u0105 valgyti pusry\u010diams ar k\u0105 pasirinkti vakarienei, kad tai b\u016bt\u0173 naudinga bei sveika m\u016bs\u0173 k\u016bnui.\u00a0 Queen baltyminis mi\u0161inys puikiai tiks skaniems, sveikiems, baltymais praturtintiems pusry\u010diams, vakarienei ar u\u017ekand\u017eiui tarp pagrindini\u0173 valgym\u0173. \u0160iame mi\u0161inyje net 60 g baltym\u0173 ir tik 27 g angliavandeni\u0173 ir 3 g riebal\u0173 vienoje porcijoje. Galite rinktis i\u0161 keli\u0173 J\u016bs\u0173 m\u0117gstamiausi\u0173 skoni\u0173. Lengvai ir greitai paruo\u0161iamas mi\u0161inys pasi\u017eymi puikiu skoniu. Blynelius galite gardinti J\u016bs\u0173 m\u0117gstama uogiene, jogurtu, rie\u0161ut\u0173 sviestu ar kitais pagardais. QUEEN BALTYMINI\u0172 BLYNELI\u0172 MI\u0160INIAI BE DIRBTINI\u0172 SKONIO STIPRIKLI\u0172 BEI ASPARTAMO.\u00a0 Queen baltyminis mi\u0161inys blyneliams, pagamintas Vokietijoje i\u0161 auk\u0161\u010diausios kokyb\u0117s med\u017eiag\u0173, u\u017etikrina saug\u0173 vartojim\u0105.\u00a0 Pakuot\u0117je - 500 g sauso mi\u0161inio.\u00a0\" \/>\n<meta property=\"og:url\" content=\"https:\/\/fitnsweet.eu\/lv\/produkts-2\/karalienes-olbaltumvielu-maisijums-pankukam-2\/\" \/>\n<meta property=\"og:site_name\" content=\"Fitnsweet.eu\" \/>\n<meta property=\"article:modified_time\" content=\"2024-12-06T21:33:28+00:00\" \/>\n<meta property=\"og:image\" content=\"https:\/\/fitnsweet.eu\/wp-content\/uploads\/2016\/08\/gq_pancakes_vanille_shadow_fnsku.png\" \/>\n\t<meta property=\"og:image:width\" content=\"1600\" \/>\n\t<meta property=\"og:image:height\" content=\"1600\" \/>\n\t<meta property=\"og:image:type\" content=\"image\/png\" \/>\n<meta name=\"twitter:card\" content=\"summary_large_image\" \/>\n<meta name=\"twitter:label1\" content=\"Est. reading time\" \/>\n\t<meta name=\"twitter:data1\" content=\"2 min\u016btes\" \/>\n<script type=\"application\/ld+json\" class=\"yoast-schema-graph\">{\"@context\":\"https:\/\/schema.org\",\"@graph\":[{\"@type\":\"WebPage\",\"@id\":\"https:\/\/fitnsweet.eu\/produktas\/queen-baltyminis-misinys-blyneliams\/\",\"url\":\"https:\/\/fitnsweet.eu\/produktas\/queen-baltyminis-misinys-blyneliams\/\",\"name\":\"Queen baltyminis mi\u0161inys blyneliams - Fitnsweet.eu\",\"isPartOf\":{\"@id\":\"https:\/\/fitnsweet.eu\/#website\"},\"primaryImageOfPage\":{\"@id\":\"https:\/\/fitnsweet.eu\/produktas\/queen-baltyminis-misinys-blyneliams\/#primaryimage\"},\"image\":{\"@id\":\"https:\/\/fitnsweet.eu\/produktas\/queen-baltyminis-misinys-blyneliams\/#primaryimage\"},\"thumbnailUrl\":\"https:\/\/fitnsweet.eu\/wp-content\/uploads\/2016\/08\/gq_pancakes_vanille_shadow_fnsku.png\",\"datePublished\":\"2016-08-26T16:34:23+00:00\",\"dateModified\":\"2024-12-06T21:33:28+00:00\",\"breadcrumb\":{\"@id\":\"https:\/\/fitnsweet.eu\/produktas\/queen-baltyminis-misinys-blyneliams\/#breadcrumb\"},\"inLanguage\":\"lv-LV\",\"potentialAction\":[{\"@type\":\"ReadAction\",\"target\":[\"https:\/\/fitnsweet.eu\/produktas\/queen-baltyminis-misinys-blyneliams\/\"]}]},{\"@type\":\"ImageObject\",\"inLanguage\":\"lv-LV\",\"@id\":\"https:\/\/fitnsweet.eu\/produktas\/queen-baltyminis-misinys-blyneliams\/#primaryimage\",\"url\":\"https:\/\/fitnsweet.eu\/wp-content\/uploads\/2016\/08\/gq_pancakes_vanille_shadow_fnsku.png\",\"contentUrl\":\"https:\/\/fitnsweet.eu\/wp-content\/uploads\/2016\/08\/gq_pancakes_vanille_shadow_fnsku.png\",\"width\":1600,\"height\":1600},{\"@type\":\"BreadcrumbList\",\"@id\":\"https:\/\/fitnsweet.eu\/produktas\/queen-baltyminis-misinys-blyneliams\/#breadcrumb\",\"itemListElement\":[{\"@type\":\"ListItem\",\"position\":1,\"name\":\"Home\",\"item\":\"https:\/\/fitnsweet.eu\/\"},{\"@type\":\"ListItem\",\"position\":2,\"name\":\"Produktai\",\"item\":\"https:\/\/fitnsweet.eu\/parduotuve\/\"},{\"@type\":\"ListItem\",\"position\":3,\"name\":\"Queen baltyminis mi\u0161inys blyneliams\"}]},{\"@type\":\"WebSite\",\"@id\":\"https:\/\/fitnsweet.eu\/#website\",\"url\":\"https:\/\/fitnsweet.eu\/\",\"name\":\"Fitnsweet.eu\",\"description\":\"Sveika. Saldu. Naudinga.\",\"potentialAction\":[{\"@type\":\"SearchAction\",\"target\":{\"@type\":\"EntryPoint\",\"urlTemplate\":\"https:\/\/fitnsweet.eu\/?s={search_term_string}\"},\"query-input\":{\"@type\":\"PropertyValueSpecification\",\"valueRequired\":true,\"valueName\":\"search_term_string\"}}],\"inLanguage\":\"lv-LV\"}]}<\/script>\n<!-- \/ Yoast SEO plugin. -->","yoast_head_json":{"title":"Karalienes prote\u012bna mais\u012bjums pank\u016bk\u0101m - Fitnsweet.eu","robots":{"index":"index","follow":"follow","max-snippet":"max-snippet:-1","max-image-preview":"max-image-preview:large","max-video-preview":"max-video-preview:-1"},"canonical":"https:\/\/fitnsweet.eu\/lv\/produkts-2\/karalienes-olbaltumvielu-maisijums-pankukam-2\/","og_locale":"lv_LV","og_type":"article","og_title":"Queen baltyminis mi\u0161inys blyneliams - Fitnsweet.eu","og_description":"Sportuojant, laikantis mitybos re\u017eimo ar dietos, da\u017enai pritr\u016bkstama id\u0117j\u0173, k\u0105 valgyti pusry\u010diams ar k\u0105 pasirinkti vakarienei, kad tai b\u016bt\u0173 naudinga bei sveika m\u016bs\u0173 k\u016bnui.\u00a0 Queen baltyminis mi\u0161inys puikiai tiks skaniems, sveikiems, baltymais praturtintiems pusry\u010diams, vakarienei ar u\u017ekand\u017eiui tarp pagrindini\u0173 valgym\u0173. \u0160iame mi\u0161inyje net 60 g baltym\u0173 ir tik 27 g angliavandeni\u0173 ir 3 g riebal\u0173 vienoje porcijoje. Galite rinktis i\u0161 keli\u0173 J\u016bs\u0173 m\u0117gstamiausi\u0173 skoni\u0173. Lengvai ir greitai paruo\u0161iamas mi\u0161inys pasi\u017eymi puikiu skoniu. Blynelius galite gardinti J\u016bs\u0173 m\u0117gstama uogiene, jogurtu, rie\u0161ut\u0173 sviestu ar kitais pagardais. QUEEN BALTYMINI\u0172 BLYNELI\u0172 MI\u0160INIAI BE DIRBTINI\u0172 SKONIO STIPRIKLI\u0172 BEI ASPARTAMO.\u00a0 Queen baltyminis mi\u0161inys blyneliams, pagamintas Vokietijoje i\u0161 auk\u0161\u010diausios kokyb\u0117s med\u017eiag\u0173, u\u017etikrina saug\u0173 vartojim\u0105.\u00a0 Pakuot\u0117je - 500 g sauso mi\u0161inio.\u00a0","og_url":"https:\/\/fitnsweet.eu\/lv\/produkts-2\/karalienes-olbaltumvielu-maisijums-pankukam-2\/","og_site_name":"Fitnsweet.eu","article_modified_time":"2024-12-06T21:33:28+00:00","og_image":[{"width":1600,"height":1600,"url":"https:\/\/fitnsweet.eu\/wp-content\/uploads\/2016\/08\/gq_pancakes_vanille_shadow_fnsku.png","type":"image\/png"}],"twitter_card":"summary_large_image","twitter_misc":{"Est. reading time":"2 min\u016btes"},"schema":{"@context":"https:\/\/schema.org","@graph":[{"@type":"WebPage","@id":"https:\/\/fitnsweet.eu\/produktas\/queen-baltyminis-misinys-blyneliams\/","url":"https:\/\/fitnsweet.eu\/produktas\/queen-baltyminis-misinys-blyneliams\/","name":"Karalienes prote\u012bna mais\u012bjums pank\u016bk\u0101m - Fitnsweet.eu","isPartOf":{"@id":"https:\/\/fitnsweet.eu\/#website"},"primaryImageOfPage":{"@id":"https:\/\/fitnsweet.eu\/produktas\/queen-baltyminis-misinys-blyneliams\/#primaryimage"},"image":{"@id":"https:\/\/fitnsweet.eu\/produktas\/queen-baltyminis-misinys-blyneliams\/#primaryimage"},"thumbnailUrl":"https:\/\/fitnsweet.eu\/wp-content\/uploads\/2016\/08\/gq_pancakes_vanille_shadow_fnsku.png","datePublished":"2016-08-26T16:34:23+00:00","dateModified":"2024-12-06T21:33:28+00:00","breadcrumb":{"@id":"https:\/\/fitnsweet.eu\/produktas\/queen-baltyminis-misinys-blyneliams\/#breadcrumb"},"inLanguage":"lv-LV","potentialAction":[{"@type":"ReadAction","target":["https:\/\/fitnsweet.eu\/produktas\/queen-baltyminis-misinys-blyneliams\/"]}]},{"@type":"ImageObject","inLanguage":"lv-LV","@id":"https:\/\/fitnsweet.eu\/produktas\/queen-baltyminis-misinys-blyneliams\/#primaryimage","url":"https:\/\/fitnsweet.eu\/wp-content\/uploads\/2016\/08\/gq_pancakes_vanille_shadow_fnsku.png","contentUrl":"https:\/\/fitnsweet.eu\/wp-content\/uploads\/2016\/08\/gq_pancakes_vanille_shadow_fnsku.png","width":1600,"height":1600},{"@type":"BreadcrumbList","@id":"https:\/\/fitnsweet.eu\/produktas\/queen-baltyminis-misinys-blyneliams\/#breadcrumb","itemListElement":[{"@type":"ListItem","position":1,"name":"Home","item":"https:\/\/fitnsweet.eu\/"},{"@type":"ListItem","position":2,"name":"Produktai","item":"https:\/\/fitnsweet.eu\/parduotuve\/"},{"@type":"ListItem","position":3,"name":"Queen baltyminis mi\u0161inys blyneliams"}]},{"@type":"WebSite","@id":"https:\/\/fitnsweet.eu\/#website","url":"https:\/\/fitnsweet.eu\/","name":"Fitnsweet.eu","description":"Sveiki. Salds. Noder\u012bgi.","potentialAction":[{"@type":"SearchAction","target":{"@type":"EntryPoint","urlTemplate":"https:\/\/fitnsweet.eu\/?s={search_term_string}"},"query-input":{"@type":"PropertyValueSpecification","valueRequired":true,"valueName":"search_term_string"}}],"inLanguage":"lv-LV"}]}},"_links":{"self":[{"href":"https:\/\/fitnsweet.eu\/lv\/wp-json\/wp\/v2\/product\/243","targetHints":{"allow":["GET"]}}],"collection":[{"href":"https:\/\/fitnsweet.eu\/lv\/wp-json\/wp\/v2\/product"}],"about":[{"href":"https:\/\/fitnsweet.eu\/lv\/wp-json\/wp\/v2\/types\/product"}],"replies":[{"embeddable":true,"href":"https:\/\/fitnsweet.eu\/lv\/wp-json\/wp\/v2\/comments?post=243"}],"version-history":[{"count":2,"href":"https:\/\/fitnsweet.eu\/lv\/wp-json\/wp\/v2\/product\/243\/revisions"}],"predecessor-version":[{"id":36332,"href":"https:\/\/fitnsweet.eu\/lv\/wp-json\/wp\/v2\/product\/243\/revisions\/36332"}],"wp:featuredmedia":[{"embeddable":true,"href":"https:\/\/fitnsweet.eu\/lv\/wp-json\/wp\/v2\/media\/33781"}],"wp:attachment":[{"href":"https:\/\/fitnsweet.eu\/lv\/wp-json\/wp\/v2\/media?parent=243"}],"wp:term":[{"taxonomy":"product_brand","embeddable":true,"href":"https:\/\/fitnsweet.eu\/lv\/wp-json\/wp\/v2\/product_brand?post=243"},{"taxonomy":"product_cat","embeddable":true,"href":"https:\/\/fitnsweet.eu\/lv\/wp-json\/wp\/v2\/product_cat?post=243"},{"taxonomy":"product_tag","embeddable":true,"href":"https:\/\/fitnsweet.eu\/lv\/wp-json\/wp\/v2\/product_tag?post=243"}],"curies":[{"name":"wp","href":"https:\/\/api.w.org\/{rel}","templated":true}]}}