{"id":27785,"date":"2021-10-05T05:49:27","date_gmt":"2021-10-05T02:49:27","guid":{"rendered":"https:\/\/fitnsweet.eu\/?post_type=product&#038;p=27785"},"modified":"2025-07-21T09:37:20","modified_gmt":"2025-07-21T06:37:20","slug":"premium-mom-mia-zero-merce-240ml-2","status":"publish","type":"product","link":"https:\/\/fitnsweet.eu\/lv\/produkts-2\/premium-mom-mia-zero-merce-240ml-2\/","title":{"rendered":"Premium Mamma Mia Zero m\u0113rce (240 ml)"},"content":{"rendered":"<p><span style=\"color: #000000;\">Premium Mamma Mia Zero m\u0113rces ir lieliski piem\u0113rotas jums, ja v\u0113laties baud\u012bt s\u0101t\u012bgus iecien\u012bt\u0101kos \u0113dienus ar mazkaloriju, zemu cukura* m\u0113rci. Izmantojot m\u016bsu Premium Mamma Mia Zero m\u0113rces, j\u016bsu \u0161\u0137\u012bv\u012b ir m\u0113rces ar visaugst\u0101ko uzturv\u0113rt\u012bbu - ar 100% augst\u0101k\u0101s kvalit\u0101tes gar\u0161u!<\/span><\/p>\n<p><span style=\"color: #000000;\">* Satur l\u012bdz pat 30% maz\u0101k kaloriju un cukura, sal\u012bdzinot ar parastaj\u0101m asaj\u0101m m\u0113rc\u0113m. ** Satur dab\u012bgi un cukurus.<\/span><\/p>\n<p><span style=\"color: #ff99cc;\">Sast\u0101vs:<\/span> <span style=\"color: #000000;\">\u016adens, 8% medus, 7% sinepes (\u016bdens,\u00a0<b>sinepju s\u0113klas<\/b>\u00a0, eti\u0137is, s\u0101ls, gar\u0161vielas), eti\u0137is, citrona \u0161\u0137iedra, modific\u0113ta ciete, \u0101bolu sulas koncentr\u0101ts, s\u0101ls, gar\u0161vielas\u00a0<b>sinepes<\/b>\u00a0), dab\u012bga gar\u0161a, sk\u0101bin\u0101t\u0101js: citronsk\u0101be; Kr\u0101sa: karot\u012bns; Konservants: n\u0101trija benzo\u0101ts, k\u0101lija sorb\u0101ts; Stabilizators: ksant\u0101na sve\u0137i; Saldin\u0101t\u0101js: sukraloze.<\/span><\/p>\n<p><span style=\"color: #ff99cc;\">Galven\u0101 viela\/akt\u012bv\u0101 viela:<\/span><span style=\"color: #000000;\">Eti\u0137is, medus, sinepes.<\/span><\/p>\n<p><span style=\"color: #ff99cc;\">Aler\u0123\u0113ni:<\/span><span style=\"color: #000000;\">Satur sinepes.<\/span><\/p>\n<table class=\"table--nutrition-facts\">\n<thead>\n<tr>\n<th><span style=\"color: #000000;\">Ener\u0123\u0113tisk\u0101 v\u0113rt\u012bba<\/span><\/th>\n<th><span style=\"color: #000000;\">\u00a0100 G<\/span><\/th>\n<th class=\"text-right\"><span style=\"color: #000000;\">OST\u0100<\/span><\/th>\n<th class=\"text-right nutrition-table__per-serving\"><span style=\"color: #000000;\">% RPN * KATR\u0100 PORCIJ\u0100<\/span><\/th>\n<\/tr>\n<\/thead>\n<tbody>\n<tr>\n<td><\/td>\n<td><span style=\"color: #000000;\"><span class=\"db\">251,21 kj<\/span><span class=\"db\">60,00 kcal<\/span><\/span><\/td>\n<td class=\"text-right\"><span style=\"color: #000000;\"><span class=\"db\">37,68 kj<\/span><span class=\"db\">9,00 kcal<\/span><\/span><\/td>\n<td class=\"text-right nutrition-table__per-serving\"><span style=\"color: #000000;\">0,45%<\/span><\/td>\n<\/tr>\n<tr>\n<td><span style=\"color: #000000;\">tauki<\/span><\/td>\n<td><span style=\"color: #000000;\">1,00 g<\/span><\/td>\n<td class=\"text-right\"><span style=\"color: #000000;\">0,15 g<\/span><\/td>\n<td class=\"text-right nutrition-table__per-serving\"><span style=\"color: #000000;\">0,21%<\/span><\/td>\n<\/tr>\n<tr class=\"sub-item\">\n<td><span style=\"color: #000000;\">\u00a0no tiem: pies\u0101tin\u0101t\u0101s tauksk\u0101bes<\/span><\/td>\n<td><span style=\"color: #000000;\">0,10 g<\/span><\/td>\n<td class=\"text-right\"><span style=\"color: #000000;\">0,02 g<\/span><\/td>\n<td class=\"text-right nutrition-table__per-serving\"><span style=\"color: #000000;\">0,10%<\/span><\/td>\n<\/tr>\n<tr>\n<td><span style=\"color: #000000;\">og\u013chidr\u0101ti<\/span><\/td>\n<td><span style=\"color: #000000;\">9,70 g<\/span><\/td>\n<td class=\"text-right\"><span style=\"color: #000000;\">1,46 g<\/span><\/td>\n<td class=\"text-right nutrition-table__per-serving\"><span style=\"color: #000000;\">0,56%<\/span><\/td>\n<\/tr>\n<tr class=\"sub-item\">\n<td><span style=\"color: #000000;\">\u00a0no kuriem cukuri<\/span><\/td>\n<td><span style=\"color: #000000;\">6,50 g<\/span><\/td>\n<td class=\"text-right\"><span style=\"color: #000000;\">0,98 g<\/span><\/td>\n<td class=\"text-right nutrition-table__per-serving\"><span style=\"color: #000000;\">1,09%<\/span><\/td>\n<\/tr>\n<tr>\n<td><span style=\"color: #000000;\">olbaltumvielas<\/span><\/td>\n<td><span style=\"color: #000000;\">1,10 g<\/span><\/td>\n<td class=\"text-right\"><span style=\"color: #000000;\">0,17 g<\/span><\/td>\n<td class=\"text-right nutrition-table__per-serving\"><span style=\"color: #000000;\">0,34%<\/span><\/td>\n<\/tr>\n<tr>\n<td><span style=\"color: #000000;\">s\u0101\u013ci<\/span><\/td>\n<td><span style=\"color: #000000;\">1,80 g<\/span><\/td>\n<td class=\"text-right\"><span style=\"color: #000000;\">0,27 g<\/span><\/td>\n<td class=\"text-right nutrition-table__per-serving\"><span style=\"color: #000000;\">4,50%<\/span><\/td>\n<\/tr>\n<\/tbody>\n<\/table>\n<p><span style=\"color: #000000;\"><small class=\"hide-for-small nutrition-table__per-serving\">* Vid\u0113jais pieaugu\u0161o pat\u0113ri\u0146\u0161 (8400 kJ \/ 2000 kcal).<\/small><\/span><\/p>\n<p><span style=\"color: #000000;\"><span style=\"color: #ff99cc;\"><strong>Ieteikums lieto\u0161anai: <\/strong><\/span>izmantot p\u0113c vajadz\u012bbas.\u00a0<\/span><\/p>\n<p><span style=\"color: #000000;\"><strong><span style=\"color: #ff99cc;\">Uzglab\u0101\u0161ana:<\/span>\u00a0<\/strong>Uzglab\u0101t v\u0113s\u0101, saus\u0101 viet\u0101, sarg\u0101t no gaismas. Atv\u0113rts uzglab\u0101t ledusskap\u012b.<\/span><\/p>\n<p><span style=\"color: #000000;\"><strong><span style=\"color: #ff99cc;\">Apraksts:<\/span>\u00a0<\/strong>Mazkaloriju m\u0113rce ar medus sinepju gar\u0161u.<\/span><\/p>\n<p><span style=\"color: #000000;\"><strong><span style=\"color: #ff99cc;\">Neto svars:<\/span>\u00a0<\/strong>240 ml<\/span><\/p>\n<p><span style=\"color: #000000;\"><strong><span style=\"color: #ff99cc;\">Ra\u017eot\u0101js:<\/span><\/strong> V\u0101cija<\/span><\/p>\n<p><span style=\"color: #000000;\"><strong><span style=\"color: #ff99cc;\">P\u0101rdev\u0113js Lietuv\u0101:<\/span><\/strong> J\u016brates Boblauskaites individu\u0101l\u0101 darb\u012bba.<\/span><\/p>\n<p>&nbsp;<\/p>","protected":false},"excerpt":{"rendered":"<p><span style=\"color: #000000;\">Ar mums\u00a0<strong>zems cukurs<\/strong>\u00a0kam\u00a0<strong>un ar zemu kaloriju daudzumu <\/strong>\u0113dot ar augst\u0101k\u0101s kvalit\u0101tes Mamma Mia Zero m\u0113rc\u0113m <strong>bez sirdsapzi\u0146as p\u0101rmetumiem vi\u0146\u0161 ce\u013cas aug\u0161\u0101<\/strong> uz jaunu l\u012bmeni! V\u0113l augst\u0101ka Premium kvalit\u0101te un v\u0113l lab\u0101ks sast\u0101vs!<\/span><\/p>\n<p><span style=\"color: #000000;\">Vienalga, vai t\u0101 b\u016btu ga\u013ca, zivis, burgeri, sal\u0101ti \u2013 m\u016bsu Premium Zero m\u0113rces garant\u0113 <strong>100% ir dabiski gar\u0161\u012bgs k\u0101rums ar visaugst\u0101ko uzturv\u0113rt\u012bbu<\/strong>\u00a0un\u00a0<strong>bez pievienotiem cukuriem!<\/strong><\/span><\/p>\n<ul>\n<li><span style=\"color: #000000;\"><strong>Samazin\u0101ts kaloriju un cukura daudzums<\/strong><\/span><\/li>\n<li><span style=\"color: #000000;\">Zems tauku saturs<\/span><\/li>\n<li><span style=\"color: #000000;\"><strong>Bez pievienotiem cukuriem<\/strong><\/span><\/li>\n<li><span style=\"color: #000000;\">Tikai dab\u012bgas gar\u0161as<\/span><\/li>\n<li><span style=\"color: #000000;\">Piem\u0113rots s\u0101t\u012bgiem \u0113dieniem<\/span><\/li>\n<li><span style=\"color: #000000;\">Nav sint\u0113tisko gar\u0161as pastiprin\u0101t\u0101ju.\u00a0<\/span><\/li>\n<\/ul>\n<p><span style=\"color: #000000;\">Neto tilpums: 240ml<\/span><\/p>\n<p><span style=\"color: #000000; font-family: 'Hind Madurai', Helvetica, Arial, Lucida, sans-serif; font-size: 15px;\">&#8222;Mamma mia premium\u201d pada\u017eas, pagamintas Vokietijoje i\u0161 auk\u0161\u010diausios kokyb\u0117s med\u017eiag\u0173, u\u017etikrina saug\u0173 vartojim\u0105.\u00a0<\/span><\/p>","protected":false},"featured_media":27786,"comment_status":"open","ping_status":"closed","template":"","meta":{"site-sidebar-layout":"default","site-content-layout":"default","ast-site-content-layout":"default","site-content-style":"default","site-sidebar-style":"default","ast-global-header-display":"","ast-banner-title-visibility":"","ast-main-header-display":"","ast-hfb-above-header-display":"","ast-hfb-below-header-display":"","ast-hfb-mobile-header-display":"","site-post-title":"","ast-breadcrumbs-content":"","ast-featured-img":"","footer-sml-layout":"","ast-disable-related-posts":"","theme-transparent-header-meta":"default","adv-header-id-meta":"","stick-header-meta":"","header-above-stick-meta":"","header-main-stick-meta":"","header-below-stick-meta":"","astra-migrate-meta-layouts":"set","ast-page-background-enabled":"default","ast-page-background-meta":{"desktop":{"background-color":"var(--ast-global-color-4)","background-image":"","background-repeat":"repeat","background-position":"center center","background-size":"auto","background-attachment":"scroll","background-type":"","background-media":"","overlay-type":"","overlay-color":"","overlay-opacity":"","overlay-gradient":""},"tablet":{"background-color":"","background-image":"","background-repeat":"repeat","background-position":"center center","background-size":"auto","background-attachment":"scroll","background-type":"","background-media":"","overlay-type":"","overlay-color":"","overlay-opacity":"","overlay-gradient":""},"mobile":{"background-color":"","background-image":"","background-repeat":"repeat","background-position":"center center","background-size":"auto","background-attachment":"scroll","background-type":"","background-media":"","overlay-type":"","overlay-color":"","overlay-opacity":"","overlay-gradient":""}},"ast-content-background-meta":{"desktop":{"background-color":"var(--ast-global-color-5)","background-image":"","background-repeat":"repeat","background-position":"center center","background-size":"auto","background-attachment":"scroll","background-type":"","background-media":"","overlay-type":"","overlay-color":"","overlay-opacity":"","overlay-gradient":""},"tablet":{"background-color":"var(--ast-global-color-5)","background-image":"","background-repeat":"repeat","background-position":"center center","background-size":"auto","background-attachment":"scroll","background-type":"","background-media":"","overlay-type":"","overlay-color":"","overlay-opacity":"","overlay-gradient":""},"mobile":{"background-color":"var(--ast-global-color-5)","background-image":"","background-repeat":"repeat","background-position":"center center","background-size":"auto","background-attachment":"scroll","background-type":"","background-media":"","overlay-type":"","overlay-color":"","overlay-opacity":"","overlay-gradient":""}}},"product_brand":[],"product_cat":[382,378,387,343,321,13,112,114,318],"product_tag":[133,134,329,135,330],"class_list":{"0":"post-27785","1":"product","2":"type-product","3":"status-publish","4":"has-post-thumbnail","6":"product_cat-traskuciai-padazai-uzkandziai","7":"product_cat-uzkandziai","8":"product_cat-visi-produktai","9":"product_cat-naujienos","10":"product_cat-energija-efektyvumas","11":"product_cat-httpfitnsweet-ltprodukto-kategorijagymqueen","12":"product_cat-gymqueen-figurai","13":"product_cat-gymqueen-sportui","14":"product_cat-padazai-be-kcal","15":"product_tag-be-kcal","16":"product_tag-mamma-mia","17":"product_tag-medaus-garstyciu","18":"product_tag-padazas","19":"product_tag-premium","20":"desktop-align-left","21":"tablet-align-left","22":"mobile-align-left","24":"first","25":"outofstock","26":"featured","27":"taxable","28":"shipping-taxable","29":"purchasable","30":"product-type-simple"},"yoast_head":"<!-- This site is optimized with the Yoast SEO plugin v26.9 - https:\/\/yoast.com\/product\/yoast-seo-wordpress\/ -->\n<title>Premium Mamma Mia Zero pada\u017eas (240ml) - Fitnsweet.eu<\/title>\n<meta name=\"robots\" content=\"index, follow, max-snippet:-1, max-image-preview:large, max-video-preview:-1\" \/>\n<link rel=\"canonical\" href=\"https:\/\/fitnsweet.eu\/lv\/produkts-2\/premium-mom-mia-zero-merce-240ml-2\/\" \/>\n<meta property=\"og:locale\" content=\"lv_LV\" \/>\n<meta property=\"og:type\" content=\"article\" \/>\n<meta property=\"og:title\" content=\"Premium Mamma Mia Zero pada\u017eas (240ml) - Fitnsweet.eu\" \/>\n<meta property=\"og:description\" content=\"Su m\u016bs\u0173\u00a0ma\u017eai cukraus\u00a0turin\u010diais\u00a0ir ma\u017eai kaloringais auk\u0161\u010diausios kokyb\u0117s \u201eMamma Mia Zero\u201c pada\u017eais valgymas be jokios s\u0105\u017ein\u0117s grau\u017eaties pakyla \u012f nauj\u0105 lyg\u012f! Dar auk\u0161tesn\u0117 Premium kokyb\u0117 ir dar geresn\u0117 sud\u0117tis!  Nesvarbu, ar tai b\u016bt\u0173 m\u0117sa, \u017euvis, m\u0117sainiai, salotos - m\u016bs\u0173 \u201ePremium Zero\u201c pada\u017eai garantuoja 100% nat\u016braliai skan\u0173 malonum\u0105 su auk\u0161\u010diausia maistine verte\u00a0ir\u00a0be prid\u0117tini\u0173 cukr\u0173!   Suma\u017eintas kalorij\u0173 ir cukraus kiekis  Ma\u017eai riebal\u0173  Be prid\u0117tini\u0173 cukr\u0173  Tik nat\u016bral\u016bs skoniai  Tinka prie so\u010di\u0173 patiekal\u0173  N\u0117ra sintetini\u0173 skonio stiprikli\u0173.\u00a0  Grynasis kiekis: 240ml  &quot;Mamma mia premium\u201d pada\u017eas, pagamintas Vokietijoje i\u0161 auk\u0161\u010diausios kokyb\u0117s med\u017eiag\u0173, u\u017etikrina saug\u0173 vartojim\u0105.\u00a0\" \/>\n<meta property=\"og:url\" content=\"https:\/\/fitnsweet.eu\/lv\/produkts-2\/premium-mom-mia-zero-merce-240ml-2\/\" \/>\n<meta property=\"og:site_name\" content=\"Fitnsweet.eu\" \/>\n<meta property=\"article:modified_time\" content=\"2025-07-21T06:37:20+00:00\" \/>\n<meta property=\"og:image\" content=\"https:\/\/fitnsweet.eu\/wp-content\/uploads\/2021\/10\/gq_mammamia_premium_honeymustard_front.png\" \/>\n\t<meta property=\"og:image:width\" content=\"1600\" \/>\n\t<meta property=\"og:image:height\" content=\"1600\" \/>\n\t<meta property=\"og:image:type\" content=\"image\/png\" \/>\n<meta name=\"twitter:card\" content=\"summary_large_image\" \/>\n<meta name=\"twitter:label1\" content=\"Est. reading time\" \/>\n\t<meta name=\"twitter:data1\" content=\"2 min\u016btes\" \/>\n<script type=\"application\/ld+json\" class=\"yoast-schema-graph\">{\"@context\":\"https:\/\/schema.org\",\"@graph\":[{\"@type\":\"WebPage\",\"@id\":\"https:\/\/fitnsweet.eu\/produktas\/premium-mamma-mia-zero-padazas-240ml\/\",\"url\":\"https:\/\/fitnsweet.eu\/produktas\/premium-mamma-mia-zero-padazas-240ml\/\",\"name\":\"Premium Mamma Mia Zero pada\u017eas (240ml) - Fitnsweet.eu\",\"isPartOf\":{\"@id\":\"https:\/\/fitnsweet.eu\/#website\"},\"primaryImageOfPage\":{\"@id\":\"https:\/\/fitnsweet.eu\/produktas\/premium-mamma-mia-zero-padazas-240ml\/#primaryimage\"},\"image\":{\"@id\":\"https:\/\/fitnsweet.eu\/produktas\/premium-mamma-mia-zero-padazas-240ml\/#primaryimage\"},\"thumbnailUrl\":\"https:\/\/fitnsweet.eu\/wp-content\/uploads\/2021\/10\/gq_mammamia_premium_honeymustard_front.png\",\"datePublished\":\"2021-10-05T02:49:27+00:00\",\"dateModified\":\"2025-07-21T06:37:20+00:00\",\"breadcrumb\":{\"@id\":\"https:\/\/fitnsweet.eu\/produktas\/premium-mamma-mia-zero-padazas-240ml\/#breadcrumb\"},\"inLanguage\":\"lv-LV\",\"potentialAction\":[{\"@type\":\"ReadAction\",\"target\":[\"https:\/\/fitnsweet.eu\/produktas\/premium-mamma-mia-zero-padazas-240ml\/\"]}]},{\"@type\":\"ImageObject\",\"inLanguage\":\"lv-LV\",\"@id\":\"https:\/\/fitnsweet.eu\/produktas\/premium-mamma-mia-zero-padazas-240ml\/#primaryimage\",\"url\":\"https:\/\/fitnsweet.eu\/wp-content\/uploads\/2021\/10\/gq_mammamia_premium_honeymustard_front.png\",\"contentUrl\":\"https:\/\/fitnsweet.eu\/wp-content\/uploads\/2021\/10\/gq_mammamia_premium_honeymustard_front.png\",\"width\":1600,\"height\":1600},{\"@type\":\"BreadcrumbList\",\"@id\":\"https:\/\/fitnsweet.eu\/produktas\/premium-mamma-mia-zero-padazas-240ml\/#breadcrumb\",\"itemListElement\":[{\"@type\":\"ListItem\",\"position\":1,\"name\":\"Home\",\"item\":\"https:\/\/fitnsweet.eu\/\"},{\"@type\":\"ListItem\",\"position\":2,\"name\":\"Produktai\",\"item\":\"https:\/\/fitnsweet.eu\/parduotuve\/\"},{\"@type\":\"ListItem\",\"position\":3,\"name\":\"Premium Mamma Mia Zero pada\u017eas (240ml)\"}]},{\"@type\":\"WebSite\",\"@id\":\"https:\/\/fitnsweet.eu\/#website\",\"url\":\"https:\/\/fitnsweet.eu\/\",\"name\":\"Fitnsweet.eu\",\"description\":\"Sveika. Saldu. Naudinga.\",\"potentialAction\":[{\"@type\":\"SearchAction\",\"target\":{\"@type\":\"EntryPoint\",\"urlTemplate\":\"https:\/\/fitnsweet.eu\/?s={search_term_string}\"},\"query-input\":{\"@type\":\"PropertyValueSpecification\",\"valueRequired\":true,\"valueName\":\"search_term_string\"}}],\"inLanguage\":\"lv-LV\"}]}<\/script>\n<!-- \/ Yoast SEO plugin. -->","yoast_head_json":{"title":"Premium Mamma Mia Zero m\u0113rce (240ml) - Fitnsweet.eu","robots":{"index":"index","follow":"follow","max-snippet":"max-snippet:-1","max-image-preview":"max-image-preview:large","max-video-preview":"max-video-preview:-1"},"canonical":"https:\/\/fitnsweet.eu\/lv\/produkts-2\/premium-mom-mia-zero-merce-240ml-2\/","og_locale":"lv_LV","og_type":"article","og_title":"Premium Mamma Mia Zero pada\u017eas (240ml) - Fitnsweet.eu","og_description":"Su m\u016bs\u0173\u00a0ma\u017eai cukraus\u00a0turin\u010diais\u00a0ir ma\u017eai kaloringais auk\u0161\u010diausios kokyb\u0117s \u201eMamma Mia Zero\u201c pada\u017eais valgymas be jokios s\u0105\u017ein\u0117s grau\u017eaties pakyla \u012f nauj\u0105 lyg\u012f! Dar auk\u0161tesn\u0117 Premium kokyb\u0117 ir dar geresn\u0117 sud\u0117tis!  Nesvarbu, ar tai b\u016bt\u0173 m\u0117sa, \u017euvis, m\u0117sainiai, salotos - m\u016bs\u0173 \u201ePremium Zero\u201c pada\u017eai garantuoja 100% nat\u016braliai skan\u0173 malonum\u0105 su auk\u0161\u010diausia maistine verte\u00a0ir\u00a0be prid\u0117tini\u0173 cukr\u0173!   Suma\u017eintas kalorij\u0173 ir cukraus kiekis  Ma\u017eai riebal\u0173  Be prid\u0117tini\u0173 cukr\u0173  Tik nat\u016bral\u016bs skoniai  Tinka prie so\u010di\u0173 patiekal\u0173  N\u0117ra sintetini\u0173 skonio stiprikli\u0173.\u00a0  Grynasis kiekis: 240ml  \"Mamma mia premium\u201d pada\u017eas, pagamintas Vokietijoje i\u0161 auk\u0161\u010diausios kokyb\u0117s med\u017eiag\u0173, u\u017etikrina saug\u0173 vartojim\u0105.\u00a0","og_url":"https:\/\/fitnsweet.eu\/lv\/produkts-2\/premium-mom-mia-zero-merce-240ml-2\/","og_site_name":"Fitnsweet.eu","article_modified_time":"2025-07-21T06:37:20+00:00","og_image":[{"width":1600,"height":1600,"url":"https:\/\/fitnsweet.eu\/wp-content\/uploads\/2021\/10\/gq_mammamia_premium_honeymustard_front.png","type":"image\/png"}],"twitter_card":"summary_large_image","twitter_misc":{"Est. reading time":"2 min\u016btes"},"schema":{"@context":"https:\/\/schema.org","@graph":[{"@type":"WebPage","@id":"https:\/\/fitnsweet.eu\/produktas\/premium-mamma-mia-zero-padazas-240ml\/","url":"https:\/\/fitnsweet.eu\/produktas\/premium-mamma-mia-zero-padazas-240ml\/","name":"Premium Mamma Mia Zero m\u0113rce (240ml) - Fitnsweet.eu","isPartOf":{"@id":"https:\/\/fitnsweet.eu\/#website"},"primaryImageOfPage":{"@id":"https:\/\/fitnsweet.eu\/produktas\/premium-mamma-mia-zero-padazas-240ml\/#primaryimage"},"image":{"@id":"https:\/\/fitnsweet.eu\/produktas\/premium-mamma-mia-zero-padazas-240ml\/#primaryimage"},"thumbnailUrl":"https:\/\/fitnsweet.eu\/wp-content\/uploads\/2021\/10\/gq_mammamia_premium_honeymustard_front.png","datePublished":"2021-10-05T02:49:27+00:00","dateModified":"2025-07-21T06:37:20+00:00","breadcrumb":{"@id":"https:\/\/fitnsweet.eu\/produktas\/premium-mamma-mia-zero-padazas-240ml\/#breadcrumb"},"inLanguage":"lv-LV","potentialAction":[{"@type":"ReadAction","target":["https:\/\/fitnsweet.eu\/produktas\/premium-mamma-mia-zero-padazas-240ml\/"]}]},{"@type":"ImageObject","inLanguage":"lv-LV","@id":"https:\/\/fitnsweet.eu\/produktas\/premium-mamma-mia-zero-padazas-240ml\/#primaryimage","url":"https:\/\/fitnsweet.eu\/wp-content\/uploads\/2021\/10\/gq_mammamia_premium_honeymustard_front.png","contentUrl":"https:\/\/fitnsweet.eu\/wp-content\/uploads\/2021\/10\/gq_mammamia_premium_honeymustard_front.png","width":1600,"height":1600},{"@type":"BreadcrumbList","@id":"https:\/\/fitnsweet.eu\/produktas\/premium-mamma-mia-zero-padazas-240ml\/#breadcrumb","itemListElement":[{"@type":"ListItem","position":1,"name":"Home","item":"https:\/\/fitnsweet.eu\/"},{"@type":"ListItem","position":2,"name":"Produktai","item":"https:\/\/fitnsweet.eu\/parduotuve\/"},{"@type":"ListItem","position":3,"name":"Premium Mamma Mia Zero pada\u017eas (240ml)"}]},{"@type":"WebSite","@id":"https:\/\/fitnsweet.eu\/#website","url":"https:\/\/fitnsweet.eu\/","name":"Fitnsweet.eu","description":"Sveiki. Salds. Noder\u012bgi.","potentialAction":[{"@type":"SearchAction","target":{"@type":"EntryPoint","urlTemplate":"https:\/\/fitnsweet.eu\/?s={search_term_string}"},"query-input":{"@type":"PropertyValueSpecification","valueRequired":true,"valueName":"search_term_string"}}],"inLanguage":"lv-LV"}]}},"_links":{"self":[{"href":"https:\/\/fitnsweet.eu\/lv\/wp-json\/wp\/v2\/product\/27785","targetHints":{"allow":["GET"]}}],"collection":[{"href":"https:\/\/fitnsweet.eu\/lv\/wp-json\/wp\/v2\/product"}],"about":[{"href":"https:\/\/fitnsweet.eu\/lv\/wp-json\/wp\/v2\/types\/product"}],"replies":[{"embeddable":true,"href":"https:\/\/fitnsweet.eu\/lv\/wp-json\/wp\/v2\/comments?post=27785"}],"version-history":[{"count":2,"href":"https:\/\/fitnsweet.eu\/lv\/wp-json\/wp\/v2\/product\/27785\/revisions"}],"predecessor-version":[{"id":46238,"href":"https:\/\/fitnsweet.eu\/lv\/wp-json\/wp\/v2\/product\/27785\/revisions\/46238"}],"wp:featuredmedia":[{"embeddable":true,"href":"https:\/\/fitnsweet.eu\/lv\/wp-json\/wp\/v2\/media\/27786"}],"wp:attachment":[{"href":"https:\/\/fitnsweet.eu\/lv\/wp-json\/wp\/v2\/media?parent=27785"}],"wp:term":[{"taxonomy":"product_brand","embeddable":true,"href":"https:\/\/fitnsweet.eu\/lv\/wp-json\/wp\/v2\/product_brand?post=27785"},{"taxonomy":"product_cat","embeddable":true,"href":"https:\/\/fitnsweet.eu\/lv\/wp-json\/wp\/v2\/product_cat?post=27785"},{"taxonomy":"product_tag","embeddable":true,"href":"https:\/\/fitnsweet.eu\/lv\/wp-json\/wp\/v2\/product_tag?post=27785"}],"curies":[{"name":"wp","href":"https:\/\/api.w.org\/{rel}","templated":true}]}}