{"id":28059,"date":"2021-11-04T21:40:59","date_gmt":"2021-11-04T19:40:59","guid":{"rendered":"https:\/\/fitnsweet.eu\/?post_type=product&#038;p=28059"},"modified":"2023-04-16T12:19:09","modified_gmt":"2023-04-16T09:19:09","slug":"omega-3-su-vitamins-d3-k2-240-kapsula-2","status":"publish","type":"product","link":"https:\/\/fitnsweet.eu\/lv\/produkts-2\/omega-3-su-vitamins-d3-k2-240-kapsula-2\/","title":{"rendered":"Vitam\u012bna D3 + K2 komplekss (120 kapsulas)"},"content":{"rendered":"<p style=\"text-align: left; padding-left: 40px;\"><strong><span style=\"color: #993366;\">KAS IR GYMQUEEN VITAM\u012aNS D3 + K2 KAPSULAS?<\/span><\/strong><\/p>\n<p><span style=\"color: #000000;\">Vitam\u012bns D3 + K2 kapsulas pal\u012bdz apmierin\u0101t ikdienas D3 un K2 vitam\u012bna vajadz\u012bbas. D3 vitam\u012bns, pla\u0161i paz\u012bstamais &quot;saules vitam\u012bns&quot;, pal\u012bdz uztur\u0113t\u00a0<strong>norm\u0101la im\u016bnsist\u0113ma<\/strong>\u00a0un\u00a0<strong>norm\u0101la musku\u013cu darb\u012bba<\/strong>\u00a0. Turkl\u0101t D3 vitam\u012bns, \u012bpa\u0161i kombin\u0101cij\u0101 ar K2 vitam\u012bnu, ir svar\u012bgs\u00a0<strong>norm\u0101lai kaulu darb\u012bbai<\/strong> atbalst\u012bt.\u00a0<\/span><\/p>\n<h4><span style=\"color: #993366;\">KAM TINKA VITAMINO D3 + K2 KAPSUL\u0116S?<\/span><\/h4>\n<p><span style=\"color: #000000;\">\u0160\u012bs kapsulas ir piem\u0113rotas ikvienam, kur\u0161 v\u0113las apmierin\u0101t savas ikdienas vajadz\u012bbas p\u0113c D3 un K2 vitam\u012bna. Unik\u0101l\u0101 kombin\u0101cija ar K2 vitam\u012bnu nodro\u0161ina optim\u0101lu D3 vitam\u012bna izmanto\u0161anu organism\u0101. Jo K2 vitam\u012bns aktiviz\u0113 divus prote\u012bnus, kas ir atbild\u012bgi par kalcija izmanto\u0161anu asin\u012bs. Ja \u0161ie prote\u012bni ir neakt\u012bvi un kalcija izmanto\u0161ana ir trauc\u0113ta, ar\u012b D3 vitam\u012bns var netikt izmantots optim\u0101li. T\u0101p\u0113c K2 vitam\u012bns ir \u013coti svar\u012bgs D3 vitam\u012bna lieto\u0161an\u0101.<\/span><\/p>\n<dl class=\"block\">\n<dd><span style=\"color: #000000;\"><strong><span style=\"color: #ff99cc;\">Ieteicam\u0101 deva: <span style=\"color: #000000;\">lietot vienu kapsulu ned\u0113\u013c\u0101 kop\u0101 ar \u0113dienu un \u016bdeni.<\/span><\/span><\/strong><\/span><\/dd>\n<dd><span style=\"color: #000000;\"><span style=\"color: #ff99cc;\"><strong>Uzglab\u0101\u0161ana: <\/strong><\/span>Glab\u0101jiet produktu v\u0113s\u0101, saus\u0101, b\u0113rniem nepieejam\u0101 viet\u0101.<\/span><\/dd>\n<dd><span style=\"color: #000000;\"><strong><span style=\"color: #ff99cc;\">Neto svars:<\/span> 45,6<\/strong>\u00a0g (120 kapsulas)<\/span><\/dd>\n<dd><span style=\"color: #000000;\"><strong><span style=\"color: #ff99cc;\">Piez\u012bme:<\/span>\u00a0<\/strong>nevajadz\u0113tu p\u0101rsniegt ieteicamo dienas devu. Nelietojiet uztura bag\u0101tin\u0101t\u0101jus k\u0101 l\u012bdzsvarotu un daudzveid\u012bgu uzturu. Sarg\u0101t no b\u0113rniem.<\/span><\/dd>\n<\/dl>\n<p><span style=\"color: #000000;\"><strong><span style=\"color: #ff99cc;\">Sast\u0101vs:\u00a0 <\/span><\/strong><span style=\"color: #ff99cc;\"><span style=\"color: #000000;\">Pildviela: mikrokrist\u0101lisk\u0101 celuloze; \u017delat\u012bns, D3 vitam\u012bns, K2 vitam\u012bns, lipin\u0101t\u0101js: magnija stear\u0101ts, sil\u012bcija dioks\u012bds.<\/span><\/span><\/span><\/p>\n<p><span style=\"color: #000000;\"><span style=\"color: #ff99cc;\"><strong>Galven\u0101 viela\/akt\u012bv\u0101 viela: <\/strong><span style=\"color: #000000;\">D3 vitam\u012bns (holekalciferols), vitam\u012bns K2.\u00a0<\/span><\/span><\/span><\/p>\n<table class=\"table--nutrition-facts\">\n<thead>\n<tr>\n<th>VITAM\u012aNI<\/th>\n<th>UZ 100\u00a0G<\/th>\n<th class=\"text-right\">DIENAS DIENA (1 KAPSULA)<\/th>\n<\/tr>\n<\/thead>\n<tbody>\n<tr>\n<td>D3 vitam\u012bns<\/td>\n<td>36 842,00 mkg<\/td>\n<td class=\"text-right\">\u00a0 \u00a0 \u00a0 \u00a0 \u00a0 \u00a0 \u00a0 \u00a0 141,23 \u00b5g<\/td>\n<\/tr>\n<\/tbody>\n<\/table>\n<p>&nbsp;<\/p>\n<table class=\"table--nutrition-facts\">\n<thead>\n<tr>\n<th style=\"width: 168px;\">S\u012aK\u0100KA INFORM\u0100CIJA<\/th>\n<th style=\"width: 64px;\">UZ 100\u00a0G<\/th>\n<th class=\"text-right\" style=\"width: 162px;\">DIENAS DIENA (1 KAPSULA)<\/th>\n<\/tr>\n<\/thead>\n<tbody>\n<tr>\n<td class=\"text--left\" style=\"width: 168px;\">K2 vitam\u012bns<\/td>\n<td class=\"text--right\" style=\"width: 64px;\"><\/td>\n<td class=\"text--right\" style=\"width: 162px;\">\u00a0 \u00a0 \u00a0 \u00a0 \u00a0 \u00a0 \u00a0 \u00a0 \u017d200 \u00b5g<\/td>\n<\/tr>\n<\/tbody>\n<\/table>\n<p><small><strong>Uzturv\u0113rt\u012bba:<\/strong>\u00a0Inform\u0101cija attiecas uz D3+K2 vitam\u012bna produktu (120 kapsulas).<\/small><\/p>\n<p><span style=\"color: #000000;\"><small class=\"hide-for-small\">** Uzturvielu atsauces v\u0113rt\u012bbu (NRV) procentu\u0101l\u0101 da\u013ca saska\u0146\u0101 ar Regulu (ES) Nr. 182\/2011. 1169\/2011.<\/small><\/span><\/p>\n<p><span style=\"color: #000000;\"><span style=\"color: #ff99cc;\">Ra\u017eot\u0101js:<\/span> V\u0101cija<\/span><\/p>","protected":false},"excerpt":{"rendered":"<p><span style=\"color: #000000;\">Kuram gan nepat\u012bk silta saules gaisma uz savas \u0101das? &quot;Gada pel\u0113kajos m\u0113ne\u0161os&quot; saule diem\u017e\u0113l ne\u0161\u0137iet tik bie\u017ei, t\u0101p\u0113c daudzi cie\u0161 no saules vitam\u012bna D vitam\u012bna defic\u012bta. Lai uztur\u0113tu sp\u0113c\u012bgu im\u016bnsist\u0113mu* un norm\u0101lu musku\u013cu darb\u012bbu*, iesak\u0101m ieg\u0101d\u0101ties m\u016bsu GYMQUEEN vitam\u012bna D3 + K2 kapsulas.<\/span><\/p>\n<p><span style=\"color: #000000;\">\u0160\u012b ide\u0101l\u0101 vitam\u012bnu kombin\u0101cija uztur\u0113s j\u016bs form\u0101 aukstaj\u0101 sezon\u0101!<\/span><\/p>\n<p><span style=\"color: #000000;\">Stiprai im\u016bnsist\u0113mai, sp\u0113c\u012bgai musku\u013cu darb\u012bbai un stipriem kauliem*<\/span><br \/>\n<span style=\"color: #000000;\">140 \u00b5g D3 vitam\u012bna \u2013 saules vitam\u012bna<\/span><br \/>\n<span style=\"color: #000000;\">200 \u00b5g K2 vitam\u012bna ir ide\u0101la vitam\u012bnu kombin\u0101cija.<\/span><\/p>\n<p><span style=\"color: #000000;\">V\u0101cij\u0101 ra\u017eoti vitam\u012bni no augst\u0101k\u0101s kvalit\u0101tes materi\u0101liem nodro\u0161ina dro\u0161u pat\u0113ri\u0146u.\u00a0<\/span><\/p>\n<p><span style=\"color: #000000;\">Neto daudzums ir 120 kapsulas (viena kapsula ned\u0113\u013c\u0101).<\/span><\/p>","protected":false},"featured_media":30904,"comment_status":"open","ping_status":"closed","template":"","meta":{"site-sidebar-layout":"default","site-content-layout":"","ast-site-content-layout":"default","site-content-style":"default","site-sidebar-style":"default","ast-global-header-display":"","ast-banner-title-visibility":"","ast-main-header-display":"","ast-hfb-above-header-display":"","ast-hfb-below-header-display":"","ast-hfb-mobile-header-display":"","site-post-title":"","ast-breadcrumbs-content":"","ast-featured-img":"","footer-sml-layout":"","ast-disable-related-posts":"","theme-transparent-header-meta":"","adv-header-id-meta":"","stick-header-meta":"","header-above-stick-meta":"","header-main-stick-meta":"","header-below-stick-meta":"","astra-migrate-meta-layouts":"default","ast-page-background-enabled":"default","ast-page-background-meta":{"desktop":{"background-color":"var(--ast-global-color-4)","background-image":"","background-repeat":"repeat","background-position":"center center","background-size":"auto","background-attachment":"scroll","background-type":"","background-media":"","overlay-type":"","overlay-color":"","overlay-opacity":"","overlay-gradient":""},"tablet":{"background-color":"","background-image":"","background-repeat":"repeat","background-position":"center center","background-size":"auto","background-attachment":"scroll","background-type":"","background-media":"","overlay-type":"","overlay-color":"","overlay-opacity":"","overlay-gradient":""},"mobile":{"background-color":"","background-image":"","background-repeat":"repeat","background-position":"center center","background-size":"auto","background-attachment":"scroll","background-type":"","background-media":"","overlay-type":"","overlay-color":"","overlay-opacity":"","overlay-gradient":""}},"ast-content-background-meta":{"desktop":{"background-color":"var(--ast-global-color-5)","background-image":"","background-repeat":"repeat","background-position":"center center","background-size":"auto","background-attachment":"scroll","background-type":"","background-media":"","overlay-type":"","overlay-color":"","overlay-opacity":"","overlay-gradient":""},"tablet":{"background-color":"var(--ast-global-color-5)","background-image":"","background-repeat":"repeat","background-position":"center center","background-size":"auto","background-attachment":"scroll","background-type":"","background-media":"","overlay-type":"","overlay-color":"","overlay-opacity":"","overlay-gradient":""},"mobile":{"background-color":"var(--ast-global-color-5)","background-image":"","background-repeat":"repeat","background-position":"center center","background-size":"auto","background-attachment":"scroll","background-type":"","background-media":"","overlay-type":"","overlay-color":"","overlay-opacity":"","overlay-gradient":""}}},"product_brand":[],"product_cat":[387,383,384,365,345,13,319],"product_tag":[17,353,352,255,253],"class_list":{"0":"post-28059","1":"product","2":"type-product","3":"status-publish","4":"has-post-thumbnail","6":"product_cat-visi-produktai","7":"product_cat-vitaminai","8":"product_cat-vitaminai-ir-mineralai","9":"product_cat-ispardavimas","10":"product_cat-vitaminai-kapsulemis","11":"product_cat-httpfitnsweet-ltprodukto-kategorijagymqueen","12":"product_cat-veganiskas-pasirinkimas","13":"product_tag-fitnsweet","14":"product_tag-k2","15":"product_tag-kapsules","16":"product_tag-omega-3","17":"product_tag-vitaminai","18":"desktop-align-left","19":"tablet-align-left","20":"mobile-align-left","22":"first","23":"outofstock","24":"sale","25":"taxable","26":"shipping-taxable","27":"purchasable","28":"product-type-simple"},"yoast_head":"<!-- This site is optimized with the Yoast SEO plugin v26.9 - https:\/\/yoast.com\/product\/yoast-seo-wordpress\/ -->\n<title>Vitamin\u0173 D3 + K2 kompleksas (120 kapsuli\u0173) - Fitnsweet.eu<\/title>\n<meta name=\"robots\" content=\"index, follow, max-snippet:-1, max-image-preview:large, max-video-preview:-1\" \/>\n<link rel=\"canonical\" href=\"https:\/\/fitnsweet.eu\/lv\/produkts-2\/omega-3-su-vitamins-d3-k2-240-kapsula-2\/\" \/>\n<meta property=\"og:locale\" content=\"lv_LV\" \/>\n<meta property=\"og:type\" content=\"article\" \/>\n<meta property=\"og:title\" content=\"Vitamin\u0173 D3 + K2 kompleksas (120 kapsuli\u0173) - Fitnsweet.eu\" \/>\n<meta property=\"og:description\" content=\"Kas nem\u0117gsta \u0161ilt\u0173 saul\u0117s spinduli\u0173 ant savo odos? \u201ePilkaisiais met\u0173 m\u0117nesiais\u201c saul\u0117, deja, pasirodo ne taip da\u017enai, tod\u0117l daugelis \u017emoni\u0173 ken\u010dia nuo vitamino D \u2013 saul\u0117s vitamino \u2013 tr\u016bkumo. Kad ir toliau b\u016bt\u0173 stipri imunin\u0117 sistema* ir normali raumen\u0173 veikla* , patariame \u012fsigyti m\u016bs\u0173 GYMQUEEN vitamino D3+K2 kapsules.  \u0160is idealus vitamin\u0173 derinys palaikys j\u016bs\u0173 form\u0105 \u0161altuoju met\u0173 laiku!  Stipriai imuninei sistemai , stipriai raumen\u0173 funkcijai ir tvirtiems kaulams * 140 \u00b5g vitamino D3 \u2013 saul\u0117s vitamino 200 \u00b5g vitamino K2 idealus vitamin\u0173 derinys.  Vitaminai pagaminti Vokietijoje, i\u0161 auk\u0161\u010diausios kokyb\u0117s med\u017eiag\u0173, u\u017etikrina saug\u0173 vartojim\u0105.\u00a0  Grynasis kiekis - 120 kapsuli\u0173 ( viena kapsul\u0117 per savait\u0119).\" \/>\n<meta property=\"og:url\" content=\"https:\/\/fitnsweet.eu\/lv\/produkts-2\/omega-3-su-vitamins-d3-k2-240-kapsula-2\/\" \/>\n<meta property=\"og:site_name\" content=\"Fitnsweet.eu\" \/>\n<meta property=\"article:modified_time\" content=\"2023-04-16T09:19:09+00:00\" \/>\n<meta property=\"og:image\" content=\"https:\/\/fitnsweet.eu\/wp-content\/uploads\/2021\/11\/gq_vitamind3k2_front-1.png\" \/>\n\t<meta property=\"og:image:width\" content=\"1600\" \/>\n\t<meta property=\"og:image:height\" content=\"1600\" \/>\n\t<meta property=\"og:image:type\" content=\"image\/png\" \/>\n<meta name=\"twitter:card\" content=\"summary_large_image\" \/>\n<meta name=\"twitter:label1\" content=\"Est. reading time\" \/>\n\t<meta name=\"twitter:data1\" content=\"1 min\u016bte\" \/>\n<script type=\"application\/ld+json\" class=\"yoast-schema-graph\">{\"@context\":\"https:\/\/schema.org\",\"@graph\":[{\"@type\":\"WebPage\",\"@id\":\"https:\/\/fitnsweet.eu\/produktas\/omega-3-su-vitaminais-d3-k2-120-kapsuliu\/\",\"url\":\"https:\/\/fitnsweet.eu\/produktas\/omega-3-su-vitaminais-d3-k2-120-kapsuliu\/\",\"name\":\"Vitamin\u0173 D3 + K2 kompleksas (120 kapsuli\u0173) - Fitnsweet.eu\",\"isPartOf\":{\"@id\":\"https:\/\/fitnsweet.eu\/#website\"},\"primaryImageOfPage\":{\"@id\":\"https:\/\/fitnsweet.eu\/produktas\/omega-3-su-vitaminais-d3-k2-120-kapsuliu\/#primaryimage\"},\"image\":{\"@id\":\"https:\/\/fitnsweet.eu\/produktas\/omega-3-su-vitaminais-d3-k2-120-kapsuliu\/#primaryimage\"},\"thumbnailUrl\":\"https:\/\/fitnsweet.eu\/wp-content\/uploads\/2021\/11\/gq_vitamind3k2_front-1.png\",\"datePublished\":\"2021-11-04T19:40:59+00:00\",\"dateModified\":\"2023-04-16T09:19:09+00:00\",\"breadcrumb\":{\"@id\":\"https:\/\/fitnsweet.eu\/produktas\/omega-3-su-vitaminais-d3-k2-120-kapsuliu\/#breadcrumb\"},\"inLanguage\":\"lv-LV\",\"potentialAction\":[{\"@type\":\"ReadAction\",\"target\":[\"https:\/\/fitnsweet.eu\/produktas\/omega-3-su-vitaminais-d3-k2-120-kapsuliu\/\"]}]},{\"@type\":\"ImageObject\",\"inLanguage\":\"lv-LV\",\"@id\":\"https:\/\/fitnsweet.eu\/produktas\/omega-3-su-vitaminais-d3-k2-120-kapsuliu\/#primaryimage\",\"url\":\"https:\/\/fitnsweet.eu\/wp-content\/uploads\/2021\/11\/gq_vitamind3k2_front-1.png\",\"contentUrl\":\"https:\/\/fitnsweet.eu\/wp-content\/uploads\/2021\/11\/gq_vitamind3k2_front-1.png\",\"width\":1600,\"height\":1600},{\"@type\":\"BreadcrumbList\",\"@id\":\"https:\/\/fitnsweet.eu\/produktas\/omega-3-su-vitaminais-d3-k2-120-kapsuliu\/#breadcrumb\",\"itemListElement\":[{\"@type\":\"ListItem\",\"position\":1,\"name\":\"Home\",\"item\":\"https:\/\/fitnsweet.eu\/\"},{\"@type\":\"ListItem\",\"position\":2,\"name\":\"Produktai\",\"item\":\"https:\/\/fitnsweet.eu\/parduotuve\/\"},{\"@type\":\"ListItem\",\"position\":3,\"name\":\"Vitamin\u0173 D3 + K2 kompleksas (120 kapsuli\u0173)\"}]},{\"@type\":\"WebSite\",\"@id\":\"https:\/\/fitnsweet.eu\/#website\",\"url\":\"https:\/\/fitnsweet.eu\/\",\"name\":\"Fitnsweet.eu\",\"description\":\"Sveika. Saldu. Naudinga.\",\"potentialAction\":[{\"@type\":\"SearchAction\",\"target\":{\"@type\":\"EntryPoint\",\"urlTemplate\":\"https:\/\/fitnsweet.eu\/?s={search_term_string}\"},\"query-input\":{\"@type\":\"PropertyValueSpecification\",\"valueRequired\":true,\"valueName\":\"search_term_string\"}}],\"inLanguage\":\"lv-LV\"}]}<\/script>\n<!-- \/ Yoast SEO plugin. -->","yoast_head_json":{"title":"Vitamin\u0173 D3 + K2 kompleksas (120 kapsuli\u0173) - Fitnsweet.eu","robots":{"index":"index","follow":"follow","max-snippet":"max-snippet:-1","max-image-preview":"max-image-preview:large","max-video-preview":"max-video-preview:-1"},"canonical":"https:\/\/fitnsweet.eu\/lv\/produkts-2\/omega-3-su-vitamins-d3-k2-240-kapsula-2\/","og_locale":"lv_LV","og_type":"article","og_title":"Vitamin\u0173 D3 + K2 kompleksas (120 kapsuli\u0173) - Fitnsweet.eu","og_description":"Kas nem\u0117gsta \u0161ilt\u0173 saul\u0117s spinduli\u0173 ant savo odos? \u201ePilkaisiais met\u0173 m\u0117nesiais\u201c saul\u0117, deja, pasirodo ne taip da\u017enai, tod\u0117l daugelis \u017emoni\u0173 ken\u010dia nuo vitamino D \u2013 saul\u0117s vitamino \u2013 tr\u016bkumo. Kad ir toliau b\u016bt\u0173 stipri imunin\u0117 sistema* ir normali raumen\u0173 veikla* , patariame \u012fsigyti m\u016bs\u0173 GYMQUEEN vitamino D3+K2 kapsules.  \u0160is idealus vitamin\u0173 derinys palaikys j\u016bs\u0173 form\u0105 \u0161altuoju met\u0173 laiku!  Stipriai imuninei sistemai , stipriai raumen\u0173 funkcijai ir tvirtiems kaulams * 140 \u00b5g vitamino D3 \u2013 saul\u0117s vitamino 200 \u00b5g vitamino K2 idealus vitamin\u0173 derinys.  Vitaminai pagaminti Vokietijoje, i\u0161 auk\u0161\u010diausios kokyb\u0117s med\u017eiag\u0173, u\u017etikrina saug\u0173 vartojim\u0105.\u00a0  Grynasis kiekis - 120 kapsuli\u0173 ( viena kapsul\u0117 per savait\u0119).","og_url":"https:\/\/fitnsweet.eu\/lv\/produkts-2\/omega-3-su-vitamins-d3-k2-240-kapsula-2\/","og_site_name":"Fitnsweet.eu","article_modified_time":"2023-04-16T09:19:09+00:00","og_image":[{"width":1600,"height":1600,"url":"https:\/\/fitnsweet.eu\/wp-content\/uploads\/2021\/11\/gq_vitamind3k2_front-1.png","type":"image\/png"}],"twitter_card":"summary_large_image","twitter_misc":{"Est. reading time":"1 min\u016bte"},"schema":{"@context":"https:\/\/schema.org","@graph":[{"@type":"WebPage","@id":"https:\/\/fitnsweet.eu\/produktas\/omega-3-su-vitaminais-d3-k2-120-kapsuliu\/","url":"https:\/\/fitnsweet.eu\/produktas\/omega-3-su-vitaminais-d3-k2-120-kapsuliu\/","name":"Vitamin\u0173 D3 + K2 kompleksas (120 kapsuli\u0173) - Fitnsweet.eu","isPartOf":{"@id":"https:\/\/fitnsweet.eu\/#website"},"primaryImageOfPage":{"@id":"https:\/\/fitnsweet.eu\/produktas\/omega-3-su-vitaminais-d3-k2-120-kapsuliu\/#primaryimage"},"image":{"@id":"https:\/\/fitnsweet.eu\/produktas\/omega-3-su-vitaminais-d3-k2-120-kapsuliu\/#primaryimage"},"thumbnailUrl":"https:\/\/fitnsweet.eu\/wp-content\/uploads\/2021\/11\/gq_vitamind3k2_front-1.png","datePublished":"2021-11-04T19:40:59+00:00","dateModified":"2023-04-16T09:19:09+00:00","breadcrumb":{"@id":"https:\/\/fitnsweet.eu\/produktas\/omega-3-su-vitaminais-d3-k2-120-kapsuliu\/#breadcrumb"},"inLanguage":"lv-LV","potentialAction":[{"@type":"ReadAction","target":["https:\/\/fitnsweet.eu\/produktas\/omega-3-su-vitaminais-d3-k2-120-kapsuliu\/"]}]},{"@type":"ImageObject","inLanguage":"lv-LV","@id":"https:\/\/fitnsweet.eu\/produktas\/omega-3-su-vitaminais-d3-k2-120-kapsuliu\/#primaryimage","url":"https:\/\/fitnsweet.eu\/wp-content\/uploads\/2021\/11\/gq_vitamind3k2_front-1.png","contentUrl":"https:\/\/fitnsweet.eu\/wp-content\/uploads\/2021\/11\/gq_vitamind3k2_front-1.png","width":1600,"height":1600},{"@type":"BreadcrumbList","@id":"https:\/\/fitnsweet.eu\/produktas\/omega-3-su-vitaminais-d3-k2-120-kapsuliu\/#breadcrumb","itemListElement":[{"@type":"ListItem","position":1,"name":"Home","item":"https:\/\/fitnsweet.eu\/"},{"@type":"ListItem","position":2,"name":"Produktai","item":"https:\/\/fitnsweet.eu\/parduotuve\/"},{"@type":"ListItem","position":3,"name":"Vitamin\u0173 D3 + K2 kompleksas (120 kapsuli\u0173)"}]},{"@type":"WebSite","@id":"https:\/\/fitnsweet.eu\/#website","url":"https:\/\/fitnsweet.eu\/","name":"Fitnsweet.eu","description":"Sveiki. Salds. Noder\u012bgi.","potentialAction":[{"@type":"SearchAction","target":{"@type":"EntryPoint","urlTemplate":"https:\/\/fitnsweet.eu\/?s={search_term_string}"},"query-input":{"@type":"PropertyValueSpecification","valueRequired":true,"valueName":"search_term_string"}}],"inLanguage":"lv-LV"}]}},"_links":{"self":[{"href":"https:\/\/fitnsweet.eu\/lv\/wp-json\/wp\/v2\/product\/28059","targetHints":{"allow":["GET"]}}],"collection":[{"href":"https:\/\/fitnsweet.eu\/lv\/wp-json\/wp\/v2\/product"}],"about":[{"href":"https:\/\/fitnsweet.eu\/lv\/wp-json\/wp\/v2\/types\/product"}],"replies":[{"embeddable":true,"href":"https:\/\/fitnsweet.eu\/lv\/wp-json\/wp\/v2\/comments?post=28059"}],"version-history":[{"count":1,"href":"https:\/\/fitnsweet.eu\/lv\/wp-json\/wp\/v2\/product\/28059\/revisions"}],"predecessor-version":[{"id":35559,"href":"https:\/\/fitnsweet.eu\/lv\/wp-json\/wp\/v2\/product\/28059\/revisions\/35559"}],"wp:featuredmedia":[{"embeddable":true,"href":"https:\/\/fitnsweet.eu\/lv\/wp-json\/wp\/v2\/media\/30904"}],"wp:attachment":[{"href":"https:\/\/fitnsweet.eu\/lv\/wp-json\/wp\/v2\/media?parent=28059"}],"wp:term":[{"taxonomy":"product_brand","embeddable":true,"href":"https:\/\/fitnsweet.eu\/lv\/wp-json\/wp\/v2\/product_brand?post=28059"},{"taxonomy":"product_cat","embeddable":true,"href":"https:\/\/fitnsweet.eu\/lv\/wp-json\/wp\/v2\/product_cat?post=28059"},{"taxonomy":"product_tag","embeddable":true,"href":"https:\/\/fitnsweet.eu\/lv\/wp-json\/wp\/v2\/product_tag?post=28059"}],"curies":[{"name":"wp","href":"https:\/\/api.w.org\/{rel}","templated":true}]}}