{"id":28333,"date":"2021-10-28T08:53:18","date_gmt":"2021-10-28T05:53:18","guid":{"rendered":"https:\/\/fitnsweet.eu\/?post_type=product&#038;p=28333"},"modified":"2025-05-26T18:50:03","modified_gmt":"2025-05-26T15:50:03","slug":"40-eiro-vertiba-davana-kupons-2","status":"publish","type":"product","link":"https:\/\/fitnsweet.eu\/lv\/produkts-2\/40-eiro-vertiba-davana-kupons-2\/","title":{"rendered":"40 \u20ac d\u0101vanu kupons"},"content":{"rendered":"","protected":false},"excerpt":{"rendered":"<p><span style=\"color: #000000;\">Vai mekl\u0113jat d\u0101vanas draugam, m\u012b\u013cotajam cilv\u0113kam, \u012bpa\u0161u gad\u012bjumu jums? <strong>Jau tagad vari ieg\u0101d\u0101ties Fitnsweet.eu D\u0100VANU KUPONU!<\/strong><\/span><\/p>\n<p><span style=\"color: #ff00ff;\"><strong>Tagad D\u0101vanu kuponam jau ir \u012bpa\u0161s Ziemassv\u0113tku dizains!<\/strong><\/span><\/p>\n<p><span style=\"color: #000000;\">T\u0101 b\u016bs lieliska d\u0101vana jebkuram gad\u012bjumam, jo cilv\u0113ks, kur\u0161 jums ir svar\u012bgs, var\u0113s izv\u0113l\u0113ties sev piem\u0113rotus produktus. Ar \u0161o kuponu var\u0113siet ieg\u0101d\u0101ties visas preces, kas jums piem\u0113rotas par nor\u0101d\u012bto summu.<\/span><\/p>\n<p><span style=\"color: #000000;\">D\u0101vanu sertifik\u0101ts tiek uzr\u0101d\u012bts \u012bpa\u0161\u0101 aploksn\u0113.<\/span><\/p>\n<p><span style=\"color: #000000;\">D\u0101vanu kartes ir neapmaks\u0101jamas skaidr\u0101 naud\u0101 un nav atmaks\u0101jamas. Ja ieg\u0101d\u0101to pre\u010du summa ir maz\u0101ka nek\u0101 d\u0101vanu kupon\u0101, starp\u012bba netiek atmaks\u0101ta. Ja summa ir liel\u0101ka, starp\u012bbu var samaks\u0101t p\u0113c pirkuma pa e-pastu. Veikal\u0101 www.fitnsweet.eu. Kupons ir der\u012bgs tikai pirkumiem e-past\u0101. Veikal\u0101 www.fitnsweet.eu<\/span><\/p>\n<p><span style=\"color: #000000;\">Kupona der\u012bguma termi\u0146\u0161 ir 3 m\u0113ne\u0161i<\/span>.<\/p>","protected":false},"featured_media":2700,"comment_status":"open","ping_status":"closed","template":"","meta":{"site-sidebar-layout":"default","site-content-layout":"default","ast-site-content-layout":"default","site-content-style":"default","site-sidebar-style":"default","ast-global-header-display":"","ast-banner-title-visibility":"","ast-main-header-display":"","ast-hfb-above-header-display":"","ast-hfb-below-header-display":"","ast-hfb-mobile-header-display":"","site-post-title":"","ast-breadcrumbs-content":"","ast-featured-img":"","footer-sml-layout":"","ast-disable-related-posts":"","theme-transparent-header-meta":"default","adv-header-id-meta":"","stick-header-meta":"","header-above-stick-meta":"","header-main-stick-meta":"","header-below-stick-meta":"","astra-migrate-meta-layouts":"default","ast-page-background-enabled":"default","ast-page-background-meta":{"desktop":{"background-color":"var(--ast-global-color-4)","background-image":"","background-repeat":"repeat","background-position":"center center","background-size":"auto","background-attachment":"scroll","background-type":"","background-media":"","overlay-type":"","overlay-color":"","overlay-opacity":"","overlay-gradient":""},"tablet":{"background-color":"","background-image":"","background-repeat":"repeat","background-position":"center center","background-size":"auto","background-attachment":"scroll","background-type":"","background-media":"","overlay-type":"","overlay-color":"","overlay-opacity":"","overlay-gradient":""},"mobile":{"background-color":"","background-image":"","background-repeat":"repeat","background-position":"center center","background-size":"auto","background-attachment":"scroll","background-type":"","background-media":"","overlay-type":"","overlay-color":"","overlay-opacity":"","overlay-gradient":""}},"ast-content-background-meta":{"desktop":{"background-color":"var(--ast-global-color-5)","background-image":"","background-repeat":"repeat","background-position":"center center","background-size":"auto","background-attachment":"scroll","background-type":"","background-media":"","overlay-type":"","overlay-color":"","overlay-opacity":"","overlay-gradient":""},"tablet":{"background-color":"var(--ast-global-color-5)","background-image":"","background-repeat":"repeat","background-position":"center center","background-size":"auto","background-attachment":"scroll","background-type":"","background-media":"","overlay-type":"","overlay-color":"","overlay-opacity":"","overlay-gradient":""},"mobile":{"background-color":"var(--ast-global-color-5)","background-image":"","background-repeat":"repeat","background-position":"center center","background-size":"auto","background-attachment":"scroll","background-type":"","background-media":"","overlay-type":"","overlay-color":"","overlay-opacity":"","overlay-gradient":""}}},"product_brand":[],"product_cat":[387,13],"product_tag":[],"class_list":{"0":"post-28333","1":"product","2":"type-product","3":"status-publish","4":"has-post-thumbnail","6":"product_cat-visi-produktai","7":"product_cat-httpfitnsweet-ltprodukto-kategorijagymqueen","8":"desktop-align-left","9":"tablet-align-left","10":"mobile-align-left","12":"first","13":"instock","14":"taxable","15":"shipping-taxable","16":"purchasable","17":"product-type-simple"},"yoast_head":"<!-- This site is optimized with the Yoast SEO plugin v26.9 - https:\/\/yoast.com\/product\/yoast-seo-wordpress\/ -->\n<title>40 eur\u0173 vert\u0117s dovan\u0173 kuponas - Fitnsweet.eu<\/title>\n<meta name=\"robots\" content=\"index, follow, max-snippet:-1, max-image-preview:large, max-video-preview:-1\" \/>\n<link rel=\"canonical\" href=\"https:\/\/fitnsweet.eu\/lv\/produkts-2\/40-eiro-vertiba-davana-kupons-2\/\" \/>\n<meta property=\"og:locale\" content=\"lv_LV\" \/>\n<meta property=\"og:type\" content=\"article\" \/>\n<meta property=\"og:title\" content=\"40 eur\u0173 vert\u0117s dovan\u0173 kuponas - Fitnsweet.eu\" \/>\n<meta property=\"og:description\" content=\"Ie\u0161kote dovan\u0173 draugei, artimui, Jums ypatingam \u017emogui svarbia proga? Jau galite \u012fsigyti Fitnsweet.eu DOVAN\u0172 KUPON\u0104!  Dabar Dovan\u0173 kuponas jau ir specialaus Kal\u0117dinio dizaino!  Tai bus puiki dovana bet kokia proga, nes Jums svarbus \u017emogus sau tinkan\u010dius gaminius gal\u0117s i\u0161sirinkti pats. Su \u0161iuo kuponu gal\u0117s \u012fsigyti bet koki\u0173, sau tinkan\u010di\u0173 preki\u0173 u\u017e nurodyt\u0105 sum\u0105.  Dovan\u0173 kuponas pateikiamas specialiame voke.  Dovan\u0173 kuponai \u012f pinigus nekei\u010diami ir negr\u0105\u017einami. Jei u\u017e dovan\u0173 kupon\u0105 \u012fsigijim\u0173 preki\u0173 suma yra ma\u017eesn\u0117, skirtumas negr\u0105\u017einamas. Jeigu suma yra didesn\u0117, skirtum\u0105 galima apmok\u0117ti po apsipirkimo el. Parduotuv\u0117je www.fitnsweet.eu. Kuponas galioja tik apsiperkant el. Parduotuv\u0117je www.fitnsweet.eu  Kuponas galioja 3 m\u0117nesius.\" \/>\n<meta property=\"og:url\" content=\"https:\/\/fitnsweet.eu\/lv\/produkts-2\/40-eiro-vertiba-davana-kupons-2\/\" \/>\n<meta property=\"og:site_name\" content=\"Fitnsweet.eu\" \/>\n<meta property=\"article:modified_time\" content=\"2025-05-26T15:50:03+00:00\" \/>\n<meta property=\"og:image\" content=\"https:\/\/fitnsweet.eu\/wp-content\/uploads\/2018\/07\/dovanu-kuponas2.jpg\" \/>\n\t<meta property=\"og:image:width\" content=\"640\" \/>\n\t<meta property=\"og:image:height\" content=\"480\" \/>\n\t<meta property=\"og:image:type\" content=\"image\/jpeg\" \/>\n<meta name=\"twitter:card\" content=\"summary_large_image\" \/>\n<script type=\"application\/ld+json\" class=\"yoast-schema-graph\">{\"@context\":\"https:\/\/schema.org\",\"@graph\":[{\"@type\":\"WebPage\",\"@id\":\"https:\/\/fitnsweet.eu\/produktas\/40-euru-vertes-dovanu-kuponas\/\",\"url\":\"https:\/\/fitnsweet.eu\/produktas\/40-euru-vertes-dovanu-kuponas\/\",\"name\":\"40 eur\u0173 vert\u0117s dovan\u0173 kuponas - Fitnsweet.eu\",\"isPartOf\":{\"@id\":\"https:\/\/fitnsweet.eu\/#website\"},\"primaryImageOfPage\":{\"@id\":\"https:\/\/fitnsweet.eu\/produktas\/40-euru-vertes-dovanu-kuponas\/#primaryimage\"},\"image\":{\"@id\":\"https:\/\/fitnsweet.eu\/produktas\/40-euru-vertes-dovanu-kuponas\/#primaryimage\"},\"thumbnailUrl\":\"https:\/\/fitnsweet.eu\/wp-content\/uploads\/2018\/07\/dovanu-kuponas2.jpg\",\"datePublished\":\"2021-10-28T05:53:18+00:00\",\"dateModified\":\"2025-05-26T15:50:03+00:00\",\"breadcrumb\":{\"@id\":\"https:\/\/fitnsweet.eu\/produktas\/40-euru-vertes-dovanu-kuponas\/#breadcrumb\"},\"inLanguage\":\"lv-LV\",\"potentialAction\":[{\"@type\":\"ReadAction\",\"target\":[\"https:\/\/fitnsweet.eu\/produktas\/40-euru-vertes-dovanu-kuponas\/\"]}]},{\"@type\":\"ImageObject\",\"inLanguage\":\"lv-LV\",\"@id\":\"https:\/\/fitnsweet.eu\/produktas\/40-euru-vertes-dovanu-kuponas\/#primaryimage\",\"url\":\"https:\/\/fitnsweet.eu\/wp-content\/uploads\/2018\/07\/dovanu-kuponas2.jpg\",\"contentUrl\":\"https:\/\/fitnsweet.eu\/wp-content\/uploads\/2018\/07\/dovanu-kuponas2.jpg\",\"width\":640,\"height\":480},{\"@type\":\"BreadcrumbList\",\"@id\":\"https:\/\/fitnsweet.eu\/produktas\/40-euru-vertes-dovanu-kuponas\/#breadcrumb\",\"itemListElement\":[{\"@type\":\"ListItem\",\"position\":1,\"name\":\"Home\",\"item\":\"https:\/\/fitnsweet.eu\/\"},{\"@type\":\"ListItem\",\"position\":2,\"name\":\"Produktai\",\"item\":\"https:\/\/fitnsweet.eu\/parduotuve\/\"},{\"@type\":\"ListItem\",\"position\":3,\"name\":\"40 eur\u0173 vert\u0117s dovan\u0173 kuponas\"}]},{\"@type\":\"WebSite\",\"@id\":\"https:\/\/fitnsweet.eu\/#website\",\"url\":\"https:\/\/fitnsweet.eu\/\",\"name\":\"Fitnsweet.eu\",\"description\":\"Sveika. Saldu. Naudinga.\",\"potentialAction\":[{\"@type\":\"SearchAction\",\"target\":{\"@type\":\"EntryPoint\",\"urlTemplate\":\"https:\/\/fitnsweet.eu\/?s={search_term_string}\"},\"query-input\":{\"@type\":\"PropertyValueSpecification\",\"valueRequired\":true,\"valueName\":\"search_term_string\"}}],\"inLanguage\":\"lv-LV\"}]}<\/script>\n<!-- \/ Yoast SEO plugin. -->","yoast_head_json":{"title":"40 eiro d\u0101vanu kupons - Fitnsweet.eu","robots":{"index":"index","follow":"follow","max-snippet":"max-snippet:-1","max-image-preview":"max-image-preview:large","max-video-preview":"max-video-preview:-1"},"canonical":"https:\/\/fitnsweet.eu\/lv\/produkts-2\/40-eiro-vertiba-davana-kupons-2\/","og_locale":"lv_LV","og_type":"article","og_title":"40 eur\u0173 vert\u0117s dovan\u0173 kuponas - Fitnsweet.eu","og_description":"Ie\u0161kote dovan\u0173 draugei, artimui, Jums ypatingam \u017emogui svarbia proga? Jau galite \u012fsigyti Fitnsweet.eu DOVAN\u0172 KUPON\u0104!  Dabar Dovan\u0173 kuponas jau ir specialaus Kal\u0117dinio dizaino!  Tai bus puiki dovana bet kokia proga, nes Jums svarbus \u017emogus sau tinkan\u010dius gaminius gal\u0117s i\u0161sirinkti pats. Su \u0161iuo kuponu gal\u0117s \u012fsigyti bet koki\u0173, sau tinkan\u010di\u0173 preki\u0173 u\u017e nurodyt\u0105 sum\u0105.  Dovan\u0173 kuponas pateikiamas specialiame voke.  Dovan\u0173 kuponai \u012f pinigus nekei\u010diami ir negr\u0105\u017einami. Jei u\u017e dovan\u0173 kupon\u0105 \u012fsigijim\u0173 preki\u0173 suma yra ma\u017eesn\u0117, skirtumas negr\u0105\u017einamas. Jeigu suma yra didesn\u0117, skirtum\u0105 galima apmok\u0117ti po apsipirkimo el. Parduotuv\u0117je www.fitnsweet.eu. Kuponas galioja tik apsiperkant el. Parduotuv\u0117je www.fitnsweet.eu  Kuponas galioja 3 m\u0117nesius.","og_url":"https:\/\/fitnsweet.eu\/lv\/produkts-2\/40-eiro-vertiba-davana-kupons-2\/","og_site_name":"Fitnsweet.eu","article_modified_time":"2025-05-26T15:50:03+00:00","og_image":[{"width":640,"height":480,"url":"https:\/\/fitnsweet.eu\/wp-content\/uploads\/2018\/07\/dovanu-kuponas2.jpg","type":"image\/jpeg"}],"twitter_card":"summary_large_image","schema":{"@context":"https:\/\/schema.org","@graph":[{"@type":"WebPage","@id":"https:\/\/fitnsweet.eu\/produktas\/40-euru-vertes-dovanu-kuponas\/","url":"https:\/\/fitnsweet.eu\/produktas\/40-euru-vertes-dovanu-kuponas\/","name":"40 eiro d\u0101vanu kupons - Fitnsweet.eu","isPartOf":{"@id":"https:\/\/fitnsweet.eu\/#website"},"primaryImageOfPage":{"@id":"https:\/\/fitnsweet.eu\/produktas\/40-euru-vertes-dovanu-kuponas\/#primaryimage"},"image":{"@id":"https:\/\/fitnsweet.eu\/produktas\/40-euru-vertes-dovanu-kuponas\/#primaryimage"},"thumbnailUrl":"https:\/\/fitnsweet.eu\/wp-content\/uploads\/2018\/07\/dovanu-kuponas2.jpg","datePublished":"2021-10-28T05:53:18+00:00","dateModified":"2025-05-26T15:50:03+00:00","breadcrumb":{"@id":"https:\/\/fitnsweet.eu\/produktas\/40-euru-vertes-dovanu-kuponas\/#breadcrumb"},"inLanguage":"lv-LV","potentialAction":[{"@type":"ReadAction","target":["https:\/\/fitnsweet.eu\/produktas\/40-euru-vertes-dovanu-kuponas\/"]}]},{"@type":"ImageObject","inLanguage":"lv-LV","@id":"https:\/\/fitnsweet.eu\/produktas\/40-euru-vertes-dovanu-kuponas\/#primaryimage","url":"https:\/\/fitnsweet.eu\/wp-content\/uploads\/2018\/07\/dovanu-kuponas2.jpg","contentUrl":"https:\/\/fitnsweet.eu\/wp-content\/uploads\/2018\/07\/dovanu-kuponas2.jpg","width":640,"height":480},{"@type":"BreadcrumbList","@id":"https:\/\/fitnsweet.eu\/produktas\/40-euru-vertes-dovanu-kuponas\/#breadcrumb","itemListElement":[{"@type":"ListItem","position":1,"name":"Home","item":"https:\/\/fitnsweet.eu\/"},{"@type":"ListItem","position":2,"name":"Produktai","item":"https:\/\/fitnsweet.eu\/parduotuve\/"},{"@type":"ListItem","position":3,"name":"40 eur\u0173 vert\u0117s dovan\u0173 kuponas"}]},{"@type":"WebSite","@id":"https:\/\/fitnsweet.eu\/#website","url":"https:\/\/fitnsweet.eu\/","name":"Fitnsweet.eu","description":"Sveiki. Salds. Noder\u012bgi.","potentialAction":[{"@type":"SearchAction","target":{"@type":"EntryPoint","urlTemplate":"https:\/\/fitnsweet.eu\/?s={search_term_string}"},"query-input":{"@type":"PropertyValueSpecification","valueRequired":true,"valueName":"search_term_string"}}],"inLanguage":"lv-LV"}]}},"_links":{"self":[{"href":"https:\/\/fitnsweet.eu\/lv\/wp-json\/wp\/v2\/product\/28333","targetHints":{"allow":["GET"]}}],"collection":[{"href":"https:\/\/fitnsweet.eu\/lv\/wp-json\/wp\/v2\/product"}],"about":[{"href":"https:\/\/fitnsweet.eu\/lv\/wp-json\/wp\/v2\/types\/product"}],"replies":[{"embeddable":true,"href":"https:\/\/fitnsweet.eu\/lv\/wp-json\/wp\/v2\/comments?post=28333"}],"version-history":[{"count":1,"href":"https:\/\/fitnsweet.eu\/lv\/wp-json\/wp\/v2\/product\/28333\/revisions"}],"predecessor-version":[{"id":54408,"href":"https:\/\/fitnsweet.eu\/lv\/wp-json\/wp\/v2\/product\/28333\/revisions\/54408"}],"wp:featuredmedia":[{"embeddable":true,"href":"https:\/\/fitnsweet.eu\/lv\/wp-json\/wp\/v2\/media\/2700"}],"wp:attachment":[{"href":"https:\/\/fitnsweet.eu\/lv\/wp-json\/wp\/v2\/media?parent=28333"}],"wp:term":[{"taxonomy":"product_brand","embeddable":true,"href":"https:\/\/fitnsweet.eu\/lv\/wp-json\/wp\/v2\/product_brand?post=28333"},{"taxonomy":"product_cat","embeddable":true,"href":"https:\/\/fitnsweet.eu\/lv\/wp-json\/wp\/v2\/product_cat?post=28333"},{"taxonomy":"product_tag","embeddable":true,"href":"https:\/\/fitnsweet.eu\/lv\/wp-json\/wp\/v2\/product_tag?post=28333"}],"curies":[{"name":"wp","href":"https:\/\/api.w.org\/{rel}","templated":true}]}}