{"id":28446,"date":"2021-11-02T04:52:02","date_gmt":"2021-11-02T01:52:02","guid":{"rendered":"https:\/\/fitnsweet.eu\/?post_type=product&#038;p=28446"},"modified":"2023-07-04T10:27:36","modified_gmt":"2023-07-04T07:27:36","slug":"ziemassvetku-degustacijas-laso-garsigu-pilienu-komplekts-2","status":"publish","type":"product","link":"https:\/\/fitnsweet.eu\/lv\/produkts-2\/ziemassvetku-degustacijas-laso-garsigu-pilienu-komplekts-2\/","title":{"rendered":"\u010cetru gar\u0161\u012bgu pilienu komplekts"},"content":{"rendered":"<h4><span style=\"color: #ff00ff;\">KAS IR GAR\u0160U PILIENI?<\/span><\/h4>\n<p><span style=\"color: #000000;\">Tasty Drops ir bezmaksas <strong>cukurs, tauki un kalorijas<\/strong>\u00a0arom\u0101tiski pilieni\u00a0<strong>bez kr\u0101sviel\u0101m<\/strong> , ko j\u016bs varat integr\u0113t sav\u0101 ikdienas dz\u012bv\u0113 da\u017e\u0101dos veidos. Vai biezpien\u0101, jogurt\u0101 vai savos dz\u0113rienos \u2013 izmantojot <strong>lieliskas gar\u0161as<\/strong>\u00a0j\u016bs varat rad\u012bt izcilu gar\u0161as pieredzi jebkur\u0101 laik\u0101 un viet\u0101.<\/span><\/p>\n<p><span style=\"color: #000000;\"><strong><span style=\"color: #ff99cc;\">Ieteicamais pat\u0113ri\u0146\u0161:<\/span>\u00a0<\/strong>5-10 pilieni 300 g \u0113diena.<\/span><\/p>\n<p><span style=\"color: #000000;\"><strong><span style=\"color: #ff99cc;\">Uzglab\u0101\u0161ana:<\/span>\u00a0<\/strong>Uzglab\u0101t v\u0113s\u0101, saus\u0101 viet\u0101. Sarg\u0101t no tie\u0161iem saules stariem.<\/span><\/p>\n<p><span style=\"color: #000000;\"><span style=\"color: #ff99cc;\"><strong>Neto tilpums: <\/strong><\/span>30 ml<\/span><\/p>\n<p><span style=\"color: #000000;\"><strong><span style=\"color: #ff99cc;\">Piez\u012bme:<\/span> pat\u0113r\u0113t <\/strong>\u0112dienam vai dz\u0113rienam; nelietot neat\u0161\u0137aid\u012btu.<\/span><\/p>\n<p style=\"text-align: left;\"><span style=\"color: #000000;\">Sast\u0101vs: \u016bdens, aromatiz\u0113t\u0101ji, saldin\u0101t\u0101js sukraloze.\u00a0<\/span><\/p>\n<p><span style=\"color: #000000;\">Lieto\u0161ana: Pudele satur apm\u0113ram 60 - 70 porcijas. Izmantojiet p\u0113c gar\u0161as.\u00a0<\/span><\/p>\n<p><span style=\"color: #000000;\">Der\u012bguma termi\u0146\u0161: nor\u0101d\u012bts uz iepakojuma.<\/span><\/p>\n<p><span style=\"color: #000000;\">Ra\u017eot\u0101js: V\u0101cija.<\/span><\/p>\n<p>&nbsp;<\/p>","protected":false},"excerpt":{"rendered":"<p><span style=\"color: #000000;\">\u010cetru Tasty drops aromatiz\u0113tu pilienu komplekts p\u0113c j\u016bsu izv\u0113les j\u016bs patie\u0161\u0101m iepriecin\u0101s un p\u0101rsteigs. Varb\u016bt paz\u012bsti k\u0101du draugu vai radinieku, kuram j\u0101samazina pat\u0113r\u0113t\u0101 cukura daudzums? Tie ir m\u016bsu gar\u0161as pilieni \u2013 saldin\u0101t\u0101ji b\u016bs lieliska d\u0101vana, lai veicin\u0101tu vesel\u012bg\u0101ku dz\u012bvi!<\/span><\/p>\n<p><span style=\"color: #000000;\">Komplekts jums jau ir iepakots un gatavs ziedot.\u00a0<\/span><\/p>\n<p><span style=\"color: #000000;\">Komplekts sast\u0101v no \u010detriem pilieniem pa 30 ml gar\u0161\u012bgu pilienu p\u0113c j\u016bsu izv\u0113les.\u00a0<\/span><\/p>","protected":false},"featured_media":28447,"comment_status":"open","ping_status":"closed","template":"","meta":{"site-sidebar-layout":"default","site-content-layout":"default","ast-site-content-layout":"default","site-content-style":"default","site-sidebar-style":"default","ast-global-header-display":"","ast-banner-title-visibility":"","ast-main-header-display":"","ast-hfb-above-header-display":"","ast-hfb-below-header-display":"","ast-hfb-mobile-header-display":"","site-post-title":"","ast-breadcrumbs-content":"","ast-featured-img":"","footer-sml-layout":"","ast-disable-related-posts":"","theme-transparent-header-meta":"default","adv-header-id-meta":"","stick-header-meta":"","header-above-stick-meta":"","header-main-stick-meta":"","header-below-stick-meta":"","astra-migrate-meta-layouts":"default","ast-page-background-enabled":"default","ast-page-background-meta":{"desktop":{"background-color":"var(--ast-global-color-4)","background-image":"","background-repeat":"repeat","background-position":"center center","background-size":"auto","background-attachment":"scroll","background-type":"","background-media":"","overlay-type":"","overlay-color":"","overlay-opacity":"","overlay-gradient":""},"tablet":{"background-color":"","background-image":"","background-repeat":"repeat","background-position":"center center","background-size":"auto","background-attachment":"scroll","background-type":"","background-media":"","overlay-type":"","overlay-color":"","overlay-opacity":"","overlay-gradient":""},"mobile":{"background-color":"","background-image":"","background-repeat":"repeat","background-position":"center center","background-size":"auto","background-attachment":"scroll","background-type":"","background-media":"","overlay-type":"","overlay-color":"","overlay-opacity":"","overlay-gradient":""}},"ast-content-background-meta":{"desktop":{"background-color":"var(--ast-global-color-5)","background-image":"","background-repeat":"repeat","background-position":"center center","background-size":"auto","background-attachment":"scroll","background-type":"","background-media":"","overlay-type":"","overlay-color":"","overlay-opacity":"","overlay-gradient":""},"tablet":{"background-color":"var(--ast-global-color-5)","background-image":"","background-repeat":"repeat","background-position":"center center","background-size":"auto","background-attachment":"scroll","background-type":"","background-media":"","overlay-type":"","overlay-color":"","overlay-opacity":"","overlay-gradient":""},"mobile":{"background-color":"var(--ast-global-color-5)","background-image":"","background-repeat":"repeat","background-position":"center center","background-size":"auto","background-attachment":"scroll","background-type":"","background-media":"","overlay-type":"","overlay-color":"","overlay-opacity":"","overlay-gradient":""}}},"product_brand":[],"product_cat":[396,393,378,395,387,343,13,112,148,320],"product_tag":[263,17,268,215,225,298],"class_list":{"0":"post-28446","1":"product","2":"type-product","3":"status-publish","4":"has-post-thumbnail","6":"product_cat-lieknejimui","7":"product_cat-rinkiniai","8":"product_cat-uzkandziai","9":"product_cat-veganiska-be-laktozes","10":"product_cat-visi-produktai","11":"product_cat-naujienos","12":"product_cat-httpfitnsweet-ltprodukto-kategorijagymqueen","13":"product_cat-gymqueen-figurai","14":"product_cat-gymqueen-rinkiniai","15":"product_cat-skonio-lasai-saldikliai","16":"product_tag-dovana","17":"product_tag-fitnsweet","18":"product_tag-kaledos","19":"product_tag-rinkinys","20":"product_tag-skonio-lasai","21":"product_tag-tasty-drops","22":"desktop-align-left","23":"tablet-align-left","24":"mobile-align-left","26":"first","27":"instock","28":"sale","29":"taxable","30":"shipping-taxable","31":"purchasable","32":"product-type-variable"},"yoast_head":"<!-- This site is optimized with the Yoast SEO plugin v26.9 - https:\/\/yoast.com\/product\/yoast-seo-wordpress\/ -->\n<title>Keturi\u0173 pakuo\u010di\u0173 skonio la\u0161\u0173 (Tasty drops) rinkinys - Fitnsweet.eu<\/title>\n<meta name=\"robots\" content=\"index, follow, max-snippet:-1, max-image-preview:large, max-video-preview:-1\" \/>\n<link rel=\"canonical\" href=\"https:\/\/fitnsweet.eu\/lv\/produkts-2\/ziemassvetku-degustacijas-laso-garsigu-pilienu-komplekts-2\/\" \/>\n<meta property=\"og:locale\" content=\"lv_LV\" \/>\n<meta property=\"og:type\" content=\"article\" \/>\n<meta property=\"og:title\" content=\"Keturi\u0173 pakuo\u010di\u0173 skonio la\u0161\u0173 (Tasty drops) rinkinys - Fitnsweet.eu\" \/>\n<meta property=\"og:description\" content=\"Keturi\u0173 J\u016bs\u0173 i\u0161sirinkt\u0173 Tasty drops skonio la\u0161\u0173 rinkinys tikrai labai nud\u017eiugins ir nustebins. Galb\u016bt \u017einai draug\u0119 ar artim\u0105 kuriam reikia ma\u017einti suvartojamo cukraus kiek\u012f? Tai m\u016bs\u0173 skonio la\u0161ai - saldikliai bus tobula dovana paskatinti gyventi sveikiau!  Rinkinys jau supakuotas u\u017e Jus ir paruo\u0161tas dovanoti.\u00a0  Rinkin\u012f sudaro - keturi J\u016bs\u0173 pasirinkt\u0173 skoni\u0173 Tasty drops la\u0161ai po 30 ml.\u00a0\" \/>\n<meta property=\"og:url\" content=\"https:\/\/fitnsweet.eu\/lv\/produkts-2\/ziemassvetku-degustacijas-laso-garsigu-pilienu-komplekts-2\/\" \/>\n<meta property=\"og:site_name\" content=\"Fitnsweet.eu\" \/>\n<meta property=\"article:modified_time\" content=\"2023-07-04T07:27:36+00:00\" \/>\n<meta property=\"og:image\" content=\"https:\/\/fitnsweet.eu\/wp-content\/uploads\/2021\/11\/DSC04591.jpg\" \/>\n\t<meta property=\"og:image:width\" content=\"1600\" \/>\n\t<meta property=\"og:image:height\" content=\"1067\" \/>\n\t<meta property=\"og:image:type\" content=\"image\/jpeg\" \/>\n<meta name=\"twitter:card\" content=\"summary_large_image\" \/>\n<meta name=\"twitter:label1\" content=\"Est. reading time\" \/>\n\t<meta name=\"twitter:data1\" content=\"1 min\u016bte\" \/>\n<script type=\"application\/ld+json\" class=\"yoast-schema-graph\">{\"@context\":\"https:\/\/schema.org\",\"@graph\":[{\"@type\":\"WebPage\",\"@id\":\"https:\/\/fitnsweet.eu\/produktas\/kalediniu-skoniu-lasu-tasty-drops-rinkinys\/\",\"url\":\"https:\/\/fitnsweet.eu\/produktas\/kalediniu-skoniu-lasu-tasty-drops-rinkinys\/\",\"name\":\"Keturi\u0173 pakuo\u010di\u0173 skonio la\u0161\u0173 (Tasty drops) rinkinys - Fitnsweet.eu\",\"isPartOf\":{\"@id\":\"https:\/\/fitnsweet.eu\/#website\"},\"primaryImageOfPage\":{\"@id\":\"https:\/\/fitnsweet.eu\/produktas\/kalediniu-skoniu-lasu-tasty-drops-rinkinys\/#primaryimage\"},\"image\":{\"@id\":\"https:\/\/fitnsweet.eu\/produktas\/kalediniu-skoniu-lasu-tasty-drops-rinkinys\/#primaryimage\"},\"thumbnailUrl\":\"https:\/\/fitnsweet.eu\/wp-content\/uploads\/2021\/11\/DSC04591.jpg\",\"datePublished\":\"2021-11-02T01:52:02+00:00\",\"dateModified\":\"2023-07-04T07:27:36+00:00\",\"breadcrumb\":{\"@id\":\"https:\/\/fitnsweet.eu\/produktas\/kalediniu-skoniu-lasu-tasty-drops-rinkinys\/#breadcrumb\"},\"inLanguage\":\"lv-LV\",\"potentialAction\":[{\"@type\":\"ReadAction\",\"target\":[\"https:\/\/fitnsweet.eu\/produktas\/kalediniu-skoniu-lasu-tasty-drops-rinkinys\/\"]}]},{\"@type\":\"ImageObject\",\"inLanguage\":\"lv-LV\",\"@id\":\"https:\/\/fitnsweet.eu\/produktas\/kalediniu-skoniu-lasu-tasty-drops-rinkinys\/#primaryimage\",\"url\":\"https:\/\/fitnsweet.eu\/wp-content\/uploads\/2021\/11\/DSC04591.jpg\",\"contentUrl\":\"https:\/\/fitnsweet.eu\/wp-content\/uploads\/2021\/11\/DSC04591.jpg\",\"width\":1600,\"height\":1067},{\"@type\":\"BreadcrumbList\",\"@id\":\"https:\/\/fitnsweet.eu\/produktas\/kalediniu-skoniu-lasu-tasty-drops-rinkinys\/#breadcrumb\",\"itemListElement\":[{\"@type\":\"ListItem\",\"position\":1,\"name\":\"Home\",\"item\":\"https:\/\/fitnsweet.eu\/\"},{\"@type\":\"ListItem\",\"position\":2,\"name\":\"Produktai\",\"item\":\"https:\/\/fitnsweet.eu\/parduotuve\/\"},{\"@type\":\"ListItem\",\"position\":3,\"name\":\"Keturi\u0173 pakuo\u010di\u0173 skonio la\u0161\u0173 (Tasty drops) rinkinys\"}]},{\"@type\":\"WebSite\",\"@id\":\"https:\/\/fitnsweet.eu\/#website\",\"url\":\"https:\/\/fitnsweet.eu\/\",\"name\":\"Fitnsweet.eu\",\"description\":\"Sveika. Saldu. Naudinga.\",\"potentialAction\":[{\"@type\":\"SearchAction\",\"target\":{\"@type\":\"EntryPoint\",\"urlTemplate\":\"https:\/\/fitnsweet.eu\/?s={search_term_string}\"},\"query-input\":{\"@type\":\"PropertyValueSpecification\",\"valueRequired\":true,\"valueName\":\"search_term_string\"}}],\"inLanguage\":\"lv-LV\"}]}<\/script>\n<!-- \/ Yoast SEO plugin. -->","yoast_head_json":{"title":"\u010cetru iepakojumu gar\u0161\u012bgu pilienu komplekts (Tasty drops) - Fitnsweet.eu","robots":{"index":"index","follow":"follow","max-snippet":"max-snippet:-1","max-image-preview":"max-image-preview:large","max-video-preview":"max-video-preview:-1"},"canonical":"https:\/\/fitnsweet.eu\/lv\/produkts-2\/ziemassvetku-degustacijas-laso-garsigu-pilienu-komplekts-2\/","og_locale":"lv_LV","og_type":"article","og_title":"Keturi\u0173 pakuo\u010di\u0173 skonio la\u0161\u0173 (Tasty drops) rinkinys - Fitnsweet.eu","og_description":"Keturi\u0173 J\u016bs\u0173 i\u0161sirinkt\u0173 Tasty drops skonio la\u0161\u0173 rinkinys tikrai labai nud\u017eiugins ir nustebins. Galb\u016bt \u017einai draug\u0119 ar artim\u0105 kuriam reikia ma\u017einti suvartojamo cukraus kiek\u012f? Tai m\u016bs\u0173 skonio la\u0161ai - saldikliai bus tobula dovana paskatinti gyventi sveikiau!  Rinkinys jau supakuotas u\u017e Jus ir paruo\u0161tas dovanoti.\u00a0  Rinkin\u012f sudaro - keturi J\u016bs\u0173 pasirinkt\u0173 skoni\u0173 Tasty drops la\u0161ai po 30 ml.\u00a0","og_url":"https:\/\/fitnsweet.eu\/lv\/produkts-2\/ziemassvetku-degustacijas-laso-garsigu-pilienu-komplekts-2\/","og_site_name":"Fitnsweet.eu","article_modified_time":"2023-07-04T07:27:36+00:00","og_image":[{"width":1600,"height":1067,"url":"https:\/\/fitnsweet.eu\/wp-content\/uploads\/2021\/11\/DSC04591.jpg","type":"image\/jpeg"}],"twitter_card":"summary_large_image","twitter_misc":{"Est. reading time":"1 min\u016bte"},"schema":{"@context":"https:\/\/schema.org","@graph":[{"@type":"WebPage","@id":"https:\/\/fitnsweet.eu\/produktas\/kalediniu-skoniu-lasu-tasty-drops-rinkinys\/","url":"https:\/\/fitnsweet.eu\/produktas\/kalediniu-skoniu-lasu-tasty-drops-rinkinys\/","name":"\u010cetru iepakojumu gar\u0161\u012bgu pilienu komplekts (Tasty drops) - Fitnsweet.eu","isPartOf":{"@id":"https:\/\/fitnsweet.eu\/#website"},"primaryImageOfPage":{"@id":"https:\/\/fitnsweet.eu\/produktas\/kalediniu-skoniu-lasu-tasty-drops-rinkinys\/#primaryimage"},"image":{"@id":"https:\/\/fitnsweet.eu\/produktas\/kalediniu-skoniu-lasu-tasty-drops-rinkinys\/#primaryimage"},"thumbnailUrl":"https:\/\/fitnsweet.eu\/wp-content\/uploads\/2021\/11\/DSC04591.jpg","datePublished":"2021-11-02T01:52:02+00:00","dateModified":"2023-07-04T07:27:36+00:00","breadcrumb":{"@id":"https:\/\/fitnsweet.eu\/produktas\/kalediniu-skoniu-lasu-tasty-drops-rinkinys\/#breadcrumb"},"inLanguage":"lv-LV","potentialAction":[{"@type":"ReadAction","target":["https:\/\/fitnsweet.eu\/produktas\/kalediniu-skoniu-lasu-tasty-drops-rinkinys\/"]}]},{"@type":"ImageObject","inLanguage":"lv-LV","@id":"https:\/\/fitnsweet.eu\/produktas\/kalediniu-skoniu-lasu-tasty-drops-rinkinys\/#primaryimage","url":"https:\/\/fitnsweet.eu\/wp-content\/uploads\/2021\/11\/DSC04591.jpg","contentUrl":"https:\/\/fitnsweet.eu\/wp-content\/uploads\/2021\/11\/DSC04591.jpg","width":1600,"height":1067},{"@type":"BreadcrumbList","@id":"https:\/\/fitnsweet.eu\/produktas\/kalediniu-skoniu-lasu-tasty-drops-rinkinys\/#breadcrumb","itemListElement":[{"@type":"ListItem","position":1,"name":"Home","item":"https:\/\/fitnsweet.eu\/"},{"@type":"ListItem","position":2,"name":"Produktai","item":"https:\/\/fitnsweet.eu\/parduotuve\/"},{"@type":"ListItem","position":3,"name":"Keturi\u0173 pakuo\u010di\u0173 skonio la\u0161\u0173 (Tasty drops) rinkinys"}]},{"@type":"WebSite","@id":"https:\/\/fitnsweet.eu\/#website","url":"https:\/\/fitnsweet.eu\/","name":"Fitnsweet.eu","description":"Sveiki. Salds. Noder\u012bgi.","potentialAction":[{"@type":"SearchAction","target":{"@type":"EntryPoint","urlTemplate":"https:\/\/fitnsweet.eu\/?s={search_term_string}"},"query-input":{"@type":"PropertyValueSpecification","valueRequired":true,"valueName":"search_term_string"}}],"inLanguage":"lv-LV"}]}},"_links":{"self":[{"href":"https:\/\/fitnsweet.eu\/lv\/wp-json\/wp\/v2\/product\/28446","targetHints":{"allow":["GET"]}}],"collection":[{"href":"https:\/\/fitnsweet.eu\/lv\/wp-json\/wp\/v2\/product"}],"about":[{"href":"https:\/\/fitnsweet.eu\/lv\/wp-json\/wp\/v2\/types\/product"}],"replies":[{"embeddable":true,"href":"https:\/\/fitnsweet.eu\/lv\/wp-json\/wp\/v2\/comments?post=28446"}],"version-history":[{"count":2,"href":"https:\/\/fitnsweet.eu\/lv\/wp-json\/wp\/v2\/product\/28446\/revisions"}],"predecessor-version":[{"id":36325,"href":"https:\/\/fitnsweet.eu\/lv\/wp-json\/wp\/v2\/product\/28446\/revisions\/36325"}],"wp:featuredmedia":[{"embeddable":true,"href":"https:\/\/fitnsweet.eu\/lv\/wp-json\/wp\/v2\/media\/28447"}],"wp:attachment":[{"href":"https:\/\/fitnsweet.eu\/lv\/wp-json\/wp\/v2\/media?parent=28446"}],"wp:term":[{"taxonomy":"product_brand","embeddable":true,"href":"https:\/\/fitnsweet.eu\/lv\/wp-json\/wp\/v2\/product_brand?post=28446"},{"taxonomy":"product_cat","embeddable":true,"href":"https:\/\/fitnsweet.eu\/lv\/wp-json\/wp\/v2\/product_cat?post=28446"},{"taxonomy":"product_tag","embeddable":true,"href":"https:\/\/fitnsweet.eu\/lv\/wp-json\/wp\/v2\/product_tag?post=28446"}],"curies":[{"name":"wp","href":"https:\/\/api.w.org\/{rel}","templated":true}]}}