{"id":31486,"date":"2022-06-13T07:29:57","date_gmt":"2022-06-13T04:29:57","guid":{"rendered":"https:\/\/fitnsweet.eu\/?post_type=product&#038;p=31486"},"modified":"2025-12-15T01:36:03","modified_gmt":"2025-12-14T23:36:03","slug":"surios-caramel-mamma-mia-zero-souse-2","status":"publish","type":"product","link":"https:\/\/fitnsweet.eu\/lv\/produkts-2\/surios-caramel-mamma-mia-zero-souse-2\/","title":{"rendered":"Siera karame\u013cu MAMMA MIA ZERO m\u0113rce"},"content":{"rendered":"<h4 style=\"padding-left: 40px;\"><span style=\"color: #ff99cc;\">KAS IR SWEET MAMMA MIA ZERO M\u0112RCES?<\/span><\/h4>\n<p><span style=\"color: #000000;\">Samazin\u0101tas kalorijas Mamma Mia Zero m\u0113rces ir oblig\u0101tas j\u016bsu virtuv\u0113! Neatkar\u012bgi no t\u0101, vai tas ir sald\u0113jums, k\u016bka vai citi deserti, Mamma Mia Zero m\u0113rces pace\u013c katra \u0113diena gar\u0161u jaun\u0101 l\u012bmen\u012b. Ar\u012b m\u0113rc\u0113s\u00a0<strong>bez pievienota cukura*<\/strong>\u00a0un\u00a0<strong>tauki, \u0101rk\u0101rt\u012bgi maz og\u013chidr\u0101tu.\u00a0<\/strong><\/span><\/p>\n<h4><span style=\"color: #ff99cc;\">KAM PAREDZ\u0112TAS SWEET MAMMA MIA ZERO M\u0112RCES?<\/span><\/h4>\n<p><span style=\"color: #000000;\">Mamma Mia Zero m\u0113rces ir ide\u0101las, ja v\u0113laties sav\u0101m \u0113dienreiz\u0113m pie\u0161\u0137irt papildu gar\u0161u bez pievienot\u0101m kalorij\u0101m vai cukura, ja v\u0113laties samazin\u0101t kaloriju pat\u0113ri\u0146u, izvairoties no kalorij\u0101m bag\u0101t\u0101m m\u0113rc\u0113m.<\/span><\/p>\n<p><span style=\"color: #000000;\"><strong><span style=\"color: #ff99cc;\">Ieteikums lieto\u0161anai<\/span>: <\/strong>izmantot p\u0113c vajadz\u012bbas.<\/span><\/p>\n<p><span style=\"color: #000000;\"><span style=\"color: #ff99cc;\"><strong>Uzglab\u0101\u0161ana:\u00a0<\/strong><\/span>Uzglab\u0101t v\u0113s\u0101, saus\u0101, tum\u0161\u0101 viet\u0101.<\/span><\/p>\n<p><span style=\"color: #000000;\"><strong><span style=\"color: #ff99cc;\">Nosaukums:<\/span>\u00a0<\/strong>Aromatiz\u0113ta mazkaloriju deserta m\u0113rce. Ar gar\u0161u un saldin\u0101t\u0101ju.<\/span><\/p>\n<p><span style=\"color: #000000;\"><strong><span style=\"color: #ff99cc;\">Neto svars:<\/span>\u00a0<\/strong>0,265 l<\/span><\/p>\n<p>Izcelsmes valsts - V\u0101cija.<\/p>\n<p><span style=\"color: #ff99cc;\"><strong>Sast\u0101vs:<\/strong><\/span><span style=\"color: #000000;\">\u016bdens, izomalts, modific\u0113ta kukur\u016bzas ciete, dab\u012bgs arom\u0101ts, sk\u0101buma regul\u0113t\u0101js: piensk\u0101be; Kr\u0101svielas: karamele, lute\u012bns, tit\u0101na dioks\u012bds; s\u0101ls, konservanti: k\u0101lija sorb\u0101ts, n\u0101trija benzo\u0101ts; biezin\u0101t\u0101ji: celulozes sve\u0137i, ksant\u0101na sve\u0137i; Arom\u0101ts, saldin\u0101t\u0101js: sukraloze.<\/span><\/p>\n<p><span style=\"color: #000000;\"><span style=\"color: #ff99cc;\"><strong>Iesp\u0113jas:<\/strong><\/span>Ar cukuru(-iem), saldin\u0101t\u0101ju(-iem), konservantu(-iem), arom\u0101tu(-iem), biezin\u0101t\u0101ju(-iem), kr\u0101svielu(-\u0101m).<\/span><\/p>\n<table class=\"table--nutrition-facts\">\n<thead>\n<tr>\n<th><\/th>\n<th><span style=\"color: #000000;\">100 ml<\/span><\/th>\n<th class=\"text-right\"><span style=\"color: #000000;\">OST\u0100<\/span><\/th>\n<th class=\"text-right nutrition-table__per-serving\"><span style=\"color: #000000;\">% RPN * VIENA PORCIJA<\/span><\/th>\n<\/tr>\n<\/thead>\n<tbody>\n<tr>\n<td><span style=\"color: #000000;\">ener\u0123\u0113tisk\u0101 v\u0113rt\u012bba<\/span><\/td>\n<td><span style=\"color: #000000;\"><span class=\"db\">129,79 kj\/<\/span><span class=\"db\">31,00 kcal<\/span><\/span><\/td>\n<td class=\"text-right\"><span style=\"color: #000000;\"><span class=\"db\">19,47 kj\/<\/span><span class=\"db\">4,65 kcal<\/span><\/span><\/td>\n<td class=\"text-right nutrition-table__per-serving\"><span style=\"color: #000000;\">0,23 %<\/span><\/td>\n<\/tr>\n<tr>\n<td><span style=\"color: #000000;\">Tauki<\/span><\/td>\n<td><span style=\"color: #000000;\">0,50 g<\/span><\/td>\n<td class=\"text-right\"><span style=\"color: #000000;\">0,08 g<\/span><\/td>\n<td class=\"text-right nutrition-table__per-serving\"><span style=\"color: #000000;\">0,11 %<\/span><\/td>\n<\/tr>\n<tr class=\"sub-item\">\n<td><span style=\"color: #000000;\">\u00a0no tiem: pies\u0101tin\u0101t\u0101s tauksk\u0101bes<\/span><\/td>\n<td><span style=\"color: #000000;\">0,10g<\/span><\/td>\n<td class=\"text-right\"><span style=\"color: #000000;\">0,02 g<\/span><\/td>\n<td class=\"text-right nutrition-table__per-serving\"><span style=\"color: #000000;\">0,10 %<\/span><\/td>\n<\/tr>\n<tr>\n<td><span style=\"color: #000000;\">og\u013chidr\u0101ti<\/span><\/td>\n<td><span style=\"color: #000000;\">9,10 g<\/span><\/td>\n<td class=\"text-right\"><span style=\"color: #000000;\">1,37 g<\/span><\/td>\n<td class=\"text-right nutrition-table__per-serving\"><span style=\"color: #000000;\">0,53 %<\/span><\/td>\n<\/tr>\n<tr class=\"sub-item\">\n<td><span style=\"color: #000000;\">\u00a0no kuriem cukuri<\/span><\/td>\n<td><span style=\"color: #000000;\">0,50 g<\/span><\/td>\n<td class=\"text-right\"><span style=\"color: #000000;\">0,08 g<\/span><\/td>\n<td class=\"text-right nutrition-table__per-serving\"><span style=\"color: #000000;\">0,09 %<\/span><\/td>\n<\/tr>\n<tr>\n<td><span style=\"color: #000000;\">olbaltumvielas<\/span><\/td>\n<td><span style=\"color: #000000;\">0,50 g<\/span><\/td>\n<td class=\"text-right\"><span style=\"color: #000000;\">0,08 g<\/span><\/td>\n<td class=\"text-right nutrition-table__per-serving\"><span style=\"color: #000000;\">0,16 %<\/span><\/td>\n<\/tr>\n<tr>\n<td><span style=\"color: #000000;\">S\u0101\u013ci<\/span><\/td>\n<td><span style=\"color: #000000;\">0,22 g<\/span><\/td>\n<td class=\"text-right\"><span style=\"color: #000000;\">0,03 g<\/span><\/td>\n<td class=\"text-right nutrition-table__per-serving\"><span style=\"color: #000000;\">0,50 %<\/span><\/td>\n<\/tr>\n<\/tbody>\n<\/table>\n<p><span style=\"color: #000000;\"><small class=\"hide-for-small nutrition-table__per-serving\">* Atsauces likme vid\u0113jam pieaugu\u0161ajam (8400 kJ \/ 2000 kcal).<\/small><\/span><\/p>","protected":false},"excerpt":{"rendered":"<p><strong><span style=\"color: #ff00ff;\">JAUNUMS PRODUKTU diapazon\u0101!<\/span><\/strong><\/p>\n<p><span style=\"color: #000000;\">Vai v\u0113laties saviem iecien\u012bt\u0101kajiem \u0113dieniem pievienot papildu saldumu? Tad m\u016bsu jaun\u0101 sald\u0101 Mamma Mia Zero m\u0113rce no GYMQUEEN ar \u0101rk\u0101rt\u012bgi gardu s\u0101\u013c\u0101s karameles gar\u0161u ir ide\u0101li piem\u0113rota jums. Ar \u0161o s\u0101l\u012bto karame\u013cu m\u0113rci saldumm\u012b\u013ci var baud\u012bt lielisku gar\u0161u bez pievienot\u0101m kalorij\u0101m vai cukura.<\/span><\/p>\n<p><span style=\"color: #000000;\">M\u0113rce vislab\u0101k sader ar sald\u0113jumu, svaigiem aug\u013ciem, k\u016bk\u0101m vai jebkuru citu desertu. Ieg\u016bstiet savu iecien\u012bt\u0101ko s\u0101l\u012bt\u0101s karameles gar\u0161u tagad un nekad vairs nepalieciet bez salduma!<\/span><\/p>\n<ul>\n<li><span style=\"color: #000000;\">\u0112dienu saldin\u0101\u0161anai un uzlabo\u0161anai;<\/span><\/li>\n<li><span style=\"color: #000000;\">Samazin\u0101ts kaloriju saturs;<\/span><\/li>\n<li><span style=\"color: #000000;\">Bez cukura;<\/span><\/li>\n<li><span style=\"color: #000000;\">Nav tauku.<\/span><\/li>\n<\/ul>\n<p><span style=\"color: #000000;\">Neto daudzums \u2013 265ml.\u00a0<\/span><\/p>\n<p><span style=\"color: #000000; font-family: 'Hind Madurai', Helvetica, Arial, Lucida, sans-serif; font-size: 15px;\">Mamma Mia sald\u0101 m\u0113rce, kas ra\u017eota V\u0101cij\u0101 no augst\u0101k\u0101s kvalit\u0101tes materi\u0101liem, nodro\u0161ina dro\u0161u pat\u0113ri\u0146u.\u00a0<\/span><\/p>","protected":false},"featured_media":31487,"comment_status":"open","ping_status":"closed","template":"","meta":{"site-sidebar-layout":"default","site-content-layout":"default","ast-site-content-layout":"default","site-content-style":"default","site-sidebar-style":"default","ast-global-header-display":"","ast-banner-title-visibility":"","ast-main-header-display":"","ast-hfb-above-header-display":"","ast-hfb-below-header-display":"","ast-hfb-mobile-header-display":"","site-post-title":"","ast-breadcrumbs-content":"","ast-featured-img":"","footer-sml-layout":"","ast-disable-related-posts":"","theme-transparent-header-meta":"default","adv-header-id-meta":"","stick-header-meta":"","header-above-stick-meta":"","header-main-stick-meta":"","header-below-stick-meta":"","astra-migrate-meta-layouts":"set","ast-page-background-enabled":"default","ast-page-background-meta":{"desktop":{"background-color":"var(--ast-global-color-4)","background-image":"","background-repeat":"repeat","background-position":"center center","background-size":"auto","background-attachment":"scroll","background-type":"","background-media":"","overlay-type":"","overlay-color":"","overlay-opacity":"","overlay-gradient":""},"tablet":{"background-color":"","background-image":"","background-repeat":"repeat","background-position":"center center","background-size":"auto","background-attachment":"scroll","background-type":"","background-media":"","overlay-type":"","overlay-color":"","overlay-opacity":"","overlay-gradient":""},"mobile":{"background-color":"","background-image":"","background-repeat":"repeat","background-position":"center center","background-size":"auto","background-attachment":"scroll","background-type":"","background-media":"","overlay-type":"","overlay-color":"","overlay-opacity":"","overlay-gradient":""}},"ast-content-background-meta":{"desktop":{"background-color":"var(--ast-global-color-5)","background-image":"","background-repeat":"repeat","background-position":"center center","background-size":"auto","background-attachment":"scroll","background-type":"","background-media":"","overlay-type":"","overlay-color":"","overlay-opacity":"","overlay-gradient":""},"tablet":{"background-color":"var(--ast-global-color-5)","background-image":"","background-repeat":"repeat","background-position":"center center","background-size":"auto","background-attachment":"scroll","background-type":"","background-media":"","overlay-type":"","overlay-color":"","overlay-opacity":"","overlay-gradient":""},"mobile":{"background-color":"var(--ast-global-color-5)","background-image":"","background-repeat":"repeat","background-position":"center center","background-size":"auto","background-attachment":"scroll","background-type":"","background-media":"","overlay-type":"","overlay-color":"","overlay-opacity":"","overlay-gradient":""}}},"product_brand":[],"product_cat":[386,380,378,387,344,365,113,321,13,112,114,318],"product_tag":[],"class_list":{"0":"post-31486","1":"product","2":"type-product","3":"status-publish","4":"has-post-thumbnail","6":"product_cat-ispardavimas-2","7":"product_cat-sokoladiniai-kremai-uogienes","8":"product_cat-uzkandziai","9":"product_cat-visi-produktai","10":"product_cat-be-laktozes","11":"product_cat-ispardavimas","12":"product_cat-gymqueen-baltyminiai-saldesiai","13":"product_cat-energija-efektyvumas","14":"product_cat-httpfitnsweet-ltprodukto-kategorijagymqueen","15":"product_cat-gymqueen-figurai","16":"product_cat-gymqueen-sportui","17":"product_cat-padazai-be-kcal","18":"desktop-align-left","19":"tablet-align-left","20":"mobile-align-left","22":"first","23":"instock","24":"featured","25":"taxable","26":"shipping-taxable","27":"purchasable","28":"product-type-simple"},"yoast_head":"<!-- This site is optimized with the Yoast SEO plugin v26.9 - https:\/\/yoast.com\/product\/yoast-seo-wordpress\/ -->\n<title>S\u016brios karamel\u0117s MAMMA MIA ZERO pada\u017eas - Fitnsweet.eu<\/title>\n<meta name=\"robots\" content=\"index, follow, max-snippet:-1, max-image-preview:large, max-video-preview:-1\" \/>\n<link rel=\"canonical\" href=\"https:\/\/fitnsweet.eu\/lv\/produkts-2\/surios-caramel-mamma-mia-zero-souse-2\/\" \/>\n<meta property=\"og:locale\" content=\"lv_LV\" \/>\n<meta property=\"og:type\" content=\"article\" \/>\n<meta property=\"og:title\" content=\"S\u016brios karamel\u0117s MAMMA MIA ZERO pada\u017eas - Fitnsweet.eu\" \/>\n<meta property=\"og:description\" content=\"NAUJIENA GAMINI\u0172 ASORTIMENTE!  Ar nor\u0117tum\u0117te savo m\u0117gstamiems patiekalams suteikti papildomo saldumo? Tada Jums idealiai tiks m\u016bs\u0173 naujasis saldus Mamma Mia Zero pada\u017eas i\u0161 GYMQUEEN su itin skaniu s\u016brios karamel\u0117s skoniu. Su \u0161iuo s\u016brios karamel\u0117s pada\u017eu sald\u0117si\u0173 m\u0117g\u0117jai gali m\u0117gautis puikiu skoniu be joki\u0173 papildom\u0173 kalorij\u0173 ar cukr\u0173.  Pada\u017eas geriausiai dera su ledais, \u0161vie\u017eiais vaisiais, pyragais ar bet kokiu kitu desertu. Griebkite savo m\u0117gstam\u0105 s\u016brios karamel\u0117s skon\u012f dabar ir daugiau niekada neapsieikite be sald\u017ei\u0173 skan\u0117st\u0173!   Patiekalams saldinti ir rafinuoti;  Suma\u017eintas kalorij\u0173 kiekis;  Be cukraus;  Be riebal\u0173.  Grynasis kiekis - 265ml.\u00a0  Saldus Mamma Mia pada\u017eas, pagamintas Vokietijoje i\u0161 auk\u0161\u010diausios kokyb\u0117s med\u017eiag\u0173, u\u017etikrina saug\u0173 vartojim\u0105.\u00a0\" \/>\n<meta property=\"og:url\" content=\"https:\/\/fitnsweet.eu\/lv\/produkts-2\/surios-caramel-mamma-mia-zero-souse-2\/\" \/>\n<meta property=\"og:site_name\" content=\"Fitnsweet.eu\" \/>\n<meta property=\"article:modified_time\" content=\"2025-12-14T23:36:03+00:00\" \/>\n<meta property=\"og:image\" content=\"https:\/\/fitnsweet.eu\/wp-content\/uploads\/2022\/06\/gq_karamell_shadow.png\" \/>\n\t<meta property=\"og:image:width\" content=\"1600\" \/>\n\t<meta property=\"og:image:height\" content=\"1600\" \/>\n\t<meta property=\"og:image:type\" content=\"image\/png\" \/>\n<meta name=\"twitter:card\" content=\"summary_large_image\" \/>\n<meta name=\"twitter:label1\" content=\"Est. reading time\" \/>\n\t<meta name=\"twitter:data1\" content=\"2 min\u016btes\" \/>\n<script type=\"application\/ld+json\" class=\"yoast-schema-graph\">{\"@context\":\"https:\/\/schema.org\",\"@graph\":[{\"@type\":\"WebPage\",\"@id\":\"https:\/\/fitnsweet.eu\/produktas\/surios-karameles-mamma-mia-zero-padazas\/\",\"url\":\"https:\/\/fitnsweet.eu\/produktas\/surios-karameles-mamma-mia-zero-padazas\/\",\"name\":\"S\u016brios karamel\u0117s MAMMA MIA ZERO pada\u017eas - Fitnsweet.eu\",\"isPartOf\":{\"@id\":\"https:\/\/fitnsweet.eu\/#website\"},\"primaryImageOfPage\":{\"@id\":\"https:\/\/fitnsweet.eu\/produktas\/surios-karameles-mamma-mia-zero-padazas\/#primaryimage\"},\"image\":{\"@id\":\"https:\/\/fitnsweet.eu\/produktas\/surios-karameles-mamma-mia-zero-padazas\/#primaryimage\"},\"thumbnailUrl\":\"https:\/\/fitnsweet.eu\/wp-content\/uploads\/2022\/06\/gq_karamell_shadow.png\",\"datePublished\":\"2022-06-13T04:29:57+00:00\",\"dateModified\":\"2025-12-14T23:36:03+00:00\",\"breadcrumb\":{\"@id\":\"https:\/\/fitnsweet.eu\/produktas\/surios-karameles-mamma-mia-zero-padazas\/#breadcrumb\"},\"inLanguage\":\"lv-LV\",\"potentialAction\":[{\"@type\":\"ReadAction\",\"target\":[\"https:\/\/fitnsweet.eu\/produktas\/surios-karameles-mamma-mia-zero-padazas\/\"]}]},{\"@type\":\"ImageObject\",\"inLanguage\":\"lv-LV\",\"@id\":\"https:\/\/fitnsweet.eu\/produktas\/surios-karameles-mamma-mia-zero-padazas\/#primaryimage\",\"url\":\"https:\/\/fitnsweet.eu\/wp-content\/uploads\/2022\/06\/gq_karamell_shadow.png\",\"contentUrl\":\"https:\/\/fitnsweet.eu\/wp-content\/uploads\/2022\/06\/gq_karamell_shadow.png\",\"width\":1600,\"height\":1600},{\"@type\":\"BreadcrumbList\",\"@id\":\"https:\/\/fitnsweet.eu\/produktas\/surios-karameles-mamma-mia-zero-padazas\/#breadcrumb\",\"itemListElement\":[{\"@type\":\"ListItem\",\"position\":1,\"name\":\"Home\",\"item\":\"https:\/\/fitnsweet.eu\/\"},{\"@type\":\"ListItem\",\"position\":2,\"name\":\"Produktai\",\"item\":\"https:\/\/fitnsweet.eu\/parduotuve\/\"},{\"@type\":\"ListItem\",\"position\":3,\"name\":\"S\u016brios karamel\u0117s MAMMA MIA ZERO pada\u017eas\"}]},{\"@type\":\"WebSite\",\"@id\":\"https:\/\/fitnsweet.eu\/#website\",\"url\":\"https:\/\/fitnsweet.eu\/\",\"name\":\"Fitnsweet.eu\",\"description\":\"Sveika. Saldu. Naudinga.\",\"potentialAction\":[{\"@type\":\"SearchAction\",\"target\":{\"@type\":\"EntryPoint\",\"urlTemplate\":\"https:\/\/fitnsweet.eu\/?s={search_term_string}\"},\"query-input\":{\"@type\":\"PropertyValueSpecification\",\"valueRequired\":true,\"valueName\":\"search_term_string\"}}],\"inLanguage\":\"lv-LV\"}]}<\/script>\n<!-- \/ Yoast SEO plugin. -->","yoast_head_json":{"title":"S\u016brios karamel\u0117s MAMMA MIA ZERO pada\u017eas - Fitnsweet.eu","robots":{"index":"index","follow":"follow","max-snippet":"max-snippet:-1","max-image-preview":"max-image-preview:large","max-video-preview":"max-video-preview:-1"},"canonical":"https:\/\/fitnsweet.eu\/lv\/produkts-2\/surios-caramel-mamma-mia-zero-souse-2\/","og_locale":"lv_LV","og_type":"article","og_title":"S\u016brios karamel\u0117s MAMMA MIA ZERO pada\u017eas - Fitnsweet.eu","og_description":"NAUJIENA GAMINI\u0172 ASORTIMENTE!  Ar nor\u0117tum\u0117te savo m\u0117gstamiems patiekalams suteikti papildomo saldumo? Tada Jums idealiai tiks m\u016bs\u0173 naujasis saldus Mamma Mia Zero pada\u017eas i\u0161 GYMQUEEN su itin skaniu s\u016brios karamel\u0117s skoniu. Su \u0161iuo s\u016brios karamel\u0117s pada\u017eu sald\u0117si\u0173 m\u0117g\u0117jai gali m\u0117gautis puikiu skoniu be joki\u0173 papildom\u0173 kalorij\u0173 ar cukr\u0173.  Pada\u017eas geriausiai dera su ledais, \u0161vie\u017eiais vaisiais, pyragais ar bet kokiu kitu desertu. Griebkite savo m\u0117gstam\u0105 s\u016brios karamel\u0117s skon\u012f dabar ir daugiau niekada neapsieikite be sald\u017ei\u0173 skan\u0117st\u0173!   Patiekalams saldinti ir rafinuoti;  Suma\u017eintas kalorij\u0173 kiekis;  Be cukraus;  Be riebal\u0173.  Grynasis kiekis - 265ml.\u00a0  Saldus Mamma Mia pada\u017eas, pagamintas Vokietijoje i\u0161 auk\u0161\u010diausios kokyb\u0117s med\u017eiag\u0173, u\u017etikrina saug\u0173 vartojim\u0105.\u00a0","og_url":"https:\/\/fitnsweet.eu\/lv\/produkts-2\/surios-caramel-mamma-mia-zero-souse-2\/","og_site_name":"Fitnsweet.eu","article_modified_time":"2025-12-14T23:36:03+00:00","og_image":[{"width":1600,"height":1600,"url":"https:\/\/fitnsweet.eu\/wp-content\/uploads\/2022\/06\/gq_karamell_shadow.png","type":"image\/png"}],"twitter_card":"summary_large_image","twitter_misc":{"Est. reading time":"2 min\u016btes"},"schema":{"@context":"https:\/\/schema.org","@graph":[{"@type":"WebPage","@id":"https:\/\/fitnsweet.eu\/produktas\/surios-karameles-mamma-mia-zero-padazas\/","url":"https:\/\/fitnsweet.eu\/produktas\/surios-karameles-mamma-mia-zero-padazas\/","name":"S\u016brios karamel\u0117s MAMMA MIA ZERO pada\u017eas - Fitnsweet.eu","isPartOf":{"@id":"https:\/\/fitnsweet.eu\/#website"},"primaryImageOfPage":{"@id":"https:\/\/fitnsweet.eu\/produktas\/surios-karameles-mamma-mia-zero-padazas\/#primaryimage"},"image":{"@id":"https:\/\/fitnsweet.eu\/produktas\/surios-karameles-mamma-mia-zero-padazas\/#primaryimage"},"thumbnailUrl":"https:\/\/fitnsweet.eu\/wp-content\/uploads\/2022\/06\/gq_karamell_shadow.png","datePublished":"2022-06-13T04:29:57+00:00","dateModified":"2025-12-14T23:36:03+00:00","breadcrumb":{"@id":"https:\/\/fitnsweet.eu\/produktas\/surios-karameles-mamma-mia-zero-padazas\/#breadcrumb"},"inLanguage":"lv-LV","potentialAction":[{"@type":"ReadAction","target":["https:\/\/fitnsweet.eu\/produktas\/surios-karameles-mamma-mia-zero-padazas\/"]}]},{"@type":"ImageObject","inLanguage":"lv-LV","@id":"https:\/\/fitnsweet.eu\/produktas\/surios-karameles-mamma-mia-zero-padazas\/#primaryimage","url":"https:\/\/fitnsweet.eu\/wp-content\/uploads\/2022\/06\/gq_karamell_shadow.png","contentUrl":"https:\/\/fitnsweet.eu\/wp-content\/uploads\/2022\/06\/gq_karamell_shadow.png","width":1600,"height":1600},{"@type":"BreadcrumbList","@id":"https:\/\/fitnsweet.eu\/produktas\/surios-karameles-mamma-mia-zero-padazas\/#breadcrumb","itemListElement":[{"@type":"ListItem","position":1,"name":"Home","item":"https:\/\/fitnsweet.eu\/"},{"@type":"ListItem","position":2,"name":"Produktai","item":"https:\/\/fitnsweet.eu\/parduotuve\/"},{"@type":"ListItem","position":3,"name":"S\u016brios karamel\u0117s MAMMA MIA ZERO pada\u017eas"}]},{"@type":"WebSite","@id":"https:\/\/fitnsweet.eu\/#website","url":"https:\/\/fitnsweet.eu\/","name":"Fitnsweet.eu","description":"Sveiki. Salds. Noder\u012bgi.","potentialAction":[{"@type":"SearchAction","target":{"@type":"EntryPoint","urlTemplate":"https:\/\/fitnsweet.eu\/?s={search_term_string}"},"query-input":{"@type":"PropertyValueSpecification","valueRequired":true,"valueName":"search_term_string"}}],"inLanguage":"lv-LV"}]}},"_links":{"self":[{"href":"https:\/\/fitnsweet.eu\/lv\/wp-json\/wp\/v2\/product\/31486","targetHints":{"allow":["GET"]}}],"collection":[{"href":"https:\/\/fitnsweet.eu\/lv\/wp-json\/wp\/v2\/product"}],"about":[{"href":"https:\/\/fitnsweet.eu\/lv\/wp-json\/wp\/v2\/types\/product"}],"replies":[{"embeddable":true,"href":"https:\/\/fitnsweet.eu\/lv\/wp-json\/wp\/v2\/comments?post=31486"}],"version-history":[{"count":1,"href":"https:\/\/fitnsweet.eu\/lv\/wp-json\/wp\/v2\/product\/31486\/revisions"}],"predecessor-version":[{"id":37304,"href":"https:\/\/fitnsweet.eu\/lv\/wp-json\/wp\/v2\/product\/31486\/revisions\/37304"}],"wp:featuredmedia":[{"embeddable":true,"href":"https:\/\/fitnsweet.eu\/lv\/wp-json\/wp\/v2\/media\/31487"}],"wp:attachment":[{"href":"https:\/\/fitnsweet.eu\/lv\/wp-json\/wp\/v2\/media?parent=31486"}],"wp:term":[{"taxonomy":"product_brand","embeddable":true,"href":"https:\/\/fitnsweet.eu\/lv\/wp-json\/wp\/v2\/product_brand?post=31486"},{"taxonomy":"product_cat","embeddable":true,"href":"https:\/\/fitnsweet.eu\/lv\/wp-json\/wp\/v2\/product_cat?post=31486"},{"taxonomy":"product_tag","embeddable":true,"href":"https:\/\/fitnsweet.eu\/lv\/wp-json\/wp\/v2\/product_tag?post=31486"}],"curies":[{"name":"wp","href":"https:\/\/api.w.org\/{rel}","templated":true}]}}