{"id":34278,"date":"2022-12-04T16:55:00","date_gmt":"2022-12-04T14:55:00","guid":{"rendered":"https:\/\/fitnsweet.eu\/?post_type=product&#038;p=34278"},"modified":"2024-06-19T04:22:22","modified_gmt":"2024-06-19T01:22:22","slug":"balta-skaidri-gertuve-plaktuve-700ml","status":"publish","type":"product","link":"https:\/\/fitnsweet.eu\/lv\/produkts-2\/balta-skaidri-gertuve-plaktuve-700ml\/","title":{"rendered":"Balta, caursp\u012bd\u012bga dz\u0113riena putot\u0101ja (600ml)"},"content":{"rendered":"<p style=\"font-size: 13.68px; font-style: normal; font-weight: 400; margin-bottom: 1.75em; color: #4b4f58; font-family: Ubuntu, sans-serif;\"><span style=\"margin-bottom: 1em; color: #000000;\">\u2013 Baltos spalvos gertuv\u0117 \u2013 plaktuv\u0117 \u201eGymQueen\u201c. Permatoma.<\/span><\/p>\n<p style=\"font-size: 13.68px; font-style: normal; font-weight: 400; margin-bottom: 1.75em; color: #4b4f58; font-family: Ubuntu, sans-serif;\"><span style=\"margin-bottom: 1em; color: #000000;\">\u2013 600 ml talpa. Su tinkleliu viduje.\u00a0<\/span><\/p>\n<p style=\"font-size: 13.68px; font-style: normal; font-weight: 400; margin-bottom: 1.75em; color: #4b4f58; font-family: Ubuntu, sans-serif;\"><span style=\"margin-bottom: 1em; color: #000000;\">\u2013 100 proc. sandariai u\u017esidaro, skys\u010diai esantys viduje nei\u0161teka.<\/span><\/p>\n<p style=\"font-size: 13.68px; font-style: normal; font-weight: 400; margin-bottom: 1.75em; color: #4b4f58; font-family: Ubuntu, sans-serif;\"><span style=\"margin-bottom: 1em; color: #000000;\">\u2013 Neturi jokio specifinio kvapo.<\/span><\/p>\n<p style=\"font-size: 13.68px; font-style: normal; font-weight: 400; font-family: Ubuntu, sans-serif; color: black !important;\"><span style=\"margin-bottom: 1em;\">\u2013 Tinka plauti indaplov\u0117je.<\/span><\/p>","protected":false},"excerpt":{"rendered":"<p style=\"font-size: 13.68px; font-style: normal; font-weight: 400; margin-bottom: 1.75em; color: #4b4f58; font-family: Ubuntu, sans-serif;\"><span style=\"margin-bottom: 1em; color: #000000;\">\u2013 Baltos spalvos gertuv\u0117 \u2013 plaktuv\u0117 \u201eGymQueen\u201c. Permatoma.<\/span><\/p>\n<p style=\"font-size: 13.68px; font-style: normal; font-weight: 400; margin-bottom: 1.75em; color: #4b4f58; font-family: Ubuntu, sans-serif;\"><span style=\"margin-bottom: 1em; color: #000000;\">\u2013 600 ml talpa. Su tinkleliu viduje.\u00a0<\/span><\/p>\n<p style=\"font-size: 13.68px; font-style: normal; font-weight: 400; margin-bottom: 1.75em; color: #4b4f58; font-family: Ubuntu, sans-serif;\"><span style=\"margin-bottom: 1em; color: #000000;\">\u2013 100 proc. sandariai u\u017esidaro, skys\u010diai esantys viduje nei\u0161teka.<\/span><\/p>\n<p style=\"font-size: 13.68px; font-style: normal; font-weight: 400; margin-bottom: 1.75em; color: #4b4f58; font-family: Ubuntu, sans-serif;\"><span style=\"margin-bottom: 1em; color: #000000;\">\u2013 Neturi jokio specifinio kvapo.<\/span><\/p>\n<p style=\"font-size: 13.68px; font-style: normal; font-weight: 400; font-family: Ubuntu, sans-serif; color: black !important;\"><span style=\"margin-bottom: 1em;\">\u2013 Tinka plauti indaplov\u0117je.<\/span><\/p>","protected":false},"featured_media":30803,"comment_status":"open","ping_status":"closed","template":"","meta":{"site-sidebar-layout":"default","site-content-layout":"default","ast-site-content-layout":"default","site-content-style":"default","site-sidebar-style":"default","ast-global-header-display":"","ast-banner-title-visibility":"","ast-main-header-display":"","ast-hfb-above-header-display":"","ast-hfb-below-header-display":"","ast-hfb-mobile-header-display":"","site-post-title":"","ast-breadcrumbs-content":"","ast-featured-img":"","footer-sml-layout":"","ast-disable-related-posts":"","theme-transparent-header-meta":"default","adv-header-id-meta":"","stick-header-meta":"","header-above-stick-meta":"","header-main-stick-meta":"","header-below-stick-meta":"","astra-migrate-meta-layouts":"default","ast-page-background-enabled":"default","ast-page-background-meta":{"desktop":{"background-color":"var(--ast-global-color-4)","background-image":"","background-repeat":"repeat","background-position":"center center","background-size":"auto","background-attachment":"scroll","background-type":"","background-media":"","overlay-type":"","overlay-color":"","overlay-opacity":"","overlay-gradient":""},"tablet":{"background-color":"","background-image":"","background-repeat":"repeat","background-position":"center center","background-size":"auto","background-attachment":"scroll","background-type":"","background-media":"","overlay-type":"","overlay-color":"","overlay-opacity":"","overlay-gradient":""},"mobile":{"background-color":"","background-image":"","background-repeat":"repeat","background-position":"center center","background-size":"auto","background-attachment":"scroll","background-type":"","background-media":"","overlay-type":"","overlay-color":"","overlay-opacity":"","overlay-gradient":""}},"ast-content-background-meta":{"desktop":{"background-color":"var(--ast-global-color-5)","background-image":"","background-repeat":"repeat","background-position":"center center","background-size":"auto","background-attachment":"scroll","background-type":"","background-media":"","overlay-type":"","overlay-color":"","overlay-opacity":"","overlay-gradient":""},"tablet":{"background-color":"var(--ast-global-color-5)","background-image":"","background-repeat":"repeat","background-position":"center center","background-size":"auto","background-attachment":"scroll","background-type":"","background-media":"","overlay-type":"","overlay-color":"","overlay-opacity":"","overlay-gradient":""},"mobile":{"background-color":"var(--ast-global-color-5)","background-image":"","background-repeat":"repeat","background-position":"center center","background-size":"auto","background-attachment":"scroll","background-type":"","background-media":"","overlay-type":"","overlay-color":"","overlay-opacity":"","overlay-gradient":""}}},"product_brand":[],"product_cat":[391,396,393,394,387,368],"product_tag":[],"class_list":{"0":"post-34278","1":"product","2":"type-product","3":"status-publish","4":"has-post-thumbnail","6":"product_cat-baltymu-kokteiliai","7":"product_cat-lieknejimui","8":"product_cat-rinkiniai","9":"product_cat-sportui","10":"product_cat-visi-produktai","11":"product_cat-naujienos-2","12":"desktop-align-left","13":"tablet-align-left","14":"mobile-align-left","16":"first","17":"instock","18":"taxable","19":"shipping-taxable","20":"purchasable","21":"product-type-simple"},"yoast_head":"<!-- This site is optimized with the Yoast SEO plugin v26.9 - https:\/\/yoast.com\/product\/yoast-seo-wordpress\/ -->\n<title>Balta, skaidri gertuv\u0117-plaktuv\u0117 (600ml) - Fitnsweet.eu<\/title>\n<meta name=\"robots\" content=\"index, follow, max-snippet:-1, max-image-preview:large, max-video-preview:-1\" \/>\n<link rel=\"canonical\" href=\"https:\/\/fitnsweet.eu\/lv\/produkts-2\/balta-skaidri-gertuve-plaktuve-700ml\/\" \/>\n<meta property=\"og:locale\" content=\"lv_LV\" \/>\n<meta property=\"og:type\" content=\"article\" \/>\n<meta property=\"og:title\" content=\"Balta, skaidri gertuv\u0117-plaktuv\u0117 (600ml) - Fitnsweet.eu\" \/>\n<meta property=\"og:description\" content=\"\u2013 Baltos spalvos gertuv\u0117 \u2013 plaktuv\u0117 \u201eGymQueen\u201c. Permatoma. \u2013 600 ml talpa. Su tinkleliu viduje.\u00a0 \u2013 100 proc. sandariai u\u017esidaro, skys\u010diai esantys viduje nei\u0161teka. \u2013 Neturi jokio specifinio kvapo. \u2013 Tinka plauti indaplov\u0117je.\" \/>\n<meta property=\"og:url\" content=\"https:\/\/fitnsweet.eu\/lv\/produkts-2\/balta-skaidri-gertuve-plaktuve-700ml\/\" \/>\n<meta property=\"og:site_name\" content=\"Fitnsweet.eu\" \/>\n<meta property=\"article:modified_time\" content=\"2024-06-19T01:22:22+00:00\" \/>\n<meta property=\"og:image\" content=\"https:\/\/fitnsweet.eu\/wp-content\/uploads\/2022\/03\/shaker_shakeittasty_front-white.png\" \/>\n\t<meta property=\"og:image:width\" content=\"900\" \/>\n\t<meta property=\"og:image:height\" content=\"900\" \/>\n\t<meta property=\"og:image:type\" content=\"image\/png\" \/>\n<meta name=\"twitter:card\" content=\"summary_large_image\" \/>\n<meta name=\"twitter:label1\" content=\"Est. reading time\" \/>\n\t<meta name=\"twitter:data1\" content=\"1 min\u016bte\" \/>\n<script type=\"application\/ld+json\" class=\"yoast-schema-graph\">{\"@context\":\"https:\/\/schema.org\",\"@graph\":[{\"@type\":\"WebPage\",\"@id\":\"https:\/\/fitnsweet.eu\/produktas\/balta-skaidri-gertuve-plaktuve-700ml\/\",\"url\":\"https:\/\/fitnsweet.eu\/produktas\/balta-skaidri-gertuve-plaktuve-700ml\/\",\"name\":\"Balta, skaidri gertuv\u0117-plaktuv\u0117 (600ml) - Fitnsweet.eu\",\"isPartOf\":{\"@id\":\"https:\/\/fitnsweet.eu\/#website\"},\"primaryImageOfPage\":{\"@id\":\"https:\/\/fitnsweet.eu\/produktas\/balta-skaidri-gertuve-plaktuve-700ml\/#primaryimage\"},\"image\":{\"@id\":\"https:\/\/fitnsweet.eu\/produktas\/balta-skaidri-gertuve-plaktuve-700ml\/#primaryimage\"},\"thumbnailUrl\":\"https:\/\/fitnsweet.eu\/wp-content\/uploads\/2022\/03\/shaker_shakeittasty_front-white.png\",\"datePublished\":\"2022-12-04T14:55:00+00:00\",\"dateModified\":\"2024-06-19T01:22:22+00:00\",\"breadcrumb\":{\"@id\":\"https:\/\/fitnsweet.eu\/produktas\/balta-skaidri-gertuve-plaktuve-700ml\/#breadcrumb\"},\"inLanguage\":\"lv-LV\",\"potentialAction\":[{\"@type\":\"ReadAction\",\"target\":[\"https:\/\/fitnsweet.eu\/produktas\/balta-skaidri-gertuve-plaktuve-700ml\/\"]}]},{\"@type\":\"ImageObject\",\"inLanguage\":\"lv-LV\",\"@id\":\"https:\/\/fitnsweet.eu\/produktas\/balta-skaidri-gertuve-plaktuve-700ml\/#primaryimage\",\"url\":\"https:\/\/fitnsweet.eu\/wp-content\/uploads\/2022\/03\/shaker_shakeittasty_front-white.png\",\"contentUrl\":\"https:\/\/fitnsweet.eu\/wp-content\/uploads\/2022\/03\/shaker_shakeittasty_front-white.png\",\"width\":900,\"height\":900},{\"@type\":\"BreadcrumbList\",\"@id\":\"https:\/\/fitnsweet.eu\/produktas\/balta-skaidri-gertuve-plaktuve-700ml\/#breadcrumb\",\"itemListElement\":[{\"@type\":\"ListItem\",\"position\":1,\"name\":\"Home\",\"item\":\"https:\/\/fitnsweet.eu\/\"},{\"@type\":\"ListItem\",\"position\":2,\"name\":\"Produktai\",\"item\":\"https:\/\/fitnsweet.eu\/parduotuve\/\"},{\"@type\":\"ListItem\",\"position\":3,\"name\":\"Balta, skaidri gertuv\u0117-plaktuv\u0117 (600ml)\"}]},{\"@type\":\"WebSite\",\"@id\":\"https:\/\/fitnsweet.eu\/#website\",\"url\":\"https:\/\/fitnsweet.eu\/\",\"name\":\"Fitnsweet.eu\",\"description\":\"Sveika. Saldu. Naudinga.\",\"potentialAction\":[{\"@type\":\"SearchAction\",\"target\":{\"@type\":\"EntryPoint\",\"urlTemplate\":\"https:\/\/fitnsweet.eu\/?s={search_term_string}\"},\"query-input\":{\"@type\":\"PropertyValueSpecification\",\"valueRequired\":true,\"valueName\":\"search_term_string\"}}],\"inLanguage\":\"lv-LV\"}]}<\/script>\n<!-- \/ Yoast SEO plugin. -->","yoast_head_json":{"title":"Balta, skaidri gertuv\u0117-plaktuv\u0117 (600ml) - Fitnsweet.eu","robots":{"index":"index","follow":"follow","max-snippet":"max-snippet:-1","max-image-preview":"max-image-preview:large","max-video-preview":"max-video-preview:-1"},"canonical":"https:\/\/fitnsweet.eu\/lv\/produkts-2\/balta-skaidri-gertuve-plaktuve-700ml\/","og_locale":"lv_LV","og_type":"article","og_title":"Balta, skaidri gertuv\u0117-plaktuv\u0117 (600ml) - Fitnsweet.eu","og_description":"\u2013 Baltos spalvos gertuv\u0117 \u2013 plaktuv\u0117 \u201eGymQueen\u201c. Permatoma. \u2013 600 ml talpa. Su tinkleliu viduje.\u00a0 \u2013 100 proc. sandariai u\u017esidaro, skys\u010diai esantys viduje nei\u0161teka. \u2013 Neturi jokio specifinio kvapo. \u2013 Tinka plauti indaplov\u0117je.","og_url":"https:\/\/fitnsweet.eu\/lv\/produkts-2\/balta-skaidri-gertuve-plaktuve-700ml\/","og_site_name":"Fitnsweet.eu","article_modified_time":"2024-06-19T01:22:22+00:00","og_image":[{"width":900,"height":900,"url":"https:\/\/fitnsweet.eu\/wp-content\/uploads\/2022\/03\/shaker_shakeittasty_front-white.png","type":"image\/png"}],"twitter_card":"summary_large_image","twitter_misc":{"Est. reading time":"1 min\u016bte"},"schema":{"@context":"https:\/\/schema.org","@graph":[{"@type":"WebPage","@id":"https:\/\/fitnsweet.eu\/produktas\/balta-skaidri-gertuve-plaktuve-700ml\/","url":"https:\/\/fitnsweet.eu\/produktas\/balta-skaidri-gertuve-plaktuve-700ml\/","name":"Balta, skaidri gertuv\u0117-plaktuv\u0117 (600ml) - Fitnsweet.eu","isPartOf":{"@id":"https:\/\/fitnsweet.eu\/#website"},"primaryImageOfPage":{"@id":"https:\/\/fitnsweet.eu\/produktas\/balta-skaidri-gertuve-plaktuve-700ml\/#primaryimage"},"image":{"@id":"https:\/\/fitnsweet.eu\/produktas\/balta-skaidri-gertuve-plaktuve-700ml\/#primaryimage"},"thumbnailUrl":"https:\/\/fitnsweet.eu\/wp-content\/uploads\/2022\/03\/shaker_shakeittasty_front-white.png","datePublished":"2022-12-04T14:55:00+00:00","dateModified":"2024-06-19T01:22:22+00:00","breadcrumb":{"@id":"https:\/\/fitnsweet.eu\/produktas\/balta-skaidri-gertuve-plaktuve-700ml\/#breadcrumb"},"inLanguage":"lv-LV","potentialAction":[{"@type":"ReadAction","target":["https:\/\/fitnsweet.eu\/produktas\/balta-skaidri-gertuve-plaktuve-700ml\/"]}]},{"@type":"ImageObject","inLanguage":"lv-LV","@id":"https:\/\/fitnsweet.eu\/produktas\/balta-skaidri-gertuve-plaktuve-700ml\/#primaryimage","url":"https:\/\/fitnsweet.eu\/wp-content\/uploads\/2022\/03\/shaker_shakeittasty_front-white.png","contentUrl":"https:\/\/fitnsweet.eu\/wp-content\/uploads\/2022\/03\/shaker_shakeittasty_front-white.png","width":900,"height":900},{"@type":"BreadcrumbList","@id":"https:\/\/fitnsweet.eu\/produktas\/balta-skaidri-gertuve-plaktuve-700ml\/#breadcrumb","itemListElement":[{"@type":"ListItem","position":1,"name":"Home","item":"https:\/\/fitnsweet.eu\/"},{"@type":"ListItem","position":2,"name":"Produktai","item":"https:\/\/fitnsweet.eu\/parduotuve\/"},{"@type":"ListItem","position":3,"name":"Balta, skaidri gertuv\u0117-plaktuv\u0117 (600ml)"}]},{"@type":"WebSite","@id":"https:\/\/fitnsweet.eu\/#website","url":"https:\/\/fitnsweet.eu\/","name":"Fitnsweet.eu","description":"Sveiki. Salds. Noder\u012bgi.","potentialAction":[{"@type":"SearchAction","target":{"@type":"EntryPoint","urlTemplate":"https:\/\/fitnsweet.eu\/?s={search_term_string}"},"query-input":{"@type":"PropertyValueSpecification","valueRequired":true,"valueName":"search_term_string"}}],"inLanguage":"lv-LV"}]}},"_links":{"self":[{"href":"https:\/\/fitnsweet.eu\/lv\/wp-json\/wp\/v2\/product\/34278","targetHints":{"allow":["GET"]}}],"collection":[{"href":"https:\/\/fitnsweet.eu\/lv\/wp-json\/wp\/v2\/product"}],"about":[{"href":"https:\/\/fitnsweet.eu\/lv\/wp-json\/wp\/v2\/types\/product"}],"replies":[{"embeddable":true,"href":"https:\/\/fitnsweet.eu\/lv\/wp-json\/wp\/v2\/comments?post=34278"}],"version-history":[{"count":1,"href":"https:\/\/fitnsweet.eu\/lv\/wp-json\/wp\/v2\/product\/34278\/revisions"}],"predecessor-version":[{"id":35656,"href":"https:\/\/fitnsweet.eu\/lv\/wp-json\/wp\/v2\/product\/34278\/revisions\/35656"}],"wp:featuredmedia":[{"embeddable":true,"href":"https:\/\/fitnsweet.eu\/lv\/wp-json\/wp\/v2\/media\/30803"}],"wp:attachment":[{"href":"https:\/\/fitnsweet.eu\/lv\/wp-json\/wp\/v2\/media?parent=34278"}],"wp:term":[{"taxonomy":"product_brand","embeddable":true,"href":"https:\/\/fitnsweet.eu\/lv\/wp-json\/wp\/v2\/product_brand?post=34278"},{"taxonomy":"product_cat","embeddable":true,"href":"https:\/\/fitnsweet.eu\/lv\/wp-json\/wp\/v2\/product_cat?post=34278"},{"taxonomy":"product_tag","embeddable":true,"href":"https:\/\/fitnsweet.eu\/lv\/wp-json\/wp\/v2\/product_tag?post=34278"}],"curies":[{"name":"wp","href":"https:\/\/api.w.org\/{rel}","templated":true}]}}