{"id":39095,"date":"2023-11-28T03:58:30","date_gmt":"2023-11-28T01:58:30","guid":{"rendered":"https:\/\/fitnsweet.eu\/?post_type=product&#038;p=39095"},"modified":"2025-11-24T17:49:20","modified_gmt":"2025-11-24T15:49:20","slug":"bezkaloriju-mamma-mia-merce-vanilas-sapnis-265ml-2","status":"publish","type":"product","link":"https:\/\/fitnsweet.eu\/lv\/produkts-2\/bezkaloriju-mamma-mia-merce-vanilas-sapnis-265ml-2\/","title":{"rendered":"Bezkaloriju Mamma Mia m\u0113rce &quot;Vanilla dream&quot; (265ml)"},"content":{"rendered":"<h4>KOKIE YRA \u201cSWEET MAMMA MIA ZERO\u201d PADA\u017dAI?<\/h4>\n<p><span style=\"color: #000000;\">Suma\u017einto kaloringumo \u201cMamma Mia Zero\u201d pada\u017eai yra b\u016btini j\u016bs\u0173 virtuvei! Nesvarbu, ar tai b\u016bt\u0173 ledai, pyragai ar kiti desertai \u2013 \u201cMamma Mia Zero\u201d pada\u017eai kiekvien\u0105 j\u016bs\u0173 patiekal\u0105 pakelia \u012f nauj\u0105 lyg\u012f. Be to, pada\u017eas yra be\u00a0<strong>prid\u0117tini\u0173 cukr\u0173*<\/strong>\u00a0un\u00a0<strong>be riebal\u0173<\/strong>.<\/span><\/p>\n<h4>KAM TINKA \u201cSWEET MAMMA MIA ZERO\u201d PADA\u017dAI?<\/h4>\n<p><span style=\"color: #000000;\">\u201cMamma Mia Zero\u201d pada\u017eai jums idealiai tinka, jei nenorite i\u0161siversti be jau pam\u0117gt\u0173 sald\u017ei\u0173 pada\u017e\u0173 kurie kupini cukr\u0173 ir neprisideda prie daili\u0173 k\u016bno form\u0173 i\u0161saugojimo ir geros savijautos pagerinimo, jei kaip s\u0105moningos sveikos mitybos dalies ie\u0161kote ma\u017eiau kalorij\u0173 turin\u010di\u0173 pada\u017e\u0173.<\/span><\/p>\n<p><span style=\"color: #000000;\"><small>*Nat\u016braliai yra cukraus<\/small><\/span><\/p>\n<dl class=\"block\">\n<dd><span style=\"color: #000000;\"><strong>Ieteicamais pat\u0113ri\u0146\u0161:\u00a0<\/strong>Vartokite pagal skon\u012f.<\/span><\/dd>\n<dd><span style=\"color: #000000;\"><strong>Uzglab\u0101\u0161ana:\u00a0<\/strong>Uzglab\u0101t v\u0113s\u0101, saus\u0101, tum\u0161\u0101 viet\u0101.<\/span><\/dd>\n<dd><span style=\"color: #000000;\">Ma\u017eo kaloringumo desertinis pada\u017eas su skoniu. Su skoniu ir saldikliu.<\/span><\/p>\n<p><strong><span style=\"color: #000000;\">Sast\u0101vs:\u00a0<\/span><\/strong><br \/>\n<span style=\"color: #000000;\"><span style=\"color: #000000;\">Vanduo, modifikuotas krakmolas, saldiklis: izomaltas; Da\u017eikliai: kalcio karbonatas; pienas, r\u016bg\u0161tikliai: citrinos r\u016bg\u0161tis, pieno r\u016bg\u0161tis; kvapioji med\u017eiaga, tir\u0161tiklis: ksantano derva; Konservantai: kalio sorbatas, natrio benzoatas; nat\u016bralus skonis, saldiklis: sukraloz\u0117; Da\u017eikliai: liuteinas; Pipiras.<\/span><\/span><\/p>\n<p>&nbsp;<\/p>\n<table class=\"table--nutrition-facts\">\n<thead>\n<tr>\n<th>Ener\u0123\u0113tisk\u0101 v\u0113rt\u012bba<\/th>\n<th>Per 100ML<\/th>\n<th class=\"text-right\">Per PORCIJ\u0104<\/th>\n<th class=\"text-right nutrition-table__per-serving\">% RPN* per porcij\u0105<\/th>\n<\/tr>\n<\/thead>\n<tbody>\n<tr>\n<td><\/td>\n<td><span class=\"db\">104,67 kj<\/span><span class=\"db\">25,00 kcal<\/span><\/td>\n<td class=\"text-right\"><span class=\"db\">15,70 kj<\/span><span class=\"db\">3,75 kcal<\/span><\/td>\n<td class=\"text-right nutrition-table__per-serving\">0,19 %<\/td>\n<\/tr>\n<tr>\n<td>Tauki<\/td>\n<td>0,00 g<\/td>\n<td class=\"text-right\">0 g<\/td>\n<td class=\"text-right nutrition-table__per-serving\">0%<\/td>\n<\/tr>\n<tr class=\"sub-item\">\n<td>\u00a0no tiem pies\u0101tin\u0101t\u0101s tauksk\u0101bes<\/td>\n<td>0,00 g<\/td>\n<td class=\"text-right\">0 g<\/td>\n<td class=\"text-right nutrition-table__per-serving\">0%<\/td>\n<\/tr>\n<tr>\n<td>Og\u013chidr\u0101ti<\/td>\n<td>5,80 g<\/td>\n<td class=\"text-right\">0,87 g<\/td>\n<td class=\"text-right nutrition-table__per-serving\">0,33 %<\/td>\n<\/tr>\n<tr class=\"sub-item\">\n<td>\u00a0no kuriem cukuri<\/td>\n<td>0,50 g<\/td>\n<td class=\"text-right\">0,08 g<\/td>\n<td class=\"text-right nutrition-table__per-serving\">0,09 %<\/td>\n<\/tr>\n<tr>\n<td>Olbaltumvielas<\/td>\n<td>0,00 g<\/td>\n<td class=\"text-right\">0 g<\/td>\n<td class=\"text-right nutrition-table__per-serving\">0%<\/td>\n<\/tr>\n<tr>\n<td>S\u0101\u013ci<\/td>\n<td>0,02 g<\/td>\n<td class=\"text-right\">0,00 g<\/td>\n<td class=\"text-right nutrition-table__per-serving\">0%<\/td>\n<\/tr>\n<\/tbody>\n<\/table>\n<\/dd>\n<\/dl>","protected":false},"excerpt":{"rendered":"<p><strong><span style=\"color: #ff00ff;\">JAUNUMS PRODUKTU diapazon\u0101!<\/span><\/strong><\/p>\n<p>&nbsp;<\/p>\n<p>Norite suteikti savo m\u0117gstamam maistui dar daugiau skonio, saldumo be joki\u0173 papildom\u0173 kalorij\u0173? Tuomet griebkite m\u016bs\u0173\u00a0<strong>sald\u0173 \u201cMamma Mia Zero\u201d vanil\u0117s skonio pada\u017e\u0105 <\/strong>i\u0161 GYMQUEEN, nes \u0161is pada\u017eas saldumyn\u0173 m\u0117g\u0117jams bus tikras i\u0161sigelb\u0117jimas \u2013 tobulas skonis be joki\u0173 papildom\u0173 kalorij\u0173, prid\u0117tini\u0173 cukr\u0173. Be jokios s\u0105\u017ein\u0117s grau\u017eaties galite m\u0117gautis m\u0117gstamu maistu pagardinant j\u012f \u0161okolado skonio pada\u017eu.<\/p>\n<p>\u0160is pada\u017eas idealiai tiks gardinti var\u0161k\u0119, nat\u016bral\u0173\/graikin\u012f jogurt\u0105, kepinius, blynelius, vaisi\u0173 glotnu\u010dius ir tt.<\/p>\n<ul>\n<li>Maisto\u00a0<strong>saldinimui ir rafinavimui<\/strong><\/li>\n<li>Kalorij\u0173 suma\u017einimas<\/li>\n<li>Be cukraus<\/li>\n<li>Nav tauku.<\/li>\n<\/ul>\n<p>Mamma Mia Zero pada\u017eas pagamintas Vokietijoje, i\u0161 auk\u0161\u010diausios kokyb\u0117s med\u017eiag\u0173, u\u017etikrina saug\u0173 vartojim\u0105.<\/p>\n<p>Grynasis kiekis \u2013 265 ml.<\/p>\n<p><strong><span style=\"color: #ff00ff;\">\u00a0<\/span><\/strong><\/p>","protected":false},"featured_media":39096,"comment_status":"open","ping_status":"closed","template":"","meta":{"site-sidebar-layout":"default","site-content-layout":"default","ast-site-content-layout":"default","site-content-style":"default","site-sidebar-style":"default","ast-global-header-display":"","ast-banner-title-visibility":"","ast-main-header-display":"","ast-hfb-above-header-display":"","ast-hfb-below-header-display":"","ast-hfb-mobile-header-display":"","site-post-title":"","ast-breadcrumbs-content":"","ast-featured-img":"","footer-sml-layout":"","ast-disable-related-posts":"","theme-transparent-header-meta":"default","adv-header-id-meta":"","stick-header-meta":"","header-above-stick-meta":"","header-main-stick-meta":"","header-below-stick-meta":"","astra-migrate-meta-layouts":"set","ast-page-background-enabled":"default","ast-page-background-meta":{"desktop":{"background-color":"var(--ast-global-color-4)","background-image":"","background-repeat":"repeat","background-position":"center center","background-size":"auto","background-attachment":"scroll","background-type":"","background-media":"","overlay-type":"","overlay-color":"","overlay-opacity":"","overlay-gradient":""},"tablet":{"background-color":"","background-image":"","background-repeat":"repeat","background-position":"center center","background-size":"auto","background-attachment":"scroll","background-type":"","background-media":"","overlay-type":"","overlay-color":"","overlay-opacity":"","overlay-gradient":""},"mobile":{"background-color":"","background-image":"","background-repeat":"repeat","background-position":"center center","background-size":"auto","background-attachment":"scroll","background-type":"","background-media":"","overlay-type":"","overlay-color":"","overlay-opacity":"","overlay-gradient":""}},"ast-content-background-meta":{"desktop":{"background-color":"var(--ast-global-color-5)","background-image":"","background-repeat":"repeat","background-position":"center center","background-size":"auto","background-attachment":"scroll","background-type":"","background-media":"","overlay-type":"","overlay-color":"","overlay-opacity":"","overlay-gradient":""},"tablet":{"background-color":"var(--ast-global-color-5)","background-image":"","background-repeat":"repeat","background-position":"center center","background-size":"auto","background-attachment":"scroll","background-type":"","background-media":"","overlay-type":"","overlay-color":"","overlay-opacity":"","overlay-gradient":""},"mobile":{"background-color":"var(--ast-global-color-5)","background-image":"","background-repeat":"repeat","background-position":"center center","background-size":"auto","background-attachment":"scroll","background-type":"","background-media":"","overlay-type":"","overlay-color":"","overlay-opacity":"","overlay-gradient":""}}},"product_brand":[],"product_cat":[396,394,382,378,395,387],"product_tag":[324,397,17,16,134,135,88],"class_list":{"0":"post-39095","1":"product","2":"type-product","3":"status-publish","4":"has-post-thumbnail","6":"product_cat-lieknejimui","7":"product_cat-sportui","8":"product_cat-traskuciai-padazai-uzkandziai","9":"product_cat-uzkandziai","10":"product_cat-veganiska-be-laktozes","11":"product_cat-visi-produktai","12":"product_tag-be-cukraus","13":"product_tag-be-kaloriju","14":"product_tag-fitnsweet","15":"product_tag-gymqueen","16":"product_tag-mamma-mia","17":"product_tag-padazas","18":"product_tag-vanile","19":"desktop-align-left","20":"tablet-align-left","21":"mobile-align-left","23":"first","24":"instock","25":"featured","26":"taxable","27":"shipping-taxable","28":"purchasable","29":"product-type-simple"},"yoast_head":"<!-- This site is optimized with the Yoast SEO plugin v26.9 - https:\/\/yoast.com\/product\/yoast-seo-wordpress\/ -->\n<title>Bekaloris Mamma Mia pada\u017eas &quot;Vanilinis sapnas&quot; (265ml) - Fitnsweet.eu<\/title>\n<meta name=\"robots\" content=\"index, follow, max-snippet:-1, max-image-preview:large, max-video-preview:-1\" \/>\n<link rel=\"canonical\" href=\"https:\/\/fitnsweet.eu\/lv\/produkts-2\/bezkaloriju-mamma-mia-merce-vanilas-sapnis-265ml-2\/\" \/>\n<meta property=\"og:locale\" content=\"lv_LV\" \/>\n<meta property=\"og:type\" content=\"article\" \/>\n<meta property=\"og:title\" content=\"Bekaloris Mamma Mia pada\u017eas &quot;Vanilinis sapnas&quot; (265ml) - Fitnsweet.eu\" \/>\n<meta property=\"og:description\" content=\"NAUJIENA GAMINI\u0172 ASORTIMENTE!  &nbsp;  Norite suteikti savo m\u0117gstamam maistui dar daugiau skonio, saldumo be joki\u0173 papildom\u0173 kalorij\u0173? Tuomet griebkite m\u016bs\u0173\u00a0sald\u0173 \u201cMamma Mia Zero\u201d vanil\u0117s skonio pada\u017e\u0105 i\u0161 GYMQUEEN, nes \u0161is pada\u017eas saldumyn\u0173 m\u0117g\u0117jams bus tikras i\u0161sigelb\u0117jimas \u2013 tobulas skonis be joki\u0173 papildom\u0173 kalorij\u0173, prid\u0117tini\u0173 cukr\u0173. Be jokios s\u0105\u017ein\u0117s grau\u017eaties galite m\u0117gautis m\u0117gstamu maistu pagardinant j\u012f \u0161okolado skonio pada\u017eu.  \u0160is pada\u017eas idealiai tiks gardinti var\u0161k\u0119, nat\u016bral\u0173\/graikin\u012f jogurt\u0105, kepinius, blynelius, vaisi\u0173 glotnu\u010dius ir tt.   Maisto\u00a0saldinimui ir rafinavimui  Kalorij\u0173 suma\u017einimas  Be cukraus  Be riebal\u0173.  Mamma Mia Zero pada\u017eas pagamintas Vokietijoje, i\u0161 auk\u0161\u010diausios kokyb\u0117s med\u017eiag\u0173, u\u017etikrina saug\u0173 vartojim\u0105.  Grynasis kiekis \u2013 265 ml.  \u00a0\" \/>\n<meta property=\"og:url\" content=\"https:\/\/fitnsweet.eu\/lv\/produkts-2\/bezkaloriju-mamma-mia-merce-vanilas-sapnis-265ml-2\/\" \/>\n<meta property=\"og:site_name\" content=\"Fitnsweet.eu\" \/>\n<meta property=\"article:modified_time\" content=\"2025-11-24T15:49:20+00:00\" \/>\n<meta property=\"og:image\" content=\"https:\/\/fitnsweet.eu\/wp-content\/uploads\/2023\/11\/gq_vanille_mood.png\" \/>\n\t<meta property=\"og:image:width\" content=\"1600\" \/>\n\t<meta property=\"og:image:height\" content=\"1600\" \/>\n\t<meta property=\"og:image:type\" content=\"image\/png\" \/>\n<meta name=\"twitter:card\" content=\"summary_large_image\" \/>\n<meta name=\"twitter:label1\" content=\"Est. reading time\" \/>\n\t<meta name=\"twitter:data1\" content=\"2 min\u016btes\" \/>\n<script type=\"application\/ld+json\" class=\"yoast-schema-graph\">{\"@context\":\"https:\/\/schema.org\",\"@graph\":[{\"@type\":\"WebPage\",\"@id\":\"https:\/\/fitnsweet.eu\/produktas\/bekaloris-mamma-mia-padazas-vanilinis-sapnas-265ml\/\",\"url\":\"https:\/\/fitnsweet.eu\/produktas\/bekaloris-mamma-mia-padazas-vanilinis-sapnas-265ml\/\",\"name\":\"Bekaloris Mamma Mia pada\u017eas \\\"Vanilinis sapnas\\\" (265ml) - Fitnsweet.eu\",\"isPartOf\":{\"@id\":\"https:\/\/fitnsweet.eu\/#website\"},\"primaryImageOfPage\":{\"@id\":\"https:\/\/fitnsweet.eu\/produktas\/bekaloris-mamma-mia-padazas-vanilinis-sapnas-265ml\/#primaryimage\"},\"image\":{\"@id\":\"https:\/\/fitnsweet.eu\/produktas\/bekaloris-mamma-mia-padazas-vanilinis-sapnas-265ml\/#primaryimage\"},\"thumbnailUrl\":\"https:\/\/fitnsweet.eu\/wp-content\/uploads\/2023\/11\/gq_vanille_mood.png\",\"datePublished\":\"2023-11-28T01:58:30+00:00\",\"dateModified\":\"2025-11-24T15:49:20+00:00\",\"breadcrumb\":{\"@id\":\"https:\/\/fitnsweet.eu\/produktas\/bekaloris-mamma-mia-padazas-vanilinis-sapnas-265ml\/#breadcrumb\"},\"inLanguage\":\"lv-LV\",\"potentialAction\":[{\"@type\":\"ReadAction\",\"target\":[\"https:\/\/fitnsweet.eu\/produktas\/bekaloris-mamma-mia-padazas-vanilinis-sapnas-265ml\/\"]}]},{\"@type\":\"ImageObject\",\"inLanguage\":\"lv-LV\",\"@id\":\"https:\/\/fitnsweet.eu\/produktas\/bekaloris-mamma-mia-padazas-vanilinis-sapnas-265ml\/#primaryimage\",\"url\":\"https:\/\/fitnsweet.eu\/wp-content\/uploads\/2023\/11\/gq_vanille_mood.png\",\"contentUrl\":\"https:\/\/fitnsweet.eu\/wp-content\/uploads\/2023\/11\/gq_vanille_mood.png\",\"width\":1600,\"height\":1600},{\"@type\":\"BreadcrumbList\",\"@id\":\"https:\/\/fitnsweet.eu\/produktas\/bekaloris-mamma-mia-padazas-vanilinis-sapnas-265ml\/#breadcrumb\",\"itemListElement\":[{\"@type\":\"ListItem\",\"position\":1,\"name\":\"Home\",\"item\":\"https:\/\/fitnsweet.eu\/\"},{\"@type\":\"ListItem\",\"position\":2,\"name\":\"Produktai\",\"item\":\"https:\/\/fitnsweet.eu\/parduotuve\/\"},{\"@type\":\"ListItem\",\"position\":3,\"name\":\"Bekaloris Mamma Mia pada\u017eas &#8222;Vanilinis sapnas&#8221; (265ml)\"}]},{\"@type\":\"WebSite\",\"@id\":\"https:\/\/fitnsweet.eu\/#website\",\"url\":\"https:\/\/fitnsweet.eu\/\",\"name\":\"Fitnsweet.eu\",\"description\":\"Sveika. Saldu. Naudinga.\",\"potentialAction\":[{\"@type\":\"SearchAction\",\"target\":{\"@type\":\"EntryPoint\",\"urlTemplate\":\"https:\/\/fitnsweet.eu\/?s={search_term_string}\"},\"query-input\":{\"@type\":\"PropertyValueSpecification\",\"valueRequired\":true,\"valueName\":\"search_term_string\"}}],\"inLanguage\":\"lv-LV\"}]}<\/script>\n<!-- \/ Yoast SEO plugin. -->","yoast_head_json":{"title":"Bezkaloriju Mamma Mia m\u0113rce &quot;Vanilla dream&quot; (265ml) - Fitnsweet.eu","robots":{"index":"index","follow":"follow","max-snippet":"max-snippet:-1","max-image-preview":"max-image-preview:large","max-video-preview":"max-video-preview:-1"},"canonical":"https:\/\/fitnsweet.eu\/lv\/produkts-2\/bezkaloriju-mamma-mia-merce-vanilas-sapnis-265ml-2\/","og_locale":"lv_LV","og_type":"article","og_title":"Bekaloris Mamma Mia pada\u017eas \"Vanilinis sapnas\" (265ml) - Fitnsweet.eu","og_description":"NAUJIENA GAMINI\u0172 ASORTIMENTE!  &nbsp;  Norite suteikti savo m\u0117gstamam maistui dar daugiau skonio, saldumo be joki\u0173 papildom\u0173 kalorij\u0173? Tuomet griebkite m\u016bs\u0173\u00a0sald\u0173 \u201cMamma Mia Zero\u201d vanil\u0117s skonio pada\u017e\u0105 i\u0161 GYMQUEEN, nes \u0161is pada\u017eas saldumyn\u0173 m\u0117g\u0117jams bus tikras i\u0161sigelb\u0117jimas \u2013 tobulas skonis be joki\u0173 papildom\u0173 kalorij\u0173, prid\u0117tini\u0173 cukr\u0173. Be jokios s\u0105\u017ein\u0117s grau\u017eaties galite m\u0117gautis m\u0117gstamu maistu pagardinant j\u012f \u0161okolado skonio pada\u017eu.  \u0160is pada\u017eas idealiai tiks gardinti var\u0161k\u0119, nat\u016bral\u0173\/graikin\u012f jogurt\u0105, kepinius, blynelius, vaisi\u0173 glotnu\u010dius ir tt.   Maisto\u00a0saldinimui ir rafinavimui  Kalorij\u0173 suma\u017einimas  Be cukraus  Be riebal\u0173.  Mamma Mia Zero pada\u017eas pagamintas Vokietijoje, i\u0161 auk\u0161\u010diausios kokyb\u0117s med\u017eiag\u0173, u\u017etikrina saug\u0173 vartojim\u0105.  Grynasis kiekis \u2013 265 ml.  \u00a0","og_url":"https:\/\/fitnsweet.eu\/lv\/produkts-2\/bezkaloriju-mamma-mia-merce-vanilas-sapnis-265ml-2\/","og_site_name":"Fitnsweet.eu","article_modified_time":"2025-11-24T15:49:20+00:00","og_image":[{"width":1600,"height":1600,"url":"https:\/\/fitnsweet.eu\/wp-content\/uploads\/2023\/11\/gq_vanille_mood.png","type":"image\/png"}],"twitter_card":"summary_large_image","twitter_misc":{"Est. reading time":"2 min\u016btes"},"schema":{"@context":"https:\/\/schema.org","@graph":[{"@type":"WebPage","@id":"https:\/\/fitnsweet.eu\/produktas\/bekaloris-mamma-mia-padazas-vanilinis-sapnas-265ml\/","url":"https:\/\/fitnsweet.eu\/produktas\/bekaloris-mamma-mia-padazas-vanilinis-sapnas-265ml\/","name":"Bezkaloriju Mamma Mia m\u0113rce &quot;Vanilla dream&quot; (265ml) - Fitnsweet.eu","isPartOf":{"@id":"https:\/\/fitnsweet.eu\/#website"},"primaryImageOfPage":{"@id":"https:\/\/fitnsweet.eu\/produktas\/bekaloris-mamma-mia-padazas-vanilinis-sapnas-265ml\/#primaryimage"},"image":{"@id":"https:\/\/fitnsweet.eu\/produktas\/bekaloris-mamma-mia-padazas-vanilinis-sapnas-265ml\/#primaryimage"},"thumbnailUrl":"https:\/\/fitnsweet.eu\/wp-content\/uploads\/2023\/11\/gq_vanille_mood.png","datePublished":"2023-11-28T01:58:30+00:00","dateModified":"2025-11-24T15:49:20+00:00","breadcrumb":{"@id":"https:\/\/fitnsweet.eu\/produktas\/bekaloris-mamma-mia-padazas-vanilinis-sapnas-265ml\/#breadcrumb"},"inLanguage":"lv-LV","potentialAction":[{"@type":"ReadAction","target":["https:\/\/fitnsweet.eu\/produktas\/bekaloris-mamma-mia-padazas-vanilinis-sapnas-265ml\/"]}]},{"@type":"ImageObject","inLanguage":"lv-LV","@id":"https:\/\/fitnsweet.eu\/produktas\/bekaloris-mamma-mia-padazas-vanilinis-sapnas-265ml\/#primaryimage","url":"https:\/\/fitnsweet.eu\/wp-content\/uploads\/2023\/11\/gq_vanille_mood.png","contentUrl":"https:\/\/fitnsweet.eu\/wp-content\/uploads\/2023\/11\/gq_vanille_mood.png","width":1600,"height":1600},{"@type":"BreadcrumbList","@id":"https:\/\/fitnsweet.eu\/produktas\/bekaloris-mamma-mia-padazas-vanilinis-sapnas-265ml\/#breadcrumb","itemListElement":[{"@type":"ListItem","position":1,"name":"Home","item":"https:\/\/fitnsweet.eu\/"},{"@type":"ListItem","position":2,"name":"Produktai","item":"https:\/\/fitnsweet.eu\/parduotuve\/"},{"@type":"ListItem","position":3,"name":"Bekaloris Mamma Mia pada\u017eas &#8222;Vanilinis sapnas&#8221; (265ml)"}]},{"@type":"WebSite","@id":"https:\/\/fitnsweet.eu\/#website","url":"https:\/\/fitnsweet.eu\/","name":"Fitnsweet.eu","description":"Sveiki. Salds. Noder\u012bgi.","potentialAction":[{"@type":"SearchAction","target":{"@type":"EntryPoint","urlTemplate":"https:\/\/fitnsweet.eu\/?s={search_term_string}"},"query-input":{"@type":"PropertyValueSpecification","valueRequired":true,"valueName":"search_term_string"}}],"inLanguage":"lv-LV"}]}},"_links":{"self":[{"href":"https:\/\/fitnsweet.eu\/lv\/wp-json\/wp\/v2\/product\/39095","targetHints":{"allow":["GET"]}}],"collection":[{"href":"https:\/\/fitnsweet.eu\/lv\/wp-json\/wp\/v2\/product"}],"about":[{"href":"https:\/\/fitnsweet.eu\/lv\/wp-json\/wp\/v2\/types\/product"}],"replies":[{"embeddable":true,"href":"https:\/\/fitnsweet.eu\/lv\/wp-json\/wp\/v2\/comments?post=39095"}],"version-history":[{"count":2,"href":"https:\/\/fitnsweet.eu\/lv\/wp-json\/wp\/v2\/product\/39095\/revisions"}],"predecessor-version":[{"id":39098,"href":"https:\/\/fitnsweet.eu\/lv\/wp-json\/wp\/v2\/product\/39095\/revisions\/39098"}],"wp:featuredmedia":[{"embeddable":true,"href":"https:\/\/fitnsweet.eu\/lv\/wp-json\/wp\/v2\/media\/39096"}],"wp:attachment":[{"href":"https:\/\/fitnsweet.eu\/lv\/wp-json\/wp\/v2\/media?parent=39095"}],"wp:term":[{"taxonomy":"product_brand","embeddable":true,"href":"https:\/\/fitnsweet.eu\/lv\/wp-json\/wp\/v2\/product_brand?post=39095"},{"taxonomy":"product_cat","embeddable":true,"href":"https:\/\/fitnsweet.eu\/lv\/wp-json\/wp\/v2\/product_cat?post=39095"},{"taxonomy":"product_tag","embeddable":true,"href":"https:\/\/fitnsweet.eu\/lv\/wp-json\/wp\/v2\/product_tag?post=39095"}],"curies":[{"name":"wp","href":"https:\/\/api.w.org\/{rel}","templated":true}]}}