{"id":458,"date":"2016-09-03T22:20:00","date_gmt":"2016-09-03T19:20:00","guid":{"rendered":"http:\/\/fitnsweet.lt\/?post_type=product&#038;p=458"},"modified":"2025-12-21T15:32:10","modified_gmt":"2025-12-21T13:32:10","slug":"vingrosanas-aromats-lasai-2","status":"publish","type":"product","link":"https:\/\/fitnsweet.eu\/lv\/produkts-2\/vingrosanas-aromats-lasai-2\/","title":{"rendered":"GymQueen Gar\u0161\u012bgi pilieni"},"content":{"rendered":"<p style=\"padding-left: 40px;\"><span style=\"color: #000000;\">J\u016bs varat izv\u0113l\u0113ties no divdesmit gar\u0161\u0101m. Augsta produkta koncentr\u0101cija.\u00a0<\/span><\/p>\n<p><span style=\"color: #ff00ff;\">Sast\u0101vs<\/span>: <span style=\"color: #000000;\">\u016bdens, aromatiz\u0113t\u0101ji, saldin\u0101t\u0101js sukraloze.\u00a0<\/span><\/p>\n<p><span style=\"color: #ff00ff;\">Izmantot<\/span>: <span style=\"color: #000000;\">pudel\u0113 ir apm\u0113ram 60 l\u012bdz 70 porcijas. Izmantojiet p\u0113c gar\u0161as.\u00a0<\/span><\/p>\n<p><span style=\"color: #ff00ff;\">Der\u012bgums:<\/span> <span style=\"color: #000000;\">nor\u0101d\u012bts uz iepakojuma<\/span>.<br \/>\n<span style=\"color: #ff00ff;\">Ra\u017eot\u0101js:<\/span> <span style=\"color: #000000;\">V\u0101cija.<\/span><\/p>","protected":false},"excerpt":{"rendered":"<p style=\"text-align: left;\"><span style=\"color: #000000;\">GymQueen gar\u0161as pilieni bez lipek\u013ca, bez laktozes ar\u012b nesatur sint\u0113tiskas kr\u0101svielas, gar\u0161as pastiprin\u0101t\u0101jus, nesatur aspart\u0101mu. Queen gar\u0161as pilieni ir izgatavoti V\u0101cij\u0101 no augst\u0101k\u0101s kvalit\u0101tes materi\u0101liem.<\/span><br \/>\n<span style=\"color: #000000;\">\u0160iem pilieniem ir lieliska gar\u0161a, pat\u012bkams dab\u012bgais saldums un lieliska smar\u017ea.<\/span><br \/>\n<span style=\"color: #000000;\">Nesatur kalorijas, cukuru, og\u013chidr\u0101tus vai taukus.\u00a0<\/span><br \/>\n<span style=\"color: #ff00ff;\">Tas ar\u012b nesatur aspart\u0101mu.\u00a0<\/span><br \/>\n<span style=\"color: #000000;\">Lietojot tikai da\u017eus pilienus \u0161\u012b produkta, da\u017e\u0101di \u0113dieni, piem\u0113ram, putra vai citas konditorejas izstr\u0101d\u0101jumi, k\u0101 ar\u012b da\u017e\u0101di dz\u0113rieni, bez cukura lieto\u0161anas, k\u013c\u016bs saldi un ar\u012b \u012bpa\u0161i. <\/span><span style=\"color: #000000;\">J\u016bsu iecien\u012bt\u0101k\u0101 gar\u0161a.\u00a0<\/span><\/p>\n<p><span style=\"color: #000000;\">Produkta neto tilpums: 30 ml.<\/span><\/p>\n<p>GymQueen gar\u0161as pilieni, kas izgatavoti V\u0101cij\u0101 no visaugst\u0101k\u0101s kvalit\u0101tes materi\u0101liem, nodro\u0161ina dro\u0161u lieto\u0161anu.<\/p>\n<p><img fetchpriority=\"high\" decoding=\"async\" class=\"alignnone size-full wp-image-26830\" src=\"https:\/\/fitnsweet.eu\/wp-content\/uploads\/2021\/04\/8_ikonos.png\" alt=\"\" width=\"4575\" height=\"1877\" srcset=\"https:\/\/fitnsweet.eu\/wp-content\/uploads\/2021\/04\/8_ikonos.png 1920w, https:\/\/fitnsweet.eu\/wp-content\/uploads\/2021\/04\/8_ikonos-300x123.png 300w, https:\/\/fitnsweet.eu\/wp-content\/uploads\/2021\/04\/8_ikonos-1024x420.png 1024w, https:\/\/fitnsweet.eu\/wp-content\/uploads\/2021\/04\/8_ikonos-768x315.png 768w, https:\/\/fitnsweet.eu\/wp-content\/uploads\/2021\/04\/8_ikonos-1536x630.png 1536w, https:\/\/fitnsweet.eu\/wp-content\/uploads\/2021\/04\/8_ikonos-2048x840.png 2048w, https:\/\/fitnsweet.eu\/wp-content\/uploads\/2021\/04\/8_ikonos-16x7.png 16w, https:\/\/fitnsweet.eu\/wp-content\/uploads\/2021\/04\/8_ikonos-1080x443.png 1080w, https:\/\/fitnsweet.eu\/wp-content\/uploads\/2021\/04\/8_ikonos-1280x525.png 1280w, https:\/\/fitnsweet.eu\/wp-content\/uploads\/2021\/04\/8_ikonos-980x402.png 980w, https:\/\/fitnsweet.eu\/wp-content\/uploads\/2021\/04\/8_ikonos-480x197.png 480w, https:\/\/fitnsweet.eu\/wp-content\/uploads\/2021\/04\/8_ikonos-510x209.png 510w\" sizes=\"(max-width: 4575px) 100vw, 4575px\" \/><\/p>","protected":false},"featured_media":460,"comment_status":"open","ping_status":"closed","template":"","meta":{"site-sidebar-layout":"default","site-content-layout":"default","ast-site-content-layout":"default","site-content-style":"default","site-sidebar-style":"default","ast-global-header-display":"","ast-banner-title-visibility":"","ast-main-header-display":"","ast-hfb-above-header-display":"","ast-hfb-below-header-display":"","ast-hfb-mobile-header-display":"","site-post-title":"","ast-breadcrumbs-content":"","ast-featured-img":"","footer-sml-layout":"","ast-disable-related-posts":"","theme-transparent-header-meta":"default","adv-header-id-meta":"","stick-header-meta":"","header-above-stick-meta":"","header-main-stick-meta":"","header-below-stick-meta":"","astra-migrate-meta-layouts":"set","ast-page-background-enabled":"default","ast-page-background-meta":{"desktop":{"background-color":"var(--ast-global-color-4)","background-image":"","background-repeat":"repeat","background-position":"center center","background-size":"auto","background-attachment":"scroll","background-type":"","background-media":"","overlay-type":"","overlay-color":"","overlay-opacity":"","overlay-gradient":""},"tablet":{"background-color":"","background-image":"","background-repeat":"repeat","background-position":"center center","background-size":"auto","background-attachment":"scroll","background-type":"","background-media":"","overlay-type":"","overlay-color":"","overlay-opacity":"","overlay-gradient":""},"mobile":{"background-color":"","background-image":"","background-repeat":"repeat","background-position":"center center","background-size":"auto","background-attachment":"scroll","background-type":"","background-media":"","overlay-type":"","overlay-color":"","overlay-opacity":"","overlay-gradient":""}},"ast-content-background-meta":{"desktop":{"background-color":"var(--ast-global-color-5)","background-image":"","background-repeat":"repeat","background-position":"center center","background-size":"auto","background-attachment":"scroll","background-type":"","background-media":"","overlay-type":"","overlay-color":"","overlay-opacity":"","overlay-gradient":""},"tablet":{"background-color":"var(--ast-global-color-5)","background-image":"","background-repeat":"repeat","background-position":"center center","background-size":"auto","background-attachment":"scroll","background-type":"","background-media":"","overlay-type":"","overlay-color":"","overlay-opacity":"","overlay-gradient":""},"mobile":{"background-color":"var(--ast-global-color-5)","background-image":"","background-repeat":"repeat","background-position":"center center","background-size":"auto","background-attachment":"scroll","background-type":"","background-media":"","overlay-type":"","overlay-color":"","overlay-opacity":"","overlay-gradient":""}}},"product_brand":[],"product_cat":[396,378,395,387,344,13,112,114,320,319],"product_tag":[16,72,226,225],"class_list":{"0":"post-458","1":"product","2":"type-product","3":"status-publish","4":"has-post-thumbnail","6":"product_cat-lieknejimui","7":"product_cat-uzkandziai","8":"product_cat-veganiska-be-laktozes","9":"product_cat-visi-produktai","10":"product_cat-be-laktozes","11":"product_cat-httpfitnsweet-ltprodukto-kategorijagymqueen","12":"product_cat-gymqueen-figurai","13":"product_cat-gymqueen-sportui","14":"product_cat-skonio-lasai-saldikliai","15":"product_cat-veganiskas-pasirinkimas","16":"product_tag-gymqueen","17":"product_tag-lasai","18":"product_tag-saldiklis","19":"product_tag-skonio-lasai","20":"desktop-align-left","21":"tablet-align-left","22":"mobile-align-left","24":"first","25":"instock","26":"sale","27":"featured","28":"taxable","29":"shipping-taxable","30":"purchasable","31":"product-type-variable"},"yoast_head":"<!-- This site is optimized with the Yoast SEO plugin v26.9 - https:\/\/yoast.com\/product\/yoast-seo-wordpress\/ -->\n<title>GymQueen skonio la\u0161ai (Tasty drops) - Fitnsweet.eu<\/title>\n<meta name=\"robots\" content=\"index, follow, max-snippet:-1, max-image-preview:large, max-video-preview:-1\" \/>\n<link rel=\"canonical\" href=\"https:\/\/fitnsweet.eu\/lv\/produkts-2\/vingrosanas-aromats-lasai-2\/\" \/>\n<meta property=\"og:locale\" content=\"lv_LV\" \/>\n<meta property=\"og:type\" content=\"article\" \/>\n<meta property=\"og:title\" content=\"GymQueen skonio la\u0161ai (Tasty drops) - Fitnsweet.eu\" \/>\n<meta property=\"og:description\" content=\"GymQueen skonio la\u0161ai be glitimo, be laktoz\u0117s, sud\u0117tyje taip pat n\u0117ra sintetini\u0173 da\u017eikli\u0173, skonio stiprikli\u0173, n\u0117ra aspartamo. Queen skonio la\u0161ai pagaminti Vokietijoje i\u0161 auk\u0161\u010diausios kokyb\u0117s med\u017eiag\u0173. \u0160ie la\u0161ai pasi\u017eymi puikiu skoniu, maloniu nat\u016braliu saldumu bei puikiu kvapu. Sud\u0117tyje n\u0117ra kalorij\u0173, cukraus, angliavandeni\u0173 ar riebal\u0173.\u00a0 Taip pat sud\u0117tyje n\u0117ra aspartamo.\u00a0 Su vos keliais la\u0161ais \u0161io produkto J\u016bs\u0173 \u012fvair\u016bs patiekalai tokie kaip ko\u0161\u0117s ar kiti kepiniai, taip pat \u012fvairiausi g\u0117rimai taps sald\u016bs nenaudojant cukraus ir taip pat ypatingo J\u016bs\u0173 m\u0117gstamo skonio.\u00a0 Grynasis produkto kiekis: 30 ml.  GymQueen skonio la\u0161ai, pagaminti Vokietijoje i\u0161 auk\u0161\u010diausios kokyb\u0117s med\u017eiag\u0173, u\u017etikrina saug\u0173 vartojim\u0105.\" \/>\n<meta property=\"og:url\" content=\"https:\/\/fitnsweet.eu\/lv\/produkts-2\/vingrosanas-aromats-lasai-2\/\" \/>\n<meta property=\"og:site_name\" content=\"Fitnsweet.eu\" \/>\n<meta property=\"article:modified_time\" content=\"2025-12-21T13:32:10+00:00\" \/>\n<meta property=\"og:image\" content=\"https:\/\/fitnsweet.eu\/wp-content\/uploads\/2016\/09\/Queen-skonio-la\u0161ai.jpg\" \/>\n\t<meta property=\"og:image:width\" content=\"600\" \/>\n\t<meta property=\"og:image:height\" content=\"600\" \/>\n\t<meta property=\"og:image:type\" content=\"image\/jpeg\" \/>\n<meta name=\"twitter:card\" content=\"summary_large_image\" \/>\n<meta name=\"twitter:label1\" content=\"Est. reading time\" \/>\n\t<meta name=\"twitter:data1\" content=\"1 min\u016bte\" \/>\n<script type=\"application\/ld+json\" class=\"yoast-schema-graph\">{\"@context\":\"https:\/\/schema.org\",\"@graph\":[{\"@type\":\"WebPage\",\"@id\":\"https:\/\/fitnsweet.eu\/produktas\/gymqueen-skonio-lasai\/\",\"url\":\"https:\/\/fitnsweet.eu\/produktas\/gymqueen-skonio-lasai\/\",\"name\":\"GymQueen skonio la\u0161ai (Tasty drops) - Fitnsweet.eu\",\"isPartOf\":{\"@id\":\"https:\/\/fitnsweet.eu\/#website\"},\"primaryImageOfPage\":{\"@id\":\"https:\/\/fitnsweet.eu\/produktas\/gymqueen-skonio-lasai\/#primaryimage\"},\"image\":{\"@id\":\"https:\/\/fitnsweet.eu\/produktas\/gymqueen-skonio-lasai\/#primaryimage\"},\"thumbnailUrl\":\"https:\/\/fitnsweet.eu\/wp-content\/uploads\/2016\/09\/Queen-skonio-la\u0161ai.jpg\",\"datePublished\":\"2016-09-03T19:20:00+00:00\",\"dateModified\":\"2025-12-21T13:32:10+00:00\",\"breadcrumb\":{\"@id\":\"https:\/\/fitnsweet.eu\/produktas\/gymqueen-skonio-lasai\/#breadcrumb\"},\"inLanguage\":\"lv-LV\",\"potentialAction\":[{\"@type\":\"ReadAction\",\"target\":[\"https:\/\/fitnsweet.eu\/produktas\/gymqueen-skonio-lasai\/\"]}]},{\"@type\":\"ImageObject\",\"inLanguage\":\"lv-LV\",\"@id\":\"https:\/\/fitnsweet.eu\/produktas\/gymqueen-skonio-lasai\/#primaryimage\",\"url\":\"https:\/\/fitnsweet.eu\/wp-content\/uploads\/2016\/09\/Queen-skonio-la\u0161ai.jpg\",\"contentUrl\":\"https:\/\/fitnsweet.eu\/wp-content\/uploads\/2016\/09\/Queen-skonio-la\u0161ai.jpg\",\"width\":600,\"height\":600},{\"@type\":\"BreadcrumbList\",\"@id\":\"https:\/\/fitnsweet.eu\/produktas\/gymqueen-skonio-lasai\/#breadcrumb\",\"itemListElement\":[{\"@type\":\"ListItem\",\"position\":1,\"name\":\"Home\",\"item\":\"https:\/\/fitnsweet.eu\/\"},{\"@type\":\"ListItem\",\"position\":2,\"name\":\"Produktai\",\"item\":\"https:\/\/fitnsweet.eu\/parduotuve\/\"},{\"@type\":\"ListItem\",\"position\":3,\"name\":\"GymQueen skonio la\u0161ai (Tasty drops)\"}]},{\"@type\":\"WebSite\",\"@id\":\"https:\/\/fitnsweet.eu\/#website\",\"url\":\"https:\/\/fitnsweet.eu\/\",\"name\":\"Fitnsweet.eu\",\"description\":\"Sveika. Saldu. Naudinga.\",\"potentialAction\":[{\"@type\":\"SearchAction\",\"target\":{\"@type\":\"EntryPoint\",\"urlTemplate\":\"https:\/\/fitnsweet.eu\/?s={search_term_string}\"},\"query-input\":{\"@type\":\"PropertyValueSpecification\",\"valueRequired\":true,\"valueName\":\"search_term_string\"}}],\"inLanguage\":\"lv-LV\"}]}<\/script>\n<!-- \/ Yoast SEO plugin. -->","yoast_head_json":{"title":"GymQueen gar\u0161\u012bgie pilieni (Tasty drops) - Fitnsweet.eu","robots":{"index":"index","follow":"follow","max-snippet":"max-snippet:-1","max-image-preview":"max-image-preview:large","max-video-preview":"max-video-preview:-1"},"canonical":"https:\/\/fitnsweet.eu\/lv\/produkts-2\/vingrosanas-aromats-lasai-2\/","og_locale":"lv_LV","og_type":"article","og_title":"GymQueen skonio la\u0161ai (Tasty drops) - Fitnsweet.eu","og_description":"GymQueen skonio la\u0161ai be glitimo, be laktoz\u0117s, sud\u0117tyje taip pat n\u0117ra sintetini\u0173 da\u017eikli\u0173, skonio stiprikli\u0173, n\u0117ra aspartamo. Queen skonio la\u0161ai pagaminti Vokietijoje i\u0161 auk\u0161\u010diausios kokyb\u0117s med\u017eiag\u0173. \u0160ie la\u0161ai pasi\u017eymi puikiu skoniu, maloniu nat\u016braliu saldumu bei puikiu kvapu. Sud\u0117tyje n\u0117ra kalorij\u0173, cukraus, angliavandeni\u0173 ar riebal\u0173.\u00a0 Taip pat sud\u0117tyje n\u0117ra aspartamo.\u00a0 Su vos keliais la\u0161ais \u0161io produkto J\u016bs\u0173 \u012fvair\u016bs patiekalai tokie kaip ko\u0161\u0117s ar kiti kepiniai, taip pat \u012fvairiausi g\u0117rimai taps sald\u016bs nenaudojant cukraus ir taip pat ypatingo J\u016bs\u0173 m\u0117gstamo skonio.\u00a0 Grynasis produkto kiekis: 30 ml.  GymQueen skonio la\u0161ai, pagaminti Vokietijoje i\u0161 auk\u0161\u010diausios kokyb\u0117s med\u017eiag\u0173, u\u017etikrina saug\u0173 vartojim\u0105.","og_url":"https:\/\/fitnsweet.eu\/lv\/produkts-2\/vingrosanas-aromats-lasai-2\/","og_site_name":"Fitnsweet.eu","article_modified_time":"2025-12-21T13:32:10+00:00","og_image":[{"width":600,"height":600,"url":"https:\/\/fitnsweet.eu\/wp-content\/uploads\/2016\/09\/Queen-skonio-la\u0161ai.jpg","type":"image\/jpeg"}],"twitter_card":"summary_large_image","twitter_misc":{"Est. reading time":"1 min\u016bte"},"schema":{"@context":"https:\/\/schema.org","@graph":[{"@type":"WebPage","@id":"https:\/\/fitnsweet.eu\/produktas\/gymqueen-skonio-lasai\/","url":"https:\/\/fitnsweet.eu\/produktas\/gymqueen-skonio-lasai\/","name":"GymQueen gar\u0161\u012bgie pilieni (Tasty drops) - Fitnsweet.eu","isPartOf":{"@id":"https:\/\/fitnsweet.eu\/#website"},"primaryImageOfPage":{"@id":"https:\/\/fitnsweet.eu\/produktas\/gymqueen-skonio-lasai\/#primaryimage"},"image":{"@id":"https:\/\/fitnsweet.eu\/produktas\/gymqueen-skonio-lasai\/#primaryimage"},"thumbnailUrl":"https:\/\/fitnsweet.eu\/wp-content\/uploads\/2016\/09\/Queen-skonio-la\u0161ai.jpg","datePublished":"2016-09-03T19:20:00+00:00","dateModified":"2025-12-21T13:32:10+00:00","breadcrumb":{"@id":"https:\/\/fitnsweet.eu\/produktas\/gymqueen-skonio-lasai\/#breadcrumb"},"inLanguage":"lv-LV","potentialAction":[{"@type":"ReadAction","target":["https:\/\/fitnsweet.eu\/produktas\/gymqueen-skonio-lasai\/"]}]},{"@type":"ImageObject","inLanguage":"lv-LV","@id":"https:\/\/fitnsweet.eu\/produktas\/gymqueen-skonio-lasai\/#primaryimage","url":"https:\/\/fitnsweet.eu\/wp-content\/uploads\/2016\/09\/Queen-skonio-la\u0161ai.jpg","contentUrl":"https:\/\/fitnsweet.eu\/wp-content\/uploads\/2016\/09\/Queen-skonio-la\u0161ai.jpg","width":600,"height":600},{"@type":"BreadcrumbList","@id":"https:\/\/fitnsweet.eu\/produktas\/gymqueen-skonio-lasai\/#breadcrumb","itemListElement":[{"@type":"ListItem","position":1,"name":"Home","item":"https:\/\/fitnsweet.eu\/"},{"@type":"ListItem","position":2,"name":"Produktai","item":"https:\/\/fitnsweet.eu\/parduotuve\/"},{"@type":"ListItem","position":3,"name":"GymQueen skonio la\u0161ai (Tasty drops)"}]},{"@type":"WebSite","@id":"https:\/\/fitnsweet.eu\/#website","url":"https:\/\/fitnsweet.eu\/","name":"Fitnsweet.eu","description":"Sveiki. Salds. Noder\u012bgi.","potentialAction":[{"@type":"SearchAction","target":{"@type":"EntryPoint","urlTemplate":"https:\/\/fitnsweet.eu\/?s={search_term_string}"},"query-input":{"@type":"PropertyValueSpecification","valueRequired":true,"valueName":"search_term_string"}}],"inLanguage":"lv-LV"}]}},"_links":{"self":[{"href":"https:\/\/fitnsweet.eu\/lv\/wp-json\/wp\/v2\/product\/458","targetHints":{"allow":["GET"]}}],"collection":[{"href":"https:\/\/fitnsweet.eu\/lv\/wp-json\/wp\/v2\/product"}],"about":[{"href":"https:\/\/fitnsweet.eu\/lv\/wp-json\/wp\/v2\/types\/product"}],"replies":[{"embeddable":true,"href":"https:\/\/fitnsweet.eu\/lv\/wp-json\/wp\/v2\/comments?post=458"}],"version-history":[{"count":1,"href":"https:\/\/fitnsweet.eu\/lv\/wp-json\/wp\/v2\/product\/458\/revisions"}],"predecessor-version":[{"id":35602,"href":"https:\/\/fitnsweet.eu\/lv\/wp-json\/wp\/v2\/product\/458\/revisions\/35602"}],"wp:featuredmedia":[{"embeddable":true,"href":"https:\/\/fitnsweet.eu\/lv\/wp-json\/wp\/v2\/media\/460"}],"wp:attachment":[{"href":"https:\/\/fitnsweet.eu\/lv\/wp-json\/wp\/v2\/media?parent=458"}],"wp:term":[{"taxonomy":"product_brand","embeddable":true,"href":"https:\/\/fitnsweet.eu\/lv\/wp-json\/wp\/v2\/product_brand?post=458"},{"taxonomy":"product_cat","embeddable":true,"href":"https:\/\/fitnsweet.eu\/lv\/wp-json\/wp\/v2\/product_cat?post=458"},{"taxonomy":"product_tag","embeddable":true,"href":"https:\/\/fitnsweet.eu\/lv\/wp-json\/wp\/v2\/product_tag?post=458"}],"curies":[{"name":"wp","href":"https:\/\/api.w.org\/{rel}","templated":true}]}}