{"id":54417,"date":"2025-04-22T18:13:24","date_gmt":"2025-04-22T15:13:24","guid":{"rendered":"https:\/\/fitnsweet.eu\/?post_type=product&#038;p=54417"},"modified":"2025-11-05T13:18:59","modified_gmt":"2025-11-05T11:18:59","slug":"funkcine-arbata-zvalus-protas-90-g","status":"publish","type":"product","link":"https:\/\/fitnsweet.eu\/lv\/produkts-2\/funkcine-arbata-zvalus-protas-90-g\/","title":{"rendered":"Funkcin\u0117 arbata &#8222;\u017dVALUS PROTAS&#8221; (90 G)"},"content":{"rendered":"<div>\n<div class=\"summary__title\">\n<h6 class=\"h4 accordion__title inline-richtext\"><span style=\"color: #000000;\">Pat\u0113ri\u0146\u0161:<\/span><\/h6>\n<\/div>\n<\/div>\n<div id=\"ProductAccordion-collapsible_tab_cLLXcA-template--18610753405168__main\" class=\"accordion__content rte\">\n<p><span style=\"color: #000000;\">Rekomenduojama vartoti 1 kart\u0105 dienoje. Galima vartoti ir \u0161alt\u0105, prid\u0117jus leduk\u0173. Nevir\u0161yti nustatytos rekomenduojamos doz\u0117s.<\/span><\/p>\n<div>\n<div class=\"summary__title\">\n<h6 class=\"h4 accordion__title inline-richtext\"><span style=\"color: #000000;\">Maistin\u0117 vert\u0117 ir sud\u0117tis:<\/span><\/h6>\n<\/div>\n<\/div>\n<div id=\"ProductAccordion-collapsible_tab_tQ8CPJ-template--18610753405168__main\" class=\"accordion__content rte\">\n<p><span style=\"color: #000000;\">Melisos \u017eol\u0117, \u0160alavij\u0173 lapai, Pipirm\u0117t\u0117s lapai, Gudobel\u0117s, Gudobel\u0117s, Guaranos milteliai, Vitaminas B12 2.5 \u03bcg<\/span><br \/>\n<span style=\"color: #000000;\">Vienoje funkcin\u0117s arbatos porcijoje (3.25g) yra apie 6,45 kcal.<\/span><\/p>\n<div>\n<div class=\"summary__title\">\n<h6 class=\"h4 accordion__title inline-richtext\"><span style=\"color: #000000;\">Paruo\u0161imas:<\/span><\/h6>\n<\/div>\n<\/div>\n<div id=\"ProductAccordion-collapsible_tab_gJcrFg-template--18610753405168__main\" class=\"accordion__content rte\">\n<p><span style=\"color: #000000;\"><strong>1. \u012ed\u0117kite arbat\u017eoli\u0173 &#8211;\u00a0<\/strong>\u012e puodel\u012f \u012fd\u0117kite 2 pilnus arbatinius \u0161auk\u0161telius (~3g) Hora Funkcin\u0117s Arbatos arbat\u017eoli\u0173.<\/span><\/p>\n<p><span style=\"color: #000000;\"><strong>2. U\u017epilkite ir palaikykite &#8211;\u00a0<\/strong>U\u017epilkite arbat\u017eoles kar\u0161tu (ne verdan\u010diu) vandeniu. Arbat\u0105 plikyti 3-5 minutes.<\/span><\/p>\n<p><span style=\"color: #000000;\"><strong>3. Megaukit\u0117s arbata &#8211;<\/strong>I\u0161imkite arbat\u017eoles ir m\u0117gaukit\u0117s skania, \u0161ilta bei sveikat\u0105 gerinan\u010dia arbata.<\/span><\/p>\n<h6 class=\"image-with-text__heading h1 rte\"><span style=\"color: #000000;\">Stimuliuoja prot\u0105<\/span><\/h6>\n<div class=\"image-with-text__text rte body\">\n<p><span style=\"color: #000000;\">Guarana ir vitaminas B12, kartu su salavij\u0173 lapais ir gudobel\u0117mis, suteikia ilgalaik\u012f protin\u012f stimuluot\u0105 ir energij\u0105, padedant i\u0161likti budriam ir \u017evaliam vis\u0105 dien\u0105.<\/span><\/p>\n<h6 class=\"image-with-text__heading h1 rte\"><span style=\"color: #000000;\">I\u0161laiko koncentracij\u0105<\/span><\/h6>\n<div class=\"image-with-text__text rte body\">\n<p><span style=\"color: #000000;\">Vitamino B12 ir guaranos derinys su melisos \u017eolel\u0117mis ir pipirm\u0117\u010di\u0173 lapais skatina ai\u0161k\u0173 m\u0105stym\u0105 ir padeda palaikyti koncentracij\u0105, leid\u017eiant jums sutelkti d\u0117mes\u012f ir b\u016bti produktyviam.<\/span><\/p>\n<h6 class=\"image-with-text__heading h1 rte\"><span style=\"color: #000000;\">Padeda susikaupti<\/span><\/h6>\n<div class=\"image-with-text__text rte body\">\n<p><span style=\"color: #000000;\">Pipirm\u0117\u010di\u0173 lapai, melisos \u017eolel\u0117s ir gudobel\u0117s su vitaminu B12 ir guarana sukuria harmoning\u0105 formul\u0119, kuri ne tik palaiko energij\u0105 ir koncentracij\u0105, bet ir gerina savijaut\u0105, kad jaustum\u0117t\u0117s geriau ir tur\u0117tum\u0117te daugiau energijos kiekvien\u0105 dien\u0105.<\/span><\/p>\n<div>\n<h3 class=\"accordion__title inline-richtext h4\"><span style=\"color: #000000;\">Ar galiu gerti \u017dVALUS PROTAS arbat\u0105 vietoj kavos?<\/span><\/h3>\n<\/div>\n<div id=\"CollapsibleAccordion-collapsible_row_hndkGC-template--18610753405168__collapsible_content_cbhEa6\" class=\"accordion__content rte\" role=\"region\" aria-labelledby=\"Summary-collapsible_row_hndkGC-template--18610753405168__collapsible_content_cbhEa6\">\n<p><span style=\"color: #000000;\">Taip! \u201e\u017dVALUS PROTAS\u201c arbata yra puiki alternatyva kavai. Joje esanti guarana ir vitaminas B12 suteikia nat\u016bralios energijos, skatina d\u0117mes\u012f ir koncentracij\u0105 visai dienai, be staigaus energijos kritimo ar nervingumo, kur\u012f gali sukelti kava.<\/span><\/p>\n<div>\n<h3 class=\"accordion__title inline-richtext h4\"><span style=\"color: #000000;\">Ar arbata tinka darbui ir mokymuisi?<\/span><\/h3>\n<\/div>\n<div id=\"CollapsibleAccordion-collapsible_row_mzWEfE-template--18610753405168__collapsible_content_cbhEa6\" class=\"accordion__content rte\" role=\"region\" aria-labelledby=\"Summary-collapsible_row_mzWEfE-template--18610753405168__collapsible_content_cbhEa6\">\n<p><span style=\"color: #000000;\">Taip, \u017dVALUS PROTAS arbata padeda i\u0161laikyti d\u0117mes\u012f ir koncentracij\u0105, tod\u0117l ji puikiai tinka dirbant ar mokantis. Ji skatina produktyvum\u0105, ta\u010diau nekelia \u012ftampos ar nerimo.<\/span><\/p>\n<div>\n<h3 class=\"accordion__title inline-richtext h4\"><span style=\"color: #000000;\">Ar \u017dVALUS PROTAS arbata turi kofeino?<\/span><\/h3>\n<\/div>\n<div id=\"CollapsibleAccordion-collapsible_row_3wFHGB-template--18610753405168__collapsible_content_cbhEa6\" class=\"accordion__content rte\" role=\"region\" aria-labelledby=\"Summary-collapsible_row_3wFHGB-template--18610753405168__collapsible_content_cbhEa6\">\n<p><span style=\"color: #000000;\">Ne, \u017dVALUS PROTAS arbata neturi kofeino, ta\u010diau joje esanti guarana suteikia pana\u0161\u0173 energijos efekt\u0105, be nervingumo ar nemigos, kuriuos gali sukelti kofeinas.<\/span><\/p>\n<div>\n<h3 class=\"accordion__title inline-richtext h4\"><span style=\"color: #000000;\">Ar galiu gerti \u0161i\u0105 arbat\u0105 kasdien?<\/span><\/h3>\n<\/div>\n<div id=\"CollapsibleAccordion-collapsible_row_pYANUg-template--18610753405168__collapsible_content_cbhEa6\" class=\"accordion__content rte\" role=\"region\" aria-labelledby=\"Summary-collapsible_row_pYANUg-template--18610753405168__collapsible_content_cbhEa6\">\n<p><span style=\"color: #000000;\">Taip, \u0161i arbata yra visi\u0161kai saugi kasdieniam vartojimui. Ji pad\u0117s i\u0161laikyti energij\u0105 ir koncentracij\u0105 be staigaus energijos kritimo.<\/span><\/p>\n<\/div>\n<\/div>\n<\/div>\n<\/div>\n<\/div>\n<\/div>\n<\/div>\n<\/div>\n<\/div>\n<\/div>","protected":false},"excerpt":{"rendered":"<p style=\"text-align: center;\"><span style=\"color: #000000;\"><strong>NAUJIENA M\u016aS\u0172 GAMINI\u0172 ASPRTIMENTE! VISI\u0160KAI NAUJO TIPO PRODUKTAS!<br \/>\nFUNKCIN\u0116 &#8211; 100% NAT\u016aRALIOS SUD\u0116TIES ARBATA PRISID\u0116SIANTI PRIE J\u016aS\u0172 GERESNIO SUSIKAUPIMO DIENOS EIGOJE, PAGERINANTI PROTIN\u0118 VEIKL\u0104<\/strong><\/span><\/p>\n<p>&nbsp;<\/p>\n<p><span style=\"color: #000000;\"><strong>Atid\u017eiai atrinktas \u017eoleli\u0173 mi\u0161inys skatina protin\u0119 veikl\u0105, pagerina susikaupim\u0105 ir padeda i\u0161laikyti koncentracij\u0105.<\/strong> Guaranos milteliai teikia nat\u016bralios energijos \u0161altin\u012f, o vitaminas B12 skatina nerv\u0173 sistemos sveikat\u0105, prisideda prie med\u017eiag\u0173 apykaitos aktyvavimo ir padeda i\u0161laikyti optimal\u0173 psichologin\u012f aktyvum\u0105.<\/span><\/p>\n<p><span style=\"color: #000000;\">\u0160i arbata su guarana ir vitaminu B12 yra puikus, nat\u016bralus b\u016bdas pagerinti koncentracij\u0105 ir i\u0161laikyti auk\u0161t\u0105 energijos lyg\u012f vis\u0105 dien\u0105. \u012esipilkite arbatos \u012f gertuv\u0119, gerkite \u0161alt\u0105 ir m\u0117gaukit\u0117s ai\u0161kiu m\u0105stymu bei gaivia energija, kuri pad\u0117s jums \u012fveikti bet kokius i\u0161\u0161\u016bkius. Idealus pasirinkimas daug ir intensyviai dirbant, mokantis ar u\u017esiimant \u012fvairia kita veikla, norint nat\u016braliai paskatinti koncentracij\u0105 ir susikaupim\u0105. &#8222;\u017dVALUS PROTAS&#8221; tai J\u016bs\u0173 kasdien\u0117 rutina \u012ftemptomis dienomis.\u00a0<\/span><\/p>\n<p><span style=\"color: #000000;\">Grynasis produkto kiekis &#8211; 90 g. Vieno pakelio u\u017eteksite vidutini\u0161kai vienam m\u0117nesiui geriant kasdien.\u00a0<\/span><br \/>\n<span style=\"color: #000000;\">Produktas sukurtas ir pagamintas Lietuvoje.\u00a0<\/span><\/p>\n<p>&nbsp;<\/p>","protected":false},"featured_media":54418,"comment_status":"open","ping_status":"closed","template":"","meta":{"site-sidebar-layout":"default","site-content-layout":"","ast-site-content-layout":"default","site-content-style":"default","site-sidebar-style":"default","ast-global-header-display":"","ast-banner-title-visibility":"","ast-main-header-display":"","ast-hfb-above-header-display":"","ast-hfb-below-header-display":"","ast-hfb-mobile-header-display":"","site-post-title":"","ast-breadcrumbs-content":"","ast-featured-img":"","footer-sml-layout":"","ast-disable-related-posts":"","theme-transparent-header-meta":"default","adv-header-id-meta":"","stick-header-meta":"","header-above-stick-meta":"","header-main-stick-meta":"","header-below-stick-meta":"","astra-migrate-meta-layouts":"set","ast-page-background-enabled":"default","ast-page-background-meta":{"desktop":{"background-color":"var(--ast-global-color-4)","background-image":"","background-repeat":"repeat","background-position":"center center","background-size":"auto","background-attachment":"scroll","background-type":"","background-media":"","overlay-type":"","overlay-color":"","overlay-opacity":"","overlay-gradient":""},"tablet":{"background-color":"","background-image":"","background-repeat":"repeat","background-position":"center center","background-size":"auto","background-attachment":"scroll","background-type":"","background-media":"","overlay-type":"","overlay-color":"","overlay-opacity":"","overlay-gradient":""},"mobile":{"background-color":"","background-image":"","background-repeat":"repeat","background-position":"center center","background-size":"auto","background-attachment":"scroll","background-type":"","background-media":"","overlay-type":"","overlay-color":"","overlay-opacity":"","overlay-gradient":""}},"ast-content-background-meta":{"desktop":{"background-color":"var(--ast-global-color-5)","background-image":"","background-repeat":"repeat","background-position":"center center","background-size":"auto","background-attachment":"scroll","background-type":"","background-media":"","overlay-type":"","overlay-color":"","overlay-opacity":"","overlay-gradient":""},"tablet":{"background-color":"var(--ast-global-color-5)","background-image":"","background-repeat":"repeat","background-position":"center center","background-size":"auto","background-attachment":"scroll","background-type":"","background-media":"","overlay-type":"","overlay-color":"","overlay-opacity":"","overlay-gradient":""},"mobile":{"background-color":"var(--ast-global-color-5)","background-image":"","background-repeat":"repeat","background-position":"center center","background-size":"auto","background-attachment":"scroll","background-type":"","background-media":"","overlay-type":"","overlay-color":"","overlay-opacity":"","overlay-gradient":""}}},"product_brand":[],"product_cat":[395,387,368,322],"product_tag":[],"class_list":{"0":"post-54417","1":"product","2":"type-product","3":"status-publish","4":"has-post-thumbnail","6":"product_cat-veganiska-be-laktozes","7":"product_cat-visi-produktai","8":"product_cat-naujienos-2","9":"product_cat-naujienos-2025","10":"desktop-align-left","11":"tablet-align-left","12":"mobile-align-left","14":"first","15":"instock","16":"taxable","17":"shipping-taxable","18":"purchasable","19":"product-type-simple"},"yoast_head":"<!-- This site is optimized with the Yoast SEO plugin v26.9 - https:\/\/yoast.com\/product\/yoast-seo-wordpress\/ -->\n<title>Funkcin\u0117 arbata &quot;\u017dVALUS PROTAS&quot; (90 G) - Fitnsweet.eu<\/title>\n<meta name=\"robots\" content=\"index, follow, max-snippet:-1, max-image-preview:large, max-video-preview:-1\" \/>\n<link rel=\"canonical\" href=\"https:\/\/fitnsweet.eu\/lv\/produkts-2\/funkcine-arbata-zvalus-protas-90-g\/\" \/>\n<meta property=\"og:locale\" content=\"lv_LV\" \/>\n<meta property=\"og:type\" content=\"article\" \/>\n<meta property=\"og:title\" content=\"Funkcin\u0117 arbata &quot;\u017dVALUS PROTAS&quot; (90 G) - Fitnsweet.eu\" \/>\n<meta property=\"og:description\" content=\"NAUJIENA M\u016aS\u0172 GAMINI\u0172 ASPRTIMENTE! VISI\u0160KAI NAUJO TIPO PRODUKTAS! FUNKCIN\u0116 - 100% NAT\u016aRALIOS SUD\u0116TIES ARBATA PRISID\u0116SIANTI PRIE J\u016aS\u0172 GERESNIO SUSIKAUPIMO DIENOS EIGOJE, PAGERINANTI PROTIN\u0118 VEIKL\u0104 &nbsp;  Atid\u017eiai atrinktas \u017eoleli\u0173 mi\u0161inys skatina protin\u0119 veikl\u0105, pagerina susikaupim\u0105 ir padeda i\u0161laikyti koncentracij\u0105. Guaranos milteliai teikia nat\u016bralios energijos \u0161altin\u012f, o vitaminas B12 skatina nerv\u0173 sistemos sveikat\u0105, prisideda prie med\u017eiag\u0173 apykaitos aktyvavimo ir padeda i\u0161laikyti optimal\u0173 psichologin\u012f aktyvum\u0105.  \u0160i arbata su guarana ir vitaminu B12 yra puikus, nat\u016bralus b\u016bdas pagerinti koncentracij\u0105 ir i\u0161laikyti auk\u0161t\u0105 energijos lyg\u012f vis\u0105 dien\u0105. \u012esipilkite arbatos \u012f gertuv\u0119, gerkite \u0161alt\u0105 ir m\u0117gaukit\u0117s ai\u0161kiu m\u0105stymu bei gaivia energija, kuri pad\u0117s jums \u012fveikti bet kokius i\u0161\u0161\u016bkius. Idealus pasirinkimas daug ir intensyviai dirbant, mokantis ar u\u017esiimant \u012fvairia kita veikla, norint nat\u016braliai paskatinti koncentracij\u0105 ir susikaupim\u0105. &quot;\u017dVALUS PROTAS&quot; tai J\u016bs\u0173 kasdien\u0117 rutina \u012ftemptomis dienomis.\u00a0  Grynasis produkto kiekis - 90 g. Vieno pakelio u\u017eteksite vidutini\u0161kai vienam m\u0117nesiui geriant kasdien.\u00a0 Produktas sukurtas ir pagamintas Lietuvoje.\u00a0  &nbsp;\" \/>\n<meta property=\"og:url\" content=\"https:\/\/fitnsweet.eu\/lv\/produkts-2\/funkcine-arbata-zvalus-protas-90-g\/\" \/>\n<meta property=\"og:site_name\" content=\"Fitnsweet.eu\" \/>\n<meta property=\"article:modified_time\" content=\"2025-11-05T11:18:59+00:00\" \/>\n<meta property=\"og:image\" content=\"https:\/\/fitnsweet.eu\/wp-content\/uploads\/2025\/04\/ZP1-1.png\" \/>\n\t<meta property=\"og:image:width\" content=\"990\" \/>\n\t<meta property=\"og:image:height\" content=\"990\" \/>\n\t<meta property=\"og:image:type\" content=\"image\/png\" \/>\n<meta name=\"twitter:card\" content=\"summary_large_image\" \/>\n<meta name=\"twitter:label1\" content=\"Est. reading time\" \/>\n\t<meta name=\"twitter:data1\" content=\"2 min\u016btes\" \/>\n<script type=\"application\/ld+json\" class=\"yoast-schema-graph\">{\"@context\":\"https:\/\/schema.org\",\"@graph\":[{\"@type\":\"WebPage\",\"@id\":\"https:\/\/fitnsweet.eu\/produktas\/funkcine-arbata-zvalus-protas-90-g\/\",\"url\":\"https:\/\/fitnsweet.eu\/produktas\/funkcine-arbata-zvalus-protas-90-g\/\",\"name\":\"Funkcin\u0117 arbata \\\"\u017dVALUS PROTAS\\\" (90 G) - Fitnsweet.eu\",\"isPartOf\":{\"@id\":\"https:\/\/fitnsweet.eu\/#website\"},\"primaryImageOfPage\":{\"@id\":\"https:\/\/fitnsweet.eu\/produktas\/funkcine-arbata-zvalus-protas-90-g\/#primaryimage\"},\"image\":{\"@id\":\"https:\/\/fitnsweet.eu\/produktas\/funkcine-arbata-zvalus-protas-90-g\/#primaryimage\"},\"thumbnailUrl\":\"https:\/\/fitnsweet.eu\/wp-content\/uploads\/2025\/04\/ZP1-1.png\",\"datePublished\":\"2025-04-22T15:13:24+00:00\",\"dateModified\":\"2025-11-05T11:18:59+00:00\",\"breadcrumb\":{\"@id\":\"https:\/\/fitnsweet.eu\/produktas\/funkcine-arbata-zvalus-protas-90-g\/#breadcrumb\"},\"inLanguage\":\"lv-LV\",\"potentialAction\":[{\"@type\":\"ReadAction\",\"target\":[\"https:\/\/fitnsweet.eu\/produktas\/funkcine-arbata-zvalus-protas-90-g\/\"]}]},{\"@type\":\"ImageObject\",\"inLanguage\":\"lv-LV\",\"@id\":\"https:\/\/fitnsweet.eu\/produktas\/funkcine-arbata-zvalus-protas-90-g\/#primaryimage\",\"url\":\"https:\/\/fitnsweet.eu\/wp-content\/uploads\/2025\/04\/ZP1-1.png\",\"contentUrl\":\"https:\/\/fitnsweet.eu\/wp-content\/uploads\/2025\/04\/ZP1-1.png\",\"width\":990,\"height\":990},{\"@type\":\"BreadcrumbList\",\"@id\":\"https:\/\/fitnsweet.eu\/produktas\/funkcine-arbata-zvalus-protas-90-g\/#breadcrumb\",\"itemListElement\":[{\"@type\":\"ListItem\",\"position\":1,\"name\":\"Home\",\"item\":\"https:\/\/fitnsweet.eu\/\"},{\"@type\":\"ListItem\",\"position\":2,\"name\":\"Produktai\",\"item\":\"https:\/\/fitnsweet.eu\/parduotuve\/\"},{\"@type\":\"ListItem\",\"position\":3,\"name\":\"Funkcin\u0117 arbata &#8222;\u017dVALUS PROTAS&#8221; (90 G)\"}]},{\"@type\":\"WebSite\",\"@id\":\"https:\/\/fitnsweet.eu\/#website\",\"url\":\"https:\/\/fitnsweet.eu\/\",\"name\":\"Fitnsweet.eu\",\"description\":\"Sveika. Saldu. Naudinga.\",\"potentialAction\":[{\"@type\":\"SearchAction\",\"target\":{\"@type\":\"EntryPoint\",\"urlTemplate\":\"https:\/\/fitnsweet.eu\/?s={search_term_string}\"},\"query-input\":{\"@type\":\"PropertyValueSpecification\",\"valueRequired\":true,\"valueName\":\"search_term_string\"}}],\"inLanguage\":\"lv-LV\"}]}<\/script>\n<!-- \/ Yoast SEO plugin. -->","yoast_head_json":{"title":"Funkcin\u0117 arbata \"\u017dVALUS PROTAS\" (90 G) - Fitnsweet.eu","robots":{"index":"index","follow":"follow","max-snippet":"max-snippet:-1","max-image-preview":"max-image-preview:large","max-video-preview":"max-video-preview:-1"},"canonical":"https:\/\/fitnsweet.eu\/lv\/produkts-2\/funkcine-arbata-zvalus-protas-90-g\/","og_locale":"lv_LV","og_type":"article","og_title":"Funkcin\u0117 arbata \"\u017dVALUS PROTAS\" (90 G) - Fitnsweet.eu","og_description":"NAUJIENA M\u016aS\u0172 GAMINI\u0172 ASPRTIMENTE! VISI\u0160KAI NAUJO TIPO PRODUKTAS! FUNKCIN\u0116 - 100% NAT\u016aRALIOS SUD\u0116TIES ARBATA PRISID\u0116SIANTI PRIE J\u016aS\u0172 GERESNIO SUSIKAUPIMO DIENOS EIGOJE, PAGERINANTI PROTIN\u0118 VEIKL\u0104 &nbsp;  Atid\u017eiai atrinktas \u017eoleli\u0173 mi\u0161inys skatina protin\u0119 veikl\u0105, pagerina susikaupim\u0105 ir padeda i\u0161laikyti koncentracij\u0105. Guaranos milteliai teikia nat\u016bralios energijos \u0161altin\u012f, o vitaminas B12 skatina nerv\u0173 sistemos sveikat\u0105, prisideda prie med\u017eiag\u0173 apykaitos aktyvavimo ir padeda i\u0161laikyti optimal\u0173 psichologin\u012f aktyvum\u0105.  \u0160i arbata su guarana ir vitaminu B12 yra puikus, nat\u016bralus b\u016bdas pagerinti koncentracij\u0105 ir i\u0161laikyti auk\u0161t\u0105 energijos lyg\u012f vis\u0105 dien\u0105. \u012esipilkite arbatos \u012f gertuv\u0119, gerkite \u0161alt\u0105 ir m\u0117gaukit\u0117s ai\u0161kiu m\u0105stymu bei gaivia energija, kuri pad\u0117s jums \u012fveikti bet kokius i\u0161\u0161\u016bkius. Idealus pasirinkimas daug ir intensyviai dirbant, mokantis ar u\u017esiimant \u012fvairia kita veikla, norint nat\u016braliai paskatinti koncentracij\u0105 ir susikaupim\u0105. \"\u017dVALUS PROTAS\" tai J\u016bs\u0173 kasdien\u0117 rutina \u012ftemptomis dienomis.\u00a0  Grynasis produkto kiekis - 90 g. Vieno pakelio u\u017eteksite vidutini\u0161kai vienam m\u0117nesiui geriant kasdien.\u00a0 Produktas sukurtas ir pagamintas Lietuvoje.\u00a0  &nbsp;","og_url":"https:\/\/fitnsweet.eu\/lv\/produkts-2\/funkcine-arbata-zvalus-protas-90-g\/","og_site_name":"Fitnsweet.eu","article_modified_time":"2025-11-05T11:18:59+00:00","og_image":[{"width":990,"height":990,"url":"https:\/\/fitnsweet.eu\/wp-content\/uploads\/2025\/04\/ZP1-1.png","type":"image\/png"}],"twitter_card":"summary_large_image","twitter_misc":{"Est. reading time":"2 min\u016btes"},"schema":{"@context":"https:\/\/schema.org","@graph":[{"@type":"WebPage","@id":"https:\/\/fitnsweet.eu\/produktas\/funkcine-arbata-zvalus-protas-90-g\/","url":"https:\/\/fitnsweet.eu\/produktas\/funkcine-arbata-zvalus-protas-90-g\/","name":"Funkcin\u0117 arbata \"\u017dVALUS PROTAS\" (90 G) - Fitnsweet.eu","isPartOf":{"@id":"https:\/\/fitnsweet.eu\/#website"},"primaryImageOfPage":{"@id":"https:\/\/fitnsweet.eu\/produktas\/funkcine-arbata-zvalus-protas-90-g\/#primaryimage"},"image":{"@id":"https:\/\/fitnsweet.eu\/produktas\/funkcine-arbata-zvalus-protas-90-g\/#primaryimage"},"thumbnailUrl":"https:\/\/fitnsweet.eu\/wp-content\/uploads\/2025\/04\/ZP1-1.png","datePublished":"2025-04-22T15:13:24+00:00","dateModified":"2025-11-05T11:18:59+00:00","breadcrumb":{"@id":"https:\/\/fitnsweet.eu\/produktas\/funkcine-arbata-zvalus-protas-90-g\/#breadcrumb"},"inLanguage":"lv-LV","potentialAction":[{"@type":"ReadAction","target":["https:\/\/fitnsweet.eu\/produktas\/funkcine-arbata-zvalus-protas-90-g\/"]}]},{"@type":"ImageObject","inLanguage":"lv-LV","@id":"https:\/\/fitnsweet.eu\/produktas\/funkcine-arbata-zvalus-protas-90-g\/#primaryimage","url":"https:\/\/fitnsweet.eu\/wp-content\/uploads\/2025\/04\/ZP1-1.png","contentUrl":"https:\/\/fitnsweet.eu\/wp-content\/uploads\/2025\/04\/ZP1-1.png","width":990,"height":990},{"@type":"BreadcrumbList","@id":"https:\/\/fitnsweet.eu\/produktas\/funkcine-arbata-zvalus-protas-90-g\/#breadcrumb","itemListElement":[{"@type":"ListItem","position":1,"name":"Home","item":"https:\/\/fitnsweet.eu\/"},{"@type":"ListItem","position":2,"name":"Produktai","item":"https:\/\/fitnsweet.eu\/parduotuve\/"},{"@type":"ListItem","position":3,"name":"Funkcin\u0117 arbata &#8222;\u017dVALUS PROTAS&#8221; (90 G)"}]},{"@type":"WebSite","@id":"https:\/\/fitnsweet.eu\/#website","url":"https:\/\/fitnsweet.eu\/","name":"Fitnsweet.eu","description":"Sveiki. Salds. Noder\u012bgi.","potentialAction":[{"@type":"SearchAction","target":{"@type":"EntryPoint","urlTemplate":"https:\/\/fitnsweet.eu\/?s={search_term_string}"},"query-input":{"@type":"PropertyValueSpecification","valueRequired":true,"valueName":"search_term_string"}}],"inLanguage":"lv-LV"}]}},"_links":{"self":[{"href":"https:\/\/fitnsweet.eu\/lv\/wp-json\/wp\/v2\/product\/54417","targetHints":{"allow":["GET"]}}],"collection":[{"href":"https:\/\/fitnsweet.eu\/lv\/wp-json\/wp\/v2\/product"}],"about":[{"href":"https:\/\/fitnsweet.eu\/lv\/wp-json\/wp\/v2\/types\/product"}],"replies":[{"embeddable":true,"href":"https:\/\/fitnsweet.eu\/lv\/wp-json\/wp\/v2\/comments?post=54417"}],"version-history":[{"count":2,"href":"https:\/\/fitnsweet.eu\/lv\/wp-json\/wp\/v2\/product\/54417\/revisions"}],"predecessor-version":[{"id":54428,"href":"https:\/\/fitnsweet.eu\/lv\/wp-json\/wp\/v2\/product\/54417\/revisions\/54428"}],"wp:featuredmedia":[{"embeddable":true,"href":"https:\/\/fitnsweet.eu\/lv\/wp-json\/wp\/v2\/media\/54418"}],"wp:attachment":[{"href":"https:\/\/fitnsweet.eu\/lv\/wp-json\/wp\/v2\/media?parent=54417"}],"wp:term":[{"taxonomy":"product_brand","embeddable":true,"href":"https:\/\/fitnsweet.eu\/lv\/wp-json\/wp\/v2\/product_brand?post=54417"},{"taxonomy":"product_cat","embeddable":true,"href":"https:\/\/fitnsweet.eu\/lv\/wp-json\/wp\/v2\/product_cat?post=54417"},{"taxonomy":"product_tag","embeddable":true,"href":"https:\/\/fitnsweet.eu\/lv\/wp-json\/wp\/v2\/product_tag?post=54417"}],"curies":[{"name":"wp","href":"https:\/\/api.w.org\/{rel}","templated":true}]}}