{"id":55163,"date":"2025-05-21T13:05:50","date_gmt":"2025-05-21T10:05:50","guid":{"rendered":"https:\/\/fitnsweet.eu\/?post_type=product&#038;p=55163"},"modified":"2026-03-31T12:22:46","modified_gmt":"2026-03-31T09:22:46","slug":"memostar-focus-n30-maisto-papildas-nerimo-mazinimui-savikontrolei-susikaupimui","status":"publish","type":"product","link":"https:\/\/fitnsweet.eu\/lv\/produkts-2\/memostar-focus-n30-maisto-papildas-nerimo-mazinimui-savikontrolei-susikaupimui\/","title":{"rendered":"MEMOSTAR\u00ae FOCUS N30 maisto papildas nerimo ma\u017einimui, savikontrolei, susikaupimui"},"content":{"rendered":"<p><span style=\"color: #000000;\"><strong>Cinkas<\/strong>\u00a0padeda palaikyti normali\u0105 pa\u017einimo funkcij\u0105, normali\u0105 DNR sintez\u0119, normali\u0105 maistini\u0173 makromed\u017eiag\u0173, riebal\u0173 r\u016bg\u0161\u010di\u0173 ir vitamino A apykait\u0105, normali\u0105 baltym\u0173 sintez\u0119. Cinkas padeda i\u0161saugoti normal\u0173 reg\u0117jim\u0105, padeda palaikyti normali\u0105 imunin\u0117s sistemos veikl\u0105, padeda apsaugoti l\u0105steles nuo oksidacin\u0117s pa\u017eaidos. Cinkas atlieka tam tikr\u0105 funkcij\u0105 l\u0105steli\u0173 dalijimosi procese.<\/span><\/p>\n<p><span style=\"color: #000000;\"><strong>Pantoteno r\u016bg\u0161tis (vitaminas B<sub>5<\/sub>)<\/strong>\u00a0padeda palaikyti normali\u0105 protin\u0119 veikl\u0105, normali\u0105 energijos apykait\u0105, normali\u0105 steroidini\u0173 hormon\u0173, vitamino D ir kai kuri\u0173 neuromediatori\u0173 sintez\u0119 ir apykait\u0105, padeda ma\u017einti pavargimo jausm\u0105 ir nuovarg\u012f.<\/span><\/p>\n<p><span style=\"color: #000000;\"><strong>Vitaminas B<sub>6<\/sub><\/strong>\u00a0padeda palaikyti normali\u0105 nerv\u0173 sistemos veikl\u0105, normali\u0105 psichologin\u0119 funkcij\u0105, normali\u0105 imunin\u0117s sistemos veikl\u0105, normali\u0105 energijos apykait\u0105, normali\u0105 baltym\u0173 ir glikogeno apykait\u0105, normal\u0173 raudon\u0173j\u0173 kraujo k\u016bneli\u0173 susidarym\u0105. Vitaminas B<sub>6<\/sub>\u00a0padeda ma\u017einti pavargimo jausm\u0105 ir nuovarg\u012f ir padeda reguliuoti hormon\u0173 aktyvum\u0105.<\/span><\/p>\n<div><img decoding=\"async\" src=\"https:\/\/cdn.shopify.com\/s\/files\/1\/0651\/6654\/1037\/files\/Memostar_Focus_sudetis.png?v=1716286760\" \/><\/div>\n<p><span style=\"color: #000000;\"><em>RMV &#8211; referencin\u0117 maistin\u0117 vert\u0117 \/\u00a0<\/em><em>\u00a0&#8211; referencin\u0117 maistin\u0117 vert\u0117 nenustatyta<\/em><\/span><\/p>\n<p><span style=\"color: #000000;\"><strong>Sudedamosios dalys:<\/strong>\u00a0cikorijos inulinas, melisos [<em>Melissa officinalis L<\/em>.] lap\u0173 sausasis ekstraktas, polifenoli\u0173 kompleksas\u00a0<em>Memophenol&#x2122;<\/em>\u00a0[nesmulkint\u0173 tikrojo vynmed\u017eio [<em>Vitis vinifera L<\/em>.] ir siauralapi\u0173 \u0161ilauogi\u0173 [<em>Vaccinium angustifolium A<\/em>.] vaisi\u0173 ekstraktai], bra\u0161ki\u0173 kvapioji med\u017eiaga, vanil\u0117s kvapioji med\u017eiaga, m\u0117lyn\u017eied\u0117s ta\u0161kuon\u0117s [<em>Bacopa monnieri (L.) Wettst.<\/em>] lap\u0173 sausasis ekstraktas, cinko gliukonatas, i\u0161 stevijos gauti steviolio glikozidai, kalcio D-pantotenatas, lipnum\u0105 reguliuojanti med\u017eiaga silicio dioksidas, piridoksino hidrochloridas.<\/span><\/p>\n<p><span style=\"color: #000000;\"><strong>Vartojimas<\/strong>:\u00a0Suaugusiems ir vaikams nuo 6 met\u0173 gerti po 1-2 paket\u0117lius per dien\u0105, i\u0161kart po valgio arba tarp valgym\u0173 pirmoje dienos pus\u0117je.<\/span><\/p>\n<p><span style=\"color: #000000;\"><strong>\u012esp\u0117jimas.<\/strong>\u00a0Polifenoliai turi karstel\u0117jus\u012f, burnos gleivin\u0119 sutraukiant\u012f skon\u012f (kaip suvalgius aronijos uog\u0105 ar sukram\u010dius vynuog\u0117s kauliuk\u0105), kuris vaikams gali b\u016bti ne itin malonus. Tod\u0117l miltelius rekomenduojama sumai\u0161yti su tir\u0161tomis sultimis, geriamu jogurtu, glotnu\u010diu arba \u012fmai\u0161yti \u012f ko\u0161\u0119, trintas uogas, rie\u0161ut\u0173 sviest\u0105.<\/span><\/p>\n<p><span style=\"color: #000000;\">Mai\u0161ant su vandeniu ar kitu skys\u010diu, miltelius reik\u0117t\u0173 suberti \u012f nedidel\u012f kiek\u012f, kad vis\u0105 turin\u012f b\u016bt\u0173 galima nuryti vienu-dviem gurk\u0161niais.<\/span><\/p>\n<p><span style=\"color: #000000;\">Nerekomenduojama vartoti n\u0117\u0161tumo ir laktacijos laikotarpiu.<\/span><br \/>\n<span style=\"color: #000000;\">Svarbu \u012fvairi ir subalansuota mityba bei sveikas gyvenimo b\u016bdas.<\/span><br \/>\n<span style=\"color: #000000;\">Nevir\u0161yti nustatytos rekomenduojamos doz\u0117s.<\/span><br \/>\n<span style=\"color: #000000;\">Maisto papildas neturi b\u016bti vartojamas kaip maisto pakaitalas.<\/span><br \/>\n<span style=\"color: #000000;\">Laikyti kambario temperat\u016broje, vaikams nepasiekiamoje vietoje.<\/span><\/p>\n<p><span style=\"color: #000000;\"><strong>Ra\u017eot\u0101js:\u00a0<\/strong>INTERSA LABS SL., Ispanija.<\/span><\/p>","protected":false},"excerpt":{"rendered":"<p style=\"text-align: center;\"><strong>JAUNUMS PRODUKTU diapazon\u0101!<\/strong><\/p>\n<p style=\"text-align: center;\">Bioaktyvi\u0173 polifenoli\u0173 kompleksas\u00a0<em>Memophenol&#x2122;<\/em>\u00a0\u2013 mokslo patvirtinta biologi\u0161kai aktyvi augal\u0173 sinergija ir\u00a0<strong><a class=\"js-no-transition\" title=\"Memostar klini\u0161kai patvirtinto veiksmingumo\" href=\"https:\/\/merita.lt\/pages\/klinikiu-tyrimu-sarasas\" target=\"_blank\" rel=\"noopener\">klini\u0161kai patvirtinta inovacija<\/a><\/strong>\u00a0<strong>NERIMO MA\u017dINIMUI, SAVIKONTROLEI, D\u0116MESIO SUTELKIMUI.<\/strong><\/p>\n<p dir=\"ltr\" style=\"text-align: center;\"><span style=\"color: #000000;\">MEMOSTAR\u00ae FOCUS N30 \u2013 kai galvoje per daug, o \u0161irdyje \u2013 neramu.<\/span><\/p>\n<p dir=\"ltr\" style=\"text-align: center;\"><span style=\"color: #000000;\">Dienos per greitos. Galvoje \u2013 triuk\u0161mas. O tau reikia susikaupti, i\u0161b\u016bti ir dar nepamir\u0161ti kv\u0117puoti.<\/span><\/p>\n<p dir=\"ltr\" style=\"text-align: center;\"><span style=\"color: #000000;\">MEMOSTAR\u00ae FOCUS \u2013 tai augalinis papildas, kuriame susijungia ramyb\u0117 ir d\u0117mesio a\u0161trumas.<\/span><br \/>\n<span style=\"color: #000000;\">Unikalus Memophenol&#x2122; polifenoli\u0173 kompleksas su vynuogi\u0173 ir \u0161ilauogi\u0173 ekstraktais, bakopa (m\u0117lyn\u017eiede ta\u0161kuone) ir melisa veikia sinergi\u0161kai:<\/span><\/p>\n<p dir=\"ltr\" style=\"text-align: center;\"><span style=\"color: #000000;\">padeda ma\u017einti \u012ftamp\u0105 bei nerim\u0105,<\/span><\/p>\n<p dir=\"ltr\" style=\"text-align: center;\"><span style=\"color: #000000;\">palaiko ai\u0161kesn\u012f m\u0105stym\u0105 ir koncentracij\u0105,<\/span><\/p>\n<p dir=\"ltr\" style=\"text-align: center;\"><span style=\"color: #000000;\">saugo l\u0105steles nuo oksidacinio streso,<\/span><\/p>\n<p dir=\"ltr\" style=\"text-align: center;\"><span style=\"color: #000000;\">padeda i\u0161laikyti emocin\u0119 pusiausvyr\u0105 net per sud\u0117tingas dienas.<\/span><\/p>\n<p style=\"text-align: center;\"><span style=\"color: #000000;\">30 paket\u0117li\u0173 po 2,615 g \/ su saldikliu<\/span><br \/>\n<strong>Vienos d\u0117\u017eut\u0117s u\u017etenka 1 m\u0117nesiui!<\/strong><\/p>\n<p style=\"text-align: center;\">Tinka vaikams nuo 6 met\u0173 ir suaugusiems<\/p>","protected":false},"featured_media":55182,"comment_status":"open","ping_status":"closed","template":"","meta":{"site-sidebar-layout":"default","site-content-layout":"","ast-site-content-layout":"default","site-content-style":"default","site-sidebar-style":"default","ast-global-header-display":"","ast-banner-title-visibility":"","ast-main-header-display":"","ast-hfb-above-header-display":"","ast-hfb-below-header-display":"","ast-hfb-mobile-header-display":"","site-post-title":"","ast-breadcrumbs-content":"","ast-featured-img":"","footer-sml-layout":"","ast-disable-related-posts":"","theme-transparent-header-meta":"default","adv-header-id-meta":"","stick-header-meta":"","header-above-stick-meta":"","header-main-stick-meta":"","header-below-stick-meta":"","astra-migrate-meta-layouts":"set","ast-page-background-enabled":"default","ast-page-background-meta":{"desktop":{"background-color":"var(--ast-global-color-4)","background-image":"","background-repeat":"repeat","background-position":"center center","background-size":"auto","background-attachment":"scroll","background-type":"","background-media":"","overlay-type":"","overlay-color":"","overlay-opacity":"","overlay-gradient":""},"tablet":{"background-color":"","background-image":"","background-repeat":"repeat","background-position":"center center","background-size":"auto","background-attachment":"scroll","background-type":"","background-media":"","overlay-type":"","overlay-color":"","overlay-opacity":"","overlay-gradient":""},"mobile":{"background-color":"","background-image":"","background-repeat":"repeat","background-position":"center center","background-size":"auto","background-attachment":"scroll","background-type":"","background-media":"","overlay-type":"","overlay-color":"","overlay-opacity":"","overlay-gradient":""}},"ast-content-background-meta":{"desktop":{"background-color":"var(--ast-global-color-5)","background-image":"","background-repeat":"repeat","background-position":"center center","background-size":"auto","background-attachment":"scroll","background-type":"","background-media":"","overlay-type":"","overlay-color":"","overlay-opacity":"","overlay-gradient":""},"tablet":{"background-color":"var(--ast-global-color-5)","background-image":"","background-repeat":"repeat","background-position":"center center","background-size":"auto","background-attachment":"scroll","background-type":"","background-media":"","overlay-type":"","overlay-color":"","overlay-opacity":"","overlay-gradient":""},"mobile":{"background-color":"var(--ast-global-color-5)","background-image":"","background-repeat":"repeat","background-position":"center center","background-size":"auto","background-attachment":"scroll","background-type":"","background-media":"","overlay-type":"","overlay-color":"","overlay-opacity":"","overlay-gradient":""}}},"product_brand":[],"product_cat":[407,387,383],"product_tag":[],"class_list":{"0":"post-55163","1":"product","2":"type-product","3":"status-publish","4":"has-post-thumbnail","6":"product_cat-energijai-ir-detoksikacijai","7":"product_cat-visi-produktai","8":"product_cat-vitaminai","9":"desktop-align-left","10":"tablet-align-left","11":"mobile-align-left","13":"first","14":"outofstock","15":"featured","16":"taxable","17":"shipping-taxable","18":"purchasable","19":"product-type-simple"},"yoast_head":"<!-- This site is optimized with the Yoast SEO plugin v26.9 - https:\/\/yoast.com\/product\/yoast-seo-wordpress\/ -->\n<title>MEMOSTAR\u00ae FOCUS N30 maisto papildas nerimo ma\u017einimui, savikontrolei, susikaupimui - Fitnsweet.eu<\/title>\n<meta name=\"robots\" content=\"index, follow, max-snippet:-1, max-image-preview:large, max-video-preview:-1\" \/>\n<link rel=\"canonical\" href=\"https:\/\/fitnsweet.eu\/lv\/produkts-2\/memostar-focus-n30-maisto-papildas-nerimo-mazinimui-savikontrolei-susikaupimui\/\" \/>\n<meta property=\"og:locale\" content=\"lv_LV\" \/>\n<meta property=\"og:type\" content=\"article\" \/>\n<meta property=\"og:title\" content=\"MEMOSTAR\u00ae FOCUS N30 maisto papildas nerimo ma\u017einimui, savikontrolei, susikaupimui - Fitnsweet.eu\" \/>\n<meta property=\"og:description\" content=\"NAUJIENA GAMINI\u0172 ASORTIMENTE! Bioaktyvi\u0173 polifenoli\u0173 kompleksas\u00a0Memophenol&#x2122;\u00a0\u2013 mokslo patvirtinta biologi\u0161kai aktyvi augal\u0173 sinergija ir\u00a0klini\u0161kai patvirtinta inovacija\u00a0NERIMO MA\u017dINIMUI, SAVIKONTROLEI, D\u0116MESIO SUTELKIMUI. MEMOSTAR\u00ae FOCUS N30 \u2013 kai galvoje per daug, o \u0161irdyje \u2013 neramu. Dienos per greitos. Galvoje \u2013 triuk\u0161mas. O tau reikia susikaupti, i\u0161b\u016bti ir dar nepamir\u0161ti kv\u0117puoti. MEMOSTAR\u00ae FOCUS \u2013 tai augalinis papildas, kuriame susijungia ramyb\u0117 ir d\u0117mesio a\u0161trumas. Unikalus Memophenol&#x2122; polifenoli\u0173 kompleksas su vynuogi\u0173 ir \u0161ilauogi\u0173 ekstraktais, bakopa (m\u0117lyn\u017eiede ta\u0161kuone) ir melisa veikia sinergi\u0161kai: padeda ma\u017einti \u012ftamp\u0105 bei nerim\u0105, palaiko ai\u0161kesn\u012f m\u0105stym\u0105 ir koncentracij\u0105, saugo l\u0105steles nuo oksidacinio streso, padeda i\u0161laikyti emocin\u0119 pusiausvyr\u0105 net per sud\u0117tingas dienas. 30 paket\u0117li\u0173 po 2,615 g \/ su saldikliu Vienos d\u0117\u017eut\u0117s u\u017etenka 1 m\u0117nesiui! Tinka vaikams nuo 6 met\u0173 ir suaugusiems\" \/>\n<meta property=\"og:url\" content=\"https:\/\/fitnsweet.eu\/lv\/produkts-2\/memostar-focus-n30-maisto-papildas-nerimo-mazinimui-savikontrolei-susikaupimui\/\" \/>\n<meta property=\"og:site_name\" content=\"Fitnsweet.eu\" \/>\n<meta property=\"article:modified_time\" content=\"2026-03-31T09:22:46+00:00\" \/>\n<meta property=\"og:image\" content=\"https:\/\/fitnsweet.eu\/wp-content\/uploads\/2025\/05\/Memostar-Focus-DOR-DR-scaled.jpg\" \/>\n\t<meta property=\"og:image:width\" content=\"2085\" \/>\n\t<meta property=\"og:image:height\" content=\"2560\" \/>\n\t<meta property=\"og:image:type\" content=\"image\/jpeg\" \/>\n<meta name=\"twitter:card\" content=\"summary_large_image\" \/>\n<meta name=\"twitter:label1\" content=\"Est. reading time\" \/>\n\t<meta name=\"twitter:data1\" content=\"2 min\u016btes\" \/>\n<script type=\"application\/ld+json\" class=\"yoast-schema-graph\">{\"@context\":\"https:\/\/schema.org\",\"@graph\":[{\"@type\":\"WebPage\",\"@id\":\"https:\/\/fitnsweet.eu\/produktas\/memostar-focus-n30-maisto-papildas-nerimo-mazinimui-savikontrolei-susikaupimui\/\",\"url\":\"https:\/\/fitnsweet.eu\/produktas\/memostar-focus-n30-maisto-papildas-nerimo-mazinimui-savikontrolei-susikaupimui\/\",\"name\":\"MEMOSTAR\u00ae FOCUS N30 maisto papildas nerimo ma\u017einimui, savikontrolei, susikaupimui - Fitnsweet.eu\",\"isPartOf\":{\"@id\":\"https:\/\/fitnsweet.eu\/#website\"},\"primaryImageOfPage\":{\"@id\":\"https:\/\/fitnsweet.eu\/produktas\/memostar-focus-n30-maisto-papildas-nerimo-mazinimui-savikontrolei-susikaupimui\/#primaryimage\"},\"image\":{\"@id\":\"https:\/\/fitnsweet.eu\/produktas\/memostar-focus-n30-maisto-papildas-nerimo-mazinimui-savikontrolei-susikaupimui\/#primaryimage\"},\"thumbnailUrl\":\"https:\/\/fitnsweet.eu\/wp-content\/uploads\/2025\/05\/Memostar-Focus-DOR-DR-scaled.jpg\",\"datePublished\":\"2025-05-21T10:05:50+00:00\",\"dateModified\":\"2026-03-31T09:22:46+00:00\",\"breadcrumb\":{\"@id\":\"https:\/\/fitnsweet.eu\/produktas\/memostar-focus-n30-maisto-papildas-nerimo-mazinimui-savikontrolei-susikaupimui\/#breadcrumb\"},\"inLanguage\":\"lv-LV\",\"potentialAction\":[{\"@type\":\"ReadAction\",\"target\":[\"https:\/\/fitnsweet.eu\/produktas\/memostar-focus-n30-maisto-papildas-nerimo-mazinimui-savikontrolei-susikaupimui\/\"]}]},{\"@type\":\"ImageObject\",\"inLanguage\":\"lv-LV\",\"@id\":\"https:\/\/fitnsweet.eu\/produktas\/memostar-focus-n30-maisto-papildas-nerimo-mazinimui-savikontrolei-susikaupimui\/#primaryimage\",\"url\":\"https:\/\/fitnsweet.eu\/wp-content\/uploads\/2025\/05\/Memostar-Focus-DOR-DR-scaled.jpg\",\"contentUrl\":\"https:\/\/fitnsweet.eu\/wp-content\/uploads\/2025\/05\/Memostar-Focus-DOR-DR-scaled.jpg\",\"width\":2085,\"height\":2560},{\"@type\":\"BreadcrumbList\",\"@id\":\"https:\/\/fitnsweet.eu\/produktas\/memostar-focus-n30-maisto-papildas-nerimo-mazinimui-savikontrolei-susikaupimui\/#breadcrumb\",\"itemListElement\":[{\"@type\":\"ListItem\",\"position\":1,\"name\":\"Home\",\"item\":\"https:\/\/fitnsweet.eu\/\"},{\"@type\":\"ListItem\",\"position\":2,\"name\":\"Produktai\",\"item\":\"https:\/\/fitnsweet.eu\/parduotuve\/\"},{\"@type\":\"ListItem\",\"position\":3,\"name\":\"MEMOSTAR\u00ae FOCUS N30 maisto papildas nerimo ma\u017einimui, savikontrolei, susikaupimui\"}]},{\"@type\":\"WebSite\",\"@id\":\"https:\/\/fitnsweet.eu\/#website\",\"url\":\"https:\/\/fitnsweet.eu\/\",\"name\":\"Fitnsweet.eu\",\"description\":\"Sveika. Saldu. Naudinga.\",\"potentialAction\":[{\"@type\":\"SearchAction\",\"target\":{\"@type\":\"EntryPoint\",\"urlTemplate\":\"https:\/\/fitnsweet.eu\/?s={search_term_string}\"},\"query-input\":{\"@type\":\"PropertyValueSpecification\",\"valueRequired\":true,\"valueName\":\"search_term_string\"}}],\"inLanguage\":\"lv-LV\"}]}<\/script>\n<!-- \/ Yoast SEO plugin. -->","yoast_head_json":{"title":"MEMOSTAR\u00ae FOCUS N30 maisto papildas nerimo ma\u017einimui, savikontrolei, susikaupimui - Fitnsweet.eu","robots":{"index":"index","follow":"follow","max-snippet":"max-snippet:-1","max-image-preview":"max-image-preview:large","max-video-preview":"max-video-preview:-1"},"canonical":"https:\/\/fitnsweet.eu\/lv\/produkts-2\/memostar-focus-n30-maisto-papildas-nerimo-mazinimui-savikontrolei-susikaupimui\/","og_locale":"lv_LV","og_type":"article","og_title":"MEMOSTAR\u00ae FOCUS N30 maisto papildas nerimo ma\u017einimui, savikontrolei, susikaupimui - Fitnsweet.eu","og_description":"NAUJIENA GAMINI\u0172 ASORTIMENTE! Bioaktyvi\u0173 polifenoli\u0173 kompleksas\u00a0Memophenol&#x2122;\u00a0\u2013 mokslo patvirtinta biologi\u0161kai aktyvi augal\u0173 sinergija ir\u00a0klini\u0161kai patvirtinta inovacija\u00a0NERIMO MA\u017dINIMUI, SAVIKONTROLEI, D\u0116MESIO SUTELKIMUI. MEMOSTAR\u00ae FOCUS N30 \u2013 kai galvoje per daug, o \u0161irdyje \u2013 neramu. Dienos per greitos. Galvoje \u2013 triuk\u0161mas. O tau reikia susikaupti, i\u0161b\u016bti ir dar nepamir\u0161ti kv\u0117puoti. MEMOSTAR\u00ae FOCUS \u2013 tai augalinis papildas, kuriame susijungia ramyb\u0117 ir d\u0117mesio a\u0161trumas. Unikalus Memophenol&#x2122; polifenoli\u0173 kompleksas su vynuogi\u0173 ir \u0161ilauogi\u0173 ekstraktais, bakopa (m\u0117lyn\u017eiede ta\u0161kuone) ir melisa veikia sinergi\u0161kai: padeda ma\u017einti \u012ftamp\u0105 bei nerim\u0105, palaiko ai\u0161kesn\u012f m\u0105stym\u0105 ir koncentracij\u0105, saugo l\u0105steles nuo oksidacinio streso, padeda i\u0161laikyti emocin\u0119 pusiausvyr\u0105 net per sud\u0117tingas dienas. 30 paket\u0117li\u0173 po 2,615 g \/ su saldikliu Vienos d\u0117\u017eut\u0117s u\u017etenka 1 m\u0117nesiui! Tinka vaikams nuo 6 met\u0173 ir suaugusiems","og_url":"https:\/\/fitnsweet.eu\/lv\/produkts-2\/memostar-focus-n30-maisto-papildas-nerimo-mazinimui-savikontrolei-susikaupimui\/","og_site_name":"Fitnsweet.eu","article_modified_time":"2026-03-31T09:22:46+00:00","og_image":[{"width":2085,"height":2560,"url":"https:\/\/fitnsweet.eu\/wp-content\/uploads\/2025\/05\/Memostar-Focus-DOR-DR-scaled.jpg","type":"image\/jpeg"}],"twitter_card":"summary_large_image","twitter_misc":{"Est. reading time":"2 min\u016btes"},"schema":{"@context":"https:\/\/schema.org","@graph":[{"@type":"WebPage","@id":"https:\/\/fitnsweet.eu\/produktas\/memostar-focus-n30-maisto-papildas-nerimo-mazinimui-savikontrolei-susikaupimui\/","url":"https:\/\/fitnsweet.eu\/produktas\/memostar-focus-n30-maisto-papildas-nerimo-mazinimui-savikontrolei-susikaupimui\/","name":"MEMOSTAR\u00ae FOCUS N30 maisto papildas nerimo ma\u017einimui, savikontrolei, susikaupimui - Fitnsweet.eu","isPartOf":{"@id":"https:\/\/fitnsweet.eu\/#website"},"primaryImageOfPage":{"@id":"https:\/\/fitnsweet.eu\/produktas\/memostar-focus-n30-maisto-papildas-nerimo-mazinimui-savikontrolei-susikaupimui\/#primaryimage"},"image":{"@id":"https:\/\/fitnsweet.eu\/produktas\/memostar-focus-n30-maisto-papildas-nerimo-mazinimui-savikontrolei-susikaupimui\/#primaryimage"},"thumbnailUrl":"https:\/\/fitnsweet.eu\/wp-content\/uploads\/2025\/05\/Memostar-Focus-DOR-DR-scaled.jpg","datePublished":"2025-05-21T10:05:50+00:00","dateModified":"2026-03-31T09:22:46+00:00","breadcrumb":{"@id":"https:\/\/fitnsweet.eu\/produktas\/memostar-focus-n30-maisto-papildas-nerimo-mazinimui-savikontrolei-susikaupimui\/#breadcrumb"},"inLanguage":"lv-LV","potentialAction":[{"@type":"ReadAction","target":["https:\/\/fitnsweet.eu\/produktas\/memostar-focus-n30-maisto-papildas-nerimo-mazinimui-savikontrolei-susikaupimui\/"]}]},{"@type":"ImageObject","inLanguage":"lv-LV","@id":"https:\/\/fitnsweet.eu\/produktas\/memostar-focus-n30-maisto-papildas-nerimo-mazinimui-savikontrolei-susikaupimui\/#primaryimage","url":"https:\/\/fitnsweet.eu\/wp-content\/uploads\/2025\/05\/Memostar-Focus-DOR-DR-scaled.jpg","contentUrl":"https:\/\/fitnsweet.eu\/wp-content\/uploads\/2025\/05\/Memostar-Focus-DOR-DR-scaled.jpg","width":2085,"height":2560},{"@type":"BreadcrumbList","@id":"https:\/\/fitnsweet.eu\/produktas\/memostar-focus-n30-maisto-papildas-nerimo-mazinimui-savikontrolei-susikaupimui\/#breadcrumb","itemListElement":[{"@type":"ListItem","position":1,"name":"Home","item":"https:\/\/fitnsweet.eu\/"},{"@type":"ListItem","position":2,"name":"Produktai","item":"https:\/\/fitnsweet.eu\/parduotuve\/"},{"@type":"ListItem","position":3,"name":"MEMOSTAR\u00ae FOCUS N30 maisto papildas nerimo ma\u017einimui, savikontrolei, susikaupimui"}]},{"@type":"WebSite","@id":"https:\/\/fitnsweet.eu\/#website","url":"https:\/\/fitnsweet.eu\/","name":"Fitnsweet.eu","description":"Sveiki. Salds. Noder\u012bgi.","potentialAction":[{"@type":"SearchAction","target":{"@type":"EntryPoint","urlTemplate":"https:\/\/fitnsweet.eu\/?s={search_term_string}"},"query-input":{"@type":"PropertyValueSpecification","valueRequired":true,"valueName":"search_term_string"}}],"inLanguage":"lv-LV"}]}},"_links":{"self":[{"href":"https:\/\/fitnsweet.eu\/lv\/wp-json\/wp\/v2\/product\/55163","targetHints":{"allow":["GET"]}}],"collection":[{"href":"https:\/\/fitnsweet.eu\/lv\/wp-json\/wp\/v2\/product"}],"about":[{"href":"https:\/\/fitnsweet.eu\/lv\/wp-json\/wp\/v2\/types\/product"}],"replies":[{"embeddable":true,"href":"https:\/\/fitnsweet.eu\/lv\/wp-json\/wp\/v2\/comments?post=55163"}],"version-history":[{"count":4,"href":"https:\/\/fitnsweet.eu\/lv\/wp-json\/wp\/v2\/product\/55163\/revisions"}],"predecessor-version":[{"id":60290,"href":"https:\/\/fitnsweet.eu\/lv\/wp-json\/wp\/v2\/product\/55163\/revisions\/60290"}],"wp:featuredmedia":[{"embeddable":true,"href":"https:\/\/fitnsweet.eu\/lv\/wp-json\/wp\/v2\/media\/55182"}],"wp:attachment":[{"href":"https:\/\/fitnsweet.eu\/lv\/wp-json\/wp\/v2\/media?parent=55163"}],"wp:term":[{"taxonomy":"product_brand","embeddable":true,"href":"https:\/\/fitnsweet.eu\/lv\/wp-json\/wp\/v2\/product_brand?post=55163"},{"taxonomy":"product_cat","embeddable":true,"href":"https:\/\/fitnsweet.eu\/lv\/wp-json\/wp\/v2\/product_cat?post=55163"},{"taxonomy":"product_tag","embeddable":true,"href":"https:\/\/fitnsweet.eu\/lv\/wp-json\/wp\/v2\/product_tag?post=55163"}],"curies":[{"name":"wp","href":"https:\/\/api.w.org\/{rel}","templated":true}]}}